{"id":10640,"date":"2021-07-30T15:27:26","date_gmt":"2021-07-30T14:27:26","guid":{"rendered":"https:\/\/www.shami-shop.com\/?post_type=product&#038;p=10640"},"modified":"2021-07-30T15:33:32","modified_gmt":"2021-07-30T14:33:32","slug":"hauta-noten-725-1","status":"publish","type":"product","link":"https:\/\/www.shami-shop.com\/de\/produkt\/hauta-noten-725-1\/","title":{"rendered":"Hauta Noten | \u306f\u3046\u305f\u4fd7\u66f2\u96c6 Hauta Zokkyokushuu #1 (gebraucht)"},"content":{"rendered":"<p>Sch\u00f6ne Sammlung von 36 Liedern im Hauta Stil f\u00fcr Shamisen! Notenbuch f\u00fcr Hauta Shamisen, Band 1 von &#8222;<span data-sheets-value=\"{\" data-sheets-userformat=\"{\">Hauta Zokkyokushuu<\/span>&#8220; (\u306f\u3046\u305f\u4fd7\u66f2\u96c6) in Bunkafu (Tabulatur) Notation. Mit Texten auf Japanisch.<\/p>\n<p>Bitte beachten Sie, dass dieses Notenbuch gebraucht ist. Es gibt ein paar Altersflecken und das Papier ist leicht vergilbt. Das Deckblatt ist unten am Buchr\u00fccken leicht eingerissen. Die ersten elf Seiten haben Flecken und Stiftmarkierungen (siehe Fotos). Der Rest des Notenbuchs hat keine Markierungen.<\/p>\n<p>Positionsmarker (Fujaku Strip) auf Seite 15.<\/p>\n","protected":false},"excerpt":{"rendered":"<ul>\n<li>Hauta Stil<\/li>\n<li>Lieder-Sammlung mit 36 St\u00fccken<\/li>\n<li>einfach zu lesende Bunkafu (Tabulatur) Notation<\/li>\n<li>mit japanischen Texten<\/li>\n<li>mit Positionsmarker aus Papier (Fujaku Strip)<\/li>\n<\/ul>\n","protected":false},"featured_media":10360,"template":"","meta":{"_et_pb_use_builder":"off","_et_pb_old_content":"Notenbuch f\u00fcr Hauta Shamisen. Lernen Sie Hauta St\u00fccke auf Shamisen mit Band 2 von \u201c<span data-sheets-value=\"{\" meikyokushuu=\"\" data-sheets-userformat=\"{\">Hauta Zokkyokushuu<\/span>\u201d (\u306f\u3046\u305f\u4fd7\u66f2\u96c6) in Bunkafu (Tabulatur) Notation. Mit Texten auf Japanisch.","_et_gb_content_width":""},"product_brand":[],"product_cat":[130,222],"product_tag":[131,223,133],"class_list":{"0":"post-10640","1":"product","2":"type-product","3":"status-publish","4":"has-post-thumbnail","6":"product_cat-notenhefte","7":"product_cat-hauta-noten","8":"product_tag-bunkafu-de","9":"product_tag-hauta-de","10":"product_tag-noten-de","11":"product_shipping_class-maxibrief-de","13":"first","14":"outofstock","15":"purchasable","16":"product-type-simple"},"yoast_head":"<!-- This site is optimized with the Yoast SEO plugin v26.9 - https:\/\/yoast.com\/product\/yoast-seo-wordpress\/ -->\n<title>Hauta Noten | \u306f\u3046\u305f\u4fd7\u66f2\u96c6 Hauta Zokkyokushuu #1 (gebraucht) - Shami-Shop<\/title>\n<meta name=\"description\" content=\"Notenbuch f\u00fcr eine Sammlung von Hauta Shamisen Liedern. Band 1 von &quot;Hauta Zokkyokushuu&quot; (\u306f\u3046\u305f\u4fd7\u66f2\u96c6). Mit Texten auf Japanisch.\" \/>\n<meta name=\"robots\" content=\"index, follow, max-snippet:-1, max-image-preview:large, max-video-preview:-1\" \/>\n<link rel=\"canonical\" href=\"https:\/\/www.shami-shop.com\/de\/produkt\/hauta-noten-725-1\/\" \/>\n<meta property=\"og:locale\" content=\"de_DE\" \/>\n<meta property=\"og:type\" content=\"article\" \/>\n<meta property=\"og:title\" content=\"Hauta Noten | \u306f\u3046\u305f\u4fd7\u66f2\u96c6 Hauta Zokkyokushuu #1 (gebraucht) - Shami-Shop\" \/>\n<meta property=\"og:description\" content=\"Notenbuch f\u00fcr eine Sammlung von Hauta Shamisen Liedern. Band 1 von &quot;Hauta Zokkyokushuu&quot; (\u306f\u3046\u305f\u4fd7\u66f2\u96c6). Mit Texten auf Japanisch.\" \/>\n<meta property=\"og:url\" content=\"https:\/\/www.shami-shop.com\/de\/produkt\/hauta-noten-725-1\/\" \/>\n<meta property=\"og:site_name\" content=\"Shami-Shop\" \/>\n<meta property=\"article:publisher\" content=\"https:\/\/www.facebook.com\/weloveshamisen\/\" \/>\n<meta property=\"article:modified_time\" content=\"2021-07-30T14:33:32+00:00\" \/>\n<meta property=\"og:image\" content=\"https:\/\/www.shami-shop.com\/wp-content\/uploads\/2021\/07\/HA-725.1-a.png\" \/>\n\t<meta property=\"og:image:width\" content=\"900\" \/>\n\t<meta property=\"og:image:height\" content=\"900\" \/>\n\t<meta property=\"og:image:type\" content=\"image\/png\" \/>\n<meta name=\"twitter:card\" content=\"summary_large_image\" \/>\n<meta name=\"twitter:label1\" content=\"Gesch\u00e4tzte Lesezeit\" \/>\n\t<meta name=\"twitter:data1\" content=\"1\u00a0Minute\" \/>\n<script type=\"application\/ld+json\" class=\"yoast-schema-graph\">{\"@context\":\"https:\/\/schema.org\",\"@graph\":[{\"@type\":[\"WebPage\",\"ItemPage\"],\"@id\":\"https:\/\/www.shami-shop.com\/de\/produkt\/hauta-noten-725-1\/\",\"url\":\"https:\/\/www.shami-shop.com\/de\/produkt\/hauta-noten-725-1\/\",\"name\":\"Hauta Noten | \u306f\u3046\u305f\u4fd7\u66f2\u96c6 Hauta Zokkyokushuu #1 (gebraucht) - Shami-Shop\",\"isPartOf\":{\"@id\":\"https:\/\/www.shami-shop.com\/de\/#website\"},\"primaryImageOfPage\":{\"@id\":\"https:\/\/www.shami-shop.com\/de\/produkt\/hauta-noten-725-1\/#primaryimage\"},\"image\":{\"@id\":\"https:\/\/www.shami-shop.com\/de\/produkt\/hauta-noten-725-1\/#primaryimage\"},\"thumbnailUrl\":\"https:\/\/www.shami-shop.com\/wp-content\/uploads\/2021\/07\/HA-725.1-a.png\",\"datePublished\":\"2021-07-30T14:27:26+00:00\",\"dateModified\":\"2021-07-30T14:33:32+00:00\",\"description\":\"Notenbuch f\u00fcr eine Sammlung von Hauta Shamisen Liedern. Band 1 von \\\"Hauta Zokkyokushuu\\\" (\u306f\u3046\u305f\u4fd7\u66f2\u96c6). Mit Texten auf Japanisch.\",\"breadcrumb\":{\"@id\":\"https:\/\/www.shami-shop.com\/de\/produkt\/hauta-noten-725-1\/#breadcrumb\"},\"inLanguage\":\"de\",\"potentialAction\":[{\"@type\":\"ReadAction\",\"target\":[\"https:\/\/www.shami-shop.com\/de\/produkt\/hauta-noten-725-1\/\"]}]},{\"@type\":\"ImageObject\",\"inLanguage\":\"de\",\"@id\":\"https:\/\/www.shami-shop.com\/de\/produkt\/hauta-noten-725-1\/#primaryimage\",\"url\":\"https:\/\/www.shami-shop.com\/wp-content\/uploads\/2021\/07\/HA-725.1-a.png\",\"contentUrl\":\"https:\/\/www.shami-shop.com\/wp-content\/uploads\/2021\/07\/HA-725.1-a.png\",\"width\":900,\"height\":900},{\"@type\":\"BreadcrumbList\",\"@id\":\"https:\/\/www.shami-shop.com\/de\/produkt\/hauta-noten-725-1\/#breadcrumb\",\"itemListElement\":[{\"@type\":\"ListItem\",\"position\":1,\"name\":\"Startseite\",\"item\":\"https:\/\/www.shami-shop.com\/de\/\"},{\"@type\":\"ListItem\",\"position\":2,\"name\":\"Shop\",\"item\":\"https:\/\/www.shami-shop.com\/de\/shop\/\"},{\"@type\":\"ListItem\",\"position\":3,\"name\":\"Hauta Noten | \u306f\u3046\u305f\u4fd7\u66f2\u96c6 Hauta Zokkyokushuu #1 (gebraucht)\"}]},{\"@type\":\"WebSite\",\"@id\":\"https:\/\/www.shami-shop.com\/de\/#website\",\"url\":\"https:\/\/www.shami-shop.com\/de\/\",\"name\":\"Shami-Shop\",\"description\":\"Alles f\u00fcr den Shamisen-Spieler.\",\"publisher\":{\"@id\":\"https:\/\/www.shami-shop.com\/de\/#organization\"},\"potentialAction\":[{\"@type\":\"SearchAction\",\"target\":{\"@type\":\"EntryPoint\",\"urlTemplate\":\"https:\/\/www.shami-shop.com\/de\/?s={search_term_string}\"},\"query-input\":{\"@type\":\"PropertyValueSpecification\",\"valueRequired\":true,\"valueName\":\"search_term_string\"}}],\"inLanguage\":\"de\"},{\"@type\":\"Organization\",\"@id\":\"https:\/\/www.shami-shop.com\/de\/#organization\",\"name\":\"Shami-Shop\",\"url\":\"https:\/\/www.shami-shop.com\/de\/\",\"logo\":{\"@type\":\"ImageObject\",\"inLanguage\":\"de\",\"@id\":\"https:\/\/www.shami-shop.com\/de\/#\/schema\/logo\/image\/\",\"url\":\"https:\/\/shami-shop.com\/wp-content\/uploads\/2021\/01\/Shami-Shop-Logo-1080.png\",\"contentUrl\":\"https:\/\/shami-shop.com\/wp-content\/uploads\/2021\/01\/Shami-Shop-Logo-1080.png\",\"width\":1080,\"height\":1080,\"caption\":\"Shami-Shop\"},\"image\":{\"@id\":\"https:\/\/www.shami-shop.com\/de\/#\/schema\/logo\/image\/\"},\"sameAs\":[\"https:\/\/www.facebook.com\/weloveshamisen\/\",\"https:\/\/www.instagram.com\/shamishop.europe\/\"]}]}<\/script>\n<!-- \/ Yoast SEO plugin. -->","yoast_head_json":{"title":"Hauta Noten | \u306f\u3046\u305f\u4fd7\u66f2\u96c6 Hauta Zokkyokushuu #1 (gebraucht) - Shami-Shop","description":"Notenbuch f\u00fcr eine Sammlung von Hauta Shamisen Liedern. Band 1 von \"Hauta Zokkyokushuu\" (\u306f\u3046\u305f\u4fd7\u66f2\u96c6). Mit Texten auf Japanisch.","robots":{"index":"index","follow":"follow","max-snippet":"max-snippet:-1","max-image-preview":"max-image-preview:large","max-video-preview":"max-video-preview:-1"},"canonical":"https:\/\/www.shami-shop.com\/de\/produkt\/hauta-noten-725-1\/","og_locale":"de_DE","og_type":"article","og_title":"Hauta Noten | \u306f\u3046\u305f\u4fd7\u66f2\u96c6 Hauta Zokkyokushuu #1 (gebraucht) - Shami-Shop","og_description":"Notenbuch f\u00fcr eine Sammlung von Hauta Shamisen Liedern. Band 1 von \"Hauta Zokkyokushuu\" (\u306f\u3046\u305f\u4fd7\u66f2\u96c6). Mit Texten auf Japanisch.","og_url":"https:\/\/www.shami-shop.com\/de\/produkt\/hauta-noten-725-1\/","og_site_name":"Shami-Shop","article_publisher":"https:\/\/www.facebook.com\/weloveshamisen\/","article_modified_time":"2021-07-30T14:33:32+00:00","og_image":[{"width":900,"height":900,"url":"https:\/\/www.shami-shop.com\/wp-content\/uploads\/2021\/07\/HA-725.1-a.png","type":"image\/png"}],"twitter_card":"summary_large_image","twitter_misc":{"Gesch\u00e4tzte Lesezeit":"1\u00a0Minute"},"schema":{"@context":"https:\/\/schema.org","@graph":[{"@type":["WebPage","ItemPage"],"@id":"https:\/\/www.shami-shop.com\/de\/produkt\/hauta-noten-725-1\/","url":"https:\/\/www.shami-shop.com\/de\/produkt\/hauta-noten-725-1\/","name":"Hauta Noten | \u306f\u3046\u305f\u4fd7\u66f2\u96c6 Hauta Zokkyokushuu #1 (gebraucht) - Shami-Shop","isPartOf":{"@id":"https:\/\/www.shami-shop.com\/de\/#website"},"primaryImageOfPage":{"@id":"https:\/\/www.shami-shop.com\/de\/produkt\/hauta-noten-725-1\/#primaryimage"},"image":{"@id":"https:\/\/www.shami-shop.com\/de\/produkt\/hauta-noten-725-1\/#primaryimage"},"thumbnailUrl":"https:\/\/www.shami-shop.com\/wp-content\/uploads\/2021\/07\/HA-725.1-a.png","datePublished":"2021-07-30T14:27:26+00:00","dateModified":"2021-07-30T14:33:32+00:00","description":"Notenbuch f\u00fcr eine Sammlung von Hauta Shamisen Liedern. Band 1 von \"Hauta Zokkyokushuu\" (\u306f\u3046\u305f\u4fd7\u66f2\u96c6). Mit Texten auf Japanisch.","breadcrumb":{"@id":"https:\/\/www.shami-shop.com\/de\/produkt\/hauta-noten-725-1\/#breadcrumb"},"inLanguage":"de","potentialAction":[{"@type":"ReadAction","target":["https:\/\/www.shami-shop.com\/de\/produkt\/hauta-noten-725-1\/"]}]},{"@type":"ImageObject","inLanguage":"de","@id":"https:\/\/www.shami-shop.com\/de\/produkt\/hauta-noten-725-1\/#primaryimage","url":"https:\/\/www.shami-shop.com\/wp-content\/uploads\/2021\/07\/HA-725.1-a.png","contentUrl":"https:\/\/www.shami-shop.com\/wp-content\/uploads\/2021\/07\/HA-725.1-a.png","width":900,"height":900},{"@type":"BreadcrumbList","@id":"https:\/\/www.shami-shop.com\/de\/produkt\/hauta-noten-725-1\/#breadcrumb","itemListElement":[{"@type":"ListItem","position":1,"name":"Startseite","item":"https:\/\/www.shami-shop.com\/de\/"},{"@type":"ListItem","position":2,"name":"Shop","item":"https:\/\/www.shami-shop.com\/de\/shop\/"},{"@type":"ListItem","position":3,"name":"Hauta Noten | \u306f\u3046\u305f\u4fd7\u66f2\u96c6 Hauta Zokkyokushuu #1 (gebraucht)"}]},{"@type":"WebSite","@id":"https:\/\/www.shami-shop.com\/de\/#website","url":"https:\/\/www.shami-shop.com\/de\/","name":"Shami-Shop","description":"Alles f\u00fcr den Shamisen-Spieler.","publisher":{"@id":"https:\/\/www.shami-shop.com\/de\/#organization"},"potentialAction":[{"@type":"SearchAction","target":{"@type":"EntryPoint","urlTemplate":"https:\/\/www.shami-shop.com\/de\/?s={search_term_string}"},"query-input":{"@type":"PropertyValueSpecification","valueRequired":true,"valueName":"search_term_string"}}],"inLanguage":"de"},{"@type":"Organization","@id":"https:\/\/www.shami-shop.com\/de\/#organization","name":"Shami-Shop","url":"https:\/\/www.shami-shop.com\/de\/","logo":{"@type":"ImageObject","inLanguage":"de","@id":"https:\/\/www.shami-shop.com\/de\/#\/schema\/logo\/image\/","url":"https:\/\/shami-shop.com\/wp-content\/uploads\/2021\/01\/Shami-Shop-Logo-1080.png","contentUrl":"https:\/\/shami-shop.com\/wp-content\/uploads\/2021\/01\/Shami-Shop-Logo-1080.png","width":1080,"height":1080,"caption":"Shami-Shop"},"image":{"@id":"https:\/\/www.shami-shop.com\/de\/#\/schema\/logo\/image\/"},"sameAs":["https:\/\/www.facebook.com\/weloveshamisen\/","https:\/\/www.instagram.com\/shamishop.europe\/"]}]}},"jetpack_sharing_enabled":true,"_links":{"self":[{"href":"https:\/\/www.shami-shop.com\/de\/wp-json\/wp\/v2\/product\/10640","targetHints":{"allow":["GET"]}}],"collection":[{"href":"https:\/\/www.shami-shop.com\/de\/wp-json\/wp\/v2\/product"}],"about":[{"href":"https:\/\/www.shami-shop.com\/de\/wp-json\/wp\/v2\/types\/product"}],"wp:featuredmedia":[{"embeddable":true,"href":"https:\/\/www.shami-shop.com\/de\/wp-json\/wp\/v2\/media\/10360"}],"wp:attachment":[{"href":"https:\/\/www.shami-shop.com\/de\/wp-json\/wp\/v2\/media?parent=10640"}],"wp:term":[{"taxonomy":"product_brand","embeddable":true,"href":"https:\/\/www.shami-shop.com\/de\/wp-json\/wp\/v2\/product_brand?post=10640"},{"taxonomy":"product_cat","embeddable":true,"href":"https:\/\/www.shami-shop.com\/de\/wp-json\/wp\/v2\/product_cat?post=10640"},{"taxonomy":"product_tag","embeddable":true,"href":"https:\/\/www.shami-shop.com\/de\/wp-json\/wp\/v2\/product_tag?post=10640"}],"curies":[{"name":"wp","href":"https:\/\/api.w.org\/{rel}","templated":true}]}}