{"id":10646,"date":"2021-07-30T16:01:17","date_gmt":"2021-07-30T15:01:18","guid":{"rendered":"https:\/\/www.shami-shop.com\/?post_type=product&#038;p=10646"},"modified":"2021-07-30T16:37:42","modified_gmt":"2021-07-30T15:37:42","slug":"nagauta-noten-3335","status":"publish","type":"product","link":"https:\/\/www.shami-shop.com\/de\/produkt\/nagauta-noten-3335\/","title":{"rendered":"Nagauta Noten | \u6652\u5973 Sarashi (gebraucht)"},"content":{"rendered":"<p>Notenbuch f\u00fcr Nagauta Shamisen. Lernen Sie das St\u00fcck &#8222;Sarashi&#8220; f\u00fcr Nagauta Shamisen mit diesem Notenbuch in Bunkafu (Tabulatur) Notation.<\/p>\n<p>Dieses Notenbuch ist gebraucht und hat einige Bleistiftmarkierungen. Das Papier hat einen etwas st\u00e4rkeren Gelbstich als auf den Bildern ersichtlich ist. Auf den hinteren Seiten sind au\u00dferdem ein paar dunkle Flecken.<\/p>\n","protected":false},"excerpt":{"rendered":"<ul>\n<li>Nagauta Stil<\/li>\n<li>einfach zu lesende Bunkafu (Tabulatur) Notation<\/li>\n<li>mit japanischen Texten<\/li>\n<\/ul>\n","protected":false},"featured_media":10478,"template":"","meta":{"_et_pb_use_builder":"","_et_pb_old_content":"","_et_gb_content_width":""},"product_brand":[],"product_cat":[130,145],"product_tag":[131,176,133],"class_list":{"0":"post-10646","1":"product","2":"type-product","3":"status-publish","4":"has-post-thumbnail","6":"product_cat-notenhefte","7":"product_cat-nagauta-noten","8":"product_tag-bunkafu-de","9":"product_tag-nagauta-de","10":"product_tag-noten-de","11":"product_shipping_class-maxibrief-de","13":"first","14":"outofstock","15":"purchasable","16":"product-type-simple"},"yoast_head":"<!-- This site is optimized with the Yoast SEO plugin v26.9 - https:\/\/yoast.com\/product\/yoast-seo-wordpress\/ -->\n<title>Nagauta Noten | \u6652\u5973 Sarashi (gebraucht) - Shami-Shop<\/title>\n<meta name=\"description\" content=\"Notenbuch f\u00fcr Nagauta Shamisen. Lernen Sie das St\u00fcck &quot;Sarashi&quot; f\u00fcr Nagauta Shamisen mit diesem Notenbuch in Bunkafu (Tabulatur) Notation.\" \/>\n<meta name=\"robots\" content=\"index, follow, max-snippet:-1, max-image-preview:large, max-video-preview:-1\" \/>\n<link rel=\"canonical\" href=\"https:\/\/www.shami-shop.com\/de\/produkt\/nagauta-noten-3335\/\" \/>\n<meta property=\"og:locale\" content=\"de_DE\" \/>\n<meta property=\"og:type\" content=\"article\" \/>\n<meta property=\"og:title\" content=\"Nagauta Noten | \u6652\u5973 Sarashi (gebraucht) - Shami-Shop\" \/>\n<meta property=\"og:description\" content=\"Notenbuch f\u00fcr Nagauta Shamisen. Lernen Sie das St\u00fcck &quot;Sarashi&quot; f\u00fcr Nagauta Shamisen mit diesem Notenbuch in Bunkafu (Tabulatur) Notation.\" \/>\n<meta property=\"og:url\" content=\"https:\/\/www.shami-shop.com\/de\/produkt\/nagauta-noten-3335\/\" \/>\n<meta property=\"og:site_name\" content=\"Shami-Shop\" \/>\n<meta property=\"article:publisher\" content=\"https:\/\/www.facebook.com\/weloveshamisen\/\" \/>\n<meta property=\"article:modified_time\" content=\"2021-07-30T15:37:42+00:00\" \/>\n<meta property=\"og:image\" content=\"https:\/\/www.shami-shop.com\/wp-content\/uploads\/2021\/07\/NA-3335-a.png\" \/>\n\t<meta property=\"og:image:width\" content=\"900\" \/>\n\t<meta property=\"og:image:height\" content=\"900\" \/>\n\t<meta property=\"og:image:type\" content=\"image\/png\" \/>\n<meta name=\"twitter:card\" content=\"summary_large_image\" \/>\n<meta name=\"twitter:label1\" content=\"Gesch\u00e4tzte Lesezeit\" \/>\n\t<meta name=\"twitter:data1\" content=\"1\u00a0Minute\" \/>\n<script type=\"application\/ld+json\" class=\"yoast-schema-graph\">{\"@context\":\"https:\/\/schema.org\",\"@graph\":[{\"@type\":[\"WebPage\",\"ItemPage\"],\"@id\":\"https:\/\/www.shami-shop.com\/de\/produkt\/nagauta-noten-3335\/\",\"url\":\"https:\/\/www.shami-shop.com\/de\/produkt\/nagauta-noten-3335\/\",\"name\":\"Nagauta Noten | \u6652\u5973 Sarashi (gebraucht) - Shami-Shop\",\"isPartOf\":{\"@id\":\"https:\/\/www.shami-shop.com\/de\/#website\"},\"primaryImageOfPage\":{\"@id\":\"https:\/\/www.shami-shop.com\/de\/produkt\/nagauta-noten-3335\/#primaryimage\"},\"image\":{\"@id\":\"https:\/\/www.shami-shop.com\/de\/produkt\/nagauta-noten-3335\/#primaryimage\"},\"thumbnailUrl\":\"https:\/\/www.shami-shop.com\/wp-content\/uploads\/2021\/07\/NA-3335-a.png\",\"datePublished\":\"2021-07-30T15:01:18+00:00\",\"dateModified\":\"2021-07-30T15:37:42+00:00\",\"description\":\"Notenbuch f\u00fcr Nagauta Shamisen. Lernen Sie das St\u00fcck \\\"Sarashi\\\" f\u00fcr Nagauta Shamisen mit diesem Notenbuch in Bunkafu (Tabulatur) Notation.\",\"breadcrumb\":{\"@id\":\"https:\/\/www.shami-shop.com\/de\/produkt\/nagauta-noten-3335\/#breadcrumb\"},\"inLanguage\":\"de\",\"potentialAction\":[{\"@type\":\"ReadAction\",\"target\":[\"https:\/\/www.shami-shop.com\/de\/produkt\/nagauta-noten-3335\/\"]}]},{\"@type\":\"ImageObject\",\"inLanguage\":\"de\",\"@id\":\"https:\/\/www.shami-shop.com\/de\/produkt\/nagauta-noten-3335\/#primaryimage\",\"url\":\"https:\/\/www.shami-shop.com\/wp-content\/uploads\/2021\/07\/NA-3335-a.png\",\"contentUrl\":\"https:\/\/www.shami-shop.com\/wp-content\/uploads\/2021\/07\/NA-3335-a.png\",\"width\":900,\"height\":900},{\"@type\":\"BreadcrumbList\",\"@id\":\"https:\/\/www.shami-shop.com\/de\/produkt\/nagauta-noten-3335\/#breadcrumb\",\"itemListElement\":[{\"@type\":\"ListItem\",\"position\":1,\"name\":\"Startseite\",\"item\":\"https:\/\/www.shami-shop.com\/de\/\"},{\"@type\":\"ListItem\",\"position\":2,\"name\":\"Shop\",\"item\":\"https:\/\/www.shami-shop.com\/de\/shop\/\"},{\"@type\":\"ListItem\",\"position\":3,\"name\":\"Nagauta Noten | \u6652\u5973 Sarashi (gebraucht)\"}]},{\"@type\":\"WebSite\",\"@id\":\"https:\/\/www.shami-shop.com\/de\/#website\",\"url\":\"https:\/\/www.shami-shop.com\/de\/\",\"name\":\"Shami-Shop\",\"description\":\"Alles f\u00fcr den Shamisen-Spieler.\",\"publisher\":{\"@id\":\"https:\/\/www.shami-shop.com\/de\/#organization\"},\"potentialAction\":[{\"@type\":\"SearchAction\",\"target\":{\"@type\":\"EntryPoint\",\"urlTemplate\":\"https:\/\/www.shami-shop.com\/de\/?s={search_term_string}\"},\"query-input\":{\"@type\":\"PropertyValueSpecification\",\"valueRequired\":true,\"valueName\":\"search_term_string\"}}],\"inLanguage\":\"de\"},{\"@type\":\"Organization\",\"@id\":\"https:\/\/www.shami-shop.com\/de\/#organization\",\"name\":\"Shami-Shop\",\"url\":\"https:\/\/www.shami-shop.com\/de\/\",\"logo\":{\"@type\":\"ImageObject\",\"inLanguage\":\"de\",\"@id\":\"https:\/\/www.shami-shop.com\/de\/#\/schema\/logo\/image\/\",\"url\":\"https:\/\/shami-shop.com\/wp-content\/uploads\/2021\/01\/Shami-Shop-Logo-1080.png\",\"contentUrl\":\"https:\/\/shami-shop.com\/wp-content\/uploads\/2021\/01\/Shami-Shop-Logo-1080.png\",\"width\":1080,\"height\":1080,\"caption\":\"Shami-Shop\"},\"image\":{\"@id\":\"https:\/\/www.shami-shop.com\/de\/#\/schema\/logo\/image\/\"},\"sameAs\":[\"https:\/\/www.facebook.com\/weloveshamisen\/\",\"https:\/\/www.instagram.com\/shamishop.europe\/\"]}]}<\/script>\n<!-- \/ Yoast SEO plugin. -->","yoast_head_json":{"title":"Nagauta Noten | \u6652\u5973 Sarashi (gebraucht) - Shami-Shop","description":"Notenbuch f\u00fcr Nagauta Shamisen. Lernen Sie das St\u00fcck \"Sarashi\" f\u00fcr Nagauta Shamisen mit diesem Notenbuch in Bunkafu (Tabulatur) Notation.","robots":{"index":"index","follow":"follow","max-snippet":"max-snippet:-1","max-image-preview":"max-image-preview:large","max-video-preview":"max-video-preview:-1"},"canonical":"https:\/\/www.shami-shop.com\/de\/produkt\/nagauta-noten-3335\/","og_locale":"de_DE","og_type":"article","og_title":"Nagauta Noten | \u6652\u5973 Sarashi (gebraucht) - Shami-Shop","og_description":"Notenbuch f\u00fcr Nagauta Shamisen. Lernen Sie das St\u00fcck \"Sarashi\" f\u00fcr Nagauta Shamisen mit diesem Notenbuch in Bunkafu (Tabulatur) Notation.","og_url":"https:\/\/www.shami-shop.com\/de\/produkt\/nagauta-noten-3335\/","og_site_name":"Shami-Shop","article_publisher":"https:\/\/www.facebook.com\/weloveshamisen\/","article_modified_time":"2021-07-30T15:37:42+00:00","og_image":[{"width":900,"height":900,"url":"https:\/\/www.shami-shop.com\/wp-content\/uploads\/2021\/07\/NA-3335-a.png","type":"image\/png"}],"twitter_card":"summary_large_image","twitter_misc":{"Gesch\u00e4tzte Lesezeit":"1\u00a0Minute"},"schema":{"@context":"https:\/\/schema.org","@graph":[{"@type":["WebPage","ItemPage"],"@id":"https:\/\/www.shami-shop.com\/de\/produkt\/nagauta-noten-3335\/","url":"https:\/\/www.shami-shop.com\/de\/produkt\/nagauta-noten-3335\/","name":"Nagauta Noten | \u6652\u5973 Sarashi (gebraucht) - Shami-Shop","isPartOf":{"@id":"https:\/\/www.shami-shop.com\/de\/#website"},"primaryImageOfPage":{"@id":"https:\/\/www.shami-shop.com\/de\/produkt\/nagauta-noten-3335\/#primaryimage"},"image":{"@id":"https:\/\/www.shami-shop.com\/de\/produkt\/nagauta-noten-3335\/#primaryimage"},"thumbnailUrl":"https:\/\/www.shami-shop.com\/wp-content\/uploads\/2021\/07\/NA-3335-a.png","datePublished":"2021-07-30T15:01:18+00:00","dateModified":"2021-07-30T15:37:42+00:00","description":"Notenbuch f\u00fcr Nagauta Shamisen. Lernen Sie das St\u00fcck \"Sarashi\" f\u00fcr Nagauta Shamisen mit diesem Notenbuch in Bunkafu (Tabulatur) Notation.","breadcrumb":{"@id":"https:\/\/www.shami-shop.com\/de\/produkt\/nagauta-noten-3335\/#breadcrumb"},"inLanguage":"de","potentialAction":[{"@type":"ReadAction","target":["https:\/\/www.shami-shop.com\/de\/produkt\/nagauta-noten-3335\/"]}]},{"@type":"ImageObject","inLanguage":"de","@id":"https:\/\/www.shami-shop.com\/de\/produkt\/nagauta-noten-3335\/#primaryimage","url":"https:\/\/www.shami-shop.com\/wp-content\/uploads\/2021\/07\/NA-3335-a.png","contentUrl":"https:\/\/www.shami-shop.com\/wp-content\/uploads\/2021\/07\/NA-3335-a.png","width":900,"height":900},{"@type":"BreadcrumbList","@id":"https:\/\/www.shami-shop.com\/de\/produkt\/nagauta-noten-3335\/#breadcrumb","itemListElement":[{"@type":"ListItem","position":1,"name":"Startseite","item":"https:\/\/www.shami-shop.com\/de\/"},{"@type":"ListItem","position":2,"name":"Shop","item":"https:\/\/www.shami-shop.com\/de\/shop\/"},{"@type":"ListItem","position":3,"name":"Nagauta Noten | \u6652\u5973 Sarashi (gebraucht)"}]},{"@type":"WebSite","@id":"https:\/\/www.shami-shop.com\/de\/#website","url":"https:\/\/www.shami-shop.com\/de\/","name":"Shami-Shop","description":"Alles f\u00fcr den Shamisen-Spieler.","publisher":{"@id":"https:\/\/www.shami-shop.com\/de\/#organization"},"potentialAction":[{"@type":"SearchAction","target":{"@type":"EntryPoint","urlTemplate":"https:\/\/www.shami-shop.com\/de\/?s={search_term_string}"},"query-input":{"@type":"PropertyValueSpecification","valueRequired":true,"valueName":"search_term_string"}}],"inLanguage":"de"},{"@type":"Organization","@id":"https:\/\/www.shami-shop.com\/de\/#organization","name":"Shami-Shop","url":"https:\/\/www.shami-shop.com\/de\/","logo":{"@type":"ImageObject","inLanguage":"de","@id":"https:\/\/www.shami-shop.com\/de\/#\/schema\/logo\/image\/","url":"https:\/\/shami-shop.com\/wp-content\/uploads\/2021\/01\/Shami-Shop-Logo-1080.png","contentUrl":"https:\/\/shami-shop.com\/wp-content\/uploads\/2021\/01\/Shami-Shop-Logo-1080.png","width":1080,"height":1080,"caption":"Shami-Shop"},"image":{"@id":"https:\/\/www.shami-shop.com\/de\/#\/schema\/logo\/image\/"},"sameAs":["https:\/\/www.facebook.com\/weloveshamisen\/","https:\/\/www.instagram.com\/shamishop.europe\/"]}]}},"jetpack_sharing_enabled":true,"_links":{"self":[{"href":"https:\/\/www.shami-shop.com\/de\/wp-json\/wp\/v2\/product\/10646","targetHints":{"allow":["GET"]}}],"collection":[{"href":"https:\/\/www.shami-shop.com\/de\/wp-json\/wp\/v2\/product"}],"about":[{"href":"https:\/\/www.shami-shop.com\/de\/wp-json\/wp\/v2\/types\/product"}],"wp:featuredmedia":[{"embeddable":true,"href":"https:\/\/www.shami-shop.com\/de\/wp-json\/wp\/v2\/media\/10478"}],"wp:attachment":[{"href":"https:\/\/www.shami-shop.com\/de\/wp-json\/wp\/v2\/media?parent=10646"}],"wp:term":[{"taxonomy":"product_brand","embeddable":true,"href":"https:\/\/www.shami-shop.com\/de\/wp-json\/wp\/v2\/product_brand?post=10646"},{"taxonomy":"product_cat","embeddable":true,"href":"https:\/\/www.shami-shop.com\/de\/wp-json\/wp\/v2\/product_cat?post=10646"},{"taxonomy":"product_tag","embeddable":true,"href":"https:\/\/www.shami-shop.com\/de\/wp-json\/wp\/v2\/product_tag?post=10646"}],"curies":[{"name":"wp","href":"https:\/\/api.w.org\/{rel}","templated":true}]}}