{"id":10838,"date":"2021-08-12T16:41:06","date_gmt":"2021-08-12T15:41:06","guid":{"rendered":"https:\/\/www.shami-shop.com\/?post_type=product&#038;p=10838"},"modified":"2022-12-11T08:51:02","modified_gmt":"2022-12-11T07:51:02","slug":"bachi-100","status":"publish","type":"product","link":"https:\/\/www.shami-shop.com\/de\/produkt\/bachi-100\/","title":{"rendered":"FOTOS MACHEN Holz-Bachi Gr\u00f6\u00df S"},"content":{"rendered":"<p>Dieses Bachi aus Holz ist passend f\u00fcr kleinere H\u00e4nde. Es ist sehr angenehm zu halten und macht das Spielen zu einem besonders sch\u00f6nen Erlebnis. Die Ecken sind spitz und das Blatt ist fest.<\/p>\n<p>Bachi aus Holz finden normalerweise als \u00dcbungs-Bachi f\u00fcr den Nagauta-Stil Anwendung. Ich finde, h\u00f6lzerne Bachi eignen sich auch wunderbar f\u00fcr Stile wie Minyo, denn das Holz ist einfach wunderbar angenehm in der Hand und die Flexibilit\u00e4t des Blattes erzeugt ein knackiges Schnalzen. F\u00fcr Tsugaru-Stil ist das Blatt nicht geeignet, weil es l\u00e4ngeren Passagen kr\u00e4ftiger Schl\u00e4ge auf Dauer nicht standhalten wird. Es ist aber ein wunderbares Bachi f\u00fcr den Einstieg, weil die angenehme Griffigkeit des Holzes und das leichte Gewicht es f\u00fcr die Hand einfacher machen, sich an das halten und Schwingen des Bachi zu gew\u00f6hnen &#8211; es f\u00fchlt sich am Anfang einfach alles seltsam an, und da freut sich die Hand \u00fcber den extra Komfort.<\/p>\n<p>Dass das Bachi aus Holz ist, macht es au\u00dferdem besonders einfach, die L\u00e4nge, Breite oder H\u00f6he des Griffs anzupassen, wenn man es perfekt auf die eigene Hand abstimmen m\u00f6chte.<\/p>\n<ul>\n<li>Gewicht: 120 g<\/li>\n<li>Blatt: 9,1 cm<\/li>\n<li>L\u00e4nge: 17,7 cm<\/li>\n<li>Griff Breite (unterstes Ende): 2,4 cm<\/li>\n<li>Griff H\u00f6he (unteres Ende): 2,3 cm<\/li>\n<\/ul>\n","protected":false},"excerpt":{"rendered":"<p><strong>Stil:<\/strong> Nagauta<\/p>\n<p><strong>Blatt:<\/strong> fest<\/p>\n<p><strong>Ma\u00dfe:<\/strong><\/p>\n<ul>\n<li>Gewicht: 120 g<\/li>\n<li>Blatt: 9,1 cm<\/li>\n<li>L\u00e4nge: 17,7 cm<\/li>\n<li>Griff Breite (unterstes Ende): 2,4 cm<\/li>\n<li>Griff H\u00f6he (unteres Ende): 2,3 cm<\/li>\n<\/ul>\n","protected":false},"featured_media":0,"template":"","meta":{"_et_pb_use_builder":"","_et_pb_old_content":"","_et_gb_content_width":""},"product_brand":[],"product_cat":[135,386],"product_tag":[312,176],"class_list":{"0":"post-10838","1":"product","2":"type-product","3":"status-publish","5":"product_cat-bachi-de","6":"product_cat-bachi-nagauta-de","7":"product_tag-bachi-de","8":"product_tag-nagauta-de","9":"product_shipping_class-paket-m-2kg-de","11":"first","12":"outofstock","13":"purchasable","14":"product-type-simple"},"yoast_head":"<!-- This site is optimized with the Yoast SEO plugin v26.9 - https:\/\/yoast.com\/product\/yoast-seo-wordpress\/ -->\n<title>FOTOS MACHEN Holz-Bachi Gr\u00f6\u00df S - Shami-Shop<\/title>\n<meta name=\"description\" content=\"Bachi aus Holz. Sehr angenehm zu halten und einfach anzupassen, wenn der Griff etwas k\u00fcrzer oder schlanker sein soll.\" \/>\n<meta name=\"robots\" content=\"index, follow, max-snippet:-1, max-image-preview:large, max-video-preview:-1\" \/>\n<link rel=\"canonical\" href=\"https:\/\/www.shami-shop.com\/de\/produkt\/bachi-100\/\" \/>\n<meta property=\"og:locale\" content=\"de_DE\" \/>\n<meta property=\"og:type\" content=\"article\" \/>\n<meta property=\"og:title\" content=\"FOTOS MACHEN Holz-Bachi Gr\u00f6\u00df S - Shami-Shop\" \/>\n<meta property=\"og:description\" content=\"Bachi aus Holz. Sehr angenehm zu halten und einfach anzupassen, wenn der Griff etwas k\u00fcrzer oder schlanker sein soll.\" \/>\n<meta property=\"og:url\" content=\"https:\/\/www.shami-shop.com\/de\/produkt\/bachi-100\/\" \/>\n<meta property=\"og:site_name\" content=\"Shami-Shop\" \/>\n<meta property=\"article:publisher\" content=\"https:\/\/www.facebook.com\/weloveshamisen\/\" \/>\n<meta property=\"article:modified_time\" content=\"2022-12-11T07:51:02+00:00\" \/>\n<meta name=\"twitter:card\" content=\"summary_large_image\" \/>\n<meta name=\"twitter:label1\" content=\"Gesch\u00e4tzte Lesezeit\" \/>\n\t<meta name=\"twitter:data1\" content=\"1\u00a0Minute\" \/>\n<script type=\"application\/ld+json\" class=\"yoast-schema-graph\">{\"@context\":\"https:\/\/schema.org\",\"@graph\":[{\"@type\":[\"WebPage\",\"ItemPage\"],\"@id\":\"https:\/\/www.shami-shop.com\/de\/produkt\/bachi-100\/\",\"url\":\"https:\/\/www.shami-shop.com\/de\/produkt\/bachi-100\/\",\"name\":\"FOTOS MACHEN Holz-Bachi Gr\u00f6\u00df S - Shami-Shop\",\"isPartOf\":{\"@id\":\"https:\/\/www.shami-shop.com\/de\/#website\"},\"datePublished\":\"2021-08-12T15:41:06+00:00\",\"dateModified\":\"2022-12-11T07:51:02+00:00\",\"description\":\"Bachi aus Holz. Sehr angenehm zu halten und einfach anzupassen, wenn der Griff etwas k\u00fcrzer oder schlanker sein soll.\",\"breadcrumb\":{\"@id\":\"https:\/\/www.shami-shop.com\/de\/produkt\/bachi-100\/#breadcrumb\"},\"inLanguage\":\"de\",\"potentialAction\":[{\"@type\":\"ReadAction\",\"target\":[\"https:\/\/www.shami-shop.com\/de\/produkt\/bachi-100\/\"]}]},{\"@type\":\"BreadcrumbList\",\"@id\":\"https:\/\/www.shami-shop.com\/de\/produkt\/bachi-100\/#breadcrumb\",\"itemListElement\":[{\"@type\":\"ListItem\",\"position\":1,\"name\":\"Startseite\",\"item\":\"https:\/\/www.shami-shop.com\/de\/\"},{\"@type\":\"ListItem\",\"position\":2,\"name\":\"Shop\",\"item\":\"https:\/\/www.shami-shop.com\/de\/shop\/\"},{\"@type\":\"ListItem\",\"position\":3,\"name\":\"FOTOS MACHEN Holz-Bachi Gr\u00f6\u00df S\"}]},{\"@type\":\"WebSite\",\"@id\":\"https:\/\/www.shami-shop.com\/de\/#website\",\"url\":\"https:\/\/www.shami-shop.com\/de\/\",\"name\":\"Shami-Shop\",\"description\":\"Alles f\u00fcr den Shamisen-Spieler.\",\"publisher\":{\"@id\":\"https:\/\/www.shami-shop.com\/de\/#organization\"},\"potentialAction\":[{\"@type\":\"SearchAction\",\"target\":{\"@type\":\"EntryPoint\",\"urlTemplate\":\"https:\/\/www.shami-shop.com\/de\/?s={search_term_string}\"},\"query-input\":{\"@type\":\"PropertyValueSpecification\",\"valueRequired\":true,\"valueName\":\"search_term_string\"}}],\"inLanguage\":\"de\"},{\"@type\":\"Organization\",\"@id\":\"https:\/\/www.shami-shop.com\/de\/#organization\",\"name\":\"Shami-Shop\",\"url\":\"https:\/\/www.shami-shop.com\/de\/\",\"logo\":{\"@type\":\"ImageObject\",\"inLanguage\":\"de\",\"@id\":\"https:\/\/www.shami-shop.com\/de\/#\/schema\/logo\/image\/\",\"url\":\"https:\/\/shami-shop.com\/wp-content\/uploads\/2021\/01\/Shami-Shop-Logo-1080.png\",\"contentUrl\":\"https:\/\/shami-shop.com\/wp-content\/uploads\/2021\/01\/Shami-Shop-Logo-1080.png\",\"width\":1080,\"height\":1080,\"caption\":\"Shami-Shop\"},\"image\":{\"@id\":\"https:\/\/www.shami-shop.com\/de\/#\/schema\/logo\/image\/\"},\"sameAs\":[\"https:\/\/www.facebook.com\/weloveshamisen\/\",\"https:\/\/www.instagram.com\/shamishop.europe\/\"]}]}<\/script>\n<!-- \/ Yoast SEO plugin. -->","yoast_head_json":{"title":"FOTOS MACHEN Holz-Bachi Gr\u00f6\u00df S - Shami-Shop","description":"Bachi aus Holz. Sehr angenehm zu halten und einfach anzupassen, wenn der Griff etwas k\u00fcrzer oder schlanker sein soll.","robots":{"index":"index","follow":"follow","max-snippet":"max-snippet:-1","max-image-preview":"max-image-preview:large","max-video-preview":"max-video-preview:-1"},"canonical":"https:\/\/www.shami-shop.com\/de\/produkt\/bachi-100\/","og_locale":"de_DE","og_type":"article","og_title":"FOTOS MACHEN Holz-Bachi Gr\u00f6\u00df S - Shami-Shop","og_description":"Bachi aus Holz. Sehr angenehm zu halten und einfach anzupassen, wenn der Griff etwas k\u00fcrzer oder schlanker sein soll.","og_url":"https:\/\/www.shami-shop.com\/de\/produkt\/bachi-100\/","og_site_name":"Shami-Shop","article_publisher":"https:\/\/www.facebook.com\/weloveshamisen\/","article_modified_time":"2022-12-11T07:51:02+00:00","twitter_card":"summary_large_image","twitter_misc":{"Gesch\u00e4tzte Lesezeit":"1\u00a0Minute"},"schema":{"@context":"https:\/\/schema.org","@graph":[{"@type":["WebPage","ItemPage"],"@id":"https:\/\/www.shami-shop.com\/de\/produkt\/bachi-100\/","url":"https:\/\/www.shami-shop.com\/de\/produkt\/bachi-100\/","name":"FOTOS MACHEN Holz-Bachi Gr\u00f6\u00df S - Shami-Shop","isPartOf":{"@id":"https:\/\/www.shami-shop.com\/de\/#website"},"datePublished":"2021-08-12T15:41:06+00:00","dateModified":"2022-12-11T07:51:02+00:00","description":"Bachi aus Holz. Sehr angenehm zu halten und einfach anzupassen, wenn der Griff etwas k\u00fcrzer oder schlanker sein soll.","breadcrumb":{"@id":"https:\/\/www.shami-shop.com\/de\/produkt\/bachi-100\/#breadcrumb"},"inLanguage":"de","potentialAction":[{"@type":"ReadAction","target":["https:\/\/www.shami-shop.com\/de\/produkt\/bachi-100\/"]}]},{"@type":"BreadcrumbList","@id":"https:\/\/www.shami-shop.com\/de\/produkt\/bachi-100\/#breadcrumb","itemListElement":[{"@type":"ListItem","position":1,"name":"Startseite","item":"https:\/\/www.shami-shop.com\/de\/"},{"@type":"ListItem","position":2,"name":"Shop","item":"https:\/\/www.shami-shop.com\/de\/shop\/"},{"@type":"ListItem","position":3,"name":"FOTOS MACHEN Holz-Bachi Gr\u00f6\u00df S"}]},{"@type":"WebSite","@id":"https:\/\/www.shami-shop.com\/de\/#website","url":"https:\/\/www.shami-shop.com\/de\/","name":"Shami-Shop","description":"Alles f\u00fcr den Shamisen-Spieler.","publisher":{"@id":"https:\/\/www.shami-shop.com\/de\/#organization"},"potentialAction":[{"@type":"SearchAction","target":{"@type":"EntryPoint","urlTemplate":"https:\/\/www.shami-shop.com\/de\/?s={search_term_string}"},"query-input":{"@type":"PropertyValueSpecification","valueRequired":true,"valueName":"search_term_string"}}],"inLanguage":"de"},{"@type":"Organization","@id":"https:\/\/www.shami-shop.com\/de\/#organization","name":"Shami-Shop","url":"https:\/\/www.shami-shop.com\/de\/","logo":{"@type":"ImageObject","inLanguage":"de","@id":"https:\/\/www.shami-shop.com\/de\/#\/schema\/logo\/image\/","url":"https:\/\/shami-shop.com\/wp-content\/uploads\/2021\/01\/Shami-Shop-Logo-1080.png","contentUrl":"https:\/\/shami-shop.com\/wp-content\/uploads\/2021\/01\/Shami-Shop-Logo-1080.png","width":1080,"height":1080,"caption":"Shami-Shop"},"image":{"@id":"https:\/\/www.shami-shop.com\/de\/#\/schema\/logo\/image\/"},"sameAs":["https:\/\/www.facebook.com\/weloveshamisen\/","https:\/\/www.instagram.com\/shamishop.europe\/"]}]}},"jetpack_sharing_enabled":true,"_links":{"self":[{"href":"https:\/\/www.shami-shop.com\/de\/wp-json\/wp\/v2\/product\/10838","targetHints":{"allow":["GET"]}}],"collection":[{"href":"https:\/\/www.shami-shop.com\/de\/wp-json\/wp\/v2\/product"}],"about":[{"href":"https:\/\/www.shami-shop.com\/de\/wp-json\/wp\/v2\/types\/product"}],"wp:attachment":[{"href":"https:\/\/www.shami-shop.com\/de\/wp-json\/wp\/v2\/media?parent=10838"}],"wp:term":[{"taxonomy":"product_brand","embeddable":true,"href":"https:\/\/www.shami-shop.com\/de\/wp-json\/wp\/v2\/product_brand?post=10838"},{"taxonomy":"product_cat","embeddable":true,"href":"https:\/\/www.shami-shop.com\/de\/wp-json\/wp\/v2\/product_cat?post=10838"},{"taxonomy":"product_tag","embeddable":true,"href":"https:\/\/www.shami-shop.com\/de\/wp-json\/wp\/v2\/product_tag?post=10838"}],"curies":[{"name":"wp","href":"https:\/\/api.w.org\/{rel}","templated":true}]}}