{"id":10866,"date":"2026-01-24T08:27:05","date_gmt":"2026-01-24T07:27:05","guid":{"rendered":"https:\/\/www.shami-shop.com\/?post_type=product&#038;p=10866"},"modified":"2026-01-26T02:56:49","modified_gmt":"2026-01-26T01:56:49","slug":"minyo-bachi-91","status":"publish","type":"product","link":"https:\/\/www.shami-shop.com\/de\/produkt\/minyo-bachi-91\/","title":{"rendered":"Minyo Bachi Gr\u00f6\u00dfe S\/M"},"content":{"rendered":"<p>Dieses gebrauchte Kunststoff-Bachi hat eine feste Schlagfl\u00e4che und ist sehr leicht. Die Ecken sind in sehr gutem Zustand, allerdings gibt es einen (nicht offenen) Riss im Griff (siehe Fotos). Ist es mal runtergefallen? Vielleicht! Auf jeden Fall bekommst du wegen dieses Makels einen ordentlichen Rabatt.<\/p>\n<p>Diese Art von Bachi wird typischerweise f\u00fcr Minyo-Stil benutzt. Im Vergleich zu Tsugaru Bachi ist diese Art von Bachi insgesamt gr\u00f6\u00dfer.<\/p>\n","protected":false},"excerpt":{"rendered":"<p>Stil: Minyo<\/p>\n<p><strong>Gr\u00f6\u00dfe:<\/strong> S\/M<\/p>\n<p>Blatt: fest<\/p>\n<p><strong>Gewicht:<\/strong> leicht<\/p>\n<p><strong>Ma\u00dfe:<\/strong><\/p>\n<ul>\n<li>Gewicht: 92 g<\/li>\n<li>Blatt: 8,8 cm<\/li>\n<li>L\u00e4nge: 19,5 cm<\/li>\n<li>Griff Breite (unterstes Ende): 2,4 cm<\/li>\n<li>Griff H\u00f6he (unteres Ende): 2,4 cm<\/li>\n<\/ul>\n","protected":false},"featured_media":23632,"template":"","meta":{"_et_pb_use_builder":"","_et_pb_old_content":"","_et_gb_content_width":""},"product_brand":[],"product_cat":[135,385,404],"product_tag":[312,176],"class_list":{"0":"post-10866","1":"product","2":"type-product","3":"status-publish","4":"has-post-thumbnail","6":"product_cat-bachi-de","7":"product_cat-bachi-minyo-de","8":"product_cat-minyo-stil","9":"product_tag-bachi-de","10":"product_tag-nagauta-de","11":"product_shipping_class-paket-m-2kg-de","13":"first","14":"outofstock","15":"purchasable","16":"product-type-simple"},"yoast_head":"<!-- This site is optimized with the Yoast SEO plugin v26.9 - https:\/\/yoast.com\/product\/yoast-seo-wordpress\/ -->\n<title>Minyo Bachi Gr\u00f6\u00dfe S\/M - Shami-Shop<\/title>\n<meta name=\"description\" content=\"Minyo Bachi aus Kunststoff. Diese Art von Bachi hat in etwa die Gr\u00f6\u00dfe eines Nagauta Bachi, ist aber robuster. Versand direkt aus Berlin.\" \/>\n<meta name=\"robots\" content=\"index, follow, max-snippet:-1, max-image-preview:large, max-video-preview:-1\" \/>\n<link rel=\"canonical\" href=\"https:\/\/www.shami-shop.com\/de\/produkt\/minyo-bachi-91\/\" \/>\n<meta property=\"og:locale\" content=\"de_DE\" \/>\n<meta property=\"og:type\" content=\"article\" \/>\n<meta property=\"og:title\" content=\"Minyo Bachi Gr\u00f6\u00dfe S\/M - Shami-Shop\" \/>\n<meta property=\"og:description\" content=\"Minyo Bachi aus Kunststoff. Diese Art von Bachi hat in etwa die Gr\u00f6\u00dfe eines Nagauta Bachi, ist aber robuster. Versand direkt aus Berlin.\" \/>\n<meta property=\"og:url\" content=\"https:\/\/www.shami-shop.com\/de\/produkt\/minyo-bachi-91\/\" \/>\n<meta property=\"og:site_name\" content=\"Shami-Shop\" \/>\n<meta property=\"article:publisher\" content=\"https:\/\/www.facebook.com\/weloveshamisen\/\" \/>\n<meta property=\"article:modified_time\" content=\"2026-01-26T01:56:49+00:00\" \/>\n<meta property=\"og:image\" content=\"https:\/\/www.shami-shop.com\/wp-content\/uploads\/2024\/04\/B-155-B.png\" \/>\n\t<meta property=\"og:image:width\" content=\"950\" \/>\n\t<meta property=\"og:image:height\" content=\"633\" \/>\n\t<meta property=\"og:image:type\" content=\"image\/png\" \/>\n<meta name=\"twitter:card\" content=\"summary_large_image\" \/>\n<script type=\"application\/ld+json\" class=\"yoast-schema-graph\">{\"@context\":\"https:\/\/schema.org\",\"@graph\":[{\"@type\":[\"WebPage\",\"ItemPage\"],\"@id\":\"https:\/\/www.shami-shop.com\/de\/produkt\/minyo-bachi-91\/\",\"url\":\"https:\/\/www.shami-shop.com\/de\/produkt\/minyo-bachi-91\/\",\"name\":\"Minyo Bachi Gr\u00f6\u00dfe S\/M - Shami-Shop\",\"isPartOf\":{\"@id\":\"https:\/\/www.shami-shop.com\/de\/#website\"},\"primaryImageOfPage\":{\"@id\":\"https:\/\/www.shami-shop.com\/de\/produkt\/minyo-bachi-91\/#primaryimage\"},\"image\":{\"@id\":\"https:\/\/www.shami-shop.com\/de\/produkt\/minyo-bachi-91\/#primaryimage\"},\"thumbnailUrl\":\"https:\/\/www.shami-shop.com\/wp-content\/uploads\/2024\/04\/B-155-B.png\",\"datePublished\":\"2026-01-24T07:27:05+00:00\",\"dateModified\":\"2026-01-26T01:56:49+00:00\",\"description\":\"Minyo Bachi aus Kunststoff. Diese Art von Bachi hat in etwa die Gr\u00f6\u00dfe eines Nagauta Bachi, ist aber robuster. Versand direkt aus Berlin.\",\"breadcrumb\":{\"@id\":\"https:\/\/www.shami-shop.com\/de\/produkt\/minyo-bachi-91\/#breadcrumb\"},\"inLanguage\":\"de\",\"potentialAction\":[{\"@type\":\"ReadAction\",\"target\":[\"https:\/\/www.shami-shop.com\/de\/produkt\/minyo-bachi-91\/\"]}]},{\"@type\":\"ImageObject\",\"inLanguage\":\"de\",\"@id\":\"https:\/\/www.shami-shop.com\/de\/produkt\/minyo-bachi-91\/#primaryimage\",\"url\":\"https:\/\/www.shami-shop.com\/wp-content\/uploads\/2024\/04\/B-155-B.png\",\"contentUrl\":\"https:\/\/www.shami-shop.com\/wp-content\/uploads\/2024\/04\/B-155-B.png\",\"width\":950,\"height\":633},{\"@type\":\"BreadcrumbList\",\"@id\":\"https:\/\/www.shami-shop.com\/de\/produkt\/minyo-bachi-91\/#breadcrumb\",\"itemListElement\":[{\"@type\":\"ListItem\",\"position\":1,\"name\":\"Startseite\",\"item\":\"https:\/\/www.shami-shop.com\/de\/\"},{\"@type\":\"ListItem\",\"position\":2,\"name\":\"Shop\",\"item\":\"https:\/\/www.shami-shop.com\/de\/shop\/\"},{\"@type\":\"ListItem\",\"position\":3,\"name\":\"Minyo Bachi Gr\u00f6\u00dfe S\/M\"}]},{\"@type\":\"WebSite\",\"@id\":\"https:\/\/www.shami-shop.com\/de\/#website\",\"url\":\"https:\/\/www.shami-shop.com\/de\/\",\"name\":\"Shami-Shop\",\"description\":\"Alles f\u00fcr den Shamisen-Spieler.\",\"publisher\":{\"@id\":\"https:\/\/www.shami-shop.com\/de\/#organization\"},\"potentialAction\":[{\"@type\":\"SearchAction\",\"target\":{\"@type\":\"EntryPoint\",\"urlTemplate\":\"https:\/\/www.shami-shop.com\/de\/?s={search_term_string}\"},\"query-input\":{\"@type\":\"PropertyValueSpecification\",\"valueRequired\":true,\"valueName\":\"search_term_string\"}}],\"inLanguage\":\"de\"},{\"@type\":\"Organization\",\"@id\":\"https:\/\/www.shami-shop.com\/de\/#organization\",\"name\":\"Shami-Shop\",\"url\":\"https:\/\/www.shami-shop.com\/de\/\",\"logo\":{\"@type\":\"ImageObject\",\"inLanguage\":\"de\",\"@id\":\"https:\/\/www.shami-shop.com\/de\/#\/schema\/logo\/image\/\",\"url\":\"https:\/\/shami-shop.com\/wp-content\/uploads\/2021\/01\/Shami-Shop-Logo-1080.png\",\"contentUrl\":\"https:\/\/shami-shop.com\/wp-content\/uploads\/2021\/01\/Shami-Shop-Logo-1080.png\",\"width\":1080,\"height\":1080,\"caption\":\"Shami-Shop\"},\"image\":{\"@id\":\"https:\/\/www.shami-shop.com\/de\/#\/schema\/logo\/image\/\"},\"sameAs\":[\"https:\/\/www.facebook.com\/weloveshamisen\/\",\"https:\/\/www.instagram.com\/shamishop.europe\/\"]}]}<\/script>\n<!-- \/ Yoast SEO plugin. -->","yoast_head_json":{"title":"Minyo Bachi Gr\u00f6\u00dfe S\/M - Shami-Shop","description":"Minyo Bachi aus Kunststoff. Diese Art von Bachi hat in etwa die Gr\u00f6\u00dfe eines Nagauta Bachi, ist aber robuster. Versand direkt aus Berlin.","robots":{"index":"index","follow":"follow","max-snippet":"max-snippet:-1","max-image-preview":"max-image-preview:large","max-video-preview":"max-video-preview:-1"},"canonical":"https:\/\/www.shami-shop.com\/de\/produkt\/minyo-bachi-91\/","og_locale":"de_DE","og_type":"article","og_title":"Minyo Bachi Gr\u00f6\u00dfe S\/M - Shami-Shop","og_description":"Minyo Bachi aus Kunststoff. Diese Art von Bachi hat in etwa die Gr\u00f6\u00dfe eines Nagauta Bachi, ist aber robuster. Versand direkt aus Berlin.","og_url":"https:\/\/www.shami-shop.com\/de\/produkt\/minyo-bachi-91\/","og_site_name":"Shami-Shop","article_publisher":"https:\/\/www.facebook.com\/weloveshamisen\/","article_modified_time":"2026-01-26T01:56:49+00:00","og_image":[{"width":950,"height":633,"url":"https:\/\/www.shami-shop.com\/wp-content\/uploads\/2024\/04\/B-155-B.png","type":"image\/png"}],"twitter_card":"summary_large_image","schema":{"@context":"https:\/\/schema.org","@graph":[{"@type":["WebPage","ItemPage"],"@id":"https:\/\/www.shami-shop.com\/de\/produkt\/minyo-bachi-91\/","url":"https:\/\/www.shami-shop.com\/de\/produkt\/minyo-bachi-91\/","name":"Minyo Bachi Gr\u00f6\u00dfe S\/M - Shami-Shop","isPartOf":{"@id":"https:\/\/www.shami-shop.com\/de\/#website"},"primaryImageOfPage":{"@id":"https:\/\/www.shami-shop.com\/de\/produkt\/minyo-bachi-91\/#primaryimage"},"image":{"@id":"https:\/\/www.shami-shop.com\/de\/produkt\/minyo-bachi-91\/#primaryimage"},"thumbnailUrl":"https:\/\/www.shami-shop.com\/wp-content\/uploads\/2024\/04\/B-155-B.png","datePublished":"2026-01-24T07:27:05+00:00","dateModified":"2026-01-26T01:56:49+00:00","description":"Minyo Bachi aus Kunststoff. Diese Art von Bachi hat in etwa die Gr\u00f6\u00dfe eines Nagauta Bachi, ist aber robuster. Versand direkt aus Berlin.","breadcrumb":{"@id":"https:\/\/www.shami-shop.com\/de\/produkt\/minyo-bachi-91\/#breadcrumb"},"inLanguage":"de","potentialAction":[{"@type":"ReadAction","target":["https:\/\/www.shami-shop.com\/de\/produkt\/minyo-bachi-91\/"]}]},{"@type":"ImageObject","inLanguage":"de","@id":"https:\/\/www.shami-shop.com\/de\/produkt\/minyo-bachi-91\/#primaryimage","url":"https:\/\/www.shami-shop.com\/wp-content\/uploads\/2024\/04\/B-155-B.png","contentUrl":"https:\/\/www.shami-shop.com\/wp-content\/uploads\/2024\/04\/B-155-B.png","width":950,"height":633},{"@type":"BreadcrumbList","@id":"https:\/\/www.shami-shop.com\/de\/produkt\/minyo-bachi-91\/#breadcrumb","itemListElement":[{"@type":"ListItem","position":1,"name":"Startseite","item":"https:\/\/www.shami-shop.com\/de\/"},{"@type":"ListItem","position":2,"name":"Shop","item":"https:\/\/www.shami-shop.com\/de\/shop\/"},{"@type":"ListItem","position":3,"name":"Minyo Bachi Gr\u00f6\u00dfe S\/M"}]},{"@type":"WebSite","@id":"https:\/\/www.shami-shop.com\/de\/#website","url":"https:\/\/www.shami-shop.com\/de\/","name":"Shami-Shop","description":"Alles f\u00fcr den Shamisen-Spieler.","publisher":{"@id":"https:\/\/www.shami-shop.com\/de\/#organization"},"potentialAction":[{"@type":"SearchAction","target":{"@type":"EntryPoint","urlTemplate":"https:\/\/www.shami-shop.com\/de\/?s={search_term_string}"},"query-input":{"@type":"PropertyValueSpecification","valueRequired":true,"valueName":"search_term_string"}}],"inLanguage":"de"},{"@type":"Organization","@id":"https:\/\/www.shami-shop.com\/de\/#organization","name":"Shami-Shop","url":"https:\/\/www.shami-shop.com\/de\/","logo":{"@type":"ImageObject","inLanguage":"de","@id":"https:\/\/www.shami-shop.com\/de\/#\/schema\/logo\/image\/","url":"https:\/\/shami-shop.com\/wp-content\/uploads\/2021\/01\/Shami-Shop-Logo-1080.png","contentUrl":"https:\/\/shami-shop.com\/wp-content\/uploads\/2021\/01\/Shami-Shop-Logo-1080.png","width":1080,"height":1080,"caption":"Shami-Shop"},"image":{"@id":"https:\/\/www.shami-shop.com\/de\/#\/schema\/logo\/image\/"},"sameAs":["https:\/\/www.facebook.com\/weloveshamisen\/","https:\/\/www.instagram.com\/shamishop.europe\/"]}]}},"jetpack_sharing_enabled":true,"_links":{"self":[{"href":"https:\/\/www.shami-shop.com\/de\/wp-json\/wp\/v2\/product\/10866","targetHints":{"allow":["GET"]}}],"collection":[{"href":"https:\/\/www.shami-shop.com\/de\/wp-json\/wp\/v2\/product"}],"about":[{"href":"https:\/\/www.shami-shop.com\/de\/wp-json\/wp\/v2\/types\/product"}],"wp:featuredmedia":[{"embeddable":true,"href":"https:\/\/www.shami-shop.com\/de\/wp-json\/wp\/v2\/media\/23632"}],"wp:attachment":[{"href":"https:\/\/www.shami-shop.com\/de\/wp-json\/wp\/v2\/media?parent=10866"}],"wp:term":[{"taxonomy":"product_brand","embeddable":true,"href":"https:\/\/www.shami-shop.com\/de\/wp-json\/wp\/v2\/product_brand?post=10866"},{"taxonomy":"product_cat","embeddable":true,"href":"https:\/\/www.shami-shop.com\/de\/wp-json\/wp\/v2\/product_cat?post=10866"},{"taxonomy":"product_tag","embeddable":true,"href":"https:\/\/www.shami-shop.com\/de\/wp-json\/wp\/v2\/product_tag?post=10866"}],"curies":[{"name":"wp","href":"https:\/\/api.w.org\/{rel}","templated":true}]}}