{"id":10868,"date":"2021-08-14T08:42:41","date_gmt":"2021-08-14T07:42:41","guid":{"rendered":"https:\/\/www.shami-shop.com\/?post_type=product&#038;p=10868"},"modified":"2022-12-11T07:39:44","modified_gmt":"2022-12-11T06:39:44","slug":"nagauta-bachi-88","status":"publish","type":"product","link":"https:\/\/www.shami-shop.com\/de\/produkt\/nagauta-bachi-88\/","title":{"rendered":"Nagauta Bachi Gr\u00f6\u00dfe M\/L"},"content":{"rendered":"<p>Dieses Kunststoffbachi hat ein d\u00fcnnes und flexibles Blatt. Mit einem solchen Bachi sollte man keine harten perkussiven Techniken spielen (wie Tsugaru-Stil), damit die Ecken nicht abbrechen. Das Ende des Griffs hat einen Riss. Deshalb gibt es dieses Bachi zu einem unschlagbaren Preis! Die Ecken sind in exzellentem Zustand &#8211; diese Change sollte man sich nicht entgehen lassen!<\/p>\n<p>Diese Art von Bachi wird typischerweise f\u00fcr Nagauta Stil verwendet. Kunststoff ist unter Sch\u00fclern und Anf\u00e4ngern weit verbreitet, weil das klassische Elfenbein-Bachi, das von fortgeschrittenen Spielern und f\u00fcr Auftritte benutzt wird, sehr schwer zu bekommen und auch sehr teuer ist.<\/p>\n<ul>\n<li>Gewicht: 114 g<\/li>\n<li>Blatt: 9,8 cm<\/li>\n<li>L\u00e4nge: 19,3 cm<\/li>\n<li>Griff Breite (unterstes Ende): 2,4 cm<\/li>\n<li>Griff H\u00f6he (unterstes Ende): 2,5 cm<\/li>\n<\/ul>\n","protected":false},"excerpt":{"rendered":"<p><strong>Stil:<\/strong> Nagauta<\/p>\n<p><strong>Blatt:<\/strong> flexibel<\/p>\n<p><strong>Abmessungen:<\/strong><\/p>\n<ul>\n<li>Gewicht: 114 g<\/li>\n<li>Blatt: 9,8 cm<\/li>\n<li>L\u00e4nge: 19,3 cm<\/li>\n<li>Griff Breite (unterstes Ende): 2,4 cm<\/li>\n<li>Griff H\u00f6he (unterstes Ende): 2,5 cm<\/li>\n<\/ul>\n","protected":false},"featured_media":0,"template":"","meta":{"_et_pb_use_builder":"","_et_pb_old_content":"","_et_gb_content_width":""},"product_brand":[],"product_cat":[135,386],"product_tag":[312,176],"class_list":{"0":"post-10868","1":"product","2":"type-product","3":"status-publish","5":"product_cat-bachi-de","6":"product_cat-bachi-nagauta-de","7":"product_tag-bachi-de","8":"product_tag-nagauta-de","9":"product_shipping_class-paket-m-2kg-de","11":"first","12":"outofstock","13":"purchasable","14":"product-type-simple"},"yoast_head":"<!-- This site is optimized with the Yoast SEO plugin v26.9 - https:\/\/yoast.com\/product\/yoast-seo-wordpress\/ -->\n<title>Nagauta Bachi Gr\u00f6\u00dfe M\/L - Shami-Shop<\/title>\n<meta name=\"description\" content=\"Nagauta Bachi aus Kunststoff. Diese Art von Bachi ist von den Ma\u00dfen her ungef\u00e4hr wie ein Minyo Bachi. Versand direkt aus Berlin.\" \/>\n<meta name=\"robots\" content=\"index, follow, max-snippet:-1, max-image-preview:large, max-video-preview:-1\" \/>\n<link rel=\"canonical\" href=\"https:\/\/www.shami-shop.com\/de\/produkt\/nagauta-bachi-88\/\" \/>\n<meta property=\"og:locale\" content=\"de_DE\" \/>\n<meta property=\"og:type\" content=\"article\" \/>\n<meta property=\"og:title\" content=\"Nagauta Bachi Gr\u00f6\u00dfe M\/L - Shami-Shop\" \/>\n<meta property=\"og:description\" content=\"Nagauta Bachi aus Kunststoff. Diese Art von Bachi ist von den Ma\u00dfen her ungef\u00e4hr wie ein Minyo Bachi. Versand direkt aus Berlin.\" \/>\n<meta property=\"og:url\" content=\"https:\/\/www.shami-shop.com\/de\/produkt\/nagauta-bachi-88\/\" \/>\n<meta property=\"og:site_name\" content=\"Shami-Shop\" \/>\n<meta property=\"article:publisher\" content=\"https:\/\/www.facebook.com\/weloveshamisen\/\" \/>\n<meta property=\"article:modified_time\" content=\"2022-12-11T06:39:44+00:00\" \/>\n<meta property=\"og:image\" content=\"https:\/\/www.shami-shop.com\/wp-content\/uploads\/2021\/09\/B-88-q.png\" \/>\n\t<meta property=\"og:image:width\" content=\"810\" \/>\n\t<meta property=\"og:image:height\" content=\"540\" \/>\n\t<meta property=\"og:image:type\" content=\"image\/png\" \/>\n<meta name=\"twitter:card\" content=\"summary_large_image\" \/>\n<meta name=\"twitter:label1\" content=\"Gesch\u00e4tzte Lesezeit\" \/>\n\t<meta name=\"twitter:data1\" content=\"1\u00a0Minute\" \/>\n<script type=\"application\/ld+json\" class=\"yoast-schema-graph\">{\"@context\":\"https:\/\/schema.org\",\"@graph\":[{\"@type\":[\"WebPage\",\"ItemPage\"],\"@id\":\"https:\/\/www.shami-shop.com\/de\/produkt\/nagauta-bachi-88\/\",\"url\":\"https:\/\/www.shami-shop.com\/de\/produkt\/nagauta-bachi-88\/\",\"name\":\"Nagauta Bachi Gr\u00f6\u00dfe M\/L - Shami-Shop\",\"isPartOf\":{\"@id\":\"https:\/\/www.shami-shop.com\/de\/#website\"},\"datePublished\":\"2021-08-14T07:42:41+00:00\",\"dateModified\":\"2022-12-11T06:39:44+00:00\",\"description\":\"Nagauta Bachi aus Kunststoff. Diese Art von Bachi ist von den Ma\u00dfen her ungef\u00e4hr wie ein Minyo Bachi. Versand direkt aus Berlin.\",\"breadcrumb\":{\"@id\":\"https:\/\/www.shami-shop.com\/de\/produkt\/nagauta-bachi-88\/#breadcrumb\"},\"inLanguage\":\"de\",\"potentialAction\":[{\"@type\":\"ReadAction\",\"target\":[\"https:\/\/www.shami-shop.com\/de\/produkt\/nagauta-bachi-88\/\"]}]},{\"@type\":\"BreadcrumbList\",\"@id\":\"https:\/\/www.shami-shop.com\/de\/produkt\/nagauta-bachi-88\/#breadcrumb\",\"itemListElement\":[{\"@type\":\"ListItem\",\"position\":1,\"name\":\"Startseite\",\"item\":\"https:\/\/www.shami-shop.com\/de\/\"},{\"@type\":\"ListItem\",\"position\":2,\"name\":\"Shop\",\"item\":\"https:\/\/www.shami-shop.com\/de\/shop\/\"},{\"@type\":\"ListItem\",\"position\":3,\"name\":\"Nagauta Bachi Gr\u00f6\u00dfe M\/L\"}]},{\"@type\":\"WebSite\",\"@id\":\"https:\/\/www.shami-shop.com\/de\/#website\",\"url\":\"https:\/\/www.shami-shop.com\/de\/\",\"name\":\"Shami-Shop\",\"description\":\"Alles f\u00fcr den Shamisen-Spieler.\",\"publisher\":{\"@id\":\"https:\/\/www.shami-shop.com\/de\/#organization\"},\"potentialAction\":[{\"@type\":\"SearchAction\",\"target\":{\"@type\":\"EntryPoint\",\"urlTemplate\":\"https:\/\/www.shami-shop.com\/de\/?s={search_term_string}\"},\"query-input\":{\"@type\":\"PropertyValueSpecification\",\"valueRequired\":true,\"valueName\":\"search_term_string\"}}],\"inLanguage\":\"de\"},{\"@type\":\"Organization\",\"@id\":\"https:\/\/www.shami-shop.com\/de\/#organization\",\"name\":\"Shami-Shop\",\"url\":\"https:\/\/www.shami-shop.com\/de\/\",\"logo\":{\"@type\":\"ImageObject\",\"inLanguage\":\"de\",\"@id\":\"https:\/\/www.shami-shop.com\/de\/#\/schema\/logo\/image\/\",\"url\":\"https:\/\/shami-shop.com\/wp-content\/uploads\/2021\/01\/Shami-Shop-Logo-1080.png\",\"contentUrl\":\"https:\/\/shami-shop.com\/wp-content\/uploads\/2021\/01\/Shami-Shop-Logo-1080.png\",\"width\":1080,\"height\":1080,\"caption\":\"Shami-Shop\"},\"image\":{\"@id\":\"https:\/\/www.shami-shop.com\/de\/#\/schema\/logo\/image\/\"},\"sameAs\":[\"https:\/\/www.facebook.com\/weloveshamisen\/\",\"https:\/\/www.instagram.com\/shamishop.europe\/\"]}]}<\/script>\n<!-- \/ Yoast SEO plugin. -->","yoast_head_json":{"title":"Nagauta Bachi Gr\u00f6\u00dfe M\/L - Shami-Shop","description":"Nagauta Bachi aus Kunststoff. Diese Art von Bachi ist von den Ma\u00dfen her ungef\u00e4hr wie ein Minyo Bachi. Versand direkt aus Berlin.","robots":{"index":"index","follow":"follow","max-snippet":"max-snippet:-1","max-image-preview":"max-image-preview:large","max-video-preview":"max-video-preview:-1"},"canonical":"https:\/\/www.shami-shop.com\/de\/produkt\/nagauta-bachi-88\/","og_locale":"de_DE","og_type":"article","og_title":"Nagauta Bachi Gr\u00f6\u00dfe M\/L - Shami-Shop","og_description":"Nagauta Bachi aus Kunststoff. Diese Art von Bachi ist von den Ma\u00dfen her ungef\u00e4hr wie ein Minyo Bachi. Versand direkt aus Berlin.","og_url":"https:\/\/www.shami-shop.com\/de\/produkt\/nagauta-bachi-88\/","og_site_name":"Shami-Shop","article_publisher":"https:\/\/www.facebook.com\/weloveshamisen\/","article_modified_time":"2022-12-11T06:39:44+00:00","og_image":[{"width":810,"height":540,"url":"https:\/\/www.shami-shop.com\/wp-content\/uploads\/2021\/09\/B-88-q.png","type":"image\/png"}],"twitter_card":"summary_large_image","twitter_misc":{"Gesch\u00e4tzte Lesezeit":"1\u00a0Minute"},"schema":{"@context":"https:\/\/schema.org","@graph":[{"@type":["WebPage","ItemPage"],"@id":"https:\/\/www.shami-shop.com\/de\/produkt\/nagauta-bachi-88\/","url":"https:\/\/www.shami-shop.com\/de\/produkt\/nagauta-bachi-88\/","name":"Nagauta Bachi Gr\u00f6\u00dfe M\/L - Shami-Shop","isPartOf":{"@id":"https:\/\/www.shami-shop.com\/de\/#website"},"datePublished":"2021-08-14T07:42:41+00:00","dateModified":"2022-12-11T06:39:44+00:00","description":"Nagauta Bachi aus Kunststoff. Diese Art von Bachi ist von den Ma\u00dfen her ungef\u00e4hr wie ein Minyo Bachi. Versand direkt aus Berlin.","breadcrumb":{"@id":"https:\/\/www.shami-shop.com\/de\/produkt\/nagauta-bachi-88\/#breadcrumb"},"inLanguage":"de","potentialAction":[{"@type":"ReadAction","target":["https:\/\/www.shami-shop.com\/de\/produkt\/nagauta-bachi-88\/"]}]},{"@type":"BreadcrumbList","@id":"https:\/\/www.shami-shop.com\/de\/produkt\/nagauta-bachi-88\/#breadcrumb","itemListElement":[{"@type":"ListItem","position":1,"name":"Startseite","item":"https:\/\/www.shami-shop.com\/de\/"},{"@type":"ListItem","position":2,"name":"Shop","item":"https:\/\/www.shami-shop.com\/de\/shop\/"},{"@type":"ListItem","position":3,"name":"Nagauta Bachi Gr\u00f6\u00dfe M\/L"}]},{"@type":"WebSite","@id":"https:\/\/www.shami-shop.com\/de\/#website","url":"https:\/\/www.shami-shop.com\/de\/","name":"Shami-Shop","description":"Alles f\u00fcr den Shamisen-Spieler.","publisher":{"@id":"https:\/\/www.shami-shop.com\/de\/#organization"},"potentialAction":[{"@type":"SearchAction","target":{"@type":"EntryPoint","urlTemplate":"https:\/\/www.shami-shop.com\/de\/?s={search_term_string}"},"query-input":{"@type":"PropertyValueSpecification","valueRequired":true,"valueName":"search_term_string"}}],"inLanguage":"de"},{"@type":"Organization","@id":"https:\/\/www.shami-shop.com\/de\/#organization","name":"Shami-Shop","url":"https:\/\/www.shami-shop.com\/de\/","logo":{"@type":"ImageObject","inLanguage":"de","@id":"https:\/\/www.shami-shop.com\/de\/#\/schema\/logo\/image\/","url":"https:\/\/shami-shop.com\/wp-content\/uploads\/2021\/01\/Shami-Shop-Logo-1080.png","contentUrl":"https:\/\/shami-shop.com\/wp-content\/uploads\/2021\/01\/Shami-Shop-Logo-1080.png","width":1080,"height":1080,"caption":"Shami-Shop"},"image":{"@id":"https:\/\/www.shami-shop.com\/de\/#\/schema\/logo\/image\/"},"sameAs":["https:\/\/www.facebook.com\/weloveshamisen\/","https:\/\/www.instagram.com\/shamishop.europe\/"]}]}},"jetpack_sharing_enabled":true,"_links":{"self":[{"href":"https:\/\/www.shami-shop.com\/de\/wp-json\/wp\/v2\/product\/10868","targetHints":{"allow":["GET"]}}],"collection":[{"href":"https:\/\/www.shami-shop.com\/de\/wp-json\/wp\/v2\/product"}],"about":[{"href":"https:\/\/www.shami-shop.com\/de\/wp-json\/wp\/v2\/types\/product"}],"wp:attachment":[{"href":"https:\/\/www.shami-shop.com\/de\/wp-json\/wp\/v2\/media?parent=10868"}],"wp:term":[{"taxonomy":"product_brand","embeddable":true,"href":"https:\/\/www.shami-shop.com\/de\/wp-json\/wp\/v2\/product_brand?post=10868"},{"taxonomy":"product_cat","embeddable":true,"href":"https:\/\/www.shami-shop.com\/de\/wp-json\/wp\/v2\/product_cat?post=10868"},{"taxonomy":"product_tag","embeddable":true,"href":"https:\/\/www.shami-shop.com\/de\/wp-json\/wp\/v2\/product_tag?post=10868"}],"curies":[{"name":"wp","href":"https:\/\/api.w.org\/{rel}","templated":true}]}}