{"id":10875,"date":"2021-08-14T09:25:06","date_gmt":"2021-08-14T08:25:06","guid":{"rendered":"https:\/\/www.shami-shop.com\/?post_type=product&#038;p=10875"},"modified":"2021-08-14T09:29:44","modified_gmt":"2021-08-14T08:29:44","slug":"nagauta-bachi-51","status":"publish","type":"product","link":"https:\/\/www.shami-shop.com\/de\/produkt\/nagauta-bachi-51\/","title":{"rendered":"Nagauta Bachi"},"content":{"rendered":"<p>Dieses minimal benutzte Kunststoff-Bachi hat ein d\u00fcnnes und flexibles Blatt. Die Ecken zeigen leichte Abnutzungsspuren und die Oberfl\u00e4che weist einige leichte Kratzer auf (siehe Bilder).<\/p>\n<p>Diese Art von Bachi wird typischerweise f\u00fcr Nagauta Stil verwendet. Kunststoff ist unter Sch\u00fclern und Anf\u00e4ngern weit verbreitet, weil das klassische Elfenbein-Bachi, das von fortgeschrittenen Spielern und f\u00fcr Auftritte benutzt wird, sehr schwer zu bekommen und auch sehr teuer ist.<\/p>\n<p>&nbsp;<\/p>\n<p>Gewicht: 100,2 g<\/p>\n<p>Blatt: 10,1 cm<\/p>\n<p>L\u00e4nge: 19,1 cm<\/p>\n<p>Griff Breite (unterstes Ende): 2,6 cm<\/p>\n<p>Griff H\u00f6he (unterstes Ende): 2,5 cm<\/p>\n","protected":false},"excerpt":{"rendered":"<p><strong>Stil:<\/strong> Nagauta<\/p>\n<p><strong>Blatt:<\/strong> flexibel<\/p>\n<p><strong>Abmessungen:<\/strong><\/p>\n<ul>\n<li>Gewicht: 100,2 g<\/li>\n<li>Blatt: 10,1 cm<\/li>\n<li>L\u00e4nge: 19,1 cm<\/li>\n<li>Griff Breite (unterstes Ende): 2,6 cm<\/li>\n<li>Griff H\u00f6he (unterstes Ende): 2,5 cm<\/li>\n<\/ul>\n","protected":false},"featured_media":0,"template":"","meta":{"_et_pb_use_builder":"","_et_pb_old_content":"","_et_gb_content_width":""},"product_brand":[],"product_cat":[135,386],"product_tag":[312,176],"class_list":{"0":"post-10875","1":"product","2":"type-product","3":"status-publish","5":"product_cat-bachi-de","6":"product_cat-bachi-nagauta-de","7":"product_tag-bachi-de","8":"product_tag-nagauta-de","9":"product_shipping_class-paket-m-2kg-de","11":"first","12":"outofstock","13":"purchasable","14":"product-type-simple"},"yoast_head":"<!-- This site is optimized with the Yoast SEO plugin v26.9 - https:\/\/yoast.com\/product\/yoast-seo-wordpress\/ -->\n<title>Nagauta Bachi - Shami-Shop<\/title>\n<meta name=\"description\" content=\"Nagauta Bachi aus Kunststoff. Diese Art von Bachi ist von den Ma\u00dfen her ungef\u00e4hr wie ein Minyo Bachi. Versand direkt aus Berlin.\" \/>\n<meta name=\"robots\" content=\"index, follow, max-snippet:-1, max-image-preview:large, max-video-preview:-1\" \/>\n<link rel=\"canonical\" href=\"https:\/\/www.shami-shop.com\/de\/produkt\/nagauta-bachi-51\/\" \/>\n<meta property=\"og:locale\" content=\"de_DE\" \/>\n<meta property=\"og:type\" content=\"article\" \/>\n<meta property=\"og:title\" content=\"Nagauta Bachi - Shami-Shop\" \/>\n<meta property=\"og:description\" content=\"Nagauta Bachi aus Kunststoff. Diese Art von Bachi ist von den Ma\u00dfen her ungef\u00e4hr wie ein Minyo Bachi. Versand direkt aus Berlin.\" \/>\n<meta property=\"og:url\" content=\"https:\/\/www.shami-shop.com\/de\/produkt\/nagauta-bachi-51\/\" \/>\n<meta property=\"og:site_name\" content=\"Shami-Shop\" \/>\n<meta property=\"article:publisher\" content=\"https:\/\/www.facebook.com\/weloveshamisen\/\" \/>\n<meta property=\"article:modified_time\" content=\"2021-08-14T08:29:44+00:00\" \/>\n<meta property=\"og:image\" content=\"https:\/\/www.shami-shop.com\/wp-content\/uploads\/2021\/05\/4-B51-bachi-shami-shop.com_.png\" \/>\n\t<meta property=\"og:image:width\" content=\"1080\" \/>\n\t<meta property=\"og:image:height\" content=\"720\" \/>\n\t<meta property=\"og:image:type\" content=\"image\/png\" \/>\n<meta name=\"twitter:card\" content=\"summary_large_image\" \/>\n<script type=\"application\/ld+json\" class=\"yoast-schema-graph\">{\"@context\":\"https:\/\/schema.org\",\"@graph\":[{\"@type\":[\"WebPage\",\"ItemPage\"],\"@id\":\"https:\/\/www.shami-shop.com\/de\/produkt\/nagauta-bachi-51\/\",\"url\":\"https:\/\/www.shami-shop.com\/de\/produkt\/nagauta-bachi-51\/\",\"name\":\"Nagauta Bachi - Shami-Shop\",\"isPartOf\":{\"@id\":\"https:\/\/www.shami-shop.com\/de\/#website\"},\"datePublished\":\"2021-08-14T08:25:06+00:00\",\"dateModified\":\"2021-08-14T08:29:44+00:00\",\"description\":\"Nagauta Bachi aus Kunststoff. Diese Art von Bachi ist von den Ma\u00dfen her ungef\u00e4hr wie ein Minyo Bachi. Versand direkt aus Berlin.\",\"breadcrumb\":{\"@id\":\"https:\/\/www.shami-shop.com\/de\/produkt\/nagauta-bachi-51\/#breadcrumb\"},\"inLanguage\":\"de\",\"potentialAction\":[{\"@type\":\"ReadAction\",\"target\":[\"https:\/\/www.shami-shop.com\/de\/produkt\/nagauta-bachi-51\/\"]}]},{\"@type\":\"BreadcrumbList\",\"@id\":\"https:\/\/www.shami-shop.com\/de\/produkt\/nagauta-bachi-51\/#breadcrumb\",\"itemListElement\":[{\"@type\":\"ListItem\",\"position\":1,\"name\":\"Startseite\",\"item\":\"https:\/\/www.shami-shop.com\/de\/\"},{\"@type\":\"ListItem\",\"position\":2,\"name\":\"Shop\",\"item\":\"https:\/\/www.shami-shop.com\/de\/shop\/\"},{\"@type\":\"ListItem\",\"position\":3,\"name\":\"Nagauta Bachi\"}]},{\"@type\":\"WebSite\",\"@id\":\"https:\/\/www.shami-shop.com\/de\/#website\",\"url\":\"https:\/\/www.shami-shop.com\/de\/\",\"name\":\"Shami-Shop\",\"description\":\"Alles f\u00fcr den Shamisen-Spieler.\",\"publisher\":{\"@id\":\"https:\/\/www.shami-shop.com\/de\/#organization\"},\"potentialAction\":[{\"@type\":\"SearchAction\",\"target\":{\"@type\":\"EntryPoint\",\"urlTemplate\":\"https:\/\/www.shami-shop.com\/de\/?s={search_term_string}\"},\"query-input\":{\"@type\":\"PropertyValueSpecification\",\"valueRequired\":true,\"valueName\":\"search_term_string\"}}],\"inLanguage\":\"de\"},{\"@type\":\"Organization\",\"@id\":\"https:\/\/www.shami-shop.com\/de\/#organization\",\"name\":\"Shami-Shop\",\"url\":\"https:\/\/www.shami-shop.com\/de\/\",\"logo\":{\"@type\":\"ImageObject\",\"inLanguage\":\"de\",\"@id\":\"https:\/\/www.shami-shop.com\/de\/#\/schema\/logo\/image\/\",\"url\":\"https:\/\/shami-shop.com\/wp-content\/uploads\/2021\/01\/Shami-Shop-Logo-1080.png\",\"contentUrl\":\"https:\/\/shami-shop.com\/wp-content\/uploads\/2021\/01\/Shami-Shop-Logo-1080.png\",\"width\":1080,\"height\":1080,\"caption\":\"Shami-Shop\"},\"image\":{\"@id\":\"https:\/\/www.shami-shop.com\/de\/#\/schema\/logo\/image\/\"},\"sameAs\":[\"https:\/\/www.facebook.com\/weloveshamisen\/\",\"https:\/\/www.instagram.com\/shamishop.europe\/\"]}]}<\/script>\n<!-- \/ Yoast SEO plugin. -->","yoast_head_json":{"title":"Nagauta Bachi - Shami-Shop","description":"Nagauta Bachi aus Kunststoff. Diese Art von Bachi ist von den Ma\u00dfen her ungef\u00e4hr wie ein Minyo Bachi. Versand direkt aus Berlin.","robots":{"index":"index","follow":"follow","max-snippet":"max-snippet:-1","max-image-preview":"max-image-preview:large","max-video-preview":"max-video-preview:-1"},"canonical":"https:\/\/www.shami-shop.com\/de\/produkt\/nagauta-bachi-51\/","og_locale":"de_DE","og_type":"article","og_title":"Nagauta Bachi - Shami-Shop","og_description":"Nagauta Bachi aus Kunststoff. Diese Art von Bachi ist von den Ma\u00dfen her ungef\u00e4hr wie ein Minyo Bachi. Versand direkt aus Berlin.","og_url":"https:\/\/www.shami-shop.com\/de\/produkt\/nagauta-bachi-51\/","og_site_name":"Shami-Shop","article_publisher":"https:\/\/www.facebook.com\/weloveshamisen\/","article_modified_time":"2021-08-14T08:29:44+00:00","og_image":[{"width":1080,"height":720,"url":"https:\/\/www.shami-shop.com\/wp-content\/uploads\/2021\/05\/4-B51-bachi-shami-shop.com_.png","type":"image\/png"}],"twitter_card":"summary_large_image","schema":{"@context":"https:\/\/schema.org","@graph":[{"@type":["WebPage","ItemPage"],"@id":"https:\/\/www.shami-shop.com\/de\/produkt\/nagauta-bachi-51\/","url":"https:\/\/www.shami-shop.com\/de\/produkt\/nagauta-bachi-51\/","name":"Nagauta Bachi - Shami-Shop","isPartOf":{"@id":"https:\/\/www.shami-shop.com\/de\/#website"},"datePublished":"2021-08-14T08:25:06+00:00","dateModified":"2021-08-14T08:29:44+00:00","description":"Nagauta Bachi aus Kunststoff. Diese Art von Bachi ist von den Ma\u00dfen her ungef\u00e4hr wie ein Minyo Bachi. Versand direkt aus Berlin.","breadcrumb":{"@id":"https:\/\/www.shami-shop.com\/de\/produkt\/nagauta-bachi-51\/#breadcrumb"},"inLanguage":"de","potentialAction":[{"@type":"ReadAction","target":["https:\/\/www.shami-shop.com\/de\/produkt\/nagauta-bachi-51\/"]}]},{"@type":"BreadcrumbList","@id":"https:\/\/www.shami-shop.com\/de\/produkt\/nagauta-bachi-51\/#breadcrumb","itemListElement":[{"@type":"ListItem","position":1,"name":"Startseite","item":"https:\/\/www.shami-shop.com\/de\/"},{"@type":"ListItem","position":2,"name":"Shop","item":"https:\/\/www.shami-shop.com\/de\/shop\/"},{"@type":"ListItem","position":3,"name":"Nagauta Bachi"}]},{"@type":"WebSite","@id":"https:\/\/www.shami-shop.com\/de\/#website","url":"https:\/\/www.shami-shop.com\/de\/","name":"Shami-Shop","description":"Alles f\u00fcr den Shamisen-Spieler.","publisher":{"@id":"https:\/\/www.shami-shop.com\/de\/#organization"},"potentialAction":[{"@type":"SearchAction","target":{"@type":"EntryPoint","urlTemplate":"https:\/\/www.shami-shop.com\/de\/?s={search_term_string}"},"query-input":{"@type":"PropertyValueSpecification","valueRequired":true,"valueName":"search_term_string"}}],"inLanguage":"de"},{"@type":"Organization","@id":"https:\/\/www.shami-shop.com\/de\/#organization","name":"Shami-Shop","url":"https:\/\/www.shami-shop.com\/de\/","logo":{"@type":"ImageObject","inLanguage":"de","@id":"https:\/\/www.shami-shop.com\/de\/#\/schema\/logo\/image\/","url":"https:\/\/shami-shop.com\/wp-content\/uploads\/2021\/01\/Shami-Shop-Logo-1080.png","contentUrl":"https:\/\/shami-shop.com\/wp-content\/uploads\/2021\/01\/Shami-Shop-Logo-1080.png","width":1080,"height":1080,"caption":"Shami-Shop"},"image":{"@id":"https:\/\/www.shami-shop.com\/de\/#\/schema\/logo\/image\/"},"sameAs":["https:\/\/www.facebook.com\/weloveshamisen\/","https:\/\/www.instagram.com\/shamishop.europe\/"]}]}},"jetpack_sharing_enabled":true,"_links":{"self":[{"href":"https:\/\/www.shami-shop.com\/de\/wp-json\/wp\/v2\/product\/10875","targetHints":{"allow":["GET"]}}],"collection":[{"href":"https:\/\/www.shami-shop.com\/de\/wp-json\/wp\/v2\/product"}],"about":[{"href":"https:\/\/www.shami-shop.com\/de\/wp-json\/wp\/v2\/types\/product"}],"wp:attachment":[{"href":"https:\/\/www.shami-shop.com\/de\/wp-json\/wp\/v2\/media?parent=10875"}],"wp:term":[{"taxonomy":"product_brand","embeddable":true,"href":"https:\/\/www.shami-shop.com\/de\/wp-json\/wp\/v2\/product_brand?post=10875"},{"taxonomy":"product_cat","embeddable":true,"href":"https:\/\/www.shami-shop.com\/de\/wp-json\/wp\/v2\/product_cat?post=10875"},{"taxonomy":"product_tag","embeddable":true,"href":"https:\/\/www.shami-shop.com\/de\/wp-json\/wp\/v2\/product_tag?post=10875"}],"curies":[{"name":"wp","href":"https:\/\/api.w.org\/{rel}","templated":true}]}}