{"id":12180,"date":"2021-08-20T20:35:34","date_gmt":"2021-08-20T17:45:35","guid":{"rendered":"https:\/\/www.shami-shop.com\/?post_type=product&#038;p=12180"},"modified":"2023-08-09T14:14:56","modified_gmt":"2023-08-09T13:14:56","slug":"bachibox-11","status":"publish","type":"product","link":"https:\/\/www.shami-shop.com\/de\/produkt\/bachibox-11\/","title":{"rendered":"Jiuta Bachi Box"},"content":{"rendered":"<p>Die sicherste Art, Ihr Bachi zu verstauen: Die Bachi-Box.<\/p>\n<p><strong>Was ist das?<\/strong> Bieten Sie Ihrem Bachi den Schutz, den es verdient, mit diesem widerstandsf\u00e4higen und sch\u00f6nen Etui! Ihr Bachi wird es nirgends sicherer haben als in einer solchen robusten Bachi-Box. Und das beste daran: Es passt nicht nur ein Bachi, sondern ganze zwei hinein! So haben Sie Ihr Ersatzbachi immer zur Hand und wissen, dass es optimal sicher aufbewahrt ist, egal ob Sie unterwegs sind oder daheim. Au\u00dferdem gibt es kleine Aussparungen f\u00fcr Koma, Saiten und Yubisuri. Vorbei sind die Tage im Kasten wild und gef\u00e4hrlich herumfliegender Kleinteile! Bewahren Sie alles ordentlich und beisammen auf in einer Bachi-Box.<\/p>\n<p><strong>Details:<\/strong> Wundersch\u00f6ne und kaum benutzte Bachi Box. Wer es edel und extravagant liebt, sollte hier genauer hinschauen! Ich finde die gro\u00dfz\u00fcgigen goldenen Kurven unfassbar sch\u00f6n!<\/p>\n<p>Definitiv eine der sch\u00f6nsten Arten, sein Bachi aufzubewahren.<\/p>\n","protected":false},"excerpt":{"rendered":"<ul>\n<li>Orange mit goldenen Linien und Bl\u00fcten.<\/li>\n<li>Passend f\u00fcr Jiuta Bachi<\/li>\n<\/ul>\n<p><strong>Abmessungen:<\/strong><\/p>\n<ul>\n<li>Length: 28 cm<\/li>\n<li>Breite: 17 cm<\/li>\n<li>H\u00f6he: 4,5 cm<\/li>\n<\/ul>\n","protected":false},"featured_media":6024,"template":"","meta":{"_et_pb_use_builder":"","_et_pb_old_content":"","_et_gb_content_width":""},"product_brand":[],"product_cat":[415,353,371],"product_tag":[132,176,169],"class_list":{"0":"post-12180","1":"product","2":"type-product","3":"status-publish","4":"has-post-thumbnail","6":"product_cat-aufbewahrung-und-pflege","7":"product_cat-bachi-aufbewahrung","8":"product_cat-bachi-box","9":"product_tag-minyo-de","10":"product_tag-nagauta-de","11":"product_tag-tsugaru-de","12":"product_shipping_class-paket-m-2kg-de","14":"first","15":"instock","16":"sold-individually","17":"shipping-taxable","18":"purchasable","19":"product-type-simple"},"yoast_head":"<!-- This site is optimized with the Yoast SEO plugin v26.9 - https:\/\/yoast.com\/product\/yoast-seo-wordpress\/ -->\n<title>Jiuta Bachi Box - Shami-Shop<\/title>\n<meta name=\"description\" content=\"Holen Sie sich eine Bachi-Box, um Ihr Bachi optimal zu sch\u00fctzen. Passend f\u00fcr Nagauta, Minyo und Tsugaru Bachi. Lieferung direkt aus Berlin.\" \/>\n<meta name=\"robots\" content=\"index, follow, max-snippet:-1, max-image-preview:large, max-video-preview:-1\" \/>\n<link rel=\"canonical\" href=\"https:\/\/www.shami-shop.com\/de\/produkt\/bachibox-11\/\" \/>\n<meta property=\"og:locale\" content=\"de_DE\" \/>\n<meta property=\"og:type\" content=\"article\" \/>\n<meta property=\"og:title\" content=\"Jiuta Bachi Box - Shami-Shop\" \/>\n<meta property=\"og:description\" content=\"Holen Sie sich eine Bachi-Box, um Ihr Bachi optimal zu sch\u00fctzen. Passend f\u00fcr Nagauta, Minyo und Tsugaru Bachi. Lieferung direkt aus Berlin.\" \/>\n<meta property=\"og:url\" content=\"https:\/\/www.shami-shop.com\/de\/produkt\/bachibox-11\/\" \/>\n<meta property=\"og:site_name\" content=\"Shami-Shop\" \/>\n<meta property=\"article:publisher\" content=\"https:\/\/www.facebook.com\/weloveshamisen\/\" \/>\n<meta property=\"article:modified_time\" content=\"2023-08-09T13:14:56+00:00\" \/>\n<meta property=\"og:image\" content=\"https:\/\/www.shami-shop.com\/wp-content\/uploads\/2021\/06\/BB-11-e.png\" \/>\n\t<meta property=\"og:image:width\" content=\"1080\" \/>\n\t<meta property=\"og:image:height\" content=\"720\" \/>\n\t<meta property=\"og:image:type\" content=\"image\/png\" \/>\n<meta name=\"twitter:card\" content=\"summary_large_image\" \/>\n<meta name=\"twitter:label1\" content=\"Gesch\u00e4tzte Lesezeit\" \/>\n\t<meta name=\"twitter:data1\" content=\"1\u00a0Minute\" \/>\n<script type=\"application\/ld+json\" class=\"yoast-schema-graph\">{\"@context\":\"https:\/\/schema.org\",\"@graph\":[{\"@type\":[\"WebPage\",\"ItemPage\"],\"@id\":\"https:\/\/www.shami-shop.com\/de\/produkt\/bachibox-11\/\",\"url\":\"https:\/\/www.shami-shop.com\/de\/produkt\/bachibox-11\/\",\"name\":\"Jiuta Bachi Box - Shami-Shop\",\"isPartOf\":{\"@id\":\"https:\/\/www.shami-shop.com\/de\/#website\"},\"primaryImageOfPage\":{\"@id\":\"https:\/\/www.shami-shop.com\/de\/produkt\/bachibox-11\/#primaryimage\"},\"image\":{\"@id\":\"https:\/\/www.shami-shop.com\/de\/produkt\/bachibox-11\/#primaryimage\"},\"thumbnailUrl\":\"https:\/\/www.shami-shop.com\/wp-content\/uploads\/2021\/06\/BB-11-e.png\",\"datePublished\":\"2021-08-20T17:45:35+00:00\",\"dateModified\":\"2023-08-09T13:14:56+00:00\",\"description\":\"Holen Sie sich eine Bachi-Box, um Ihr Bachi optimal zu sch\u00fctzen. Passend f\u00fcr Nagauta, Minyo und Tsugaru Bachi. Lieferung direkt aus Berlin.\",\"breadcrumb\":{\"@id\":\"https:\/\/www.shami-shop.com\/de\/produkt\/bachibox-11\/#breadcrumb\"},\"inLanguage\":\"de\",\"potentialAction\":[{\"@type\":\"ReadAction\",\"target\":[\"https:\/\/www.shami-shop.com\/de\/produkt\/bachibox-11\/\"]}]},{\"@type\":\"ImageObject\",\"inLanguage\":\"de\",\"@id\":\"https:\/\/www.shami-shop.com\/de\/produkt\/bachibox-11\/#primaryimage\",\"url\":\"https:\/\/www.shami-shop.com\/wp-content\/uploads\/2021\/06\/BB-11-e.png\",\"contentUrl\":\"https:\/\/www.shami-shop.com\/wp-content\/uploads\/2021\/06\/BB-11-e.png\",\"width\":1080,\"height\":720},{\"@type\":\"BreadcrumbList\",\"@id\":\"https:\/\/www.shami-shop.com\/de\/produkt\/bachibox-11\/#breadcrumb\",\"itemListElement\":[{\"@type\":\"ListItem\",\"position\":1,\"name\":\"Startseite\",\"item\":\"https:\/\/www.shami-shop.com\/de\/\"},{\"@type\":\"ListItem\",\"position\":2,\"name\":\"Shop\",\"item\":\"https:\/\/www.shami-shop.com\/de\/shop\/\"},{\"@type\":\"ListItem\",\"position\":3,\"name\":\"Jiuta Bachi Box\"}]},{\"@type\":\"WebSite\",\"@id\":\"https:\/\/www.shami-shop.com\/de\/#website\",\"url\":\"https:\/\/www.shami-shop.com\/de\/\",\"name\":\"Shami-Shop\",\"description\":\"Alles f\u00fcr den Shamisen-Spieler.\",\"publisher\":{\"@id\":\"https:\/\/www.shami-shop.com\/de\/#organization\"},\"potentialAction\":[{\"@type\":\"SearchAction\",\"target\":{\"@type\":\"EntryPoint\",\"urlTemplate\":\"https:\/\/www.shami-shop.com\/de\/?s={search_term_string}\"},\"query-input\":{\"@type\":\"PropertyValueSpecification\",\"valueRequired\":true,\"valueName\":\"search_term_string\"}}],\"inLanguage\":\"de\"},{\"@type\":\"Organization\",\"@id\":\"https:\/\/www.shami-shop.com\/de\/#organization\",\"name\":\"Shami-Shop\",\"url\":\"https:\/\/www.shami-shop.com\/de\/\",\"logo\":{\"@type\":\"ImageObject\",\"inLanguage\":\"de\",\"@id\":\"https:\/\/www.shami-shop.com\/de\/#\/schema\/logo\/image\/\",\"url\":\"https:\/\/shami-shop.com\/wp-content\/uploads\/2021\/01\/Shami-Shop-Logo-1080.png\",\"contentUrl\":\"https:\/\/shami-shop.com\/wp-content\/uploads\/2021\/01\/Shami-Shop-Logo-1080.png\",\"width\":1080,\"height\":1080,\"caption\":\"Shami-Shop\"},\"image\":{\"@id\":\"https:\/\/www.shami-shop.com\/de\/#\/schema\/logo\/image\/\"},\"sameAs\":[\"https:\/\/www.facebook.com\/weloveshamisen\/\",\"https:\/\/www.instagram.com\/shamishop.europe\/\"]}]}<\/script>\n<!-- \/ Yoast SEO plugin. -->","yoast_head_json":{"title":"Jiuta Bachi Box - Shami-Shop","description":"Holen Sie sich eine Bachi-Box, um Ihr Bachi optimal zu sch\u00fctzen. Passend f\u00fcr Nagauta, Minyo und Tsugaru Bachi. Lieferung direkt aus Berlin.","robots":{"index":"index","follow":"follow","max-snippet":"max-snippet:-1","max-image-preview":"max-image-preview:large","max-video-preview":"max-video-preview:-1"},"canonical":"https:\/\/www.shami-shop.com\/de\/produkt\/bachibox-11\/","og_locale":"de_DE","og_type":"article","og_title":"Jiuta Bachi Box - Shami-Shop","og_description":"Holen Sie sich eine Bachi-Box, um Ihr Bachi optimal zu sch\u00fctzen. Passend f\u00fcr Nagauta, Minyo und Tsugaru Bachi. Lieferung direkt aus Berlin.","og_url":"https:\/\/www.shami-shop.com\/de\/produkt\/bachibox-11\/","og_site_name":"Shami-Shop","article_publisher":"https:\/\/www.facebook.com\/weloveshamisen\/","article_modified_time":"2023-08-09T13:14:56+00:00","og_image":[{"width":1080,"height":720,"url":"https:\/\/www.shami-shop.com\/wp-content\/uploads\/2021\/06\/BB-11-e.png","type":"image\/png"}],"twitter_card":"summary_large_image","twitter_misc":{"Gesch\u00e4tzte Lesezeit":"1\u00a0Minute"},"schema":{"@context":"https:\/\/schema.org","@graph":[{"@type":["WebPage","ItemPage"],"@id":"https:\/\/www.shami-shop.com\/de\/produkt\/bachibox-11\/","url":"https:\/\/www.shami-shop.com\/de\/produkt\/bachibox-11\/","name":"Jiuta Bachi Box - Shami-Shop","isPartOf":{"@id":"https:\/\/www.shami-shop.com\/de\/#website"},"primaryImageOfPage":{"@id":"https:\/\/www.shami-shop.com\/de\/produkt\/bachibox-11\/#primaryimage"},"image":{"@id":"https:\/\/www.shami-shop.com\/de\/produkt\/bachibox-11\/#primaryimage"},"thumbnailUrl":"https:\/\/www.shami-shop.com\/wp-content\/uploads\/2021\/06\/BB-11-e.png","datePublished":"2021-08-20T17:45:35+00:00","dateModified":"2023-08-09T13:14:56+00:00","description":"Holen Sie sich eine Bachi-Box, um Ihr Bachi optimal zu sch\u00fctzen. Passend f\u00fcr Nagauta, Minyo und Tsugaru Bachi. Lieferung direkt aus Berlin.","breadcrumb":{"@id":"https:\/\/www.shami-shop.com\/de\/produkt\/bachibox-11\/#breadcrumb"},"inLanguage":"de","potentialAction":[{"@type":"ReadAction","target":["https:\/\/www.shami-shop.com\/de\/produkt\/bachibox-11\/"]}]},{"@type":"ImageObject","inLanguage":"de","@id":"https:\/\/www.shami-shop.com\/de\/produkt\/bachibox-11\/#primaryimage","url":"https:\/\/www.shami-shop.com\/wp-content\/uploads\/2021\/06\/BB-11-e.png","contentUrl":"https:\/\/www.shami-shop.com\/wp-content\/uploads\/2021\/06\/BB-11-e.png","width":1080,"height":720},{"@type":"BreadcrumbList","@id":"https:\/\/www.shami-shop.com\/de\/produkt\/bachibox-11\/#breadcrumb","itemListElement":[{"@type":"ListItem","position":1,"name":"Startseite","item":"https:\/\/www.shami-shop.com\/de\/"},{"@type":"ListItem","position":2,"name":"Shop","item":"https:\/\/www.shami-shop.com\/de\/shop\/"},{"@type":"ListItem","position":3,"name":"Jiuta Bachi Box"}]},{"@type":"WebSite","@id":"https:\/\/www.shami-shop.com\/de\/#website","url":"https:\/\/www.shami-shop.com\/de\/","name":"Shami-Shop","description":"Alles f\u00fcr den Shamisen-Spieler.","publisher":{"@id":"https:\/\/www.shami-shop.com\/de\/#organization"},"potentialAction":[{"@type":"SearchAction","target":{"@type":"EntryPoint","urlTemplate":"https:\/\/www.shami-shop.com\/de\/?s={search_term_string}"},"query-input":{"@type":"PropertyValueSpecification","valueRequired":true,"valueName":"search_term_string"}}],"inLanguage":"de"},{"@type":"Organization","@id":"https:\/\/www.shami-shop.com\/de\/#organization","name":"Shami-Shop","url":"https:\/\/www.shami-shop.com\/de\/","logo":{"@type":"ImageObject","inLanguage":"de","@id":"https:\/\/www.shami-shop.com\/de\/#\/schema\/logo\/image\/","url":"https:\/\/shami-shop.com\/wp-content\/uploads\/2021\/01\/Shami-Shop-Logo-1080.png","contentUrl":"https:\/\/shami-shop.com\/wp-content\/uploads\/2021\/01\/Shami-Shop-Logo-1080.png","width":1080,"height":1080,"caption":"Shami-Shop"},"image":{"@id":"https:\/\/www.shami-shop.com\/de\/#\/schema\/logo\/image\/"},"sameAs":["https:\/\/www.facebook.com\/weloveshamisen\/","https:\/\/www.instagram.com\/shamishop.europe\/"]}]}},"jetpack_sharing_enabled":true,"_links":{"self":[{"href":"https:\/\/www.shami-shop.com\/de\/wp-json\/wp\/v2\/product\/12180","targetHints":{"allow":["GET"]}}],"collection":[{"href":"https:\/\/www.shami-shop.com\/de\/wp-json\/wp\/v2\/product"}],"about":[{"href":"https:\/\/www.shami-shop.com\/de\/wp-json\/wp\/v2\/types\/product"}],"wp:featuredmedia":[{"embeddable":true,"href":"https:\/\/www.shami-shop.com\/de\/wp-json\/wp\/v2\/media\/6024"}],"wp:attachment":[{"href":"https:\/\/www.shami-shop.com\/de\/wp-json\/wp\/v2\/media?parent=12180"}],"wp:term":[{"taxonomy":"product_brand","embeddable":true,"href":"https:\/\/www.shami-shop.com\/de\/wp-json\/wp\/v2\/product_brand?post=12180"},{"taxonomy":"product_cat","embeddable":true,"href":"https:\/\/www.shami-shop.com\/de\/wp-json\/wp\/v2\/product_cat?post=12180"},{"taxonomy":"product_tag","embeddable":true,"href":"https:\/\/www.shami-shop.com\/de\/wp-json\/wp\/v2\/product_tag?post=12180"}],"curies":[{"name":"wp","href":"https:\/\/api.w.org\/{rel}","templated":true}]}}