{"id":1293,"date":"2021-01-23T10:16:50","date_gmt":"2021-01-23T10:16:50","guid":{"rendered":"https:\/\/shami-shop.com\/produkt\/shakuhachi-honkyoku-notation-%e5%a4%8f%e3%81%ae%e6%9b%b2-natsu-no-kyoku\/"},"modified":"2021-02-17T16:55:19","modified_gmt":"2021-02-17T15:55:19","slug":"shakuhachi-honkyoku-notation-%e5%a4%8f%e3%81%ae%e6%9b%b2-natsu-no-kyoku","status":"publish","type":"product","link":"https:\/\/www.shami-shop.com\/de\/produkt\/shakuhachi-honkyoku-notation-%e5%a4%8f%e3%81%ae%e6%9b%b2-natsu-no-kyoku\/","title":{"rendered":"Honkyoku Noten | Natsu No Kyoku"},"content":{"rendered":"<p><span data-sheets-value=\"{&quot;1&quot;:2,&quot;2&quot;:&quot;Notenheft f\u00fcr die traditionelle vertikale japanische Bambusfl\u00f6te Shakuhachi. F\u00fcr das Honkyoku St\u00fcck \\&quot;Mine no Tsuki\\&quot; (\u5cf0\u306e\u6708), geschrieben in klassischer vertikaler Shakuhachi Notation.&quot;}\" data-sheets-userformat=\"{&quot;2&quot;:513,&quot;3&quot;:{&quot;1&quot;:0},&quot;12&quot;:0}\">Notenheft f\u00fcr die traditionelle vertikale japanische Bambusfl\u00f6te Shakuhachi. F\u00fcr das Honkyoku St\u00fcck &#8222;Natsu no Kyoku&#8220; (\u590f\u306e\u66f2), geschrieben in klassischer vertikaler Shakuhachi Notation.<\/span><\/p>\n","protected":false},"excerpt":{"rendered":"<ul>\n<li><span data-sheets-value=\"{&quot;1&quot;:2,&quot;2&quot;:&quot;Notenheft f\u00fcr Shakuhachi Honkyoku-Genre klassische Shakuhachi Notation&quot;}\" data-sheets-userformat=\"{&quot;2&quot;:513,&quot;3&quot;:{&quot;1&quot;:0},&quot;12&quot;:0}\">Notenheft f\u00fcr Shakuhachi <\/span><\/li>\n<li><span data-sheets-value=\"{&quot;1&quot;:2,&quot;2&quot;:&quot;Notenheft f\u00fcr Shakuhachi Honkyoku-Genre klassische Shakuhachi Notation&quot;}\" data-sheets-userformat=\"{&quot;2&quot;:513,&quot;3&quot;:{&quot;1&quot;:0},&quot;12&quot;:0}\">Honkyoku-Genre <\/span><\/li>\n<li><span data-sheets-value=\"{&quot;1&quot;:2,&quot;2&quot;:&quot;Notenheft f\u00fcr Shakuhachi Honkyoku-Genre klassische Shakuhachi Notation&quot;}\" data-sheets-userformat=\"{&quot;2&quot;:513,&quot;3&quot;:{&quot;1&quot;:0},&quot;12&quot;:0}\">klassische Shakuhachi Notation<\/span><\/li>\n<\/ul>\n","protected":false},"featured_media":624,"template":"","meta":{"_et_pb_use_builder":"","_et_pb_old_content":"","_et_gb_content_width":""},"product_brand":[],"product_cat":[130,146],"product_tag":[218,133,219],"class_list":{"0":"post-1293","1":"product","2":"type-product","3":"status-publish","4":"has-post-thumbnail","6":"product_cat-notenhefte","7":"product_cat-shakuhachi-noten","8":"product_tag-honkyoku-de","9":"product_tag-noten-de","10":"product_tag-shakuhachi-de","12":"first","13":"instock","14":"purchasable","15":"product-type-simple"},"yoast_head":"<!-- This site is optimized with the Yoast SEO plugin v26.9 - https:\/\/yoast.com\/product\/yoast-seo-wordpress\/ -->\n<title>Honkyoku Noten | Natsu No Kyoku - Shami-Shop<\/title>\n<meta name=\"description\" content=\"Shakuhachi Noten f\u00fcr das Honkyoku St\u00fcck &quot;Natsu no Kyoku&quot; (\u590f\u306e\u66f2). Geschrieben in klassischer vertikaler Shakuhachi Notation.\" \/>\n<meta name=\"robots\" content=\"index, follow, max-snippet:-1, max-image-preview:large, max-video-preview:-1\" \/>\n<link rel=\"canonical\" href=\"https:\/\/www.shami-shop.com\/de\/produkt\/shakuhachi-honkyoku-notation-%e5%a4%8f%e3%81%ae%e6%9b%b2-natsu-no-kyoku\/\" \/>\n<meta property=\"og:locale\" content=\"de_DE\" \/>\n<meta property=\"og:type\" content=\"article\" \/>\n<meta property=\"og:title\" content=\"Honkyoku Noten | Natsu No Kyoku - Shami-Shop\" \/>\n<meta property=\"og:description\" content=\"Shakuhachi Noten f\u00fcr das Honkyoku St\u00fcck &quot;Natsu no Kyoku&quot; (\u590f\u306e\u66f2). Geschrieben in klassischer vertikaler Shakuhachi Notation.\" \/>\n<meta property=\"og:url\" content=\"https:\/\/www.shami-shop.com\/de\/produkt\/shakuhachi-honkyoku-notation-%e5%a4%8f%e3%81%ae%e6%9b%b2-natsu-no-kyoku\/\" \/>\n<meta property=\"og:site_name\" content=\"Shami-Shop\" \/>\n<meta property=\"article:publisher\" content=\"https:\/\/www.facebook.com\/weloveshamisen\/\" \/>\n<meta property=\"article:modified_time\" content=\"2021-02-17T15:55:19+00:00\" \/>\n<meta property=\"og:image\" content=\"https:\/\/www.shami-shop.com\/wp-content\/uploads\/2020\/11\/Honkyoku-E-front-1.png\" \/>\n\t<meta property=\"og:image:width\" content=\"1000\" \/>\n\t<meta property=\"og:image:height\" content=\"1000\" \/>\n\t<meta property=\"og:image:type\" content=\"image\/png\" \/>\n<meta name=\"twitter:card\" content=\"summary_large_image\" \/>\n<meta name=\"twitter:label1\" content=\"Gesch\u00e4tzte Lesezeit\" \/>\n\t<meta name=\"twitter:data1\" content=\"1\u00a0Minute\" \/>\n<script type=\"application\/ld+json\" class=\"yoast-schema-graph\">{\"@context\":\"https:\/\/schema.org\",\"@graph\":[{\"@type\":[\"WebPage\",\"ItemPage\"],\"@id\":\"https:\/\/www.shami-shop.com\/de\/produkt\/shakuhachi-honkyoku-notation-%e5%a4%8f%e3%81%ae%e6%9b%b2-natsu-no-kyoku\/\",\"url\":\"https:\/\/www.shami-shop.com\/de\/produkt\/shakuhachi-honkyoku-notation-%e5%a4%8f%e3%81%ae%e6%9b%b2-natsu-no-kyoku\/\",\"name\":\"Honkyoku Noten | Natsu No Kyoku - Shami-Shop\",\"isPartOf\":{\"@id\":\"https:\/\/www.shami-shop.com\/de\/#website\"},\"primaryImageOfPage\":{\"@id\":\"https:\/\/www.shami-shop.com\/de\/produkt\/shakuhachi-honkyoku-notation-%e5%a4%8f%e3%81%ae%e6%9b%b2-natsu-no-kyoku\/#primaryimage\"},\"image\":{\"@id\":\"https:\/\/www.shami-shop.com\/de\/produkt\/shakuhachi-honkyoku-notation-%e5%a4%8f%e3%81%ae%e6%9b%b2-natsu-no-kyoku\/#primaryimage\"},\"thumbnailUrl\":\"https:\/\/www.shami-shop.com\/wp-content\/uploads\/2020\/11\/Honkyoku-E-front-1.png\",\"datePublished\":\"2021-01-23T10:16:50+00:00\",\"dateModified\":\"2021-02-17T15:55:19+00:00\",\"description\":\"Shakuhachi Noten f\u00fcr das Honkyoku St\u00fcck \\\"Natsu no Kyoku\\\" (\u590f\u306e\u66f2). Geschrieben in klassischer vertikaler Shakuhachi Notation.\",\"breadcrumb\":{\"@id\":\"https:\/\/www.shami-shop.com\/de\/produkt\/shakuhachi-honkyoku-notation-%e5%a4%8f%e3%81%ae%e6%9b%b2-natsu-no-kyoku\/#breadcrumb\"},\"inLanguage\":\"de\",\"potentialAction\":[{\"@type\":\"ReadAction\",\"target\":[\"https:\/\/www.shami-shop.com\/de\/produkt\/shakuhachi-honkyoku-notation-%e5%a4%8f%e3%81%ae%e6%9b%b2-natsu-no-kyoku\/\"]}]},{\"@type\":\"ImageObject\",\"inLanguage\":\"de\",\"@id\":\"https:\/\/www.shami-shop.com\/de\/produkt\/shakuhachi-honkyoku-notation-%e5%a4%8f%e3%81%ae%e6%9b%b2-natsu-no-kyoku\/#primaryimage\",\"url\":\"https:\/\/www.shami-shop.com\/wp-content\/uploads\/2020\/11\/Honkyoku-E-front-1.png\",\"contentUrl\":\"https:\/\/www.shami-shop.com\/wp-content\/uploads\/2020\/11\/Honkyoku-E-front-1.png\",\"width\":1000,\"height\":1000,\"caption\":\"Shakuhachi Honkyoku Notation Natsu no Kyoku \u590f\u306e\u66f2 | shami-shop.com\"},{\"@type\":\"BreadcrumbList\",\"@id\":\"https:\/\/www.shami-shop.com\/de\/produkt\/shakuhachi-honkyoku-notation-%e5%a4%8f%e3%81%ae%e6%9b%b2-natsu-no-kyoku\/#breadcrumb\",\"itemListElement\":[{\"@type\":\"ListItem\",\"position\":1,\"name\":\"Startseite\",\"item\":\"https:\/\/www.shami-shop.com\/de\/\"},{\"@type\":\"ListItem\",\"position\":2,\"name\":\"Shop\",\"item\":\"https:\/\/www.shami-shop.com\/de\/shop\/\"},{\"@type\":\"ListItem\",\"position\":3,\"name\":\"Honkyoku Noten | Natsu No Kyoku\"}]},{\"@type\":\"WebSite\",\"@id\":\"https:\/\/www.shami-shop.com\/de\/#website\",\"url\":\"https:\/\/www.shami-shop.com\/de\/\",\"name\":\"Shami-Shop\",\"description\":\"Alles f\u00fcr den Shamisen-Spieler.\",\"publisher\":{\"@id\":\"https:\/\/www.shami-shop.com\/de\/#organization\"},\"potentialAction\":[{\"@type\":\"SearchAction\",\"target\":{\"@type\":\"EntryPoint\",\"urlTemplate\":\"https:\/\/www.shami-shop.com\/de\/?s={search_term_string}\"},\"query-input\":{\"@type\":\"PropertyValueSpecification\",\"valueRequired\":true,\"valueName\":\"search_term_string\"}}],\"inLanguage\":\"de\"},{\"@type\":\"Organization\",\"@id\":\"https:\/\/www.shami-shop.com\/de\/#organization\",\"name\":\"Shami-Shop\",\"url\":\"https:\/\/www.shami-shop.com\/de\/\",\"logo\":{\"@type\":\"ImageObject\",\"inLanguage\":\"de\",\"@id\":\"https:\/\/www.shami-shop.com\/de\/#\/schema\/logo\/image\/\",\"url\":\"https:\/\/shami-shop.com\/wp-content\/uploads\/2021\/01\/Shami-Shop-Logo-1080.png\",\"contentUrl\":\"https:\/\/shami-shop.com\/wp-content\/uploads\/2021\/01\/Shami-Shop-Logo-1080.png\",\"width\":1080,\"height\":1080,\"caption\":\"Shami-Shop\"},\"image\":{\"@id\":\"https:\/\/www.shami-shop.com\/de\/#\/schema\/logo\/image\/\"},\"sameAs\":[\"https:\/\/www.facebook.com\/weloveshamisen\/\",\"https:\/\/www.instagram.com\/shamishop.europe\/\"]}]}<\/script>\n<!-- \/ Yoast SEO plugin. -->","yoast_head_json":{"title":"Honkyoku Noten | Natsu No Kyoku - Shami-Shop","description":"Shakuhachi Noten f\u00fcr das Honkyoku St\u00fcck \"Natsu no Kyoku\" (\u590f\u306e\u66f2). Geschrieben in klassischer vertikaler Shakuhachi Notation.","robots":{"index":"index","follow":"follow","max-snippet":"max-snippet:-1","max-image-preview":"max-image-preview:large","max-video-preview":"max-video-preview:-1"},"canonical":"https:\/\/www.shami-shop.com\/de\/produkt\/shakuhachi-honkyoku-notation-%e5%a4%8f%e3%81%ae%e6%9b%b2-natsu-no-kyoku\/","og_locale":"de_DE","og_type":"article","og_title":"Honkyoku Noten | Natsu No Kyoku - Shami-Shop","og_description":"Shakuhachi Noten f\u00fcr das Honkyoku St\u00fcck \"Natsu no Kyoku\" (\u590f\u306e\u66f2). Geschrieben in klassischer vertikaler Shakuhachi Notation.","og_url":"https:\/\/www.shami-shop.com\/de\/produkt\/shakuhachi-honkyoku-notation-%e5%a4%8f%e3%81%ae%e6%9b%b2-natsu-no-kyoku\/","og_site_name":"Shami-Shop","article_publisher":"https:\/\/www.facebook.com\/weloveshamisen\/","article_modified_time":"2021-02-17T15:55:19+00:00","og_image":[{"width":1000,"height":1000,"url":"https:\/\/www.shami-shop.com\/wp-content\/uploads\/2020\/11\/Honkyoku-E-front-1.png","type":"image\/png"}],"twitter_card":"summary_large_image","twitter_misc":{"Gesch\u00e4tzte Lesezeit":"1\u00a0Minute"},"schema":{"@context":"https:\/\/schema.org","@graph":[{"@type":["WebPage","ItemPage"],"@id":"https:\/\/www.shami-shop.com\/de\/produkt\/shakuhachi-honkyoku-notation-%e5%a4%8f%e3%81%ae%e6%9b%b2-natsu-no-kyoku\/","url":"https:\/\/www.shami-shop.com\/de\/produkt\/shakuhachi-honkyoku-notation-%e5%a4%8f%e3%81%ae%e6%9b%b2-natsu-no-kyoku\/","name":"Honkyoku Noten | Natsu No Kyoku - Shami-Shop","isPartOf":{"@id":"https:\/\/www.shami-shop.com\/de\/#website"},"primaryImageOfPage":{"@id":"https:\/\/www.shami-shop.com\/de\/produkt\/shakuhachi-honkyoku-notation-%e5%a4%8f%e3%81%ae%e6%9b%b2-natsu-no-kyoku\/#primaryimage"},"image":{"@id":"https:\/\/www.shami-shop.com\/de\/produkt\/shakuhachi-honkyoku-notation-%e5%a4%8f%e3%81%ae%e6%9b%b2-natsu-no-kyoku\/#primaryimage"},"thumbnailUrl":"https:\/\/www.shami-shop.com\/wp-content\/uploads\/2020\/11\/Honkyoku-E-front-1.png","datePublished":"2021-01-23T10:16:50+00:00","dateModified":"2021-02-17T15:55:19+00:00","description":"Shakuhachi Noten f\u00fcr das Honkyoku St\u00fcck \"Natsu no Kyoku\" (\u590f\u306e\u66f2). Geschrieben in klassischer vertikaler Shakuhachi Notation.","breadcrumb":{"@id":"https:\/\/www.shami-shop.com\/de\/produkt\/shakuhachi-honkyoku-notation-%e5%a4%8f%e3%81%ae%e6%9b%b2-natsu-no-kyoku\/#breadcrumb"},"inLanguage":"de","potentialAction":[{"@type":"ReadAction","target":["https:\/\/www.shami-shop.com\/de\/produkt\/shakuhachi-honkyoku-notation-%e5%a4%8f%e3%81%ae%e6%9b%b2-natsu-no-kyoku\/"]}]},{"@type":"ImageObject","inLanguage":"de","@id":"https:\/\/www.shami-shop.com\/de\/produkt\/shakuhachi-honkyoku-notation-%e5%a4%8f%e3%81%ae%e6%9b%b2-natsu-no-kyoku\/#primaryimage","url":"https:\/\/www.shami-shop.com\/wp-content\/uploads\/2020\/11\/Honkyoku-E-front-1.png","contentUrl":"https:\/\/www.shami-shop.com\/wp-content\/uploads\/2020\/11\/Honkyoku-E-front-1.png","width":1000,"height":1000,"caption":"Shakuhachi Honkyoku Notation Natsu no Kyoku \u590f\u306e\u66f2 | shami-shop.com"},{"@type":"BreadcrumbList","@id":"https:\/\/www.shami-shop.com\/de\/produkt\/shakuhachi-honkyoku-notation-%e5%a4%8f%e3%81%ae%e6%9b%b2-natsu-no-kyoku\/#breadcrumb","itemListElement":[{"@type":"ListItem","position":1,"name":"Startseite","item":"https:\/\/www.shami-shop.com\/de\/"},{"@type":"ListItem","position":2,"name":"Shop","item":"https:\/\/www.shami-shop.com\/de\/shop\/"},{"@type":"ListItem","position":3,"name":"Honkyoku Noten | Natsu No Kyoku"}]},{"@type":"WebSite","@id":"https:\/\/www.shami-shop.com\/de\/#website","url":"https:\/\/www.shami-shop.com\/de\/","name":"Shami-Shop","description":"Alles f\u00fcr den Shamisen-Spieler.","publisher":{"@id":"https:\/\/www.shami-shop.com\/de\/#organization"},"potentialAction":[{"@type":"SearchAction","target":{"@type":"EntryPoint","urlTemplate":"https:\/\/www.shami-shop.com\/de\/?s={search_term_string}"},"query-input":{"@type":"PropertyValueSpecification","valueRequired":true,"valueName":"search_term_string"}}],"inLanguage":"de"},{"@type":"Organization","@id":"https:\/\/www.shami-shop.com\/de\/#organization","name":"Shami-Shop","url":"https:\/\/www.shami-shop.com\/de\/","logo":{"@type":"ImageObject","inLanguage":"de","@id":"https:\/\/www.shami-shop.com\/de\/#\/schema\/logo\/image\/","url":"https:\/\/shami-shop.com\/wp-content\/uploads\/2021\/01\/Shami-Shop-Logo-1080.png","contentUrl":"https:\/\/shami-shop.com\/wp-content\/uploads\/2021\/01\/Shami-Shop-Logo-1080.png","width":1080,"height":1080,"caption":"Shami-Shop"},"image":{"@id":"https:\/\/www.shami-shop.com\/de\/#\/schema\/logo\/image\/"},"sameAs":["https:\/\/www.facebook.com\/weloveshamisen\/","https:\/\/www.instagram.com\/shamishop.europe\/"]}]}},"jetpack_sharing_enabled":true,"_links":{"self":[{"href":"https:\/\/www.shami-shop.com\/de\/wp-json\/wp\/v2\/product\/1293","targetHints":{"allow":["GET"]}}],"collection":[{"href":"https:\/\/www.shami-shop.com\/de\/wp-json\/wp\/v2\/product"}],"about":[{"href":"https:\/\/www.shami-shop.com\/de\/wp-json\/wp\/v2\/types\/product"}],"wp:featuredmedia":[{"embeddable":true,"href":"https:\/\/www.shami-shop.com\/de\/wp-json\/wp\/v2\/media\/624"}],"wp:attachment":[{"href":"https:\/\/www.shami-shop.com\/de\/wp-json\/wp\/v2\/media?parent=1293"}],"wp:term":[{"taxonomy":"product_brand","embeddable":true,"href":"https:\/\/www.shami-shop.com\/de\/wp-json\/wp\/v2\/product_brand?post=1293"},{"taxonomy":"product_cat","embeddable":true,"href":"https:\/\/www.shami-shop.com\/de\/wp-json\/wp\/v2\/product_cat?post=1293"},{"taxonomy":"product_tag","embeddable":true,"href":"https:\/\/www.shami-shop.com\/de\/wp-json\/wp\/v2\/product_tag?post=1293"}],"curies":[{"name":"wp","href":"https:\/\/api.w.org\/{rel}","templated":true}]}}