{"id":13474,"date":"2025-10-31T08:59:46","date_gmt":"2025-10-31T07:59:46","guid":{"rendered":"https:\/\/www.shami-shop.com\/?post_type=product&#038;p=13474"},"modified":"2025-11-01T02:22:12","modified_gmt":"2025-11-01T01:22:12","slug":"tsugaru-shamisen-161","status":"publish","type":"product","link":"https:\/\/www.shami-shop.com\/de\/produkt\/tsugaru-shamisen-161\/","title":{"rendered":"Tsugaru Shamisen Set | Hayate"},"content":{"rendered":"<p>Bei dem Anblick dieser Sch\u00f6nheit kann einem nur das Wasser im Munde zusammenlaufen! Dieses Instrument ist ein so hinrei\u00dfendes Beispiel japanischer Handwerkskunst, dass man einfach nicht aufh\u00f6ren m\u00f6chte, es anzuschauen und seine Sch\u00f6nheit zu bewundern \u2013 bis die Augen m\u00fcde werden.<\/p>\n<p>Ich darf vorstellen: <strong>\u201cHayate\u201d (\u75be\u98a8)<\/strong> \u2014 eine Shamisen, die die wilde, unaufhaltsame Energie des Windes einf\u00e4ngt. Das blaue Doukake erinnert an st\u00fcrmische Himmel und das offene Meer und verleiht jedem Ton ein Gef\u00fchl von Freiheit und Kraft. Der Name bedeutet \u201e<em>Sturmwind<\/em><em>\u201c<\/em> und passt perfekt zum k\u00fchnen Charakter von Tsugaru Shamisen. Dieses Shamisen hat einen besonders kr\u00e4ftigen Hals und ist daher ideal f\u00fcr <strong>Spieler mit gro\u00dfen H\u00e4nden<\/strong>.<\/p>\n<p>Dieses Instrument spielt mit feuriger Energie und Pr\u00e4zision \u2013 perfekt f\u00fcr Spieler, die m\u00f6chten, dass ihre Musik mitrei\u00dft und Eindruck hinterl\u00e4sst.<\/p>\n<p>Das Instrument ist in sehr gutem Zustand \u2013 es wird dich viele, viele Jahre gl\u00fccklich machen.<\/p>\n<h5><strong>Holz:<\/strong><!-- notionvc: 639e9d7b-dc18-4c07-a187-7076def3ea43 --><\/h5>\n<p>Der Hals ist aus Koki-Holz gemacht &#8211; das traditionelle super edle Hartholz, das wegen seiner herausragenden Sch\u00f6nheit, seiner seidigen Gechmeidigkeit und wegen der feinen Klangeigentschaften die Top Wahl unter professionellen Spielern ist.<\/p>\n<h5><strong>Accessoires und H\u00e4ute:<\/strong><\/h5>\n<p>Das Zubeh\u00f6r unterstreicht die besondere Sch\u00f6nheit dieses Instruments: ein wundersch\u00f6nes Tsugaru-Lack-Doukake (Korpusabdeckung), erg\u00e4nzt durch ein silbernes Neo, das an frische Meeresgischt und glitzernde Wolken erinnert. Im Set enthalten ist au\u00dferdem ein Set frischer Saiten, ein Tenjin-K\u00e4ppchen und ein Dougomu (Anti-Rutsch-Matte). Der Dou ist mit frischem synthetischem Hibiki-Fell auf der Vorderseite bespannt, w\u00e4hrend die R\u00fcckseite noch mit der originale Naturhaut aus Japan bespannt ist.<\/p>\n<h5><strong>Hals:<\/strong><\/h5>\n<p>Der Hals ist 33,75 mm breit und 34,25 mm hoch am oberen Ende und verbreitert sich leicht in Richtung Dou. Das Griffbrett ist am schmalen Ende 31 mm breit. Der \u00dcbergang, an dem der Hals in den Korpus \u00fcbergeht, endet in einer scharfen Kante. So kann man auf diesem Instrument bis zur Position 20 und sogar leicht dar\u00fcber hinaus spielen.<\/p>\n<p><span class=\"notion-enable-hover\" data-token-index=\"0\">Ich habe die kleine Markierung an der Halsseite (siehe Foto) vom Vorbesitzer unangetastet gelassen, weil sie wirklich n\u00fctzlich ist. Das Griffbrett ist himmlisch glatt und l\u00e4sst dich \u00fcber den Hals gleiten wie ein Adler, der hoch in den L\u00fcften segelt.<\/span><!-- notionvc: 98fd8aab-222e-4cd3-83a0-7e227909279a --><\/p>\n<p>Die <strong>Verbindungen<\/strong> sind besonders pr\u00e4zise gearbeitet, was das Zusammen- und Auseinanderbauen erleichtert und zugleich Haltbarkeit und Passgenauigkeit verbessert.<\/p>\n<h5><strong>Sawari (Surren):<\/strong><\/h5>\n<p>Der eingearbeitete <em>Azuma Sawari<\/em> erm\u00f6glicht die Anpassung des Surrens je nach Geschmack und Anlass. Man kann so das Surren komplett abstellen (f\u00fcr moderne St\u00fccke, Pop\/Rock\/Metal, oder bestimmte Ensemble-Zusammensetzungen) und au\u00dferdem ein perfektes Surren erzielen egal wie hoch oder tief man die Shamisen stimmt. <!-- notionvc: b5d417ea-9bb4-4afb-97d4-26db7065f00c -->Ein besonders sch\u00f6nes Detail dieses Instruments ist der Zoge-Azuma-Sawari-Block (verstellbarer Surrmechanismus). Er ist nicht nur ein eleganter, subtiler Blickfang, sondern auch eine deutlich hochwertigere Variante als der \u00fcbliche Ebenholzblock.<\/p>\n<h5><strong>Itomaki:<\/strong><\/h5>\n<p>Die Itomaki (Wirbel) sind aus Ebenholz gefertigt \u2013 robust und klassisch.<\/p>\n<h5><strong>Weiteres:<\/strong><\/h5>\n<p>Alles, was Sie zum losspielen noch ben\u00f6tigen, sind ein <a href=\"https:\/\/shami-shop.com\/product-categorie\/koma\/\" target=\"_blank\" rel=\"noopener\">Koma<\/a>, ein <a href=\"https:\/\/shami-shop.com\/product-categorie\/bachi\/\" target=\"_blank\" rel=\"noopener\">Bachi<\/a> und ein <a href=\"https:\/\/shami-shop.com\/product\/yubisuri\/\" target=\"_blank\" rel=\"noopener\">Yubisuri<\/a>. Yubisuri gibt es in verschiedenen Farben und Gr\u00f6\u00dfen. W\u00e4hlen Sie also frei nach Ihrem Belieben aus &#8211; etwas den Farben der Shamisen entspricht oder einen sch\u00f6nen Kontrast als Farbakzent. Im Shop finden Sie eine breite Auswahl verschiedener Koma und Bachi.<\/p>\n<p>Wenn Sie Hilfe bei der Auwahl der richtigen Komponenten ben\u00f6tigen, schicken Sie gerne eine Nachricht und wir stellen gemeinsam das perfekte Paket f\u00fcr Sie zusammen.<\/p>\n","protected":false},"excerpt":{"rendered":"<ul>\n<li>Tsugaru Stil Futozao Shamisen\n<ul>\n<li>Sao Breite: 33,75 mm<\/li>\n<li>Sao H\u00f6he: 34,25 mm<\/li>\n<li>Griffbrett: 31 mm<\/li>\n<\/ul>\n<\/li>\n<li>Hals aus Koki-Holz<\/li>\n<li>Zoge Sawari<\/li>\n<li>fein gearbeitete Verbindungen<\/li>\n<li>Vorderseite synthetische Haut, R\u00fcckseite Naturhaut<\/li>\n<\/ul>\n<p>Au\u00dferdem im Set enthalten:<\/p>\n<ul>\n<li>Neo<\/li>\n<li>Tsugaru-Lack Doukake<\/li>\n<li>Tenjin-Schutz<\/li>\n<li>Dougomu<\/li>\n<li>Saiten<\/li>\n<\/ul>\n","protected":false},"featured_media":27782,"template":"","meta":{"_et_pb_use_builder":"","_et_pb_old_content":"","_et_gb_content_width":""},"product_brand":[],"product_cat":[339,388,391,413],"product_tag":[169],"class_list":{"0":"post-13474","1":"product","2":"type-product","3":"status-publish","4":"has-post-thumbnail","6":"product_cat-shamisen-de","7":"product_cat-futozao-de","8":"product_cat-tsugaru-de","9":"product_cat-tsugaru-stil","10":"product_tag-tsugaru-de","11":"product_shipping_class-5kg500-de","13":"first","14":"instock","15":"sold-individually","16":"shipping-taxable","17":"purchasable","18":"product-type-simple"},"yoast_head":"<!-- This site is optimized with the Yoast SEO plugin v26.9 - https:\/\/yoast.com\/product\/yoast-seo-wordpress\/ -->\n<title>Tsugaru Shamisen Set | Hayate - Shami-Shop<\/title>\n<meta name=\"description\" content=\"Futozao Shamisen f\u00fcr Tsugaru Shamisen Stil kaufen. Mit synthetischen H\u00e4uten bespannt. Lieferung direkt aus Berlin.\" \/>\n<meta name=\"robots\" content=\"index, follow, max-snippet:-1, max-image-preview:large, max-video-preview:-1\" \/>\n<link rel=\"canonical\" href=\"https:\/\/www.shami-shop.com\/de\/produkt\/tsugaru-shamisen-161\/\" \/>\n<meta property=\"og:locale\" content=\"de_DE\" \/>\n<meta property=\"og:type\" content=\"article\" \/>\n<meta property=\"og:title\" content=\"Tsugaru Shamisen Set | Hayate - Shami-Shop\" \/>\n<meta property=\"og:description\" content=\"Futozao Shamisen f\u00fcr Tsugaru Shamisen Stil kaufen. Mit synthetischen H\u00e4uten bespannt. Lieferung direkt aus Berlin.\" \/>\n<meta property=\"og:url\" content=\"https:\/\/www.shami-shop.com\/de\/produkt\/tsugaru-shamisen-161\/\" \/>\n<meta property=\"og:site_name\" content=\"Shami-Shop\" \/>\n<meta property=\"article:publisher\" content=\"https:\/\/www.facebook.com\/weloveshamisen\/\" \/>\n<meta property=\"article:modified_time\" content=\"2025-11-01T01:22:12+00:00\" \/>\n<meta property=\"og:image\" content=\"https:\/\/www.shami-shop.com\/wp-content\/uploads\/2025\/04\/FU-09-45-scaled.jpg\" \/>\n\t<meta property=\"og:image:width\" content=\"2560\" \/>\n\t<meta property=\"og:image:height\" content=\"2560\" \/>\n\t<meta property=\"og:image:type\" content=\"image\/jpeg\" \/>\n<meta name=\"twitter:card\" content=\"summary_large_image\" \/>\n<meta name=\"twitter:label1\" content=\"Gesch\u00e4tzte Lesezeit\" \/>\n\t<meta name=\"twitter:data1\" content=\"3\u00a0Minuten\" \/>\n<script type=\"application\/ld+json\" class=\"yoast-schema-graph\">{\"@context\":\"https:\/\/schema.org\",\"@graph\":[{\"@type\":[\"WebPage\",\"ItemPage\"],\"@id\":\"https:\/\/www.shami-shop.com\/de\/produkt\/tsugaru-shamisen-161\/\",\"url\":\"https:\/\/www.shami-shop.com\/de\/produkt\/tsugaru-shamisen-161\/\",\"name\":\"Tsugaru Shamisen Set | Hayate - Shami-Shop\",\"isPartOf\":{\"@id\":\"https:\/\/www.shami-shop.com\/de\/#website\"},\"primaryImageOfPage\":{\"@id\":\"https:\/\/www.shami-shop.com\/de\/produkt\/tsugaru-shamisen-161\/#primaryimage\"},\"image\":{\"@id\":\"https:\/\/www.shami-shop.com\/de\/produkt\/tsugaru-shamisen-161\/#primaryimage\"},\"thumbnailUrl\":\"https:\/\/www.shami-shop.com\/wp-content\/uploads\/2025\/04\/FU-09-45-scaled.jpg\",\"datePublished\":\"2025-10-31T07:59:46+00:00\",\"dateModified\":\"2025-11-01T01:22:12+00:00\",\"description\":\"Futozao Shamisen f\u00fcr Tsugaru Shamisen Stil kaufen. Mit synthetischen H\u00e4uten bespannt. Lieferung direkt aus Berlin.\",\"breadcrumb\":{\"@id\":\"https:\/\/www.shami-shop.com\/de\/produkt\/tsugaru-shamisen-161\/#breadcrumb\"},\"inLanguage\":\"de\",\"potentialAction\":[{\"@type\":\"ReadAction\",\"target\":[\"https:\/\/www.shami-shop.com\/de\/produkt\/tsugaru-shamisen-161\/\"]}]},{\"@type\":\"ImageObject\",\"inLanguage\":\"de\",\"@id\":\"https:\/\/www.shami-shop.com\/de\/produkt\/tsugaru-shamisen-161\/#primaryimage\",\"url\":\"https:\/\/www.shami-shop.com\/wp-content\/uploads\/2025\/04\/FU-09-45-scaled.jpg\",\"contentUrl\":\"https:\/\/www.shami-shop.com\/wp-content\/uploads\/2025\/04\/FU-09-45-scaled.jpg\",\"width\":2560,\"height\":2560},{\"@type\":\"BreadcrumbList\",\"@id\":\"https:\/\/www.shami-shop.com\/de\/produkt\/tsugaru-shamisen-161\/#breadcrumb\",\"itemListElement\":[{\"@type\":\"ListItem\",\"position\":1,\"name\":\"Startseite\",\"item\":\"https:\/\/www.shami-shop.com\/de\/\"},{\"@type\":\"ListItem\",\"position\":2,\"name\":\"Shop\",\"item\":\"https:\/\/www.shami-shop.com\/de\/shop\/\"},{\"@type\":\"ListItem\",\"position\":3,\"name\":\"Tsugaru Shamisen Set | Hayate\"}]},{\"@type\":\"WebSite\",\"@id\":\"https:\/\/www.shami-shop.com\/de\/#website\",\"url\":\"https:\/\/www.shami-shop.com\/de\/\",\"name\":\"Shami-Shop\",\"description\":\"Alles f\u00fcr den Shamisen-Spieler.\",\"publisher\":{\"@id\":\"https:\/\/www.shami-shop.com\/de\/#organization\"},\"potentialAction\":[{\"@type\":\"SearchAction\",\"target\":{\"@type\":\"EntryPoint\",\"urlTemplate\":\"https:\/\/www.shami-shop.com\/de\/?s={search_term_string}\"},\"query-input\":{\"@type\":\"PropertyValueSpecification\",\"valueRequired\":true,\"valueName\":\"search_term_string\"}}],\"inLanguage\":\"de\"},{\"@type\":\"Organization\",\"@id\":\"https:\/\/www.shami-shop.com\/de\/#organization\",\"name\":\"Shami-Shop\",\"url\":\"https:\/\/www.shami-shop.com\/de\/\",\"logo\":{\"@type\":\"ImageObject\",\"inLanguage\":\"de\",\"@id\":\"https:\/\/www.shami-shop.com\/de\/#\/schema\/logo\/image\/\",\"url\":\"https:\/\/shami-shop.com\/wp-content\/uploads\/2021\/01\/Shami-Shop-Logo-1080.png\",\"contentUrl\":\"https:\/\/shami-shop.com\/wp-content\/uploads\/2021\/01\/Shami-Shop-Logo-1080.png\",\"width\":1080,\"height\":1080,\"caption\":\"Shami-Shop\"},\"image\":{\"@id\":\"https:\/\/www.shami-shop.com\/de\/#\/schema\/logo\/image\/\"},\"sameAs\":[\"https:\/\/www.facebook.com\/weloveshamisen\/\",\"https:\/\/www.instagram.com\/shamishop.europe\/\"]}]}<\/script>\n<!-- \/ Yoast SEO plugin. -->","yoast_head_json":{"title":"Tsugaru Shamisen Set | Hayate - Shami-Shop","description":"Futozao Shamisen f\u00fcr Tsugaru Shamisen Stil kaufen. Mit synthetischen H\u00e4uten bespannt. Lieferung direkt aus Berlin.","robots":{"index":"index","follow":"follow","max-snippet":"max-snippet:-1","max-image-preview":"max-image-preview:large","max-video-preview":"max-video-preview:-1"},"canonical":"https:\/\/www.shami-shop.com\/de\/produkt\/tsugaru-shamisen-161\/","og_locale":"de_DE","og_type":"article","og_title":"Tsugaru Shamisen Set | Hayate - Shami-Shop","og_description":"Futozao Shamisen f\u00fcr Tsugaru Shamisen Stil kaufen. Mit synthetischen H\u00e4uten bespannt. Lieferung direkt aus Berlin.","og_url":"https:\/\/www.shami-shop.com\/de\/produkt\/tsugaru-shamisen-161\/","og_site_name":"Shami-Shop","article_publisher":"https:\/\/www.facebook.com\/weloveshamisen\/","article_modified_time":"2025-11-01T01:22:12+00:00","og_image":[{"width":2560,"height":2560,"url":"https:\/\/www.shami-shop.com\/wp-content\/uploads\/2025\/04\/FU-09-45-scaled.jpg","type":"image\/jpeg"}],"twitter_card":"summary_large_image","twitter_misc":{"Gesch\u00e4tzte Lesezeit":"3\u00a0Minuten"},"schema":{"@context":"https:\/\/schema.org","@graph":[{"@type":["WebPage","ItemPage"],"@id":"https:\/\/www.shami-shop.com\/de\/produkt\/tsugaru-shamisen-161\/","url":"https:\/\/www.shami-shop.com\/de\/produkt\/tsugaru-shamisen-161\/","name":"Tsugaru Shamisen Set | Hayate - Shami-Shop","isPartOf":{"@id":"https:\/\/www.shami-shop.com\/de\/#website"},"primaryImageOfPage":{"@id":"https:\/\/www.shami-shop.com\/de\/produkt\/tsugaru-shamisen-161\/#primaryimage"},"image":{"@id":"https:\/\/www.shami-shop.com\/de\/produkt\/tsugaru-shamisen-161\/#primaryimage"},"thumbnailUrl":"https:\/\/www.shami-shop.com\/wp-content\/uploads\/2025\/04\/FU-09-45-scaled.jpg","datePublished":"2025-10-31T07:59:46+00:00","dateModified":"2025-11-01T01:22:12+00:00","description":"Futozao Shamisen f\u00fcr Tsugaru Shamisen Stil kaufen. Mit synthetischen H\u00e4uten bespannt. Lieferung direkt aus Berlin.","breadcrumb":{"@id":"https:\/\/www.shami-shop.com\/de\/produkt\/tsugaru-shamisen-161\/#breadcrumb"},"inLanguage":"de","potentialAction":[{"@type":"ReadAction","target":["https:\/\/www.shami-shop.com\/de\/produkt\/tsugaru-shamisen-161\/"]}]},{"@type":"ImageObject","inLanguage":"de","@id":"https:\/\/www.shami-shop.com\/de\/produkt\/tsugaru-shamisen-161\/#primaryimage","url":"https:\/\/www.shami-shop.com\/wp-content\/uploads\/2025\/04\/FU-09-45-scaled.jpg","contentUrl":"https:\/\/www.shami-shop.com\/wp-content\/uploads\/2025\/04\/FU-09-45-scaled.jpg","width":2560,"height":2560},{"@type":"BreadcrumbList","@id":"https:\/\/www.shami-shop.com\/de\/produkt\/tsugaru-shamisen-161\/#breadcrumb","itemListElement":[{"@type":"ListItem","position":1,"name":"Startseite","item":"https:\/\/www.shami-shop.com\/de\/"},{"@type":"ListItem","position":2,"name":"Shop","item":"https:\/\/www.shami-shop.com\/de\/shop\/"},{"@type":"ListItem","position":3,"name":"Tsugaru Shamisen Set | Hayate"}]},{"@type":"WebSite","@id":"https:\/\/www.shami-shop.com\/de\/#website","url":"https:\/\/www.shami-shop.com\/de\/","name":"Shami-Shop","description":"Alles f\u00fcr den Shamisen-Spieler.","publisher":{"@id":"https:\/\/www.shami-shop.com\/de\/#organization"},"potentialAction":[{"@type":"SearchAction","target":{"@type":"EntryPoint","urlTemplate":"https:\/\/www.shami-shop.com\/de\/?s={search_term_string}"},"query-input":{"@type":"PropertyValueSpecification","valueRequired":true,"valueName":"search_term_string"}}],"inLanguage":"de"},{"@type":"Organization","@id":"https:\/\/www.shami-shop.com\/de\/#organization","name":"Shami-Shop","url":"https:\/\/www.shami-shop.com\/de\/","logo":{"@type":"ImageObject","inLanguage":"de","@id":"https:\/\/www.shami-shop.com\/de\/#\/schema\/logo\/image\/","url":"https:\/\/shami-shop.com\/wp-content\/uploads\/2021\/01\/Shami-Shop-Logo-1080.png","contentUrl":"https:\/\/shami-shop.com\/wp-content\/uploads\/2021\/01\/Shami-Shop-Logo-1080.png","width":1080,"height":1080,"caption":"Shami-Shop"},"image":{"@id":"https:\/\/www.shami-shop.com\/de\/#\/schema\/logo\/image\/"},"sameAs":["https:\/\/www.facebook.com\/weloveshamisen\/","https:\/\/www.instagram.com\/shamishop.europe\/"]}]}},"jetpack_sharing_enabled":true,"_links":{"self":[{"href":"https:\/\/www.shami-shop.com\/de\/wp-json\/wp\/v2\/product\/13474","targetHints":{"allow":["GET"]}}],"collection":[{"href":"https:\/\/www.shami-shop.com\/de\/wp-json\/wp\/v2\/product"}],"about":[{"href":"https:\/\/www.shami-shop.com\/de\/wp-json\/wp\/v2\/types\/product"}],"wp:featuredmedia":[{"embeddable":true,"href":"https:\/\/www.shami-shop.com\/de\/wp-json\/wp\/v2\/media\/27782"}],"wp:attachment":[{"href":"https:\/\/www.shami-shop.com\/de\/wp-json\/wp\/v2\/media?parent=13474"}],"wp:term":[{"taxonomy":"product_brand","embeddable":true,"href":"https:\/\/www.shami-shop.com\/de\/wp-json\/wp\/v2\/product_brand?post=13474"},{"taxonomy":"product_cat","embeddable":true,"href":"https:\/\/www.shami-shop.com\/de\/wp-json\/wp\/v2\/product_cat?post=13474"},{"taxonomy":"product_tag","embeddable":true,"href":"https:\/\/www.shami-shop.com\/de\/wp-json\/wp\/v2\/product_tag?post=13474"}],"curies":[{"name":"wp","href":"https:\/\/api.w.org\/{rel}","templated":true}]}}