{"id":13492,"date":"2026-01-13T19:01:43","date_gmt":"2026-01-13T18:01:43","guid":{"rendered":"https:\/\/www.shami-shop.com\/?post_type=product&#038;p=13492"},"modified":"2026-01-13T21:44:08","modified_gmt":"2026-01-13T20:44:08","slug":"tsugaru-shamisen-150","status":"publish","type":"product","link":"https:\/\/www.shami-shop.com\/de\/produkt\/tsugaru-shamisen-150\/","title":{"rendered":"Rabatt-Set: Mega Anf\u00e4nger Set | Futozao Shamisen | Taiga"},"content":{"rendered":"<p>Wenn Du ein knappes Budget hast, aber unbedingt eine Shamisen mit dickem Hals brauchst und ein komplettes Rundum-Paket zu einem unschlagbaren Preis suchst, ist dieses Angebot perfekt f\u00fcr Dich!<\/p>\n<p>Ich habe das noch nie gemacht, aber wollte es endlich mal ausprobieren: ein komplettes Set mit allllllem, was Du brauchst \u2013 eine Shamisen mit allem Zubeh\u00f6r (Saiten, Doukake, Gummimatte, Tenjin-K\u00e4ppchen), ein Bachi, ein Koma, sowie zus\u00e4tzlich ein super leichtes Longcase f\u00fcr Transport und Aufbewahrung!! Das Einzige, was ich nicht mit dazugepackt habe, ist ein Fingerschutz, weil du daf\u00fcr eine Gr\u00f6\u00dfe w\u00e4hlen musst, die zu deinen H\u00e4nden passt. Hol Dir ein <a href=\"https:\/\/shami-shop.com\/de\/produkt\/yubisuri\/\">Yubisuri<\/a> in Deiner Lieblingsfarbe oder mach dir selber eins \ud83d\ude42<\/p>\n<p>Das Besondere an diesem Set ist, dass ich bewusst Budget-Optionen gew\u00e4hlt habe, damit es auch f\u00fcr Menschen mit kleinem Geldbeutel zug\u00e4nglich ist.<\/p>\n<p>Das Koma hat eine kleine abgeschlagene Stelle an der Kante (siehe Foto), ist aber zu 100 % spielbar! Solche Sch\u00e4den entstehen, wenn man mit dem Bachi versehentlich eine Ecke trifft. Das Bachi ist ein Minyo-Bachi aus Kunststoff mit flexiblem Blatt. Das <strong>Longcase<\/strong> ist ein wirklich sch\u00f6nes Modell \u2013 super leicht und mit D-Ringen zum Befestigen eines Schultergurts. Der Au\u00dfenstoff hat allerdings Verf\u00e4rbungen, also authentischer Vintage-Look \ud83d\ude42<\/p>\n<h5><strong>\u00dcber die Shamisen:<\/strong><\/h5>\n<p>Ich habe dieses Tsugaru-Shamisen \u201eTaiga\u201c (\u5927\u6cb3) genannt, weil der Name die best\u00e4ndige St\u00e4rke und die nat\u00fcrliche Kraft eines gro\u00dfen Flusses symbolisieren und seine Kr\u00e4fte auf das Instrument \u00fcbertragen soll \ud83d\ude42 Dieses Modell gilt als Einsteigerinstrument, und ich habe es mit allem ausgestattet, was du f\u00fcr den Anfang brauchst: einem Positionsstreifen, einem Dougomu (Anti-Rutsch-Matte), einem Doukake, einer Tenjin-Kappe und Saiten. Die einzigen Dinge, die du noch hinzuf\u00fcgen musst, sind Koma, Bachi und Yubisuri (siehe unten).<!-- notionvc: 33dab197-0a87-4be7-bb15-d2b4ecbfb310 --><\/p>\n<p>Das Instrument ist in sehr gutem Zustand \u2013 leg also unbeschwert los!<\/p>\n<h5><strong>Holz:<\/strong><\/h5>\n<p>Das Instrument ist aus Karin Holz gearbeitet. Dieses robuste Hartholz ist bew\u00e4hrt f\u00fcr Anf\u00e4nger- und Sch\u00fclerinstrumente.<\/p>\n<h5><strong>Accessoires und H\u00e4ute:<\/strong><\/h5>\n<p>Das Instrument kommt ausgestattet mit einem klassischen violetten Neo und einem farblich passenden violetten Doukake. Ebenfalls im Paket enthalten sind ein frischer Satz Saiten, eine Tenjin-Kappe, ein Fujaku-Streifen (Positionsmarker) und ein Dougomu. Ein vollst\u00e4ndiges Set! Ein vollst\u00e4ndiges Set!<\/p>\n<p>Der Dou ist mit Fibersen bespannt \u2013 einer \u00e4lteren Generation synthetischer Felle, die nach wie vor weit verbreitet ist. Die Fellspannung ist nicht besonders hoch, sodass das Instrument nicht zu laut ist. Eine gute Wahl, wenn du empfindliche Nachbarn hast oder in einem kleinen Raum \u00fcbst, in dem der Klang schnell hart zur\u00fcckreflektiert. Wenn du irgendwann das Bed\u00fcrfnis nach einem volleren Klang hast, kannst du das Vorderfell jederzeit mit einem straffer gespannten Fell neu bespannen lassen, um deinem Spiel mehr \u201eBoom\u201c zu geben.<\/p>\n<p>Im Vergleich zu nat\u00fcrlicher Haut muss man sich bei synthetischer Haut nicht um Klimaschwankungen oder einen pl\u00f6tzlichen Regenschauer sorgen, wenn man einmal drau\u00dfen spielt. Allerdings sei geraten, grunds\u00e4tzlich trotzdem die Shamisen trocken zu halten, um das Holz zu sch\u00fctzen. Das bedeutet, man braucht keine Washi-H\u00fclle, um die Haut zu sch\u00fctzen.<\/p>\n<h5><strong>Hals:<\/strong><\/h5>\n<p>Der Hals ist oben 32,75 mm breit und 33,25 mm hoch und wird zum Dou hin leicht breiter. Das Griffbrett ist am schmalen Ende 30,5 mm breit. Die <em>Hatomune<\/em> &#8211; der Teil , wo der Hals in den Korpus eintaucht &#8211; endet in einer scharfen Kante, die es erm\u00f6glicht, auf diesem Instrument bis zur Position 20 und dar\u00fcber hinaus zu spielen. Dieses Shamisen ist ein Nobezao \u2013 das bedeutet, der Hals besteht aus einem St\u00fcck und kann nicht auseinandergenommen werden.<\/p>\n<h5><strong>Itomaki:<\/strong><\/h5>\n<p>Die <em>Itomaki<\/em> (Wirbel) sind aus Ebenholz gearbeitet und in einer traditionellen Art geschnitzt, sodass sie sich trotz ihrer schmalen Form leicht greifen lassen.<\/p>\n<h5><strong>Sawari (Surren):<\/strong><\/h5>\n<p>Im Gegensatz zu h\u00f6herpreisigen Futozao-Shamisen hat dieses Shamisen kein eingebautes Azuma-Sawari, sondern ein festes Sawari. Wenn du den Buzz anpassen m\u00f6chtest, kannst du dies mit einem St\u00fcck Klebeband oder Papier tun (frag mich, wenn du wissen willst, wie!). Das Fehlen des <em>Azuma-Sawari <\/em>senkt den Preis, da weniger Material und Arbeitsaufwand erforderlich sind.<\/p>\n<h5><strong>Weiteres:<\/strong><\/h5>\n<p>Die <em>Tsukigata<\/em> (das gebogene Ende der <em>Tenjin<\/em>) hat eine kleine Kerbe \u2013 das passiert, wenn man den Kopf zu hart gegen eine harte Oberfl\u00e4che wie einen Tisch st\u00f6\u00dft. Die Tenjin-Kappe deckt diese Kerbe gut ab und sch\u00fctzt sie vor weiteren Absplitterungen.<\/p>\n<p>Wenn Sie noch Fragen haben, schicken Sie mir einfach eine Nachricht und ich helfe gerne weiter.<\/p>\n<p><!-- notionvc: bf964607-801e-4bd0-8b08-eea21dc60d2c --><\/p>\n","protected":false},"excerpt":{"rendered":"<ul>\n<li>leichter Koffer in Tsugaru-Gr\u00f6\u00dfe<\/li>\n<li>Koma<\/li>\n<li>Bachi<\/li>\n<li>Futozao Shamisen\n<ul>\n<li>Sao Breite: 32,75 mm<\/li>\n<li>Sao H\u00f6he: 33,25 mm<\/li>\n<li>Griffbrett: 30,5 mm<\/li>\n<\/ul>\n<\/li>\n<li>Karin-Holz<\/li>\n<li>syntethische H\u00e4ute<\/li>\n<\/ul>\n<p><em>au\u00dferdem im Set enthalten:<\/em><\/p>\n<ul>\n<li>Neo<\/li>\n<li>Doukake<\/li>\n<li>Saiten<\/li>\n<li>Fujaku Strip<\/li>\n<li>Dougomu<\/li>\n<li>Tenjin-Schutz<\/li>\n<\/ul>\n<p><!-- notionvc: d6679fe1-339a-4439-be49-b925168bc353 --><\/p>\n","protected":false},"featured_media":0,"template":"","meta":{"_et_pb_use_builder":"","_et_pb_old_content":"","_et_gb_content_width":""},"product_brand":[],"product_cat":[339,388,391,413],"product_tag":[169],"class_list":{"0":"post-13492","1":"product","2":"type-product","3":"status-publish","5":"product_cat-shamisen-de","6":"product_cat-futozao-de","7":"product_cat-tsugaru-de","8":"product_cat-tsugaru-stil","9":"product_tag-tsugaru-de","10":"product_shipping_class-5kg-de","12":"first","13":"outofstock","14":"sold-individually","15":"shipping-taxable","16":"purchasable","17":"product-type-simple"},"yoast_head":"<!-- This site is optimized with the Yoast SEO plugin v26.9 - https:\/\/yoast.com\/product\/yoast-seo-wordpress\/ -->\n<title>Rabatt-Set: Mega Anf\u00e4nger Set | Futozao Shamisen | Taiga - Shami-Shop<\/title>\n<meta name=\"description\" content=\"Futozao Shamisen f\u00fcr Tsugaru Shamisen Stil kaufen. Mit Naturh\u00e4uten bespannt. Lieferung direkt aus Berlin.\" \/>\n<meta name=\"robots\" content=\"index, follow, max-snippet:-1, max-image-preview:large, max-video-preview:-1\" \/>\n<link rel=\"canonical\" href=\"https:\/\/www.shami-shop.com\/de\/produkt\/tsugaru-shamisen-150\/\" \/>\n<meta property=\"og:locale\" content=\"de_DE\" \/>\n<meta property=\"og:type\" content=\"article\" \/>\n<meta property=\"og:title\" content=\"Rabatt-Set: Mega Anf\u00e4nger Set | Futozao Shamisen | Taiga - Shami-Shop\" \/>\n<meta property=\"og:description\" content=\"Futozao Shamisen f\u00fcr Tsugaru Shamisen Stil kaufen. Mit Naturh\u00e4uten bespannt. Lieferung direkt aus Berlin.\" \/>\n<meta property=\"og:url\" content=\"https:\/\/www.shami-shop.com\/de\/produkt\/tsugaru-shamisen-150\/\" \/>\n<meta property=\"og:site_name\" content=\"Shami-Shop\" \/>\n<meta property=\"article:publisher\" content=\"https:\/\/www.facebook.com\/weloveshamisen\/\" \/>\n<meta property=\"article:modified_time\" content=\"2026-01-13T20:44:08+00:00\" \/>\n<meta property=\"og:image\" content=\"https:\/\/www.shami-shop.com\/wp-content\/uploads\/2026\/01\/FU-50-MEGAPACK-thb.png\" \/>\n\t<meta property=\"og:image:width\" content=\"1080\" \/>\n\t<meta property=\"og:image:height\" content=\"1080\" \/>\n\t<meta property=\"og:image:type\" content=\"image\/png\" \/>\n<meta name=\"twitter:card\" content=\"summary_large_image\" \/>\n<meta name=\"twitter:label1\" content=\"Gesch\u00e4tzte Lesezeit\" \/>\n\t<meta name=\"twitter:data1\" content=\"4\u00a0Minuten\" \/>\n<script type=\"application\/ld+json\" class=\"yoast-schema-graph\">{\"@context\":\"https:\/\/schema.org\",\"@graph\":[{\"@type\":[\"WebPage\",\"ItemPage\"],\"@id\":\"https:\/\/www.shami-shop.com\/de\/produkt\/tsugaru-shamisen-150\/\",\"url\":\"https:\/\/www.shami-shop.com\/de\/produkt\/tsugaru-shamisen-150\/\",\"name\":\"Rabatt-Set: Mega Anf\u00e4nger Set | Futozao Shamisen | Taiga - Shami-Shop\",\"isPartOf\":{\"@id\":\"https:\/\/www.shami-shop.com\/de\/#website\"},\"datePublished\":\"2026-01-13T18:01:43+00:00\",\"dateModified\":\"2026-01-13T20:44:08+00:00\",\"description\":\"Futozao Shamisen f\u00fcr Tsugaru Shamisen Stil kaufen. Mit Naturh\u00e4uten bespannt. Lieferung direkt aus Berlin.\",\"breadcrumb\":{\"@id\":\"https:\/\/www.shami-shop.com\/de\/produkt\/tsugaru-shamisen-150\/#breadcrumb\"},\"inLanguage\":\"de\",\"potentialAction\":[{\"@type\":\"ReadAction\",\"target\":[\"https:\/\/www.shami-shop.com\/de\/produkt\/tsugaru-shamisen-150\/\"]}]},{\"@type\":\"BreadcrumbList\",\"@id\":\"https:\/\/www.shami-shop.com\/de\/produkt\/tsugaru-shamisen-150\/#breadcrumb\",\"itemListElement\":[{\"@type\":\"ListItem\",\"position\":1,\"name\":\"Startseite\",\"item\":\"https:\/\/www.shami-shop.com\/de\/\"},{\"@type\":\"ListItem\",\"position\":2,\"name\":\"Shop\",\"item\":\"https:\/\/www.shami-shop.com\/de\/shop\/\"},{\"@type\":\"ListItem\",\"position\":3,\"name\":\"Rabatt-Set: Mega Anf\u00e4nger Set | Futozao Shamisen | Taiga\"}]},{\"@type\":\"WebSite\",\"@id\":\"https:\/\/www.shami-shop.com\/de\/#website\",\"url\":\"https:\/\/www.shami-shop.com\/de\/\",\"name\":\"Shami-Shop\",\"description\":\"Alles f\u00fcr den Shamisen-Spieler.\",\"publisher\":{\"@id\":\"https:\/\/www.shami-shop.com\/de\/#organization\"},\"potentialAction\":[{\"@type\":\"SearchAction\",\"target\":{\"@type\":\"EntryPoint\",\"urlTemplate\":\"https:\/\/www.shami-shop.com\/de\/?s={search_term_string}\"},\"query-input\":{\"@type\":\"PropertyValueSpecification\",\"valueRequired\":true,\"valueName\":\"search_term_string\"}}],\"inLanguage\":\"de\"},{\"@type\":\"Organization\",\"@id\":\"https:\/\/www.shami-shop.com\/de\/#organization\",\"name\":\"Shami-Shop\",\"url\":\"https:\/\/www.shami-shop.com\/de\/\",\"logo\":{\"@type\":\"ImageObject\",\"inLanguage\":\"de\",\"@id\":\"https:\/\/www.shami-shop.com\/de\/#\/schema\/logo\/image\/\",\"url\":\"https:\/\/shami-shop.com\/wp-content\/uploads\/2021\/01\/Shami-Shop-Logo-1080.png\",\"contentUrl\":\"https:\/\/shami-shop.com\/wp-content\/uploads\/2021\/01\/Shami-Shop-Logo-1080.png\",\"width\":1080,\"height\":1080,\"caption\":\"Shami-Shop\"},\"image\":{\"@id\":\"https:\/\/www.shami-shop.com\/de\/#\/schema\/logo\/image\/\"},\"sameAs\":[\"https:\/\/www.facebook.com\/weloveshamisen\/\",\"https:\/\/www.instagram.com\/shamishop.europe\/\"]}]}<\/script>\n<!-- \/ Yoast SEO plugin. -->","yoast_head_json":{"title":"Rabatt-Set: Mega Anf\u00e4nger Set | Futozao Shamisen | Taiga - Shami-Shop","description":"Futozao Shamisen f\u00fcr Tsugaru Shamisen Stil kaufen. Mit Naturh\u00e4uten bespannt. Lieferung direkt aus Berlin.","robots":{"index":"index","follow":"follow","max-snippet":"max-snippet:-1","max-image-preview":"max-image-preview:large","max-video-preview":"max-video-preview:-1"},"canonical":"https:\/\/www.shami-shop.com\/de\/produkt\/tsugaru-shamisen-150\/","og_locale":"de_DE","og_type":"article","og_title":"Rabatt-Set: Mega Anf\u00e4nger Set | Futozao Shamisen | Taiga - Shami-Shop","og_description":"Futozao Shamisen f\u00fcr Tsugaru Shamisen Stil kaufen. Mit Naturh\u00e4uten bespannt. Lieferung direkt aus Berlin.","og_url":"https:\/\/www.shami-shop.com\/de\/produkt\/tsugaru-shamisen-150\/","og_site_name":"Shami-Shop","article_publisher":"https:\/\/www.facebook.com\/weloveshamisen\/","article_modified_time":"2026-01-13T20:44:08+00:00","og_image":[{"width":1080,"height":1080,"url":"https:\/\/www.shami-shop.com\/wp-content\/uploads\/2026\/01\/FU-50-MEGAPACK-thb.png","type":"image\/png"}],"twitter_card":"summary_large_image","twitter_misc":{"Gesch\u00e4tzte Lesezeit":"4\u00a0Minuten"},"schema":{"@context":"https:\/\/schema.org","@graph":[{"@type":["WebPage","ItemPage"],"@id":"https:\/\/www.shami-shop.com\/de\/produkt\/tsugaru-shamisen-150\/","url":"https:\/\/www.shami-shop.com\/de\/produkt\/tsugaru-shamisen-150\/","name":"Rabatt-Set: Mega Anf\u00e4nger Set | Futozao Shamisen | Taiga - Shami-Shop","isPartOf":{"@id":"https:\/\/www.shami-shop.com\/de\/#website"},"datePublished":"2026-01-13T18:01:43+00:00","dateModified":"2026-01-13T20:44:08+00:00","description":"Futozao Shamisen f\u00fcr Tsugaru Shamisen Stil kaufen. Mit Naturh\u00e4uten bespannt. Lieferung direkt aus Berlin.","breadcrumb":{"@id":"https:\/\/www.shami-shop.com\/de\/produkt\/tsugaru-shamisen-150\/#breadcrumb"},"inLanguage":"de","potentialAction":[{"@type":"ReadAction","target":["https:\/\/www.shami-shop.com\/de\/produkt\/tsugaru-shamisen-150\/"]}]},{"@type":"BreadcrumbList","@id":"https:\/\/www.shami-shop.com\/de\/produkt\/tsugaru-shamisen-150\/#breadcrumb","itemListElement":[{"@type":"ListItem","position":1,"name":"Startseite","item":"https:\/\/www.shami-shop.com\/de\/"},{"@type":"ListItem","position":2,"name":"Shop","item":"https:\/\/www.shami-shop.com\/de\/shop\/"},{"@type":"ListItem","position":3,"name":"Rabatt-Set: Mega Anf\u00e4nger Set | Futozao Shamisen | Taiga"}]},{"@type":"WebSite","@id":"https:\/\/www.shami-shop.com\/de\/#website","url":"https:\/\/www.shami-shop.com\/de\/","name":"Shami-Shop","description":"Alles f\u00fcr den Shamisen-Spieler.","publisher":{"@id":"https:\/\/www.shami-shop.com\/de\/#organization"},"potentialAction":[{"@type":"SearchAction","target":{"@type":"EntryPoint","urlTemplate":"https:\/\/www.shami-shop.com\/de\/?s={search_term_string}"},"query-input":{"@type":"PropertyValueSpecification","valueRequired":true,"valueName":"search_term_string"}}],"inLanguage":"de"},{"@type":"Organization","@id":"https:\/\/www.shami-shop.com\/de\/#organization","name":"Shami-Shop","url":"https:\/\/www.shami-shop.com\/de\/","logo":{"@type":"ImageObject","inLanguage":"de","@id":"https:\/\/www.shami-shop.com\/de\/#\/schema\/logo\/image\/","url":"https:\/\/shami-shop.com\/wp-content\/uploads\/2021\/01\/Shami-Shop-Logo-1080.png","contentUrl":"https:\/\/shami-shop.com\/wp-content\/uploads\/2021\/01\/Shami-Shop-Logo-1080.png","width":1080,"height":1080,"caption":"Shami-Shop"},"image":{"@id":"https:\/\/www.shami-shop.com\/de\/#\/schema\/logo\/image\/"},"sameAs":["https:\/\/www.facebook.com\/weloveshamisen\/","https:\/\/www.instagram.com\/shamishop.europe\/"]}]}},"jetpack_sharing_enabled":true,"_links":{"self":[{"href":"https:\/\/www.shami-shop.com\/de\/wp-json\/wp\/v2\/product\/13492","targetHints":{"allow":["GET"]}}],"collection":[{"href":"https:\/\/www.shami-shop.com\/de\/wp-json\/wp\/v2\/product"}],"about":[{"href":"https:\/\/www.shami-shop.com\/de\/wp-json\/wp\/v2\/types\/product"}],"wp:attachment":[{"href":"https:\/\/www.shami-shop.com\/de\/wp-json\/wp\/v2\/media?parent=13492"}],"wp:term":[{"taxonomy":"product_brand","embeddable":true,"href":"https:\/\/www.shami-shop.com\/de\/wp-json\/wp\/v2\/product_brand?post=13492"},{"taxonomy":"product_cat","embeddable":true,"href":"https:\/\/www.shami-shop.com\/de\/wp-json\/wp\/v2\/product_cat?post=13492"},{"taxonomy":"product_tag","embeddable":true,"href":"https:\/\/www.shami-shop.com\/de\/wp-json\/wp\/v2\/product_tag?post=13492"}],"curies":[{"name":"wp","href":"https:\/\/api.w.org\/{rel}","templated":true}]}}