{"id":13495,"date":"2025-03-06T20:55:01","date_gmt":"2021-09-08T19:55:02","guid":{"rendered":"https:\/\/www.shami-shop.com\/?post_type=product&#038;p=13495"},"modified":"2025-03-07T21:29:18","modified_gmt":"2025-03-07T20:29:18","slug":"tsugaru-shamisen-162","status":"publish","type":"product","link":"https:\/\/www.shami-shop.com\/de\/produkt\/tsugaru-shamisen-162\/","title":{"rendered":"Tsugaru Shamisen Set | Takayoshi"},"content":{"rendered":"<p>Ich habe diese Shamisen \u201eTakayoshi\u201c (<strong>\u9686\u7f8e<\/strong>) genannt \u2013 ein prachtvoller Name f\u00fcr ein prachtvolles Instrument! Der Name bedeutet \u201ekraftvoll und pr\u00e4chtig\u201c und spiegelt sowohl das Aussehen als auch den Klang dieser wundersch\u00f6nen Shamisen wider. Man kann den Namen auch als \u201eTakami\u201c lesen, was die weibliche Lesart w\u00e4re. Super glattes Griffbrett &#8211; gleite wie ein Adler \u00fcber das Spektrum himmlischer Shamisen-Kl\u00e4nge &lt;3<\/p>\n<p>Das Instrument ist in exzellentem Zustand \u2013 ein echtes Schmuckst\u00fcck!<\/p>\n<p>Die Bauweise dieses Instruments ist Futozao und wird typischerweise f\u00fcr Tsugaru Stil benutzt. Die Halsbreite variiert je nach Bauart, und dieses hier hat Standardma\u00dfe. Das macht es super bequem f\u00fcr gr\u00f6\u00dfere H\u00e4nde, aber auch f\u00fcr kleinere H\u00e4nde leicht spielbar. Ich selbst spiele auf einem Shamisen dieser Gr\u00f6\u00dfe und bin etwa 161 cm gro\u00df \ud83d\ude42<\/p>\n<h5><strong>Holz:<\/strong><\/h5>\n<p>Der Hals des Instruments ist aus Koki-Holz gefertigt &#8211; das ist das meistbegehrte Holz f\u00fcr Shamisen heutzutage. Der tiefbraune Farbton, der im richtigen Licht fast schwarz wirkt, ist seit Jahrzehnten die gefragteste Optik. Da die Vorr\u00e4te an Koki-Holz immer knapper werden, sind Instrumente dieser Art heute begehrter denn je.<\/p>\n<h5><strong>Accessoires und H\u00e4ute:<\/strong><\/h5>\n<p>Das Instrument wird mit einem klassischen lila Neo und einem dunkelblauen, vintage Leder-Doukake geliefert. Im Set enthalten ist au\u00dferdem ein Set frischer Saiten, ein Tenjin-K\u00e4ppchen und ein Dougomu (Anti-Rutsch-Matte).<\/p>\n<p>Das Dou ist auf der Vorderseite frisch mit <em>Hibiki<\/em> bespannt \u2013 der neuesten Generation synthetischer H\u00e4ute mit einem warmen Klang, der n\u00e4her am nat\u00fcrlichen Fell ist als jede seiner Vorg\u00e4ngerversionen. Die R\u00fcckseite des Dou hat noch ihre urspr\u00fcngliche nat\u00fcrliche Bespannung. Ich bin kein Fan davon, perfekt intakte Felle zu entfernen, und da es noch sch\u00f6n straff ist, sah ich keinen Grund, es auszutauschen, nur damit beide Seiten gleich aussehen. Schlie\u00dflich sieht man ohnehin nur die Vorderseite. F\u00fcr den Klang ist nat\u00fcrliches Fell sowieso die beste Wahl.<\/p>\n<h5><strong>Hals:<\/strong><\/h5>\n<p>Der Hals ist am schmalen Ende 32 mm breit und 34 mm hoch und verbreitert sich leicht in Richtung Korpus. Das Griffbrett ist am schmalen Ende 30,5 mm breit. Die <em>Hatomune<\/em> &#8211; der Teil , wo der Hals in den Korpus eintaucht &#8211; endet in einer scharfen Kante, die es erm\u00f6glicht, auf diesem Instrument bis zur Position 20 und dar\u00fcber hinaus zu spielen. Das Griffbrett ist wunderbar glatt und l\u00e4sst einen am Hals entlang gleiten wie ein Adler im Wind. Schau dir die Fotos dieser makellosen Handwerkskunst an!<\/p>\n<h5><strong>Itomaki:<\/strong><\/h5>\n<p>Die <em>Itomaki<\/em> (Stimmwirbel) bestehen aus Ebenholz und sind sch\u00f6n gro\u00df \u2013 das erleichtert das Stimmen besonders f\u00fcr Spieler mit gr\u00f6\u00dferen H\u00e4nden erheblich!<\/p>\n<h5><strong>Sawari (Surren):<\/strong><\/h5>\n<p>Der eingearbeitete <em>Azuma Sawari<\/em> erm\u00f6glicht die Anpassung des Surrens je nach Geschmack und Anlass. Man kann so das Surren komplett abstellen (f\u00fcr moderne St\u00fccke, Pop\/Rock\/Metal, oder bestimmte Ensemble-Zusammensetzungen) und au\u00dferdem ein perfektes Surren erzielen egal wie hoch oder tief man die Shamisen stimmt. Am Sawari sieht man Spuren einer vorherigen Reparatur. Ich vermute, dass sich die Klebung der Verbindung zwischen Hals und Kopf gelockert hatte und im Rahmen der Neuverklebung eine L\u00fccke aufgef\u00fcllt werden musste (siehe Foto). Alles ist glatt und eben und die Stelle ist beim aufgebauten Instrument durch die dicke Saite verdeckt und damit nicht wahrnehmbar.<\/p>\n<h5><strong>Weiteres:<\/strong><\/h5>\n<p>Die <em>Tsukigata<\/em> (das halbmondf\u00f6rmige Ende des <em>Tenjin<\/em>) ist in perfektem Zustand. Der Hals ist im <em>Mitsuori<\/em> Stil gerabeitet: Er kann in drei Teile zerlegt werden. Die Verbindungen sind bei diesem Instrument in einfacher Ausfertigung gearbeitet gearbeitet. Dadurch, dass sich der Hals zerteilen l\u00e4sst, kann man mit diesem Instrument besonders bequem verreisen &#8211; selbst wenn man klein und leicht packen muss. Die Verbindungen sind mit h\u00f6chster Pr\u00e4zision gefertigt \u2013 jede hat zwei Stufen und ein individuelles Muster, was das Zusammensetzen auch im Schlafmangel oder in v\u00f6lliger Entr\u00fcckung \u00fcber dein wundersch\u00f6nes Instrument sicher und einfach macht. Die Teile rasten mit einem \u00e4u\u00dferst befriedigenden \u201eKlack\u201c ein \u2013 falls du nicht wei\u00dft, was das bedeutet: Es ist ein sehr gutes Zeichen, und du wirst es lieben!<\/p>\n<p>Alles, was man zum losspielen noch ben\u00f6tigt, sind ein <a href=\"https:\/\/www.shami-shop.com\/de\/produkt-kategorie\/koma-de\/\">Koma<\/a>, ein <a href=\"https:\/\/www.shami-shop.com\/de\/produkt-kategorie\/bachi-de\/\">Bachi<\/a> und ein <a href=\"https:\/\/www.shami-shop.com\/de\/produkt-kategorie\/zubehoer\/yubisuri-de\/\">Yubisuri<\/a>. W\u00e4hlen Sie Koma und Bachi je nach dem Stil, den Sie spielen m\u00f6chten und Ihren pers\u00f6nlichen Vorlieben. Yubisuri gibt es in unterschiedlichen Gr\u00f6\u00dfen. Au\u00dferdem wollte ich Sie der bitters\u00fc\u00dfen Qual der Wahl zwischen all den sch\u00f6nen Farben nicht berauben.<\/p>\n<p>Wenn Sie Hilfe bei der Auswahl der richtigen Komponenten ben\u00f6tigen, schicken Sie gerne eine Nachricht und wir stellen gemeinsam das perfekte Paket f\u00fcr Sie zusammen.<\/p>\n<p>Wenn Sie noch Fragen haben, schicken Sie mir einfach eine Nachricht und ich helfe gerne weiter.<\/p>\n<p><!-- notionvc: 51f62a3f-894c-412b-9c8d-c62fff958d2f --><\/p>\n","protected":false},"excerpt":{"rendered":"<ul>\n<li>Futozao Shamisen<\/li>\n<li style=\"list-style-type: none;\">\n<ul>\n<li>Sao Breite: 32 mm<\/li>\n<li>Sao H\u00f6he: 34 mm<\/li>\n<li>Griffbrett: 30,5 mm<\/li>\n<\/ul>\n<\/li>\n<li>Hals aus Koki-Holz<\/li>\n<li>frische Hibiki synthetische Haut vorne und Naturhaut hinten<\/li>\n<\/ul>\n<p><em>au\u00dferdem im Set enthalten:<\/em><\/p>\n<ul>\n<li>Neo<\/li>\n<li>Doukake<\/li>\n<li>Saiten<\/li>\n<li>Dougomu<\/li>\n<li>Tenjin-Schutz<\/li>\n<\/ul>\n<p><!-- notionvc: 2f406172-5ef9-49a0-83a3-04905ef0321d --><\/p>\n","protected":false},"featured_media":26234,"template":"","meta":{"_et_pb_use_builder":"","_et_pb_old_content":"","_et_gb_content_width":""},"product_brand":[],"product_cat":[339,388,391,413],"product_tag":[169],"class_list":{"0":"post-13495","1":"product","2":"type-product","3":"status-publish","4":"has-post-thumbnail","6":"product_cat-shamisen-de","7":"product_cat-futozao-de","8":"product_cat-tsugaru-de","9":"product_cat-tsugaru-stil","10":"product_tag-tsugaru-de","11":"product_shipping_class-5kg500-de","13":"first","14":"instock","15":"featured","16":"sold-individually","17":"shipping-taxable","18":"purchasable","19":"product-type-simple"},"yoast_head":"<!-- This site is optimized with the Yoast SEO plugin v26.9 - https:\/\/yoast.com\/product\/yoast-seo-wordpress\/ -->\n<title>Tsugaru Shamisen Set | Takayoshi - Shami-Shop<\/title>\n<meta name=\"description\" content=\"Futozao Shamisen f\u00fcr Tsugaru Shamisen Stil kaufen. Mit Naturh\u00e4uten bespannt. Lieferung direkt aus Berlin.\" \/>\n<meta name=\"robots\" content=\"index, follow, max-snippet:-1, max-image-preview:large, max-video-preview:-1\" \/>\n<link rel=\"canonical\" href=\"https:\/\/www.shami-shop.com\/de\/produkt\/tsugaru-shamisen-162\/\" \/>\n<meta property=\"og:locale\" content=\"de_DE\" \/>\n<meta property=\"og:type\" content=\"article\" \/>\n<meta property=\"og:title\" content=\"Tsugaru Shamisen Set | Takayoshi - Shami-Shop\" \/>\n<meta property=\"og:description\" content=\"Futozao Shamisen f\u00fcr Tsugaru Shamisen Stil kaufen. Mit Naturh\u00e4uten bespannt. Lieferung direkt aus Berlin.\" \/>\n<meta property=\"og:url\" content=\"https:\/\/www.shami-shop.com\/de\/produkt\/tsugaru-shamisen-162\/\" \/>\n<meta property=\"og:site_name\" content=\"Shami-Shop\" \/>\n<meta property=\"article:publisher\" content=\"https:\/\/www.facebook.com\/weloveshamisen\/\" \/>\n<meta property=\"article:modified_time\" content=\"2025-03-07T20:29:18+00:00\" \/>\n<meta property=\"og:image\" content=\"https:\/\/www.shami-shop.com\/wp-content\/uploads\/2024\/09\/FU-20-dou45.png\" \/>\n\t<meta property=\"og:image:width\" content=\"843\" \/>\n\t<meta property=\"og:image:height\" content=\"633\" \/>\n\t<meta property=\"og:image:type\" content=\"image\/png\" \/>\n<meta name=\"twitter:card\" content=\"summary_large_image\" \/>\n<meta name=\"twitter:label1\" content=\"Gesch\u00e4tzte Lesezeit\" \/>\n\t<meta name=\"twitter:data1\" content=\"4\u00a0Minuten\" \/>\n<script type=\"application\/ld+json\" class=\"yoast-schema-graph\">{\"@context\":\"https:\/\/schema.org\",\"@graph\":[{\"@type\":[\"WebPage\",\"ItemPage\"],\"@id\":\"https:\/\/www.shami-shop.com\/de\/produkt\/tsugaru-shamisen-162\/\",\"url\":\"https:\/\/www.shami-shop.com\/de\/produkt\/tsugaru-shamisen-162\/\",\"name\":\"Tsugaru Shamisen Set | Takayoshi - Shami-Shop\",\"isPartOf\":{\"@id\":\"https:\/\/www.shami-shop.com\/de\/#website\"},\"primaryImageOfPage\":{\"@id\":\"https:\/\/www.shami-shop.com\/de\/produkt\/tsugaru-shamisen-162\/#primaryimage\"},\"image\":{\"@id\":\"https:\/\/www.shami-shop.com\/de\/produkt\/tsugaru-shamisen-162\/#primaryimage\"},\"thumbnailUrl\":\"https:\/\/www.shami-shop.com\/wp-content\/uploads\/2024\/09\/FU-20-dou45.png\",\"datePublished\":\"2021-09-08T19:55:02+00:00\",\"dateModified\":\"2025-03-07T20:29:18+00:00\",\"description\":\"Futozao Shamisen f\u00fcr Tsugaru Shamisen Stil kaufen. Mit Naturh\u00e4uten bespannt. Lieferung direkt aus Berlin.\",\"breadcrumb\":{\"@id\":\"https:\/\/www.shami-shop.com\/de\/produkt\/tsugaru-shamisen-162\/#breadcrumb\"},\"inLanguage\":\"de\",\"potentialAction\":[{\"@type\":\"ReadAction\",\"target\":[\"https:\/\/www.shami-shop.com\/de\/produkt\/tsugaru-shamisen-162\/\"]}]},{\"@type\":\"ImageObject\",\"inLanguage\":\"de\",\"@id\":\"https:\/\/www.shami-shop.com\/de\/produkt\/tsugaru-shamisen-162\/#primaryimage\",\"url\":\"https:\/\/www.shami-shop.com\/wp-content\/uploads\/2024\/09\/FU-20-dou45.png\",\"contentUrl\":\"https:\/\/www.shami-shop.com\/wp-content\/uploads\/2024\/09\/FU-20-dou45.png\",\"width\":843,\"height\":633},{\"@type\":\"BreadcrumbList\",\"@id\":\"https:\/\/www.shami-shop.com\/de\/produkt\/tsugaru-shamisen-162\/#breadcrumb\",\"itemListElement\":[{\"@type\":\"ListItem\",\"position\":1,\"name\":\"Startseite\",\"item\":\"https:\/\/www.shami-shop.com\/de\/\"},{\"@type\":\"ListItem\",\"position\":2,\"name\":\"Shop\",\"item\":\"https:\/\/www.shami-shop.com\/de\/shop\/\"},{\"@type\":\"ListItem\",\"position\":3,\"name\":\"Tsugaru Shamisen Set | Takayoshi\"}]},{\"@type\":\"WebSite\",\"@id\":\"https:\/\/www.shami-shop.com\/de\/#website\",\"url\":\"https:\/\/www.shami-shop.com\/de\/\",\"name\":\"Shami-Shop\",\"description\":\"Alles f\u00fcr den Shamisen-Spieler.\",\"publisher\":{\"@id\":\"https:\/\/www.shami-shop.com\/de\/#organization\"},\"potentialAction\":[{\"@type\":\"SearchAction\",\"target\":{\"@type\":\"EntryPoint\",\"urlTemplate\":\"https:\/\/www.shami-shop.com\/de\/?s={search_term_string}\"},\"query-input\":{\"@type\":\"PropertyValueSpecification\",\"valueRequired\":true,\"valueName\":\"search_term_string\"}}],\"inLanguage\":\"de\"},{\"@type\":\"Organization\",\"@id\":\"https:\/\/www.shami-shop.com\/de\/#organization\",\"name\":\"Shami-Shop\",\"url\":\"https:\/\/www.shami-shop.com\/de\/\",\"logo\":{\"@type\":\"ImageObject\",\"inLanguage\":\"de\",\"@id\":\"https:\/\/www.shami-shop.com\/de\/#\/schema\/logo\/image\/\",\"url\":\"https:\/\/shami-shop.com\/wp-content\/uploads\/2021\/01\/Shami-Shop-Logo-1080.png\",\"contentUrl\":\"https:\/\/shami-shop.com\/wp-content\/uploads\/2021\/01\/Shami-Shop-Logo-1080.png\",\"width\":1080,\"height\":1080,\"caption\":\"Shami-Shop\"},\"image\":{\"@id\":\"https:\/\/www.shami-shop.com\/de\/#\/schema\/logo\/image\/\"},\"sameAs\":[\"https:\/\/www.facebook.com\/weloveshamisen\/\",\"https:\/\/www.instagram.com\/shamishop.europe\/\"]}]}<\/script>\n<!-- \/ Yoast SEO plugin. -->","yoast_head_json":{"title":"Tsugaru Shamisen Set | Takayoshi - Shami-Shop","description":"Futozao Shamisen f\u00fcr Tsugaru Shamisen Stil kaufen. Mit Naturh\u00e4uten bespannt. Lieferung direkt aus Berlin.","robots":{"index":"index","follow":"follow","max-snippet":"max-snippet:-1","max-image-preview":"max-image-preview:large","max-video-preview":"max-video-preview:-1"},"canonical":"https:\/\/www.shami-shop.com\/de\/produkt\/tsugaru-shamisen-162\/","og_locale":"de_DE","og_type":"article","og_title":"Tsugaru Shamisen Set | Takayoshi - Shami-Shop","og_description":"Futozao Shamisen f\u00fcr Tsugaru Shamisen Stil kaufen. Mit Naturh\u00e4uten bespannt. Lieferung direkt aus Berlin.","og_url":"https:\/\/www.shami-shop.com\/de\/produkt\/tsugaru-shamisen-162\/","og_site_name":"Shami-Shop","article_publisher":"https:\/\/www.facebook.com\/weloveshamisen\/","article_modified_time":"2025-03-07T20:29:18+00:00","og_image":[{"width":843,"height":633,"url":"https:\/\/www.shami-shop.com\/wp-content\/uploads\/2024\/09\/FU-20-dou45.png","type":"image\/png"}],"twitter_card":"summary_large_image","twitter_misc":{"Gesch\u00e4tzte Lesezeit":"4\u00a0Minuten"},"schema":{"@context":"https:\/\/schema.org","@graph":[{"@type":["WebPage","ItemPage"],"@id":"https:\/\/www.shami-shop.com\/de\/produkt\/tsugaru-shamisen-162\/","url":"https:\/\/www.shami-shop.com\/de\/produkt\/tsugaru-shamisen-162\/","name":"Tsugaru Shamisen Set | Takayoshi - Shami-Shop","isPartOf":{"@id":"https:\/\/www.shami-shop.com\/de\/#website"},"primaryImageOfPage":{"@id":"https:\/\/www.shami-shop.com\/de\/produkt\/tsugaru-shamisen-162\/#primaryimage"},"image":{"@id":"https:\/\/www.shami-shop.com\/de\/produkt\/tsugaru-shamisen-162\/#primaryimage"},"thumbnailUrl":"https:\/\/www.shami-shop.com\/wp-content\/uploads\/2024\/09\/FU-20-dou45.png","datePublished":"2021-09-08T19:55:02+00:00","dateModified":"2025-03-07T20:29:18+00:00","description":"Futozao Shamisen f\u00fcr Tsugaru Shamisen Stil kaufen. Mit Naturh\u00e4uten bespannt. Lieferung direkt aus Berlin.","breadcrumb":{"@id":"https:\/\/www.shami-shop.com\/de\/produkt\/tsugaru-shamisen-162\/#breadcrumb"},"inLanguage":"de","potentialAction":[{"@type":"ReadAction","target":["https:\/\/www.shami-shop.com\/de\/produkt\/tsugaru-shamisen-162\/"]}]},{"@type":"ImageObject","inLanguage":"de","@id":"https:\/\/www.shami-shop.com\/de\/produkt\/tsugaru-shamisen-162\/#primaryimage","url":"https:\/\/www.shami-shop.com\/wp-content\/uploads\/2024\/09\/FU-20-dou45.png","contentUrl":"https:\/\/www.shami-shop.com\/wp-content\/uploads\/2024\/09\/FU-20-dou45.png","width":843,"height":633},{"@type":"BreadcrumbList","@id":"https:\/\/www.shami-shop.com\/de\/produkt\/tsugaru-shamisen-162\/#breadcrumb","itemListElement":[{"@type":"ListItem","position":1,"name":"Startseite","item":"https:\/\/www.shami-shop.com\/de\/"},{"@type":"ListItem","position":2,"name":"Shop","item":"https:\/\/www.shami-shop.com\/de\/shop\/"},{"@type":"ListItem","position":3,"name":"Tsugaru Shamisen Set | Takayoshi"}]},{"@type":"WebSite","@id":"https:\/\/www.shami-shop.com\/de\/#website","url":"https:\/\/www.shami-shop.com\/de\/","name":"Shami-Shop","description":"Alles f\u00fcr den Shamisen-Spieler.","publisher":{"@id":"https:\/\/www.shami-shop.com\/de\/#organization"},"potentialAction":[{"@type":"SearchAction","target":{"@type":"EntryPoint","urlTemplate":"https:\/\/www.shami-shop.com\/de\/?s={search_term_string}"},"query-input":{"@type":"PropertyValueSpecification","valueRequired":true,"valueName":"search_term_string"}}],"inLanguage":"de"},{"@type":"Organization","@id":"https:\/\/www.shami-shop.com\/de\/#organization","name":"Shami-Shop","url":"https:\/\/www.shami-shop.com\/de\/","logo":{"@type":"ImageObject","inLanguage":"de","@id":"https:\/\/www.shami-shop.com\/de\/#\/schema\/logo\/image\/","url":"https:\/\/shami-shop.com\/wp-content\/uploads\/2021\/01\/Shami-Shop-Logo-1080.png","contentUrl":"https:\/\/shami-shop.com\/wp-content\/uploads\/2021\/01\/Shami-Shop-Logo-1080.png","width":1080,"height":1080,"caption":"Shami-Shop"},"image":{"@id":"https:\/\/www.shami-shop.com\/de\/#\/schema\/logo\/image\/"},"sameAs":["https:\/\/www.facebook.com\/weloveshamisen\/","https:\/\/www.instagram.com\/shamishop.europe\/"]}]}},"jetpack_sharing_enabled":true,"_links":{"self":[{"href":"https:\/\/www.shami-shop.com\/de\/wp-json\/wp\/v2\/product\/13495","targetHints":{"allow":["GET"]}}],"collection":[{"href":"https:\/\/www.shami-shop.com\/de\/wp-json\/wp\/v2\/product"}],"about":[{"href":"https:\/\/www.shami-shop.com\/de\/wp-json\/wp\/v2\/types\/product"}],"wp:featuredmedia":[{"embeddable":true,"href":"https:\/\/www.shami-shop.com\/de\/wp-json\/wp\/v2\/media\/26234"}],"wp:attachment":[{"href":"https:\/\/www.shami-shop.com\/de\/wp-json\/wp\/v2\/media?parent=13495"}],"wp:term":[{"taxonomy":"product_brand","embeddable":true,"href":"https:\/\/www.shami-shop.com\/de\/wp-json\/wp\/v2\/product_brand?post=13495"},{"taxonomy":"product_cat","embeddable":true,"href":"https:\/\/www.shami-shop.com\/de\/wp-json\/wp\/v2\/product_cat?post=13495"},{"taxonomy":"product_tag","embeddable":true,"href":"https:\/\/www.shami-shop.com\/de\/wp-json\/wp\/v2\/product_tag?post=13495"}],"curies":[{"name":"wp","href":"https:\/\/api.w.org\/{rel}","templated":true}]}}