{"id":13578,"date":"2021-09-12T08:26:45","date_gmt":"2021-09-12T07:26:46","guid":{"rendered":"https:\/\/www.shami-shop.com\/?post_type=product&#038;p=13578"},"modified":"2021-09-12T08:40:57","modified_gmt":"2021-09-12T07:40:57","slug":"tsugaru-bachi-26","status":"publish","type":"product","link":"https:\/\/www.shami-shop.com\/de\/produkt\/tsugaru-bachi-26\/","title":{"rendered":"Tsugaru Bachi | Bekko | M\/L"},"content":{"rendered":"<p>Traditionelles Bekko Bachi f\u00fcr Tsugaru Shamisen Stil. Bekko Bachi sind der Standard f\u00fcr Tsugaru Shamisen Stil. Die Flexibilit\u00e4t des Blattes und der unverkennbare perkussive Klang beim Anschlagen der Saiten ist eine wichtige Nuance des authentischen Klangs von Tsugaru Shamisen. Mit einem Bekko Bachi zu spielen f\u00fchlt sich g\u00e4nzlich anders an als mit einem Standard Sch\u00fcler-Bachi aus Kunststoff. Der Klang Ihrer Shamisen wird dadurch auch enorm ver\u00e4ndert.<\/p>\n<p>Das <strong>Blatt<\/strong> dieses Bachi f\u00fchlt sich kr\u00e4ftig an, hat aber sch\u00f6ne flexible Ecken. Die <strong>F\u00e4rbung<\/strong> des Blatts ist ein Traum! Es ist nicht leicht, ein Bachi mit einem so hellen Blatt zu ergattern. Es hei\u00dft, helles Bekko sei hochwertiger und erzeuge einen besseren Klang. Dieses Bachi ist brandneu und hat perfekte spitze <strong>Ecken<\/strong>.<\/p>\n<p>Der <strong>Griff<\/strong> ist aus Kunststoff und hat eine mittlere L\u00e4nge. Dieses Bachi wird in mittleren bis gro\u00dfen H\u00e4nden besonders bequem liegen.<\/p>\n<p>Mit seinen 131,4 Gramm <strong>Gewicht<\/strong> f\u00fchlt es sich sehr ausgewogen an und verleiht dem Schlag mit seinem Eigengewicht ein bisschen extra Schwung. Es gibt kein besser oder schlechter beim Gewicht und das Gewicht hat auch nichts mit der K\u00f6rpergr\u00f6\u00dfe oder dem eigenen Spiel-Stil zu tun. Es ist schlichtweg pers\u00f6nliche Pr\u00e4ferenz, die das ideale Gewicht eines Bachi bestimmt.<\/p>\n<p>Wenn Sie gerade erst mit dem Shamisen Spielen anfangen: Es ist ganz normal, dass sich das Bachi anfangs etwas seltsam in der Hand anf\u00fchlt. Aber es sollte niemals zu Schmerzen f\u00fchren &#8211; weder im Handgelenk noch in den Fingern. Bitte achten Sie darauf, das Bachi am Griff nicht fest zu umschlie\u00dfen, sondern es eher locker zwischen den Fingern eingeklemmt zu haben. Das ist am Anfang wirklich (vor allem vom Kopf her) schwer, aber damit kommt man zu einem lockeren Schwung, schmerzfreiem und gesundem Spiel und einem fantastischen Klang.<\/p>\n<p><strong>Ma\u00dfe:<\/strong><\/p>\n<ul>\n<li>Blatt: 9,4 cm<\/li>\n<li>L\u00e4nge: 18,3 cm<\/li>\n<li>Griffbreite (unteres Ende): 26,5 mm<\/li>\n<li>Griffh\u00f6he (unteres Ende): 25 mm<\/li>\n<li>Gewicht: 131,4 g<\/li>\n<\/ul>\n","protected":false},"excerpt":{"rendered":"<p><strong>Stil:<\/strong> Tsugaru<\/p>\n<p><strong>Gr\u00f6\u00dfe:<\/strong> M-L<\/p>\n<p><strong>Ma\u00dfe:<\/strong><\/p>\n<ul>\n<li>Blatt: 9,4 cm<\/li>\n<li>L\u00e4nge: 18,3 cm<\/li>\n<li>Griffbreite (unteres Ende): 26,5 mm<\/li>\n<li>Griffh\u00f6he (unteres Ende): 25 mm<\/li>\n<li>Gewicht: 131,4 g<\/li>\n<\/ul>\n","protected":false},"featured_media":11069,"template":"","meta":{"_et_pb_use_builder":"","_et_pb_old_content":"","_et_gb_content_width":""},"product_brand":[],"product_cat":[135,393],"product_tag":[312,169],"class_list":{"0":"post-13578","1":"product","2":"type-product","3":"status-publish","4":"has-post-thumbnail","6":"product_cat-bachi-de","7":"product_cat-bachi-tsugaru-de","8":"product_tag-bachi-de","9":"product_tag-tsugaru-de","10":"product_shipping_class-paket-m-2kg","12":"first","13":"instock","14":"purchasable","15":"product-type-simple"},"yoast_head":"<!-- This site is optimized with the Yoast SEO plugin v26.9 - https:\/\/yoast.com\/product\/yoast-seo-wordpress\/ -->\n<title>Tsugaru Bachi | Bekko | M\/L - Shami-Shop<\/title>\n<meta name=\"description\" content=\"Traditionelles Bekko Bachi f\u00fcr Tsugaru Shamisen Stil. F\u00fcr den authentischen Klang von Tsugaru Shamisen. Versand direkt aus Berlin.\" \/>\n<meta name=\"robots\" content=\"index, follow, max-snippet:-1, max-image-preview:large, max-video-preview:-1\" \/>\n<link rel=\"canonical\" href=\"https:\/\/www.shami-shop.com\/de\/produkt\/tsugaru-bachi-26\/\" \/>\n<meta property=\"og:locale\" content=\"de_DE\" \/>\n<meta property=\"og:type\" content=\"article\" \/>\n<meta property=\"og:title\" content=\"Tsugaru Bachi | Bekko | M\/L - Shami-Shop\" \/>\n<meta property=\"og:description\" content=\"Traditionelles Bekko Bachi f\u00fcr Tsugaru Shamisen Stil. F\u00fcr den authentischen Klang von Tsugaru Shamisen. Versand direkt aus Berlin.\" \/>\n<meta property=\"og:url\" content=\"https:\/\/www.shami-shop.com\/de\/produkt\/tsugaru-bachi-26\/\" \/>\n<meta property=\"og:site_name\" content=\"Shami-Shop\" \/>\n<meta property=\"article:publisher\" content=\"https:\/\/www.facebook.com\/weloveshamisen\/\" \/>\n<meta property=\"article:modified_time\" content=\"2021-09-12T07:40:57+00:00\" \/>\n<meta property=\"og:image\" content=\"https:\/\/www.shami-shop.com\/wp-content\/uploads\/2021\/08\/BK-26-a.png\" \/>\n\t<meta property=\"og:image:width\" content=\"1080\" \/>\n\t<meta property=\"og:image:height\" content=\"720\" \/>\n\t<meta property=\"og:image:type\" content=\"image\/png\" \/>\n<meta name=\"twitter:card\" content=\"summary_large_image\" \/>\n<meta name=\"twitter:label1\" content=\"Gesch\u00e4tzte Lesezeit\" \/>\n\t<meta name=\"twitter:data1\" content=\"2\u00a0Minuten\" \/>\n<script type=\"application\/ld+json\" class=\"yoast-schema-graph\">{\"@context\":\"https:\/\/schema.org\",\"@graph\":[{\"@type\":[\"WebPage\",\"ItemPage\"],\"@id\":\"https:\/\/www.shami-shop.com\/de\/produkt\/tsugaru-bachi-26\/\",\"url\":\"https:\/\/www.shami-shop.com\/de\/produkt\/tsugaru-bachi-26\/\",\"name\":\"Tsugaru Bachi | Bekko | M\/L - Shami-Shop\",\"isPartOf\":{\"@id\":\"https:\/\/www.shami-shop.com\/de\/#website\"},\"primaryImageOfPage\":{\"@id\":\"https:\/\/www.shami-shop.com\/de\/produkt\/tsugaru-bachi-26\/#primaryimage\"},\"image\":{\"@id\":\"https:\/\/www.shami-shop.com\/de\/produkt\/tsugaru-bachi-26\/#primaryimage\"},\"thumbnailUrl\":\"https:\/\/www.shami-shop.com\/wp-content\/uploads\/2021\/08\/BK-26-a.png\",\"datePublished\":\"2021-09-12T07:26:46+00:00\",\"dateModified\":\"2021-09-12T07:40:57+00:00\",\"description\":\"Traditionelles Bekko Bachi f\u00fcr Tsugaru Shamisen Stil. F\u00fcr den authentischen Klang von Tsugaru Shamisen. Versand direkt aus Berlin.\",\"breadcrumb\":{\"@id\":\"https:\/\/www.shami-shop.com\/de\/produkt\/tsugaru-bachi-26\/#breadcrumb\"},\"inLanguage\":\"de\",\"potentialAction\":[{\"@type\":\"ReadAction\",\"target\":[\"https:\/\/www.shami-shop.com\/de\/produkt\/tsugaru-bachi-26\/\"]}]},{\"@type\":\"ImageObject\",\"inLanguage\":\"de\",\"@id\":\"https:\/\/www.shami-shop.com\/de\/produkt\/tsugaru-bachi-26\/#primaryimage\",\"url\":\"https:\/\/www.shami-shop.com\/wp-content\/uploads\/2021\/08\/BK-26-a.png\",\"contentUrl\":\"https:\/\/www.shami-shop.com\/wp-content\/uploads\/2021\/08\/BK-26-a.png\",\"width\":1080,\"height\":720},{\"@type\":\"BreadcrumbList\",\"@id\":\"https:\/\/www.shami-shop.com\/de\/produkt\/tsugaru-bachi-26\/#breadcrumb\",\"itemListElement\":[{\"@type\":\"ListItem\",\"position\":1,\"name\":\"Startseite\",\"item\":\"https:\/\/www.shami-shop.com\/de\/\"},{\"@type\":\"ListItem\",\"position\":2,\"name\":\"Shop\",\"item\":\"https:\/\/www.shami-shop.com\/de\/shop\/\"},{\"@type\":\"ListItem\",\"position\":3,\"name\":\"Tsugaru Bachi | Bekko | M\/L\"}]},{\"@type\":\"WebSite\",\"@id\":\"https:\/\/www.shami-shop.com\/de\/#website\",\"url\":\"https:\/\/www.shami-shop.com\/de\/\",\"name\":\"Shami-Shop\",\"description\":\"Alles f\u00fcr den Shamisen-Spieler.\",\"publisher\":{\"@id\":\"https:\/\/www.shami-shop.com\/de\/#organization\"},\"potentialAction\":[{\"@type\":\"SearchAction\",\"target\":{\"@type\":\"EntryPoint\",\"urlTemplate\":\"https:\/\/www.shami-shop.com\/de\/?s={search_term_string}\"},\"query-input\":{\"@type\":\"PropertyValueSpecification\",\"valueRequired\":true,\"valueName\":\"search_term_string\"}}],\"inLanguage\":\"de\"},{\"@type\":\"Organization\",\"@id\":\"https:\/\/www.shami-shop.com\/de\/#organization\",\"name\":\"Shami-Shop\",\"url\":\"https:\/\/www.shami-shop.com\/de\/\",\"logo\":{\"@type\":\"ImageObject\",\"inLanguage\":\"de\",\"@id\":\"https:\/\/www.shami-shop.com\/de\/#\/schema\/logo\/image\/\",\"url\":\"https:\/\/shami-shop.com\/wp-content\/uploads\/2021\/01\/Shami-Shop-Logo-1080.png\",\"contentUrl\":\"https:\/\/shami-shop.com\/wp-content\/uploads\/2021\/01\/Shami-Shop-Logo-1080.png\",\"width\":1080,\"height\":1080,\"caption\":\"Shami-Shop\"},\"image\":{\"@id\":\"https:\/\/www.shami-shop.com\/de\/#\/schema\/logo\/image\/\"},\"sameAs\":[\"https:\/\/www.facebook.com\/weloveshamisen\/\",\"https:\/\/www.instagram.com\/shamishop.europe\/\"]}]}<\/script>\n<!-- \/ Yoast SEO plugin. -->","yoast_head_json":{"title":"Tsugaru Bachi | Bekko | M\/L - Shami-Shop","description":"Traditionelles Bekko Bachi f\u00fcr Tsugaru Shamisen Stil. F\u00fcr den authentischen Klang von Tsugaru Shamisen. Versand direkt aus Berlin.","robots":{"index":"index","follow":"follow","max-snippet":"max-snippet:-1","max-image-preview":"max-image-preview:large","max-video-preview":"max-video-preview:-1"},"canonical":"https:\/\/www.shami-shop.com\/de\/produkt\/tsugaru-bachi-26\/","og_locale":"de_DE","og_type":"article","og_title":"Tsugaru Bachi | Bekko | M\/L - Shami-Shop","og_description":"Traditionelles Bekko Bachi f\u00fcr Tsugaru Shamisen Stil. F\u00fcr den authentischen Klang von Tsugaru Shamisen. Versand direkt aus Berlin.","og_url":"https:\/\/www.shami-shop.com\/de\/produkt\/tsugaru-bachi-26\/","og_site_name":"Shami-Shop","article_publisher":"https:\/\/www.facebook.com\/weloveshamisen\/","article_modified_time":"2021-09-12T07:40:57+00:00","og_image":[{"width":1080,"height":720,"url":"https:\/\/www.shami-shop.com\/wp-content\/uploads\/2021\/08\/BK-26-a.png","type":"image\/png"}],"twitter_card":"summary_large_image","twitter_misc":{"Gesch\u00e4tzte Lesezeit":"2\u00a0Minuten"},"schema":{"@context":"https:\/\/schema.org","@graph":[{"@type":["WebPage","ItemPage"],"@id":"https:\/\/www.shami-shop.com\/de\/produkt\/tsugaru-bachi-26\/","url":"https:\/\/www.shami-shop.com\/de\/produkt\/tsugaru-bachi-26\/","name":"Tsugaru Bachi | Bekko | M\/L - Shami-Shop","isPartOf":{"@id":"https:\/\/www.shami-shop.com\/de\/#website"},"primaryImageOfPage":{"@id":"https:\/\/www.shami-shop.com\/de\/produkt\/tsugaru-bachi-26\/#primaryimage"},"image":{"@id":"https:\/\/www.shami-shop.com\/de\/produkt\/tsugaru-bachi-26\/#primaryimage"},"thumbnailUrl":"https:\/\/www.shami-shop.com\/wp-content\/uploads\/2021\/08\/BK-26-a.png","datePublished":"2021-09-12T07:26:46+00:00","dateModified":"2021-09-12T07:40:57+00:00","description":"Traditionelles Bekko Bachi f\u00fcr Tsugaru Shamisen Stil. F\u00fcr den authentischen Klang von Tsugaru Shamisen. Versand direkt aus Berlin.","breadcrumb":{"@id":"https:\/\/www.shami-shop.com\/de\/produkt\/tsugaru-bachi-26\/#breadcrumb"},"inLanguage":"de","potentialAction":[{"@type":"ReadAction","target":["https:\/\/www.shami-shop.com\/de\/produkt\/tsugaru-bachi-26\/"]}]},{"@type":"ImageObject","inLanguage":"de","@id":"https:\/\/www.shami-shop.com\/de\/produkt\/tsugaru-bachi-26\/#primaryimage","url":"https:\/\/www.shami-shop.com\/wp-content\/uploads\/2021\/08\/BK-26-a.png","contentUrl":"https:\/\/www.shami-shop.com\/wp-content\/uploads\/2021\/08\/BK-26-a.png","width":1080,"height":720},{"@type":"BreadcrumbList","@id":"https:\/\/www.shami-shop.com\/de\/produkt\/tsugaru-bachi-26\/#breadcrumb","itemListElement":[{"@type":"ListItem","position":1,"name":"Startseite","item":"https:\/\/www.shami-shop.com\/de\/"},{"@type":"ListItem","position":2,"name":"Shop","item":"https:\/\/www.shami-shop.com\/de\/shop\/"},{"@type":"ListItem","position":3,"name":"Tsugaru Bachi | Bekko | M\/L"}]},{"@type":"WebSite","@id":"https:\/\/www.shami-shop.com\/de\/#website","url":"https:\/\/www.shami-shop.com\/de\/","name":"Shami-Shop","description":"Alles f\u00fcr den Shamisen-Spieler.","publisher":{"@id":"https:\/\/www.shami-shop.com\/de\/#organization"},"potentialAction":[{"@type":"SearchAction","target":{"@type":"EntryPoint","urlTemplate":"https:\/\/www.shami-shop.com\/de\/?s={search_term_string}"},"query-input":{"@type":"PropertyValueSpecification","valueRequired":true,"valueName":"search_term_string"}}],"inLanguage":"de"},{"@type":"Organization","@id":"https:\/\/www.shami-shop.com\/de\/#organization","name":"Shami-Shop","url":"https:\/\/www.shami-shop.com\/de\/","logo":{"@type":"ImageObject","inLanguage":"de","@id":"https:\/\/www.shami-shop.com\/de\/#\/schema\/logo\/image\/","url":"https:\/\/shami-shop.com\/wp-content\/uploads\/2021\/01\/Shami-Shop-Logo-1080.png","contentUrl":"https:\/\/shami-shop.com\/wp-content\/uploads\/2021\/01\/Shami-Shop-Logo-1080.png","width":1080,"height":1080,"caption":"Shami-Shop"},"image":{"@id":"https:\/\/www.shami-shop.com\/de\/#\/schema\/logo\/image\/"},"sameAs":["https:\/\/www.facebook.com\/weloveshamisen\/","https:\/\/www.instagram.com\/shamishop.europe\/"]}]}},"jetpack_sharing_enabled":true,"_links":{"self":[{"href":"https:\/\/www.shami-shop.com\/de\/wp-json\/wp\/v2\/product\/13578","targetHints":{"allow":["GET"]}}],"collection":[{"href":"https:\/\/www.shami-shop.com\/de\/wp-json\/wp\/v2\/product"}],"about":[{"href":"https:\/\/www.shami-shop.com\/de\/wp-json\/wp\/v2\/types\/product"}],"wp:featuredmedia":[{"embeddable":true,"href":"https:\/\/www.shami-shop.com\/de\/wp-json\/wp\/v2\/media\/11069"}],"wp:attachment":[{"href":"https:\/\/www.shami-shop.com\/de\/wp-json\/wp\/v2\/media?parent=13578"}],"wp:term":[{"taxonomy":"product_brand","embeddable":true,"href":"https:\/\/www.shami-shop.com\/de\/wp-json\/wp\/v2\/product_brand?post=13578"},{"taxonomy":"product_cat","embeddable":true,"href":"https:\/\/www.shami-shop.com\/de\/wp-json\/wp\/v2\/product_cat?post=13578"},{"taxonomy":"product_tag","embeddable":true,"href":"https:\/\/www.shami-shop.com\/de\/wp-json\/wp\/v2\/product_tag?post=13578"}],"curies":[{"name":"wp","href":"https:\/\/api.w.org\/{rel}","templated":true}]}}