{"id":13776,"date":"2025-12-20T07:30:58","date_gmt":"2025-12-20T06:30:58","guid":{"rendered":"https:\/\/www.shami-shop.com\/?post_type=product&#038;p=13776"},"modified":"2026-01-13T06:57:18","modified_gmt":"2026-01-13T05:57:18","slug":"sh118","status":"publish","type":"product","link":"https:\/\/www.shami-shop.com\/de\/produkt\/sh118\/","title":{"rendered":"Minyo Shamisen Set &#8222;Kurotsuru&#8220;"},"content":{"rendered":"<p>Eine Ode an die Sch\u00f6nheit ist diese Shamisen! Daher der Name \u201eKurotsuru\u201c (\u9ed2\u9db4), was \u201eschwarzer Kranich\u201c bedeutet. Der <strong><em data-start=\"196\" data-end=\"203\">Kranich (tsuru) <\/em><\/strong>ist ein kraftvolles Symbol in der japanischen Kultur: Anmut, Langlebigkeit und Fokus \u2014 genau die Ausstrahlung, die dieses Instrument hat. Die goldenen Kraniche, die auf dem energiegeladenen roten Doukake ihre Fl\u00fcgel ausbreiten, bilden einen wundersch\u00f6nen Kontrast zu den schwarzen H\u00e4uten. <strong>Kuro<\/strong> bedeutet <strong>schwarz<\/strong> \u2014 wie die H\u00e4ute, aber auch wie der tiefe, dunkle Farbton des Holzes.<\/p>\n<p>Eine wirklich wundersch\u00f6ne Shamisen mit mittelbreitem Hals (ch\u016bzao), typisch f\u00fcr den Minyo-Spielstil. Durch den verstellbaren Azuma Sawari kann man bei dieser Shamisen ein perfektes Surren einstellen, egal wie hoch oder tief man sein Instrument stimmt. Innerhalb der Kategorie der Ch\u016bzao-Shamisen ist dieses Modell auf der breiteren Seite und damit eine sehr gute Wahl f\u00fcr Spieler mit gr\u00f6\u00dferen H\u00e4nden.<\/p>\n<p>Ein besonders kostbares Instrument mit besonders aufw\u00e4ndig gearbeiteten Verbindungen und Metallbeschlag am Spie\u00df (Rindou).<\/p>\n<h5><strong>Holz:<\/strong><\/h5>\n<p>Der Hals dieses Instruments ist aus Koki-Holz gefertigt \u2013 dem begehrtesten Holz in der heutigen Shamisen-Szene. Es zeigt eine seltene und faszinierende Maserung namens \u201etochi\u201c \u2014 diese flammenartigen Lichtreflexe, die erscheinen, wenn das Licht aus dem richtigen Winkel darauf f\u00e4llt. Ein absolut beeindruckendes Instrument!<\/p>\n<h5><strong>Accessoires und H\u00e4ute:<\/strong><\/h5>\n<p>Diese Shamisen habe ich mit einem wundersch\u00f6nen roten Doukake mit goldenen Kranichen ausgestattet. Der rote Neo greift den Farbton auf und unterstreicht den wundersch\u00f6n eleganten Gesamteindruck. Im Set enthalten ist au\u00dferdem ein Set frischer Saiten, ein Tenjin-K\u00e4ppchen und ein Dougomu (Anti-Rutsch-Matte).<\/p>\n<p>Der Korpus ist mit <em>Hibiki<\/em> bespannt &#8211; der neuesten Generation synthetischer Haut, die einen warmen Klang hat und dem Klang von Naturhaut n\u00e4her kommt als alle seine Vorg\u00e4nger.<\/p>\n<p>Hibiki ist besonders robust und widerstandsf\u00e4hig. Im Vergleich zu nat\u00fcrlicher Haut muss man sich bei synthetischer Haut nicht um Klimaschwankungen oder einen pl\u00f6tzlichen Regenschauer sorgen, wenn man einmal drau\u00dfen spielt. Allerdings sei geraten, grunds\u00e4tzlich trotzdem die Shamisen trocken zu halten, um das Holz zu sch\u00fctzen. Das bedeutet, man braucht keine Washi-H\u00fclle, um die Haut zu sch\u00fctzen.<\/p>\n<h5><strong>Hals:<\/strong><\/h5>\n<p>Der Hals ist 29 mm breit und 30 mm hoch am oberen Ende und verbreitert sich leicht in Richtung Dou (Korpus). Das Griffbrett ist am schmalen Ende 27,75 mm breit. Die <em>Hatomune<\/em> &#8211; der Teil , wo der Hals in den Korpus eintaucht &#8211; endet in einer scharfen Kante, die es erm\u00f6glicht, auf diesem Instrument bis zur Position 20 und dar\u00fcber hinaus zu spielen. Das Griffbrett ist himmlisch glatt und macht das Spielen besonders angenehm.<\/p>\n<h5><strong>Itomaki:<\/strong><\/h5>\n<p>Die <em>Itomaki<\/em> (Wirbel) sind aus Ebenholz gearbeitet und haben eine wunderbar ausgewogene Gr\u00f6\u00dfe, die das Stimmen besonders einfach und bequem macht.<\/p>\n<h5><strong>Sawari (Surren):<\/strong><\/h5>\n<p>Der eingearbeitete <em>Azuma Sawari<\/em> erm\u00f6glicht die Anpassung des Surrens je nach Geschmack und Anlass. Man kann so das Surren komplett abstellen (f\u00fcr moderne St\u00fccke, Pop\/Rock\/Metal, oder bestimmte Ensemble-Zusammensetzungen) und au\u00dferdem ein perfektes Surren erzielen egal wie hoch oder tief man die Shamisen stimmt.<\/p>\n<h5><strong>Weiteres:<\/strong><\/h5>\n<p>Die <em>Tsukigata<\/em> (das halbmondf\u00f6rmige Ende des <em>Tenjin<\/em>) ist in perfektem Zustand, und das Holz des Instruments hat einen wundersch\u00f6nen, tiefbraunen Farbton sowie eine feine Maserung, die im Licht geheimnisvoll schimmert. Der Hals ist im <em>Mitsuori<\/em> Stil gerabeitet: Er kann in drei Teile zerlegt werden. Die Verbindungen sind bei diesem Instrument in einfacher Ausfertigung gearbeitet gearbeitet. Dadurch, dass sich der Hals zerteilen l\u00e4sst, kann man mit diesem Instrument besonders bequem verreisen &#8211; selbst wenn man klein und leicht packen muss. Die Verbindungen sind hervorragend gearbeitet und sitzen wunderbar fest.<\/p>\n<p>Alles, was Sie zum losspielen noch ben\u00f6tigen, sind ein <a href=\"https:\/\/shami-shop.com\/product-categorie\/koma\/\">Koma<\/a>, ein <a href=\"https:\/\/shami-shop.com\/product-categorie\/bachi\/\">Bachi<\/a> und ein <a href=\"https:\/\/shami-shop.com\/product\/yubisuri\/\">Yubisuri<\/a>. W\u00e4hlen Sie Koma und Bachi je nach dem Stil, den Sie spielen m\u00f6chten und Ihren pers\u00f6nlichen Vorlieben. Yubisuri gibt es in unterschiedlichen Gr\u00f6\u00dfen. Au\u00dferdem wollte ich Sie der bitters\u00fc\u00dfen Qual der Wahl zwischen all den sch\u00f6nen Farben nicht berauben.<\/p>\n<p>Wenn Sie Hilfe bei der Auwahl der richtigen Komponenten ben\u00f6tigen, schicken Sie gerne eine Nachricht und wir stellen gemeinsam das perfekte Paket f\u00fcr Sie zusammen.<\/p>\n<p>Wenn Sie noch Fragen haben, schicken Sie mir einfach eine Nachricht und ich helfe gerne weiter.<\/p>\n<p><!-- notionvc: 7dbc7039-e403-48fb-9822-add886178937 --><\/p>\n","protected":false},"excerpt":{"rendered":"<ul>\n<li>Chuuzao Minyo Shamisen\n<ul>\n<li>Sao Breite: 29 mm<\/li>\n<li>Sao H\u00f6he: 30 mm<\/li>\n<li>Griffbrett: 27,75 mm<\/li>\n<\/ul>\n<\/li>\n<li>Hals aus Tochi Koki Holz<\/li>\n<li>frische Hibiki Kunsth\u00e4ute auf Vorder- und R\u00fcckseite<\/li>\n<\/ul>\n<p><em>au\u00dferdem im Set enthalten:<\/em><\/p>\n<ul>\n<li>Neo<\/li>\n<li>Doukake<\/li>\n<li>Saiten<\/li>\n<li>Dougomu<\/li>\n<li>Tenjin-Schutz<\/li>\n<\/ul>\n<p><!-- notionvc: 7acf6e54-bc86-45fb-ae5f-d4d7ecbc427e --><\/p>\n","protected":false},"featured_media":0,"template":"","meta":{"_et_pb_use_builder":"off","_et_pb_old_content":"Wer dieses Instrument ergattert, ist ein wahrer Gl\u00fcckspilz. Diese Shamisen ist au\u00dferordentlich sch\u00f6n und hervorragend gearbeitet. H\u00e4tte ich mehr Platz und mehr Zeit zum spielen, w\u00fcrde ich dieses Instrument f\u00fcr mich selbst behalten. M\u00f6ge diese Shamisen dir Freude bringen und dabei helfen, deine kreativen Schwingen auszubreiten.\n\nDiese Bauweise wird mit dem <em>Minyo<\/em> Stil assoziiert, aber sie ist sehr vielf\u00e4ltig und macht das Spielen verschiedenster Stile zu einem traumhaften Erlebnis. Dieses Instrument ist recht nah an einer Futozao Shamisen. Als Chuuzao Shamisen ist dieses Instrument eine gute Wahl f\u00fcr alle, die noch nicht genau wissen, wohin das Shamisen-Abenteuer gehen soll. Die Breite des Griffbretts macht den Hals f\u00fcr jeden Handgr\u00f6\u00dfe bequem und die H\u00f6he\/Dicke des Halses macht ihn besonders komfortabel zu greifen.\n\nDas Instrument ist aus wundersch\u00f6nem Shitan-Holz gemacht - einem hochwertigen Hartholz, das traditionell f\u00fcr den Bau von Shamisen verwendet wird. I paired the instrument with a gorgeous salmon-colored doukake with silver flying cranes and an orange neo. Im Set enthalten sind au\u00dferdem aufgezogene Saiten und ein Tenjin-Schutzk\u00e4ppchen. Der Dou ist bespannt mit Naturhaut f\u00fcr den authentischen warmen Klang von Shamisen-Musik. The joints are crafted in a more intricate way to make them more durable. They sit super tight and reward you with a satisfying smack when pushing the parts together.\n<p data-pm-slice=\"1 1 []\">Wenn Sie keine solche besitzen, ziehen Sie bitte in Betracht, sich eine <a class=\"ProsemirrorEditor-link\" href=\"https:\/\/shami-shop.com\/product\/washi-bag\/\">Washi-H\u00fclle<\/a> zuzulegen, um die Haut Ihrer Shamisen vor Feuchtigkeit zu sch\u00fctzen.<\/p>\n<p data-pm-slice=\"1 1 []\">This neck is 28mm wide and 30mm high at the top and widens slightly towards the dou. This makes the neck feel sturdy and super comfortable to play. Das Griffbrett endet in einer steilen Kante, die erlaubt, auch besonders hohe Positionen bis 20 und dar\u00fcber hinaus zu spielen.<\/p>\n<p data-pm-slice=\"1 1 []\">Der eingearbeitete <em>Azuma Sawari<\/em> erm\u00f6glicht die Anpassung des Surrens je nach Geschmack und Anlass. Man kann so das Surren komplett abstellen (f\u00fcr moderne St\u00fccke, Pop\/Rock\/Metal, oder bestimmte Ensemble-Zusammensetzungen) und au\u00dferdem ein perfektes Surren erzielen egal wie hoch oder tief man die Shamisen stimmt.<\/p>\nDie <i>Tsukigata<\/i> (das halbmondf\u00f6rmige Ende des <em>Tenjin<\/em>) ist in perfektem Zustand. Der Hals ist im <em>Mitsuori<\/em> Stil gerabeitet: Er kann in drei Teile zerlegt werden. Die Verbindungen sind bei diesem Instrument in einfacher Ausfertigung gearbeitet gearbeitet. Dadurch, dass sich der Hals zerteilen l\u00e4sst, kann man mit diesem Instrument besonders bequem verreisen - selbst wenn man klein und leicht packen muss. Die Verbindungen sind aufw\u00e4ndig gearbeitet und erm\u00f6glichen so einen besonders langlebigen festen Sitz.\n\nDie <em>Itomaki<\/em> (Wirbel) sind aus Ebenholz geschnitzt und in einer Weise gearbeitet, die das Stimmen durch besondere Griffigkeit erleichtert.\n\nDieses Instrument ist ein wunderbarer Begleiter mit einem kr\u00e4ftigen und vollen Klang. Wenn Sie noch Fragen haben, schicken Sie mir einfach eine Nachricht und ich helfe gerne weiter.\n\nAlles, was Sie zum losspielen noch ben\u00f6tigen, sind ein <a href=\"https:\/\/shami-shop.com\/product-categorie\/koma\/\" target=\"_blank\" rel=\"noopener\">Koma<\/a>, ein <a href=\"https:\/\/shami-shop.com\/product-categorie\/bachi\/\" target=\"_blank\" rel=\"noopener\">Bachi<\/a> und ein <a href=\"https:\/\/shami-shop.com\/product\/yubisuri\/\" target=\"_blank\" rel=\"noopener\">Yubisuri<\/a>. W\u00e4hlen Sie Koma und Bachi je nach dem Stil, den Sie spielen m\u00f6chten und Ihren pers\u00f6nlichen Vorlieben. Yubisuri gibt es in unterschiedlichen Gr\u00f6\u00dfen. Au\u00dferdem wollte ich Sie der bitters\u00fc\u00dfen Qual der Wahl zwischen all den sch\u00f6nen Farben nicht berauben. Ich rate Ihnen au\u00dferdem zu einem <a class=\"ProsemirrorEditor-link\" href=\"https:\/\/shami-shop.com\/product-categorie\/accessories\/\">Dougomu or a Hizagomu<\/a>, das daf\u00fcr sorgt, dass die Shamisen beim Spielen nicht vom Schenkel rutscht. Je nach Ihren Bed\u00fcrfnissen k\u00f6nnte f\u00fcr Sie auch ein <a class=\"ProsemirrorEditor-link\" href=\"https:\/\/shami-shop.com\/product\/fujaku-strip-shamisen-position-marker\/\">Fujaku Strip<\/a> zum Markieren der Positionen am Hals interessant sein. Alternativ kann man auch einzelne Positionen markieren oder ganz auf Markierungen verzichten.\n\nWenn Sie Hilfe bei der Auwahl der richtigen Komponenten ben\u00f6tigen, schicken Sie gerne eine Nachricht und wir stellen gemeinsam das perfekte Paket f\u00fcr Sie zusammen.","_et_gb_content_width":""},"product_brand":[],"product_cat":[339,387,410,404],"product_tag":[342,164],"class_list":{"0":"post-13776","1":"product","2":"type-product","3":"status-publish","5":"product_cat-shamisen-de","6":"product_cat-chuuzao-de","7":"product_cat-minyo-shamisen-de-de-2","8":"product_cat-minyo-stil","9":"product_tag-chuuzao-de","10":"product_tag-jiuta-de","11":"product_shipping_class-5kg-de","13":"first","14":"outofstock","15":"featured","16":"sold-individually","17":"shipping-taxable","18":"purchasable","19":"product-type-simple"},"yoast_head":"<!-- This site is optimized with the Yoast SEO plugin v26.9 - https:\/\/yoast.com\/product\/yoast-seo-wordpress\/ -->\n<title>Minyo Shamisen Set &quot;Kurotsuru&quot; - Shami-Shop<\/title>\n<meta name=\"description\" content=\"Kaufen Sie eine wundersch\u00f6ne restaurierte Chuuzao \/ Minyo Shamisen aus Shitan Holz mit Naturh\u00e4uten bezogen. Versand direkt aus Berlin.\" \/>\n<meta name=\"robots\" content=\"index, follow, max-snippet:-1, max-image-preview:large, max-video-preview:-1\" \/>\n<link rel=\"canonical\" href=\"https:\/\/www.shami-shop.com\/de\/produkt\/sh118\/\" \/>\n<meta property=\"og:locale\" content=\"de_DE\" \/>\n<meta property=\"og:type\" content=\"article\" \/>\n<meta property=\"og:title\" content=\"Minyo Shamisen Set &quot;Kurotsuru&quot; - Shami-Shop\" \/>\n<meta property=\"og:description\" content=\"Kaufen Sie eine wundersch\u00f6ne restaurierte Chuuzao \/ Minyo Shamisen aus Shitan Holz mit Naturh\u00e4uten bezogen. Versand direkt aus Berlin.\" \/>\n<meta property=\"og:url\" content=\"https:\/\/www.shami-shop.com\/de\/produkt\/sh118\/\" \/>\n<meta property=\"og:site_name\" content=\"Shami-Shop\" \/>\n<meta property=\"article:publisher\" content=\"https:\/\/www.facebook.com\/weloveshamisen\/\" \/>\n<meta property=\"article:modified_time\" content=\"2026-01-13T05:57:18+00:00\" \/>\n<meta property=\"og:image\" content=\"https:\/\/www.shami-shop.com\/wp-content\/uploads\/2024\/02\/MIN-27-dou45.png\" \/>\n\t<meta property=\"og:image:width\" content=\"1200\" \/>\n\t<meta property=\"og:image:height\" content=\"880\" \/>\n\t<meta property=\"og:image:type\" content=\"image\/png\" \/>\n<meta name=\"twitter:card\" content=\"summary_large_image\" \/>\n<meta name=\"twitter:label1\" content=\"Gesch\u00e4tzte Lesezeit\" \/>\n\t<meta name=\"twitter:data1\" content=\"3\u00a0Minuten\" \/>\n<script type=\"application\/ld+json\" class=\"yoast-schema-graph\">{\"@context\":\"https:\/\/schema.org\",\"@graph\":[{\"@type\":[\"WebPage\",\"ItemPage\"],\"@id\":\"https:\/\/www.shami-shop.com\/de\/produkt\/sh118\/\",\"url\":\"https:\/\/www.shami-shop.com\/de\/produkt\/sh118\/\",\"name\":\"Minyo Shamisen Set \\\"Kurotsuru\\\" - Shami-Shop\",\"isPartOf\":{\"@id\":\"https:\/\/www.shami-shop.com\/de\/#website\"},\"datePublished\":\"2025-12-20T06:30:58+00:00\",\"dateModified\":\"2026-01-13T05:57:18+00:00\",\"description\":\"Kaufen Sie eine wundersch\u00f6ne restaurierte Chuuzao \/ Minyo Shamisen aus Shitan Holz mit Naturh\u00e4uten bezogen. Versand direkt aus Berlin.\",\"breadcrumb\":{\"@id\":\"https:\/\/www.shami-shop.com\/de\/produkt\/sh118\/#breadcrumb\"},\"inLanguage\":\"de\",\"potentialAction\":[{\"@type\":\"ReadAction\",\"target\":[\"https:\/\/www.shami-shop.com\/de\/produkt\/sh118\/\"]}]},{\"@type\":\"BreadcrumbList\",\"@id\":\"https:\/\/www.shami-shop.com\/de\/produkt\/sh118\/#breadcrumb\",\"itemListElement\":[{\"@type\":\"ListItem\",\"position\":1,\"name\":\"Startseite\",\"item\":\"https:\/\/www.shami-shop.com\/de\/\"},{\"@type\":\"ListItem\",\"position\":2,\"name\":\"Shop\",\"item\":\"https:\/\/www.shami-shop.com\/de\/shop\/\"},{\"@type\":\"ListItem\",\"position\":3,\"name\":\"Minyo Shamisen Set &#8222;Kurotsuru&#8220;\"}]},{\"@type\":\"WebSite\",\"@id\":\"https:\/\/www.shami-shop.com\/de\/#website\",\"url\":\"https:\/\/www.shami-shop.com\/de\/\",\"name\":\"Shami-Shop\",\"description\":\"Alles f\u00fcr den Shamisen-Spieler.\",\"publisher\":{\"@id\":\"https:\/\/www.shami-shop.com\/de\/#organization\"},\"potentialAction\":[{\"@type\":\"SearchAction\",\"target\":{\"@type\":\"EntryPoint\",\"urlTemplate\":\"https:\/\/www.shami-shop.com\/de\/?s={search_term_string}\"},\"query-input\":{\"@type\":\"PropertyValueSpecification\",\"valueRequired\":true,\"valueName\":\"search_term_string\"}}],\"inLanguage\":\"de\"},{\"@type\":\"Organization\",\"@id\":\"https:\/\/www.shami-shop.com\/de\/#organization\",\"name\":\"Shami-Shop\",\"url\":\"https:\/\/www.shami-shop.com\/de\/\",\"logo\":{\"@type\":\"ImageObject\",\"inLanguage\":\"de\",\"@id\":\"https:\/\/www.shami-shop.com\/de\/#\/schema\/logo\/image\/\",\"url\":\"https:\/\/shami-shop.com\/wp-content\/uploads\/2021\/01\/Shami-Shop-Logo-1080.png\",\"contentUrl\":\"https:\/\/shami-shop.com\/wp-content\/uploads\/2021\/01\/Shami-Shop-Logo-1080.png\",\"width\":1080,\"height\":1080,\"caption\":\"Shami-Shop\"},\"image\":{\"@id\":\"https:\/\/www.shami-shop.com\/de\/#\/schema\/logo\/image\/\"},\"sameAs\":[\"https:\/\/www.facebook.com\/weloveshamisen\/\",\"https:\/\/www.instagram.com\/shamishop.europe\/\"]}]}<\/script>\n<!-- \/ Yoast SEO plugin. -->","yoast_head_json":{"title":"Minyo Shamisen Set \"Kurotsuru\" - Shami-Shop","description":"Kaufen Sie eine wundersch\u00f6ne restaurierte Chuuzao \/ Minyo Shamisen aus Shitan Holz mit Naturh\u00e4uten bezogen. Versand direkt aus Berlin.","robots":{"index":"index","follow":"follow","max-snippet":"max-snippet:-1","max-image-preview":"max-image-preview:large","max-video-preview":"max-video-preview:-1"},"canonical":"https:\/\/www.shami-shop.com\/de\/produkt\/sh118\/","og_locale":"de_DE","og_type":"article","og_title":"Minyo Shamisen Set \"Kurotsuru\" - Shami-Shop","og_description":"Kaufen Sie eine wundersch\u00f6ne restaurierte Chuuzao \/ Minyo Shamisen aus Shitan Holz mit Naturh\u00e4uten bezogen. Versand direkt aus Berlin.","og_url":"https:\/\/www.shami-shop.com\/de\/produkt\/sh118\/","og_site_name":"Shami-Shop","article_publisher":"https:\/\/www.facebook.com\/weloveshamisen\/","article_modified_time":"2026-01-13T05:57:18+00:00","og_image":[{"width":1200,"height":880,"url":"https:\/\/www.shami-shop.com\/wp-content\/uploads\/2024\/02\/MIN-27-dou45.png","type":"image\/png"}],"twitter_card":"summary_large_image","twitter_misc":{"Gesch\u00e4tzte Lesezeit":"3\u00a0Minuten"},"schema":{"@context":"https:\/\/schema.org","@graph":[{"@type":["WebPage","ItemPage"],"@id":"https:\/\/www.shami-shop.com\/de\/produkt\/sh118\/","url":"https:\/\/www.shami-shop.com\/de\/produkt\/sh118\/","name":"Minyo Shamisen Set \"Kurotsuru\" - Shami-Shop","isPartOf":{"@id":"https:\/\/www.shami-shop.com\/de\/#website"},"datePublished":"2025-12-20T06:30:58+00:00","dateModified":"2026-01-13T05:57:18+00:00","description":"Kaufen Sie eine wundersch\u00f6ne restaurierte Chuuzao \/ Minyo Shamisen aus Shitan Holz mit Naturh\u00e4uten bezogen. Versand direkt aus Berlin.","breadcrumb":{"@id":"https:\/\/www.shami-shop.com\/de\/produkt\/sh118\/#breadcrumb"},"inLanguage":"de","potentialAction":[{"@type":"ReadAction","target":["https:\/\/www.shami-shop.com\/de\/produkt\/sh118\/"]}]},{"@type":"BreadcrumbList","@id":"https:\/\/www.shami-shop.com\/de\/produkt\/sh118\/#breadcrumb","itemListElement":[{"@type":"ListItem","position":1,"name":"Startseite","item":"https:\/\/www.shami-shop.com\/de\/"},{"@type":"ListItem","position":2,"name":"Shop","item":"https:\/\/www.shami-shop.com\/de\/shop\/"},{"@type":"ListItem","position":3,"name":"Minyo Shamisen Set &#8222;Kurotsuru&#8220;"}]},{"@type":"WebSite","@id":"https:\/\/www.shami-shop.com\/de\/#website","url":"https:\/\/www.shami-shop.com\/de\/","name":"Shami-Shop","description":"Alles f\u00fcr den Shamisen-Spieler.","publisher":{"@id":"https:\/\/www.shami-shop.com\/de\/#organization"},"potentialAction":[{"@type":"SearchAction","target":{"@type":"EntryPoint","urlTemplate":"https:\/\/www.shami-shop.com\/de\/?s={search_term_string}"},"query-input":{"@type":"PropertyValueSpecification","valueRequired":true,"valueName":"search_term_string"}}],"inLanguage":"de"},{"@type":"Organization","@id":"https:\/\/www.shami-shop.com\/de\/#organization","name":"Shami-Shop","url":"https:\/\/www.shami-shop.com\/de\/","logo":{"@type":"ImageObject","inLanguage":"de","@id":"https:\/\/www.shami-shop.com\/de\/#\/schema\/logo\/image\/","url":"https:\/\/shami-shop.com\/wp-content\/uploads\/2021\/01\/Shami-Shop-Logo-1080.png","contentUrl":"https:\/\/shami-shop.com\/wp-content\/uploads\/2021\/01\/Shami-Shop-Logo-1080.png","width":1080,"height":1080,"caption":"Shami-Shop"},"image":{"@id":"https:\/\/www.shami-shop.com\/de\/#\/schema\/logo\/image\/"},"sameAs":["https:\/\/www.facebook.com\/weloveshamisen\/","https:\/\/www.instagram.com\/shamishop.europe\/"]}]}},"jetpack_sharing_enabled":true,"_links":{"self":[{"href":"https:\/\/www.shami-shop.com\/de\/wp-json\/wp\/v2\/product\/13776","targetHints":{"allow":["GET"]}}],"collection":[{"href":"https:\/\/www.shami-shop.com\/de\/wp-json\/wp\/v2\/product"}],"about":[{"href":"https:\/\/www.shami-shop.com\/de\/wp-json\/wp\/v2\/types\/product"}],"wp:attachment":[{"href":"https:\/\/www.shami-shop.com\/de\/wp-json\/wp\/v2\/media?parent=13776"}],"wp:term":[{"taxonomy":"product_brand","embeddable":true,"href":"https:\/\/www.shami-shop.com\/de\/wp-json\/wp\/v2\/product_brand?post=13776"},{"taxonomy":"product_cat","embeddable":true,"href":"https:\/\/www.shami-shop.com\/de\/wp-json\/wp\/v2\/product_cat?post=13776"},{"taxonomy":"product_tag","embeddable":true,"href":"https:\/\/www.shami-shop.com\/de\/wp-json\/wp\/v2\/product_tag?post=13776"}],"curies":[{"name":"wp","href":"https:\/\/api.w.org\/{rel}","templated":true}]}}