{"id":14212,"date":"2021-09-20T07:28:13","date_gmt":"2021-09-20T06:28:14","guid":{"rendered":"https:\/\/www.shami-shop.com\/?post_type=product&#038;p=14212"},"modified":"2022-01-10T20:32:54","modified_gmt":"2022-01-10T19:32:54","slug":"hizagomu-bb","status":"publish","type":"product","link":"https:\/\/www.shami-shop.com\/de\/produkt\/hizagomu-bb\/","title":{"rendered":"Hizagomu | zweifarbig"},"content":{"rendered":"<p data-pm-slice=\"1 1 []\">Dieses Hizagomu hat auf Vorder- und R\u00fcckseite unterschiedliche Farben &#8211; f\u00fcr noch mehr Vielfalt und Abwechslung. Das Material ist sehr robust und besonders langlebig. Auf jeder Seite ist ein dekoratives Symbol eingepr\u00e4gt.<\/p>\n<p data-pm-slice=\"1 1 []\">Hizagomu werden auf den Schenkel unter die Shamisen gelegt, um das Instrument am Rutschen zu hindern.<\/p>\n<p>Wer jemals unter einer angespannten oder unbequemen Haltung gelitten hat wegen eines rutschenden oder wackeligen Instruments, sollte sich unbedingt ein Hizagomu f\u00fcr den Schenkel oder ein selbstklebendes Dougomu zulegen, das direkt an den Korpus geklebt wird.<\/p>\n<p>Diese Hizagomu haben keine Klebefl\u00e4che und sind der perfekte Begleiter f\u00fcr alle Spieler, denen der Gedanke, etwas an das Instrument zu kleben, Unbehagen bereitet. Diese kleinen Gummi-Matten haben eine sehr rutschfeste Textur, die daf\u00fcr sorgen, dass das Instrument zuverl\u00e4ssig an Ort und Stelle bleibt. Die Gr\u00f6\u00dfe ist perfekt: klein genug, nicht sichtbar zu sein, aber gro\u00df genug, um genug Auflagefl\u00e4che f\u00fcr den Korpus zu bieten.<\/p>\n","protected":false},"excerpt":{"rendered":"<ul>\n<li data-pm-slice=\"1 1 []\">13,25 x 10,75 cm<\/li>\n<li data-pm-slice=\"1 1 []\">zweifarbig<\/li>\n<li data-pm-slice=\"1 1 []\">lose<\/li>\n<\/ul>\n","protected":false},"featured_media":14109,"template":"","meta":{"_et_pb_use_builder":"","_et_pb_old_content":"","_et_gb_content_width":""},"product_brand":[],"product_cat":[147,247],"product_tag":[161,150],"class_list":{"0":"post-14212","1":"product","2":"type-product","3":"status-publish","4":"has-post-thumbnail","6":"product_cat-zubehoer","7":"product_cat-anti-rutsch-matten","8":"product_tag-hizagomu-de","9":"product_tag-zubehor","10":"product_shipping_class-brief-de","12":"first","13":"outofstock","14":"purchasable","15":"product-type-simple"},"yoast_head":"<!-- This site is optimized with the Yoast SEO plugin v26.9 - https:\/\/yoast.com\/product\/yoast-seo-wordpress\/ -->\n<title>Hizagomu | zweifarbig - Shami-Shop<\/title>\n<meta name=\"description\" content=\"Loses Hizagomu zum Auflegen auf den Schenkel. Sorgt daf\u00fcr, dass die Shamisen beim Spielen nicht ruckelt oder rutscht. Sehr rutschfest.\" \/>\n<meta name=\"robots\" content=\"index, follow, max-snippet:-1, max-image-preview:large, max-video-preview:-1\" \/>\n<link rel=\"canonical\" href=\"https:\/\/www.shami-shop.com\/de\/produkt\/hizagomu-bb\/\" \/>\n<meta property=\"og:locale\" content=\"de_DE\" \/>\n<meta property=\"og:type\" content=\"article\" \/>\n<meta property=\"og:title\" content=\"Hizagomu | zweifarbig - Shami-Shop\" \/>\n<meta property=\"og:description\" content=\"Loses Hizagomu zum Auflegen auf den Schenkel. Sorgt daf\u00fcr, dass die Shamisen beim Spielen nicht ruckelt oder rutscht. Sehr rutschfest.\" \/>\n<meta property=\"og:url\" content=\"https:\/\/www.shami-shop.com\/de\/produkt\/hizagomu-bb\/\" \/>\n<meta property=\"og:site_name\" content=\"Shami-Shop\" \/>\n<meta property=\"article:publisher\" content=\"https:\/\/www.facebook.com\/weloveshamisen\/\" \/>\n<meta property=\"article:modified_time\" content=\"2022-01-10T19:32:54+00:00\" \/>\n<meta property=\"og:image\" content=\"https:\/\/www.shami-shop.com\/wp-content\/uploads\/2021\/09\/hizagomu-double-BB-a.png\" \/>\n\t<meta property=\"og:image:width\" content=\"1080\" \/>\n\t<meta property=\"og:image:height\" content=\"720\" \/>\n\t<meta property=\"og:image:type\" content=\"image\/png\" \/>\n<meta name=\"twitter:card\" content=\"summary_large_image\" \/>\n<meta name=\"twitter:label1\" content=\"Gesch\u00e4tzte Lesezeit\" \/>\n\t<meta name=\"twitter:data1\" content=\"1\u00a0Minute\" \/>\n<script type=\"application\/ld+json\" class=\"yoast-schema-graph\">{\"@context\":\"https:\/\/schema.org\",\"@graph\":[{\"@type\":[\"WebPage\",\"ItemPage\"],\"@id\":\"https:\/\/www.shami-shop.com\/de\/produkt\/hizagomu-bb\/\",\"url\":\"https:\/\/www.shami-shop.com\/de\/produkt\/hizagomu-bb\/\",\"name\":\"Hizagomu | zweifarbig - Shami-Shop\",\"isPartOf\":{\"@id\":\"https:\/\/www.shami-shop.com\/de\/#website\"},\"primaryImageOfPage\":{\"@id\":\"https:\/\/www.shami-shop.com\/de\/produkt\/hizagomu-bb\/#primaryimage\"},\"image\":{\"@id\":\"https:\/\/www.shami-shop.com\/de\/produkt\/hizagomu-bb\/#primaryimage\"},\"thumbnailUrl\":\"https:\/\/www.shami-shop.com\/wp-content\/uploads\/2021\/09\/hizagomu-double-BB-a.png\",\"datePublished\":\"2021-09-20T06:28:14+00:00\",\"dateModified\":\"2022-01-10T19:32:54+00:00\",\"description\":\"Loses Hizagomu zum Auflegen auf den Schenkel. Sorgt daf\u00fcr, dass die Shamisen beim Spielen nicht ruckelt oder rutscht. Sehr rutschfest.\",\"breadcrumb\":{\"@id\":\"https:\/\/www.shami-shop.com\/de\/produkt\/hizagomu-bb\/#breadcrumb\"},\"inLanguage\":\"de\",\"potentialAction\":[{\"@type\":\"ReadAction\",\"target\":[\"https:\/\/www.shami-shop.com\/de\/produkt\/hizagomu-bb\/\"]}]},{\"@type\":\"ImageObject\",\"inLanguage\":\"de\",\"@id\":\"https:\/\/www.shami-shop.com\/de\/produkt\/hizagomu-bb\/#primaryimage\",\"url\":\"https:\/\/www.shami-shop.com\/wp-content\/uploads\/2021\/09\/hizagomu-double-BB-a.png\",\"contentUrl\":\"https:\/\/www.shami-shop.com\/wp-content\/uploads\/2021\/09\/hizagomu-double-BB-a.png\",\"width\":1080,\"height\":720},{\"@type\":\"BreadcrumbList\",\"@id\":\"https:\/\/www.shami-shop.com\/de\/produkt\/hizagomu-bb\/#breadcrumb\",\"itemListElement\":[{\"@type\":\"ListItem\",\"position\":1,\"name\":\"Startseite\",\"item\":\"https:\/\/www.shami-shop.com\/de\/\"},{\"@type\":\"ListItem\",\"position\":2,\"name\":\"Shop\",\"item\":\"https:\/\/www.shami-shop.com\/de\/shop\/\"},{\"@type\":\"ListItem\",\"position\":3,\"name\":\"Hizagomu | zweifarbig\"}]},{\"@type\":\"WebSite\",\"@id\":\"https:\/\/www.shami-shop.com\/de\/#website\",\"url\":\"https:\/\/www.shami-shop.com\/de\/\",\"name\":\"Shami-Shop\",\"description\":\"Alles f\u00fcr den Shamisen-Spieler.\",\"publisher\":{\"@id\":\"https:\/\/www.shami-shop.com\/de\/#organization\"},\"potentialAction\":[{\"@type\":\"SearchAction\",\"target\":{\"@type\":\"EntryPoint\",\"urlTemplate\":\"https:\/\/www.shami-shop.com\/de\/?s={search_term_string}\"},\"query-input\":{\"@type\":\"PropertyValueSpecification\",\"valueRequired\":true,\"valueName\":\"search_term_string\"}}],\"inLanguage\":\"de\"},{\"@type\":\"Organization\",\"@id\":\"https:\/\/www.shami-shop.com\/de\/#organization\",\"name\":\"Shami-Shop\",\"url\":\"https:\/\/www.shami-shop.com\/de\/\",\"logo\":{\"@type\":\"ImageObject\",\"inLanguage\":\"de\",\"@id\":\"https:\/\/www.shami-shop.com\/de\/#\/schema\/logo\/image\/\",\"url\":\"https:\/\/shami-shop.com\/wp-content\/uploads\/2021\/01\/Shami-Shop-Logo-1080.png\",\"contentUrl\":\"https:\/\/shami-shop.com\/wp-content\/uploads\/2021\/01\/Shami-Shop-Logo-1080.png\",\"width\":1080,\"height\":1080,\"caption\":\"Shami-Shop\"},\"image\":{\"@id\":\"https:\/\/www.shami-shop.com\/de\/#\/schema\/logo\/image\/\"},\"sameAs\":[\"https:\/\/www.facebook.com\/weloveshamisen\/\",\"https:\/\/www.instagram.com\/shamishop.europe\/\"]}]}<\/script>\n<!-- \/ Yoast SEO plugin. -->","yoast_head_json":{"title":"Hizagomu | zweifarbig - Shami-Shop","description":"Loses Hizagomu zum Auflegen auf den Schenkel. Sorgt daf\u00fcr, dass die Shamisen beim Spielen nicht ruckelt oder rutscht. Sehr rutschfest.","robots":{"index":"index","follow":"follow","max-snippet":"max-snippet:-1","max-image-preview":"max-image-preview:large","max-video-preview":"max-video-preview:-1"},"canonical":"https:\/\/www.shami-shop.com\/de\/produkt\/hizagomu-bb\/","og_locale":"de_DE","og_type":"article","og_title":"Hizagomu | zweifarbig - Shami-Shop","og_description":"Loses Hizagomu zum Auflegen auf den Schenkel. Sorgt daf\u00fcr, dass die Shamisen beim Spielen nicht ruckelt oder rutscht. Sehr rutschfest.","og_url":"https:\/\/www.shami-shop.com\/de\/produkt\/hizagomu-bb\/","og_site_name":"Shami-Shop","article_publisher":"https:\/\/www.facebook.com\/weloveshamisen\/","article_modified_time":"2022-01-10T19:32:54+00:00","og_image":[{"width":1080,"height":720,"url":"https:\/\/www.shami-shop.com\/wp-content\/uploads\/2021\/09\/hizagomu-double-BB-a.png","type":"image\/png"}],"twitter_card":"summary_large_image","twitter_misc":{"Gesch\u00e4tzte Lesezeit":"1\u00a0Minute"},"schema":{"@context":"https:\/\/schema.org","@graph":[{"@type":["WebPage","ItemPage"],"@id":"https:\/\/www.shami-shop.com\/de\/produkt\/hizagomu-bb\/","url":"https:\/\/www.shami-shop.com\/de\/produkt\/hizagomu-bb\/","name":"Hizagomu | zweifarbig - Shami-Shop","isPartOf":{"@id":"https:\/\/www.shami-shop.com\/de\/#website"},"primaryImageOfPage":{"@id":"https:\/\/www.shami-shop.com\/de\/produkt\/hizagomu-bb\/#primaryimage"},"image":{"@id":"https:\/\/www.shami-shop.com\/de\/produkt\/hizagomu-bb\/#primaryimage"},"thumbnailUrl":"https:\/\/www.shami-shop.com\/wp-content\/uploads\/2021\/09\/hizagomu-double-BB-a.png","datePublished":"2021-09-20T06:28:14+00:00","dateModified":"2022-01-10T19:32:54+00:00","description":"Loses Hizagomu zum Auflegen auf den Schenkel. Sorgt daf\u00fcr, dass die Shamisen beim Spielen nicht ruckelt oder rutscht. Sehr rutschfest.","breadcrumb":{"@id":"https:\/\/www.shami-shop.com\/de\/produkt\/hizagomu-bb\/#breadcrumb"},"inLanguage":"de","potentialAction":[{"@type":"ReadAction","target":["https:\/\/www.shami-shop.com\/de\/produkt\/hizagomu-bb\/"]}]},{"@type":"ImageObject","inLanguage":"de","@id":"https:\/\/www.shami-shop.com\/de\/produkt\/hizagomu-bb\/#primaryimage","url":"https:\/\/www.shami-shop.com\/wp-content\/uploads\/2021\/09\/hizagomu-double-BB-a.png","contentUrl":"https:\/\/www.shami-shop.com\/wp-content\/uploads\/2021\/09\/hizagomu-double-BB-a.png","width":1080,"height":720},{"@type":"BreadcrumbList","@id":"https:\/\/www.shami-shop.com\/de\/produkt\/hizagomu-bb\/#breadcrumb","itemListElement":[{"@type":"ListItem","position":1,"name":"Startseite","item":"https:\/\/www.shami-shop.com\/de\/"},{"@type":"ListItem","position":2,"name":"Shop","item":"https:\/\/www.shami-shop.com\/de\/shop\/"},{"@type":"ListItem","position":3,"name":"Hizagomu | zweifarbig"}]},{"@type":"WebSite","@id":"https:\/\/www.shami-shop.com\/de\/#website","url":"https:\/\/www.shami-shop.com\/de\/","name":"Shami-Shop","description":"Alles f\u00fcr den Shamisen-Spieler.","publisher":{"@id":"https:\/\/www.shami-shop.com\/de\/#organization"},"potentialAction":[{"@type":"SearchAction","target":{"@type":"EntryPoint","urlTemplate":"https:\/\/www.shami-shop.com\/de\/?s={search_term_string}"},"query-input":{"@type":"PropertyValueSpecification","valueRequired":true,"valueName":"search_term_string"}}],"inLanguage":"de"},{"@type":"Organization","@id":"https:\/\/www.shami-shop.com\/de\/#organization","name":"Shami-Shop","url":"https:\/\/www.shami-shop.com\/de\/","logo":{"@type":"ImageObject","inLanguage":"de","@id":"https:\/\/www.shami-shop.com\/de\/#\/schema\/logo\/image\/","url":"https:\/\/shami-shop.com\/wp-content\/uploads\/2021\/01\/Shami-Shop-Logo-1080.png","contentUrl":"https:\/\/shami-shop.com\/wp-content\/uploads\/2021\/01\/Shami-Shop-Logo-1080.png","width":1080,"height":1080,"caption":"Shami-Shop"},"image":{"@id":"https:\/\/www.shami-shop.com\/de\/#\/schema\/logo\/image\/"},"sameAs":["https:\/\/www.facebook.com\/weloveshamisen\/","https:\/\/www.instagram.com\/shamishop.europe\/"]}]}},"jetpack_sharing_enabled":true,"_links":{"self":[{"href":"https:\/\/www.shami-shop.com\/de\/wp-json\/wp\/v2\/product\/14212","targetHints":{"allow":["GET"]}}],"collection":[{"href":"https:\/\/www.shami-shop.com\/de\/wp-json\/wp\/v2\/product"}],"about":[{"href":"https:\/\/www.shami-shop.com\/de\/wp-json\/wp\/v2\/types\/product"}],"wp:featuredmedia":[{"embeddable":true,"href":"https:\/\/www.shami-shop.com\/de\/wp-json\/wp\/v2\/media\/14109"}],"wp:attachment":[{"href":"https:\/\/www.shami-shop.com\/de\/wp-json\/wp\/v2\/media?parent=14212"}],"wp:term":[{"taxonomy":"product_brand","embeddable":true,"href":"https:\/\/www.shami-shop.com\/de\/wp-json\/wp\/v2\/product_brand?post=14212"},{"taxonomy":"product_cat","embeddable":true,"href":"https:\/\/www.shami-shop.com\/de\/wp-json\/wp\/v2\/product_cat?post=14212"},{"taxonomy":"product_tag","embeddable":true,"href":"https:\/\/www.shami-shop.com\/de\/wp-json\/wp\/v2\/product_tag?post=14212"}],"curies":[{"name":"wp","href":"https:\/\/api.w.org\/{rel}","templated":true}]}}