{"id":14239,"date":"2021-09-20T08:41:47","date_gmt":"2021-09-20T07:41:48","guid":{"rendered":"https:\/\/www.shami-shop.com\/?post_type=product&#038;p=14239"},"modified":"2021-09-20T08:45:39","modified_gmt":"2021-09-20T07:45:39","slug":"doukake-gomu","status":"publish","type":"product","link":"https:\/\/www.shami-shop.com\/de\/produkt\/doukake-gomu\/","title":{"rendered":"Doukake Gomu"},"content":{"rendered":"<p data-pm-slice=\"1 1 []\">Ein Doukake Gomu ist ein sehr n\u00fctzlicher Kleiner Helfer, der \u00fcber das Doukake gezogen wird. It helps to keep your arm from slipping and shifting on the doukake during play. Besonders n\u00fctzlich, wenn man im Winter lange \u00c4rmel tr\u00e4gt und etwas extra Halt auf der Shamisen braucht.<\/p>\n<p data-pm-slice=\"1 1 []\">Das Doukake Gomu ist eine zusammenh\u00e4ngende Schlaufe mit einem breiten Gummiband auf der R\u00fcckseite. Einfach das Doukake vom Dou der Shamisen L\u00f6sen, das Doukake Gomu \u00fcber die kurze Seite ziehen und dort platzieren, wo der Arm sp\u00e4ter abgelegt wird. Doukake zur\u00fcck auf den Dou setzen, fertig!<\/p>\n<p data-pm-slice=\"1 1 []\"><img decoding=\"async\" class=\"alignnone size-medium wp-image-14103\" src=\"https:\/\/www.shami-shop.com\/wp-content\/uploads\/2021\/09\/manschette-beispiel-1-300x200.png\" alt=\"\" width=\"300\" height=\"200\"><\/p>\n","protected":false},"excerpt":{"rendered":"<ul>\n<li data-pm-slice=\"1 1 []\">zum \u00fcberziehen<\/li>\n<li data-pm-slice=\"1 1 []\">Passend f\u00fcr alle Doukake Gr\u00f6\u00dfen<\/li>\n<\/ul>\n","protected":false},"featured_media":14083,"template":"","meta":{"_et_pb_use_builder":"","_et_pb_old_content":"","_et_gb_content_width":""},"product_brand":[],"product_cat":[147,433],"product_tag":[],"class_list":{"0":"post-14239","1":"product","2":"type-product","3":"status-publish","4":"has-post-thumbnail","6":"product_cat-zubehoer","7":"product_cat-doukake-gomu-de","8":"product_shipping_class-brief-de","10":"first","11":"outofstock","12":"purchasable","13":"product-type-simple"},"yoast_head":"<!-- This site is optimized with the Yoast SEO plugin v26.9 - https:\/\/yoast.com\/product\/yoast-seo-wordpress\/ -->\n<title>Doukake Gomu - Shami-Shop<\/title>\n<meta name=\"description\" content=\"Doukake-Gomu zum \u00dcberziehen \u00fcber das Doukake. Sorgt f\u00fcr mehr Halt auf dem Doukake und weniger Rutschen beim Spielen. Sehr rutschfest.\" \/>\n<meta name=\"robots\" content=\"index, follow, max-snippet:-1, max-image-preview:large, max-video-preview:-1\" \/>\n<link rel=\"canonical\" href=\"https:\/\/www.shami-shop.com\/de\/produkt\/doukake-gomu\/\" \/>\n<meta property=\"og:locale\" content=\"de_DE\" \/>\n<meta property=\"og:type\" content=\"article\" \/>\n<meta property=\"og:title\" content=\"Doukake Gomu - Shami-Shop\" \/>\n<meta property=\"og:description\" content=\"Doukake-Gomu zum \u00dcberziehen \u00fcber das Doukake. Sorgt f\u00fcr mehr Halt auf dem Doukake und weniger Rutschen beim Spielen. Sehr rutschfest.\" \/>\n<meta property=\"og:url\" content=\"https:\/\/www.shami-shop.com\/de\/produkt\/doukake-gomu\/\" \/>\n<meta property=\"og:site_name\" content=\"Shami-Shop\" \/>\n<meta property=\"article:publisher\" content=\"https:\/\/www.facebook.com\/weloveshamisen\/\" \/>\n<meta property=\"article:modified_time\" content=\"2021-09-20T07:45:39+00:00\" \/>\n<meta property=\"og:image\" content=\"https:\/\/www.shami-shop.com\/wp-content\/uploads\/2021\/09\/M-04-manschette-dunkelblau-ginkgo.png\" \/>\n\t<meta property=\"og:image:width\" content=\"1080\" \/>\n\t<meta property=\"og:image:height\" content=\"720\" \/>\n\t<meta property=\"og:image:type\" content=\"image\/png\" \/>\n<meta name=\"twitter:card\" content=\"summary_large_image\" \/>\n<meta name=\"twitter:label1\" content=\"Gesch\u00e4tzte Lesezeit\" \/>\n\t<meta name=\"twitter:data1\" content=\"1\u00a0Minute\" \/>\n<script type=\"application\/ld+json\" class=\"yoast-schema-graph\">{\"@context\":\"https:\/\/schema.org\",\"@graph\":[{\"@type\":[\"WebPage\",\"ItemPage\"],\"@id\":\"https:\/\/www.shami-shop.com\/de\/produkt\/doukake-gomu\/\",\"url\":\"https:\/\/www.shami-shop.com\/de\/produkt\/doukake-gomu\/\",\"name\":\"Doukake Gomu - Shami-Shop\",\"isPartOf\":{\"@id\":\"https:\/\/www.shami-shop.com\/de\/#website\"},\"primaryImageOfPage\":{\"@id\":\"https:\/\/www.shami-shop.com\/de\/produkt\/doukake-gomu\/#primaryimage\"},\"image\":{\"@id\":\"https:\/\/www.shami-shop.com\/de\/produkt\/doukake-gomu\/#primaryimage\"},\"thumbnailUrl\":\"https:\/\/www.shami-shop.com\/wp-content\/uploads\/2021\/09\/M-04-manschette-dunkelblau-ginkgo.png\",\"datePublished\":\"2021-09-20T07:41:48+00:00\",\"dateModified\":\"2021-09-20T07:45:39+00:00\",\"description\":\"Doukake-Gomu zum \u00dcberziehen \u00fcber das Doukake. Sorgt f\u00fcr mehr Halt auf dem Doukake und weniger Rutschen beim Spielen. Sehr rutschfest.\",\"breadcrumb\":{\"@id\":\"https:\/\/www.shami-shop.com\/de\/produkt\/doukake-gomu\/#breadcrumb\"},\"inLanguage\":\"de\",\"potentialAction\":[{\"@type\":\"ReadAction\",\"target\":[\"https:\/\/www.shami-shop.com\/de\/produkt\/doukake-gomu\/\"]}]},{\"@type\":\"ImageObject\",\"inLanguage\":\"de\",\"@id\":\"https:\/\/www.shami-shop.com\/de\/produkt\/doukake-gomu\/#primaryimage\",\"url\":\"https:\/\/www.shami-shop.com\/wp-content\/uploads\/2021\/09\/M-04-manschette-dunkelblau-ginkgo.png\",\"contentUrl\":\"https:\/\/www.shami-shop.com\/wp-content\/uploads\/2021\/09\/M-04-manschette-dunkelblau-ginkgo.png\",\"width\":1080,\"height\":720},{\"@type\":\"BreadcrumbList\",\"@id\":\"https:\/\/www.shami-shop.com\/de\/produkt\/doukake-gomu\/#breadcrumb\",\"itemListElement\":[{\"@type\":\"ListItem\",\"position\":1,\"name\":\"Startseite\",\"item\":\"https:\/\/www.shami-shop.com\/de\/\"},{\"@type\":\"ListItem\",\"position\":2,\"name\":\"Shop\",\"item\":\"https:\/\/www.shami-shop.com\/de\/shop\/\"},{\"@type\":\"ListItem\",\"position\":3,\"name\":\"Doukake Gomu\"}]},{\"@type\":\"WebSite\",\"@id\":\"https:\/\/www.shami-shop.com\/de\/#website\",\"url\":\"https:\/\/www.shami-shop.com\/de\/\",\"name\":\"Shami-Shop\",\"description\":\"Alles f\u00fcr den Shamisen-Spieler.\",\"publisher\":{\"@id\":\"https:\/\/www.shami-shop.com\/de\/#organization\"},\"potentialAction\":[{\"@type\":\"SearchAction\",\"target\":{\"@type\":\"EntryPoint\",\"urlTemplate\":\"https:\/\/www.shami-shop.com\/de\/?s={search_term_string}\"},\"query-input\":{\"@type\":\"PropertyValueSpecification\",\"valueRequired\":true,\"valueName\":\"search_term_string\"}}],\"inLanguage\":\"de\"},{\"@type\":\"Organization\",\"@id\":\"https:\/\/www.shami-shop.com\/de\/#organization\",\"name\":\"Shami-Shop\",\"url\":\"https:\/\/www.shami-shop.com\/de\/\",\"logo\":{\"@type\":\"ImageObject\",\"inLanguage\":\"de\",\"@id\":\"https:\/\/www.shami-shop.com\/de\/#\/schema\/logo\/image\/\",\"url\":\"https:\/\/shami-shop.com\/wp-content\/uploads\/2021\/01\/Shami-Shop-Logo-1080.png\",\"contentUrl\":\"https:\/\/shami-shop.com\/wp-content\/uploads\/2021\/01\/Shami-Shop-Logo-1080.png\",\"width\":1080,\"height\":1080,\"caption\":\"Shami-Shop\"},\"image\":{\"@id\":\"https:\/\/www.shami-shop.com\/de\/#\/schema\/logo\/image\/\"},\"sameAs\":[\"https:\/\/www.facebook.com\/weloveshamisen\/\",\"https:\/\/www.instagram.com\/shamishop.europe\/\"]}]}<\/script>\n<!-- \/ Yoast SEO plugin. -->","yoast_head_json":{"title":"Doukake Gomu - Shami-Shop","description":"Doukake-Gomu zum \u00dcberziehen \u00fcber das Doukake. Sorgt f\u00fcr mehr Halt auf dem Doukake und weniger Rutschen beim Spielen. Sehr rutschfest.","robots":{"index":"index","follow":"follow","max-snippet":"max-snippet:-1","max-image-preview":"max-image-preview:large","max-video-preview":"max-video-preview:-1"},"canonical":"https:\/\/www.shami-shop.com\/de\/produkt\/doukake-gomu\/","og_locale":"de_DE","og_type":"article","og_title":"Doukake Gomu - Shami-Shop","og_description":"Doukake-Gomu zum \u00dcberziehen \u00fcber das Doukake. Sorgt f\u00fcr mehr Halt auf dem Doukake und weniger Rutschen beim Spielen. Sehr rutschfest.","og_url":"https:\/\/www.shami-shop.com\/de\/produkt\/doukake-gomu\/","og_site_name":"Shami-Shop","article_publisher":"https:\/\/www.facebook.com\/weloveshamisen\/","article_modified_time":"2021-09-20T07:45:39+00:00","og_image":[{"width":1080,"height":720,"url":"https:\/\/www.shami-shop.com\/wp-content\/uploads\/2021\/09\/M-04-manschette-dunkelblau-ginkgo.png","type":"image\/png"}],"twitter_card":"summary_large_image","twitter_misc":{"Gesch\u00e4tzte Lesezeit":"1\u00a0Minute"},"schema":{"@context":"https:\/\/schema.org","@graph":[{"@type":["WebPage","ItemPage"],"@id":"https:\/\/www.shami-shop.com\/de\/produkt\/doukake-gomu\/","url":"https:\/\/www.shami-shop.com\/de\/produkt\/doukake-gomu\/","name":"Doukake Gomu - Shami-Shop","isPartOf":{"@id":"https:\/\/www.shami-shop.com\/de\/#website"},"primaryImageOfPage":{"@id":"https:\/\/www.shami-shop.com\/de\/produkt\/doukake-gomu\/#primaryimage"},"image":{"@id":"https:\/\/www.shami-shop.com\/de\/produkt\/doukake-gomu\/#primaryimage"},"thumbnailUrl":"https:\/\/www.shami-shop.com\/wp-content\/uploads\/2021\/09\/M-04-manschette-dunkelblau-ginkgo.png","datePublished":"2021-09-20T07:41:48+00:00","dateModified":"2021-09-20T07:45:39+00:00","description":"Doukake-Gomu zum \u00dcberziehen \u00fcber das Doukake. Sorgt f\u00fcr mehr Halt auf dem Doukake und weniger Rutschen beim Spielen. Sehr rutschfest.","breadcrumb":{"@id":"https:\/\/www.shami-shop.com\/de\/produkt\/doukake-gomu\/#breadcrumb"},"inLanguage":"de","potentialAction":[{"@type":"ReadAction","target":["https:\/\/www.shami-shop.com\/de\/produkt\/doukake-gomu\/"]}]},{"@type":"ImageObject","inLanguage":"de","@id":"https:\/\/www.shami-shop.com\/de\/produkt\/doukake-gomu\/#primaryimage","url":"https:\/\/www.shami-shop.com\/wp-content\/uploads\/2021\/09\/M-04-manschette-dunkelblau-ginkgo.png","contentUrl":"https:\/\/www.shami-shop.com\/wp-content\/uploads\/2021\/09\/M-04-manschette-dunkelblau-ginkgo.png","width":1080,"height":720},{"@type":"BreadcrumbList","@id":"https:\/\/www.shami-shop.com\/de\/produkt\/doukake-gomu\/#breadcrumb","itemListElement":[{"@type":"ListItem","position":1,"name":"Startseite","item":"https:\/\/www.shami-shop.com\/de\/"},{"@type":"ListItem","position":2,"name":"Shop","item":"https:\/\/www.shami-shop.com\/de\/shop\/"},{"@type":"ListItem","position":3,"name":"Doukake Gomu"}]},{"@type":"WebSite","@id":"https:\/\/www.shami-shop.com\/de\/#website","url":"https:\/\/www.shami-shop.com\/de\/","name":"Shami-Shop","description":"Alles f\u00fcr den Shamisen-Spieler.","publisher":{"@id":"https:\/\/www.shami-shop.com\/de\/#organization"},"potentialAction":[{"@type":"SearchAction","target":{"@type":"EntryPoint","urlTemplate":"https:\/\/www.shami-shop.com\/de\/?s={search_term_string}"},"query-input":{"@type":"PropertyValueSpecification","valueRequired":true,"valueName":"search_term_string"}}],"inLanguage":"de"},{"@type":"Organization","@id":"https:\/\/www.shami-shop.com\/de\/#organization","name":"Shami-Shop","url":"https:\/\/www.shami-shop.com\/de\/","logo":{"@type":"ImageObject","inLanguage":"de","@id":"https:\/\/www.shami-shop.com\/de\/#\/schema\/logo\/image\/","url":"https:\/\/shami-shop.com\/wp-content\/uploads\/2021\/01\/Shami-Shop-Logo-1080.png","contentUrl":"https:\/\/shami-shop.com\/wp-content\/uploads\/2021\/01\/Shami-Shop-Logo-1080.png","width":1080,"height":1080,"caption":"Shami-Shop"},"image":{"@id":"https:\/\/www.shami-shop.com\/de\/#\/schema\/logo\/image\/"},"sameAs":["https:\/\/www.facebook.com\/weloveshamisen\/","https:\/\/www.instagram.com\/shamishop.europe\/"]}]}},"jetpack_sharing_enabled":true,"_links":{"self":[{"href":"https:\/\/www.shami-shop.com\/de\/wp-json\/wp\/v2\/product\/14239","targetHints":{"allow":["GET"]}}],"collection":[{"href":"https:\/\/www.shami-shop.com\/de\/wp-json\/wp\/v2\/product"}],"about":[{"href":"https:\/\/www.shami-shop.com\/de\/wp-json\/wp\/v2\/types\/product"}],"wp:featuredmedia":[{"embeddable":true,"href":"https:\/\/www.shami-shop.com\/de\/wp-json\/wp\/v2\/media\/14083"}],"wp:attachment":[{"href":"https:\/\/www.shami-shop.com\/de\/wp-json\/wp\/v2\/media?parent=14239"}],"wp:term":[{"taxonomy":"product_brand","embeddable":true,"href":"https:\/\/www.shami-shop.com\/de\/wp-json\/wp\/v2\/product_brand?post=14239"},{"taxonomy":"product_cat","embeddable":true,"href":"https:\/\/www.shami-shop.com\/de\/wp-json\/wp\/v2\/product_cat?post=14239"},{"taxonomy":"product_tag","embeddable":true,"href":"https:\/\/www.shami-shop.com\/de\/wp-json\/wp\/v2\/product_tag?post=14239"}],"curies":[{"name":"wp","href":"https:\/\/api.w.org\/{rel}","templated":true}]}}