{"id":14430,"date":"2024-11-08T11:50:48","date_gmt":"2021-09-21T10:50:49","guid":{"rendered":"https:\/\/www.shami-shop.com\/?post_type=product&#038;p=14430"},"modified":"2024-12-25T19:16:22","modified_gmt":"2024-12-25T18:16:22","slug":"wooden-bachi-83","status":"publish","type":"product","link":"https:\/\/www.shami-shop.com\/de\/produkt\/wooden-bachi-83\/","title":{"rendered":"Holz-Bachi M\/L"},"content":{"rendered":"<p>Dieses Bachi aus Holz hat eine mittlere Gr\u00f6\u00dfe und ist eine gute Wahl f\u00fcr Leute mit mittelgro\u00dfen bis gro\u00dfen H\u00e4nden. Es ist sehr angenehm zu halten und macht das Spielen zu einem besonders sch\u00f6nen Erlebnis. Die Ecken sind ein ganz klein wenig abgespielt, aber noch sehr spitz und griffig. Das Blatt hat eine mittlere Flexibilit\u00e4t.<\/p>\n<p>Bachi aus Holz finden normalerweise als \u00dcbungs-Bachi f\u00fcr den Nagauta-Stil Anwendung. Es ist aus Eiche gefertigt. Ich finde, h\u00f6lzerne Bachi eignen sich auch wunderbar f\u00fcr Stile wie Minyo, denn das Holz ist einfach wunderbar angenehm in der Hand und die Flexibilit\u00e4t des Blattes erzeugt ein knackiges Schnalzen. F\u00fcr Tsugaru-Stil ist das Blatt nicht geeignet, weil es l\u00e4ngeren Passagen kr\u00e4ftiger Schl\u00e4ge auf Dauer nicht standhalten wird. Es ist aber ein wunderbares Bachi f\u00fcr den Einstieg, weil die angenehme Griffigkeit des Holzes und das leichte Gewicht es f\u00fcr die Hand einfacher machen, sich an das halten und Schwingen des Bachi zu gew\u00f6hnen &#8211; es f\u00fchlt sich am Anfang einfach alles seltsam an, und da freut sich die Hand \u00fcber den extra Komfort.<\/p>\n<p>Dass das Bachi aus Holz ist, macht es au\u00dferdem besonders einfach, die L\u00e4nge, Breite oder H\u00f6he des Griffs anzupassen, wenn man es perfekt auf die eigene Hand abstimmen m\u00f6chte.<\/p>\n","protected":false},"excerpt":{"rendered":"<p><strong>Stil:<\/strong> Nagauta<\/p>\n<p><strong>Gr\u00f6\u00dfe:<\/strong> M-L<\/p>\n<p><strong>Blatt:<\/strong> medium flexibel<\/p>\n<p><strong>Gewicht:<\/strong> leicht<\/p>\n<p><strong>Ma\u00dfe:<\/strong><\/p>\n<ul>\n<li>Gewicht: 112 g<\/li>\n<li>Blatt: 10,5 cm<\/li>\n<li>L\u00e4nge: 19,3 cm<\/li>\n<li>Griffbrete (oberes Ende): 27 mm<\/li>\n<li>Griffh\u00f6he (unteres Ende): 24 mm<\/li>\n<\/ul>\n","protected":false},"featured_media":0,"template":"","meta":{"_et_pb_use_builder":"","_et_pb_old_content":"","_et_gb_content_width":""},"product_brand":[],"product_cat":[135,386,404,403],"product_tag":[312,176],"class_list":{"0":"post-14430","1":"product","2":"type-product","3":"status-publish","5":"product_cat-bachi-de","6":"product_cat-bachi-nagauta-de","7":"product_cat-minyo-stil","8":"product_cat-nagauta-stil","9":"product_tag-bachi-de","10":"product_tag-nagauta-de","11":"product_shipping_class-paket-m-2kg-de","13":"first","14":"outofstock","15":"purchasable","16":"product-type-simple"},"yoast_head":"<!-- This site is optimized with the Yoast SEO plugin v26.9 - https:\/\/yoast.com\/product\/yoast-seo-wordpress\/ -->\n<title>Holz-Bachi M\/L - Shami-Shop<\/title>\n<meta name=\"description\" content=\"Bachi aus Holz. Sehr angenehm zu halten und einfach anzupassen, wenn der Griff etwas k\u00fcrzer oder schlanker sein soll.\" \/>\n<meta name=\"robots\" content=\"index, follow, max-snippet:-1, max-image-preview:large, max-video-preview:-1\" \/>\n<link rel=\"canonical\" href=\"https:\/\/www.shami-shop.com\/de\/produkt\/wooden-bachi-83\/\" \/>\n<meta property=\"og:locale\" content=\"de_DE\" \/>\n<meta property=\"og:type\" content=\"article\" \/>\n<meta property=\"og:title\" content=\"Holz-Bachi M\/L - Shami-Shop\" \/>\n<meta property=\"og:description\" content=\"Bachi aus Holz. Sehr angenehm zu halten und einfach anzupassen, wenn der Griff etwas k\u00fcrzer oder schlanker sein soll.\" \/>\n<meta property=\"og:url\" content=\"https:\/\/www.shami-shop.com\/de\/produkt\/wooden-bachi-83\/\" \/>\n<meta property=\"og:site_name\" content=\"Shami-Shop\" \/>\n<meta property=\"article:publisher\" content=\"https:\/\/www.facebook.com\/weloveshamisen\/\" \/>\n<meta property=\"article:modified_time\" content=\"2024-12-25T18:16:22+00:00\" \/>\n<meta property=\"og:image\" content=\"https:\/\/www.shami-shop.com\/wp-content\/uploads\/2024\/04\/B-160-A.png\" \/>\n\t<meta property=\"og:image:width\" content=\"950\" \/>\n\t<meta property=\"og:image:height\" content=\"633\" \/>\n\t<meta property=\"og:image:type\" content=\"image\/png\" \/>\n<meta name=\"twitter:card\" content=\"summary_large_image\" \/>\n<meta name=\"twitter:label1\" content=\"Gesch\u00e4tzte Lesezeit\" \/>\n\t<meta name=\"twitter:data1\" content=\"1\u00a0Minute\" \/>\n<script type=\"application\/ld+json\" class=\"yoast-schema-graph\">{\"@context\":\"https:\/\/schema.org\",\"@graph\":[{\"@type\":[\"WebPage\",\"ItemPage\"],\"@id\":\"https:\/\/www.shami-shop.com\/de\/produkt\/wooden-bachi-83\/\",\"url\":\"https:\/\/www.shami-shop.com\/de\/produkt\/wooden-bachi-83\/\",\"name\":\"Holz-Bachi M\/L - Shami-Shop\",\"isPartOf\":{\"@id\":\"https:\/\/www.shami-shop.com\/de\/#website\"},\"datePublished\":\"2021-09-21T10:50:49+00:00\",\"dateModified\":\"2024-12-25T18:16:22+00:00\",\"description\":\"Bachi aus Holz. Sehr angenehm zu halten und einfach anzupassen, wenn der Griff etwas k\u00fcrzer oder schlanker sein soll.\",\"breadcrumb\":{\"@id\":\"https:\/\/www.shami-shop.com\/de\/produkt\/wooden-bachi-83\/#breadcrumb\"},\"inLanguage\":\"de\",\"potentialAction\":[{\"@type\":\"ReadAction\",\"target\":[\"https:\/\/www.shami-shop.com\/de\/produkt\/wooden-bachi-83\/\"]}]},{\"@type\":\"BreadcrumbList\",\"@id\":\"https:\/\/www.shami-shop.com\/de\/produkt\/wooden-bachi-83\/#breadcrumb\",\"itemListElement\":[{\"@type\":\"ListItem\",\"position\":1,\"name\":\"Startseite\",\"item\":\"https:\/\/www.shami-shop.com\/de\/\"},{\"@type\":\"ListItem\",\"position\":2,\"name\":\"Shop\",\"item\":\"https:\/\/www.shami-shop.com\/de\/shop\/\"},{\"@type\":\"ListItem\",\"position\":3,\"name\":\"Holz-Bachi M\/L\"}]},{\"@type\":\"WebSite\",\"@id\":\"https:\/\/www.shami-shop.com\/de\/#website\",\"url\":\"https:\/\/www.shami-shop.com\/de\/\",\"name\":\"Shami-Shop\",\"description\":\"Alles f\u00fcr den Shamisen-Spieler.\",\"publisher\":{\"@id\":\"https:\/\/www.shami-shop.com\/de\/#organization\"},\"potentialAction\":[{\"@type\":\"SearchAction\",\"target\":{\"@type\":\"EntryPoint\",\"urlTemplate\":\"https:\/\/www.shami-shop.com\/de\/?s={search_term_string}\"},\"query-input\":{\"@type\":\"PropertyValueSpecification\",\"valueRequired\":true,\"valueName\":\"search_term_string\"}}],\"inLanguage\":\"de\"},{\"@type\":\"Organization\",\"@id\":\"https:\/\/www.shami-shop.com\/de\/#organization\",\"name\":\"Shami-Shop\",\"url\":\"https:\/\/www.shami-shop.com\/de\/\",\"logo\":{\"@type\":\"ImageObject\",\"inLanguage\":\"de\",\"@id\":\"https:\/\/www.shami-shop.com\/de\/#\/schema\/logo\/image\/\",\"url\":\"https:\/\/shami-shop.com\/wp-content\/uploads\/2021\/01\/Shami-Shop-Logo-1080.png\",\"contentUrl\":\"https:\/\/shami-shop.com\/wp-content\/uploads\/2021\/01\/Shami-Shop-Logo-1080.png\",\"width\":1080,\"height\":1080,\"caption\":\"Shami-Shop\"},\"image\":{\"@id\":\"https:\/\/www.shami-shop.com\/de\/#\/schema\/logo\/image\/\"},\"sameAs\":[\"https:\/\/www.facebook.com\/weloveshamisen\/\",\"https:\/\/www.instagram.com\/shamishop.europe\/\"]}]}<\/script>\n<!-- \/ Yoast SEO plugin. -->","yoast_head_json":{"title":"Holz-Bachi M\/L - Shami-Shop","description":"Bachi aus Holz. Sehr angenehm zu halten und einfach anzupassen, wenn der Griff etwas k\u00fcrzer oder schlanker sein soll.","robots":{"index":"index","follow":"follow","max-snippet":"max-snippet:-1","max-image-preview":"max-image-preview:large","max-video-preview":"max-video-preview:-1"},"canonical":"https:\/\/www.shami-shop.com\/de\/produkt\/wooden-bachi-83\/","og_locale":"de_DE","og_type":"article","og_title":"Holz-Bachi M\/L - Shami-Shop","og_description":"Bachi aus Holz. Sehr angenehm zu halten und einfach anzupassen, wenn der Griff etwas k\u00fcrzer oder schlanker sein soll.","og_url":"https:\/\/www.shami-shop.com\/de\/produkt\/wooden-bachi-83\/","og_site_name":"Shami-Shop","article_publisher":"https:\/\/www.facebook.com\/weloveshamisen\/","article_modified_time":"2024-12-25T18:16:22+00:00","og_image":[{"width":950,"height":633,"url":"https:\/\/www.shami-shop.com\/wp-content\/uploads\/2024\/04\/B-160-A.png","type":"image\/png"}],"twitter_card":"summary_large_image","twitter_misc":{"Gesch\u00e4tzte Lesezeit":"1\u00a0Minute"},"schema":{"@context":"https:\/\/schema.org","@graph":[{"@type":["WebPage","ItemPage"],"@id":"https:\/\/www.shami-shop.com\/de\/produkt\/wooden-bachi-83\/","url":"https:\/\/www.shami-shop.com\/de\/produkt\/wooden-bachi-83\/","name":"Holz-Bachi M\/L - Shami-Shop","isPartOf":{"@id":"https:\/\/www.shami-shop.com\/de\/#website"},"datePublished":"2021-09-21T10:50:49+00:00","dateModified":"2024-12-25T18:16:22+00:00","description":"Bachi aus Holz. Sehr angenehm zu halten und einfach anzupassen, wenn der Griff etwas k\u00fcrzer oder schlanker sein soll.","breadcrumb":{"@id":"https:\/\/www.shami-shop.com\/de\/produkt\/wooden-bachi-83\/#breadcrumb"},"inLanguage":"de","potentialAction":[{"@type":"ReadAction","target":["https:\/\/www.shami-shop.com\/de\/produkt\/wooden-bachi-83\/"]}]},{"@type":"BreadcrumbList","@id":"https:\/\/www.shami-shop.com\/de\/produkt\/wooden-bachi-83\/#breadcrumb","itemListElement":[{"@type":"ListItem","position":1,"name":"Startseite","item":"https:\/\/www.shami-shop.com\/de\/"},{"@type":"ListItem","position":2,"name":"Shop","item":"https:\/\/www.shami-shop.com\/de\/shop\/"},{"@type":"ListItem","position":3,"name":"Holz-Bachi M\/L"}]},{"@type":"WebSite","@id":"https:\/\/www.shami-shop.com\/de\/#website","url":"https:\/\/www.shami-shop.com\/de\/","name":"Shami-Shop","description":"Alles f\u00fcr den Shamisen-Spieler.","publisher":{"@id":"https:\/\/www.shami-shop.com\/de\/#organization"},"potentialAction":[{"@type":"SearchAction","target":{"@type":"EntryPoint","urlTemplate":"https:\/\/www.shami-shop.com\/de\/?s={search_term_string}"},"query-input":{"@type":"PropertyValueSpecification","valueRequired":true,"valueName":"search_term_string"}}],"inLanguage":"de"},{"@type":"Organization","@id":"https:\/\/www.shami-shop.com\/de\/#organization","name":"Shami-Shop","url":"https:\/\/www.shami-shop.com\/de\/","logo":{"@type":"ImageObject","inLanguage":"de","@id":"https:\/\/www.shami-shop.com\/de\/#\/schema\/logo\/image\/","url":"https:\/\/shami-shop.com\/wp-content\/uploads\/2021\/01\/Shami-Shop-Logo-1080.png","contentUrl":"https:\/\/shami-shop.com\/wp-content\/uploads\/2021\/01\/Shami-Shop-Logo-1080.png","width":1080,"height":1080,"caption":"Shami-Shop"},"image":{"@id":"https:\/\/www.shami-shop.com\/de\/#\/schema\/logo\/image\/"},"sameAs":["https:\/\/www.facebook.com\/weloveshamisen\/","https:\/\/www.instagram.com\/shamishop.europe\/"]}]}},"jetpack_sharing_enabled":true,"_links":{"self":[{"href":"https:\/\/www.shami-shop.com\/de\/wp-json\/wp\/v2\/product\/14430","targetHints":{"allow":["GET"]}}],"collection":[{"href":"https:\/\/www.shami-shop.com\/de\/wp-json\/wp\/v2\/product"}],"about":[{"href":"https:\/\/www.shami-shop.com\/de\/wp-json\/wp\/v2\/types\/product"}],"wp:attachment":[{"href":"https:\/\/www.shami-shop.com\/de\/wp-json\/wp\/v2\/media?parent=14430"}],"wp:term":[{"taxonomy":"product_brand","embeddable":true,"href":"https:\/\/www.shami-shop.com\/de\/wp-json\/wp\/v2\/product_brand?post=14430"},{"taxonomy":"product_cat","embeddable":true,"href":"https:\/\/www.shami-shop.com\/de\/wp-json\/wp\/v2\/product_cat?post=14430"},{"taxonomy":"product_tag","embeddable":true,"href":"https:\/\/www.shami-shop.com\/de\/wp-json\/wp\/v2\/product_tag?post=14430"}],"curies":[{"name":"wp","href":"https:\/\/api.w.org\/{rel}","templated":true}]}}