{"id":14497,"date":"2026-01-26T16:41:59","date_gmt":"2026-01-26T15:41:59","guid":{"rendered":"https:\/\/www.shami-shop.com\/?post_type=product&#038;p=14497"},"modified":"2026-01-28T00:03:56","modified_gmt":"2026-01-27T23:03:56","slug":"bachi-104","status":"publish","type":"product","link":"https:\/\/www.shami-shop.com\/de\/produkt\/bachi-104\/","title":{"rendered":"Tsugaru Bachi | Acryl"},"content":{"rendered":"<p>Schau dir dieses super coole Tsugaru Shamisen Bachi an! Es ist in einem Farbverlauf von kristallklar nach durchscheinend blau gef\u00e4rbt. Es ist nicht brandneu und zeigt deshalb minimale Abnutzungsspuren &#8211; es spielt sich aber wie neu. Das Blatt ist ziemlich fest. Wer flexiblere Ecken bevorzugt, kann das sehr einfach mit Sandpapier anpassen. Tipps dazu gebe ich gerne, wenn gew\u00fcnscht. Das Bachi hat eine sehr angenehme Gr\u00f6\u00dfe f\u00fcr kleine bis mittelgro\u00dfe H\u00e4nde und ist mit gerade mal 88 Gramm ein wahres Leichtgewicht.  Es f\u00fchlt sich an als w\u00fcrde man mit einer wundersch\u00f6nen Feder spielen \ud83d\ude42<\/p>\n<p>Eine allgemeine Anmerkung zu Bachi: Wer gerade erst mit Shamisen spielen anf\u00e4ngt: Es ist normal, dass sich das Bachi am Anfang etwas ungewohnt anf\u00fchlt. Aber es sollte niemals zu Schmerzen f\u00fchren &#8211; weder im Handgelenk noch in den Fingern. Bitte achten Sie darauf, das Bachi am Griff nicht fest zu umschlie\u00dfen, sondern es eher locker zwischen den Fingern eingeklemmt zu haben. Das ist am Anfang wirklich (vor allem vom Kopf her) schwer, aber damit kommt man zu einem lockeren Schwung, schmerzfreiem und gesundem Spiel und einem fantastischen Klang.<\/p>\n<p>Wenn der Griff zu breit und\/oder zu lang ist, kann man ihn abs\u00e4gen und abschleifen. Geben Sie sich niemals mit Schmerzen zufrieden. Wenn Sie Fragen haben oder Rat suchen, schreiben Sie gerne eine Nachricht.<\/p>\n","protected":false},"excerpt":{"rendered":"<p><strong>Stil:<\/strong> Tsugaru<\/p>\n<p>Gr\u00f6\u00dfe: S-M<\/p>\n<p><strong>Gewicht: <\/strong>super leicht<\/p>\n<p><strong>Blatt:<\/strong> fest<\/p>\n<ul>\n<li>Gewicht: 88 g<\/li>\n<li>Blatt: 9 cm<\/li>\n<li>L\u00e4nge: 17,8 cm<\/li>\n<li>Griffbreite (unteres Ende): 26,5 mm<\/li>\n<li>Griffh\u00f6he (unteres Ende): 24,5 mm<\/li>\n<\/ul>\n","protected":false},"featured_media":18233,"template":"","meta":{"_et_pb_use_builder":"","_et_pb_old_content":"","_et_gb_content_width":""},"product_brand":[],"product_cat":[135,393],"product_tag":[312,169],"class_list":{"0":"post-14497","1":"product","2":"type-product","3":"status-publish","4":"has-post-thumbnail","6":"product_cat-bachi-de","7":"product_cat-bachi-tsugaru-de","8":"product_tag-bachi-de","9":"product_tag-tsugaru-de","10":"product_shipping_class-paket-m-2kg-de","12":"first","13":"instock","14":"purchasable","15":"product-type-simple"},"yoast_head":"<!-- This site is optimized with the Yoast SEO plugin v26.9 - https:\/\/yoast.com\/product\/yoast-seo-wordpress\/ -->\n<title>Tsugaru Bachi | Acryl - Shami-Shop<\/title>\n<meta name=\"description\" content=\"Neues Bachi aus Kunststoff f\u00fcr Tsugaru Shamisen Stil. Dies ist das typische Sch\u00fclermodell f\u00fcr Anf\u00e4nger. Das Blatt ist recht fest und steif.\" \/>\n<meta name=\"robots\" content=\"index, follow, max-snippet:-1, max-image-preview:large, max-video-preview:-1\" \/>\n<link rel=\"canonical\" href=\"https:\/\/www.shami-shop.com\/de\/produkt\/bachi-104\/\" \/>\n<meta property=\"og:locale\" content=\"de_DE\" \/>\n<meta property=\"og:type\" content=\"article\" \/>\n<meta property=\"og:title\" content=\"Tsugaru Bachi | Acryl - Shami-Shop\" \/>\n<meta property=\"og:description\" content=\"Neues Bachi aus Kunststoff f\u00fcr Tsugaru Shamisen Stil. Dies ist das typische Sch\u00fclermodell f\u00fcr Anf\u00e4nger. Das Blatt ist recht fest und steif.\" \/>\n<meta property=\"og:url\" content=\"https:\/\/www.shami-shop.com\/de\/produkt\/bachi-104\/\" \/>\n<meta property=\"og:site_name\" content=\"Shami-Shop\" \/>\n<meta property=\"article:publisher\" content=\"https:\/\/www.facebook.com\/weloveshamisen\/\" \/>\n<meta property=\"article:modified_time\" content=\"2026-01-27T23:03:56+00:00\" \/>\n<meta property=\"og:image\" content=\"https:\/\/www.shami-shop.com\/wp-content\/uploads\/2022\/05\/B-103-a-shami-shop.png\" \/>\n\t<meta property=\"og:image:width\" content=\"750\" \/>\n\t<meta property=\"og:image:height\" content=\"600\" \/>\n\t<meta property=\"og:image:type\" content=\"image\/png\" \/>\n<meta name=\"twitter:card\" content=\"summary_large_image\" \/>\n<meta name=\"twitter:label1\" content=\"Gesch\u00e4tzte Lesezeit\" \/>\n\t<meta name=\"twitter:data1\" content=\"1\u00a0Minute\" \/>\n<script type=\"application\/ld+json\" class=\"yoast-schema-graph\">{\"@context\":\"https:\/\/schema.org\",\"@graph\":[{\"@type\":[\"WebPage\",\"ItemPage\"],\"@id\":\"https:\/\/www.shami-shop.com\/de\/produkt\/bachi-104\/\",\"url\":\"https:\/\/www.shami-shop.com\/de\/produkt\/bachi-104\/\",\"name\":\"Tsugaru Bachi | Acryl - Shami-Shop\",\"isPartOf\":{\"@id\":\"https:\/\/www.shami-shop.com\/de\/#website\"},\"primaryImageOfPage\":{\"@id\":\"https:\/\/www.shami-shop.com\/de\/produkt\/bachi-104\/#primaryimage\"},\"image\":{\"@id\":\"https:\/\/www.shami-shop.com\/de\/produkt\/bachi-104\/#primaryimage\"},\"thumbnailUrl\":\"https:\/\/www.shami-shop.com\/wp-content\/uploads\/2022\/05\/B-103-a-shami-shop.png\",\"datePublished\":\"2026-01-26T15:41:59+00:00\",\"dateModified\":\"2026-01-27T23:03:56+00:00\",\"description\":\"Neues Bachi aus Kunststoff f\u00fcr Tsugaru Shamisen Stil. Dies ist das typische Sch\u00fclermodell f\u00fcr Anf\u00e4nger. Das Blatt ist recht fest und steif.\",\"breadcrumb\":{\"@id\":\"https:\/\/www.shami-shop.com\/de\/produkt\/bachi-104\/#breadcrumb\"},\"inLanguage\":\"de\",\"potentialAction\":[{\"@type\":\"ReadAction\",\"target\":[\"https:\/\/www.shami-shop.com\/de\/produkt\/bachi-104\/\"]}]},{\"@type\":\"ImageObject\",\"inLanguage\":\"de\",\"@id\":\"https:\/\/www.shami-shop.com\/de\/produkt\/bachi-104\/#primaryimage\",\"url\":\"https:\/\/www.shami-shop.com\/wp-content\/uploads\/2022\/05\/B-103-a-shami-shop.png\",\"contentUrl\":\"https:\/\/www.shami-shop.com\/wp-content\/uploads\/2022\/05\/B-103-a-shami-shop.png\",\"width\":750,\"height\":600},{\"@type\":\"BreadcrumbList\",\"@id\":\"https:\/\/www.shami-shop.com\/de\/produkt\/bachi-104\/#breadcrumb\",\"itemListElement\":[{\"@type\":\"ListItem\",\"position\":1,\"name\":\"Startseite\",\"item\":\"https:\/\/www.shami-shop.com\/de\/\"},{\"@type\":\"ListItem\",\"position\":2,\"name\":\"Shop\",\"item\":\"https:\/\/www.shami-shop.com\/de\/shop\/\"},{\"@type\":\"ListItem\",\"position\":3,\"name\":\"Tsugaru Bachi | Acryl\"}]},{\"@type\":\"WebSite\",\"@id\":\"https:\/\/www.shami-shop.com\/de\/#website\",\"url\":\"https:\/\/www.shami-shop.com\/de\/\",\"name\":\"Shami-Shop\",\"description\":\"Alles f\u00fcr den Shamisen-Spieler.\",\"publisher\":{\"@id\":\"https:\/\/www.shami-shop.com\/de\/#organization\"},\"potentialAction\":[{\"@type\":\"SearchAction\",\"target\":{\"@type\":\"EntryPoint\",\"urlTemplate\":\"https:\/\/www.shami-shop.com\/de\/?s={search_term_string}\"},\"query-input\":{\"@type\":\"PropertyValueSpecification\",\"valueRequired\":true,\"valueName\":\"search_term_string\"}}],\"inLanguage\":\"de\"},{\"@type\":\"Organization\",\"@id\":\"https:\/\/www.shami-shop.com\/de\/#organization\",\"name\":\"Shami-Shop\",\"url\":\"https:\/\/www.shami-shop.com\/de\/\",\"logo\":{\"@type\":\"ImageObject\",\"inLanguage\":\"de\",\"@id\":\"https:\/\/www.shami-shop.com\/de\/#\/schema\/logo\/image\/\",\"url\":\"https:\/\/shami-shop.com\/wp-content\/uploads\/2021\/01\/Shami-Shop-Logo-1080.png\",\"contentUrl\":\"https:\/\/shami-shop.com\/wp-content\/uploads\/2021\/01\/Shami-Shop-Logo-1080.png\",\"width\":1080,\"height\":1080,\"caption\":\"Shami-Shop\"},\"image\":{\"@id\":\"https:\/\/www.shami-shop.com\/de\/#\/schema\/logo\/image\/\"},\"sameAs\":[\"https:\/\/www.facebook.com\/weloveshamisen\/\",\"https:\/\/www.instagram.com\/shamishop.europe\/\"]}]}<\/script>\n<!-- \/ Yoast SEO plugin. -->","yoast_head_json":{"title":"Tsugaru Bachi | Acryl - Shami-Shop","description":"Neues Bachi aus Kunststoff f\u00fcr Tsugaru Shamisen Stil. Dies ist das typische Sch\u00fclermodell f\u00fcr Anf\u00e4nger. Das Blatt ist recht fest und steif.","robots":{"index":"index","follow":"follow","max-snippet":"max-snippet:-1","max-image-preview":"max-image-preview:large","max-video-preview":"max-video-preview:-1"},"canonical":"https:\/\/www.shami-shop.com\/de\/produkt\/bachi-104\/","og_locale":"de_DE","og_type":"article","og_title":"Tsugaru Bachi | Acryl - Shami-Shop","og_description":"Neues Bachi aus Kunststoff f\u00fcr Tsugaru Shamisen Stil. Dies ist das typische Sch\u00fclermodell f\u00fcr Anf\u00e4nger. Das Blatt ist recht fest und steif.","og_url":"https:\/\/www.shami-shop.com\/de\/produkt\/bachi-104\/","og_site_name":"Shami-Shop","article_publisher":"https:\/\/www.facebook.com\/weloveshamisen\/","article_modified_time":"2026-01-27T23:03:56+00:00","og_image":[{"width":750,"height":600,"url":"https:\/\/www.shami-shop.com\/wp-content\/uploads\/2022\/05\/B-103-a-shami-shop.png","type":"image\/png"}],"twitter_card":"summary_large_image","twitter_misc":{"Gesch\u00e4tzte Lesezeit":"1\u00a0Minute"},"schema":{"@context":"https:\/\/schema.org","@graph":[{"@type":["WebPage","ItemPage"],"@id":"https:\/\/www.shami-shop.com\/de\/produkt\/bachi-104\/","url":"https:\/\/www.shami-shop.com\/de\/produkt\/bachi-104\/","name":"Tsugaru Bachi | Acryl - Shami-Shop","isPartOf":{"@id":"https:\/\/www.shami-shop.com\/de\/#website"},"primaryImageOfPage":{"@id":"https:\/\/www.shami-shop.com\/de\/produkt\/bachi-104\/#primaryimage"},"image":{"@id":"https:\/\/www.shami-shop.com\/de\/produkt\/bachi-104\/#primaryimage"},"thumbnailUrl":"https:\/\/www.shami-shop.com\/wp-content\/uploads\/2022\/05\/B-103-a-shami-shop.png","datePublished":"2026-01-26T15:41:59+00:00","dateModified":"2026-01-27T23:03:56+00:00","description":"Neues Bachi aus Kunststoff f\u00fcr Tsugaru Shamisen Stil. Dies ist das typische Sch\u00fclermodell f\u00fcr Anf\u00e4nger. Das Blatt ist recht fest und steif.","breadcrumb":{"@id":"https:\/\/www.shami-shop.com\/de\/produkt\/bachi-104\/#breadcrumb"},"inLanguage":"de","potentialAction":[{"@type":"ReadAction","target":["https:\/\/www.shami-shop.com\/de\/produkt\/bachi-104\/"]}]},{"@type":"ImageObject","inLanguage":"de","@id":"https:\/\/www.shami-shop.com\/de\/produkt\/bachi-104\/#primaryimage","url":"https:\/\/www.shami-shop.com\/wp-content\/uploads\/2022\/05\/B-103-a-shami-shop.png","contentUrl":"https:\/\/www.shami-shop.com\/wp-content\/uploads\/2022\/05\/B-103-a-shami-shop.png","width":750,"height":600},{"@type":"BreadcrumbList","@id":"https:\/\/www.shami-shop.com\/de\/produkt\/bachi-104\/#breadcrumb","itemListElement":[{"@type":"ListItem","position":1,"name":"Startseite","item":"https:\/\/www.shami-shop.com\/de\/"},{"@type":"ListItem","position":2,"name":"Shop","item":"https:\/\/www.shami-shop.com\/de\/shop\/"},{"@type":"ListItem","position":3,"name":"Tsugaru Bachi | Acryl"}]},{"@type":"WebSite","@id":"https:\/\/www.shami-shop.com\/de\/#website","url":"https:\/\/www.shami-shop.com\/de\/","name":"Shami-Shop","description":"Alles f\u00fcr den Shamisen-Spieler.","publisher":{"@id":"https:\/\/www.shami-shop.com\/de\/#organization"},"potentialAction":[{"@type":"SearchAction","target":{"@type":"EntryPoint","urlTemplate":"https:\/\/www.shami-shop.com\/de\/?s={search_term_string}"},"query-input":{"@type":"PropertyValueSpecification","valueRequired":true,"valueName":"search_term_string"}}],"inLanguage":"de"},{"@type":"Organization","@id":"https:\/\/www.shami-shop.com\/de\/#organization","name":"Shami-Shop","url":"https:\/\/www.shami-shop.com\/de\/","logo":{"@type":"ImageObject","inLanguage":"de","@id":"https:\/\/www.shami-shop.com\/de\/#\/schema\/logo\/image\/","url":"https:\/\/shami-shop.com\/wp-content\/uploads\/2021\/01\/Shami-Shop-Logo-1080.png","contentUrl":"https:\/\/shami-shop.com\/wp-content\/uploads\/2021\/01\/Shami-Shop-Logo-1080.png","width":1080,"height":1080,"caption":"Shami-Shop"},"image":{"@id":"https:\/\/www.shami-shop.com\/de\/#\/schema\/logo\/image\/"},"sameAs":["https:\/\/www.facebook.com\/weloveshamisen\/","https:\/\/www.instagram.com\/shamishop.europe\/"]}]}},"jetpack_sharing_enabled":true,"_links":{"self":[{"href":"https:\/\/www.shami-shop.com\/de\/wp-json\/wp\/v2\/product\/14497","targetHints":{"allow":["GET"]}}],"collection":[{"href":"https:\/\/www.shami-shop.com\/de\/wp-json\/wp\/v2\/product"}],"about":[{"href":"https:\/\/www.shami-shop.com\/de\/wp-json\/wp\/v2\/types\/product"}],"wp:featuredmedia":[{"embeddable":true,"href":"https:\/\/www.shami-shop.com\/de\/wp-json\/wp\/v2\/media\/18233"}],"wp:attachment":[{"href":"https:\/\/www.shami-shop.com\/de\/wp-json\/wp\/v2\/media?parent=14497"}],"wp:term":[{"taxonomy":"product_brand","embeddable":true,"href":"https:\/\/www.shami-shop.com\/de\/wp-json\/wp\/v2\/product_brand?post=14497"},{"taxonomy":"product_cat","embeddable":true,"href":"https:\/\/www.shami-shop.com\/de\/wp-json\/wp\/v2\/product_cat?post=14497"},{"taxonomy":"product_tag","embeddable":true,"href":"https:\/\/www.shami-shop.com\/de\/wp-json\/wp\/v2\/product_tag?post=14497"}],"curies":[{"name":"wp","href":"https:\/\/api.w.org\/{rel}","templated":true}]}}