{"id":14574,"date":"2021-09-29T09:02:17","date_gmt":"2021-09-29T08:02:18","guid":{"rendered":"https:\/\/www.shami-shop.com\/?post_type=product&#038;p=14574"},"modified":"2026-03-03T11:23:20","modified_gmt":"2026-03-03T10:23:20","slug":"san-no-ito-hatsune-seide-13-3","status":"publish","type":"product","link":"https:\/\/www.shami-shop.com\/de\/produkt\/san-no-ito-hatsune-seide-13-3\/","title":{"rendered":"San no Ito | Hatsune (Seide) 13-3"},"content":{"rendered":"<p data-pm-slice=\"1 1 []\">Hatsune geh\u00f6rt zu den bekanntesten Herstellern f\u00fcr hochwertige Shamisen-Saiten und ist bew\u00e4hrt unter professionellen Shamisen-Spielern in Japan.<\/p>\n<p data-pm-slice=\"1 1 []\">Diese d\u00fcnne Saite (San no Ito) ist aus Seide hergestellt und hat eine Fadenst\u00e4rke von 13. Diese Fadenst\u00e4rke wird normalerweise f\u00fcr Nagauta, Kouta, Minyo und Tsugaru Stil benutzt. F\u00fcr Tsugaru Shamisen sind synthetische Saiten f\u00fcr die d\u00fcnne Saite besonders beliebt, weil sie haltbarer sind und dem kraftvollen Schlagstil l\u00e4nger standhalten.<\/p>\n<p data-pm-slice=\"1 1 []\">Alle Saiten werden <em>einzeln<\/em> verkauft und nicht in Multi-Packs.<\/p>\n<p data-pm-slice=\"1 1 []\">Mehr Informationen \u00fcber Saiten gibt es auf der Kategorien-Seite<a href=\"https:\/\/shami-shop.com\/product-categorie\/strings\/\" target=\"_blank\" rel=\"noopener\">.<\/a><\/p>\n","protected":false},"excerpt":{"rendered":"<ul>\n<li data-pm-slice=\"1 1 []\">Seide<\/li>\n<li data-pm-slice=\"1 1 []\">Gr\u00f6\u00dfe 13-3<\/li>\n<\/ul>\n","protected":false},"featured_media":2336,"template":"","meta":{"_et_pb_use_builder":"","_et_pb_old_content":"","_et_gb_content_width":""},"product_brand":[],"product_cat":[148,281,252,332],"product_tag":[202,172,176,188,181,185],"class_list":{"0":"post-14574","1":"product","2":"type-product","3":"status-publish","4":"has-post-thumbnail","6":"product_cat-saiten","7":"product_cat-hatsune-de","8":"product_cat-san-no-ito-de","9":"product_cat-seide","10":"product_tag-ito-de","11":"product_tag-kouta-de","12":"product_tag-nagauta-de","13":"product_tag-saiten-de","14":"product_tag-san-no-ito-de","15":"product_tag-seide","16":"product_shipping_class-brief-de","18":"first","19":"instock","20":"purchasable","21":"product-type-simple"},"yoast_head":"<!-- This site is optimized with the Yoast SEO plugin v26.9 - https:\/\/yoast.com\/product\/yoast-seo-wordpress\/ -->\n<title>San no Ito | Hatsune (Seide) 13-3 - Shami-Shop<\/title>\n<meta name=\"description\" content=\"Shamisen-Saiten aus Seide von der Marke Hatsune.\" \/>\n<meta name=\"robots\" content=\"index, follow, max-snippet:-1, max-image-preview:large, max-video-preview:-1\" \/>\n<link rel=\"canonical\" href=\"https:\/\/www.shami-shop.com\/de\/produkt\/san-no-ito-hatsune-seide-13-3\/\" \/>\n<meta property=\"og:locale\" content=\"de_DE\" \/>\n<meta property=\"og:type\" content=\"article\" \/>\n<meta property=\"og:title\" content=\"San no Ito | Hatsune (Seide) 13-3 - Shami-Shop\" \/>\n<meta property=\"og:description\" content=\"Shamisen-Saiten aus Seide von der Marke Hatsune.\" \/>\n<meta property=\"og:url\" content=\"https:\/\/www.shami-shop.com\/de\/produkt\/san-no-ito-hatsune-seide-13-3\/\" \/>\n<meta property=\"og:site_name\" content=\"Shami-Shop\" \/>\n<meta property=\"article:publisher\" content=\"https:\/\/www.facebook.com\/weloveshamisen\/\" \/>\n<meta property=\"article:modified_time\" content=\"2026-03-03T10:23:20+00:00\" \/>\n<meta property=\"og:image\" content=\"https:\/\/www.shami-shop.com\/wp-content\/uploads\/2021\/02\/hatsune-ichi-no-cover-photo-shami-shop.com_.png\" \/>\n\t<meta property=\"og:image:width\" content=\"1000\" \/>\n\t<meta property=\"og:image:height\" content=\"1000\" \/>\n\t<meta property=\"og:image:type\" content=\"image\/png\" \/>\n<meta name=\"twitter:card\" content=\"summary_large_image\" \/>\n<meta name=\"twitter:label1\" content=\"Gesch\u00e4tzte Lesezeit\" \/>\n\t<meta name=\"twitter:data1\" content=\"1\u00a0Minute\" \/>\n<script type=\"application\/ld+json\" class=\"yoast-schema-graph\">{\"@context\":\"https:\/\/schema.org\",\"@graph\":[{\"@type\":[\"WebPage\",\"ItemPage\"],\"@id\":\"https:\/\/www.shami-shop.com\/de\/produkt\/san-no-ito-hatsune-seide-13-3\/\",\"url\":\"https:\/\/www.shami-shop.com\/de\/produkt\/san-no-ito-hatsune-seide-13-3\/\",\"name\":\"San no Ito | Hatsune (Seide) 13-3 - Shami-Shop\",\"isPartOf\":{\"@id\":\"https:\/\/www.shami-shop.com\/de\/#website\"},\"primaryImageOfPage\":{\"@id\":\"https:\/\/www.shami-shop.com\/de\/produkt\/san-no-ito-hatsune-seide-13-3\/#primaryimage\"},\"image\":{\"@id\":\"https:\/\/www.shami-shop.com\/de\/produkt\/san-no-ito-hatsune-seide-13-3\/#primaryimage\"},\"thumbnailUrl\":\"https:\/\/www.shami-shop.com\/wp-content\/uploads\/2021\/02\/hatsune-ichi-no-cover-photo-shami-shop.com_.png\",\"datePublished\":\"2021-09-29T08:02:18+00:00\",\"dateModified\":\"2026-03-03T10:23:20+00:00\",\"description\":\"Shamisen-Saiten aus Seide von der Marke Hatsune.\",\"breadcrumb\":{\"@id\":\"https:\/\/www.shami-shop.com\/de\/produkt\/san-no-ito-hatsune-seide-13-3\/#breadcrumb\"},\"inLanguage\":\"de\",\"potentialAction\":[{\"@type\":\"ReadAction\",\"target\":[\"https:\/\/www.shami-shop.com\/de\/produkt\/san-no-ito-hatsune-seide-13-3\/\"]}]},{\"@type\":\"ImageObject\",\"inLanguage\":\"de\",\"@id\":\"https:\/\/www.shami-shop.com\/de\/produkt\/san-no-ito-hatsune-seide-13-3\/#primaryimage\",\"url\":\"https:\/\/www.shami-shop.com\/wp-content\/uploads\/2021\/02\/hatsune-ichi-no-cover-photo-shami-shop.com_.png\",\"contentUrl\":\"https:\/\/www.shami-shop.com\/wp-content\/uploads\/2021\/02\/hatsune-ichi-no-cover-photo-shami-shop.com_.png\",\"width\":1000,\"height\":1000,\"caption\":\"hatsune ito | shami-shop.com\"},{\"@type\":\"BreadcrumbList\",\"@id\":\"https:\/\/www.shami-shop.com\/de\/produkt\/san-no-ito-hatsune-seide-13-3\/#breadcrumb\",\"itemListElement\":[{\"@type\":\"ListItem\",\"position\":1,\"name\":\"Startseite\",\"item\":\"https:\/\/www.shami-shop.com\/de\/\"},{\"@type\":\"ListItem\",\"position\":2,\"name\":\"Shop\",\"item\":\"https:\/\/www.shami-shop.com\/de\/shop\/\"},{\"@type\":\"ListItem\",\"position\":3,\"name\":\"San no Ito | Hatsune (Seide) 13-3\"}]},{\"@type\":\"WebSite\",\"@id\":\"https:\/\/www.shami-shop.com\/de\/#website\",\"url\":\"https:\/\/www.shami-shop.com\/de\/\",\"name\":\"Shami-Shop\",\"description\":\"Alles f\u00fcr den Shamisen-Spieler.\",\"publisher\":{\"@id\":\"https:\/\/www.shami-shop.com\/de\/#organization\"},\"potentialAction\":[{\"@type\":\"SearchAction\",\"target\":{\"@type\":\"EntryPoint\",\"urlTemplate\":\"https:\/\/www.shami-shop.com\/de\/?s={search_term_string}\"},\"query-input\":{\"@type\":\"PropertyValueSpecification\",\"valueRequired\":true,\"valueName\":\"search_term_string\"}}],\"inLanguage\":\"de\"},{\"@type\":\"Organization\",\"@id\":\"https:\/\/www.shami-shop.com\/de\/#organization\",\"name\":\"Shami-Shop\",\"url\":\"https:\/\/www.shami-shop.com\/de\/\",\"logo\":{\"@type\":\"ImageObject\",\"inLanguage\":\"de\",\"@id\":\"https:\/\/www.shami-shop.com\/de\/#\/schema\/logo\/image\/\",\"url\":\"https:\/\/shami-shop.com\/wp-content\/uploads\/2021\/01\/Shami-Shop-Logo-1080.png\",\"contentUrl\":\"https:\/\/shami-shop.com\/wp-content\/uploads\/2021\/01\/Shami-Shop-Logo-1080.png\",\"width\":1080,\"height\":1080,\"caption\":\"Shami-Shop\"},\"image\":{\"@id\":\"https:\/\/www.shami-shop.com\/de\/#\/schema\/logo\/image\/\"},\"sameAs\":[\"https:\/\/www.facebook.com\/weloveshamisen\/\",\"https:\/\/www.instagram.com\/shamishop.europe\/\"]}]}<\/script>\n<!-- \/ Yoast SEO plugin. -->","yoast_head_json":{"title":"San no Ito | Hatsune (Seide) 13-3 - Shami-Shop","description":"Shamisen-Saiten aus Seide von der Marke Hatsune.","robots":{"index":"index","follow":"follow","max-snippet":"max-snippet:-1","max-image-preview":"max-image-preview:large","max-video-preview":"max-video-preview:-1"},"canonical":"https:\/\/www.shami-shop.com\/de\/produkt\/san-no-ito-hatsune-seide-13-3\/","og_locale":"de_DE","og_type":"article","og_title":"San no Ito | Hatsune (Seide) 13-3 - Shami-Shop","og_description":"Shamisen-Saiten aus Seide von der Marke Hatsune.","og_url":"https:\/\/www.shami-shop.com\/de\/produkt\/san-no-ito-hatsune-seide-13-3\/","og_site_name":"Shami-Shop","article_publisher":"https:\/\/www.facebook.com\/weloveshamisen\/","article_modified_time":"2026-03-03T10:23:20+00:00","og_image":[{"width":1000,"height":1000,"url":"https:\/\/www.shami-shop.com\/wp-content\/uploads\/2021\/02\/hatsune-ichi-no-cover-photo-shami-shop.com_.png","type":"image\/png"}],"twitter_card":"summary_large_image","twitter_misc":{"Gesch\u00e4tzte Lesezeit":"1\u00a0Minute"},"schema":{"@context":"https:\/\/schema.org","@graph":[{"@type":["WebPage","ItemPage"],"@id":"https:\/\/www.shami-shop.com\/de\/produkt\/san-no-ito-hatsune-seide-13-3\/","url":"https:\/\/www.shami-shop.com\/de\/produkt\/san-no-ito-hatsune-seide-13-3\/","name":"San no Ito | Hatsune (Seide) 13-3 - Shami-Shop","isPartOf":{"@id":"https:\/\/www.shami-shop.com\/de\/#website"},"primaryImageOfPage":{"@id":"https:\/\/www.shami-shop.com\/de\/produkt\/san-no-ito-hatsune-seide-13-3\/#primaryimage"},"image":{"@id":"https:\/\/www.shami-shop.com\/de\/produkt\/san-no-ito-hatsune-seide-13-3\/#primaryimage"},"thumbnailUrl":"https:\/\/www.shami-shop.com\/wp-content\/uploads\/2021\/02\/hatsune-ichi-no-cover-photo-shami-shop.com_.png","datePublished":"2021-09-29T08:02:18+00:00","dateModified":"2026-03-03T10:23:20+00:00","description":"Shamisen-Saiten aus Seide von der Marke Hatsune.","breadcrumb":{"@id":"https:\/\/www.shami-shop.com\/de\/produkt\/san-no-ito-hatsune-seide-13-3\/#breadcrumb"},"inLanguage":"de","potentialAction":[{"@type":"ReadAction","target":["https:\/\/www.shami-shop.com\/de\/produkt\/san-no-ito-hatsune-seide-13-3\/"]}]},{"@type":"ImageObject","inLanguage":"de","@id":"https:\/\/www.shami-shop.com\/de\/produkt\/san-no-ito-hatsune-seide-13-3\/#primaryimage","url":"https:\/\/www.shami-shop.com\/wp-content\/uploads\/2021\/02\/hatsune-ichi-no-cover-photo-shami-shop.com_.png","contentUrl":"https:\/\/www.shami-shop.com\/wp-content\/uploads\/2021\/02\/hatsune-ichi-no-cover-photo-shami-shop.com_.png","width":1000,"height":1000,"caption":"hatsune ito | shami-shop.com"},{"@type":"BreadcrumbList","@id":"https:\/\/www.shami-shop.com\/de\/produkt\/san-no-ito-hatsune-seide-13-3\/#breadcrumb","itemListElement":[{"@type":"ListItem","position":1,"name":"Startseite","item":"https:\/\/www.shami-shop.com\/de\/"},{"@type":"ListItem","position":2,"name":"Shop","item":"https:\/\/www.shami-shop.com\/de\/shop\/"},{"@type":"ListItem","position":3,"name":"San no Ito | Hatsune (Seide) 13-3"}]},{"@type":"WebSite","@id":"https:\/\/www.shami-shop.com\/de\/#website","url":"https:\/\/www.shami-shop.com\/de\/","name":"Shami-Shop","description":"Alles f\u00fcr den Shamisen-Spieler.","publisher":{"@id":"https:\/\/www.shami-shop.com\/de\/#organization"},"potentialAction":[{"@type":"SearchAction","target":{"@type":"EntryPoint","urlTemplate":"https:\/\/www.shami-shop.com\/de\/?s={search_term_string}"},"query-input":{"@type":"PropertyValueSpecification","valueRequired":true,"valueName":"search_term_string"}}],"inLanguage":"de"},{"@type":"Organization","@id":"https:\/\/www.shami-shop.com\/de\/#organization","name":"Shami-Shop","url":"https:\/\/www.shami-shop.com\/de\/","logo":{"@type":"ImageObject","inLanguage":"de","@id":"https:\/\/www.shami-shop.com\/de\/#\/schema\/logo\/image\/","url":"https:\/\/shami-shop.com\/wp-content\/uploads\/2021\/01\/Shami-Shop-Logo-1080.png","contentUrl":"https:\/\/shami-shop.com\/wp-content\/uploads\/2021\/01\/Shami-Shop-Logo-1080.png","width":1080,"height":1080,"caption":"Shami-Shop"},"image":{"@id":"https:\/\/www.shami-shop.com\/de\/#\/schema\/logo\/image\/"},"sameAs":["https:\/\/www.facebook.com\/weloveshamisen\/","https:\/\/www.instagram.com\/shamishop.europe\/"]}]}},"jetpack_sharing_enabled":true,"_links":{"self":[{"href":"https:\/\/www.shami-shop.com\/de\/wp-json\/wp\/v2\/product\/14574","targetHints":{"allow":["GET"]}}],"collection":[{"href":"https:\/\/www.shami-shop.com\/de\/wp-json\/wp\/v2\/product"}],"about":[{"href":"https:\/\/www.shami-shop.com\/de\/wp-json\/wp\/v2\/types\/product"}],"wp:featuredmedia":[{"embeddable":true,"href":"https:\/\/www.shami-shop.com\/de\/wp-json\/wp\/v2\/media\/2336"}],"wp:attachment":[{"href":"https:\/\/www.shami-shop.com\/de\/wp-json\/wp\/v2\/media?parent=14574"}],"wp:term":[{"taxonomy":"product_brand","embeddable":true,"href":"https:\/\/www.shami-shop.com\/de\/wp-json\/wp\/v2\/product_brand?post=14574"},{"taxonomy":"product_cat","embeddable":true,"href":"https:\/\/www.shami-shop.com\/de\/wp-json\/wp\/v2\/product_cat?post=14574"},{"taxonomy":"product_tag","embeddable":true,"href":"https:\/\/www.shami-shop.com\/de\/wp-json\/wp\/v2\/product_tag?post=14574"}],"curies":[{"name":"wp","href":"https:\/\/api.w.org\/{rel}","templated":true}]}}