{"id":1474,"date":"2021-01-28T16:48:29","date_gmt":"2021-01-28T16:48:29","guid":{"rendered":"https:\/\/shami-shop.com\/produkt\/shamisen-wall-mount\/"},"modified":"2025-01-12T15:23:48","modified_gmt":"2025-01-12T14:23:48","slug":"shamisen-wall-mount","status":"publish","type":"product","link":"https:\/\/www.shami-shop.com\/de\/produkt\/shamisen-wall-mount\/","title":{"rendered":"Shamisen Wandhaken"},"content":{"rendered":"<p>Stabiler, griffiger Doppelhaken &#8211; perfekt, um seine Shamisen an die Wand zu h\u00e4ngen. Der Haken ist mit mit einer griffigen Gummierung \u00fcberzogen. Damit ruht die Shamisen garantiert sicher und rutschfrei an der Wand. Geeignet f\u00fcr alle Shamisen-Bauweisen Bitte pr\u00fcfen Sie die Wandbeschaffenheit eingehend und w\u00e4hlen Sie einen entsprechenden D\u00fcbel zur Verankerung. \u00a0 <strong>Produktabmessungen:\u00a0<\/strong> Gesamtl\u00e4nge inklusive Gewinde: 105mm L\u00e4nge ohne Gewinde: 80mm Gewindedurchmesser: 6mm<\/p>\n","protected":false},"excerpt":{"rendered":"<ul>\n<li>gummierte Wandaufh\u00e4ngung f\u00fcr Shamisen<\/li>\n<li><strong>Produktabmessungen:\u00a0<\/strong>Gesamtl\u00e4nge inklusive Gewinde: 105mmL\u00e4nge ohne Gewinde: 80mm Gewindedurchmesser: 6mm<\/li>\n<\/ul>\n","protected":false},"featured_media":1401,"template":"","meta":{"_et_pb_use_builder":"","_et_pb_old_content":"","_et_gb_content_width":""},"product_brand":[],"product_cat":[264],"product_tag":[],"class_list":{"0":"post-1474","1":"product","2":"type-product","3":"status-publish","4":"has-post-thumbnail","6":"product_cat-haken-und-staender","7":"product_shipping_class-maxibrief-de","9":"first","10":"outofstock","11":"purchasable","12":"product-type-simple"},"yoast_head":"<!-- This site is optimized with the Yoast SEO plugin v26.9 - https:\/\/yoast.com\/product\/yoast-seo-wordpress\/ -->\n<title>Shamisen Wandhaken - Shami-Shop<\/title>\n<meta name=\"description\" content=\"Robuste, gummierte Wandaufh\u00e4ngung f\u00fcr Shamisen aller Bauweisen und Gr\u00f6\u00dfen. Gesamtl\u00e4nge inklusive Gewinde 105mm.\" \/>\n<meta name=\"robots\" content=\"index, follow, max-snippet:-1, max-image-preview:large, max-video-preview:-1\" \/>\n<link rel=\"canonical\" href=\"https:\/\/www.shami-shop.com\/de\/produkt\/shamisen-wall-mount\/\" \/>\n<meta property=\"og:locale\" content=\"de_DE\" \/>\n<meta property=\"og:type\" content=\"article\" \/>\n<meta property=\"og:title\" content=\"Shamisen Wandhaken - Shami-Shop\" \/>\n<meta property=\"og:description\" content=\"Robuste, gummierte Wandaufh\u00e4ngung f\u00fcr Shamisen aller Bauweisen und Gr\u00f6\u00dfen. Gesamtl\u00e4nge inklusive Gewinde 105mm.\" \/>\n<meta property=\"og:url\" content=\"https:\/\/www.shami-shop.com\/de\/produkt\/shamisen-wall-mount\/\" \/>\n<meta property=\"og:site_name\" content=\"Shami-Shop\" \/>\n<meta property=\"article:publisher\" content=\"https:\/\/www.facebook.com\/weloveshamisen\/\" \/>\n<meta property=\"article:modified_time\" content=\"2025-01-12T14:23:48+00:00\" \/>\n<meta property=\"og:image\" content=\"https:\/\/www.shami-shop.com\/wp-content\/uploads\/2021\/01\/wandhaken-_-shami-shop.com_.png\" \/>\n\t<meta property=\"og:image:width\" content=\"1000\" \/>\n\t<meta property=\"og:image:height\" content=\"1000\" \/>\n\t<meta property=\"og:image:type\" content=\"image\/png\" \/>\n<meta name=\"twitter:card\" content=\"summary_large_image\" \/>\n<meta name=\"twitter:label1\" content=\"Gesch\u00e4tzte Lesezeit\" \/>\n\t<meta name=\"twitter:data1\" content=\"1\u00a0Minute\" \/>\n<script type=\"application\/ld+json\" class=\"yoast-schema-graph\">{\"@context\":\"https:\/\/schema.org\",\"@graph\":[{\"@type\":[\"WebPage\",\"ItemPage\"],\"@id\":\"https:\/\/www.shami-shop.com\/de\/produkt\/shamisen-wall-mount\/\",\"url\":\"https:\/\/www.shami-shop.com\/de\/produkt\/shamisen-wall-mount\/\",\"name\":\"Shamisen Wandhaken - Shami-Shop\",\"isPartOf\":{\"@id\":\"https:\/\/www.shami-shop.com\/de\/#website\"},\"primaryImageOfPage\":{\"@id\":\"https:\/\/www.shami-shop.com\/de\/produkt\/shamisen-wall-mount\/#primaryimage\"},\"image\":{\"@id\":\"https:\/\/www.shami-shop.com\/de\/produkt\/shamisen-wall-mount\/#primaryimage\"},\"thumbnailUrl\":\"https:\/\/www.shami-shop.com\/wp-content\/uploads\/2021\/01\/wandhaken-_-shami-shop.com_.png\",\"datePublished\":\"2021-01-28T16:48:29+00:00\",\"dateModified\":\"2025-01-12T14:23:48+00:00\",\"description\":\"Robuste, gummierte Wandaufh\u00e4ngung f\u00fcr Shamisen aller Bauweisen und Gr\u00f6\u00dfen. Gesamtl\u00e4nge inklusive Gewinde 105mm.\",\"breadcrumb\":{\"@id\":\"https:\/\/www.shami-shop.com\/de\/produkt\/shamisen-wall-mount\/#breadcrumb\"},\"inLanguage\":\"de\",\"potentialAction\":[{\"@type\":\"ReadAction\",\"target\":[\"https:\/\/www.shami-shop.com\/de\/produkt\/shamisen-wall-mount\/\"]}]},{\"@type\":\"ImageObject\",\"inLanguage\":\"de\",\"@id\":\"https:\/\/www.shami-shop.com\/de\/produkt\/shamisen-wall-mount\/#primaryimage\",\"url\":\"https:\/\/www.shami-shop.com\/wp-content\/uploads\/2021\/01\/wandhaken-_-shami-shop.com_.png\",\"contentUrl\":\"https:\/\/www.shami-shop.com\/wp-content\/uploads\/2021\/01\/wandhaken-_-shami-shop.com_.png\",\"width\":1000,\"height\":1000,\"caption\":\"shamisen wall hook | shami-shop.com\"},{\"@type\":\"BreadcrumbList\",\"@id\":\"https:\/\/www.shami-shop.com\/de\/produkt\/shamisen-wall-mount\/#breadcrumb\",\"itemListElement\":[{\"@type\":\"ListItem\",\"position\":1,\"name\":\"Startseite\",\"item\":\"https:\/\/www.shami-shop.com\/de\/\"},{\"@type\":\"ListItem\",\"position\":2,\"name\":\"Shop\",\"item\":\"https:\/\/www.shami-shop.com\/de\/shop\/\"},{\"@type\":\"ListItem\",\"position\":3,\"name\":\"Shamisen Wandhaken\"}]},{\"@type\":\"WebSite\",\"@id\":\"https:\/\/www.shami-shop.com\/de\/#website\",\"url\":\"https:\/\/www.shami-shop.com\/de\/\",\"name\":\"Shami-Shop\",\"description\":\"Alles f\u00fcr den Shamisen-Spieler.\",\"publisher\":{\"@id\":\"https:\/\/www.shami-shop.com\/de\/#organization\"},\"potentialAction\":[{\"@type\":\"SearchAction\",\"target\":{\"@type\":\"EntryPoint\",\"urlTemplate\":\"https:\/\/www.shami-shop.com\/de\/?s={search_term_string}\"},\"query-input\":{\"@type\":\"PropertyValueSpecification\",\"valueRequired\":true,\"valueName\":\"search_term_string\"}}],\"inLanguage\":\"de\"},{\"@type\":\"Organization\",\"@id\":\"https:\/\/www.shami-shop.com\/de\/#organization\",\"name\":\"Shami-Shop\",\"url\":\"https:\/\/www.shami-shop.com\/de\/\",\"logo\":{\"@type\":\"ImageObject\",\"inLanguage\":\"de\",\"@id\":\"https:\/\/www.shami-shop.com\/de\/#\/schema\/logo\/image\/\",\"url\":\"https:\/\/shami-shop.com\/wp-content\/uploads\/2021\/01\/Shami-Shop-Logo-1080.png\",\"contentUrl\":\"https:\/\/shami-shop.com\/wp-content\/uploads\/2021\/01\/Shami-Shop-Logo-1080.png\",\"width\":1080,\"height\":1080,\"caption\":\"Shami-Shop\"},\"image\":{\"@id\":\"https:\/\/www.shami-shop.com\/de\/#\/schema\/logo\/image\/\"},\"sameAs\":[\"https:\/\/www.facebook.com\/weloveshamisen\/\",\"https:\/\/www.instagram.com\/shamishop.europe\/\"]}]}<\/script>\n<!-- \/ Yoast SEO plugin. -->","yoast_head_json":{"title":"Shamisen Wandhaken - Shami-Shop","description":"Robuste, gummierte Wandaufh\u00e4ngung f\u00fcr Shamisen aller Bauweisen und Gr\u00f6\u00dfen. Gesamtl\u00e4nge inklusive Gewinde 105mm.","robots":{"index":"index","follow":"follow","max-snippet":"max-snippet:-1","max-image-preview":"max-image-preview:large","max-video-preview":"max-video-preview:-1"},"canonical":"https:\/\/www.shami-shop.com\/de\/produkt\/shamisen-wall-mount\/","og_locale":"de_DE","og_type":"article","og_title":"Shamisen Wandhaken - Shami-Shop","og_description":"Robuste, gummierte Wandaufh\u00e4ngung f\u00fcr Shamisen aller Bauweisen und Gr\u00f6\u00dfen. Gesamtl\u00e4nge inklusive Gewinde 105mm.","og_url":"https:\/\/www.shami-shop.com\/de\/produkt\/shamisen-wall-mount\/","og_site_name":"Shami-Shop","article_publisher":"https:\/\/www.facebook.com\/weloveshamisen\/","article_modified_time":"2025-01-12T14:23:48+00:00","og_image":[{"width":1000,"height":1000,"url":"https:\/\/www.shami-shop.com\/wp-content\/uploads\/2021\/01\/wandhaken-_-shami-shop.com_.png","type":"image\/png"}],"twitter_card":"summary_large_image","twitter_misc":{"Gesch\u00e4tzte Lesezeit":"1\u00a0Minute"},"schema":{"@context":"https:\/\/schema.org","@graph":[{"@type":["WebPage","ItemPage"],"@id":"https:\/\/www.shami-shop.com\/de\/produkt\/shamisen-wall-mount\/","url":"https:\/\/www.shami-shop.com\/de\/produkt\/shamisen-wall-mount\/","name":"Shamisen Wandhaken - Shami-Shop","isPartOf":{"@id":"https:\/\/www.shami-shop.com\/de\/#website"},"primaryImageOfPage":{"@id":"https:\/\/www.shami-shop.com\/de\/produkt\/shamisen-wall-mount\/#primaryimage"},"image":{"@id":"https:\/\/www.shami-shop.com\/de\/produkt\/shamisen-wall-mount\/#primaryimage"},"thumbnailUrl":"https:\/\/www.shami-shop.com\/wp-content\/uploads\/2021\/01\/wandhaken-_-shami-shop.com_.png","datePublished":"2021-01-28T16:48:29+00:00","dateModified":"2025-01-12T14:23:48+00:00","description":"Robuste, gummierte Wandaufh\u00e4ngung f\u00fcr Shamisen aller Bauweisen und Gr\u00f6\u00dfen. Gesamtl\u00e4nge inklusive Gewinde 105mm.","breadcrumb":{"@id":"https:\/\/www.shami-shop.com\/de\/produkt\/shamisen-wall-mount\/#breadcrumb"},"inLanguage":"de","potentialAction":[{"@type":"ReadAction","target":["https:\/\/www.shami-shop.com\/de\/produkt\/shamisen-wall-mount\/"]}]},{"@type":"ImageObject","inLanguage":"de","@id":"https:\/\/www.shami-shop.com\/de\/produkt\/shamisen-wall-mount\/#primaryimage","url":"https:\/\/www.shami-shop.com\/wp-content\/uploads\/2021\/01\/wandhaken-_-shami-shop.com_.png","contentUrl":"https:\/\/www.shami-shop.com\/wp-content\/uploads\/2021\/01\/wandhaken-_-shami-shop.com_.png","width":1000,"height":1000,"caption":"shamisen wall hook | shami-shop.com"},{"@type":"BreadcrumbList","@id":"https:\/\/www.shami-shop.com\/de\/produkt\/shamisen-wall-mount\/#breadcrumb","itemListElement":[{"@type":"ListItem","position":1,"name":"Startseite","item":"https:\/\/www.shami-shop.com\/de\/"},{"@type":"ListItem","position":2,"name":"Shop","item":"https:\/\/www.shami-shop.com\/de\/shop\/"},{"@type":"ListItem","position":3,"name":"Shamisen Wandhaken"}]},{"@type":"WebSite","@id":"https:\/\/www.shami-shop.com\/de\/#website","url":"https:\/\/www.shami-shop.com\/de\/","name":"Shami-Shop","description":"Alles f\u00fcr den Shamisen-Spieler.","publisher":{"@id":"https:\/\/www.shami-shop.com\/de\/#organization"},"potentialAction":[{"@type":"SearchAction","target":{"@type":"EntryPoint","urlTemplate":"https:\/\/www.shami-shop.com\/de\/?s={search_term_string}"},"query-input":{"@type":"PropertyValueSpecification","valueRequired":true,"valueName":"search_term_string"}}],"inLanguage":"de"},{"@type":"Organization","@id":"https:\/\/www.shami-shop.com\/de\/#organization","name":"Shami-Shop","url":"https:\/\/www.shami-shop.com\/de\/","logo":{"@type":"ImageObject","inLanguage":"de","@id":"https:\/\/www.shami-shop.com\/de\/#\/schema\/logo\/image\/","url":"https:\/\/shami-shop.com\/wp-content\/uploads\/2021\/01\/Shami-Shop-Logo-1080.png","contentUrl":"https:\/\/shami-shop.com\/wp-content\/uploads\/2021\/01\/Shami-Shop-Logo-1080.png","width":1080,"height":1080,"caption":"Shami-Shop"},"image":{"@id":"https:\/\/www.shami-shop.com\/de\/#\/schema\/logo\/image\/"},"sameAs":["https:\/\/www.facebook.com\/weloveshamisen\/","https:\/\/www.instagram.com\/shamishop.europe\/"]}]}},"jetpack_sharing_enabled":true,"_links":{"self":[{"href":"https:\/\/www.shami-shop.com\/de\/wp-json\/wp\/v2\/product\/1474","targetHints":{"allow":["GET"]}}],"collection":[{"href":"https:\/\/www.shami-shop.com\/de\/wp-json\/wp\/v2\/product"}],"about":[{"href":"https:\/\/www.shami-shop.com\/de\/wp-json\/wp\/v2\/types\/product"}],"wp:featuredmedia":[{"embeddable":true,"href":"https:\/\/www.shami-shop.com\/de\/wp-json\/wp\/v2\/media\/1401"}],"wp:attachment":[{"href":"https:\/\/www.shami-shop.com\/de\/wp-json\/wp\/v2\/media?parent=1474"}],"wp:term":[{"taxonomy":"product_brand","embeddable":true,"href":"https:\/\/www.shami-shop.com\/de\/wp-json\/wp\/v2\/product_brand?post=1474"},{"taxonomy":"product_cat","embeddable":true,"href":"https:\/\/www.shami-shop.com\/de\/wp-json\/wp\/v2\/product_cat?post=1474"},{"taxonomy":"product_tag","embeddable":true,"href":"https:\/\/www.shami-shop.com\/de\/wp-json\/wp\/v2\/product_tag?post=1474"}],"curies":[{"name":"wp","href":"https:\/\/api.w.org\/{rel}","templated":true}]}}