{"id":15011,"date":"2021-11-17T08:29:34","date_gmt":"2021-11-17T07:29:39","guid":{"rendered":"https:\/\/www.shami-shop.com\/?post_type=product&#038;p=15011"},"modified":"2022-01-21T11:35:33","modified_gmt":"2022-01-21T10:35:33","slug":"shinobi-koma-03","status":"publish","type":"product","link":"https:\/\/www.shami-shop.com\/de\/produkt\/shinobi-koma-03\/","title":{"rendered":"Shinobi Koma | Holz-D\u00e4mpfer"},"content":{"rendered":"<p data-pm-slice=\"1 1 []\">Das Shinobi Koma ist eine wunderbare L\u00f6sung, wenn das Instrument mal zeitweise etwas leiser klingen soll. Mit diesem Koma kann man selbst in den fr\u00fchen Morgenstunden und in den sp\u00e4ten Abendstunden \u00fcben, ohne die Mitbewohner oder ger\u00e4uschempfindliche Nachbarn zu st\u00f6ren.<\/p>\n<p>Wie funktioniert es?<\/p>\n<p>Das Shinobi Koma ist so lang, dass es sich \u00fcber die komplette Breite des Dou (Korpus) streckt und mit seinen F\u00fc\u00dfen auf dem Holzrand des Korpus aufsetzt und nicht auf der frei schwingenden Haut. Weil die Schwingungen der Saiten auf den Holzrahmen umgelenkt werden, klingt das Instrument ganz leise und ged\u00e4mpft.<\/p>\n<p>Eine wunderbare L\u00f6sung, wenn man mal leiser \u00fcben und spielen will oder muss.<\/p>\n<p>Dieses Shinobi Koma ist gebraucht und hat ein eingearbeitetes St\u00fcck Knochen, um es haltbarer zu machen.<\/p>\n","protected":false},"excerpt":{"rendered":"<p data-pm-slice=\"1 1 []\">Das Shinobi Koma reduziert die Lautst\u00e4rke des Instruments enorm, weil es die Schwingungen der Saiten auf den Holzrahmen des Korpus umlenkt.<\/p>\n<p>Der perfekte Gef\u00e4hrte also f\u00fcr n\u00e4chtliches \u00dcben oder um ger\u00e4uschempfindliche Mitbewohner und Nachbarn zu bes\u00e4nftigen. Manchmal kann das Leben so einfach sein.<\/p>\n<p>Geeignet f\u00fcr alle Dou-Gr\u00f6\u00dfen.<\/p>\n","protected":false},"featured_media":7911,"template":"","meta":{"_et_pb_use_builder":"","_et_pb_old_content":"","_et_gb_content_width":""},"product_brand":[],"product_cat":[137,379],"product_tag":[175,165,180],"class_list":{"0":"post-15011","1":"product","2":"type-product","3":"status-publish","4":"has-post-thumbnail","6":"product_cat-koma-de","7":"product_cat-koma-shinobi-de","8":"product_tag-daempfer","9":"product_tag-koma-de","10":"product_tag-shinobi-koma-de","11":"product_shipping_class-maxibrief-de","13":"first","14":"outofstock","15":"purchasable","16":"product-type-simple"},"yoast_head":"<!-- This site is optimized with the Yoast SEO plugin v26.9 - https:\/\/yoast.com\/product\/yoast-seo-wordpress\/ -->\n<title>Shinobi Koma | Holz-D\u00e4mpfer - Shami-Shop<\/title>\n<meta name=\"description\" content=\"Das Shinobi Koma reduziert die Lautst\u00e4rke Ihrer Shamisen. Perfekt f\u00fcr n\u00e4chtliches \u00dcben oder Spielen in nicht gut ger\u00e4uschged\u00e4mmter Umgebung.\" \/>\n<meta name=\"robots\" content=\"index, follow, max-snippet:-1, max-image-preview:large, max-video-preview:-1\" \/>\n<link rel=\"canonical\" href=\"https:\/\/www.shami-shop.com\/de\/produkt\/shinobi-koma-03\/\" \/>\n<meta property=\"og:locale\" content=\"de_DE\" \/>\n<meta property=\"og:type\" content=\"article\" \/>\n<meta property=\"og:title\" content=\"Shinobi Koma | Holz-D\u00e4mpfer - Shami-Shop\" \/>\n<meta property=\"og:description\" content=\"Das Shinobi Koma reduziert die Lautst\u00e4rke Ihrer Shamisen. Perfekt f\u00fcr n\u00e4chtliches \u00dcben oder Spielen in nicht gut ger\u00e4uschged\u00e4mmter Umgebung.\" \/>\n<meta property=\"og:url\" content=\"https:\/\/www.shami-shop.com\/de\/produkt\/shinobi-koma-03\/\" \/>\n<meta property=\"og:site_name\" content=\"Shami-Shop\" \/>\n<meta property=\"article:publisher\" content=\"https:\/\/www.facebook.com\/weloveshamisen\/\" \/>\n<meta property=\"article:modified_time\" content=\"2022-01-21T10:35:33+00:00\" \/>\n<meta property=\"og:image\" content=\"https:\/\/www.shami-shop.com\/wp-content\/uploads\/2021\/07\/SHI-05-C.png\" \/>\n\t<meta property=\"og:image:width\" content=\"1080\" \/>\n\t<meta property=\"og:image:height\" content=\"517\" \/>\n\t<meta property=\"og:image:type\" content=\"image\/png\" \/>\n<meta name=\"twitter:card\" content=\"summary_large_image\" \/>\n<meta name=\"twitter:label1\" content=\"Gesch\u00e4tzte Lesezeit\" \/>\n\t<meta name=\"twitter:data1\" content=\"1\u00a0Minute\" \/>\n<script type=\"application\/ld+json\" class=\"yoast-schema-graph\">{\"@context\":\"https:\/\/schema.org\",\"@graph\":[{\"@type\":[\"WebPage\",\"ItemPage\"],\"@id\":\"https:\/\/www.shami-shop.com\/de\/produkt\/shinobi-koma-03\/\",\"url\":\"https:\/\/www.shami-shop.com\/de\/produkt\/shinobi-koma-03\/\",\"name\":\"Shinobi Koma | Holz-D\u00e4mpfer - Shami-Shop\",\"isPartOf\":{\"@id\":\"https:\/\/www.shami-shop.com\/de\/#website\"},\"primaryImageOfPage\":{\"@id\":\"https:\/\/www.shami-shop.com\/de\/produkt\/shinobi-koma-03\/#primaryimage\"},\"image\":{\"@id\":\"https:\/\/www.shami-shop.com\/de\/produkt\/shinobi-koma-03\/#primaryimage\"},\"thumbnailUrl\":\"https:\/\/www.shami-shop.com\/wp-content\/uploads\/2021\/07\/SHI-05-C.png\",\"datePublished\":\"2021-11-17T07:29:39+00:00\",\"dateModified\":\"2022-01-21T10:35:33+00:00\",\"description\":\"Das Shinobi Koma reduziert die Lautst\u00e4rke Ihrer Shamisen. Perfekt f\u00fcr n\u00e4chtliches \u00dcben oder Spielen in nicht gut ger\u00e4uschged\u00e4mmter Umgebung.\",\"breadcrumb\":{\"@id\":\"https:\/\/www.shami-shop.com\/de\/produkt\/shinobi-koma-03\/#breadcrumb\"},\"inLanguage\":\"de\",\"potentialAction\":[{\"@type\":\"ReadAction\",\"target\":[\"https:\/\/www.shami-shop.com\/de\/produkt\/shinobi-koma-03\/\"]}]},{\"@type\":\"ImageObject\",\"inLanguage\":\"de\",\"@id\":\"https:\/\/www.shami-shop.com\/de\/produkt\/shinobi-koma-03\/#primaryimage\",\"url\":\"https:\/\/www.shami-shop.com\/wp-content\/uploads\/2021\/07\/SHI-05-C.png\",\"contentUrl\":\"https:\/\/www.shami-shop.com\/wp-content\/uploads\/2021\/07\/SHI-05-C.png\",\"width\":1080,\"height\":517},{\"@type\":\"BreadcrumbList\",\"@id\":\"https:\/\/www.shami-shop.com\/de\/produkt\/shinobi-koma-03\/#breadcrumb\",\"itemListElement\":[{\"@type\":\"ListItem\",\"position\":1,\"name\":\"Startseite\",\"item\":\"https:\/\/www.shami-shop.com\/de\/\"},{\"@type\":\"ListItem\",\"position\":2,\"name\":\"Shop\",\"item\":\"https:\/\/www.shami-shop.com\/de\/shop\/\"},{\"@type\":\"ListItem\",\"position\":3,\"name\":\"Shinobi Koma | Holz-D\u00e4mpfer\"}]},{\"@type\":\"WebSite\",\"@id\":\"https:\/\/www.shami-shop.com\/de\/#website\",\"url\":\"https:\/\/www.shami-shop.com\/de\/\",\"name\":\"Shami-Shop\",\"description\":\"Alles f\u00fcr den Shamisen-Spieler.\",\"publisher\":{\"@id\":\"https:\/\/www.shami-shop.com\/de\/#organization\"},\"potentialAction\":[{\"@type\":\"SearchAction\",\"target\":{\"@type\":\"EntryPoint\",\"urlTemplate\":\"https:\/\/www.shami-shop.com\/de\/?s={search_term_string}\"},\"query-input\":{\"@type\":\"PropertyValueSpecification\",\"valueRequired\":true,\"valueName\":\"search_term_string\"}}],\"inLanguage\":\"de\"},{\"@type\":\"Organization\",\"@id\":\"https:\/\/www.shami-shop.com\/de\/#organization\",\"name\":\"Shami-Shop\",\"url\":\"https:\/\/www.shami-shop.com\/de\/\",\"logo\":{\"@type\":\"ImageObject\",\"inLanguage\":\"de\",\"@id\":\"https:\/\/www.shami-shop.com\/de\/#\/schema\/logo\/image\/\",\"url\":\"https:\/\/shami-shop.com\/wp-content\/uploads\/2021\/01\/Shami-Shop-Logo-1080.png\",\"contentUrl\":\"https:\/\/shami-shop.com\/wp-content\/uploads\/2021\/01\/Shami-Shop-Logo-1080.png\",\"width\":1080,\"height\":1080,\"caption\":\"Shami-Shop\"},\"image\":{\"@id\":\"https:\/\/www.shami-shop.com\/de\/#\/schema\/logo\/image\/\"},\"sameAs\":[\"https:\/\/www.facebook.com\/weloveshamisen\/\",\"https:\/\/www.instagram.com\/shamishop.europe\/\"]}]}<\/script>\n<!-- \/ Yoast SEO plugin. -->","yoast_head_json":{"title":"Shinobi Koma | Holz-D\u00e4mpfer - Shami-Shop","description":"Das Shinobi Koma reduziert die Lautst\u00e4rke Ihrer Shamisen. Perfekt f\u00fcr n\u00e4chtliches \u00dcben oder Spielen in nicht gut ger\u00e4uschged\u00e4mmter Umgebung.","robots":{"index":"index","follow":"follow","max-snippet":"max-snippet:-1","max-image-preview":"max-image-preview:large","max-video-preview":"max-video-preview:-1"},"canonical":"https:\/\/www.shami-shop.com\/de\/produkt\/shinobi-koma-03\/","og_locale":"de_DE","og_type":"article","og_title":"Shinobi Koma | Holz-D\u00e4mpfer - Shami-Shop","og_description":"Das Shinobi Koma reduziert die Lautst\u00e4rke Ihrer Shamisen. Perfekt f\u00fcr n\u00e4chtliches \u00dcben oder Spielen in nicht gut ger\u00e4uschged\u00e4mmter Umgebung.","og_url":"https:\/\/www.shami-shop.com\/de\/produkt\/shinobi-koma-03\/","og_site_name":"Shami-Shop","article_publisher":"https:\/\/www.facebook.com\/weloveshamisen\/","article_modified_time":"2022-01-21T10:35:33+00:00","og_image":[{"width":1080,"height":517,"url":"https:\/\/www.shami-shop.com\/wp-content\/uploads\/2021\/07\/SHI-05-C.png","type":"image\/png"}],"twitter_card":"summary_large_image","twitter_misc":{"Gesch\u00e4tzte Lesezeit":"1\u00a0Minute"},"schema":{"@context":"https:\/\/schema.org","@graph":[{"@type":["WebPage","ItemPage"],"@id":"https:\/\/www.shami-shop.com\/de\/produkt\/shinobi-koma-03\/","url":"https:\/\/www.shami-shop.com\/de\/produkt\/shinobi-koma-03\/","name":"Shinobi Koma | Holz-D\u00e4mpfer - Shami-Shop","isPartOf":{"@id":"https:\/\/www.shami-shop.com\/de\/#website"},"primaryImageOfPage":{"@id":"https:\/\/www.shami-shop.com\/de\/produkt\/shinobi-koma-03\/#primaryimage"},"image":{"@id":"https:\/\/www.shami-shop.com\/de\/produkt\/shinobi-koma-03\/#primaryimage"},"thumbnailUrl":"https:\/\/www.shami-shop.com\/wp-content\/uploads\/2021\/07\/SHI-05-C.png","datePublished":"2021-11-17T07:29:39+00:00","dateModified":"2022-01-21T10:35:33+00:00","description":"Das Shinobi Koma reduziert die Lautst\u00e4rke Ihrer Shamisen. Perfekt f\u00fcr n\u00e4chtliches \u00dcben oder Spielen in nicht gut ger\u00e4uschged\u00e4mmter Umgebung.","breadcrumb":{"@id":"https:\/\/www.shami-shop.com\/de\/produkt\/shinobi-koma-03\/#breadcrumb"},"inLanguage":"de","potentialAction":[{"@type":"ReadAction","target":["https:\/\/www.shami-shop.com\/de\/produkt\/shinobi-koma-03\/"]}]},{"@type":"ImageObject","inLanguage":"de","@id":"https:\/\/www.shami-shop.com\/de\/produkt\/shinobi-koma-03\/#primaryimage","url":"https:\/\/www.shami-shop.com\/wp-content\/uploads\/2021\/07\/SHI-05-C.png","contentUrl":"https:\/\/www.shami-shop.com\/wp-content\/uploads\/2021\/07\/SHI-05-C.png","width":1080,"height":517},{"@type":"BreadcrumbList","@id":"https:\/\/www.shami-shop.com\/de\/produkt\/shinobi-koma-03\/#breadcrumb","itemListElement":[{"@type":"ListItem","position":1,"name":"Startseite","item":"https:\/\/www.shami-shop.com\/de\/"},{"@type":"ListItem","position":2,"name":"Shop","item":"https:\/\/www.shami-shop.com\/de\/shop\/"},{"@type":"ListItem","position":3,"name":"Shinobi Koma | Holz-D\u00e4mpfer"}]},{"@type":"WebSite","@id":"https:\/\/www.shami-shop.com\/de\/#website","url":"https:\/\/www.shami-shop.com\/de\/","name":"Shami-Shop","description":"Alles f\u00fcr den Shamisen-Spieler.","publisher":{"@id":"https:\/\/www.shami-shop.com\/de\/#organization"},"potentialAction":[{"@type":"SearchAction","target":{"@type":"EntryPoint","urlTemplate":"https:\/\/www.shami-shop.com\/de\/?s={search_term_string}"},"query-input":{"@type":"PropertyValueSpecification","valueRequired":true,"valueName":"search_term_string"}}],"inLanguage":"de"},{"@type":"Organization","@id":"https:\/\/www.shami-shop.com\/de\/#organization","name":"Shami-Shop","url":"https:\/\/www.shami-shop.com\/de\/","logo":{"@type":"ImageObject","inLanguage":"de","@id":"https:\/\/www.shami-shop.com\/de\/#\/schema\/logo\/image\/","url":"https:\/\/shami-shop.com\/wp-content\/uploads\/2021\/01\/Shami-Shop-Logo-1080.png","contentUrl":"https:\/\/shami-shop.com\/wp-content\/uploads\/2021\/01\/Shami-Shop-Logo-1080.png","width":1080,"height":1080,"caption":"Shami-Shop"},"image":{"@id":"https:\/\/www.shami-shop.com\/de\/#\/schema\/logo\/image\/"},"sameAs":["https:\/\/www.facebook.com\/weloveshamisen\/","https:\/\/www.instagram.com\/shamishop.europe\/"]}]}},"jetpack_sharing_enabled":true,"_links":{"self":[{"href":"https:\/\/www.shami-shop.com\/de\/wp-json\/wp\/v2\/product\/15011","targetHints":{"allow":["GET"]}}],"collection":[{"href":"https:\/\/www.shami-shop.com\/de\/wp-json\/wp\/v2\/product"}],"about":[{"href":"https:\/\/www.shami-shop.com\/de\/wp-json\/wp\/v2\/types\/product"}],"wp:featuredmedia":[{"embeddable":true,"href":"https:\/\/www.shami-shop.com\/de\/wp-json\/wp\/v2\/media\/7911"}],"wp:attachment":[{"href":"https:\/\/www.shami-shop.com\/de\/wp-json\/wp\/v2\/media?parent=15011"}],"wp:term":[{"taxonomy":"product_brand","embeddable":true,"href":"https:\/\/www.shami-shop.com\/de\/wp-json\/wp\/v2\/product_brand?post=15011"},{"taxonomy":"product_cat","embeddable":true,"href":"https:\/\/www.shami-shop.com\/de\/wp-json\/wp\/v2\/product_cat?post=15011"},{"taxonomy":"product_tag","embeddable":true,"href":"https:\/\/www.shami-shop.com\/de\/wp-json\/wp\/v2\/product_tag?post=15011"}],"curies":[{"name":"wp","href":"https:\/\/api.w.org\/{rel}","templated":true}]}}