{"id":15159,"date":"2021-11-24T09:32:32","date_gmt":"2021-11-24T08:32:39","guid":{"rendered":"https:\/\/www.shami-shop.com\/?post_type=product&#038;p=15159"},"modified":"2023-03-08T11:36:13","modified_gmt":"2023-03-08T10:36:13","slug":"nagauta-kairi","status":"publish","type":"product","link":"https:\/\/www.shami-shop.com\/de\/produkt\/nagauta-kairi\/","title":{"rendered":"Hosozao Shamisen Set &#8222;Kairi&#8220;"},"content":{"rendered":"<p>Wenn Sie gerade erst mit dem Shamisen Spielen anfangen, die Kunstfertigkeit und Sch\u00f6nheit japanischer Handwerkskunst aber genau so sch\u00e4tzen wie ich, werden Sie Freude an diesem Instrument haben! Diese Shamisen ist in fantastischem Zustand und wird Ihnen ein treuer Begleiter sein, der Ihnen jeden Tag Freude bringt. Diese Bauweise von Shamisen (Hosozao) wird \u00fcblicherweise f\u00fcr Nagauta Stil gebraucht. Weil im Herstellungsprozess weniger Holz ben\u00f6tigt wird, ist diese Bauweise preisg\u00fcnstiger als andere und nicht zuletzt deswegen besonders beliebt unter Leuten, die gerade mit dem Shamisen Spielen anfangen.<\/p>\n<p>Das Instrument ist aus Karin Holz gearbeitet. Dieses robuste Hartholz ist bew\u00e4hrt f\u00fcr Anf\u00e4nger- und Sch\u00fclerinstrumente. Das Instrument ist mit einem sehr sch\u00f6nen dunkelblauen Doukake mit Ahornblatt-Muster (Momiji) ausgestattet. Passend dazu wurde der Neo (Saitenhalter) in gedecktem Orange gew\u00e4hlt. Im Set enthalten ist au\u00dferdem ein Set aufgezogener Saiten, ein Bachigawa (Hautschutz) und ein Schutzk\u00e4ppchen f\u00fcr den Kopf (Tenjin). Der Dou ist bespannt mit Naturhaut f\u00fcr den authentischen warmen Klang von Shamisen-Musik. Die Spannung der H\u00e4ute ist auf beiden Seiten sehr gut und l\u00e4sst das Instrument klar und sch\u00f6n klingen.<\/p>\n<p data-pm-slice=\"1 1 []\">Der Hals ist an der schmalsten Stelle 25 mm breit und 26 mm hoch\/dick. Der Hals verdickt sich leicht in Richtung de Korpus. Der Hals endet in einer elegant geschwungenen <em>Hatomune<\/em> &#8211; das ist der \u00dcbergang zwischen Griffbrett und Dou an der Stelle, wo der Hals in den Korpus eintaucht. Dieses Design ist typisch f\u00fcr Hosozao Shamisen, die mit Nagauta Stil verbunden werden. Auf dieser Art von Hals kann man bis zur Position 19 spielen. Das Griffbrett ist in fantastischem Zustand. Alle Verbindungen sitzen fest und pr\u00e4zise und sind sehr gut gearbeitet &#8211; das sieht man auf den Fotos sehr gut.<\/p>\n<p>The <i>Tsukigata <\/i>(das halbmondf\u00f6rmige Ende des <em>Tenjin<\/em>) ist in perfektem Zustand. Das Holz hat einen warmen Rotton und eine sch\u00f6ne Maserung. Der Hals ist im <em>Mitsuori<\/em> Stil gerabeitet: Er kann in drei Teile zerlegt werden. Die Verbindungen sind bei diesem Instrument in einfacher Ausfertigung gearbeitet gearbeitet. Dadurch, dass sich der Hals zerteilen l\u00e4sst, kann man mit diesem Instrument besonders bequem verreisen &#8211; selbst wenn man klein und leicht packen muss.<\/p>\n<p>Die <em>Itomaki<\/em> (Wirbel) sind aus Ebenholz gearbeitet und in einer traditionellen Art geschnitzt, sodass sie sich trotz ihrer schmalen Form leicht greifen lassen.<\/p>\n<p>Wenn Sie noch Fragen haben, schicken Sie mir einfach eine Nachricht und ich helfe gerne weiter.<\/p>\n<p>Alles, was Sie zum losspielen noch ben\u00f6tigen, sind ein <a href=\"https:\/\/shami-shop.com\/product-categorie\/koma\/\" target=\"_blank\" rel=\"noopener\">Koma<\/a>, ein <a href=\"https:\/\/shami-shop.com\/product-categorie\/bachi\/\" target=\"_blank\" rel=\"noopener\">Bachi<\/a> und ein <a href=\"https:\/\/shami-shop.com\/product\/yubisuri\/\" target=\"_blank\" rel=\"noopener\">Yubisuri<\/a>. W\u00e4hlen Sie Koma und Bachi je nach dem Stil, den Sie spielen m\u00f6chten und Ihren pers\u00f6nlichen Vorlieben. Yubisuri gibt es in unterschiedlichen Gr\u00f6\u00dfen. Au\u00dferdem wollte ich Sie der bitters\u00fc\u00dfen Qual der Wahl zwischen all den sch\u00f6nen Farben nicht berauben. Ich rate Ihnen au\u00dferdem zu einem <a class=\"ProsemirrorEditor-link\" href=\"https:\/\/shami-shop.com\/product-categorie\/accessories\/\">Dougomu or a Hizagomu<\/a>, das daf\u00fcr sorgt, dass die Shamisen beim Spielen nicht vom Schenkel rutscht.<\/p>\n<p>Wenn Sie Hilfe bei der Auwahl der richtigen Komponenten ben\u00f6tigen, schicken Sie gerne eine Nachricht und wir stellen gemeinsam das perfekte Paket f\u00fcr Sie zusammen.<\/p>\n<p>&nbsp;<\/p>\n","protected":false},"excerpt":{"rendered":"<ul>\n<li>Hosozao Shamisen (Sao Breite: 25 mm, H\u00f6he: 26 mm)<\/li>\n<li>Karin-Holz<\/li>\n<li>Natur-H\u00e4ute<\/li>\n<\/ul>\n<p>au\u00dferdem im Set enthalten:<\/p>\n<ul>\n<li>Neo<\/li>\n<li>Doukake<\/li>\n<li>Saiten<\/li>\n<li>Bachigawa<\/li>\n<li>Tenjin-Schutz<\/li>\n<\/ul>\n","protected":false},"featured_media":0,"template":"","meta":{"_et_pb_use_builder":"","_et_pb_old_content":"","_et_gb_content_width":""},"product_brand":[],"product_cat":[339,389,392],"product_tag":[223,172,176],"class_list":{"0":"post-15159","1":"product","2":"type-product","3":"status-publish","5":"product_cat-shamisen-de","6":"product_cat-hosozao-de","7":"product_cat-nagauta-sh-de","8":"product_tag-hauta-de","9":"product_tag-kouta-de","10":"product_tag-nagauta-de","11":"product_shipping_class-5kg-de","13":"first","14":"outofstock","15":"sold-individually","16":"shipping-taxable","17":"purchasable","18":"product-type-simple"},"yoast_head":"<!-- This site is optimized with the Yoast SEO plugin v26.9 - https:\/\/yoast.com\/product\/yoast-seo-wordpress\/ -->\n<title>Hosozao Shamisen Set &quot;Kairi&quot; - Shami-Shop<\/title>\n<meta name=\"description\" content=\"Kaufen Sie eine wundersch\u00f6ne restaurierte Hosozao Nagauta Shamisen aus Karin Holz mit Naturhaut bezogen. Versand direkt aus Berlin.\" \/>\n<meta name=\"robots\" content=\"index, follow, max-snippet:-1, max-image-preview:large, max-video-preview:-1\" \/>\n<link rel=\"canonical\" href=\"https:\/\/www.shami-shop.com\/de\/produkt\/nagauta-kairi\/\" \/>\n<meta property=\"og:locale\" content=\"de_DE\" \/>\n<meta property=\"og:type\" content=\"article\" \/>\n<meta property=\"og:title\" content=\"Hosozao Shamisen Set &quot;Kairi&quot; - Shami-Shop\" \/>\n<meta property=\"og:description\" content=\"Kaufen Sie eine wundersch\u00f6ne restaurierte Hosozao Nagauta Shamisen aus Karin Holz mit Naturhaut bezogen. Versand direkt aus Berlin.\" \/>\n<meta property=\"og:url\" content=\"https:\/\/www.shami-shop.com\/de\/produkt\/nagauta-kairi\/\" \/>\n<meta property=\"og:site_name\" content=\"Shami-Shop\" \/>\n<meta property=\"article:publisher\" content=\"https:\/\/www.facebook.com\/weloveshamisen\/\" \/>\n<meta property=\"article:modified_time\" content=\"2023-03-08T10:36:13+00:00\" \/>\n<meta property=\"og:image\" content=\"https:\/\/www.shami-shop.com\/wp-content\/uploads\/2022\/05\/SH-196-dou-45-shami-shop.png\" \/>\n\t<meta property=\"og:image:width\" content=\"810\" \/>\n\t<meta property=\"og:image:height\" content=\"540\" \/>\n\t<meta property=\"og:image:type\" content=\"image\/png\" \/>\n<meta name=\"twitter:card\" content=\"summary_large_image\" \/>\n<meta name=\"twitter:label1\" content=\"Gesch\u00e4tzte Lesezeit\" \/>\n\t<meta name=\"twitter:data1\" content=\"3\u00a0Minuten\" \/>\n<script type=\"application\/ld+json\" class=\"yoast-schema-graph\">{\"@context\":\"https:\/\/schema.org\",\"@graph\":[{\"@type\":[\"WebPage\",\"ItemPage\"],\"@id\":\"https:\/\/www.shami-shop.com\/de\/produkt\/nagauta-kairi\/\",\"url\":\"https:\/\/www.shami-shop.com\/de\/produkt\/nagauta-kairi\/\",\"name\":\"Hosozao Shamisen Set \\\"Kairi\\\" - Shami-Shop\",\"isPartOf\":{\"@id\":\"https:\/\/www.shami-shop.com\/de\/#website\"},\"datePublished\":\"2021-11-24T08:32:39+00:00\",\"dateModified\":\"2023-03-08T10:36:13+00:00\",\"description\":\"Kaufen Sie eine wundersch\u00f6ne restaurierte Hosozao Nagauta Shamisen aus Karin Holz mit Naturhaut bezogen. Versand direkt aus Berlin.\",\"breadcrumb\":{\"@id\":\"https:\/\/www.shami-shop.com\/de\/produkt\/nagauta-kairi\/#breadcrumb\"},\"inLanguage\":\"de\",\"potentialAction\":[{\"@type\":\"ReadAction\",\"target\":[\"https:\/\/www.shami-shop.com\/de\/produkt\/nagauta-kairi\/\"]}]},{\"@type\":\"BreadcrumbList\",\"@id\":\"https:\/\/www.shami-shop.com\/de\/produkt\/nagauta-kairi\/#breadcrumb\",\"itemListElement\":[{\"@type\":\"ListItem\",\"position\":1,\"name\":\"Startseite\",\"item\":\"https:\/\/www.shami-shop.com\/de\/\"},{\"@type\":\"ListItem\",\"position\":2,\"name\":\"Shop\",\"item\":\"https:\/\/www.shami-shop.com\/de\/shop\/\"},{\"@type\":\"ListItem\",\"position\":3,\"name\":\"Hosozao Shamisen Set &#8222;Kairi&#8220;\"}]},{\"@type\":\"WebSite\",\"@id\":\"https:\/\/www.shami-shop.com\/de\/#website\",\"url\":\"https:\/\/www.shami-shop.com\/de\/\",\"name\":\"Shami-Shop\",\"description\":\"Alles f\u00fcr den Shamisen-Spieler.\",\"publisher\":{\"@id\":\"https:\/\/www.shami-shop.com\/de\/#organization\"},\"potentialAction\":[{\"@type\":\"SearchAction\",\"target\":{\"@type\":\"EntryPoint\",\"urlTemplate\":\"https:\/\/www.shami-shop.com\/de\/?s={search_term_string}\"},\"query-input\":{\"@type\":\"PropertyValueSpecification\",\"valueRequired\":true,\"valueName\":\"search_term_string\"}}],\"inLanguage\":\"de\"},{\"@type\":\"Organization\",\"@id\":\"https:\/\/www.shami-shop.com\/de\/#organization\",\"name\":\"Shami-Shop\",\"url\":\"https:\/\/www.shami-shop.com\/de\/\",\"logo\":{\"@type\":\"ImageObject\",\"inLanguage\":\"de\",\"@id\":\"https:\/\/www.shami-shop.com\/de\/#\/schema\/logo\/image\/\",\"url\":\"https:\/\/shami-shop.com\/wp-content\/uploads\/2021\/01\/Shami-Shop-Logo-1080.png\",\"contentUrl\":\"https:\/\/shami-shop.com\/wp-content\/uploads\/2021\/01\/Shami-Shop-Logo-1080.png\",\"width\":1080,\"height\":1080,\"caption\":\"Shami-Shop\"},\"image\":{\"@id\":\"https:\/\/www.shami-shop.com\/de\/#\/schema\/logo\/image\/\"},\"sameAs\":[\"https:\/\/www.facebook.com\/weloveshamisen\/\",\"https:\/\/www.instagram.com\/shamishop.europe\/\"]}]}<\/script>\n<!-- \/ Yoast SEO plugin. -->","yoast_head_json":{"title":"Hosozao Shamisen Set \"Kairi\" - Shami-Shop","description":"Kaufen Sie eine wundersch\u00f6ne restaurierte Hosozao Nagauta Shamisen aus Karin Holz mit Naturhaut bezogen. Versand direkt aus Berlin.","robots":{"index":"index","follow":"follow","max-snippet":"max-snippet:-1","max-image-preview":"max-image-preview:large","max-video-preview":"max-video-preview:-1"},"canonical":"https:\/\/www.shami-shop.com\/de\/produkt\/nagauta-kairi\/","og_locale":"de_DE","og_type":"article","og_title":"Hosozao Shamisen Set \"Kairi\" - Shami-Shop","og_description":"Kaufen Sie eine wundersch\u00f6ne restaurierte Hosozao Nagauta Shamisen aus Karin Holz mit Naturhaut bezogen. Versand direkt aus Berlin.","og_url":"https:\/\/www.shami-shop.com\/de\/produkt\/nagauta-kairi\/","og_site_name":"Shami-Shop","article_publisher":"https:\/\/www.facebook.com\/weloveshamisen\/","article_modified_time":"2023-03-08T10:36:13+00:00","og_image":[{"width":810,"height":540,"url":"https:\/\/www.shami-shop.com\/wp-content\/uploads\/2022\/05\/SH-196-dou-45-shami-shop.png","type":"image\/png"}],"twitter_card":"summary_large_image","twitter_misc":{"Gesch\u00e4tzte Lesezeit":"3\u00a0Minuten"},"schema":{"@context":"https:\/\/schema.org","@graph":[{"@type":["WebPage","ItemPage"],"@id":"https:\/\/www.shami-shop.com\/de\/produkt\/nagauta-kairi\/","url":"https:\/\/www.shami-shop.com\/de\/produkt\/nagauta-kairi\/","name":"Hosozao Shamisen Set \"Kairi\" - Shami-Shop","isPartOf":{"@id":"https:\/\/www.shami-shop.com\/de\/#website"},"datePublished":"2021-11-24T08:32:39+00:00","dateModified":"2023-03-08T10:36:13+00:00","description":"Kaufen Sie eine wundersch\u00f6ne restaurierte Hosozao Nagauta Shamisen aus Karin Holz mit Naturhaut bezogen. Versand direkt aus Berlin.","breadcrumb":{"@id":"https:\/\/www.shami-shop.com\/de\/produkt\/nagauta-kairi\/#breadcrumb"},"inLanguage":"de","potentialAction":[{"@type":"ReadAction","target":["https:\/\/www.shami-shop.com\/de\/produkt\/nagauta-kairi\/"]}]},{"@type":"BreadcrumbList","@id":"https:\/\/www.shami-shop.com\/de\/produkt\/nagauta-kairi\/#breadcrumb","itemListElement":[{"@type":"ListItem","position":1,"name":"Startseite","item":"https:\/\/www.shami-shop.com\/de\/"},{"@type":"ListItem","position":2,"name":"Shop","item":"https:\/\/www.shami-shop.com\/de\/shop\/"},{"@type":"ListItem","position":3,"name":"Hosozao Shamisen Set &#8222;Kairi&#8220;"}]},{"@type":"WebSite","@id":"https:\/\/www.shami-shop.com\/de\/#website","url":"https:\/\/www.shami-shop.com\/de\/","name":"Shami-Shop","description":"Alles f\u00fcr den Shamisen-Spieler.","publisher":{"@id":"https:\/\/www.shami-shop.com\/de\/#organization"},"potentialAction":[{"@type":"SearchAction","target":{"@type":"EntryPoint","urlTemplate":"https:\/\/www.shami-shop.com\/de\/?s={search_term_string}"},"query-input":{"@type":"PropertyValueSpecification","valueRequired":true,"valueName":"search_term_string"}}],"inLanguage":"de"},{"@type":"Organization","@id":"https:\/\/www.shami-shop.com\/de\/#organization","name":"Shami-Shop","url":"https:\/\/www.shami-shop.com\/de\/","logo":{"@type":"ImageObject","inLanguage":"de","@id":"https:\/\/www.shami-shop.com\/de\/#\/schema\/logo\/image\/","url":"https:\/\/shami-shop.com\/wp-content\/uploads\/2021\/01\/Shami-Shop-Logo-1080.png","contentUrl":"https:\/\/shami-shop.com\/wp-content\/uploads\/2021\/01\/Shami-Shop-Logo-1080.png","width":1080,"height":1080,"caption":"Shami-Shop"},"image":{"@id":"https:\/\/www.shami-shop.com\/de\/#\/schema\/logo\/image\/"},"sameAs":["https:\/\/www.facebook.com\/weloveshamisen\/","https:\/\/www.instagram.com\/shamishop.europe\/"]}]}},"jetpack_sharing_enabled":true,"_links":{"self":[{"href":"https:\/\/www.shami-shop.com\/de\/wp-json\/wp\/v2\/product\/15159","targetHints":{"allow":["GET"]}}],"collection":[{"href":"https:\/\/www.shami-shop.com\/de\/wp-json\/wp\/v2\/product"}],"about":[{"href":"https:\/\/www.shami-shop.com\/de\/wp-json\/wp\/v2\/types\/product"}],"wp:attachment":[{"href":"https:\/\/www.shami-shop.com\/de\/wp-json\/wp\/v2\/media?parent=15159"}],"wp:term":[{"taxonomy":"product_brand","embeddable":true,"href":"https:\/\/www.shami-shop.com\/de\/wp-json\/wp\/v2\/product_brand?post=15159"},{"taxonomy":"product_cat","embeddable":true,"href":"https:\/\/www.shami-shop.com\/de\/wp-json\/wp\/v2\/product_cat?post=15159"},{"taxonomy":"product_tag","embeddable":true,"href":"https:\/\/www.shami-shop.com\/de\/wp-json\/wp\/v2\/product_tag?post=15159"}],"curies":[{"name":"wp","href":"https:\/\/api.w.org\/{rel}","templated":true}]}}