{"id":15368,"date":"2021-12-13T19:32:15","date_gmt":"2021-12-13T18:32:17","guid":{"rendered":"https:\/\/www.shami-shop.com\/?post_type=product&#038;p=15368"},"modified":"2022-01-26T18:53:13","modified_gmt":"2022-01-26T17:53:13","slug":"minyo-shamisen-set-asahi","status":"publish","type":"product","link":"https:\/\/www.shami-shop.com\/de\/produkt\/minyo-shamisen-set-asahi\/","title":{"rendered":"Minyo Shamisen Set &#8222;Asahi&#8220;"},"content":{"rendered":"<p>Sie k\u00f6nnen sich nicht f\u00fcr einen Stil entscheiden? Meiner Ansicht nach vereint eine Shamisen wie diese das beste aus allen (Stil-)Welten! Diese Bauweise von Shamisen wird mit <em>Minyo<\/em> Stil assoziiert. Ein solches Modell ist sehr vielseitig und macht jeden Stil zu einer Freude. Von seinen Dimensionen her ist diese Shamisen sehr nah an einer Futozao Shamisen und ist daher auch eine gute Alternative f\u00fcr Tsugaru Stil. Als Chuuzao Shamisen ist dieses Instrument eine gute Wahl f\u00fcr alle, die noch nicht genau wissen, wohin das Shamisen-Abenteuer gehen soll. Die Breite des Griffbretts macht den Hals f\u00fcr jeden Handgr\u00f6\u00dfe bequem und die H\u00f6he\/Dicke des Halses macht ihn besonders komfortabel zu greifen. Die Gesamtl\u00e4nge des Instruments ist normal und nicht k\u00fcrzer, wie es f\u00fcr Minyo Shamisen oft \u00fcblich ist. Dieses Instrument ist also wirklich wie eine schlanke (und r\u00fcckenschonende) Version einer Tsugaru Shamisen.<\/p>\n<p>Das Instrument ist aus wundersch\u00f6nem Shitan-Holz gemacht &#8211; einem hochwertigen Hartholz, das traditionell f\u00fcr den Bau von Shamisen verwendet wird. Das Instrument habe ich mit einem grandiosen violetten Doukake mit eingewebtem goldenen Asanoha-Muster ausgestattet. Der farblich passende violette Neo hat eine Troddel f\u00fcr ein bisschen Extra-Schwung. Im Set enthalten sind au\u00dferdem aufgezogene Saiten und ein Tenjin-Schutzk\u00e4ppchen. Das Holz hat eine tolle Maserung, die im hellen Licht wunderbar zum Vorschein kommt.<\/p>\n<p>Der Dou ist bespannt mit Naturhaut f\u00fcr den authentischen warmen Klang von Shamisen-Musik. Die Spannung ist sehr gut und das Instrument klingt fantastisch! Die Verbindungen sind besonders aufw\u00e4ndig gearbeitet, was sie robuster macht und den Sitz verbessert. Sie sitzen so schmack, dass sie einen beim Zusammensetzen mit einem satten &#8222;Klack&#8220; belohnen.<\/p>\n<p data-pm-slice=\"1 1 []\">Wenn Sie keine solche besitzen, ziehen Sie bitte in Betracht, sich eine <a class=\"ProsemirrorEditor-link\" href=\"https:\/\/shami-shop.com\/product\/washi-bag\/\">Washi-H\u00fclle<\/a> zuzulegen, um die Haut Ihrer Shamisen vor Feuchtigkeit zu sch\u00fctzen.<\/p>\n<p data-pm-slice=\"1 1 []\">Das Griffbrett ist an der schmalsten Stelle 28 mm breit und 29,5 mm hoch und verbreitert sich etwas in Richtung Dou. Das macht den Hals sehr griffig und wunderbar bequem zu spielen. Das Griffbrett endet in einer steilen Kante, die erlaubt, auch besonders hohe Positionen bis 20 und dar\u00fcber hinaus zu spielen. An der oberen Verbindung ist am Holz auf der Griffbrettseite eine kleine Delle (siehe Fotos) &#8211; vermutlich vom Gl\u00e4tten des Griffbretts. Beim Spielen macht sich das nicht bemerkbar. Es handelt sich also um einen rein optischen Makel.<\/p>\n<p data-pm-slice=\"1 1 []\">Der eingearbeitete <em>Azuma Sawari<\/em> erm\u00f6glicht die Anpassung des Surrens je nach Geschmack und Anlass. Man kann so das Surren komplett abstellen (f\u00fcr moderne St\u00fccke, Pop\/Rock\/Metal, oder bestimmte Ensemble-Zusammensetzungen) und au\u00dferdem ein perfektes Surren erzielen egal wie hoch oder tief man die Shamisen stimmt.<\/p>\n<p>Die <i>Tsukigata <\/i>(das halbmondf\u00f6rmige Ende des <em>Tenjin<\/em>) hat eine Scharte, die normalerweise vom Tenjin-K\u00e4ppchen abgedeckt wird. Der Klang des Instruments wird in keiner Weise dadurch beeinflusst. Das passiert sehr leicht (wenn man das K\u00e4ppchen nicht auf hat), also m\u00f6ge die Tollpatschigkeit des Vorbesitzers verziehen sein! Der Hals ist im <em>Mitsuori<\/em> Stil gerabeitet: Er kann in drei Teile zerlegt werden. Die Verbindungen sind bei diesem Instrument in einfacher Ausfertigung gearbeitet gearbeitet. Dadurch, dass sich der Hals zerteilen l\u00e4sst, kann man mit diesem Instrument besonders bequem verreisen &#8211; selbst wenn man klein und leicht packen muss. Die Verbindungen sind aufw\u00e4ndig gearbeitet und erm\u00f6glichen so einen besonders langlebigen festen Sitz. Die <em>Itomaki<\/em> (Wirbel) sind aus Ebenholz geschnitzt und in einer Weise gearbeitet, die das Stimmen durch besondere Griffigkeit erleichtert. Dieses Instrument ist ein wunderbarer Begleiter mit einem kr\u00e4ftigen und vollen Klang. Wenn Sie noch Fragen haben, schicken Sie mir einfach eine Nachricht und ich helfe gerne weiter. Alles, was Sie zum losspielen noch ben\u00f6tigen, sind ein <a href=\"https:\/\/shami-shop.com\/product-categorie\/koma\/\" target=\"_blank\" rel=\"noopener\">Koma<\/a>, ein <a href=\"https:\/\/shami-shop.com\/product-categorie\/bachi\/\" target=\"_blank\" rel=\"noopener\">Bachi<\/a> und ein <a href=\"https:\/\/shami-shop.com\/product\/yubisuri\/\" target=\"_blank\" rel=\"noopener\">Yubisuri<\/a>. W\u00e4hlen Sie Koma und Bachi je nach dem Stil, den Sie spielen m\u00f6chten und Ihren pers\u00f6nlichen Vorlieben. Yubisuri gibt es in unterschiedlichen Gr\u00f6\u00dfen. Au\u00dferdem wollte ich Sie der bitters\u00fc\u00dfen Qual der Wahl zwischen all den sch\u00f6nen Farben nicht berauben. Ich rate Ihnen au\u00dferdem zu einem <a class=\"ProsemirrorEditor-link\" href=\"https:\/\/shami-shop.com\/product-categorie\/accessories\/\">Dougomu or a Hizagomu<\/a>, das daf\u00fcr sorgt, dass die Shamisen beim Spielen nicht vom Schenkel rutscht. Je nach Ihren Bed\u00fcrfnissen k\u00f6nnte f\u00fcr Sie auch ein <a class=\"ProsemirrorEditor-link\" href=\"https:\/\/shami-shop.com\/product\/fujaku-strip-shamisen-position-marker\/\">Fujaku Strip<\/a> zum Markieren der Positionen am Hals interessant sein. Alternativ kann man auch einzelne Positionen markieren oder ganz auf Markierungen verzichten. Wenn Sie Hilfe bei der Auwahl der richtigen Komponenten ben\u00f6tigen, schicken Sie gerne eine Nachricht und wir stellen gemeinsam das perfekte Paket f\u00fcr Sie zusammen.<\/p>\n","protected":false},"excerpt":{"rendered":"<ul>\n<li>Chuuzao Shamisen (Sao Breite: 28 mm, H\u00f6he 29,5 mm)<\/li>\n<li>aus Shitan-Holz<\/li>\n<li>Natur-H\u00e4ute<\/li>\n<\/ul>\n<p>au\u00dferdem im Set enthalten:<\/p>\n<ul>\n<li>Neo<\/li>\n<li>Doukake<\/li>\n<li>Tenjin-Schutz<\/li>\n<li>Saiten<\/li>\n<\/ul>\n","protected":false},"featured_media":15194,"template":"","meta":{"_et_pb_use_builder":"off","_et_pb_old_content":"Wenn Sie sich f\u00fcr dieses Instrument entscheiden, k\u00f6nnen Sie sich wahrlich gl\u00fccklich sch\u00e4tzen. Diese Shamisen ist nicht nur au\u00dferordentlich sch\u00f6n, sondern auch fantastisch gearbeitet. H\u00e4tte ich mehr Zeit zum Spielen und mehr Platz, w\u00fcrde ich dieses Instrument f\u00fcr mich selbst behalten. M\u00f6ge dieses Instrument Ihnen Freude bringen und Ihnen helfen, Ihre kreativen Fl\u00fcgel auszubreiten, um sich auf eine unvergessliche musikalische Reise zu begeben!\n\nDiese Bauweise von Shamisen wird mit <em>Minyo<\/em> Stil assoziiert. Ein solches Modell ist sehr vielseitig und macht jeden Stil zu einer Freude. Von seinen Dimensionen her ist diese Shamisen sehr nah an einer Futozao Shamisen und ist daher auch eine gute Alternative f\u00fcr Tsugaru Stil. Als Chuuzao Shamisen ist dieses Instrument eine gute Wahl f\u00fcr alle, die noch nicht genau wissen, wohin das Shamisen-Abenteuer gehen soll. Die Breite des Griffbretts macht den Hals f\u00fcr jeden Handgr\u00f6\u00dfe bequem und die H\u00f6he\/Dicke des Halses macht ihn besonders komfortabel zu greifen.\n\nDas Instrument ist aus wundersch\u00f6nem Shitan-Holz gemacht - einem hochwertigen Hartholz, das traditionell f\u00fcr den Bau von Shamisen verwendet wird. Ich habe dieses Instrument mit einem wundersch\u00f6nen lachsfarbenen Doukake mit fliegenden silbernen Kranichen ausgestattet. Dazu passt der orangene Neo hervorragend. Im Set enthalten sind au\u00dferdem aufgezogene Saiten und ein Tenjin-Schutzk\u00e4ppchen. Der Dou ist bespannt mit Naturhaut f\u00fcr den authentischen warmen Klang von Shamisen-Musik. Die Verbindungen sind besonders aufw\u00e4ndig gearbeitet, was sie robuster macht und den Sitz verbessert. Sie sitzen so schmack, dass sie einen beim Zusammensetzen mit einem satten \"Klack\" belohnen.\n<p data-pm-slice=\"1 1 []\">Wenn Sie keine solche besitzen, ziehen Sie bitte in Betracht, sich eine <a class=\"ProsemirrorEditor-link\" href=\"https:\/\/shami-shop.com\/product\/washi-bag\/\">Washi-H\u00fclle<\/a> zuzulegen, um die Haut Ihrer Shamisen vor Feuchtigkeit zu sch\u00fctzen.<\/p>\n<p data-pm-slice=\"1 1 []\">Der Hals ist 28 mm breit und 30 mm dick\/hoch an der schmalsten Stelle und verbreitert sich leicht in Richtung Dou. Das macht den Hals sehr griffig und wunderbar bequem zu spielen. Das Griffbrett endet in einer steilen Kante, die erlaubt, auch besonders hohe Positionen bis 20 und dar\u00fcber hinaus zu spielen.<\/p>\n<p data-pm-slice=\"1 1 []\">Der eingearbeitete <em>Azuma Sawari<\/em> erm\u00f6glicht die Anpassung des Surrens je nach Geschmack und Anlass. Man kann so das Surren komplett abstellen (f\u00fcr moderne St\u00fccke, Pop\/Rock\/Metal, oder bestimmte Ensemble-Zusammensetzungen) und au\u00dferdem ein perfektes Surren erzielen egal wie hoch oder tief man die Shamisen stimmt.<\/p>\nDie <i>Tsukigata<\/i> (das halbmondf\u00f6rmige Ende des <em>Tenjin<\/em>) ist in perfektem Zustand. Der Hals ist im <em>Mitsuori<\/em> Stil gerabeitet: Er kann in drei Teile zerlegt werden. Die Verbindungen sind bei diesem Instrument in einfacher Ausfertigung gearbeitet gearbeitet. Dadurch, dass sich der Hals zerteilen l\u00e4sst, kann man mit diesem Instrument besonders bequem verreisen - selbst wenn man klein und leicht packen muss. Die Verbindungen sind aufw\u00e4ndig gearbeitet und erm\u00f6glichen so einen besonders langlebigen festen Sitz.\n\nDie <em>Itomaki<\/em> (Wirbel) sind aus Ebenholz geschnitzt und in einer Weise gearbeitet, die das Stimmen durch besondere Griffigkeit erleichtert.\n\nDieses Instrument ist ein wunderbarer Begleiter mit einem kr\u00e4ftigen und vollen Klang. Wenn Sie noch Fragen haben, schicken Sie mir einfach eine Nachricht und ich helfe gerne weiter.\n\nAlles, was Sie zum losspielen noch ben\u00f6tigen, sind ein <a href=\"https:\/\/shami-shop.com\/product-categorie\/koma\/\" target=\"_blank\" rel=\"noopener\">Koma<\/a>, ein <a href=\"https:\/\/shami-shop.com\/product-categorie\/bachi\/\" target=\"_blank\" rel=\"noopener\">Bachi<\/a> und ein <a href=\"https:\/\/shami-shop.com\/product\/yubisuri\/\" target=\"_blank\" rel=\"noopener\">Yubisuri<\/a>. W\u00e4hlen Sie Koma und Bachi je nach dem Stil, den Sie spielen m\u00f6chten und Ihren pers\u00f6nlichen Vorlieben. Yubisuri gibt es in unterschiedlichen Gr\u00f6\u00dfen. Au\u00dferdem wollte ich Sie der bitters\u00fc\u00dfen Qual der Wahl zwischen all den sch\u00f6nen Farben nicht berauben. Ich rate Ihnen au\u00dferdem zu einem <a class=\"ProsemirrorEditor-link\" href=\"https:\/\/shami-shop.com\/product-categorie\/accessories\/\">Dougomu or a Hizagomu<\/a>, das daf\u00fcr sorgt, dass die Shamisen beim Spielen nicht vom Schenkel rutscht. Je nach Ihren Bed\u00fcrfnissen k\u00f6nnte f\u00fcr Sie auch ein <a class=\"ProsemirrorEditor-link\" href=\"https:\/\/shami-shop.com\/product\/fujaku-strip-shamisen-position-marker\/\">Fujaku Strip<\/a> zum Markieren der Positionen am Hals interessant sein. Alternativ kann man auch einzelne Positionen markieren oder ganz auf Markierungen verzichten.\n\nWenn Sie Hilfe bei der Auwahl der richtigen Komponenten ben\u00f6tigen, schicken Sie gerne eine Nachricht und wir stellen gemeinsam das perfekte Paket f\u00fcr Sie zusammen.","_et_gb_content_width":""},"product_brand":[],"product_cat":[339,387,410,404],"product_tag":[342,164],"class_list":{"0":"post-15368","1":"product","2":"type-product","3":"status-publish","4":"has-post-thumbnail","6":"product_cat-shamisen-de","7":"product_cat-chuuzao-de","8":"product_cat-minyo-shamisen-de-de-2","9":"product_cat-minyo-stil","10":"product_tag-chuuzao-de","11":"product_tag-jiuta-de","12":"product_shipping_class-5kg500-de","14":"first","15":"outofstock","16":"sold-individually","17":"shipping-taxable","18":"purchasable","19":"product-type-simple"},"yoast_head":"<!-- This site is optimized with the Yoast SEO plugin v26.9 - https:\/\/yoast.com\/product\/yoast-seo-wordpress\/ -->\n<title>Minyo Shamisen Set &quot;Asahi&quot; - Shami-Shop<\/title>\n<meta name=\"description\" content=\"Kaufen Sie eine wundersch\u00f6ne restaurierte Chuuzau \/ Minyo Shamisen aus Shitan Holz mit Naturh\u00e4uten bezogen. Versand direkt aus Berlin.\" \/>\n<meta name=\"robots\" content=\"index, follow, max-snippet:-1, max-image-preview:large, max-video-preview:-1\" \/>\n<link rel=\"canonical\" href=\"https:\/\/www.shami-shop.com\/de\/produkt\/minyo-shamisen-set-asahi\/\" \/>\n<meta property=\"og:locale\" content=\"de_DE\" \/>\n<meta property=\"og:type\" content=\"article\" \/>\n<meta property=\"og:title\" content=\"Minyo Shamisen Set &quot;Asahi&quot; - Shami-Shop\" \/>\n<meta property=\"og:description\" content=\"Kaufen Sie eine wundersch\u00f6ne restaurierte Chuuzau \/ Minyo Shamisen aus Shitan Holz mit Naturh\u00e4uten bezogen. Versand direkt aus Berlin.\" \/>\n<meta property=\"og:url\" content=\"https:\/\/www.shami-shop.com\/de\/produkt\/minyo-shamisen-set-asahi\/\" \/>\n<meta property=\"og:site_name\" content=\"Shami-Shop\" \/>\n<meta property=\"article:publisher\" content=\"https:\/\/www.facebook.com\/weloveshamisen\/\" \/>\n<meta property=\"article:modified_time\" content=\"2022-01-26T17:53:13+00:00\" \/>\n<meta property=\"og:image\" content=\"https:\/\/www.shami-shop.com\/wp-content\/uploads\/2021\/12\/SH-067-dou45.png\" \/>\n\t<meta property=\"og:image:width\" content=\"1080\" \/>\n\t<meta property=\"og:image:height\" content=\"720\" \/>\n\t<meta property=\"og:image:type\" content=\"image\/png\" \/>\n<meta name=\"twitter:card\" content=\"summary_large_image\" \/>\n<meta name=\"twitter:label1\" content=\"Gesch\u00e4tzte Lesezeit\" \/>\n\t<meta name=\"twitter:data1\" content=\"4\u00a0Minuten\" \/>\n<script type=\"application\/ld+json\" class=\"yoast-schema-graph\">{\"@context\":\"https:\/\/schema.org\",\"@graph\":[{\"@type\":[\"WebPage\",\"ItemPage\"],\"@id\":\"https:\/\/www.shami-shop.com\/de\/produkt\/minyo-shamisen-set-asahi\/\",\"url\":\"https:\/\/www.shami-shop.com\/de\/produkt\/minyo-shamisen-set-asahi\/\",\"name\":\"Minyo Shamisen Set \\\"Asahi\\\" - Shami-Shop\",\"isPartOf\":{\"@id\":\"https:\/\/www.shami-shop.com\/de\/#website\"},\"primaryImageOfPage\":{\"@id\":\"https:\/\/www.shami-shop.com\/de\/produkt\/minyo-shamisen-set-asahi\/#primaryimage\"},\"image\":{\"@id\":\"https:\/\/www.shami-shop.com\/de\/produkt\/minyo-shamisen-set-asahi\/#primaryimage\"},\"thumbnailUrl\":\"https:\/\/www.shami-shop.com\/wp-content\/uploads\/2021\/12\/SH-067-dou45.png\",\"datePublished\":\"2021-12-13T18:32:17+00:00\",\"dateModified\":\"2022-01-26T17:53:13+00:00\",\"description\":\"Kaufen Sie eine wundersch\u00f6ne restaurierte Chuuzau \/ Minyo Shamisen aus Shitan Holz mit Naturh\u00e4uten bezogen. Versand direkt aus Berlin.\",\"breadcrumb\":{\"@id\":\"https:\/\/www.shami-shop.com\/de\/produkt\/minyo-shamisen-set-asahi\/#breadcrumb\"},\"inLanguage\":\"de\",\"potentialAction\":[{\"@type\":\"ReadAction\",\"target\":[\"https:\/\/www.shami-shop.com\/de\/produkt\/minyo-shamisen-set-asahi\/\"]}]},{\"@type\":\"ImageObject\",\"inLanguage\":\"de\",\"@id\":\"https:\/\/www.shami-shop.com\/de\/produkt\/minyo-shamisen-set-asahi\/#primaryimage\",\"url\":\"https:\/\/www.shami-shop.com\/wp-content\/uploads\/2021\/12\/SH-067-dou45.png\",\"contentUrl\":\"https:\/\/www.shami-shop.com\/wp-content\/uploads\/2021\/12\/SH-067-dou45.png\",\"width\":1080,\"height\":720},{\"@type\":\"BreadcrumbList\",\"@id\":\"https:\/\/www.shami-shop.com\/de\/produkt\/minyo-shamisen-set-asahi\/#breadcrumb\",\"itemListElement\":[{\"@type\":\"ListItem\",\"position\":1,\"name\":\"Startseite\",\"item\":\"https:\/\/www.shami-shop.com\/de\/\"},{\"@type\":\"ListItem\",\"position\":2,\"name\":\"Shop\",\"item\":\"https:\/\/www.shami-shop.com\/de\/shop\/\"},{\"@type\":\"ListItem\",\"position\":3,\"name\":\"Minyo Shamisen Set &#8222;Asahi&#8220;\"}]},{\"@type\":\"WebSite\",\"@id\":\"https:\/\/www.shami-shop.com\/de\/#website\",\"url\":\"https:\/\/www.shami-shop.com\/de\/\",\"name\":\"Shami-Shop\",\"description\":\"Alles f\u00fcr den Shamisen-Spieler.\",\"publisher\":{\"@id\":\"https:\/\/www.shami-shop.com\/de\/#organization\"},\"potentialAction\":[{\"@type\":\"SearchAction\",\"target\":{\"@type\":\"EntryPoint\",\"urlTemplate\":\"https:\/\/www.shami-shop.com\/de\/?s={search_term_string}\"},\"query-input\":{\"@type\":\"PropertyValueSpecification\",\"valueRequired\":true,\"valueName\":\"search_term_string\"}}],\"inLanguage\":\"de\"},{\"@type\":\"Organization\",\"@id\":\"https:\/\/www.shami-shop.com\/de\/#organization\",\"name\":\"Shami-Shop\",\"url\":\"https:\/\/www.shami-shop.com\/de\/\",\"logo\":{\"@type\":\"ImageObject\",\"inLanguage\":\"de\",\"@id\":\"https:\/\/www.shami-shop.com\/de\/#\/schema\/logo\/image\/\",\"url\":\"https:\/\/shami-shop.com\/wp-content\/uploads\/2021\/01\/Shami-Shop-Logo-1080.png\",\"contentUrl\":\"https:\/\/shami-shop.com\/wp-content\/uploads\/2021\/01\/Shami-Shop-Logo-1080.png\",\"width\":1080,\"height\":1080,\"caption\":\"Shami-Shop\"},\"image\":{\"@id\":\"https:\/\/www.shami-shop.com\/de\/#\/schema\/logo\/image\/\"},\"sameAs\":[\"https:\/\/www.facebook.com\/weloveshamisen\/\",\"https:\/\/www.instagram.com\/shamishop.europe\/\"]}]}<\/script>\n<!-- \/ Yoast SEO plugin. -->","yoast_head_json":{"title":"Minyo Shamisen Set \"Asahi\" - Shami-Shop","description":"Kaufen Sie eine wundersch\u00f6ne restaurierte Chuuzau \/ Minyo Shamisen aus Shitan Holz mit Naturh\u00e4uten bezogen. Versand direkt aus Berlin.","robots":{"index":"index","follow":"follow","max-snippet":"max-snippet:-1","max-image-preview":"max-image-preview:large","max-video-preview":"max-video-preview:-1"},"canonical":"https:\/\/www.shami-shop.com\/de\/produkt\/minyo-shamisen-set-asahi\/","og_locale":"de_DE","og_type":"article","og_title":"Minyo Shamisen Set \"Asahi\" - Shami-Shop","og_description":"Kaufen Sie eine wundersch\u00f6ne restaurierte Chuuzau \/ Minyo Shamisen aus Shitan Holz mit Naturh\u00e4uten bezogen. Versand direkt aus Berlin.","og_url":"https:\/\/www.shami-shop.com\/de\/produkt\/minyo-shamisen-set-asahi\/","og_site_name":"Shami-Shop","article_publisher":"https:\/\/www.facebook.com\/weloveshamisen\/","article_modified_time":"2022-01-26T17:53:13+00:00","og_image":[{"width":1080,"height":720,"url":"https:\/\/www.shami-shop.com\/wp-content\/uploads\/2021\/12\/SH-067-dou45.png","type":"image\/png"}],"twitter_card":"summary_large_image","twitter_misc":{"Gesch\u00e4tzte Lesezeit":"4\u00a0Minuten"},"schema":{"@context":"https:\/\/schema.org","@graph":[{"@type":["WebPage","ItemPage"],"@id":"https:\/\/www.shami-shop.com\/de\/produkt\/minyo-shamisen-set-asahi\/","url":"https:\/\/www.shami-shop.com\/de\/produkt\/minyo-shamisen-set-asahi\/","name":"Minyo Shamisen Set \"Asahi\" - Shami-Shop","isPartOf":{"@id":"https:\/\/www.shami-shop.com\/de\/#website"},"primaryImageOfPage":{"@id":"https:\/\/www.shami-shop.com\/de\/produkt\/minyo-shamisen-set-asahi\/#primaryimage"},"image":{"@id":"https:\/\/www.shami-shop.com\/de\/produkt\/minyo-shamisen-set-asahi\/#primaryimage"},"thumbnailUrl":"https:\/\/www.shami-shop.com\/wp-content\/uploads\/2021\/12\/SH-067-dou45.png","datePublished":"2021-12-13T18:32:17+00:00","dateModified":"2022-01-26T17:53:13+00:00","description":"Kaufen Sie eine wundersch\u00f6ne restaurierte Chuuzau \/ Minyo Shamisen aus Shitan Holz mit Naturh\u00e4uten bezogen. Versand direkt aus Berlin.","breadcrumb":{"@id":"https:\/\/www.shami-shop.com\/de\/produkt\/minyo-shamisen-set-asahi\/#breadcrumb"},"inLanguage":"de","potentialAction":[{"@type":"ReadAction","target":["https:\/\/www.shami-shop.com\/de\/produkt\/minyo-shamisen-set-asahi\/"]}]},{"@type":"ImageObject","inLanguage":"de","@id":"https:\/\/www.shami-shop.com\/de\/produkt\/minyo-shamisen-set-asahi\/#primaryimage","url":"https:\/\/www.shami-shop.com\/wp-content\/uploads\/2021\/12\/SH-067-dou45.png","contentUrl":"https:\/\/www.shami-shop.com\/wp-content\/uploads\/2021\/12\/SH-067-dou45.png","width":1080,"height":720},{"@type":"BreadcrumbList","@id":"https:\/\/www.shami-shop.com\/de\/produkt\/minyo-shamisen-set-asahi\/#breadcrumb","itemListElement":[{"@type":"ListItem","position":1,"name":"Startseite","item":"https:\/\/www.shami-shop.com\/de\/"},{"@type":"ListItem","position":2,"name":"Shop","item":"https:\/\/www.shami-shop.com\/de\/shop\/"},{"@type":"ListItem","position":3,"name":"Minyo Shamisen Set &#8222;Asahi&#8220;"}]},{"@type":"WebSite","@id":"https:\/\/www.shami-shop.com\/de\/#website","url":"https:\/\/www.shami-shop.com\/de\/","name":"Shami-Shop","description":"Alles f\u00fcr den Shamisen-Spieler.","publisher":{"@id":"https:\/\/www.shami-shop.com\/de\/#organization"},"potentialAction":[{"@type":"SearchAction","target":{"@type":"EntryPoint","urlTemplate":"https:\/\/www.shami-shop.com\/de\/?s={search_term_string}"},"query-input":{"@type":"PropertyValueSpecification","valueRequired":true,"valueName":"search_term_string"}}],"inLanguage":"de"},{"@type":"Organization","@id":"https:\/\/www.shami-shop.com\/de\/#organization","name":"Shami-Shop","url":"https:\/\/www.shami-shop.com\/de\/","logo":{"@type":"ImageObject","inLanguage":"de","@id":"https:\/\/www.shami-shop.com\/de\/#\/schema\/logo\/image\/","url":"https:\/\/shami-shop.com\/wp-content\/uploads\/2021\/01\/Shami-Shop-Logo-1080.png","contentUrl":"https:\/\/shami-shop.com\/wp-content\/uploads\/2021\/01\/Shami-Shop-Logo-1080.png","width":1080,"height":1080,"caption":"Shami-Shop"},"image":{"@id":"https:\/\/www.shami-shop.com\/de\/#\/schema\/logo\/image\/"},"sameAs":["https:\/\/www.facebook.com\/weloveshamisen\/","https:\/\/www.instagram.com\/shamishop.europe\/"]}]}},"jetpack_sharing_enabled":true,"_links":{"self":[{"href":"https:\/\/www.shami-shop.com\/de\/wp-json\/wp\/v2\/product\/15368","targetHints":{"allow":["GET"]}}],"collection":[{"href":"https:\/\/www.shami-shop.com\/de\/wp-json\/wp\/v2\/product"}],"about":[{"href":"https:\/\/www.shami-shop.com\/de\/wp-json\/wp\/v2\/types\/product"}],"wp:featuredmedia":[{"embeddable":true,"href":"https:\/\/www.shami-shop.com\/de\/wp-json\/wp\/v2\/media\/15194"}],"wp:attachment":[{"href":"https:\/\/www.shami-shop.com\/de\/wp-json\/wp\/v2\/media?parent=15368"}],"wp:term":[{"taxonomy":"product_brand","embeddable":true,"href":"https:\/\/www.shami-shop.com\/de\/wp-json\/wp\/v2\/product_brand?post=15368"},{"taxonomy":"product_cat","embeddable":true,"href":"https:\/\/www.shami-shop.com\/de\/wp-json\/wp\/v2\/product_cat?post=15368"},{"taxonomy":"product_tag","embeddable":true,"href":"https:\/\/www.shami-shop.com\/de\/wp-json\/wp\/v2\/product_tag?post=15368"}],"curies":[{"name":"wp","href":"https:\/\/api.w.org\/{rel}","templated":true}]}}