{"id":15381,"date":"2021-12-17T09:28:37","date_gmt":"2021-12-17T08:30:20","guid":{"rendered":"https:\/\/www.shami-shop.com\/product\/hosozao-shamisen-set-hiromi\/"},"modified":"2024-09-03T22:04:19","modified_gmt":"2024-09-03T21:04:19","slug":"sh-140","status":"publish","type":"product","link":"https:\/\/www.shami-shop.com\/de\/produkt\/sh-140\/","title":{"rendered":"Hosozao Shamisen Set \u201cHagumi\u201d"},"content":{"rendered":"<p>Ich habe diese Shamisen &#8222;Hagumi&#8220; (\u80b2\u5b9f) genannt, nach einer der Hauptpersonen im Manga\/Anime &#8222;Honey and Clover&#8220;. Diese Shamisen erinnert mich an die zarte Sch\u00f6nheit dieser Figur, und so kam ich auf den Namen \ud83d\ude42 Ich hoffe, jemand wird Hagumi ein gutes zu Hause geben und ihre Sch\u00f6nheit zum Vorschein bringen.<\/p>\n<p>Diese Shamisen ist eine so genannte Hosozao Shamisen, also eine Shamisen mit schmalem Hals &#8211; typischerweise gebraucht f\u00fcr Nagauta, Kouta und Hauta Stil. Innerhalb der verschiedenen Bauweisen unterscheiden sich die exakten Ma\u00dfe und sind an die Bed\u00fcrfnisse des Spielers angepasst. Diese Shamisen hat einen nicht allzu schmalen Hals und ist bequem zu spielen.<\/p>\n<p>&nbsp;<\/p>\n<h5><strong>Holz: <\/strong><\/h5>\n<p>Das Instrument ist aus Karin Holz gearbeitet. Dieses robuste Hartholz ist bew\u00e4hrt f\u00fcr Anf\u00e4nger- und Sch\u00fclerinstrumente.<\/p>\n<h5><\/h5>\n<h5><strong>Accessoires und H\u00e4ute: <\/strong><\/h5>\n<p>Das Instrument ist ausgestattet mit einem silber-rosanen Doukake und einem passenden rosanen Neo (Saitenhalter). Das Doukake zeigt einige Nutzungsspuren (siehe Fotos). Im Set enthalten ist au\u00dferdem ein Set frischer Saiten und ein Tenjin-K\u00e4ppchen. Der Dou ist vorne mit synthetischer Hibiki-Haut bespannt, hinten mit Naturhaut.<\/p>\n<p data-pm-slice=\"1 1 []\">\n<h5 data-pm-slice=\"1 1 []\"><strong><span class=\"notion-enable-hover\" data-token-index=\"0\">Hals:<\/span> <\/strong><\/h5>\n<p data-pm-slice=\"1 1 []\">Der Hals ist 26,5 mm breit und 26 mm hoch\/dick an der schmalsten Stelle und verbreitert sich leicht in Richtung Korpus. Das Griffbrett ist 26,5 mm breit am schmalen Ende. Die elegant geschwungene <em>Hatomune<\/em> &#8211; der Teil, wo der Hals in den Korpus eintaucht &#8211; ist typisch f\u00fcr Hosozao Shamisen im Nagauta Stil. Auf dieser Art von Hals kann man bis zur Position 19 spielen.<\/p>\n<p data-pm-slice=\"1 1 []\">\n<h5 data-pm-slice=\"1 1 []\"><strong>Itomaki:<\/strong><\/h5>\n<p data-pm-slice=\"1 1 []\">Die <em>Itomaki<\/em> (Wirbel) sind aus Ebenholz gearbeitet und in einer traditionellen Art geschnitzt, sodass sie sich trotz ihrer schmalen Form leicht greifen lassen.<\/p>\n<p>&nbsp;<\/p>\n<h5><strong>Weiteres: <\/strong><\/h5>\n<p>The <i>Tsukigata <\/i>(das halbmondf\u00f6rmige Ende des <em>Tenjin<\/em>) ist in perfektem Zustand. Das Holz hat einen warmen Rotton und eine sch\u00f6ne Maserung. Der Hals ist im <em>Mitsuori<\/em> Stil gerabeitet: Er kann in drei Teile zerlegt werden. Die Verbindungen sind bei diesem Instrument in einfacher Ausfertigung gearbeitet gearbeitet. Dadurch, dass sich der Hals zerteilen l\u00e4sst, kann man mit diesem Instrument besonders bequem verreisen &#8211; selbst wenn man klein und leicht packen muss.<\/p>\n<p>Wenn Sie noch Fragen haben, schicken Sie mir einfach eine Nachricht und ich helfe gerne weiter.<\/p>\n<p>&nbsp;<\/p>\n<p>Alles, was man zum losspielen noch ben\u00f6tigt, sind ein <a href=\"https:\/\/shami-shop.com\/product-categorie\/koma\/\" target=\"_blank\" rel=\"noopener\">Koma<\/a>, ein <a href=\"https:\/\/shami-shop.com\/product-categorie\/bachi\/\" target=\"_blank\" rel=\"noopener\">Bachi<\/a> und ein <a href=\"https:\/\/shami-shop.com\/product\/yubisuri\/\" target=\"_blank\" rel=\"noopener\">Yubisuri<\/a>. W\u00e4hlen Sie Koma und Bachi je nach dem Stil, den Sie spielen m\u00f6chten und Ihren pers\u00f6nlichen Vorlieben. Yubisuri gibt es in unterschiedlichen Gr\u00f6\u00dfen. Au\u00dferdem wollte ich Sie der bitters\u00fc\u00dfen Qual der Wahl zwischen all den sch\u00f6nen Farben nicht berauben. Ich rate Ihnen au\u00dferdem zu einem <a class=\"ProsemirrorEditor-link\" href=\"https:\/\/shami-shop.com\/product-categorie\/accessories\/\">Dougomu or a Hizagomu<\/a>, das daf\u00fcr sorgt, dass die Shamisen beim Spielen nicht vom Schenkel rutscht.<\/p>\n<p>Wenn Sie Hilfe bei der Auwahl der richtigen Komponenten ben\u00f6tigen, schicken Sie gerne eine Nachricht und wir stellen gemeinsam das perfekte Paket f\u00fcr Sie zusammen.<\/p>\n","protected":false},"excerpt":{"rendered":"<ul>\n<li>Hosozao Shamisen\n<ul>\n<li>Sao Breite: 26,25 mm, H\u00f6he: 26 mm<\/li>\n<li>Griffbrett: 26,5 mm<\/li>\n<\/ul>\n<\/li>\n<li>Karin-Holz<\/li>\n<li>Hibiki synthetische Haut vorne, Naturhaut hinten<\/li>\n<\/ul>\n<p><em>au\u00dferdem im Set enthalten:<\/em><\/p>\n<ul>\n<li>Neo<\/li>\n<li>Doukake<\/li>\n<li>Saiten<\/li>\n<li>Tenjin-Schutz<\/li>\n<\/ul>\n","protected":false},"featured_media":0,"template":"","meta":{"_et_pb_use_builder":"","_et_pb_old_content":"","_et_gb_content_width":""},"product_brand":[],"product_cat":[339,389,392],"product_tag":[233,446,176],"class_list":{"0":"post-15381","1":"product","2":"type-product","3":"status-publish","5":"product_cat-shamisen-de","6":"product_cat-hosozao-de","7":"product_cat-nagauta-sh-de","8":"product_tag-hosozao-de","9":"product_tag-karin-holz","10":"product_tag-nagauta-de","11":"product_shipping_class-5kg-de","13":"first","14":"outofstock","15":"shipping-taxable","16":"purchasable","17":"product-type-simple"},"yoast_head":"<!-- This site is optimized with the Yoast SEO plugin v26.9 - https:\/\/yoast.com\/product\/yoast-seo-wordpress\/ -->\n<title>Hosozao Shamisen Set \u201cHagumi\u201d - Shami-Shop<\/title>\n<meta name=\"description\" content=\"Kaufen Sie eine wundersch\u00f6ne restaurierte Hosozao Nagauta Shamisen aus Karin Holz mit Naturhaut bezogen. Versand direkt aus Berlin.\" \/>\n<meta name=\"robots\" content=\"index, follow, max-snippet:-1, max-image-preview:large, max-video-preview:-1\" \/>\n<link rel=\"canonical\" href=\"https:\/\/www.shami-shop.com\/de\/produkt\/sh-140\/\" \/>\n<meta property=\"og:locale\" content=\"de_DE\" \/>\n<meta property=\"og:type\" content=\"article\" \/>\n<meta property=\"og:title\" content=\"Hosozao Shamisen Set \u201cHagumi\u201d - Shami-Shop\" \/>\n<meta property=\"og:description\" content=\"Kaufen Sie eine wundersch\u00f6ne restaurierte Hosozao Nagauta Shamisen aus Karin Holz mit Naturhaut bezogen. Versand direkt aus Berlin.\" \/>\n<meta property=\"og:url\" content=\"https:\/\/www.shami-shop.com\/de\/produkt\/sh-140\/\" \/>\n<meta property=\"og:site_name\" content=\"Shami-Shop\" \/>\n<meta property=\"article:publisher\" content=\"https:\/\/www.facebook.com\/weloveshamisen\/\" \/>\n<meta property=\"article:modified_time\" content=\"2024-09-03T21:04:19+00:00\" \/>\n<meta property=\"og:image\" content=\"https:\/\/www.shami-shop.com\/wp-content\/uploads\/2024\/04\/HO-31-dou45.png\" \/>\n\t<meta property=\"og:image:width\" content=\"950\" \/>\n\t<meta property=\"og:image:height\" content=\"633\" \/>\n\t<meta property=\"og:image:type\" content=\"image\/png\" \/>\n<meta name=\"twitter:card\" content=\"summary_large_image\" \/>\n<meta name=\"twitter:label1\" content=\"Gesch\u00e4tzte Lesezeit\" \/>\n\t<meta name=\"twitter:data1\" content=\"2\u00a0Minuten\" \/>\n<script type=\"application\/ld+json\" class=\"yoast-schema-graph\">{\"@context\":\"https:\/\/schema.org\",\"@graph\":[{\"@type\":[\"WebPage\",\"ItemPage\"],\"@id\":\"https:\/\/www.shami-shop.com\/de\/produkt\/sh-140\/\",\"url\":\"https:\/\/www.shami-shop.com\/de\/produkt\/sh-140\/\",\"name\":\"Hosozao Shamisen Set \u201cHagumi\u201d - Shami-Shop\",\"isPartOf\":{\"@id\":\"https:\/\/www.shami-shop.com\/de\/#website\"},\"datePublished\":\"2021-12-17T08:30:20+00:00\",\"dateModified\":\"2024-09-03T21:04:19+00:00\",\"description\":\"Kaufen Sie eine wundersch\u00f6ne restaurierte Hosozao Nagauta Shamisen aus Karin Holz mit Naturhaut bezogen. Versand direkt aus Berlin.\",\"breadcrumb\":{\"@id\":\"https:\/\/www.shami-shop.com\/de\/produkt\/sh-140\/#breadcrumb\"},\"inLanguage\":\"de\",\"potentialAction\":[{\"@type\":\"ReadAction\",\"target\":[\"https:\/\/www.shami-shop.com\/de\/produkt\/sh-140\/\"]}]},{\"@type\":\"BreadcrumbList\",\"@id\":\"https:\/\/www.shami-shop.com\/de\/produkt\/sh-140\/#breadcrumb\",\"itemListElement\":[{\"@type\":\"ListItem\",\"position\":1,\"name\":\"Startseite\",\"item\":\"https:\/\/www.shami-shop.com\/de\/\"},{\"@type\":\"ListItem\",\"position\":2,\"name\":\"Shop\",\"item\":\"https:\/\/www.shami-shop.com\/de\/shop\/\"},{\"@type\":\"ListItem\",\"position\":3,\"name\":\"Hosozao Shamisen Set \u201cHagumi\u201d\"}]},{\"@type\":\"WebSite\",\"@id\":\"https:\/\/www.shami-shop.com\/de\/#website\",\"url\":\"https:\/\/www.shami-shop.com\/de\/\",\"name\":\"Shami-Shop\",\"description\":\"Alles f\u00fcr den Shamisen-Spieler.\",\"publisher\":{\"@id\":\"https:\/\/www.shami-shop.com\/de\/#organization\"},\"potentialAction\":[{\"@type\":\"SearchAction\",\"target\":{\"@type\":\"EntryPoint\",\"urlTemplate\":\"https:\/\/www.shami-shop.com\/de\/?s={search_term_string}\"},\"query-input\":{\"@type\":\"PropertyValueSpecification\",\"valueRequired\":true,\"valueName\":\"search_term_string\"}}],\"inLanguage\":\"de\"},{\"@type\":\"Organization\",\"@id\":\"https:\/\/www.shami-shop.com\/de\/#organization\",\"name\":\"Shami-Shop\",\"url\":\"https:\/\/www.shami-shop.com\/de\/\",\"logo\":{\"@type\":\"ImageObject\",\"inLanguage\":\"de\",\"@id\":\"https:\/\/www.shami-shop.com\/de\/#\/schema\/logo\/image\/\",\"url\":\"https:\/\/shami-shop.com\/wp-content\/uploads\/2021\/01\/Shami-Shop-Logo-1080.png\",\"contentUrl\":\"https:\/\/shami-shop.com\/wp-content\/uploads\/2021\/01\/Shami-Shop-Logo-1080.png\",\"width\":1080,\"height\":1080,\"caption\":\"Shami-Shop\"},\"image\":{\"@id\":\"https:\/\/www.shami-shop.com\/de\/#\/schema\/logo\/image\/\"},\"sameAs\":[\"https:\/\/www.facebook.com\/weloveshamisen\/\",\"https:\/\/www.instagram.com\/shamishop.europe\/\"]}]}<\/script>\n<!-- \/ Yoast SEO plugin. -->","yoast_head_json":{"title":"Hosozao Shamisen Set \u201cHagumi\u201d - Shami-Shop","description":"Kaufen Sie eine wundersch\u00f6ne restaurierte Hosozao Nagauta Shamisen aus Karin Holz mit Naturhaut bezogen. Versand direkt aus Berlin.","robots":{"index":"index","follow":"follow","max-snippet":"max-snippet:-1","max-image-preview":"max-image-preview:large","max-video-preview":"max-video-preview:-1"},"canonical":"https:\/\/www.shami-shop.com\/de\/produkt\/sh-140\/","og_locale":"de_DE","og_type":"article","og_title":"Hosozao Shamisen Set \u201cHagumi\u201d - Shami-Shop","og_description":"Kaufen Sie eine wundersch\u00f6ne restaurierte Hosozao Nagauta Shamisen aus Karin Holz mit Naturhaut bezogen. Versand direkt aus Berlin.","og_url":"https:\/\/www.shami-shop.com\/de\/produkt\/sh-140\/","og_site_name":"Shami-Shop","article_publisher":"https:\/\/www.facebook.com\/weloveshamisen\/","article_modified_time":"2024-09-03T21:04:19+00:00","og_image":[{"width":950,"height":633,"url":"https:\/\/www.shami-shop.com\/wp-content\/uploads\/2024\/04\/HO-31-dou45.png","type":"image\/png"}],"twitter_card":"summary_large_image","twitter_misc":{"Gesch\u00e4tzte Lesezeit":"2\u00a0Minuten"},"schema":{"@context":"https:\/\/schema.org","@graph":[{"@type":["WebPage","ItemPage"],"@id":"https:\/\/www.shami-shop.com\/de\/produkt\/sh-140\/","url":"https:\/\/www.shami-shop.com\/de\/produkt\/sh-140\/","name":"Hosozao Shamisen Set \u201cHagumi\u201d - Shami-Shop","isPartOf":{"@id":"https:\/\/www.shami-shop.com\/de\/#website"},"datePublished":"2021-12-17T08:30:20+00:00","dateModified":"2024-09-03T21:04:19+00:00","description":"Kaufen Sie eine wundersch\u00f6ne restaurierte Hosozao Nagauta Shamisen aus Karin Holz mit Naturhaut bezogen. Versand direkt aus Berlin.","breadcrumb":{"@id":"https:\/\/www.shami-shop.com\/de\/produkt\/sh-140\/#breadcrumb"},"inLanguage":"de","potentialAction":[{"@type":"ReadAction","target":["https:\/\/www.shami-shop.com\/de\/produkt\/sh-140\/"]}]},{"@type":"BreadcrumbList","@id":"https:\/\/www.shami-shop.com\/de\/produkt\/sh-140\/#breadcrumb","itemListElement":[{"@type":"ListItem","position":1,"name":"Startseite","item":"https:\/\/www.shami-shop.com\/de\/"},{"@type":"ListItem","position":2,"name":"Shop","item":"https:\/\/www.shami-shop.com\/de\/shop\/"},{"@type":"ListItem","position":3,"name":"Hosozao Shamisen Set \u201cHagumi\u201d"}]},{"@type":"WebSite","@id":"https:\/\/www.shami-shop.com\/de\/#website","url":"https:\/\/www.shami-shop.com\/de\/","name":"Shami-Shop","description":"Alles f\u00fcr den Shamisen-Spieler.","publisher":{"@id":"https:\/\/www.shami-shop.com\/de\/#organization"},"potentialAction":[{"@type":"SearchAction","target":{"@type":"EntryPoint","urlTemplate":"https:\/\/www.shami-shop.com\/de\/?s={search_term_string}"},"query-input":{"@type":"PropertyValueSpecification","valueRequired":true,"valueName":"search_term_string"}}],"inLanguage":"de"},{"@type":"Organization","@id":"https:\/\/www.shami-shop.com\/de\/#organization","name":"Shami-Shop","url":"https:\/\/www.shami-shop.com\/de\/","logo":{"@type":"ImageObject","inLanguage":"de","@id":"https:\/\/www.shami-shop.com\/de\/#\/schema\/logo\/image\/","url":"https:\/\/shami-shop.com\/wp-content\/uploads\/2021\/01\/Shami-Shop-Logo-1080.png","contentUrl":"https:\/\/shami-shop.com\/wp-content\/uploads\/2021\/01\/Shami-Shop-Logo-1080.png","width":1080,"height":1080,"caption":"Shami-Shop"},"image":{"@id":"https:\/\/www.shami-shop.com\/de\/#\/schema\/logo\/image\/"},"sameAs":["https:\/\/www.facebook.com\/weloveshamisen\/","https:\/\/www.instagram.com\/shamishop.europe\/"]}]}},"jetpack_sharing_enabled":true,"_links":{"self":[{"href":"https:\/\/www.shami-shop.com\/de\/wp-json\/wp\/v2\/product\/15381","targetHints":{"allow":["GET"]}}],"collection":[{"href":"https:\/\/www.shami-shop.com\/de\/wp-json\/wp\/v2\/product"}],"about":[{"href":"https:\/\/www.shami-shop.com\/de\/wp-json\/wp\/v2\/types\/product"}],"wp:attachment":[{"href":"https:\/\/www.shami-shop.com\/de\/wp-json\/wp\/v2\/media?parent=15381"}],"wp:term":[{"taxonomy":"product_brand","embeddable":true,"href":"https:\/\/www.shami-shop.com\/de\/wp-json\/wp\/v2\/product_brand?post=15381"},{"taxonomy":"product_cat","embeddable":true,"href":"https:\/\/www.shami-shop.com\/de\/wp-json\/wp\/v2\/product_cat?post=15381"},{"taxonomy":"product_tag","embeddable":true,"href":"https:\/\/www.shami-shop.com\/de\/wp-json\/wp\/v2\/product_tag?post=15381"}],"curies":[{"name":"wp","href":"https:\/\/api.w.org\/{rel}","templated":true}]}}