{"id":15801,"date":"2022-03-05T09:36:00","date_gmt":"2022-03-05T08:38:23","guid":{"rendered":"https:\/\/www.shami-shop.com\/product\/don-pan-bushi\/"},"modified":"2023-10-15T15:43:24","modified_gmt":"2023-10-15T14:43:24","slug":"don-pan-bushi","status":"publish","type":"product","link":"https:\/\/www.shami-shop.com\/de\/produkt\/don-pan-bushi\/","title":{"rendered":"Don Pan Bushi"},"content":{"rendered":"<p>Noten f\u00fcr <strong>Don Pan Bushi<\/strong> <strong>plus eine super n\u00fctzliche Einspielung<\/strong> zum Lernen und \u00dcben des Liedes!<\/p>\n<p>Die Dateien k\u00f6nnen nach dem Kauf im Kundenkonto heruntergeladen werden &#8211; einen Link dazu gibt es in der Bestellbest\u00e4tigungs-E-Mail.<\/p>\n<p>Neugierig, wie das Lied klingt? So klingt der Anfang von Don Pan Bushi:<\/p>\n<audio class=\"wp-audio-shortcode\" id=\"audio-15801-1\" preload=\"none\" style=\"width: 100%;\" controls=\"controls\"><source type=\"audio\/mpeg\" src=\"https:\/\/www.shami-shop.com\/wp-content\/uploads\/2023\/10\/Don-Pan-Bushi-sound-preview.mp3?_=1\" \/><a href=\"https:\/\/www.shami-shop.com\/wp-content\/uploads\/2023\/10\/Don-Pan-Bushi-sound-preview.mp3\">https:\/\/www.shami-shop.com\/wp-content\/uploads\/2023\/10\/Don-Pan-Bushi-sound-preview.mp3<\/a><\/audio>\n<p><strong>\u00dcber das Lied:<\/strong><\/p>\n<p>Don Pan Bushi ist ein fr\u00f6hliches japanisches Volkslied aus der Pr\u00e4fektur Aomori. Wie bei jedem Volkslied gibt es auch zu diesem Lied viele verschiedene Varianten. Diese Version ist f\u00fcr Shamisen in Bunkafu Notation (Tabulatur) geschrieben. Diese Versionen ohne Gesangstext sind gut geeignet f\u00fcr Anf\u00e4nger. Da nicht so viele hohe Positionen ben\u00f6tigt werden und keine fortgeschrittenen Techniken vorkommen, ist dieses Lied wunderbar f\u00fcr absolute Anf\u00e4nger geeignet.<\/p>\n<ul>\n<li>Stimmung: Honch\u014dshi<\/li>\n<li>Techniken: Sukui (Aufschlag)<\/li>\n<\/ul>\n<p>Anmerkung: Die grau gestrichelte Linie markiert den Beginn der Strophe.<\/p>\n<p>&nbsp;<\/p>\n<p><strong>Stimmung:<\/strong><\/p>\n<p>In jeder Stimmung sind die Saiten in einem bestimmten Verh\u00e4ltnis zueinander gestimmt. F\u00fcr Volkslieder gibt es keine feste Stimmung auf fixe Tonh\u00f6hen (im Gegensatz zur Geige etwa, bei der die A-Saite auf 440 bzw. 442Hz gestimmt wird), sondern ausschlaggebend ist das Verh\u00e4ltnis der Saiten zueinander.<\/p>\n<p>Eine Sichere Wahl ist, das Instrument \u00fcber C zu stimmen. Das bedeutet, die dicke Saite wird auf ein C gestimmt und alle anderen Saiten dann im Verh\u00e4ltnis dazu, je nach Stimmung des Liedes.<\/p>\n<p>Honch\u014dshi: C-F-C<\/p>\n<p>Niagari: C-G-C<\/p>\n<p>Sansagari: C-F-B<\/p>\n<p>&nbsp;<\/p>\n<p><strong>Zungang zur pdf:<\/strong><\/p>\n<p>Bitte beachten Sie, dass diese Datei nur einmalig direkt heruntergeladen werden kann &#8211; genau so, wie es bei einem gedruckten Notenblatt der Fall w\u00e4re. Sehen Sie es als unverz\u00fcgliche \u201eDirektlieferung\u201c.<\/p>\n<p>Nach dem Kauf k\u00f6nnen Sie die Datei in Ihrem Benutzerkonto unter &#8222;Downloads&#8220; runterladen. Oder Sie folgen einfach dem Link in der Bestellbest\u00e4tigung, den Sie per E-Mail erhalten.<\/p>\n<p>Bitte speichern Sie die Datei deshalb an einem Ort ab, an dem Sie sie leicht wiederfinden k\u00f6nnen. Wenn Sie Unterst\u00fctzung ben\u00f6tigen, schreiben Sie gerne eine E-Mail.<\/p>\n","protected":false},"excerpt":{"rendered":"<p>Das gibt es alles:<\/p>\n<ul>\n<li><strong>Tabulatur Noten<\/strong><\/li>\n<li><strong>mp3<\/strong>-Datei<\/li>\n<\/ul>\n<p>Details zum Lied:<\/p>\n<ul>\n<li>f\u00fcr Anf\u00e4nger geeignet<\/li>\n<li>Honch\u014dshi-Stimmung<\/li>\n<li>Direkt-Download<\/li>\n<\/ul>\n","protected":false},"featured_media":15795,"template":"","meta":{"_et_pb_use_builder":"","_et_pb_old_content":"","_et_gb_content_width":""},"product_brand":[],"product_cat":[483,486,130,207],"product_tag":[458,132],"class_list":{"0":"post-15801","1":"product","2":"type-product","3":"status-publish","4":"has-post-thumbnail","6":"product_cat-noten-anfaenger","7":"product_cat-noten-obon","8":"product_cat-notenhefte","9":"product_cat-noten-downloads","10":"product_tag-anfanger","11":"product_tag-minyo-de","13":"first","14":"instock","15":"downloadable","16":"virtual","17":"purchasable","18":"product-type-simple"},"yoast_head":"<!-- This site is optimized with the Yoast SEO plugin v26.9 - https:\/\/yoast.com\/product\/yoast-seo-wordpress\/ -->\n<title>Don Pan Bushi - Shami-Shop<\/title>\n<meta name=\"description\" content=\"Don Pan Bushi - fr\u00f6hliches japanisches Volkslied f\u00fcr Shamisen in Bunkafu Notation (Tabulatur). Einfache Version ohne Text. Honch\u014dshi Stimmung.\" \/>\n<meta name=\"robots\" content=\"index, follow, max-snippet:-1, max-image-preview:large, max-video-preview:-1\" \/>\n<link rel=\"canonical\" href=\"https:\/\/www.shami-shop.com\/de\/produkt\/don-pan-bushi\/\" \/>\n<meta property=\"og:locale\" content=\"de_DE\" \/>\n<meta property=\"og:type\" content=\"article\" \/>\n<meta property=\"og:title\" content=\"Don Pan Bushi - Shami-Shop\" \/>\n<meta property=\"og:description\" content=\"Don Pan Bushi - fr\u00f6hliches japanisches Volkslied f\u00fcr Shamisen in Bunkafu Notation (Tabulatur). Einfache Version ohne Text. Honch\u014dshi Stimmung.\" \/>\n<meta property=\"og:url\" content=\"https:\/\/www.shami-shop.com\/de\/produkt\/don-pan-bushi\/\" \/>\n<meta property=\"og:site_name\" content=\"Shami-Shop\" \/>\n<meta property=\"article:publisher\" content=\"https:\/\/www.facebook.com\/weloveshamisen\/\" \/>\n<meta property=\"article:modified_time\" content=\"2023-10-15T14:43:24+00:00\" \/>\n<meta property=\"og:image\" content=\"https:\/\/www.shami-shop.com\/wp-content\/uploads\/2022\/03\/Produktvorschau-donpan.png\" \/>\n\t<meta property=\"og:image:width\" content=\"596\" \/>\n\t<meta property=\"og:image:height\" content=\"843\" \/>\n\t<meta property=\"og:image:type\" content=\"image\/png\" \/>\n<meta name=\"twitter:card\" content=\"summary_large_image\" \/>\n<meta name=\"twitter:label1\" content=\"Gesch\u00e4tzte Lesezeit\" \/>\n\t<meta name=\"twitter:data1\" content=\"2\u00a0Minuten\" \/>\n<script type=\"application\/ld+json\" class=\"yoast-schema-graph\">{\"@context\":\"https:\/\/schema.org\",\"@graph\":[{\"@type\":[\"WebPage\",\"ItemPage\"],\"@id\":\"https:\/\/www.shami-shop.com\/de\/produkt\/don-pan-bushi\/\",\"url\":\"https:\/\/www.shami-shop.com\/de\/produkt\/don-pan-bushi\/\",\"name\":\"Don Pan Bushi - Shami-Shop\",\"isPartOf\":{\"@id\":\"https:\/\/www.shami-shop.com\/de\/#website\"},\"primaryImageOfPage\":{\"@id\":\"https:\/\/www.shami-shop.com\/de\/produkt\/don-pan-bushi\/#primaryimage\"},\"image\":{\"@id\":\"https:\/\/www.shami-shop.com\/de\/produkt\/don-pan-bushi\/#primaryimage\"},\"thumbnailUrl\":\"https:\/\/www.shami-shop.com\/wp-content\/uploads\/2022\/03\/Produktvorschau-donpan.png\",\"datePublished\":\"2022-03-05T08:38:23+00:00\",\"dateModified\":\"2023-10-15T14:43:24+00:00\",\"description\":\"Don Pan Bushi - fr\u00f6hliches japanisches Volkslied f\u00fcr Shamisen in Bunkafu Notation (Tabulatur). Einfache Version ohne Text. Honch\u014dshi Stimmung.\",\"breadcrumb\":{\"@id\":\"https:\/\/www.shami-shop.com\/de\/produkt\/don-pan-bushi\/#breadcrumb\"},\"inLanguage\":\"de\",\"potentialAction\":[{\"@type\":\"ReadAction\",\"target\":[\"https:\/\/www.shami-shop.com\/de\/produkt\/don-pan-bushi\/\"]}]},{\"@type\":\"ImageObject\",\"inLanguage\":\"de\",\"@id\":\"https:\/\/www.shami-shop.com\/de\/produkt\/don-pan-bushi\/#primaryimage\",\"url\":\"https:\/\/www.shami-shop.com\/wp-content\/uploads\/2022\/03\/Produktvorschau-donpan.png\",\"contentUrl\":\"https:\/\/www.shami-shop.com\/wp-content\/uploads\/2022\/03\/Produktvorschau-donpan.png\",\"width\":596,\"height\":843},{\"@type\":\"BreadcrumbList\",\"@id\":\"https:\/\/www.shami-shop.com\/de\/produkt\/don-pan-bushi\/#breadcrumb\",\"itemListElement\":[{\"@type\":\"ListItem\",\"position\":1,\"name\":\"Startseite\",\"item\":\"https:\/\/www.shami-shop.com\/de\/\"},{\"@type\":\"ListItem\",\"position\":2,\"name\":\"Shop\",\"item\":\"https:\/\/www.shami-shop.com\/de\/shop\/\"},{\"@type\":\"ListItem\",\"position\":3,\"name\":\"Don Pan Bushi\"}]},{\"@type\":\"WebSite\",\"@id\":\"https:\/\/www.shami-shop.com\/de\/#website\",\"url\":\"https:\/\/www.shami-shop.com\/de\/\",\"name\":\"Shami-Shop\",\"description\":\"Alles f\u00fcr den Shamisen-Spieler.\",\"publisher\":{\"@id\":\"https:\/\/www.shami-shop.com\/de\/#organization\"},\"potentialAction\":[{\"@type\":\"SearchAction\",\"target\":{\"@type\":\"EntryPoint\",\"urlTemplate\":\"https:\/\/www.shami-shop.com\/de\/?s={search_term_string}\"},\"query-input\":{\"@type\":\"PropertyValueSpecification\",\"valueRequired\":true,\"valueName\":\"search_term_string\"}}],\"inLanguage\":\"de\"},{\"@type\":\"Organization\",\"@id\":\"https:\/\/www.shami-shop.com\/de\/#organization\",\"name\":\"Shami-Shop\",\"url\":\"https:\/\/www.shami-shop.com\/de\/\",\"logo\":{\"@type\":\"ImageObject\",\"inLanguage\":\"de\",\"@id\":\"https:\/\/www.shami-shop.com\/de\/#\/schema\/logo\/image\/\",\"url\":\"https:\/\/shami-shop.com\/wp-content\/uploads\/2021\/01\/Shami-Shop-Logo-1080.png\",\"contentUrl\":\"https:\/\/shami-shop.com\/wp-content\/uploads\/2021\/01\/Shami-Shop-Logo-1080.png\",\"width\":1080,\"height\":1080,\"caption\":\"Shami-Shop\"},\"image\":{\"@id\":\"https:\/\/www.shami-shop.com\/de\/#\/schema\/logo\/image\/\"},\"sameAs\":[\"https:\/\/www.facebook.com\/weloveshamisen\/\",\"https:\/\/www.instagram.com\/shamishop.europe\/\"]}]}<\/script>\n<!-- \/ Yoast SEO plugin. -->","yoast_head_json":{"title":"Don Pan Bushi - Shami-Shop","description":"Don Pan Bushi - fr\u00f6hliches japanisches Volkslied f\u00fcr Shamisen in Bunkafu Notation (Tabulatur). Einfache Version ohne Text. Honch\u014dshi Stimmung.","robots":{"index":"index","follow":"follow","max-snippet":"max-snippet:-1","max-image-preview":"max-image-preview:large","max-video-preview":"max-video-preview:-1"},"canonical":"https:\/\/www.shami-shop.com\/de\/produkt\/don-pan-bushi\/","og_locale":"de_DE","og_type":"article","og_title":"Don Pan Bushi - Shami-Shop","og_description":"Don Pan Bushi - fr\u00f6hliches japanisches Volkslied f\u00fcr Shamisen in Bunkafu Notation (Tabulatur). Einfache Version ohne Text. Honch\u014dshi Stimmung.","og_url":"https:\/\/www.shami-shop.com\/de\/produkt\/don-pan-bushi\/","og_site_name":"Shami-Shop","article_publisher":"https:\/\/www.facebook.com\/weloveshamisen\/","article_modified_time":"2023-10-15T14:43:24+00:00","og_image":[{"width":596,"height":843,"url":"https:\/\/www.shami-shop.com\/wp-content\/uploads\/2022\/03\/Produktvorschau-donpan.png","type":"image\/png"}],"twitter_card":"summary_large_image","twitter_misc":{"Gesch\u00e4tzte Lesezeit":"2\u00a0Minuten"},"schema":{"@context":"https:\/\/schema.org","@graph":[{"@type":["WebPage","ItemPage"],"@id":"https:\/\/www.shami-shop.com\/de\/produkt\/don-pan-bushi\/","url":"https:\/\/www.shami-shop.com\/de\/produkt\/don-pan-bushi\/","name":"Don Pan Bushi - Shami-Shop","isPartOf":{"@id":"https:\/\/www.shami-shop.com\/de\/#website"},"primaryImageOfPage":{"@id":"https:\/\/www.shami-shop.com\/de\/produkt\/don-pan-bushi\/#primaryimage"},"image":{"@id":"https:\/\/www.shami-shop.com\/de\/produkt\/don-pan-bushi\/#primaryimage"},"thumbnailUrl":"https:\/\/www.shami-shop.com\/wp-content\/uploads\/2022\/03\/Produktvorschau-donpan.png","datePublished":"2022-03-05T08:38:23+00:00","dateModified":"2023-10-15T14:43:24+00:00","description":"Don Pan Bushi - fr\u00f6hliches japanisches Volkslied f\u00fcr Shamisen in Bunkafu Notation (Tabulatur). Einfache Version ohne Text. Honch\u014dshi Stimmung.","breadcrumb":{"@id":"https:\/\/www.shami-shop.com\/de\/produkt\/don-pan-bushi\/#breadcrumb"},"inLanguage":"de","potentialAction":[{"@type":"ReadAction","target":["https:\/\/www.shami-shop.com\/de\/produkt\/don-pan-bushi\/"]}]},{"@type":"ImageObject","inLanguage":"de","@id":"https:\/\/www.shami-shop.com\/de\/produkt\/don-pan-bushi\/#primaryimage","url":"https:\/\/www.shami-shop.com\/wp-content\/uploads\/2022\/03\/Produktvorschau-donpan.png","contentUrl":"https:\/\/www.shami-shop.com\/wp-content\/uploads\/2022\/03\/Produktvorschau-donpan.png","width":596,"height":843},{"@type":"BreadcrumbList","@id":"https:\/\/www.shami-shop.com\/de\/produkt\/don-pan-bushi\/#breadcrumb","itemListElement":[{"@type":"ListItem","position":1,"name":"Startseite","item":"https:\/\/www.shami-shop.com\/de\/"},{"@type":"ListItem","position":2,"name":"Shop","item":"https:\/\/www.shami-shop.com\/de\/shop\/"},{"@type":"ListItem","position":3,"name":"Don Pan Bushi"}]},{"@type":"WebSite","@id":"https:\/\/www.shami-shop.com\/de\/#website","url":"https:\/\/www.shami-shop.com\/de\/","name":"Shami-Shop","description":"Alles f\u00fcr den Shamisen-Spieler.","publisher":{"@id":"https:\/\/www.shami-shop.com\/de\/#organization"},"potentialAction":[{"@type":"SearchAction","target":{"@type":"EntryPoint","urlTemplate":"https:\/\/www.shami-shop.com\/de\/?s={search_term_string}"},"query-input":{"@type":"PropertyValueSpecification","valueRequired":true,"valueName":"search_term_string"}}],"inLanguage":"de"},{"@type":"Organization","@id":"https:\/\/www.shami-shop.com\/de\/#organization","name":"Shami-Shop","url":"https:\/\/www.shami-shop.com\/de\/","logo":{"@type":"ImageObject","inLanguage":"de","@id":"https:\/\/www.shami-shop.com\/de\/#\/schema\/logo\/image\/","url":"https:\/\/shami-shop.com\/wp-content\/uploads\/2021\/01\/Shami-Shop-Logo-1080.png","contentUrl":"https:\/\/shami-shop.com\/wp-content\/uploads\/2021\/01\/Shami-Shop-Logo-1080.png","width":1080,"height":1080,"caption":"Shami-Shop"},"image":{"@id":"https:\/\/www.shami-shop.com\/de\/#\/schema\/logo\/image\/"},"sameAs":["https:\/\/www.facebook.com\/weloveshamisen\/","https:\/\/www.instagram.com\/shamishop.europe\/"]}]}},"jetpack_sharing_enabled":true,"_links":{"self":[{"href":"https:\/\/www.shami-shop.com\/de\/wp-json\/wp\/v2\/product\/15801","targetHints":{"allow":["GET"]}}],"collection":[{"href":"https:\/\/www.shami-shop.com\/de\/wp-json\/wp\/v2\/product"}],"about":[{"href":"https:\/\/www.shami-shop.com\/de\/wp-json\/wp\/v2\/types\/product"}],"wp:featuredmedia":[{"embeddable":true,"href":"https:\/\/www.shami-shop.com\/de\/wp-json\/wp\/v2\/media\/15795"}],"wp:attachment":[{"href":"https:\/\/www.shami-shop.com\/de\/wp-json\/wp\/v2\/media?parent=15801"}],"wp:term":[{"taxonomy":"product_brand","embeddable":true,"href":"https:\/\/www.shami-shop.com\/de\/wp-json\/wp\/v2\/product_brand?post=15801"},{"taxonomy":"product_cat","embeddable":true,"href":"https:\/\/www.shami-shop.com\/de\/wp-json\/wp\/v2\/product_cat?post=15801"},{"taxonomy":"product_tag","embeddable":true,"href":"https:\/\/www.shami-shop.com\/de\/wp-json\/wp\/v2\/product_tag?post=15801"}],"curies":[{"name":"wp","href":"https:\/\/api.w.org\/{rel}","templated":true}]}}