{"id":16738,"date":"2022-03-29T21:28:13","date_gmt":"2022-03-29T20:44:00","guid":{"rendered":"https:\/\/www.shami-shop.com\/product\/minyo-shamisen-set-shota\/"},"modified":"2023-05-01T00:00:42","modified_gmt":"2023-04-30T23:00:42","slug":"shamisen-176-2","status":"publish","type":"product","link":"https:\/\/www.shami-shop.com\/de\/produkt\/shamisen-176-2\/","title":{"rendered":"Minyo Shamisen Set &#8222;Shota&#8220;"},"content":{"rendered":"<p>Shota ist ein fantastischer Begleiter f\u00fcr Spielerinnen und Spieler mit gr\u00f6\u00dferen H\u00e4nden, die keine Futozao suchen oder einfach nicht ganz so schwer schleppen m\u00f6chten. Diese Bauweise wird mit <em>Minyo<\/em> Stil assoziiert, ist aber sehr versatil und macht jeden Stil zu einer Freude. Auch im Tsugaru Stil zu spielen ist damit m\u00f6glich. Das Sawari (Surren) l\u00e4sst sich einstellen, sodass in jeder Stimmlage das Instrumennt wundersch\u00f6n klingt. Die Breite des Griffbretts macht den Hals f\u00fcr jeden Handgr\u00f6\u00dfe bequem und die H\u00f6he\/Dicke des Halses macht ihn besonders komfortabel zu greifen.<\/p>\n<p>Dieses Instrument ist aus Tochi Karin Holz gemacht &#8211; Karin ist der Standard f\u00fcr Sch\u00fcler- und Anf\u00e4ngerinstrumente. Aber das &#8222;Tochi&#8220; macht es speziell: Damit bezeichnet man in Japan die besonders sch\u00f6ne Maserung. Es ist unm\u00f6glich, den feurigen Glanz auf den Bildern nicht zu bemerken. Und tats\u00e4chlich ist der Glanz im wahren Leben noch sch\u00f6ner, wenn man an einem sonnigen Fleckchen spielt.<\/p>\n<p>Ich habe ein bezauberndes dunkelblau-goldenes Doukake gew\u00e4hlt mit traditionellem Japanischem Muster. Passend dazu ein g\u00fcldener Neo. Im Set enthalten ist au\u00dferdem ein Set aufgezogener Saiten, ein Bachigawa (Hautschutz) und ein Tenjin-K\u00e4ppchen. Ich verschicke dieses Instrument in einer Washi-H\u00fclle f\u00fcr maximalen Schutz! Der Dou ist bespannt mit Naturhaut f\u00fcr den authentischen warmen Klang von Shamisen-Musik. Die H\u00e4ute haben eine sehr gute Spannung und sorgen f\u00fcr einen sch\u00f6nen Klang.<\/p>\n<p data-pm-slice=\"1 1 []\">Der Hals ist 28 mm breit and 28,5 mm hoch an der schmalsten Stelle und verbreitert sich leicht in Richtung des Korpus. Damit ist das schon fast eine Futozao Shamisen. Das Griffbrett endet in einer steilen Kante, die erlaubt, auch besonders hohe Positionen bis 20 und dar\u00fcber hinaus zu spielen. Das Griffbrett ist frisch abgezogen und in perfektem Zustand. Das Instrument ist insgesamt ein bisschen k\u00fcrzer als andere Bauweisen, was f\u00fcr Minyo Shamisen \u00fcblich ist (s.o.). Es geht hier lediglich um eine Differenz von etwa 4 cm \u2013 auf den ersten Blick nicht sichtbar und ohne Einfluss auf das Spielgef\u00fchl. Der gro\u00dfe Vorteil: Man kann einen kleineren Kasten benutzen, der noch besser in Kofferraum und Gep\u00e4ckablage passt.<\/p>\n<p>Die <i>Tsukigata <\/i>(das halbmondf\u00f6rmige Ende des <em>Tenjin<\/em>) hat eine leichte Imperfektion. Die Reparatur wurde vom Vorbesitzer durchgef\u00fchrt, und man sieht noch leichte Unebenheiten, wenn man ganz genau hinschaut (siehe Fotos). Das Ende des Tenjin ist normalerweise durch das Tenjin-K\u00e4ppchen (mit im Set enthalten) sowieso nicht sichtbar. Der Hals ist im <em>Mitsuori<\/em> Stil gerabeitet: Er kann in drei Teile zerlegt werden. Die Verbindungen sind bei diesem Instrument in einfacher Ausfertigung gearbeitet gearbeitet. Reisen ist mit diesem Instrument deshalb auch bei leichtem Gep\u00e4ck besonders einfach und komfortabel.<\/p>\n<p>Die Itomaki sind aus Ebenholz in Sternform gearbeitet. Sie sind l\u00e4nger als \u00fcblich, weil der vorherige Besitzer gro\u00dfe H\u00e4nde hatte und das bequemer fand.<\/p>\n<p>Der Dou ist au\u00dfergew\u00f6hnlich sch\u00f6n. Auf den letzten Bildern kann man erahnen, wie sch\u00f6n die Kanten gearbeitet sind.<\/p>\n<p>Alles, was Sie zum losspielen noch ben\u00f6tigen, sind ein <a href=\"https:\/\/shami-shop.com\/product-categorie\/koma\/\" target=\"_blank\" rel=\"noopener\">Koma<\/a>, ein <a href=\"https:\/\/shami-shop.com\/product-categorie\/bachi\/\" target=\"_blank\" rel=\"noopener\">Bachi<\/a> und ein <a href=\"https:\/\/shami-shop.com\/product\/yubisuri\/\" target=\"_blank\" rel=\"noopener\">Yubisuri<\/a>. W\u00e4hlen Sie Koma und Bachi je nach dem Stil, den Sie spielen m\u00f6chten und Ihren pers\u00f6nlichen Vorlieben. Yubisuri gibt es in verschiedenen Gr\u00f6\u00dfen und Farben. Der Qual der Wahl wollte ich Sie hier nicht berauben. Ich rate Ihnen au\u00dferdem zu einem <a class=\"ProsemirrorEditor-link\" href=\"https:\/\/shami-shop.com\/product-categorie\/accessories\/\">Dougomu or a Hizagomu<\/a>, das daf\u00fcr sorgt, dass die Shamisen beim Spielen nicht vom Schenkel rutscht.<\/p>\n<p>Wenn Sie Hilfe bei der Auwahl der richtigen Komponenten ben\u00f6tigen, schicken Sie gerne eine Nachricht und wir stellen gemeinsam das perfekte Paket f\u00fcr Sie zusammen.<\/p>\n","protected":false},"excerpt":{"rendered":"<ul>\n<li>Chuuzao Shamisen (Sao Breite: 28 mm, H\u00f6he 28,5 mm)<\/li>\n<li>Azuma Sawari (Maru)<\/li>\n<li>aus Tochi Karin Holz<\/li>\n<li>Natur-H\u00e4ute<\/li>\n<\/ul>\n<p>au\u00dferdem im Set enthalten:<\/p>\n<ul>\n<li>Neo<\/li>\n<li>Doukake<\/li>\n<li>Tenjin-Schutz<\/li>\n<li>Saiten<\/li>\n<li>Bachigawa<\/li>\n<li>Washi-H\u00fclle<\/li>\n<\/ul>\n","protected":false},"featured_media":0,"template":"","meta":{"_et_pb_use_builder":"","_et_pb_old_content":"","_et_gb_content_width":""},"product_brand":[],"product_cat":[339,387,410],"product_tag":[],"class_list":{"0":"post-16738","1":"product","2":"type-product","3":"status-publish","5":"product_cat-shamisen-de","6":"product_cat-chuuzao-de","7":"product_cat-minyo-shamisen-de-de-2","8":"product_shipping_class-5kg500-de","10":"first","11":"outofstock","12":"shipping-taxable","13":"purchasable","14":"product-type-simple"},"yoast_head":"<!-- This site is optimized with the Yoast SEO plugin v26.9 - https:\/\/yoast.com\/product\/yoast-seo-wordpress\/ -->\n<title>Minyo Shamisen Set &quot;Shota&quot; - Shami-Shop<\/title>\n<meta name=\"description\" content=\"Minyo Shamisen f\u00fcr Spieler mit gr\u00f6\u00dferen H\u00e4nden. Tanzao aus Tochi Karin Holz.\" \/>\n<meta name=\"robots\" content=\"index, follow, max-snippet:-1, max-image-preview:large, max-video-preview:-1\" \/>\n<link rel=\"canonical\" href=\"https:\/\/www.shami-shop.com\/de\/produkt\/shamisen-176-2\/\" \/>\n<meta property=\"og:locale\" content=\"de_DE\" \/>\n<meta property=\"og:type\" content=\"article\" \/>\n<meta property=\"og:title\" content=\"Minyo Shamisen Set &quot;Shota&quot; - Shami-Shop\" \/>\n<meta property=\"og:description\" content=\"Minyo Shamisen f\u00fcr Spieler mit gr\u00f6\u00dferen H\u00e4nden. Tanzao aus Tochi Karin Holz.\" \/>\n<meta property=\"og:url\" content=\"https:\/\/www.shami-shop.com\/de\/produkt\/shamisen-176-2\/\" \/>\n<meta property=\"og:site_name\" content=\"Shami-Shop\" \/>\n<meta property=\"article:publisher\" content=\"https:\/\/www.facebook.com\/weloveshamisen\/\" \/>\n<meta property=\"article:modified_time\" content=\"2023-04-30T23:00:42+00:00\" \/>\n<meta property=\"og:image\" content=\"https:\/\/www.shami-shop.com\/wp-content\/uploads\/2022\/03\/SH-176-dou-45.png\" \/>\n\t<meta property=\"og:image:width\" content=\"810\" \/>\n\t<meta property=\"og:image:height\" content=\"540\" \/>\n\t<meta property=\"og:image:type\" content=\"image\/png\" \/>\n<meta name=\"twitter:card\" content=\"summary_large_image\" \/>\n<meta name=\"twitter:label1\" content=\"Gesch\u00e4tzte Lesezeit\" \/>\n\t<meta name=\"twitter:data1\" content=\"3\u00a0Minuten\" \/>\n<script type=\"application\/ld+json\" class=\"yoast-schema-graph\">{\"@context\":\"https:\/\/schema.org\",\"@graph\":[{\"@type\":[\"WebPage\",\"ItemPage\"],\"@id\":\"https:\/\/www.shami-shop.com\/de\/produkt\/shamisen-176-2\/\",\"url\":\"https:\/\/www.shami-shop.com\/de\/produkt\/shamisen-176-2\/\",\"name\":\"Minyo Shamisen Set \\\"Shota\\\" - Shami-Shop\",\"isPartOf\":{\"@id\":\"https:\/\/www.shami-shop.com\/de\/#website\"},\"datePublished\":\"2022-03-29T20:44:00+00:00\",\"dateModified\":\"2023-04-30T23:00:42+00:00\",\"description\":\"Minyo Shamisen f\u00fcr Spieler mit gr\u00f6\u00dferen H\u00e4nden. Tanzao aus Tochi Karin Holz.\",\"breadcrumb\":{\"@id\":\"https:\/\/www.shami-shop.com\/de\/produkt\/shamisen-176-2\/#breadcrumb\"},\"inLanguage\":\"de\",\"potentialAction\":[{\"@type\":\"ReadAction\",\"target\":[\"https:\/\/www.shami-shop.com\/de\/produkt\/shamisen-176-2\/\"]}]},{\"@type\":\"BreadcrumbList\",\"@id\":\"https:\/\/www.shami-shop.com\/de\/produkt\/shamisen-176-2\/#breadcrumb\",\"itemListElement\":[{\"@type\":\"ListItem\",\"position\":1,\"name\":\"Startseite\",\"item\":\"https:\/\/www.shami-shop.com\/de\/\"},{\"@type\":\"ListItem\",\"position\":2,\"name\":\"Shop\",\"item\":\"https:\/\/www.shami-shop.com\/de\/shop\/\"},{\"@type\":\"ListItem\",\"position\":3,\"name\":\"Minyo Shamisen Set &#8220;Shota&#8221;\"}]},{\"@type\":\"WebSite\",\"@id\":\"https:\/\/www.shami-shop.com\/de\/#website\",\"url\":\"https:\/\/www.shami-shop.com\/de\/\",\"name\":\"Shami-Shop\",\"description\":\"Alles f\u00fcr den Shamisen-Spieler.\",\"publisher\":{\"@id\":\"https:\/\/www.shami-shop.com\/de\/#organization\"},\"potentialAction\":[{\"@type\":\"SearchAction\",\"target\":{\"@type\":\"EntryPoint\",\"urlTemplate\":\"https:\/\/www.shami-shop.com\/de\/?s={search_term_string}\"},\"query-input\":{\"@type\":\"PropertyValueSpecification\",\"valueRequired\":true,\"valueName\":\"search_term_string\"}}],\"inLanguage\":\"de\"},{\"@type\":\"Organization\",\"@id\":\"https:\/\/www.shami-shop.com\/de\/#organization\",\"name\":\"Shami-Shop\",\"url\":\"https:\/\/www.shami-shop.com\/de\/\",\"logo\":{\"@type\":\"ImageObject\",\"inLanguage\":\"de\",\"@id\":\"https:\/\/www.shami-shop.com\/de\/#\/schema\/logo\/image\/\",\"url\":\"https:\/\/shami-shop.com\/wp-content\/uploads\/2021\/01\/Shami-Shop-Logo-1080.png\",\"contentUrl\":\"https:\/\/shami-shop.com\/wp-content\/uploads\/2021\/01\/Shami-Shop-Logo-1080.png\",\"width\":1080,\"height\":1080,\"caption\":\"Shami-Shop\"},\"image\":{\"@id\":\"https:\/\/www.shami-shop.com\/de\/#\/schema\/logo\/image\/\"},\"sameAs\":[\"https:\/\/www.facebook.com\/weloveshamisen\/\",\"https:\/\/www.instagram.com\/shamishop.europe\/\"]}]}<\/script>\n<!-- \/ Yoast SEO plugin. -->","yoast_head_json":{"title":"Minyo Shamisen Set \"Shota\" - Shami-Shop","description":"Minyo Shamisen f\u00fcr Spieler mit gr\u00f6\u00dferen H\u00e4nden. Tanzao aus Tochi Karin Holz.","robots":{"index":"index","follow":"follow","max-snippet":"max-snippet:-1","max-image-preview":"max-image-preview:large","max-video-preview":"max-video-preview:-1"},"canonical":"https:\/\/www.shami-shop.com\/de\/produkt\/shamisen-176-2\/","og_locale":"de_DE","og_type":"article","og_title":"Minyo Shamisen Set \"Shota\" - Shami-Shop","og_description":"Minyo Shamisen f\u00fcr Spieler mit gr\u00f6\u00dferen H\u00e4nden. Tanzao aus Tochi Karin Holz.","og_url":"https:\/\/www.shami-shop.com\/de\/produkt\/shamisen-176-2\/","og_site_name":"Shami-Shop","article_publisher":"https:\/\/www.facebook.com\/weloveshamisen\/","article_modified_time":"2023-04-30T23:00:42+00:00","og_image":[{"width":810,"height":540,"url":"https:\/\/www.shami-shop.com\/wp-content\/uploads\/2022\/03\/SH-176-dou-45.png","type":"image\/png"}],"twitter_card":"summary_large_image","twitter_misc":{"Gesch\u00e4tzte Lesezeit":"3\u00a0Minuten"},"schema":{"@context":"https:\/\/schema.org","@graph":[{"@type":["WebPage","ItemPage"],"@id":"https:\/\/www.shami-shop.com\/de\/produkt\/shamisen-176-2\/","url":"https:\/\/www.shami-shop.com\/de\/produkt\/shamisen-176-2\/","name":"Minyo Shamisen Set \"Shota\" - Shami-Shop","isPartOf":{"@id":"https:\/\/www.shami-shop.com\/de\/#website"},"datePublished":"2022-03-29T20:44:00+00:00","dateModified":"2023-04-30T23:00:42+00:00","description":"Minyo Shamisen f\u00fcr Spieler mit gr\u00f6\u00dferen H\u00e4nden. Tanzao aus Tochi Karin Holz.","breadcrumb":{"@id":"https:\/\/www.shami-shop.com\/de\/produkt\/shamisen-176-2\/#breadcrumb"},"inLanguage":"de","potentialAction":[{"@type":"ReadAction","target":["https:\/\/www.shami-shop.com\/de\/produkt\/shamisen-176-2\/"]}]},{"@type":"BreadcrumbList","@id":"https:\/\/www.shami-shop.com\/de\/produkt\/shamisen-176-2\/#breadcrumb","itemListElement":[{"@type":"ListItem","position":1,"name":"Startseite","item":"https:\/\/www.shami-shop.com\/de\/"},{"@type":"ListItem","position":2,"name":"Shop","item":"https:\/\/www.shami-shop.com\/de\/shop\/"},{"@type":"ListItem","position":3,"name":"Minyo Shamisen Set &#8220;Shota&#8221;"}]},{"@type":"WebSite","@id":"https:\/\/www.shami-shop.com\/de\/#website","url":"https:\/\/www.shami-shop.com\/de\/","name":"Shami-Shop","description":"Alles f\u00fcr den Shamisen-Spieler.","publisher":{"@id":"https:\/\/www.shami-shop.com\/de\/#organization"},"potentialAction":[{"@type":"SearchAction","target":{"@type":"EntryPoint","urlTemplate":"https:\/\/www.shami-shop.com\/de\/?s={search_term_string}"},"query-input":{"@type":"PropertyValueSpecification","valueRequired":true,"valueName":"search_term_string"}}],"inLanguage":"de"},{"@type":"Organization","@id":"https:\/\/www.shami-shop.com\/de\/#organization","name":"Shami-Shop","url":"https:\/\/www.shami-shop.com\/de\/","logo":{"@type":"ImageObject","inLanguage":"de","@id":"https:\/\/www.shami-shop.com\/de\/#\/schema\/logo\/image\/","url":"https:\/\/shami-shop.com\/wp-content\/uploads\/2021\/01\/Shami-Shop-Logo-1080.png","contentUrl":"https:\/\/shami-shop.com\/wp-content\/uploads\/2021\/01\/Shami-Shop-Logo-1080.png","width":1080,"height":1080,"caption":"Shami-Shop"},"image":{"@id":"https:\/\/www.shami-shop.com\/de\/#\/schema\/logo\/image\/"},"sameAs":["https:\/\/www.facebook.com\/weloveshamisen\/","https:\/\/www.instagram.com\/shamishop.europe\/"]}]}},"jetpack_sharing_enabled":true,"_links":{"self":[{"href":"https:\/\/www.shami-shop.com\/de\/wp-json\/wp\/v2\/product\/16738","targetHints":{"allow":["GET"]}}],"collection":[{"href":"https:\/\/www.shami-shop.com\/de\/wp-json\/wp\/v2\/product"}],"about":[{"href":"https:\/\/www.shami-shop.com\/de\/wp-json\/wp\/v2\/types\/product"}],"wp:attachment":[{"href":"https:\/\/www.shami-shop.com\/de\/wp-json\/wp\/v2\/media?parent=16738"}],"wp:term":[{"taxonomy":"product_brand","embeddable":true,"href":"https:\/\/www.shami-shop.com\/de\/wp-json\/wp\/v2\/product_brand?post=16738"},{"taxonomy":"product_cat","embeddable":true,"href":"https:\/\/www.shami-shop.com\/de\/wp-json\/wp\/v2\/product_cat?post=16738"},{"taxonomy":"product_tag","embeddable":true,"href":"https:\/\/www.shami-shop.com\/de\/wp-json\/wp\/v2\/product_tag?post=16738"}],"curies":[{"name":"wp","href":"https:\/\/api.w.org\/{rel}","templated":true}]}}