{"id":16745,"date":"2022-04-04T18:32:46","date_gmt":"2022-04-04T17:32:46","guid":{"rendered":"https:\/\/www.shami-shop.com\/product\/tsugaru-shamisen-set-jun\/"},"modified":"2024-05-18T20:40:10","modified_gmt":"2024-05-18T19:40:10","slug":"tsugaru-shamisen-163","status":"publish","type":"product","link":"https:\/\/www.shami-shop.com\/de\/produkt\/tsugaru-shamisen-163\/","title":{"rendered":"Tsugaru Shamisen Set | Jun"},"content":{"rendered":"<p>Sind Sie bereit, die Seele von Tsugaru Shamisen Musik zu sich nach Hause zu holen? Diese Shamisen spielt sich wunderbar und ist nicht nur wundersch\u00f6n gearbeitet, sondern ist eine Freude f\u00fcr Augen und Ohren. Ich habe diese Shamisen &#8222;Jun&#8220; [<i><span class=\"trn\">\u6df3<\/span><\/i>] genannt &#8211; das bedeutet &#8222;rein&#8220; &#8211; weil sie die reine Essenz von Tsugaru Shamisen verk\u00f6rpert und einem den Zugang zu allen Nuancen dieses Musikstils erm\u00f6glicht.<\/p>\n<p>&nbsp;<\/p>\n<h5>Holz:<\/h5>\n<p>Diese Shamisen ist aus Koki-Holz gerabeitet- das traditionelle hochwertigste Hartholz in der Shamisen-Produktion und das begehrteste Holz in Japan.<\/p>\n<p>&nbsp;<\/p>\n<h5>Accessoires und H\u00e4ute:<\/h5>\n<p>Die Accessoires sind in klassischer Kombination zusammengestellt: Ein rotes Echtleder-Doukake mit einem goldenen Neo-Knoten. Machen Sie sich auf was gefasst! Wenn Sie ein bisschen mehr Glamour w\u00fcnschen, schauen Sie sich in der Zubeh\u00f6r-Abteilung hier im Shop um. Im Set enthalten ist au\u00dferdem ein Set aufgezogener Saiten, ein Bachigawa und ein Dougomu. Der Dou ist mit fantastisch straffen Naturh\u00e4uten bespannt. F\u00fcr den sicheren Transport wird der Korpus in einer Washi-H\u00fclle geliefert.<\/p>\n<p>&nbsp;<\/p>\n<h5>Hals:<\/h5>\n<p>Das Griffbrett ist 30,5 mm breit und 34,5 mm hoch\/dick an der schmalsten Stelle und verbreitert sich leicht in Richtung Korpus. Die <em>Hatomune<\/em> &#8211; der Teil , wo der Hals in den Korpus eintaucht &#8211; endet in einer scharfen Kante, die es erm\u00f6glicht, auf diesem Instrument bis zur Position 20 und dar\u00fcber hinaus zu spielen.<\/p>\n<p>&nbsp;<\/p>\n<h5>Itomaki:<\/h5>\n<p>Die <em>Itomaki<\/em> (Stimmwirbel) aus wei\u00dfem Acryl sind besonders aufwendig gearbeitet. Ein Itomaki wurde ersetzt und hat eine etwas andere Form. Der Unterschied ist subtil und beide Formen liegen besonders angenehm in der Hand.<\/p>\n<p>&nbsp;<\/p>\n<h5>Weiteres:<\/h5>\n<p data-pm-slice=\"1 1 []\">Der eingearbeitete <em>Azuma Sawari<\/em> erm\u00f6glicht die Anpassung des Surrens je nach Geschmack und Anlass. Man kann so das Surren komplett abstellen (f\u00fcr moderne St\u00fccke, Pop\/Rock\/Metal, oder bestimmte Ensemble-Zusammensetzungen) und au\u00dferdem ein perfektes Surren erzielen egal wie hoch oder tief man die Shamisen stimmt.<\/p>\n<p>Die <i>Tsukigata<\/i> (das halbmondf\u00f6rmige Ende des <em>Tenjin<\/em>) ist in perfektem Zustand. Der Hals ist im <em>Mitsuori<\/em> Stil gerabeitet: Er kann in drei Teile zerlegt werden. Die Verbindungen sind bei diesem Instrument in einfacher Ausfertigung gearbeitet gearbeitet. Dadurch, dass sich der Hals zerteilen l\u00e4sst, kann man mit diesem Instrument besonders bequem verreisen &#8211; selbst wenn man klein und leicht packen muss. Die Verbindungen sind aufw\u00e4ndig gearbeitet und erm\u00f6glichen so einen besonders langlebigen festen Sitz.<\/p>\n<p>&nbsp;<\/p>\n<p>Alles, was man zum losspielen noch ben\u00f6tigt, sind ein <a href=\"https:\/\/shami-shop.com\/product-categorie\/koma\/\" target=\"_blank\" rel=\"noopener\">Koma<\/a>, ein <a href=\"https:\/\/shami-shop.com\/product-categorie\/bachi\/\" target=\"_blank\" rel=\"noopener\">Bachi<\/a> und ein <a href=\"https:\/\/shami-shop.com\/product\/yubisuri\/\" target=\"_blank\" rel=\"noopener\">Yubisuri<\/a>. Yubisuri gibt es in verschiedenen Farben und Gr\u00f6\u00dfen. W\u00e4hlen Sie also frei nach Ihrem Belieben aus &#8211; etwas den Farben der Shamisen entspricht oder einen sch\u00f6nen Kontrast als Farbakzent. Im Shop finden Sie eine breite Auswahl verschiedener Koma und Bachi.<\/p>\n<p>Wenn Sie Hilfe bei der Auwahl der richtigen Komponenten ben\u00f6tigen, schicken Sie gerne eine Nachricht und wir stellen gemeinsam das perfekte Paket f\u00fcr Sie zusammen.<\/p>\n<p>Ein erster Vorgeschmack auf den vollen Klang dieses wunderbaren Instruments:<\/p>\n<p><iframe loading=\"lazy\" title=\"Shamisen Set | Jun\" width=\"1080\" height=\"608\" src=\"https:\/\/www.youtube.com\/embed\/QkOT5hZYGDE?feature=oembed\"  allow=\"accelerometer; autoplay; clipboard-write; encrypted-media; gyroscope; picture-in-picture\" allowfullscreen><\/iframe><\/p>\n","protected":false},"excerpt":{"rendered":"<ul>\n<li>Tsugaru Stil Futozao Shamisen\n<ul>\n<li>Griffbrett Breite: 30,5 mm<\/li>\n<li>Sao H\u00f6he: 34,5 mm<\/li>\n<\/ul>\n<\/li>\n<li>Koki-Holz<\/li>\n<li>bespannt mit Naturhaut<\/li>\n<\/ul>\n<p>Au\u00dferdem im Set enthalten:<\/p>\n<ul>\n<li>Neo<\/li>\n<li>Leder-Doukake<\/li>\n<li>Tenjin-Schutz<\/li>\n<li>Dougomu<\/li>\n<li>Saiten<\/li>\n<\/ul>\n","protected":false},"featured_media":13362,"template":"","meta":{"_et_pb_use_builder":"","_et_pb_old_content":"","_et_gb_content_width":""},"product_brand":[],"product_cat":[339,388,391,413],"product_tag":[],"class_list":{"0":"post-16745","1":"product","2":"type-product","3":"status-publish","4":"has-post-thumbnail","6":"product_cat-shamisen-de","7":"product_cat-futozao-de","8":"product_cat-tsugaru-de","9":"product_cat-tsugaru-stil","10":"product_shipping_class-5kg500-de","12":"first","13":"instock","14":"shipping-taxable","15":"purchasable","16":"product-type-simple"},"yoast_head":"<!-- This site is optimized with the Yoast SEO plugin v26.9 - https:\/\/yoast.com\/product\/yoast-seo-wordpress\/ -->\n<title>Tsugaru Shamisen Set | Jun - Shami-Shop<\/title>\n<meta name=\"description\" content=\"Futozao Shamisen f\u00fcr Tsugaru Shamisen Stil kaufen. Mit Naturh\u00e4uten bespannt. Lieferung direkt aus Berlin.\" \/>\n<meta name=\"robots\" content=\"index, follow, max-snippet:-1, max-image-preview:large, max-video-preview:-1\" \/>\n<link rel=\"canonical\" href=\"https:\/\/www.shami-shop.com\/de\/produkt\/tsugaru-shamisen-163\/\" \/>\n<meta property=\"og:locale\" content=\"de_DE\" \/>\n<meta property=\"og:type\" content=\"article\" \/>\n<meta property=\"og:title\" content=\"Tsugaru Shamisen Set | Jun - Shami-Shop\" \/>\n<meta property=\"og:description\" content=\"Futozao Shamisen f\u00fcr Tsugaru Shamisen Stil kaufen. Mit Naturh\u00e4uten bespannt. Lieferung direkt aus Berlin.\" \/>\n<meta property=\"og:url\" content=\"https:\/\/www.shami-shop.com\/de\/produkt\/tsugaru-shamisen-163\/\" \/>\n<meta property=\"og:site_name\" content=\"Shami-Shop\" \/>\n<meta property=\"article:publisher\" content=\"https:\/\/www.facebook.com\/weloveshamisen\/\" \/>\n<meta property=\"article:modified_time\" content=\"2024-05-18T19:40:10+00:00\" \/>\n<meta property=\"og:image\" content=\"https:\/\/www.shami-shop.com\/wp-content\/uploads\/2021\/09\/SH-163-dou45.png\" \/>\n\t<meta property=\"og:image:width\" content=\"1080\" \/>\n\t<meta property=\"og:image:height\" content=\"720\" \/>\n\t<meta property=\"og:image:type\" content=\"image\/png\" \/>\n<meta name=\"twitter:card\" content=\"summary_large_image\" \/>\n<meta name=\"twitter:label1\" content=\"Gesch\u00e4tzte Lesezeit\" \/>\n\t<meta name=\"twitter:data1\" content=\"2\u00a0Minuten\" \/>\n<script type=\"application\/ld+json\" class=\"yoast-schema-graph\">{\"@context\":\"https:\/\/schema.org\",\"@graph\":[{\"@type\":[\"WebPage\",\"ItemPage\"],\"@id\":\"https:\/\/www.shami-shop.com\/de\/produkt\/tsugaru-shamisen-163\/\",\"url\":\"https:\/\/www.shami-shop.com\/de\/produkt\/tsugaru-shamisen-163\/\",\"name\":\"Tsugaru Shamisen Set | Jun - Shami-Shop\",\"isPartOf\":{\"@id\":\"https:\/\/www.shami-shop.com\/de\/#website\"},\"primaryImageOfPage\":{\"@id\":\"https:\/\/www.shami-shop.com\/de\/produkt\/tsugaru-shamisen-163\/#primaryimage\"},\"image\":{\"@id\":\"https:\/\/www.shami-shop.com\/de\/produkt\/tsugaru-shamisen-163\/#primaryimage\"},\"thumbnailUrl\":\"https:\/\/www.shami-shop.com\/wp-content\/uploads\/2021\/09\/SH-163-dou45.png\",\"datePublished\":\"2022-04-04T17:32:46+00:00\",\"dateModified\":\"2024-05-18T19:40:10+00:00\",\"description\":\"Futozao Shamisen f\u00fcr Tsugaru Shamisen Stil kaufen. Mit Naturh\u00e4uten bespannt. Lieferung direkt aus Berlin.\",\"breadcrumb\":{\"@id\":\"https:\/\/www.shami-shop.com\/de\/produkt\/tsugaru-shamisen-163\/#breadcrumb\"},\"inLanguage\":\"de\",\"potentialAction\":[{\"@type\":\"ReadAction\",\"target\":[\"https:\/\/www.shami-shop.com\/de\/produkt\/tsugaru-shamisen-163\/\"]}]},{\"@type\":\"ImageObject\",\"inLanguage\":\"de\",\"@id\":\"https:\/\/www.shami-shop.com\/de\/produkt\/tsugaru-shamisen-163\/#primaryimage\",\"url\":\"https:\/\/www.shami-shop.com\/wp-content\/uploads\/2021\/09\/SH-163-dou45.png\",\"contentUrl\":\"https:\/\/www.shami-shop.com\/wp-content\/uploads\/2021\/09\/SH-163-dou45.png\",\"width\":1080,\"height\":720},{\"@type\":\"BreadcrumbList\",\"@id\":\"https:\/\/www.shami-shop.com\/de\/produkt\/tsugaru-shamisen-163\/#breadcrumb\",\"itemListElement\":[{\"@type\":\"ListItem\",\"position\":1,\"name\":\"Startseite\",\"item\":\"https:\/\/www.shami-shop.com\/de\/\"},{\"@type\":\"ListItem\",\"position\":2,\"name\":\"Shop\",\"item\":\"https:\/\/www.shami-shop.com\/de\/shop\/\"},{\"@type\":\"ListItem\",\"position\":3,\"name\":\"Tsugaru Shamisen Set | Jun\"}]},{\"@type\":\"WebSite\",\"@id\":\"https:\/\/www.shami-shop.com\/de\/#website\",\"url\":\"https:\/\/www.shami-shop.com\/de\/\",\"name\":\"Shami-Shop\",\"description\":\"Alles f\u00fcr den Shamisen-Spieler.\",\"publisher\":{\"@id\":\"https:\/\/www.shami-shop.com\/de\/#organization\"},\"potentialAction\":[{\"@type\":\"SearchAction\",\"target\":{\"@type\":\"EntryPoint\",\"urlTemplate\":\"https:\/\/www.shami-shop.com\/de\/?s={search_term_string}\"},\"query-input\":{\"@type\":\"PropertyValueSpecification\",\"valueRequired\":true,\"valueName\":\"search_term_string\"}}],\"inLanguage\":\"de\"},{\"@type\":\"Organization\",\"@id\":\"https:\/\/www.shami-shop.com\/de\/#organization\",\"name\":\"Shami-Shop\",\"url\":\"https:\/\/www.shami-shop.com\/de\/\",\"logo\":{\"@type\":\"ImageObject\",\"inLanguage\":\"de\",\"@id\":\"https:\/\/www.shami-shop.com\/de\/#\/schema\/logo\/image\/\",\"url\":\"https:\/\/shami-shop.com\/wp-content\/uploads\/2021\/01\/Shami-Shop-Logo-1080.png\",\"contentUrl\":\"https:\/\/shami-shop.com\/wp-content\/uploads\/2021\/01\/Shami-Shop-Logo-1080.png\",\"width\":1080,\"height\":1080,\"caption\":\"Shami-Shop\"},\"image\":{\"@id\":\"https:\/\/www.shami-shop.com\/de\/#\/schema\/logo\/image\/\"},\"sameAs\":[\"https:\/\/www.facebook.com\/weloveshamisen\/\",\"https:\/\/www.instagram.com\/shamishop.europe\/\"]}]}<\/script>\n<!-- \/ Yoast SEO plugin. -->","yoast_head_json":{"title":"Tsugaru Shamisen Set | Jun - Shami-Shop","description":"Futozao Shamisen f\u00fcr Tsugaru Shamisen Stil kaufen. Mit Naturh\u00e4uten bespannt. Lieferung direkt aus Berlin.","robots":{"index":"index","follow":"follow","max-snippet":"max-snippet:-1","max-image-preview":"max-image-preview:large","max-video-preview":"max-video-preview:-1"},"canonical":"https:\/\/www.shami-shop.com\/de\/produkt\/tsugaru-shamisen-163\/","og_locale":"de_DE","og_type":"article","og_title":"Tsugaru Shamisen Set | Jun - Shami-Shop","og_description":"Futozao Shamisen f\u00fcr Tsugaru Shamisen Stil kaufen. Mit Naturh\u00e4uten bespannt. Lieferung direkt aus Berlin.","og_url":"https:\/\/www.shami-shop.com\/de\/produkt\/tsugaru-shamisen-163\/","og_site_name":"Shami-Shop","article_publisher":"https:\/\/www.facebook.com\/weloveshamisen\/","article_modified_time":"2024-05-18T19:40:10+00:00","og_image":[{"width":1080,"height":720,"url":"https:\/\/www.shami-shop.com\/wp-content\/uploads\/2021\/09\/SH-163-dou45.png","type":"image\/png"}],"twitter_card":"summary_large_image","twitter_misc":{"Gesch\u00e4tzte Lesezeit":"2\u00a0Minuten"},"schema":{"@context":"https:\/\/schema.org","@graph":[{"@type":["WebPage","ItemPage"],"@id":"https:\/\/www.shami-shop.com\/de\/produkt\/tsugaru-shamisen-163\/","url":"https:\/\/www.shami-shop.com\/de\/produkt\/tsugaru-shamisen-163\/","name":"Tsugaru Shamisen Set | Jun - Shami-Shop","isPartOf":{"@id":"https:\/\/www.shami-shop.com\/de\/#website"},"primaryImageOfPage":{"@id":"https:\/\/www.shami-shop.com\/de\/produkt\/tsugaru-shamisen-163\/#primaryimage"},"image":{"@id":"https:\/\/www.shami-shop.com\/de\/produkt\/tsugaru-shamisen-163\/#primaryimage"},"thumbnailUrl":"https:\/\/www.shami-shop.com\/wp-content\/uploads\/2021\/09\/SH-163-dou45.png","datePublished":"2022-04-04T17:32:46+00:00","dateModified":"2024-05-18T19:40:10+00:00","description":"Futozao Shamisen f\u00fcr Tsugaru Shamisen Stil kaufen. Mit Naturh\u00e4uten bespannt. Lieferung direkt aus Berlin.","breadcrumb":{"@id":"https:\/\/www.shami-shop.com\/de\/produkt\/tsugaru-shamisen-163\/#breadcrumb"},"inLanguage":"de","potentialAction":[{"@type":"ReadAction","target":["https:\/\/www.shami-shop.com\/de\/produkt\/tsugaru-shamisen-163\/"]}]},{"@type":"ImageObject","inLanguage":"de","@id":"https:\/\/www.shami-shop.com\/de\/produkt\/tsugaru-shamisen-163\/#primaryimage","url":"https:\/\/www.shami-shop.com\/wp-content\/uploads\/2021\/09\/SH-163-dou45.png","contentUrl":"https:\/\/www.shami-shop.com\/wp-content\/uploads\/2021\/09\/SH-163-dou45.png","width":1080,"height":720},{"@type":"BreadcrumbList","@id":"https:\/\/www.shami-shop.com\/de\/produkt\/tsugaru-shamisen-163\/#breadcrumb","itemListElement":[{"@type":"ListItem","position":1,"name":"Startseite","item":"https:\/\/www.shami-shop.com\/de\/"},{"@type":"ListItem","position":2,"name":"Shop","item":"https:\/\/www.shami-shop.com\/de\/shop\/"},{"@type":"ListItem","position":3,"name":"Tsugaru Shamisen Set | Jun"}]},{"@type":"WebSite","@id":"https:\/\/www.shami-shop.com\/de\/#website","url":"https:\/\/www.shami-shop.com\/de\/","name":"Shami-Shop","description":"Alles f\u00fcr den Shamisen-Spieler.","publisher":{"@id":"https:\/\/www.shami-shop.com\/de\/#organization"},"potentialAction":[{"@type":"SearchAction","target":{"@type":"EntryPoint","urlTemplate":"https:\/\/www.shami-shop.com\/de\/?s={search_term_string}"},"query-input":{"@type":"PropertyValueSpecification","valueRequired":true,"valueName":"search_term_string"}}],"inLanguage":"de"},{"@type":"Organization","@id":"https:\/\/www.shami-shop.com\/de\/#organization","name":"Shami-Shop","url":"https:\/\/www.shami-shop.com\/de\/","logo":{"@type":"ImageObject","inLanguage":"de","@id":"https:\/\/www.shami-shop.com\/de\/#\/schema\/logo\/image\/","url":"https:\/\/shami-shop.com\/wp-content\/uploads\/2021\/01\/Shami-Shop-Logo-1080.png","contentUrl":"https:\/\/shami-shop.com\/wp-content\/uploads\/2021\/01\/Shami-Shop-Logo-1080.png","width":1080,"height":1080,"caption":"Shami-Shop"},"image":{"@id":"https:\/\/www.shami-shop.com\/de\/#\/schema\/logo\/image\/"},"sameAs":["https:\/\/www.facebook.com\/weloveshamisen\/","https:\/\/www.instagram.com\/shamishop.europe\/"]}]}},"jetpack_sharing_enabled":true,"_links":{"self":[{"href":"https:\/\/www.shami-shop.com\/de\/wp-json\/wp\/v2\/product\/16745","targetHints":{"allow":["GET"]}}],"collection":[{"href":"https:\/\/www.shami-shop.com\/de\/wp-json\/wp\/v2\/product"}],"about":[{"href":"https:\/\/www.shami-shop.com\/de\/wp-json\/wp\/v2\/types\/product"}],"wp:featuredmedia":[{"embeddable":true,"href":"https:\/\/www.shami-shop.com\/de\/wp-json\/wp\/v2\/media\/13362"}],"wp:attachment":[{"href":"https:\/\/www.shami-shop.com\/de\/wp-json\/wp\/v2\/media?parent=16745"}],"wp:term":[{"taxonomy":"product_brand","embeddable":true,"href":"https:\/\/www.shami-shop.com\/de\/wp-json\/wp\/v2\/product_brand?post=16745"},{"taxonomy":"product_cat","embeddable":true,"href":"https:\/\/www.shami-shop.com\/de\/wp-json\/wp\/v2\/product_cat?post=16745"},{"taxonomy":"product_tag","embeddable":true,"href":"https:\/\/www.shami-shop.com\/de\/wp-json\/wp\/v2\/product_tag?post=16745"}],"curies":[{"name":"wp","href":"https:\/\/api.w.org\/{rel}","templated":true}]}}