{"id":17069,"date":"2022-04-06T15:26:21","date_gmt":"2022-04-06T14:36:47","guid":{"rendered":"https:\/\/www.shami-shop.com\/product\/hosozao-shamisen-set-chinami\/"},"modified":"2022-08-11T19:41:00","modified_gmt":"2022-08-11T18:41:00","slug":"hosozao-shamisen-masaki","status":"publish","type":"product","link":"https:\/\/www.shami-shop.com\/de\/produkt\/hosozao-shamisen-masaki\/","title":{"rendered":"Hosozao Shamisen Super Set \u201cMasaki\u201d"},"content":{"rendered":"<p>Masaki ist eine exzellente Wahl als Anf\u00e4nger-Shamisen mit einem Klang, der einen die Musik noch mehr lieben l\u00e4sst. Ich kann nicht sagen, was genau es ausmacht, aber der Klang dieses Instrument hat mich direkt beeindruckt als ich es das erste Mal angespielt habe. Und die schokoladige Holzmaserung!<\/p>\n<p>Masaki ist mit einem Haufen Extras ausgestattet: ein angebrachter Positionsmarker (Fujaku Strip), eine angeklebte Anti-Rutsch-Matte (Dougomu), ein angebrachter Hautschutz (Bachigawa) zus\u00e4tzlich zu den \u00fcbrigen Standard-Accessoires. Das ist definitiv das <strong>umfangreichste <\/strong><strong>Set<\/strong>, das ich anbiete. Damit ist man<strong> direkt spielbereit<\/strong>, sobald die passende Br\u00fccke (Koma), ein Plektrum (Bachi) und der Fingerschutz (Yubisuri) auserkoren wurden.<\/p>\n<p>Diese Bauweise von Shamisen (Hosozao) wird \u00fcblicherweise f\u00fcr Nagauta Stil gebraucht. Weil im Herstellungsprozess weniger Holz ben\u00f6tigt wird, ist diese Bauweise preisg\u00fcnstiger als andere und nicht zuletzt deswegen besonders beliebt unter Leuten, die gerade mit dem Shamisen Spielen anfangen.<\/p>\n<p>Das Instrument ist aus Karin-Holz gemacht &#8211; die Standard-Wahl f\u00fcr Sch\u00fcler- und Anf\u00e4ngerinstrumente. Das Instrument ist ausgestattet mit einem kr\u00e4ftig orangenen Doukake mit stilisierten Chrysanthemen und einem klassischen violetten Neo. Im Set enthalten sind au\u00dferdem aufgezogene Saiten und ein Tenjin-Schutzk\u00e4ppchen. Zus\u00e4tzlich dazu habe ich ein Bachigawa, einen Fujaku Strip und ein Dougomu angebracht. Der Korpus ist frisch bespannt mit Naturh\u00e4uten und gibt dem Instrument einen wirklich sch\u00f6nen Klang. Es<\/p>\n<p data-pm-slice=\"1 1 []\">Deer Hals ist 25 mm breit und 27 mm hoch\/dick an der schmalsten Stelle und verbreitert sich leicht in Richtung Dou. Der Hals endet in einer elegant geschwungenen <em>Hatomune<\/em> \u2013 das ist der \u00dcbergang zwischen Griffbrett und Dou an der Stelle, wo der Hals in den Korpus eintaucht. Dieses Design ist typisch f\u00fcr Hosozao Shamisen, die mit Nagauta Stil verbunden werden. Auf dieser Art von Hals kann man bis zur Position 19 spielen. Das Griffbrett ist frisch abgezogen und die Verbindungen haben einen guten Sitz.<\/p>\n<p>Die <i>Tsukigata<\/i> (das halbmondf\u00f6rmige Ende des <em>Tenjin<\/em>) ist in perfektem Zustand. Der Hals ist im <em>Mitsuori<\/em> Stil gerabeitet: Er kann in drei Teile zerlegt werden. Die Verbindungen sind bei diesem Instrument in einfacher Ausfertigung gearbeitet gearbeitet. Reisen ist mit diesem Instrument deshalb auch bei leichtem Gep\u00e4ck besonders einfach und komfortabel. Die Verbindungen sitzen fantastisch fest. Das hier ist ein wirklich robustes Instrument!<\/p>\n<p>Die <em>Itomaki<\/em> (Wirbel) sind aus Ebenholz gearbeitet und in einer traditionellen Art geschnitzt, sodass sie sich trotz ihrer schmalen Form leicht greifen lassen.<\/p>\n<p>Wenn Sie noch Fragen haben, schicken Sie gerne eine Nachricht per E-Mail!<\/p>\n<p>Alles, was Sie zum losspielen noch ben\u00f6tigen, sind ein <a href=\"https:\/\/shami-shop.com\/product-categorie\/koma\/\" target=\"_blank\" rel=\"noopener\">Koma<\/a>, ein <a href=\"https:\/\/shami-shop.com\/product-categorie\/bachi\/\" target=\"_blank\" rel=\"noopener\">Bachi<\/a> und ein <a href=\"https:\/\/shami-shop.com\/product\/yubisuri\/\" target=\"_blank\" rel=\"noopener\">Yubisuri<\/a>. W\u00e4hlen Sie Koma und Bachi je nach dem Stil, den Sie spielen m\u00f6chten und Ihren pers\u00f6nlichen Vorlieben. Yubisuri gibt es in verschiedenen Gr\u00f6\u00dfen und Farben. Der Qual der Wahl wollte ich Sie hier nicht berauben.<\/p>\n<p>Wenn Sie Hilfe bei der Auwahl der richtigen Komponenten ben\u00f6tigen, schicken Sie gerne eine Nachricht und wir stellen gemeinsam das perfekte Paket f\u00fcr Sie zusammen.<\/p>\n","protected":false},"excerpt":{"rendered":"<ul>\n<li>Hosozao Shamisen (Sao Breite: 25 mm, H\u00f6he: 27 mm)<\/li>\n<li>Karin-Holz<\/li>\n<li>frische Naturh\u00e4ute<\/li>\n<\/ul>\n<p>au\u00dferdem im Set enthalten:<\/p>\n<ul>\n<li>Neo<\/li>\n<li>Doukake<\/li>\n<li>Saiten<\/li>\n<li>Fujaku Strip<\/li>\n<li>Bachigawa<\/li>\n<li>Dougomu<\/li>\n<li>Tenjin-Schutz<\/li>\n<\/ul>\n","protected":false},"featured_media":0,"template":"","meta":{"_et_pb_use_builder":"","_et_pb_old_content":"","_et_gb_content_width":""},"product_brand":[],"product_cat":[339,389,392,403,412],"product_tag":[],"class_list":{"0":"post-17069","1":"product","2":"type-product","3":"status-publish","5":"product_cat-shamisen-de","6":"product_cat-hosozao-de","7":"product_cat-nagauta-sh-de","8":"product_cat-nagauta-stil","9":"product_cat-kouta-stil","10":"product_shipping_class-5kg-de","12":"first","13":"outofstock","14":"shipping-taxable","15":"purchasable","16":"product-type-simple"},"yoast_head":"<!-- This site is optimized with the Yoast SEO plugin v26.9 - https:\/\/yoast.com\/product\/yoast-seo-wordpress\/ -->\n<title>Hosozao Shamisen Super Set \u201cMasaki\u201d - Shami-Shop<\/title>\n<meta name=\"robots\" content=\"index, follow, max-snippet:-1, max-image-preview:large, max-video-preview:-1\" \/>\n<link rel=\"canonical\" href=\"https:\/\/www.shami-shop.com\/de\/produkt\/hosozao-shamisen-masaki\/\" \/>\n<meta property=\"og:locale\" content=\"de_DE\" \/>\n<meta property=\"og:type\" content=\"article\" \/>\n<meta property=\"og:title\" content=\"Hosozao Shamisen Super Set \u201cMasaki\u201d - Shami-Shop\" \/>\n<meta property=\"og:description\" content=\"Hosozao Shamisen (Sao Breite: 25 mm, H\u00f6he: 27 mm)  Karin-Holz  frische Naturh\u00e4ute au\u00dferdem im Set enthalten:  Neo  Doukake  Saiten  Fujaku Strip  Bachigawa  Dougomu  Tenjin-Schutz\" \/>\n<meta property=\"og:url\" content=\"https:\/\/www.shami-shop.com\/de\/produkt\/hosozao-shamisen-masaki\/\" \/>\n<meta property=\"og:site_name\" content=\"Shami-Shop\" \/>\n<meta property=\"article:publisher\" content=\"https:\/\/www.facebook.com\/weloveshamisen\/\" \/>\n<meta property=\"article:modified_time\" content=\"2022-08-11T18:41:00+00:00\" \/>\n<meta property=\"og:image\" content=\"https:\/\/www.shami-shop.com\/wp-content\/uploads\/2022\/05\/SH-198-dou-45-shami-shop.png\" \/>\n\t<meta property=\"og:image:width\" content=\"810\" \/>\n\t<meta property=\"og:image:height\" content=\"540\" \/>\n\t<meta property=\"og:image:type\" content=\"image\/png\" \/>\n<meta name=\"twitter:card\" content=\"summary_large_image\" \/>\n<meta name=\"twitter:label1\" content=\"Gesch\u00e4tzte Lesezeit\" \/>\n\t<meta name=\"twitter:data1\" content=\"2\u00a0Minuten\" \/>\n<script type=\"application\/ld+json\" class=\"yoast-schema-graph\">{\"@context\":\"https:\/\/schema.org\",\"@graph\":[{\"@type\":[\"WebPage\",\"ItemPage\"],\"@id\":\"https:\/\/www.shami-shop.com\/de\/produkt\/hosozao-shamisen-masaki\/\",\"url\":\"https:\/\/www.shami-shop.com\/de\/produkt\/hosozao-shamisen-masaki\/\",\"name\":\"Hosozao Shamisen Super Set \u201cMasaki\u201d - Shami-Shop\",\"isPartOf\":{\"@id\":\"https:\/\/www.shami-shop.com\/de\/#website\"},\"datePublished\":\"2022-04-06T14:36:47+00:00\",\"dateModified\":\"2022-08-11T18:41:00+00:00\",\"breadcrumb\":{\"@id\":\"https:\/\/www.shami-shop.com\/de\/produkt\/hosozao-shamisen-masaki\/#breadcrumb\"},\"inLanguage\":\"de\",\"potentialAction\":[{\"@type\":\"ReadAction\",\"target\":[\"https:\/\/www.shami-shop.com\/de\/produkt\/hosozao-shamisen-masaki\/\"]}]},{\"@type\":\"BreadcrumbList\",\"@id\":\"https:\/\/www.shami-shop.com\/de\/produkt\/hosozao-shamisen-masaki\/#breadcrumb\",\"itemListElement\":[{\"@type\":\"ListItem\",\"position\":1,\"name\":\"Startseite\",\"item\":\"https:\/\/www.shami-shop.com\/de\/\"},{\"@type\":\"ListItem\",\"position\":2,\"name\":\"Shop\",\"item\":\"https:\/\/www.shami-shop.com\/de\/shop\/\"},{\"@type\":\"ListItem\",\"position\":3,\"name\":\"Hosozao Shamisen Super Set \u201cMasaki\u201d\"}]},{\"@type\":\"WebSite\",\"@id\":\"https:\/\/www.shami-shop.com\/de\/#website\",\"url\":\"https:\/\/www.shami-shop.com\/de\/\",\"name\":\"Shami-Shop\",\"description\":\"Alles f\u00fcr den Shamisen-Spieler.\",\"publisher\":{\"@id\":\"https:\/\/www.shami-shop.com\/de\/#organization\"},\"potentialAction\":[{\"@type\":\"SearchAction\",\"target\":{\"@type\":\"EntryPoint\",\"urlTemplate\":\"https:\/\/www.shami-shop.com\/de\/?s={search_term_string}\"},\"query-input\":{\"@type\":\"PropertyValueSpecification\",\"valueRequired\":true,\"valueName\":\"search_term_string\"}}],\"inLanguage\":\"de\"},{\"@type\":\"Organization\",\"@id\":\"https:\/\/www.shami-shop.com\/de\/#organization\",\"name\":\"Shami-Shop\",\"url\":\"https:\/\/www.shami-shop.com\/de\/\",\"logo\":{\"@type\":\"ImageObject\",\"inLanguage\":\"de\",\"@id\":\"https:\/\/www.shami-shop.com\/de\/#\/schema\/logo\/image\/\",\"url\":\"https:\/\/shami-shop.com\/wp-content\/uploads\/2021\/01\/Shami-Shop-Logo-1080.png\",\"contentUrl\":\"https:\/\/shami-shop.com\/wp-content\/uploads\/2021\/01\/Shami-Shop-Logo-1080.png\",\"width\":1080,\"height\":1080,\"caption\":\"Shami-Shop\"},\"image\":{\"@id\":\"https:\/\/www.shami-shop.com\/de\/#\/schema\/logo\/image\/\"},\"sameAs\":[\"https:\/\/www.facebook.com\/weloveshamisen\/\",\"https:\/\/www.instagram.com\/shamishop.europe\/\"]}]}<\/script>\n<!-- \/ Yoast SEO plugin. -->","yoast_head_json":{"title":"Hosozao Shamisen Super Set \u201cMasaki\u201d - Shami-Shop","robots":{"index":"index","follow":"follow","max-snippet":"max-snippet:-1","max-image-preview":"max-image-preview:large","max-video-preview":"max-video-preview:-1"},"canonical":"https:\/\/www.shami-shop.com\/de\/produkt\/hosozao-shamisen-masaki\/","og_locale":"de_DE","og_type":"article","og_title":"Hosozao Shamisen Super Set \u201cMasaki\u201d - Shami-Shop","og_description":"Hosozao Shamisen (Sao Breite: 25 mm, H\u00f6he: 27 mm)  Karin-Holz  frische Naturh\u00e4ute au\u00dferdem im Set enthalten:  Neo  Doukake  Saiten  Fujaku Strip  Bachigawa  Dougomu  Tenjin-Schutz","og_url":"https:\/\/www.shami-shop.com\/de\/produkt\/hosozao-shamisen-masaki\/","og_site_name":"Shami-Shop","article_publisher":"https:\/\/www.facebook.com\/weloveshamisen\/","article_modified_time":"2022-08-11T18:41:00+00:00","og_image":[{"width":810,"height":540,"url":"https:\/\/www.shami-shop.com\/wp-content\/uploads\/2022\/05\/SH-198-dou-45-shami-shop.png","type":"image\/png"}],"twitter_card":"summary_large_image","twitter_misc":{"Gesch\u00e4tzte Lesezeit":"2\u00a0Minuten"},"schema":{"@context":"https:\/\/schema.org","@graph":[{"@type":["WebPage","ItemPage"],"@id":"https:\/\/www.shami-shop.com\/de\/produkt\/hosozao-shamisen-masaki\/","url":"https:\/\/www.shami-shop.com\/de\/produkt\/hosozao-shamisen-masaki\/","name":"Hosozao Shamisen Super Set \u201cMasaki\u201d - Shami-Shop","isPartOf":{"@id":"https:\/\/www.shami-shop.com\/de\/#website"},"datePublished":"2022-04-06T14:36:47+00:00","dateModified":"2022-08-11T18:41:00+00:00","breadcrumb":{"@id":"https:\/\/www.shami-shop.com\/de\/produkt\/hosozao-shamisen-masaki\/#breadcrumb"},"inLanguage":"de","potentialAction":[{"@type":"ReadAction","target":["https:\/\/www.shami-shop.com\/de\/produkt\/hosozao-shamisen-masaki\/"]}]},{"@type":"BreadcrumbList","@id":"https:\/\/www.shami-shop.com\/de\/produkt\/hosozao-shamisen-masaki\/#breadcrumb","itemListElement":[{"@type":"ListItem","position":1,"name":"Startseite","item":"https:\/\/www.shami-shop.com\/de\/"},{"@type":"ListItem","position":2,"name":"Shop","item":"https:\/\/www.shami-shop.com\/de\/shop\/"},{"@type":"ListItem","position":3,"name":"Hosozao Shamisen Super Set \u201cMasaki\u201d"}]},{"@type":"WebSite","@id":"https:\/\/www.shami-shop.com\/de\/#website","url":"https:\/\/www.shami-shop.com\/de\/","name":"Shami-Shop","description":"Alles f\u00fcr den Shamisen-Spieler.","publisher":{"@id":"https:\/\/www.shami-shop.com\/de\/#organization"},"potentialAction":[{"@type":"SearchAction","target":{"@type":"EntryPoint","urlTemplate":"https:\/\/www.shami-shop.com\/de\/?s={search_term_string}"},"query-input":{"@type":"PropertyValueSpecification","valueRequired":true,"valueName":"search_term_string"}}],"inLanguage":"de"},{"@type":"Organization","@id":"https:\/\/www.shami-shop.com\/de\/#organization","name":"Shami-Shop","url":"https:\/\/www.shami-shop.com\/de\/","logo":{"@type":"ImageObject","inLanguage":"de","@id":"https:\/\/www.shami-shop.com\/de\/#\/schema\/logo\/image\/","url":"https:\/\/shami-shop.com\/wp-content\/uploads\/2021\/01\/Shami-Shop-Logo-1080.png","contentUrl":"https:\/\/shami-shop.com\/wp-content\/uploads\/2021\/01\/Shami-Shop-Logo-1080.png","width":1080,"height":1080,"caption":"Shami-Shop"},"image":{"@id":"https:\/\/www.shami-shop.com\/de\/#\/schema\/logo\/image\/"},"sameAs":["https:\/\/www.facebook.com\/weloveshamisen\/","https:\/\/www.instagram.com\/shamishop.europe\/"]}]}},"jetpack_sharing_enabled":true,"_links":{"self":[{"href":"https:\/\/www.shami-shop.com\/de\/wp-json\/wp\/v2\/product\/17069","targetHints":{"allow":["GET"]}}],"collection":[{"href":"https:\/\/www.shami-shop.com\/de\/wp-json\/wp\/v2\/product"}],"about":[{"href":"https:\/\/www.shami-shop.com\/de\/wp-json\/wp\/v2\/types\/product"}],"wp:attachment":[{"href":"https:\/\/www.shami-shop.com\/de\/wp-json\/wp\/v2\/media?parent=17069"}],"wp:term":[{"taxonomy":"product_brand","embeddable":true,"href":"https:\/\/www.shami-shop.com\/de\/wp-json\/wp\/v2\/product_brand?post=17069"},{"taxonomy":"product_cat","embeddable":true,"href":"https:\/\/www.shami-shop.com\/de\/wp-json\/wp\/v2\/product_cat?post=17069"},{"taxonomy":"product_tag","embeddable":true,"href":"https:\/\/www.shami-shop.com\/de\/wp-json\/wp\/v2\/product_tag?post=17069"}],"curies":[{"name":"wp","href":"https:\/\/api.w.org\/{rel}","templated":true}]}}