{"id":17213,"date":"2022-04-06T18:40:09","date_gmt":"2022-04-06T17:48:29","guid":{"rendered":"https:\/\/www.shami-shop.com\/product\/tsugaru-shamisen-set-ichigo\/"},"modified":"2022-10-15T01:52:56","modified_gmt":"2022-10-15T00:52:56","slug":"tsugaru-ichigo-2","status":"publish","type":"product","link":"https:\/\/www.shami-shop.com\/de\/produkt\/tsugaru-ichigo-2\/","title":{"rendered":"Tsugaru Shamisen Set &#8222;Ichigo&#8220;"},"content":{"rendered":"<p>Ichigo klingt so frisch und s\u00fc\u00df wie ein sch\u00f6ner Sommermorgen! Diese Anf\u00e4nger-Futozao-Shamisen (breiter Hals) spielt sich ganz wunderbar. Ich bin ein gro\u00dfer Fan vom Klang &#8211; voll, kr\u00e4ftig und ausgewogen. Eine wirklich sehr solide Wahl, wenn Sie gerade mit Tsugaru Stil beginnen und auf der Suche nach dem authentischen Gef\u00fchl und Klang von Tsugaru Shamisen sind.<\/p>\n<p>Das Instrument ist aus Karin-Holz gemacht &#8211; die Standard-Wahl f\u00fcr Sch\u00fcler- und Anf\u00e4ngerinstrumente. Das Instrument ist mit einem gr\u00fcnen Leder-Doukake und einem sch\u00f6nen roten Neo ausgestattet &#8211; daher der Name. Im Set enthalten sind au\u00dferdem ein Set aufgezogener Saiten, ein Tenjin-K\u00e4ppchen, ein Dougomu und ein Bachigawa (Hautschutz). Der Dou ist auf der Vorderseite mit Naturhaut bespannt und hat eine R\u00fcckwand aus Holz &#8211; die l\u00e4sst sich auch wieder durch Naturhaut austauschen, aber diese Variante klingt wie sehr straffe Haut, ist dabei aber viel robuster und langlebiger. Das Holz ist in perfektem Zustand und motiviert mit seinem Strahlen jeden Tag zum Spielen!<\/p>\n<p>Der Hals ist 29 mm breit und 31 mm hoch\/dick an der schmalsten Stelle und verbreitert sich leicht in Richtung Korpus. Diese Halsbreite ist mein pers\u00f6nlicher Favorit, weil ich keine sehr gro\u00dfen H\u00e4nde habe. Tats\u00e4chlich ist das eine wunderbare Gr\u00f6\u00dfe f\u00fcr jede Handgr\u00f6\u00dfe und ich w\u00e4re ehrlich \u00fcberrascht, wenn Sie es nicht bequem finden, auf dieser Shamisen zu spielen. Die <em>Hatomune<\/em> \u2013 der Teil , wo der Hals in den Korpus eintaucht \u2013 endet in einer scharfen Kante, die es erm\u00f6glicht, auf diesem Instrument bis zur Position 20 und dar\u00fcber hinaus zu spielen.<\/p>\n<p>Das <em>ebio<\/em> (das abgerundete Ende des <em>tenjin<\/em>) ist in perfektem Zustand. Der Hals ist im <em>Mitsuori-<\/em>Stil gearbeitet: Er kann in drei Teile zerlegt werden, was das Reisen auch mit leichtem Gep\u00e4ck sehr komfortabel macht. Die Verbindungen sind sehr gut gearbeitet und sitzen sehr fest.<\/p>\n<p>Die <em>Itomaki<\/em> (Wirbel) sind aus Ebenholz gearbeitet und dank ihrer kr\u00e4ftigen Bauweise besonders bequem zum Stimmen.<\/p>\n<p>Alles, was Sie zum losspielen noch ben\u00f6tigen, sind ein <a href=\"https:\/\/shami-shop.com\/product-categorie\/koma\/\" target=\"_blank\" rel=\"noopener\">Koma<\/a>, ein <a href=\"https:\/\/shami-shop.com\/product-categorie\/bachi\/\" target=\"_blank\" rel=\"noopener\">Bachi<\/a> und ein <a href=\"https:\/\/shami-shop.com\/product\/yubisuri\/\" target=\"_blank\" rel=\"noopener\">Yubisuri<\/a>. Yubisuri gibt es in verschiedenen Gr\u00f6\u00dfen und Farben. Der Qual der Wahl wollte ich Sie hier nicht berauben. W\u00e4hlen Sie Koma und Bachi je nach dem Stil, den Sie spielen m\u00f6chten und Ihren pers\u00f6nlichen Vorlieben.<\/p>\n<p>Wenn Sie Hilfe bei der Auwahl der richtigen Komponenten ben\u00f6tigen, schicken Sie gerne eine Nachricht und wir stellen gemeinsam das perfekte Paket f\u00fcr Sie zusammen.<\/p>\n","protected":false},"excerpt":{"rendered":"<p>Set beinhaltet:<\/p>\n<ul>\n<li>Futozao Shamisen (Sao Breite: 29 mm, H\u00f6he: 31 mm)<\/li>\n<li>Naturhaut Front, Holzr\u00fcckwand<\/li>\n<li>Neo<\/li>\n<li>Doukake<\/li>\n<li>Dougomu<\/li>\n<li>Bachigawa<\/li>\n<li>Saiten<\/li>\n<li>Tenjin-Schutz<\/li>\n<\/ul>\n","protected":false},"featured_media":0,"template":"","meta":{"_et_pb_use_builder":"","_et_pb_old_content":"","_et_gb_content_width":""},"product_brand":[],"product_cat":[339,388,391,413],"product_tag":[],"class_list":{"0":"post-17213","1":"product","2":"type-product","3":"status-publish","5":"product_cat-shamisen-de","6":"product_cat-futozao-de","7":"product_cat-tsugaru-de","8":"product_cat-tsugaru-stil","9":"product_shipping_class-5kg500-de","11":"first","12":"outofstock","13":"shipping-taxable","14":"purchasable","15":"product-type-simple"},"yoast_head":"<!-- This site is optimized with the Yoast SEO plugin v26.9 - https:\/\/yoast.com\/product\/yoast-seo-wordpress\/ -->\n<title>Tsugaru Shamisen Set &quot;Ichigo&quot; - Shami-Shop<\/title>\n<meta name=\"description\" content=\"Holen Sie sich eine Tsugaru Shamisen, mit Versand oder Abholung direkt aus Berlin. Fangen Sie diese Woche mit dem Spielen an und st\u00fcrzen Sie sich ins Abenteuer!\" \/>\n<meta name=\"robots\" content=\"index, follow, max-snippet:-1, max-image-preview:large, max-video-preview:-1\" \/>\n<link rel=\"canonical\" href=\"https:\/\/www.shami-shop.com\/de\/produkt\/tsugaru-ichigo-2\/\" \/>\n<meta property=\"og:locale\" content=\"de_DE\" \/>\n<meta property=\"og:type\" content=\"article\" \/>\n<meta property=\"og:title\" content=\"Tsugaru Shamisen Set &quot;Ichigo&quot; - Shami-Shop\" \/>\n<meta property=\"og:description\" content=\"Holen Sie sich eine Tsugaru Shamisen, mit Versand oder Abholung direkt aus Berlin. Fangen Sie diese Woche mit dem Spielen an und st\u00fcrzen Sie sich ins Abenteuer!\" \/>\n<meta property=\"og:url\" content=\"https:\/\/www.shami-shop.com\/de\/produkt\/tsugaru-ichigo-2\/\" \/>\n<meta property=\"og:site_name\" content=\"Shami-Shop\" \/>\n<meta property=\"article:publisher\" content=\"https:\/\/www.facebook.com\/weloveshamisen\/\" \/>\n<meta property=\"article:modified_time\" content=\"2022-10-15T00:52:56+00:00\" \/>\n<meta property=\"og:image\" content=\"https:\/\/www.shami-shop.com\/wp-content\/uploads\/2022\/04\/SH-183-neo.png\" \/>\n\t<meta property=\"og:image:width\" content=\"810\" \/>\n\t<meta property=\"og:image:height\" content=\"540\" \/>\n\t<meta property=\"og:image:type\" content=\"image\/png\" \/>\n<meta name=\"twitter:card\" content=\"summary_large_image\" \/>\n<meta name=\"twitter:label1\" content=\"Gesch\u00e4tzte Lesezeit\" \/>\n\t<meta name=\"twitter:data1\" content=\"2\u00a0Minuten\" \/>\n<script type=\"application\/ld+json\" class=\"yoast-schema-graph\">{\"@context\":\"https:\/\/schema.org\",\"@graph\":[{\"@type\":[\"WebPage\",\"ItemPage\"],\"@id\":\"https:\/\/www.shami-shop.com\/de\/produkt\/tsugaru-ichigo-2\/\",\"url\":\"https:\/\/www.shami-shop.com\/de\/produkt\/tsugaru-ichigo-2\/\",\"name\":\"Tsugaru Shamisen Set \\\"Ichigo\\\" - Shami-Shop\",\"isPartOf\":{\"@id\":\"https:\/\/www.shami-shop.com\/de\/#website\"},\"datePublished\":\"2022-04-06T17:48:29+00:00\",\"dateModified\":\"2022-10-15T00:52:56+00:00\",\"description\":\"Holen Sie sich eine Tsugaru Shamisen, mit Versand oder Abholung direkt aus Berlin. Fangen Sie diese Woche mit dem Spielen an und st\u00fcrzen Sie sich ins Abenteuer!\",\"breadcrumb\":{\"@id\":\"https:\/\/www.shami-shop.com\/de\/produkt\/tsugaru-ichigo-2\/#breadcrumb\"},\"inLanguage\":\"de\",\"potentialAction\":[{\"@type\":\"ReadAction\",\"target\":[\"https:\/\/www.shami-shop.com\/de\/produkt\/tsugaru-ichigo-2\/\"]}]},{\"@type\":\"BreadcrumbList\",\"@id\":\"https:\/\/www.shami-shop.com\/de\/produkt\/tsugaru-ichigo-2\/#breadcrumb\",\"itemListElement\":[{\"@type\":\"ListItem\",\"position\":1,\"name\":\"Startseite\",\"item\":\"https:\/\/www.shami-shop.com\/de\/\"},{\"@type\":\"ListItem\",\"position\":2,\"name\":\"Shop\",\"item\":\"https:\/\/www.shami-shop.com\/de\/shop\/\"},{\"@type\":\"ListItem\",\"position\":3,\"name\":\"Tsugaru Shamisen Set &#8222;Ichigo&#8220;\"}]},{\"@type\":\"WebSite\",\"@id\":\"https:\/\/www.shami-shop.com\/de\/#website\",\"url\":\"https:\/\/www.shami-shop.com\/de\/\",\"name\":\"Shami-Shop\",\"description\":\"Alles f\u00fcr den Shamisen-Spieler.\",\"publisher\":{\"@id\":\"https:\/\/www.shami-shop.com\/de\/#organization\"},\"potentialAction\":[{\"@type\":\"SearchAction\",\"target\":{\"@type\":\"EntryPoint\",\"urlTemplate\":\"https:\/\/www.shami-shop.com\/de\/?s={search_term_string}\"},\"query-input\":{\"@type\":\"PropertyValueSpecification\",\"valueRequired\":true,\"valueName\":\"search_term_string\"}}],\"inLanguage\":\"de\"},{\"@type\":\"Organization\",\"@id\":\"https:\/\/www.shami-shop.com\/de\/#organization\",\"name\":\"Shami-Shop\",\"url\":\"https:\/\/www.shami-shop.com\/de\/\",\"logo\":{\"@type\":\"ImageObject\",\"inLanguage\":\"de\",\"@id\":\"https:\/\/www.shami-shop.com\/de\/#\/schema\/logo\/image\/\",\"url\":\"https:\/\/shami-shop.com\/wp-content\/uploads\/2021\/01\/Shami-Shop-Logo-1080.png\",\"contentUrl\":\"https:\/\/shami-shop.com\/wp-content\/uploads\/2021\/01\/Shami-Shop-Logo-1080.png\",\"width\":1080,\"height\":1080,\"caption\":\"Shami-Shop\"},\"image\":{\"@id\":\"https:\/\/www.shami-shop.com\/de\/#\/schema\/logo\/image\/\"},\"sameAs\":[\"https:\/\/www.facebook.com\/weloveshamisen\/\",\"https:\/\/www.instagram.com\/shamishop.europe\/\"]}]}<\/script>\n<!-- \/ Yoast SEO plugin. -->","yoast_head_json":{"title":"Tsugaru Shamisen Set \"Ichigo\" - Shami-Shop","description":"Holen Sie sich eine Tsugaru Shamisen, mit Versand oder Abholung direkt aus Berlin. Fangen Sie diese Woche mit dem Spielen an und st\u00fcrzen Sie sich ins Abenteuer!","robots":{"index":"index","follow":"follow","max-snippet":"max-snippet:-1","max-image-preview":"max-image-preview:large","max-video-preview":"max-video-preview:-1"},"canonical":"https:\/\/www.shami-shop.com\/de\/produkt\/tsugaru-ichigo-2\/","og_locale":"de_DE","og_type":"article","og_title":"Tsugaru Shamisen Set \"Ichigo\" - Shami-Shop","og_description":"Holen Sie sich eine Tsugaru Shamisen, mit Versand oder Abholung direkt aus Berlin. Fangen Sie diese Woche mit dem Spielen an und st\u00fcrzen Sie sich ins Abenteuer!","og_url":"https:\/\/www.shami-shop.com\/de\/produkt\/tsugaru-ichigo-2\/","og_site_name":"Shami-Shop","article_publisher":"https:\/\/www.facebook.com\/weloveshamisen\/","article_modified_time":"2022-10-15T00:52:56+00:00","og_image":[{"width":810,"height":540,"url":"https:\/\/www.shami-shop.com\/wp-content\/uploads\/2022\/04\/SH-183-neo.png","type":"image\/png"}],"twitter_card":"summary_large_image","twitter_misc":{"Gesch\u00e4tzte Lesezeit":"2\u00a0Minuten"},"schema":{"@context":"https:\/\/schema.org","@graph":[{"@type":["WebPage","ItemPage"],"@id":"https:\/\/www.shami-shop.com\/de\/produkt\/tsugaru-ichigo-2\/","url":"https:\/\/www.shami-shop.com\/de\/produkt\/tsugaru-ichigo-2\/","name":"Tsugaru Shamisen Set \"Ichigo\" - Shami-Shop","isPartOf":{"@id":"https:\/\/www.shami-shop.com\/de\/#website"},"datePublished":"2022-04-06T17:48:29+00:00","dateModified":"2022-10-15T00:52:56+00:00","description":"Holen Sie sich eine Tsugaru Shamisen, mit Versand oder Abholung direkt aus Berlin. Fangen Sie diese Woche mit dem Spielen an und st\u00fcrzen Sie sich ins Abenteuer!","breadcrumb":{"@id":"https:\/\/www.shami-shop.com\/de\/produkt\/tsugaru-ichigo-2\/#breadcrumb"},"inLanguage":"de","potentialAction":[{"@type":"ReadAction","target":["https:\/\/www.shami-shop.com\/de\/produkt\/tsugaru-ichigo-2\/"]}]},{"@type":"BreadcrumbList","@id":"https:\/\/www.shami-shop.com\/de\/produkt\/tsugaru-ichigo-2\/#breadcrumb","itemListElement":[{"@type":"ListItem","position":1,"name":"Startseite","item":"https:\/\/www.shami-shop.com\/de\/"},{"@type":"ListItem","position":2,"name":"Shop","item":"https:\/\/www.shami-shop.com\/de\/shop\/"},{"@type":"ListItem","position":3,"name":"Tsugaru Shamisen Set &#8222;Ichigo&#8220;"}]},{"@type":"WebSite","@id":"https:\/\/www.shami-shop.com\/de\/#website","url":"https:\/\/www.shami-shop.com\/de\/","name":"Shami-Shop","description":"Alles f\u00fcr den Shamisen-Spieler.","publisher":{"@id":"https:\/\/www.shami-shop.com\/de\/#organization"},"potentialAction":[{"@type":"SearchAction","target":{"@type":"EntryPoint","urlTemplate":"https:\/\/www.shami-shop.com\/de\/?s={search_term_string}"},"query-input":{"@type":"PropertyValueSpecification","valueRequired":true,"valueName":"search_term_string"}}],"inLanguage":"de"},{"@type":"Organization","@id":"https:\/\/www.shami-shop.com\/de\/#organization","name":"Shami-Shop","url":"https:\/\/www.shami-shop.com\/de\/","logo":{"@type":"ImageObject","inLanguage":"de","@id":"https:\/\/www.shami-shop.com\/de\/#\/schema\/logo\/image\/","url":"https:\/\/shami-shop.com\/wp-content\/uploads\/2021\/01\/Shami-Shop-Logo-1080.png","contentUrl":"https:\/\/shami-shop.com\/wp-content\/uploads\/2021\/01\/Shami-Shop-Logo-1080.png","width":1080,"height":1080,"caption":"Shami-Shop"},"image":{"@id":"https:\/\/www.shami-shop.com\/de\/#\/schema\/logo\/image\/"},"sameAs":["https:\/\/www.facebook.com\/weloveshamisen\/","https:\/\/www.instagram.com\/shamishop.europe\/"]}]}},"jetpack_sharing_enabled":true,"_links":{"self":[{"href":"https:\/\/www.shami-shop.com\/de\/wp-json\/wp\/v2\/product\/17213","targetHints":{"allow":["GET"]}}],"collection":[{"href":"https:\/\/www.shami-shop.com\/de\/wp-json\/wp\/v2\/product"}],"about":[{"href":"https:\/\/www.shami-shop.com\/de\/wp-json\/wp\/v2\/types\/product"}],"wp:attachment":[{"href":"https:\/\/www.shami-shop.com\/de\/wp-json\/wp\/v2\/media?parent=17213"}],"wp:term":[{"taxonomy":"product_brand","embeddable":true,"href":"https:\/\/www.shami-shop.com\/de\/wp-json\/wp\/v2\/product_brand?post=17213"},{"taxonomy":"product_cat","embeddable":true,"href":"https:\/\/www.shami-shop.com\/de\/wp-json\/wp\/v2\/product_cat?post=17213"},{"taxonomy":"product_tag","embeddable":true,"href":"https:\/\/www.shami-shop.com\/de\/wp-json\/wp\/v2\/product_tag?post=17213"}],"curies":[{"name":"wp","href":"https:\/\/api.w.org\/{rel}","templated":true}]}}