{"id":17228,"date":"2025-03-06T21:29:10","date_gmt":"2025-03-06T20:29:10","guid":{"rendered":"https:\/\/www.shami-shop.com\/product\/nagauta-koma-knochen\/"},"modified":"2026-02-22T21:27:49","modified_gmt":"2026-02-22T20:27:49","slug":"nagauta-koma-107-2-2","status":"publish","type":"product","link":"https:\/\/www.shami-shop.com\/de\/produkt\/nagauta-koma-107-2-2\/","title":{"rendered":"Nagauta Koma | Knochen"},"content":{"rendered":"<p data-pm-slice=\"1 1 []\">Dieses Koma aus Knochen ist f\u00fcr Nagauta Stil gemacht. Nagauta Shamisen Koma sind recht schmal und normalerweise ein wenig h\u00f6her als Tsugaru Shamisen Koma. Sie eignen sich auch f\u00fcr Minyo Stil.<\/p>\n<p data-pm-slice=\"1 1 []\">Dieses Koma ist aus einem St\u00fcck aus Knochen geschnitzt. Das harte Material sorgt f\u00fcr den charakteristischen knackigen, klaren Ton.<\/p>\n<p data-pm-slice=\"1 1 []\"><strong>Was ist ein Koma?<\/strong> Das Koma ist die herausnehmbare Br\u00fccke, die die Saiten \u00fcber der Haut des Korpus (Dou) hebt. Koma werden aus verschiedenen Materialien gefertigt und variieren in Breite, L\u00e4nge und H\u00f6he. Diese Parameter bestimmen den Einfluss des Koma auf den Klang der Shamisen. Mit der Wahl des richtigen Koma kann der Klang des Instruments nach den eigenen Idealvorstellungen fein modifiziert werden.<\/p>\n<p><strong>Wie man das Koma richtig benutzt:<\/strong> Das Koma wird ca. 3 Finger breit entfernt vom Neo-Knoten platziert. Um es unter die Saiten zu schieben, hebt man am besten alle Saiten mit einem Finger an und schiebt das Koma dann in einer schnellen Bewegung mit m\u00f6glichst wenig Widerstand an die gew\u00fcnschte Stelle. Wenn es an der richtigen Stele sitzt, l\u00e4sst man die Saiten in die Vertiefungen gleiten. <a href=\"https:\/\/youtu.be\/C_cLt2q4yAE\" target=\"_blank\" rel=\"noopener\">Hier entlang geht es zu einem kurzen Anleitungsvideo: https:\/\/youtu.be\/QWDsqLcu9mQ<\/a><\/p>\n<p>Nach dem Spielen muss das Koma entfernt werden, damit die Haut auf dem Dou m\u00f6glichst lange eine hohe Spannkraft beh\u00e4lt. Um das Koma zu entfernen, geht man genau so vor wie beim Einsetzen des Komas. Hier gibt es ein kurzes Anleitungsvideo dazu: https:\/\/youtu.be\/96rXXmaVF78 <a href=\"https:\/\/youtu.be\/yRlxbngCdz0\" target=\"_blank\" rel=\"noopener\">.<\/a><\/p>\n","protected":false},"excerpt":{"rendered":"<p data-pm-slice=\"1 1 []\"><strong>Stil:<\/strong> Nagauta<\/p>\n<p data-pm-slice=\"1 1 []\"><strong>Material:<\/strong> Knochen<\/p>\n<p><strong>Klang:<\/strong> klar und knackig<\/p>\n<p><strong>Abmessungen:<\/strong><\/p>\n<ul>\n<li data-pm-slice=\"1 1 []\">L\u00e4nge: 72 mm<\/li>\n<li data-pm-slice=\"1 1 []\">Breite: 9,75 mm<\/li>\n<li data-pm-slice=\"1 1 []\">H\u00f6he: 9,75 mm<\/li>\n<\/ul>\n","protected":false},"featured_media":14662,"template":"","meta":{"_et_pb_use_builder":"","_et_pb_old_content":"","_et_gb_content_width":""},"product_brand":[],"product_cat":[137,376,403],"product_tag":[],"class_list":{"0":"post-17228","1":"product","2":"type-product","3":"status-publish","4":"has-post-thumbnail","6":"product_cat-koma-de","7":"product_cat-koma-nagauta-de","8":"product_cat-nagauta-stil","9":"product_shipping_class-koma-fujaku-intl-packchen-xs-3cm","11":"first","12":"outofstock","13":"shipping-taxable","14":"purchasable","15":"product-type-simple"},"yoast_head":"<!-- This site is optimized with the Yoast SEO plugin v26.9 - https:\/\/yoast.com\/product\/yoast-seo-wordpress\/ -->\n<title>Nagauta Koma | Knochen - Shami-Shop<\/title>\n<meta name=\"description\" content=\"Nagauta Koma aus Knochen f\u00fcr Nagauta Shamisen.\" \/>\n<meta name=\"robots\" content=\"index, follow, max-snippet:-1, max-image-preview:large, max-video-preview:-1\" \/>\n<link rel=\"canonical\" href=\"https:\/\/www.shami-shop.com\/de\/produkt\/nagauta-koma-107-2-2\/\" \/>\n<meta property=\"og:locale\" content=\"de_DE\" \/>\n<meta property=\"og:type\" content=\"article\" \/>\n<meta property=\"og:title\" content=\"Nagauta Koma | Knochen - Shami-Shop\" \/>\n<meta property=\"og:description\" content=\"Nagauta Koma aus Knochen f\u00fcr Nagauta Shamisen.\" \/>\n<meta property=\"og:url\" content=\"https:\/\/www.shami-shop.com\/de\/produkt\/nagauta-koma-107-2-2\/\" \/>\n<meta property=\"og:site_name\" content=\"Shami-Shop\" \/>\n<meta property=\"article:publisher\" content=\"https:\/\/www.facebook.com\/weloveshamisen\/\" \/>\n<meta property=\"article:modified_time\" content=\"2026-02-22T20:27:49+00:00\" \/>\n<meta property=\"og:image\" content=\"https:\/\/www.shami-shop.com\/wp-content\/uploads\/2021\/11\/KO-115-Cb.png\" \/>\n\t<meta property=\"og:image:width\" content=\"810\" \/>\n\t<meta property=\"og:image:height\" content=\"540\" \/>\n\t<meta property=\"og:image:type\" content=\"image\/png\" \/>\n<meta name=\"twitter:card\" content=\"summary_large_image\" \/>\n<meta name=\"twitter:label1\" content=\"Gesch\u00e4tzte Lesezeit\" \/>\n\t<meta name=\"twitter:data1\" content=\"1\u00a0Minute\" \/>\n<script type=\"application\/ld+json\" class=\"yoast-schema-graph\">{\"@context\":\"https:\/\/schema.org\",\"@graph\":[{\"@type\":[\"WebPage\",\"ItemPage\"],\"@id\":\"https:\/\/www.shami-shop.com\/de\/produkt\/nagauta-koma-107-2-2\/\",\"url\":\"https:\/\/www.shami-shop.com\/de\/produkt\/nagauta-koma-107-2-2\/\",\"name\":\"Nagauta Koma | Knochen - Shami-Shop\",\"isPartOf\":{\"@id\":\"https:\/\/www.shami-shop.com\/de\/#website\"},\"primaryImageOfPage\":{\"@id\":\"https:\/\/www.shami-shop.com\/de\/produkt\/nagauta-koma-107-2-2\/#primaryimage\"},\"image\":{\"@id\":\"https:\/\/www.shami-shop.com\/de\/produkt\/nagauta-koma-107-2-2\/#primaryimage\"},\"thumbnailUrl\":\"https:\/\/www.shami-shop.com\/wp-content\/uploads\/2021\/11\/KO-115-Cb.png\",\"datePublished\":\"2025-03-06T20:29:10+00:00\",\"dateModified\":\"2026-02-22T20:27:49+00:00\",\"description\":\"Nagauta Koma aus Knochen f\u00fcr Nagauta Shamisen.\",\"breadcrumb\":{\"@id\":\"https:\/\/www.shami-shop.com\/de\/produkt\/nagauta-koma-107-2-2\/#breadcrumb\"},\"inLanguage\":\"de\",\"potentialAction\":[{\"@type\":\"ReadAction\",\"target\":[\"https:\/\/www.shami-shop.com\/de\/produkt\/nagauta-koma-107-2-2\/\"]}]},{\"@type\":\"ImageObject\",\"inLanguage\":\"de\",\"@id\":\"https:\/\/www.shami-shop.com\/de\/produkt\/nagauta-koma-107-2-2\/#primaryimage\",\"url\":\"https:\/\/www.shami-shop.com\/wp-content\/uploads\/2021\/11\/KO-115-Cb.png\",\"contentUrl\":\"https:\/\/www.shami-shop.com\/wp-content\/uploads\/2021\/11\/KO-115-Cb.png\",\"width\":810,\"height\":540},{\"@type\":\"BreadcrumbList\",\"@id\":\"https:\/\/www.shami-shop.com\/de\/produkt\/nagauta-koma-107-2-2\/#breadcrumb\",\"itemListElement\":[{\"@type\":\"ListItem\",\"position\":1,\"name\":\"Startseite\",\"item\":\"https:\/\/www.shami-shop.com\/de\/\"},{\"@type\":\"ListItem\",\"position\":2,\"name\":\"Shop\",\"item\":\"https:\/\/www.shami-shop.com\/de\/shop\/\"},{\"@type\":\"ListItem\",\"position\":3,\"name\":\"Nagauta Koma | Knochen\"}]},{\"@type\":\"WebSite\",\"@id\":\"https:\/\/www.shami-shop.com\/de\/#website\",\"url\":\"https:\/\/www.shami-shop.com\/de\/\",\"name\":\"Shami-Shop\",\"description\":\"Alles f\u00fcr den Shamisen-Spieler.\",\"publisher\":{\"@id\":\"https:\/\/www.shami-shop.com\/de\/#organization\"},\"potentialAction\":[{\"@type\":\"SearchAction\",\"target\":{\"@type\":\"EntryPoint\",\"urlTemplate\":\"https:\/\/www.shami-shop.com\/de\/?s={search_term_string}\"},\"query-input\":{\"@type\":\"PropertyValueSpecification\",\"valueRequired\":true,\"valueName\":\"search_term_string\"}}],\"inLanguage\":\"de\"},{\"@type\":\"Organization\",\"@id\":\"https:\/\/www.shami-shop.com\/de\/#organization\",\"name\":\"Shami-Shop\",\"url\":\"https:\/\/www.shami-shop.com\/de\/\",\"logo\":{\"@type\":\"ImageObject\",\"inLanguage\":\"de\",\"@id\":\"https:\/\/www.shami-shop.com\/de\/#\/schema\/logo\/image\/\",\"url\":\"https:\/\/shami-shop.com\/wp-content\/uploads\/2021\/01\/Shami-Shop-Logo-1080.png\",\"contentUrl\":\"https:\/\/shami-shop.com\/wp-content\/uploads\/2021\/01\/Shami-Shop-Logo-1080.png\",\"width\":1080,\"height\":1080,\"caption\":\"Shami-Shop\"},\"image\":{\"@id\":\"https:\/\/www.shami-shop.com\/de\/#\/schema\/logo\/image\/\"},\"sameAs\":[\"https:\/\/www.facebook.com\/weloveshamisen\/\",\"https:\/\/www.instagram.com\/shamishop.europe\/\"]}]}<\/script>\n<!-- \/ Yoast SEO plugin. -->","yoast_head_json":{"title":"Nagauta Koma | Knochen - Shami-Shop","description":"Nagauta Koma aus Knochen f\u00fcr Nagauta Shamisen.","robots":{"index":"index","follow":"follow","max-snippet":"max-snippet:-1","max-image-preview":"max-image-preview:large","max-video-preview":"max-video-preview:-1"},"canonical":"https:\/\/www.shami-shop.com\/de\/produkt\/nagauta-koma-107-2-2\/","og_locale":"de_DE","og_type":"article","og_title":"Nagauta Koma | Knochen - Shami-Shop","og_description":"Nagauta Koma aus Knochen f\u00fcr Nagauta Shamisen.","og_url":"https:\/\/www.shami-shop.com\/de\/produkt\/nagauta-koma-107-2-2\/","og_site_name":"Shami-Shop","article_publisher":"https:\/\/www.facebook.com\/weloveshamisen\/","article_modified_time":"2026-02-22T20:27:49+00:00","og_image":[{"width":810,"height":540,"url":"https:\/\/www.shami-shop.com\/wp-content\/uploads\/2021\/11\/KO-115-Cb.png","type":"image\/png"}],"twitter_card":"summary_large_image","twitter_misc":{"Gesch\u00e4tzte Lesezeit":"1\u00a0Minute"},"schema":{"@context":"https:\/\/schema.org","@graph":[{"@type":["WebPage","ItemPage"],"@id":"https:\/\/www.shami-shop.com\/de\/produkt\/nagauta-koma-107-2-2\/","url":"https:\/\/www.shami-shop.com\/de\/produkt\/nagauta-koma-107-2-2\/","name":"Nagauta Koma | Knochen - Shami-Shop","isPartOf":{"@id":"https:\/\/www.shami-shop.com\/de\/#website"},"primaryImageOfPage":{"@id":"https:\/\/www.shami-shop.com\/de\/produkt\/nagauta-koma-107-2-2\/#primaryimage"},"image":{"@id":"https:\/\/www.shami-shop.com\/de\/produkt\/nagauta-koma-107-2-2\/#primaryimage"},"thumbnailUrl":"https:\/\/www.shami-shop.com\/wp-content\/uploads\/2021\/11\/KO-115-Cb.png","datePublished":"2025-03-06T20:29:10+00:00","dateModified":"2026-02-22T20:27:49+00:00","description":"Nagauta Koma aus Knochen f\u00fcr Nagauta Shamisen.","breadcrumb":{"@id":"https:\/\/www.shami-shop.com\/de\/produkt\/nagauta-koma-107-2-2\/#breadcrumb"},"inLanguage":"de","potentialAction":[{"@type":"ReadAction","target":["https:\/\/www.shami-shop.com\/de\/produkt\/nagauta-koma-107-2-2\/"]}]},{"@type":"ImageObject","inLanguage":"de","@id":"https:\/\/www.shami-shop.com\/de\/produkt\/nagauta-koma-107-2-2\/#primaryimage","url":"https:\/\/www.shami-shop.com\/wp-content\/uploads\/2021\/11\/KO-115-Cb.png","contentUrl":"https:\/\/www.shami-shop.com\/wp-content\/uploads\/2021\/11\/KO-115-Cb.png","width":810,"height":540},{"@type":"BreadcrumbList","@id":"https:\/\/www.shami-shop.com\/de\/produkt\/nagauta-koma-107-2-2\/#breadcrumb","itemListElement":[{"@type":"ListItem","position":1,"name":"Startseite","item":"https:\/\/www.shami-shop.com\/de\/"},{"@type":"ListItem","position":2,"name":"Shop","item":"https:\/\/www.shami-shop.com\/de\/shop\/"},{"@type":"ListItem","position":3,"name":"Nagauta Koma | Knochen"}]},{"@type":"WebSite","@id":"https:\/\/www.shami-shop.com\/de\/#website","url":"https:\/\/www.shami-shop.com\/de\/","name":"Shami-Shop","description":"Alles f\u00fcr den Shamisen-Spieler.","publisher":{"@id":"https:\/\/www.shami-shop.com\/de\/#organization"},"potentialAction":[{"@type":"SearchAction","target":{"@type":"EntryPoint","urlTemplate":"https:\/\/www.shami-shop.com\/de\/?s={search_term_string}"},"query-input":{"@type":"PropertyValueSpecification","valueRequired":true,"valueName":"search_term_string"}}],"inLanguage":"de"},{"@type":"Organization","@id":"https:\/\/www.shami-shop.com\/de\/#organization","name":"Shami-Shop","url":"https:\/\/www.shami-shop.com\/de\/","logo":{"@type":"ImageObject","inLanguage":"de","@id":"https:\/\/www.shami-shop.com\/de\/#\/schema\/logo\/image\/","url":"https:\/\/shami-shop.com\/wp-content\/uploads\/2021\/01\/Shami-Shop-Logo-1080.png","contentUrl":"https:\/\/shami-shop.com\/wp-content\/uploads\/2021\/01\/Shami-Shop-Logo-1080.png","width":1080,"height":1080,"caption":"Shami-Shop"},"image":{"@id":"https:\/\/www.shami-shop.com\/de\/#\/schema\/logo\/image\/"},"sameAs":["https:\/\/www.facebook.com\/weloveshamisen\/","https:\/\/www.instagram.com\/shamishop.europe\/"]}]}},"jetpack_sharing_enabled":true,"_links":{"self":[{"href":"https:\/\/www.shami-shop.com\/de\/wp-json\/wp\/v2\/product\/17228","targetHints":{"allow":["GET"]}}],"collection":[{"href":"https:\/\/www.shami-shop.com\/de\/wp-json\/wp\/v2\/product"}],"about":[{"href":"https:\/\/www.shami-shop.com\/de\/wp-json\/wp\/v2\/types\/product"}],"wp:featuredmedia":[{"embeddable":true,"href":"https:\/\/www.shami-shop.com\/de\/wp-json\/wp\/v2\/media\/14662"}],"wp:attachment":[{"href":"https:\/\/www.shami-shop.com\/de\/wp-json\/wp\/v2\/media?parent=17228"}],"wp:term":[{"taxonomy":"product_brand","embeddable":true,"href":"https:\/\/www.shami-shop.com\/de\/wp-json\/wp\/v2\/product_brand?post=17228"},{"taxonomy":"product_cat","embeddable":true,"href":"https:\/\/www.shami-shop.com\/de\/wp-json\/wp\/v2\/product_cat?post=17228"},{"taxonomy":"product_tag","embeddable":true,"href":"https:\/\/www.shami-shop.com\/de\/wp-json\/wp\/v2\/product_tag?post=17228"}],"curies":[{"name":"wp","href":"https:\/\/api.w.org\/{rel}","templated":true}]}}