{"id":18521,"date":"2022-05-29T11:15:10","date_gmt":"2022-05-30T07:28:57","guid":{"rendered":"https:\/\/www.shami-shop.com\/product\/tsugaru-shamisen-set-chiaki\/"},"modified":"2023-05-26T19:43:24","modified_gmt":"2023-05-26T18:43:24","slug":"tsugaru-shamisen-chiaki","status":"publish","type":"product","link":"https:\/\/www.shami-shop.com\/de\/produkt\/tsugaru-shamisen-chiaki\/","title":{"rendered":"Tsugaru Shamisen Set &#8222;Chiaki&#8220;"},"content":{"rendered":"<p>Diese Anf\u00e4nger Futozao Shamisen (breiter Hals) hat fantastisch straffe H\u00e4ute und bringt absoluten Freude beim Spielen. Eine wirklich sehr solide Wahl, wenn Sie gerade mit Tsugaru Stil beginnen und auf der Suche nach dem authentischen Gef\u00fchl und Klang von Tsugaru Shamisen sind.<\/p>\n<p>Das Instrument ist aus Karin-Holz gemacht &#8211; die Standard-Wahl f\u00fcr Sch\u00fcler- und Anf\u00e4ngerinstrumente. Das Instrument ist mit einem schwarzen Leder-Doukake (Korpusschutz) und einem violetten Neo (Saitenhalter) ausgestattet. Im Set enthalten sind au\u00dferdem aufgezogene Saiten, ein Tenjin-K\u00e4ppchen, ein Dougomu und ein Bachigawa (Hautschutz). Der Dou ist bezogen mit Naturh\u00e4uten. Das Holz ist in perfektem Zustand und motiviert mit seinem Strahlen jeden Tag zum Spielen!<\/p>\n<p>Der Hals ist 30 mm breit und 32 mm hoch an der schmalsten Stelle und verbreitert sich leicht in Richtung Korpus. Tats\u00e4chlich ist das eine wunderbare Gr\u00f6\u00dfe f\u00fcr jede Handgr\u00f6\u00dfe und ich w\u00e4re ehrlich \u00fcberrascht, wenn Sie es nicht bequem finden, auf dieser Shamisen zu spielen. Die <em>Hatomune<\/em> \u2013 der Teil , wo der Hals in den Korpus eintaucht \u2013 endet in einer scharfen Kante, die es erm\u00f6glicht, auf diesem Instrument bis zur Position 20 und dar\u00fcber hinaus zu spielen.<\/p>\n<p>Das <em>ebio<\/em> (das abgerundete Ende des <em>tenjin<\/em>) ist in perfektem Zustand. Der Hals ist im <em>Mitsuori-<\/em>Stil gearbeitet: Er kann in drei Teile zerlegt werden, was das Reisen auch mit leichtem Gep\u00e4ck sehr komfortabel macht. Die Verbindungen sind sehr gut gearbeitet und sitzen sehr fest.<\/p>\n<p>Die <em>Itomaki<\/em> (Wirbel) sind aus Ebenholz gearbeitet und dank ihrer kr\u00e4ftigen Bauweise besonders bequem zum Stimmen.<\/p>\n<p>Alles, was Sie zum losspielen noch ben\u00f6tigen, sind ein <a href=\"https:\/\/shami-shop.com\/product-categorie\/koma\/\" target=\"_blank\" rel=\"noopener\">Koma<\/a>, ein <a href=\"https:\/\/shami-shop.com\/product-categorie\/bachi\/\" target=\"_blank\" rel=\"noopener\">Bachi<\/a> und ein <a href=\"https:\/\/shami-shop.com\/product\/yubisuri\/\" target=\"_blank\" rel=\"noopener\">Yubisuri<\/a>. Yubisuri gibt es in verschiedenen Gr\u00f6\u00dfen und Farben. Der Qual der Wahl wollte ich Sie hier nicht berauben. W\u00e4hlen Sie Koma und Bachi je nach dem Stil, den Sie spielen m\u00f6chten und Ihren pers\u00f6nlichen Vorlieben.<\/p>\n<p>Wenn Sie Hilfe bei der Auwahl der richtigen Komponenten ben\u00f6tigen, schicken Sie gerne eine Nachricht und wir stellen gemeinsam das perfekte Paket f\u00fcr Sie zusammen.<\/p>\n","protected":false},"excerpt":{"rendered":"<p>Set beinhaltet:<\/p>\n<ul>\n<li>Futozao Shamisen (Sao Breite: 30 mm, H\u00f6he: 32 mm)<\/li>\n<li>sehr straffe H\u00e4ute<\/li>\n<li>Neo<\/li>\n<li>Leder-Doukake<\/li>\n<li>Dougomu<\/li>\n<li>Bachigawa<\/li>\n<li>Saiten<\/li>\n<li>Tenjin-Schutz<\/li>\n<\/ul>\n","protected":false},"featured_media":0,"template":"","meta":{"_et_pb_use_builder":"","_et_pb_old_content":"","_et_gb_content_width":""},"product_brand":[],"product_cat":[339,388,391,413],"product_tag":[],"class_list":{"0":"post-18521","1":"product","2":"type-product","3":"status-publish","5":"product_cat-shamisen-de","6":"product_cat-futozao-de","7":"product_cat-tsugaru-de","8":"product_cat-tsugaru-stil","9":"product_shipping_class-5kg500-de","11":"first","12":"outofstock","13":"shipping-taxable","14":"purchasable","15":"product-type-simple"},"yoast_head":"<!-- This site is optimized with the Yoast SEO plugin v26.9 - https:\/\/yoast.com\/product\/yoast-seo-wordpress\/ -->\n<title>Tsugaru Shamisen Set &quot;Chiaki&quot; - Shami-Shop<\/title>\n<meta name=\"description\" content=\"Holen Sie sich eine Tsugaru Shamisen, mit Versand oder Abholung direkt aus Berlin. Fangen Sie diese Woche mit dem Spielen an und st\u00fcrzen Sie sich ins Abenteuer!\" \/>\n<meta name=\"robots\" content=\"index, follow, max-snippet:-1, max-image-preview:large, max-video-preview:-1\" \/>\n<link rel=\"canonical\" href=\"https:\/\/www.shami-shop.com\/de\/produkt\/tsugaru-shamisen-chiaki\/\" \/>\n<meta property=\"og:locale\" content=\"de_DE\" \/>\n<meta property=\"og:type\" content=\"article\" \/>\n<meta property=\"og:title\" content=\"Tsugaru Shamisen Set &quot;Chiaki&quot; - Shami-Shop\" \/>\n<meta property=\"og:description\" content=\"Holen Sie sich eine Tsugaru Shamisen, mit Versand oder Abholung direkt aus Berlin. Fangen Sie diese Woche mit dem Spielen an und st\u00fcrzen Sie sich ins Abenteuer!\" \/>\n<meta property=\"og:url\" content=\"https:\/\/www.shami-shop.com\/de\/produkt\/tsugaru-shamisen-chiaki\/\" \/>\n<meta property=\"og:site_name\" content=\"Shami-Shop\" \/>\n<meta property=\"article:publisher\" content=\"https:\/\/www.facebook.com\/weloveshamisen\/\" \/>\n<meta property=\"article:modified_time\" content=\"2023-05-26T18:43:24+00:00\" \/>\n<meta property=\"og:image\" content=\"https:\/\/www.shami-shop.com\/wp-content\/uploads\/2022\/05\/SH-189-dou-45-shami-shop.png\" \/>\n\t<meta property=\"og:image:width\" content=\"810\" \/>\n\t<meta property=\"og:image:height\" content=\"540\" \/>\n\t<meta property=\"og:image:type\" content=\"image\/png\" \/>\n<meta name=\"twitter:card\" content=\"summary_large_image\" \/>\n<meta name=\"twitter:label1\" content=\"Gesch\u00e4tzte Lesezeit\" \/>\n\t<meta name=\"twitter:data1\" content=\"2\u00a0Minuten\" \/>\n<script type=\"application\/ld+json\" class=\"yoast-schema-graph\">{\"@context\":\"https:\/\/schema.org\",\"@graph\":[{\"@type\":[\"WebPage\",\"ItemPage\"],\"@id\":\"https:\/\/www.shami-shop.com\/de\/produkt\/tsugaru-shamisen-chiaki\/\",\"url\":\"https:\/\/www.shami-shop.com\/de\/produkt\/tsugaru-shamisen-chiaki\/\",\"name\":\"Tsugaru Shamisen Set \\\"Chiaki\\\" - Shami-Shop\",\"isPartOf\":{\"@id\":\"https:\/\/www.shami-shop.com\/de\/#website\"},\"datePublished\":\"2022-05-30T07:28:57+00:00\",\"dateModified\":\"2023-05-26T18:43:24+00:00\",\"description\":\"Holen Sie sich eine Tsugaru Shamisen, mit Versand oder Abholung direkt aus Berlin. Fangen Sie diese Woche mit dem Spielen an und st\u00fcrzen Sie sich ins Abenteuer!\",\"breadcrumb\":{\"@id\":\"https:\/\/www.shami-shop.com\/de\/produkt\/tsugaru-shamisen-chiaki\/#breadcrumb\"},\"inLanguage\":\"de\",\"potentialAction\":[{\"@type\":\"ReadAction\",\"target\":[\"https:\/\/www.shami-shop.com\/de\/produkt\/tsugaru-shamisen-chiaki\/\"]}]},{\"@type\":\"BreadcrumbList\",\"@id\":\"https:\/\/www.shami-shop.com\/de\/produkt\/tsugaru-shamisen-chiaki\/#breadcrumb\",\"itemListElement\":[{\"@type\":\"ListItem\",\"position\":1,\"name\":\"Startseite\",\"item\":\"https:\/\/www.shami-shop.com\/de\/\"},{\"@type\":\"ListItem\",\"position\":2,\"name\":\"Shop\",\"item\":\"https:\/\/www.shami-shop.com\/de\/shop\/\"},{\"@type\":\"ListItem\",\"position\":3,\"name\":\"Tsugaru Shamisen Set &#8220;Chiaki&#8221;\"}]},{\"@type\":\"WebSite\",\"@id\":\"https:\/\/www.shami-shop.com\/de\/#website\",\"url\":\"https:\/\/www.shami-shop.com\/de\/\",\"name\":\"Shami-Shop\",\"description\":\"Alles f\u00fcr den Shamisen-Spieler.\",\"publisher\":{\"@id\":\"https:\/\/www.shami-shop.com\/de\/#organization\"},\"potentialAction\":[{\"@type\":\"SearchAction\",\"target\":{\"@type\":\"EntryPoint\",\"urlTemplate\":\"https:\/\/www.shami-shop.com\/de\/?s={search_term_string}\"},\"query-input\":{\"@type\":\"PropertyValueSpecification\",\"valueRequired\":true,\"valueName\":\"search_term_string\"}}],\"inLanguage\":\"de\"},{\"@type\":\"Organization\",\"@id\":\"https:\/\/www.shami-shop.com\/de\/#organization\",\"name\":\"Shami-Shop\",\"url\":\"https:\/\/www.shami-shop.com\/de\/\",\"logo\":{\"@type\":\"ImageObject\",\"inLanguage\":\"de\",\"@id\":\"https:\/\/www.shami-shop.com\/de\/#\/schema\/logo\/image\/\",\"url\":\"https:\/\/shami-shop.com\/wp-content\/uploads\/2021\/01\/Shami-Shop-Logo-1080.png\",\"contentUrl\":\"https:\/\/shami-shop.com\/wp-content\/uploads\/2021\/01\/Shami-Shop-Logo-1080.png\",\"width\":1080,\"height\":1080,\"caption\":\"Shami-Shop\"},\"image\":{\"@id\":\"https:\/\/www.shami-shop.com\/de\/#\/schema\/logo\/image\/\"},\"sameAs\":[\"https:\/\/www.facebook.com\/weloveshamisen\/\",\"https:\/\/www.instagram.com\/shamishop.europe\/\"]}]}<\/script>\n<!-- \/ Yoast SEO plugin. -->","yoast_head_json":{"title":"Tsugaru Shamisen Set \"Chiaki\" - Shami-Shop","description":"Holen Sie sich eine Tsugaru Shamisen, mit Versand oder Abholung direkt aus Berlin. Fangen Sie diese Woche mit dem Spielen an und st\u00fcrzen Sie sich ins Abenteuer!","robots":{"index":"index","follow":"follow","max-snippet":"max-snippet:-1","max-image-preview":"max-image-preview:large","max-video-preview":"max-video-preview:-1"},"canonical":"https:\/\/www.shami-shop.com\/de\/produkt\/tsugaru-shamisen-chiaki\/","og_locale":"de_DE","og_type":"article","og_title":"Tsugaru Shamisen Set \"Chiaki\" - Shami-Shop","og_description":"Holen Sie sich eine Tsugaru Shamisen, mit Versand oder Abholung direkt aus Berlin. Fangen Sie diese Woche mit dem Spielen an und st\u00fcrzen Sie sich ins Abenteuer!","og_url":"https:\/\/www.shami-shop.com\/de\/produkt\/tsugaru-shamisen-chiaki\/","og_site_name":"Shami-Shop","article_publisher":"https:\/\/www.facebook.com\/weloveshamisen\/","article_modified_time":"2023-05-26T18:43:24+00:00","og_image":[{"width":810,"height":540,"url":"https:\/\/www.shami-shop.com\/wp-content\/uploads\/2022\/05\/SH-189-dou-45-shami-shop.png","type":"image\/png"}],"twitter_card":"summary_large_image","twitter_misc":{"Gesch\u00e4tzte Lesezeit":"2\u00a0Minuten"},"schema":{"@context":"https:\/\/schema.org","@graph":[{"@type":["WebPage","ItemPage"],"@id":"https:\/\/www.shami-shop.com\/de\/produkt\/tsugaru-shamisen-chiaki\/","url":"https:\/\/www.shami-shop.com\/de\/produkt\/tsugaru-shamisen-chiaki\/","name":"Tsugaru Shamisen Set \"Chiaki\" - Shami-Shop","isPartOf":{"@id":"https:\/\/www.shami-shop.com\/de\/#website"},"datePublished":"2022-05-30T07:28:57+00:00","dateModified":"2023-05-26T18:43:24+00:00","description":"Holen Sie sich eine Tsugaru Shamisen, mit Versand oder Abholung direkt aus Berlin. Fangen Sie diese Woche mit dem Spielen an und st\u00fcrzen Sie sich ins Abenteuer!","breadcrumb":{"@id":"https:\/\/www.shami-shop.com\/de\/produkt\/tsugaru-shamisen-chiaki\/#breadcrumb"},"inLanguage":"de","potentialAction":[{"@type":"ReadAction","target":["https:\/\/www.shami-shop.com\/de\/produkt\/tsugaru-shamisen-chiaki\/"]}]},{"@type":"BreadcrumbList","@id":"https:\/\/www.shami-shop.com\/de\/produkt\/tsugaru-shamisen-chiaki\/#breadcrumb","itemListElement":[{"@type":"ListItem","position":1,"name":"Startseite","item":"https:\/\/www.shami-shop.com\/de\/"},{"@type":"ListItem","position":2,"name":"Shop","item":"https:\/\/www.shami-shop.com\/de\/shop\/"},{"@type":"ListItem","position":3,"name":"Tsugaru Shamisen Set &#8220;Chiaki&#8221;"}]},{"@type":"WebSite","@id":"https:\/\/www.shami-shop.com\/de\/#website","url":"https:\/\/www.shami-shop.com\/de\/","name":"Shami-Shop","description":"Alles f\u00fcr den Shamisen-Spieler.","publisher":{"@id":"https:\/\/www.shami-shop.com\/de\/#organization"},"potentialAction":[{"@type":"SearchAction","target":{"@type":"EntryPoint","urlTemplate":"https:\/\/www.shami-shop.com\/de\/?s={search_term_string}"},"query-input":{"@type":"PropertyValueSpecification","valueRequired":true,"valueName":"search_term_string"}}],"inLanguage":"de"},{"@type":"Organization","@id":"https:\/\/www.shami-shop.com\/de\/#organization","name":"Shami-Shop","url":"https:\/\/www.shami-shop.com\/de\/","logo":{"@type":"ImageObject","inLanguage":"de","@id":"https:\/\/www.shami-shop.com\/de\/#\/schema\/logo\/image\/","url":"https:\/\/shami-shop.com\/wp-content\/uploads\/2021\/01\/Shami-Shop-Logo-1080.png","contentUrl":"https:\/\/shami-shop.com\/wp-content\/uploads\/2021\/01\/Shami-Shop-Logo-1080.png","width":1080,"height":1080,"caption":"Shami-Shop"},"image":{"@id":"https:\/\/www.shami-shop.com\/de\/#\/schema\/logo\/image\/"},"sameAs":["https:\/\/www.facebook.com\/weloveshamisen\/","https:\/\/www.instagram.com\/shamishop.europe\/"]}]}},"jetpack_sharing_enabled":true,"_links":{"self":[{"href":"https:\/\/www.shami-shop.com\/de\/wp-json\/wp\/v2\/product\/18521","targetHints":{"allow":["GET"]}}],"collection":[{"href":"https:\/\/www.shami-shop.com\/de\/wp-json\/wp\/v2\/product"}],"about":[{"href":"https:\/\/www.shami-shop.com\/de\/wp-json\/wp\/v2\/types\/product"}],"wp:attachment":[{"href":"https:\/\/www.shami-shop.com\/de\/wp-json\/wp\/v2\/media?parent=18521"}],"wp:term":[{"taxonomy":"product_brand","embeddable":true,"href":"https:\/\/www.shami-shop.com\/de\/wp-json\/wp\/v2\/product_brand?post=18521"},{"taxonomy":"product_cat","embeddable":true,"href":"https:\/\/www.shami-shop.com\/de\/wp-json\/wp\/v2\/product_cat?post=18521"},{"taxonomy":"product_tag","embeddable":true,"href":"https:\/\/www.shami-shop.com\/de\/wp-json\/wp\/v2\/product_tag?post=18521"}],"curies":[{"name":"wp","href":"https:\/\/api.w.org\/{rel}","templated":true}]}}