{"id":18609,"date":"2022-06-07T01:19:50","date_gmt":"2022-06-07T00:30:57","guid":{"rendered":"https:\/\/www.shami-shop.com\/product\/yubisuri-violett-m\/"},"modified":"2024-04-04T19:24:54","modified_gmt":"2024-04-04T18:24:54","slug":"yubisuri-purple-m-2","status":"publish","type":"product","link":"https:\/\/www.shami-shop.com\/de\/produkt\/yubisuri-purple-m-2\/","title":{"rendered":"Yubisuri Violett | M"},"content":{"rendered":"<p data-pm-slice=\"1 1 []\">Das Yubisuri (Fingerh\u00f6schen \/ Fingerschutz) ist ein Standard-Accessoire f\u00fcr Shamisen-Spieler. Trotzdem wissen nach wie vor viele Neulinge nicht, dass dieses kleine Teil ein essenzieller Bestandteil eines vollst\u00e4ndigen Shamisen-Sets ist.<\/p>\n<p>Das Yubisuri besteht aus zwei Schlaufen, die durch eine flexible Br\u00fccke miteinander verbunden sind. Am Ende sieht das dann aus wie eine kleine H\u00e4ngematte (f\u00fcr den Sao) oder wie eine kleine Hose (f\u00fcr die Finger).<\/p>\n<p>Diese kleine H\u00e4ngematte sorgt daf\u00fcr, dass man ganz bequem mit minimalem Widerstand den Hals der Shamisen rauf und runter flitzen kann. Der Effekt ist der gleiche, wie mit Filzpantoffeln \u00fcber einen frisch gebohnerten Parkettboden zu schlittern. Man merkt sofort den Unterschied, wenn der Positionswechsel und Slides pl\u00f6tzlich buchst\u00e4blich reibungslos \u00fcber die B\u00fchne gehen.<\/p>\n<p>&nbsp;<\/p>\n<p><strong>Material:<\/strong><\/p>\n<p>Das Shami-Shop Yubisuri wird liebevoll von Hand in Berlin geh\u00e4kelt, aus 75% Wolle \/ 25% Polyamid Garn.<\/p>\n<p>&nbsp;<\/p>\n<p><strong>Das Modell:<\/strong><\/p>\n<p>Ich habe festgestellt, dass es sich leichter spielen l\u00e4sst, wenn die Zeigefingerschlaufe schmal gehalten bleibt. Mit einem schmaleren Ring lassen sich T\u00f6ne auf der d\u00fcnnen Saite <em>san no ito<\/em> leichter spielen.<\/p>\n<p>&nbsp;<\/p>\n<p><strong>Gr\u00f6\u00dfen:<\/strong><\/p>\n<p>Die drei Standard-Gr\u00f6\u00dfen sind S, M und L. S ist die richtige Gr\u00f6\u00dfe f\u00fcr schlanke Finger und nicht zu gro\u00dfe H\u00e4nde. M passt etwas kr\u00e4ftigeren Fingern und nicht enorm gro\u00dfen H\u00e4nden. L ist die passende Gr\u00f6\u00dfe f\u00fcr sehr kr\u00e4ftige Finger und gro\u00dfe, muskul\u00f6se H\u00e4nde. Bei Unsicherheit oder Fragen helfen wir gerne bei der Wahl der richtigen Gr\u00f6\u00dfe.<\/p>\n","protected":false},"excerpt":{"rendered":"<ul class=\"ProsemirrorEditor-list\" data-pm-slice=\"3 3 []\">\n<li class=\"ProsemirrorEditor-listItem\" data-list-indent=\"1\" data-list-type=\"bulleted\">handgemacht in Berlin<\/li>\n<li class=\"ProsemirrorEditor-listItem\" data-list-indent=\"1\" data-list-type=\"bulleted\">Gr\u00f6\u00dfe S<\/li>\n<li data-list-indent=\"1\" data-list-type=\"bulleted\">75% Wolle, 25% Polyamid<\/li>\n<\/ul>\n","protected":false},"featured_media":18049,"template":"","meta":{"_et_pb_use_builder":"","_et_pb_old_content":"","_et_gb_content_width":""},"product_brand":[],"product_cat":[147,259],"product_tag":[],"class_list":{"0":"post-18609","1":"product","2":"type-product","3":"status-publish","4":"has-post-thumbnail","6":"product_cat-zubehoer","7":"product_cat-yubisuri-de","8":"product_shipping_class-brief-de","10":"first","11":"outofstock","12":"shipping-taxable","13":"purchasable","14":"product-type-simple"},"yoast_head":"<!-- This site is optimized with the Yoast SEO plugin v26.9 - https:\/\/yoast.com\/product\/yoast-seo-wordpress\/ -->\n<title>Yubisuri Violett | M - Shami-Shop<\/title>\n<meta name=\"robots\" content=\"index, follow, max-snippet:-1, max-image-preview:large, max-video-preview:-1\" \/>\n<link rel=\"canonical\" href=\"https:\/\/www.shami-shop.com\/de\/produkt\/yubisuri-purple-m-2\/\" \/>\n<meta property=\"og:locale\" content=\"de_DE\" \/>\n<meta property=\"og:type\" content=\"article\" \/>\n<meta property=\"og:title\" content=\"Yubisuri Violett | M - Shami-Shop\" \/>\n<meta property=\"og:description\" content=\"handgemacht in Berlin  Gr\u00f6\u00dfe S  75% Wolle, 25% Polyamid\" \/>\n<meta property=\"og:url\" content=\"https:\/\/www.shami-shop.com\/de\/produkt\/yubisuri-purple-m-2\/\" \/>\n<meta property=\"og:site_name\" content=\"Shami-Shop\" \/>\n<meta property=\"article:publisher\" content=\"https:\/\/www.facebook.com\/weloveshamisen\/\" \/>\n<meta property=\"article:modified_time\" content=\"2024-04-04T18:24:54+00:00\" \/>\n<meta property=\"og:image\" content=\"https:\/\/www.shami-shop.com\/wp-content\/uploads\/2022\/05\/yubisuri-violett-bshami-shop.png\" \/>\n\t<meta property=\"og:image:width\" content=\"750\" \/>\n\t<meta property=\"og:image:height\" content=\"600\" \/>\n\t<meta property=\"og:image:type\" content=\"image\/png\" \/>\n<meta name=\"twitter:card\" content=\"summary_large_image\" \/>\n<meta name=\"twitter:label1\" content=\"Gesch\u00e4tzte Lesezeit\" \/>\n\t<meta name=\"twitter:data1\" content=\"1\u00a0Minute\" \/>\n<script type=\"application\/ld+json\" class=\"yoast-schema-graph\">{\"@context\":\"https:\/\/schema.org\",\"@graph\":[{\"@type\":[\"WebPage\",\"ItemPage\"],\"@id\":\"https:\/\/www.shami-shop.com\/de\/produkt\/yubisuri-purple-m-2\/\",\"url\":\"https:\/\/www.shami-shop.com\/de\/produkt\/yubisuri-purple-m-2\/\",\"name\":\"Yubisuri Violett | M - Shami-Shop\",\"isPartOf\":{\"@id\":\"https:\/\/www.shami-shop.com\/de\/#website\"},\"primaryImageOfPage\":{\"@id\":\"https:\/\/www.shami-shop.com\/de\/produkt\/yubisuri-purple-m-2\/#primaryimage\"},\"image\":{\"@id\":\"https:\/\/www.shami-shop.com\/de\/produkt\/yubisuri-purple-m-2\/#primaryimage\"},\"thumbnailUrl\":\"https:\/\/www.shami-shop.com\/wp-content\/uploads\/2022\/05\/yubisuri-violett-bshami-shop.png\",\"datePublished\":\"2022-06-07T00:30:57+00:00\",\"dateModified\":\"2024-04-04T18:24:54+00:00\",\"breadcrumb\":{\"@id\":\"https:\/\/www.shami-shop.com\/de\/produkt\/yubisuri-purple-m-2\/#breadcrumb\"},\"inLanguage\":\"de\",\"potentialAction\":[{\"@type\":\"ReadAction\",\"target\":[\"https:\/\/www.shami-shop.com\/de\/produkt\/yubisuri-purple-m-2\/\"]}]},{\"@type\":\"ImageObject\",\"inLanguage\":\"de\",\"@id\":\"https:\/\/www.shami-shop.com\/de\/produkt\/yubisuri-purple-m-2\/#primaryimage\",\"url\":\"https:\/\/www.shami-shop.com\/wp-content\/uploads\/2022\/05\/yubisuri-violett-bshami-shop.png\",\"contentUrl\":\"https:\/\/www.shami-shop.com\/wp-content\/uploads\/2022\/05\/yubisuri-violett-bshami-shop.png\",\"width\":750,\"height\":600},{\"@type\":\"BreadcrumbList\",\"@id\":\"https:\/\/www.shami-shop.com\/de\/produkt\/yubisuri-purple-m-2\/#breadcrumb\",\"itemListElement\":[{\"@type\":\"ListItem\",\"position\":1,\"name\":\"Startseite\",\"item\":\"https:\/\/www.shami-shop.com\/de\/\"},{\"@type\":\"ListItem\",\"position\":2,\"name\":\"Shop\",\"item\":\"https:\/\/www.shami-shop.com\/de\/shop\/\"},{\"@type\":\"ListItem\",\"position\":3,\"name\":\"Yubisuri Violett | M\"}]},{\"@type\":\"WebSite\",\"@id\":\"https:\/\/www.shami-shop.com\/de\/#website\",\"url\":\"https:\/\/www.shami-shop.com\/de\/\",\"name\":\"Shami-Shop\",\"description\":\"Alles f\u00fcr den Shamisen-Spieler.\",\"publisher\":{\"@id\":\"https:\/\/www.shami-shop.com\/de\/#organization\"},\"potentialAction\":[{\"@type\":\"SearchAction\",\"target\":{\"@type\":\"EntryPoint\",\"urlTemplate\":\"https:\/\/www.shami-shop.com\/de\/?s={search_term_string}\"},\"query-input\":{\"@type\":\"PropertyValueSpecification\",\"valueRequired\":true,\"valueName\":\"search_term_string\"}}],\"inLanguage\":\"de\"},{\"@type\":\"Organization\",\"@id\":\"https:\/\/www.shami-shop.com\/de\/#organization\",\"name\":\"Shami-Shop\",\"url\":\"https:\/\/www.shami-shop.com\/de\/\",\"logo\":{\"@type\":\"ImageObject\",\"inLanguage\":\"de\",\"@id\":\"https:\/\/www.shami-shop.com\/de\/#\/schema\/logo\/image\/\",\"url\":\"https:\/\/shami-shop.com\/wp-content\/uploads\/2021\/01\/Shami-Shop-Logo-1080.png\",\"contentUrl\":\"https:\/\/shami-shop.com\/wp-content\/uploads\/2021\/01\/Shami-Shop-Logo-1080.png\",\"width\":1080,\"height\":1080,\"caption\":\"Shami-Shop\"},\"image\":{\"@id\":\"https:\/\/www.shami-shop.com\/de\/#\/schema\/logo\/image\/\"},\"sameAs\":[\"https:\/\/www.facebook.com\/weloveshamisen\/\",\"https:\/\/www.instagram.com\/shamishop.europe\/\"]}]}<\/script>\n<!-- \/ Yoast SEO plugin. -->","yoast_head_json":{"title":"Yubisuri Violett | M - Shami-Shop","robots":{"index":"index","follow":"follow","max-snippet":"max-snippet:-1","max-image-preview":"max-image-preview:large","max-video-preview":"max-video-preview:-1"},"canonical":"https:\/\/www.shami-shop.com\/de\/produkt\/yubisuri-purple-m-2\/","og_locale":"de_DE","og_type":"article","og_title":"Yubisuri Violett | M - Shami-Shop","og_description":"handgemacht in Berlin  Gr\u00f6\u00dfe S  75% Wolle, 25% Polyamid","og_url":"https:\/\/www.shami-shop.com\/de\/produkt\/yubisuri-purple-m-2\/","og_site_name":"Shami-Shop","article_publisher":"https:\/\/www.facebook.com\/weloveshamisen\/","article_modified_time":"2024-04-04T18:24:54+00:00","og_image":[{"width":750,"height":600,"url":"https:\/\/www.shami-shop.com\/wp-content\/uploads\/2022\/05\/yubisuri-violett-bshami-shop.png","type":"image\/png"}],"twitter_card":"summary_large_image","twitter_misc":{"Gesch\u00e4tzte Lesezeit":"1\u00a0Minute"},"schema":{"@context":"https:\/\/schema.org","@graph":[{"@type":["WebPage","ItemPage"],"@id":"https:\/\/www.shami-shop.com\/de\/produkt\/yubisuri-purple-m-2\/","url":"https:\/\/www.shami-shop.com\/de\/produkt\/yubisuri-purple-m-2\/","name":"Yubisuri Violett | M - Shami-Shop","isPartOf":{"@id":"https:\/\/www.shami-shop.com\/de\/#website"},"primaryImageOfPage":{"@id":"https:\/\/www.shami-shop.com\/de\/produkt\/yubisuri-purple-m-2\/#primaryimage"},"image":{"@id":"https:\/\/www.shami-shop.com\/de\/produkt\/yubisuri-purple-m-2\/#primaryimage"},"thumbnailUrl":"https:\/\/www.shami-shop.com\/wp-content\/uploads\/2022\/05\/yubisuri-violett-bshami-shop.png","datePublished":"2022-06-07T00:30:57+00:00","dateModified":"2024-04-04T18:24:54+00:00","breadcrumb":{"@id":"https:\/\/www.shami-shop.com\/de\/produkt\/yubisuri-purple-m-2\/#breadcrumb"},"inLanguage":"de","potentialAction":[{"@type":"ReadAction","target":["https:\/\/www.shami-shop.com\/de\/produkt\/yubisuri-purple-m-2\/"]}]},{"@type":"ImageObject","inLanguage":"de","@id":"https:\/\/www.shami-shop.com\/de\/produkt\/yubisuri-purple-m-2\/#primaryimage","url":"https:\/\/www.shami-shop.com\/wp-content\/uploads\/2022\/05\/yubisuri-violett-bshami-shop.png","contentUrl":"https:\/\/www.shami-shop.com\/wp-content\/uploads\/2022\/05\/yubisuri-violett-bshami-shop.png","width":750,"height":600},{"@type":"BreadcrumbList","@id":"https:\/\/www.shami-shop.com\/de\/produkt\/yubisuri-purple-m-2\/#breadcrumb","itemListElement":[{"@type":"ListItem","position":1,"name":"Startseite","item":"https:\/\/www.shami-shop.com\/de\/"},{"@type":"ListItem","position":2,"name":"Shop","item":"https:\/\/www.shami-shop.com\/de\/shop\/"},{"@type":"ListItem","position":3,"name":"Yubisuri Violett | M"}]},{"@type":"WebSite","@id":"https:\/\/www.shami-shop.com\/de\/#website","url":"https:\/\/www.shami-shop.com\/de\/","name":"Shami-Shop","description":"Alles f\u00fcr den Shamisen-Spieler.","publisher":{"@id":"https:\/\/www.shami-shop.com\/de\/#organization"},"potentialAction":[{"@type":"SearchAction","target":{"@type":"EntryPoint","urlTemplate":"https:\/\/www.shami-shop.com\/de\/?s={search_term_string}"},"query-input":{"@type":"PropertyValueSpecification","valueRequired":true,"valueName":"search_term_string"}}],"inLanguage":"de"},{"@type":"Organization","@id":"https:\/\/www.shami-shop.com\/de\/#organization","name":"Shami-Shop","url":"https:\/\/www.shami-shop.com\/de\/","logo":{"@type":"ImageObject","inLanguage":"de","@id":"https:\/\/www.shami-shop.com\/de\/#\/schema\/logo\/image\/","url":"https:\/\/shami-shop.com\/wp-content\/uploads\/2021\/01\/Shami-Shop-Logo-1080.png","contentUrl":"https:\/\/shami-shop.com\/wp-content\/uploads\/2021\/01\/Shami-Shop-Logo-1080.png","width":1080,"height":1080,"caption":"Shami-Shop"},"image":{"@id":"https:\/\/www.shami-shop.com\/de\/#\/schema\/logo\/image\/"},"sameAs":["https:\/\/www.facebook.com\/weloveshamisen\/","https:\/\/www.instagram.com\/shamishop.europe\/"]}]}},"jetpack_sharing_enabled":true,"_links":{"self":[{"href":"https:\/\/www.shami-shop.com\/de\/wp-json\/wp\/v2\/product\/18609","targetHints":{"allow":["GET"]}}],"collection":[{"href":"https:\/\/www.shami-shop.com\/de\/wp-json\/wp\/v2\/product"}],"about":[{"href":"https:\/\/www.shami-shop.com\/de\/wp-json\/wp\/v2\/types\/product"}],"wp:featuredmedia":[{"embeddable":true,"href":"https:\/\/www.shami-shop.com\/de\/wp-json\/wp\/v2\/media\/18049"}],"wp:attachment":[{"href":"https:\/\/www.shami-shop.com\/de\/wp-json\/wp\/v2\/media?parent=18609"}],"wp:term":[{"taxonomy":"product_brand","embeddable":true,"href":"https:\/\/www.shami-shop.com\/de\/wp-json\/wp\/v2\/product_brand?post=18609"},{"taxonomy":"product_cat","embeddable":true,"href":"https:\/\/www.shami-shop.com\/de\/wp-json\/wp\/v2\/product_cat?post=18609"},{"taxonomy":"product_tag","embeddable":true,"href":"https:\/\/www.shami-shop.com\/de\/wp-json\/wp\/v2\/product_tag?post=18609"}],"curies":[{"name":"wp","href":"https:\/\/api.w.org\/{rel}","templated":true}]}}