{"id":18778,"date":"2022-12-11T09:00:31","date_gmt":"2022-12-11T08:03:00","guid":{"rendered":"https:\/\/www.shami-shop.com\/product\/tsugaru-bachi-groesse-xs\/"},"modified":"2024-06-21T16:35:34","modified_gmt":"2024-06-21T15:35:34","slug":"tsugaru-bachi-102-2","status":"publish","type":"product","link":"https:\/\/www.shami-shop.com\/de\/produkt\/tsugaru-bachi-102-2\/","title":{"rendered":"Tsugaru Bachi Gr\u00f6\u00dfe XS"},"content":{"rendered":"<p>Leicht gebrauchtes Bachi f\u00fcr Tsugaru Stil. Dieses Bachi ist au\u00dfergew\u00f6hnlich klein und ist am besten geeignet f\u00fcr Spieler mit kleinen H\u00e4nden. Es ist sehr leicht!<\/p>\n<p>Wenn Sie gerade erst mit dem Shamisen Spielen anfangen: Es ist ganz normal, dass sich das Bachi anfangs etwas seltsam in der Hand anf\u00fchlt. Aber es sollte niemals zu Schmerzen f\u00fchren &#8211; weder im Handgelenk noch in den Fingern. Bitte achten Sie darauf, das Bachi am Griff nicht fest zu umschlie\u00dfen, sondern es eher locker zwischen den Fingern eingeklemmt zu haben. Das ist am Anfang wirklich (vor allem vom Kopf her) schwer, aber damit kommt man zu einem lockeren Schwung, schmerzfreiem und gesundem Spiel und einem fantastischen Klang.<\/p>\n<p>Wenn der Griff zu breit und\/oder zu lang ist, kann man ihn abs\u00e4gen und abschleifen. Geben Sie sich niemals mit Schmerzen zufrieden. Wenn Sie Fragen haben oder Rat suchen, schreiben Sie gerne eine Nachricht.<\/p>\n<ul>\n<li>Gewicht: 94 g<\/li>\n<li>Blatt: 8 cm<\/li>\n<li>L\u00e4nge: 16,7 cm<\/li>\n<li>Griff Breite (unteres Ende): 25,5 mm<\/li>\n<li>Griff H\u00f6he (unteres Ende): 24 mm<\/li>\n<\/ul>\n","protected":false},"excerpt":{"rendered":"<p><strong>Stil:<\/strong> Tsugaru<\/p>\n<p><strong>Blatt:<\/strong> fest<\/p>\n<p><strong>Ma\u00dfe:<\/strong><\/p>\n<ul>\n<li>Gewicht: 94 g<\/li>\n<li>Blatt: 8 cm<\/li>\n<li>L\u00e4nge: 16,7 cm<\/li>\n<li>Griff Breite (unteres Ende): 25,5 mm<\/li>\n<li>Griff H\u00f6he (unteres Ende): 24 mm<\/li>\n<\/ul>\n","protected":false},"featured_media":23818,"template":"","meta":{"_et_pb_use_builder":"","_et_pb_old_content":"","_et_gb_content_width":""},"product_brand":[],"product_cat":[393,413],"product_tag":[],"class_list":{"0":"post-18778","1":"product","2":"type-product","3":"status-publish","4":"has-post-thumbnail","6":"product_cat-bachi-tsugaru-de","7":"product_cat-tsugaru-stil","8":"product_shipping_class-paket-m-2kg-de","10":"first","11":"outofstock","12":"shipping-taxable","13":"purchasable","14":"product-type-simple"},"yoast_head":"<!-- This site is optimized with the Yoast SEO plugin v26.9 - https:\/\/yoast.com\/product\/yoast-seo-wordpress\/ -->\n<title>Tsugaru Bachi Gr\u00f6\u00dfe XS - Shami-Shop<\/title>\n<meta name=\"description\" content=\"Neues Bachi aus Kunststoff f\u00fcr Tsugaru Shamisen Stil. Dies ist das typische Sch\u00fclermodell f\u00fcr Anf\u00e4nger. Das Blatt ist recht fest und steif.\" \/>\n<meta name=\"robots\" content=\"index, follow, max-snippet:-1, max-image-preview:large, max-video-preview:-1\" \/>\n<link rel=\"canonical\" href=\"https:\/\/www.shami-shop.com\/de\/produkt\/tsugaru-bachi-102-2\/\" \/>\n<meta property=\"og:locale\" content=\"de_DE\" \/>\n<meta property=\"og:type\" content=\"article\" \/>\n<meta property=\"og:title\" content=\"Tsugaru Bachi Gr\u00f6\u00dfe XS - Shami-Shop\" \/>\n<meta property=\"og:description\" content=\"Neues Bachi aus Kunststoff f\u00fcr Tsugaru Shamisen Stil. Dies ist das typische Sch\u00fclermodell f\u00fcr Anf\u00e4nger. Das Blatt ist recht fest und steif.\" \/>\n<meta property=\"og:url\" content=\"https:\/\/www.shami-shop.com\/de\/produkt\/tsugaru-bachi-102-2\/\" \/>\n<meta property=\"og:site_name\" content=\"Shami-Shop\" \/>\n<meta property=\"article:publisher\" content=\"https:\/\/www.facebook.com\/weloveshamisen\/\" \/>\n<meta property=\"article:modified_time\" content=\"2024-06-21T15:35:34+00:00\" \/>\n<meta property=\"og:image\" content=\"https:\/\/www.shami-shop.com\/wp-content\/uploads\/2024\/04\/B-113-A.png\" \/>\n\t<meta property=\"og:image:width\" content=\"950\" \/>\n\t<meta property=\"og:image:height\" content=\"633\" \/>\n\t<meta property=\"og:image:type\" content=\"image\/png\" \/>\n<meta name=\"twitter:card\" content=\"summary_large_image\" \/>\n<meta name=\"twitter:label1\" content=\"Gesch\u00e4tzte Lesezeit\" \/>\n\t<meta name=\"twitter:data1\" content=\"1\u00a0Minute\" \/>\n<script type=\"application\/ld+json\" class=\"yoast-schema-graph\">{\"@context\":\"https:\/\/schema.org\",\"@graph\":[{\"@type\":[\"WebPage\",\"ItemPage\"],\"@id\":\"https:\/\/www.shami-shop.com\/de\/produkt\/tsugaru-bachi-102-2\/\",\"url\":\"https:\/\/www.shami-shop.com\/de\/produkt\/tsugaru-bachi-102-2\/\",\"name\":\"Tsugaru Bachi Gr\u00f6\u00dfe XS - Shami-Shop\",\"isPartOf\":{\"@id\":\"https:\/\/www.shami-shop.com\/de\/#website\"},\"primaryImageOfPage\":{\"@id\":\"https:\/\/www.shami-shop.com\/de\/produkt\/tsugaru-bachi-102-2\/#primaryimage\"},\"image\":{\"@id\":\"https:\/\/www.shami-shop.com\/de\/produkt\/tsugaru-bachi-102-2\/#primaryimage\"},\"thumbnailUrl\":\"https:\/\/www.shami-shop.com\/wp-content\/uploads\/2024\/04\/B-113-A.png\",\"datePublished\":\"2022-12-11T08:03:00+00:00\",\"dateModified\":\"2024-06-21T15:35:34+00:00\",\"description\":\"Neues Bachi aus Kunststoff f\u00fcr Tsugaru Shamisen Stil. Dies ist das typische Sch\u00fclermodell f\u00fcr Anf\u00e4nger. Das Blatt ist recht fest und steif.\",\"breadcrumb\":{\"@id\":\"https:\/\/www.shami-shop.com\/de\/produkt\/tsugaru-bachi-102-2\/#breadcrumb\"},\"inLanguage\":\"de\",\"potentialAction\":[{\"@type\":\"ReadAction\",\"target\":[\"https:\/\/www.shami-shop.com\/de\/produkt\/tsugaru-bachi-102-2\/\"]}]},{\"@type\":\"ImageObject\",\"inLanguage\":\"de\",\"@id\":\"https:\/\/www.shami-shop.com\/de\/produkt\/tsugaru-bachi-102-2\/#primaryimage\",\"url\":\"https:\/\/www.shami-shop.com\/wp-content\/uploads\/2024\/04\/B-113-A.png\",\"contentUrl\":\"https:\/\/www.shami-shop.com\/wp-content\/uploads\/2024\/04\/B-113-A.png\",\"width\":950,\"height\":633},{\"@type\":\"BreadcrumbList\",\"@id\":\"https:\/\/www.shami-shop.com\/de\/produkt\/tsugaru-bachi-102-2\/#breadcrumb\",\"itemListElement\":[{\"@type\":\"ListItem\",\"position\":1,\"name\":\"Startseite\",\"item\":\"https:\/\/www.shami-shop.com\/de\/\"},{\"@type\":\"ListItem\",\"position\":2,\"name\":\"Shop\",\"item\":\"https:\/\/www.shami-shop.com\/de\/shop\/\"},{\"@type\":\"ListItem\",\"position\":3,\"name\":\"Tsugaru Bachi Gr\u00f6\u00dfe XS\"}]},{\"@type\":\"WebSite\",\"@id\":\"https:\/\/www.shami-shop.com\/de\/#website\",\"url\":\"https:\/\/www.shami-shop.com\/de\/\",\"name\":\"Shami-Shop\",\"description\":\"Alles f\u00fcr den Shamisen-Spieler.\",\"publisher\":{\"@id\":\"https:\/\/www.shami-shop.com\/de\/#organization\"},\"potentialAction\":[{\"@type\":\"SearchAction\",\"target\":{\"@type\":\"EntryPoint\",\"urlTemplate\":\"https:\/\/www.shami-shop.com\/de\/?s={search_term_string}\"},\"query-input\":{\"@type\":\"PropertyValueSpecification\",\"valueRequired\":true,\"valueName\":\"search_term_string\"}}],\"inLanguage\":\"de\"},{\"@type\":\"Organization\",\"@id\":\"https:\/\/www.shami-shop.com\/de\/#organization\",\"name\":\"Shami-Shop\",\"url\":\"https:\/\/www.shami-shop.com\/de\/\",\"logo\":{\"@type\":\"ImageObject\",\"inLanguage\":\"de\",\"@id\":\"https:\/\/www.shami-shop.com\/de\/#\/schema\/logo\/image\/\",\"url\":\"https:\/\/shami-shop.com\/wp-content\/uploads\/2021\/01\/Shami-Shop-Logo-1080.png\",\"contentUrl\":\"https:\/\/shami-shop.com\/wp-content\/uploads\/2021\/01\/Shami-Shop-Logo-1080.png\",\"width\":1080,\"height\":1080,\"caption\":\"Shami-Shop\"},\"image\":{\"@id\":\"https:\/\/www.shami-shop.com\/de\/#\/schema\/logo\/image\/\"},\"sameAs\":[\"https:\/\/www.facebook.com\/weloveshamisen\/\",\"https:\/\/www.instagram.com\/shamishop.europe\/\"]}]}<\/script>\n<!-- \/ Yoast SEO plugin. -->","yoast_head_json":{"title":"Tsugaru Bachi Gr\u00f6\u00dfe XS - Shami-Shop","description":"Neues Bachi aus Kunststoff f\u00fcr Tsugaru Shamisen Stil. Dies ist das typische Sch\u00fclermodell f\u00fcr Anf\u00e4nger. Das Blatt ist recht fest und steif.","robots":{"index":"index","follow":"follow","max-snippet":"max-snippet:-1","max-image-preview":"max-image-preview:large","max-video-preview":"max-video-preview:-1"},"canonical":"https:\/\/www.shami-shop.com\/de\/produkt\/tsugaru-bachi-102-2\/","og_locale":"de_DE","og_type":"article","og_title":"Tsugaru Bachi Gr\u00f6\u00dfe XS - Shami-Shop","og_description":"Neues Bachi aus Kunststoff f\u00fcr Tsugaru Shamisen Stil. Dies ist das typische Sch\u00fclermodell f\u00fcr Anf\u00e4nger. Das Blatt ist recht fest und steif.","og_url":"https:\/\/www.shami-shop.com\/de\/produkt\/tsugaru-bachi-102-2\/","og_site_name":"Shami-Shop","article_publisher":"https:\/\/www.facebook.com\/weloveshamisen\/","article_modified_time":"2024-06-21T15:35:34+00:00","og_image":[{"width":950,"height":633,"url":"https:\/\/www.shami-shop.com\/wp-content\/uploads\/2024\/04\/B-113-A.png","type":"image\/png"}],"twitter_card":"summary_large_image","twitter_misc":{"Gesch\u00e4tzte Lesezeit":"1\u00a0Minute"},"schema":{"@context":"https:\/\/schema.org","@graph":[{"@type":["WebPage","ItemPage"],"@id":"https:\/\/www.shami-shop.com\/de\/produkt\/tsugaru-bachi-102-2\/","url":"https:\/\/www.shami-shop.com\/de\/produkt\/tsugaru-bachi-102-2\/","name":"Tsugaru Bachi Gr\u00f6\u00dfe XS - Shami-Shop","isPartOf":{"@id":"https:\/\/www.shami-shop.com\/de\/#website"},"primaryImageOfPage":{"@id":"https:\/\/www.shami-shop.com\/de\/produkt\/tsugaru-bachi-102-2\/#primaryimage"},"image":{"@id":"https:\/\/www.shami-shop.com\/de\/produkt\/tsugaru-bachi-102-2\/#primaryimage"},"thumbnailUrl":"https:\/\/www.shami-shop.com\/wp-content\/uploads\/2024\/04\/B-113-A.png","datePublished":"2022-12-11T08:03:00+00:00","dateModified":"2024-06-21T15:35:34+00:00","description":"Neues Bachi aus Kunststoff f\u00fcr Tsugaru Shamisen Stil. Dies ist das typische Sch\u00fclermodell f\u00fcr Anf\u00e4nger. Das Blatt ist recht fest und steif.","breadcrumb":{"@id":"https:\/\/www.shami-shop.com\/de\/produkt\/tsugaru-bachi-102-2\/#breadcrumb"},"inLanguage":"de","potentialAction":[{"@type":"ReadAction","target":["https:\/\/www.shami-shop.com\/de\/produkt\/tsugaru-bachi-102-2\/"]}]},{"@type":"ImageObject","inLanguage":"de","@id":"https:\/\/www.shami-shop.com\/de\/produkt\/tsugaru-bachi-102-2\/#primaryimage","url":"https:\/\/www.shami-shop.com\/wp-content\/uploads\/2024\/04\/B-113-A.png","contentUrl":"https:\/\/www.shami-shop.com\/wp-content\/uploads\/2024\/04\/B-113-A.png","width":950,"height":633},{"@type":"BreadcrumbList","@id":"https:\/\/www.shami-shop.com\/de\/produkt\/tsugaru-bachi-102-2\/#breadcrumb","itemListElement":[{"@type":"ListItem","position":1,"name":"Startseite","item":"https:\/\/www.shami-shop.com\/de\/"},{"@type":"ListItem","position":2,"name":"Shop","item":"https:\/\/www.shami-shop.com\/de\/shop\/"},{"@type":"ListItem","position":3,"name":"Tsugaru Bachi Gr\u00f6\u00dfe XS"}]},{"@type":"WebSite","@id":"https:\/\/www.shami-shop.com\/de\/#website","url":"https:\/\/www.shami-shop.com\/de\/","name":"Shami-Shop","description":"Alles f\u00fcr den Shamisen-Spieler.","publisher":{"@id":"https:\/\/www.shami-shop.com\/de\/#organization"},"potentialAction":[{"@type":"SearchAction","target":{"@type":"EntryPoint","urlTemplate":"https:\/\/www.shami-shop.com\/de\/?s={search_term_string}"},"query-input":{"@type":"PropertyValueSpecification","valueRequired":true,"valueName":"search_term_string"}}],"inLanguage":"de"},{"@type":"Organization","@id":"https:\/\/www.shami-shop.com\/de\/#organization","name":"Shami-Shop","url":"https:\/\/www.shami-shop.com\/de\/","logo":{"@type":"ImageObject","inLanguage":"de","@id":"https:\/\/www.shami-shop.com\/de\/#\/schema\/logo\/image\/","url":"https:\/\/shami-shop.com\/wp-content\/uploads\/2021\/01\/Shami-Shop-Logo-1080.png","contentUrl":"https:\/\/shami-shop.com\/wp-content\/uploads\/2021\/01\/Shami-Shop-Logo-1080.png","width":1080,"height":1080,"caption":"Shami-Shop"},"image":{"@id":"https:\/\/www.shami-shop.com\/de\/#\/schema\/logo\/image\/"},"sameAs":["https:\/\/www.facebook.com\/weloveshamisen\/","https:\/\/www.instagram.com\/shamishop.europe\/"]}]}},"jetpack_sharing_enabled":true,"_links":{"self":[{"href":"https:\/\/www.shami-shop.com\/de\/wp-json\/wp\/v2\/product\/18778","targetHints":{"allow":["GET"]}}],"collection":[{"href":"https:\/\/www.shami-shop.com\/de\/wp-json\/wp\/v2\/product"}],"about":[{"href":"https:\/\/www.shami-shop.com\/de\/wp-json\/wp\/v2\/types\/product"}],"wp:featuredmedia":[{"embeddable":true,"href":"https:\/\/www.shami-shop.com\/de\/wp-json\/wp\/v2\/media\/23818"}],"wp:attachment":[{"href":"https:\/\/www.shami-shop.com\/de\/wp-json\/wp\/v2\/media?parent=18778"}],"wp:term":[{"taxonomy":"product_brand","embeddable":true,"href":"https:\/\/www.shami-shop.com\/de\/wp-json\/wp\/v2\/product_brand?post=18778"},{"taxonomy":"product_cat","embeddable":true,"href":"https:\/\/www.shami-shop.com\/de\/wp-json\/wp\/v2\/product_cat?post=18778"},{"taxonomy":"product_tag","embeddable":true,"href":"https:\/\/www.shami-shop.com\/de\/wp-json\/wp\/v2\/product_tag?post=18778"}],"curies":[{"name":"wp","href":"https:\/\/api.w.org\/{rel}","templated":true}]}}