{"id":18799,"date":"2022-12-11T12:03:23","date_gmt":"2022-12-13T18:57:29","guid":{"rendered":"https:\/\/www.shami-shop.com\/product\/san-no-ito-marusan-tetron-13-3\/"},"modified":"2025-03-05T14:27:56","modified_gmt":"2025-03-05T13:27:56","slug":"san-no-ito-marusan-tetron-13-3-2","status":"publish","type":"product","link":"https:\/\/www.shami-shop.com\/de\/produkt\/san-no-ito-marusan-tetron-13-3-2\/","title":{"rendered":"San no Ito | Marusan | (Tetron) 13-3"},"content":{"rendered":"<p data-pm-slice=\"1 1 []\">Marusan Hashimoto ist einer der besten Hersteller f\u00fcr Shamisen Saiten und ber\u00fchmt wegen seiner exzellenten Qualit\u00e4t. Professionelle Spieler vertrauen auf diese Marke.<\/p>\n<p data-pm-slice=\"1 1 []\">Die d\u00fcnne Saite (san no ito), die hier angeboten wird, ist aus einer sehr robusten Kunstfaser namens \u201eTetron\u201c hergestellt. Die Fadenst\u00e4rke ist 13. Ein wirklicher Allrounder.<\/p>\n<p data-pm-slice=\"1 1 []\"><span data-sheets-value=\"{\"1\":2,\"2\":\"Please note that all strings are sold individually and not in multi-packs.\"}\" data-sheets-userformat=\"{\"2\":513,\"3\":{\"1\":0},\"12\":0}\">Alle Saiten werden einzeln verkauft und nicht in Multi-Packs.<\/span><\/p>\n<div data-pm-slice=\"1 1 []\" data-en-clipboard=\"true\"><\/div>\n<div data-pm-slice=\"1 1 []\" data-en-clipboard=\"true\">Mehr Informationen \u00fcber Saiten gibt es auf der Kategorien-Seite<a href=\"https:\/\/shami-shop.com\/product-categorie\/strings\/\" rel=\"noopener\" rev=\"en_rl_none\">.<\/a><\/div>\n","protected":false},"excerpt":{"rendered":"<ul>\n<li data-pm-slice=\"1 1 []\">Tetron<\/li>\n<li data-pm-slice=\"1 1 []\">Gr\u00f6\u00dfe 13-3<\/li>\n<\/ul>\n","protected":false},"featured_media":2380,"template":"","meta":{"_et_pb_use_builder":"","_et_pb_old_content":"","_et_gb_content_width":""},"product_brand":[],"product_cat":[148,279,252,333],"product_tag":[],"class_list":{"0":"post-18799","1":"product","2":"type-product","3":"status-publish","4":"has-post-thumbnail","6":"product_cat-saiten","7":"product_cat-marusan-de","8":"product_cat-san-no-ito-de","9":"product_cat-tetron-de","10":"product_shipping_class-brief-de","12":"first","13":"outofstock","14":"shipping-taxable","15":"purchasable","16":"product-type-simple"},"yoast_head":"<!-- This site is optimized with the Yoast SEO plugin v26.9 - https:\/\/yoast.com\/product\/yoast-seo-wordpress\/ -->\n<title>San no Ito | Marusan | (Tetron) 13-3 - Shami-Shop<\/title>\n<meta name=\"description\" content=\"Shamisen Saiten aus Nylon der Marke Marusan Hashimoto. Kaufen Sie Saiten der St\u00e4rke 13-3.\" \/>\n<meta name=\"robots\" content=\"index, follow, max-snippet:-1, max-image-preview:large, max-video-preview:-1\" \/>\n<link rel=\"canonical\" href=\"https:\/\/www.shami-shop.com\/de\/produkt\/san-no-ito-marusan-tetron-13-3-2\/\" \/>\n<meta property=\"og:locale\" content=\"de_DE\" \/>\n<meta property=\"og:type\" content=\"article\" \/>\n<meta property=\"og:title\" content=\"San no Ito | Marusan | (Tetron) 13-3 - Shami-Shop\" \/>\n<meta property=\"og:description\" content=\"Shamisen Saiten aus Nylon der Marke Marusan Hashimoto. Kaufen Sie Saiten der St\u00e4rke 13-3.\" \/>\n<meta property=\"og:url\" content=\"https:\/\/www.shami-shop.com\/de\/produkt\/san-no-ito-marusan-tetron-13-3-2\/\" \/>\n<meta property=\"og:site_name\" content=\"Shami-Shop\" \/>\n<meta property=\"article:publisher\" content=\"https:\/\/www.facebook.com\/weloveshamisen\/\" \/>\n<meta property=\"article:modified_time\" content=\"2025-03-05T13:27:56+00:00\" \/>\n<meta property=\"og:image\" content=\"https:\/\/www.shami-shop.com\/wp-content\/uploads\/2021\/02\/Marusan-cover-photo-shami-shop.com_.png\" \/>\n\t<meta property=\"og:image:width\" content=\"1000\" \/>\n\t<meta property=\"og:image:height\" content=\"1000\" \/>\n\t<meta property=\"og:image:type\" content=\"image\/png\" \/>\n<meta name=\"twitter:card\" content=\"summary_large_image\" \/>\n<script type=\"application\/ld+json\" class=\"yoast-schema-graph\">{\"@context\":\"https:\/\/schema.org\",\"@graph\":[{\"@type\":[\"WebPage\",\"ItemPage\"],\"@id\":\"https:\/\/www.shami-shop.com\/de\/produkt\/san-no-ito-marusan-tetron-13-3-2\/\",\"url\":\"https:\/\/www.shami-shop.com\/de\/produkt\/san-no-ito-marusan-tetron-13-3-2\/\",\"name\":\"San no Ito | Marusan | (Tetron) 13-3 - Shami-Shop\",\"isPartOf\":{\"@id\":\"https:\/\/www.shami-shop.com\/de\/#website\"},\"primaryImageOfPage\":{\"@id\":\"https:\/\/www.shami-shop.com\/de\/produkt\/san-no-ito-marusan-tetron-13-3-2\/#primaryimage\"},\"image\":{\"@id\":\"https:\/\/www.shami-shop.com\/de\/produkt\/san-no-ito-marusan-tetron-13-3-2\/#primaryimage\"},\"thumbnailUrl\":\"https:\/\/www.shami-shop.com\/wp-content\/uploads\/2021\/02\/Marusan-cover-photo-shami-shop.com_.png\",\"datePublished\":\"2022-12-13T18:57:29+00:00\",\"dateModified\":\"2025-03-05T13:27:56+00:00\",\"description\":\"Shamisen Saiten aus Nylon der Marke Marusan Hashimoto. Kaufen Sie Saiten der St\u00e4rke 13-3.\",\"breadcrumb\":{\"@id\":\"https:\/\/www.shami-shop.com\/de\/produkt\/san-no-ito-marusan-tetron-13-3-2\/#breadcrumb\"},\"inLanguage\":\"de\",\"potentialAction\":[{\"@type\":\"ReadAction\",\"target\":[\"https:\/\/www.shami-shop.com\/de\/produkt\/san-no-ito-marusan-tetron-13-3-2\/\"]}]},{\"@type\":\"ImageObject\",\"inLanguage\":\"de\",\"@id\":\"https:\/\/www.shami-shop.com\/de\/produkt\/san-no-ito-marusan-tetron-13-3-2\/#primaryimage\",\"url\":\"https:\/\/www.shami-shop.com\/wp-content\/uploads\/2021\/02\/Marusan-cover-photo-shami-shop.com_.png\",\"contentUrl\":\"https:\/\/www.shami-shop.com\/wp-content\/uploads\/2021\/02\/Marusan-cover-photo-shami-shop.com_.png\",\"width\":1000,\"height\":1000,\"caption\":\"marusan shamisen string | shami-shop.com\"},{\"@type\":\"BreadcrumbList\",\"@id\":\"https:\/\/www.shami-shop.com\/de\/produkt\/san-no-ito-marusan-tetron-13-3-2\/#breadcrumb\",\"itemListElement\":[{\"@type\":\"ListItem\",\"position\":1,\"name\":\"Startseite\",\"item\":\"https:\/\/www.shami-shop.com\/de\/\"},{\"@type\":\"ListItem\",\"position\":2,\"name\":\"Shop\",\"item\":\"https:\/\/www.shami-shop.com\/de\/shop\/\"},{\"@type\":\"ListItem\",\"position\":3,\"name\":\"San no Ito | Marusan | (Tetron) 13-3\"}]},{\"@type\":\"WebSite\",\"@id\":\"https:\/\/www.shami-shop.com\/de\/#website\",\"url\":\"https:\/\/www.shami-shop.com\/de\/\",\"name\":\"Shami-Shop\",\"description\":\"Alles f\u00fcr den Shamisen-Spieler.\",\"publisher\":{\"@id\":\"https:\/\/www.shami-shop.com\/de\/#organization\"},\"potentialAction\":[{\"@type\":\"SearchAction\",\"target\":{\"@type\":\"EntryPoint\",\"urlTemplate\":\"https:\/\/www.shami-shop.com\/de\/?s={search_term_string}\"},\"query-input\":{\"@type\":\"PropertyValueSpecification\",\"valueRequired\":true,\"valueName\":\"search_term_string\"}}],\"inLanguage\":\"de\"},{\"@type\":\"Organization\",\"@id\":\"https:\/\/www.shami-shop.com\/de\/#organization\",\"name\":\"Shami-Shop\",\"url\":\"https:\/\/www.shami-shop.com\/de\/\",\"logo\":{\"@type\":\"ImageObject\",\"inLanguage\":\"de\",\"@id\":\"https:\/\/www.shami-shop.com\/de\/#\/schema\/logo\/image\/\",\"url\":\"https:\/\/shami-shop.com\/wp-content\/uploads\/2021\/01\/Shami-Shop-Logo-1080.png\",\"contentUrl\":\"https:\/\/shami-shop.com\/wp-content\/uploads\/2021\/01\/Shami-Shop-Logo-1080.png\",\"width\":1080,\"height\":1080,\"caption\":\"Shami-Shop\"},\"image\":{\"@id\":\"https:\/\/www.shami-shop.com\/de\/#\/schema\/logo\/image\/\"},\"sameAs\":[\"https:\/\/www.facebook.com\/weloveshamisen\/\",\"https:\/\/www.instagram.com\/shamishop.europe\/\"]}]}<\/script>\n<!-- \/ Yoast SEO plugin. -->","yoast_head_json":{"title":"San no Ito | Marusan | (Tetron) 13-3 - Shami-Shop","description":"Shamisen Saiten aus Nylon der Marke Marusan Hashimoto. Kaufen Sie Saiten der St\u00e4rke 13-3.","robots":{"index":"index","follow":"follow","max-snippet":"max-snippet:-1","max-image-preview":"max-image-preview:large","max-video-preview":"max-video-preview:-1"},"canonical":"https:\/\/www.shami-shop.com\/de\/produkt\/san-no-ito-marusan-tetron-13-3-2\/","og_locale":"de_DE","og_type":"article","og_title":"San no Ito | Marusan | (Tetron) 13-3 - Shami-Shop","og_description":"Shamisen Saiten aus Nylon der Marke Marusan Hashimoto. Kaufen Sie Saiten der St\u00e4rke 13-3.","og_url":"https:\/\/www.shami-shop.com\/de\/produkt\/san-no-ito-marusan-tetron-13-3-2\/","og_site_name":"Shami-Shop","article_publisher":"https:\/\/www.facebook.com\/weloveshamisen\/","article_modified_time":"2025-03-05T13:27:56+00:00","og_image":[{"width":1000,"height":1000,"url":"https:\/\/www.shami-shop.com\/wp-content\/uploads\/2021\/02\/Marusan-cover-photo-shami-shop.com_.png","type":"image\/png"}],"twitter_card":"summary_large_image","schema":{"@context":"https:\/\/schema.org","@graph":[{"@type":["WebPage","ItemPage"],"@id":"https:\/\/www.shami-shop.com\/de\/produkt\/san-no-ito-marusan-tetron-13-3-2\/","url":"https:\/\/www.shami-shop.com\/de\/produkt\/san-no-ito-marusan-tetron-13-3-2\/","name":"San no Ito | Marusan | (Tetron) 13-3 - Shami-Shop","isPartOf":{"@id":"https:\/\/www.shami-shop.com\/de\/#website"},"primaryImageOfPage":{"@id":"https:\/\/www.shami-shop.com\/de\/produkt\/san-no-ito-marusan-tetron-13-3-2\/#primaryimage"},"image":{"@id":"https:\/\/www.shami-shop.com\/de\/produkt\/san-no-ito-marusan-tetron-13-3-2\/#primaryimage"},"thumbnailUrl":"https:\/\/www.shami-shop.com\/wp-content\/uploads\/2021\/02\/Marusan-cover-photo-shami-shop.com_.png","datePublished":"2022-12-13T18:57:29+00:00","dateModified":"2025-03-05T13:27:56+00:00","description":"Shamisen Saiten aus Nylon der Marke Marusan Hashimoto. Kaufen Sie Saiten der St\u00e4rke 13-3.","breadcrumb":{"@id":"https:\/\/www.shami-shop.com\/de\/produkt\/san-no-ito-marusan-tetron-13-3-2\/#breadcrumb"},"inLanguage":"de","potentialAction":[{"@type":"ReadAction","target":["https:\/\/www.shami-shop.com\/de\/produkt\/san-no-ito-marusan-tetron-13-3-2\/"]}]},{"@type":"ImageObject","inLanguage":"de","@id":"https:\/\/www.shami-shop.com\/de\/produkt\/san-no-ito-marusan-tetron-13-3-2\/#primaryimage","url":"https:\/\/www.shami-shop.com\/wp-content\/uploads\/2021\/02\/Marusan-cover-photo-shami-shop.com_.png","contentUrl":"https:\/\/www.shami-shop.com\/wp-content\/uploads\/2021\/02\/Marusan-cover-photo-shami-shop.com_.png","width":1000,"height":1000,"caption":"marusan shamisen string | shami-shop.com"},{"@type":"BreadcrumbList","@id":"https:\/\/www.shami-shop.com\/de\/produkt\/san-no-ito-marusan-tetron-13-3-2\/#breadcrumb","itemListElement":[{"@type":"ListItem","position":1,"name":"Startseite","item":"https:\/\/www.shami-shop.com\/de\/"},{"@type":"ListItem","position":2,"name":"Shop","item":"https:\/\/www.shami-shop.com\/de\/shop\/"},{"@type":"ListItem","position":3,"name":"San no Ito | Marusan | (Tetron) 13-3"}]},{"@type":"WebSite","@id":"https:\/\/www.shami-shop.com\/de\/#website","url":"https:\/\/www.shami-shop.com\/de\/","name":"Shami-Shop","description":"Alles f\u00fcr den Shamisen-Spieler.","publisher":{"@id":"https:\/\/www.shami-shop.com\/de\/#organization"},"potentialAction":[{"@type":"SearchAction","target":{"@type":"EntryPoint","urlTemplate":"https:\/\/www.shami-shop.com\/de\/?s={search_term_string}"},"query-input":{"@type":"PropertyValueSpecification","valueRequired":true,"valueName":"search_term_string"}}],"inLanguage":"de"},{"@type":"Organization","@id":"https:\/\/www.shami-shop.com\/de\/#organization","name":"Shami-Shop","url":"https:\/\/www.shami-shop.com\/de\/","logo":{"@type":"ImageObject","inLanguage":"de","@id":"https:\/\/www.shami-shop.com\/de\/#\/schema\/logo\/image\/","url":"https:\/\/shami-shop.com\/wp-content\/uploads\/2021\/01\/Shami-Shop-Logo-1080.png","contentUrl":"https:\/\/shami-shop.com\/wp-content\/uploads\/2021\/01\/Shami-Shop-Logo-1080.png","width":1080,"height":1080,"caption":"Shami-Shop"},"image":{"@id":"https:\/\/www.shami-shop.com\/de\/#\/schema\/logo\/image\/"},"sameAs":["https:\/\/www.facebook.com\/weloveshamisen\/","https:\/\/www.instagram.com\/shamishop.europe\/"]}]}},"jetpack_sharing_enabled":true,"_links":{"self":[{"href":"https:\/\/www.shami-shop.com\/de\/wp-json\/wp\/v2\/product\/18799","targetHints":{"allow":["GET"]}}],"collection":[{"href":"https:\/\/www.shami-shop.com\/de\/wp-json\/wp\/v2\/product"}],"about":[{"href":"https:\/\/www.shami-shop.com\/de\/wp-json\/wp\/v2\/types\/product"}],"wp:featuredmedia":[{"embeddable":true,"href":"https:\/\/www.shami-shop.com\/de\/wp-json\/wp\/v2\/media\/2380"}],"wp:attachment":[{"href":"https:\/\/www.shami-shop.com\/de\/wp-json\/wp\/v2\/media?parent=18799"}],"wp:term":[{"taxonomy":"product_brand","embeddable":true,"href":"https:\/\/www.shami-shop.com\/de\/wp-json\/wp\/v2\/product_brand?post=18799"},{"taxonomy":"product_cat","embeddable":true,"href":"https:\/\/www.shami-shop.com\/de\/wp-json\/wp\/v2\/product_cat?post=18799"},{"taxonomy":"product_tag","embeddable":true,"href":"https:\/\/www.shami-shop.com\/de\/wp-json\/wp\/v2\/product_tag?post=18799"}],"curies":[{"name":"wp","href":"https:\/\/api.w.org\/{rel}","templated":true}]}}