{"id":18820,"date":"2022-12-15T13:04:19","date_gmt":"2022-12-15T12:09:04","guid":{"rendered":"https:\/\/www.shami-shop.com\/product\/mitsuori-koffer-schwarz-mit-rotem-futter\/"},"modified":"2022-12-15T13:09:04","modified_gmt":"2022-12-15T12:09:04","slug":"mitsuori-koffer-77","status":"publish","type":"product","link":"https:\/\/www.shami-shop.com\/de\/produkt\/mitsuori-koffer-77\/","title":{"rendered":"Mitsuori Koffer | Schwarz mit rotem Futter"},"content":{"rendered":"<p data-pm-slice=\"1 1 []\">Dieser leicht gebrauchte Mitsuori Koffer ist geeignet f\u00fcr Chuuzao oder Hozozao Shamisen. Das Hardcase hat die perfekte Gr\u00f6\u00dfe zum Reisen, wenn man mit leichtem Gep\u00e4ck unterwegs ist &#8211; oder sich wie ein cooler Geheimagent f\u00fchlen m\u00f6chte.<\/p>\n<p>Das Modell ist sehr modern und schnittig. Das rote Innenfutter bildet einen sch\u00f6nen Kontrast zum klassischen schwarzen Au\u00dfenmaterial. Das Au\u00dfenmaterial ist aus Kunststoff und wasserabweisend.<\/p>\n<p>Dieser Mitsuori Koffer schlie\u00dft mit drei robusten Schnallen.<\/p>\n","protected":false},"excerpt":{"rendered":"<p>Mitsuori Koffer f\u00fcr Chuuzao oder Hosozao Shamisen.<\/p>\n<p>Modernes Modell mit rotem Filz-Innenfutter.<\/p>\n<p>3 Spannverschl\u00fcsse<\/p>\n","protected":false},"featured_media":16964,"template":"","meta":{"_et_pb_use_builder":"","_et_pb_old_content":"","_et_gb_content_width":""},"product_brand":[],"product_cat":[138,440,441,437,62,140,411,403,412],"product_tag":[],"class_list":{"0":"post-18820","1":"product","2":"type-product","3":"status-publish","4":"has-post-thumbnail","6":"product_cat-shamisenkoffer","7":"product_cat-koffer-chuuzao","8":"product_cat-koffer-hosozao","9":"product_cat-koffer-tanzao","10":"product_cat-instrumentenkasten","11":"product_cat-mitsuori-koffer","12":"product_cat-jiuta-stil","13":"product_cat-nagauta-stil","14":"product_cat-kouta-stil","15":"product_shipping_class-5kg-de","17":"first","18":"outofstock","19":"shipping-taxable","20":"purchasable","21":"product-type-simple"},"yoast_head":"<!-- This site is optimized with the Yoast SEO plugin v26.9 - https:\/\/yoast.com\/product\/yoast-seo-wordpress\/ -->\n<title>Mitsuori Koffer | Schwarz mit rotem Futter - Shami-Shop<\/title>\n<meta name=\"description\" content=\"Minimal gebrauchtes Mitsuori Koffer mit rotem Filz - h\u00e4lt Ihre Shamisen sicher, \u00fcberall und jederzeit. Schlie\u00dft mit drei Schnallen.\" \/>\n<meta name=\"robots\" content=\"index, follow, max-snippet:-1, max-image-preview:large, max-video-preview:-1\" \/>\n<link rel=\"canonical\" href=\"https:\/\/www.shami-shop.com\/de\/produkt\/mitsuori-koffer-77\/\" \/>\n<meta property=\"og:locale\" content=\"de_DE\" \/>\n<meta property=\"og:type\" content=\"article\" \/>\n<meta property=\"og:title\" content=\"Mitsuori Koffer | Schwarz mit rotem Futter - Shami-Shop\" \/>\n<meta property=\"og:description\" content=\"Minimal gebrauchtes Mitsuori Koffer mit rotem Filz - h\u00e4lt Ihre Shamisen sicher, \u00fcberall und jederzeit. Schlie\u00dft mit drei Schnallen.\" \/>\n<meta property=\"og:url\" content=\"https:\/\/www.shami-shop.com\/de\/produkt\/mitsuori-koffer-77\/\" \/>\n<meta property=\"og:site_name\" content=\"Shami-Shop\" \/>\n<meta property=\"article:publisher\" content=\"https:\/\/www.facebook.com\/weloveshamisen\/\" \/>\n<meta property=\"og:image\" content=\"https:\/\/www.shami-shop.com\/wp-content\/uploads\/2022\/04\/K-77-front2.png\" \/>\n\t<meta property=\"og:image:width\" content=\"632\" \/>\n\t<meta property=\"og:image:height\" content=\"392\" \/>\n\t<meta property=\"og:image:type\" content=\"image\/png\" \/>\n<meta name=\"twitter:card\" content=\"summary_large_image\" \/>\n<script type=\"application\/ld+json\" class=\"yoast-schema-graph\">{\"@context\":\"https:\/\/schema.org\",\"@graph\":[{\"@type\":[\"WebPage\",\"ItemPage\"],\"@id\":\"https:\/\/www.shami-shop.com\/de\/produkt\/mitsuori-koffer-77\/\",\"url\":\"https:\/\/www.shami-shop.com\/de\/produkt\/mitsuori-koffer-77\/\",\"name\":\"Mitsuori Koffer | Schwarz mit rotem Futter - Shami-Shop\",\"isPartOf\":{\"@id\":\"https:\/\/www.shami-shop.com\/de\/#website\"},\"primaryImageOfPage\":{\"@id\":\"https:\/\/www.shami-shop.com\/de\/produkt\/mitsuori-koffer-77\/#primaryimage\"},\"image\":{\"@id\":\"https:\/\/www.shami-shop.com\/de\/produkt\/mitsuori-koffer-77\/#primaryimage\"},\"thumbnailUrl\":\"https:\/\/www.shami-shop.com\/wp-content\/uploads\/2022\/04\/K-77-front2.png\",\"datePublished\":\"2022-12-15T12:09:04+00:00\",\"description\":\"Minimal gebrauchtes Mitsuori Koffer mit rotem Filz - h\u00e4lt Ihre Shamisen sicher, \u00fcberall und jederzeit. Schlie\u00dft mit drei Schnallen.\",\"breadcrumb\":{\"@id\":\"https:\/\/www.shami-shop.com\/de\/produkt\/mitsuori-koffer-77\/#breadcrumb\"},\"inLanguage\":\"de\",\"potentialAction\":[{\"@type\":\"ReadAction\",\"target\":[\"https:\/\/www.shami-shop.com\/de\/produkt\/mitsuori-koffer-77\/\"]}]},{\"@type\":\"ImageObject\",\"inLanguage\":\"de\",\"@id\":\"https:\/\/www.shami-shop.com\/de\/produkt\/mitsuori-koffer-77\/#primaryimage\",\"url\":\"https:\/\/www.shami-shop.com\/wp-content\/uploads\/2022\/04\/K-77-front2.png\",\"contentUrl\":\"https:\/\/www.shami-shop.com\/wp-content\/uploads\/2022\/04\/K-77-front2.png\",\"width\":632,\"height\":392},{\"@type\":\"BreadcrumbList\",\"@id\":\"https:\/\/www.shami-shop.com\/de\/produkt\/mitsuori-koffer-77\/#breadcrumb\",\"itemListElement\":[{\"@type\":\"ListItem\",\"position\":1,\"name\":\"Startseite\",\"item\":\"https:\/\/www.shami-shop.com\/de\/\"},{\"@type\":\"ListItem\",\"position\":2,\"name\":\"Shop\",\"item\":\"https:\/\/www.shami-shop.com\/de\/shop\/\"},{\"@type\":\"ListItem\",\"position\":3,\"name\":\"Mitsuori Koffer | Schwarz mit rotem Futter\"}]},{\"@type\":\"WebSite\",\"@id\":\"https:\/\/www.shami-shop.com\/de\/#website\",\"url\":\"https:\/\/www.shami-shop.com\/de\/\",\"name\":\"Shami-Shop\",\"description\":\"Alles f\u00fcr den Shamisen-Spieler.\",\"publisher\":{\"@id\":\"https:\/\/www.shami-shop.com\/de\/#organization\"},\"potentialAction\":[{\"@type\":\"SearchAction\",\"target\":{\"@type\":\"EntryPoint\",\"urlTemplate\":\"https:\/\/www.shami-shop.com\/de\/?s={search_term_string}\"},\"query-input\":{\"@type\":\"PropertyValueSpecification\",\"valueRequired\":true,\"valueName\":\"search_term_string\"}}],\"inLanguage\":\"de\"},{\"@type\":\"Organization\",\"@id\":\"https:\/\/www.shami-shop.com\/de\/#organization\",\"name\":\"Shami-Shop\",\"url\":\"https:\/\/www.shami-shop.com\/de\/\",\"logo\":{\"@type\":\"ImageObject\",\"inLanguage\":\"de\",\"@id\":\"https:\/\/www.shami-shop.com\/de\/#\/schema\/logo\/image\/\",\"url\":\"https:\/\/shami-shop.com\/wp-content\/uploads\/2021\/01\/Shami-Shop-Logo-1080.png\",\"contentUrl\":\"https:\/\/shami-shop.com\/wp-content\/uploads\/2021\/01\/Shami-Shop-Logo-1080.png\",\"width\":1080,\"height\":1080,\"caption\":\"Shami-Shop\"},\"image\":{\"@id\":\"https:\/\/www.shami-shop.com\/de\/#\/schema\/logo\/image\/\"},\"sameAs\":[\"https:\/\/www.facebook.com\/weloveshamisen\/\",\"https:\/\/www.instagram.com\/shamishop.europe\/\"]}]}<\/script>\n<!-- \/ Yoast SEO plugin. -->","yoast_head_json":{"title":"Mitsuori Koffer | Schwarz mit rotem Futter - Shami-Shop","description":"Minimal gebrauchtes Mitsuori Koffer mit rotem Filz - h\u00e4lt Ihre Shamisen sicher, \u00fcberall und jederzeit. Schlie\u00dft mit drei Schnallen.","robots":{"index":"index","follow":"follow","max-snippet":"max-snippet:-1","max-image-preview":"max-image-preview:large","max-video-preview":"max-video-preview:-1"},"canonical":"https:\/\/www.shami-shop.com\/de\/produkt\/mitsuori-koffer-77\/","og_locale":"de_DE","og_type":"article","og_title":"Mitsuori Koffer | Schwarz mit rotem Futter - Shami-Shop","og_description":"Minimal gebrauchtes Mitsuori Koffer mit rotem Filz - h\u00e4lt Ihre Shamisen sicher, \u00fcberall und jederzeit. Schlie\u00dft mit drei Schnallen.","og_url":"https:\/\/www.shami-shop.com\/de\/produkt\/mitsuori-koffer-77\/","og_site_name":"Shami-Shop","article_publisher":"https:\/\/www.facebook.com\/weloveshamisen\/","og_image":[{"width":632,"height":392,"url":"https:\/\/www.shami-shop.com\/wp-content\/uploads\/2022\/04\/K-77-front2.png","type":"image\/png"}],"twitter_card":"summary_large_image","schema":{"@context":"https:\/\/schema.org","@graph":[{"@type":["WebPage","ItemPage"],"@id":"https:\/\/www.shami-shop.com\/de\/produkt\/mitsuori-koffer-77\/","url":"https:\/\/www.shami-shop.com\/de\/produkt\/mitsuori-koffer-77\/","name":"Mitsuori Koffer | Schwarz mit rotem Futter - Shami-Shop","isPartOf":{"@id":"https:\/\/www.shami-shop.com\/de\/#website"},"primaryImageOfPage":{"@id":"https:\/\/www.shami-shop.com\/de\/produkt\/mitsuori-koffer-77\/#primaryimage"},"image":{"@id":"https:\/\/www.shami-shop.com\/de\/produkt\/mitsuori-koffer-77\/#primaryimage"},"thumbnailUrl":"https:\/\/www.shami-shop.com\/wp-content\/uploads\/2022\/04\/K-77-front2.png","datePublished":"2022-12-15T12:09:04+00:00","description":"Minimal gebrauchtes Mitsuori Koffer mit rotem Filz - h\u00e4lt Ihre Shamisen sicher, \u00fcberall und jederzeit. Schlie\u00dft mit drei Schnallen.","breadcrumb":{"@id":"https:\/\/www.shami-shop.com\/de\/produkt\/mitsuori-koffer-77\/#breadcrumb"},"inLanguage":"de","potentialAction":[{"@type":"ReadAction","target":["https:\/\/www.shami-shop.com\/de\/produkt\/mitsuori-koffer-77\/"]}]},{"@type":"ImageObject","inLanguage":"de","@id":"https:\/\/www.shami-shop.com\/de\/produkt\/mitsuori-koffer-77\/#primaryimage","url":"https:\/\/www.shami-shop.com\/wp-content\/uploads\/2022\/04\/K-77-front2.png","contentUrl":"https:\/\/www.shami-shop.com\/wp-content\/uploads\/2022\/04\/K-77-front2.png","width":632,"height":392},{"@type":"BreadcrumbList","@id":"https:\/\/www.shami-shop.com\/de\/produkt\/mitsuori-koffer-77\/#breadcrumb","itemListElement":[{"@type":"ListItem","position":1,"name":"Startseite","item":"https:\/\/www.shami-shop.com\/de\/"},{"@type":"ListItem","position":2,"name":"Shop","item":"https:\/\/www.shami-shop.com\/de\/shop\/"},{"@type":"ListItem","position":3,"name":"Mitsuori Koffer | Schwarz mit rotem Futter"}]},{"@type":"WebSite","@id":"https:\/\/www.shami-shop.com\/de\/#website","url":"https:\/\/www.shami-shop.com\/de\/","name":"Shami-Shop","description":"Alles f\u00fcr den Shamisen-Spieler.","publisher":{"@id":"https:\/\/www.shami-shop.com\/de\/#organization"},"potentialAction":[{"@type":"SearchAction","target":{"@type":"EntryPoint","urlTemplate":"https:\/\/www.shami-shop.com\/de\/?s={search_term_string}"},"query-input":{"@type":"PropertyValueSpecification","valueRequired":true,"valueName":"search_term_string"}}],"inLanguage":"de"},{"@type":"Organization","@id":"https:\/\/www.shami-shop.com\/de\/#organization","name":"Shami-Shop","url":"https:\/\/www.shami-shop.com\/de\/","logo":{"@type":"ImageObject","inLanguage":"de","@id":"https:\/\/www.shami-shop.com\/de\/#\/schema\/logo\/image\/","url":"https:\/\/shami-shop.com\/wp-content\/uploads\/2021\/01\/Shami-Shop-Logo-1080.png","contentUrl":"https:\/\/shami-shop.com\/wp-content\/uploads\/2021\/01\/Shami-Shop-Logo-1080.png","width":1080,"height":1080,"caption":"Shami-Shop"},"image":{"@id":"https:\/\/www.shami-shop.com\/de\/#\/schema\/logo\/image\/"},"sameAs":["https:\/\/www.facebook.com\/weloveshamisen\/","https:\/\/www.instagram.com\/shamishop.europe\/"]}]}},"jetpack_sharing_enabled":true,"_links":{"self":[{"href":"https:\/\/www.shami-shop.com\/de\/wp-json\/wp\/v2\/product\/18820","targetHints":{"allow":["GET"]}}],"collection":[{"href":"https:\/\/www.shami-shop.com\/de\/wp-json\/wp\/v2\/product"}],"about":[{"href":"https:\/\/www.shami-shop.com\/de\/wp-json\/wp\/v2\/types\/product"}],"wp:featuredmedia":[{"embeddable":true,"href":"https:\/\/www.shami-shop.com\/de\/wp-json\/wp\/v2\/media\/16964"}],"wp:attachment":[{"href":"https:\/\/www.shami-shop.com\/de\/wp-json\/wp\/v2\/media?parent=18820"}],"wp:term":[{"taxonomy":"product_brand","embeddable":true,"href":"https:\/\/www.shami-shop.com\/de\/wp-json\/wp\/v2\/product_brand?post=18820"},{"taxonomy":"product_cat","embeddable":true,"href":"https:\/\/www.shami-shop.com\/de\/wp-json\/wp\/v2\/product_cat?post=18820"},{"taxonomy":"product_tag","embeddable":true,"href":"https:\/\/www.shami-shop.com\/de\/wp-json\/wp\/v2\/product_tag?post=18820"}],"curies":[{"name":"wp","href":"https:\/\/api.w.org\/{rel}","templated":true}]}}