{"id":18841,"date":"2022-12-15T18:41:17","date_gmt":"2022-12-15T17:44:22","guid":{"rendered":"https:\/\/www.shami-shop.com\/product\/koffer-schwarz-mit-rot\/"},"modified":"2022-12-15T18:44:22","modified_gmt":"2022-12-15T17:44:22","slug":"longcase-73-2","status":"publish","type":"product","link":"https:\/\/www.shami-shop.com\/de\/produkt\/longcase-73-2\/","title":{"rendered":"Koffer | Schwarz mit Rot"},"content":{"rendered":"<p data-pm-slice=\"1 1 []\">Dieser Shamisen-Koffer ist mit seiner extravaganten Form ein echter extra cooler Hingucker und strahlt souver\u00e4ne Coolness aus. Der Koffer hat bislang hervorragende Dienste geleistet &#8211; unschwer zu erkennen an den leichten Schrammen am Au\u00dfenmaterial (siehe Fotos). Die Shamisen ist bei dem Zwischenfall abe heil geblieben. Der Koffer ist also der perfekte Begleiter f\u00fcr Ihre Hosozao oder Chuuzao Shamisen.<\/p>\n<p data-pm-slice=\"1 1 []\">Ihr Instrument f\u00fcr den Transport nicht auseinanderbauen zu m\u00fcssen macht einen gewaltigen Unterschied, denn die Shamisen ist sofort einsatz- und spielbereit! Das Instrument komplett zusammengebaut zu lassen bedeutet auch, dass die Stimmung stabil bleibt und man viel weniger Zeit aufs Stimmen und Nachstimmen verwenden muss. Die harte Au\u00dfenschale des Koffers sch\u00fctzt Ihr Instrument vor Leuten, Ecken und T\u00fcrrahmen, die Ihnen in den Weg kommen.<\/p>\n<p>Das Extrafach in der Mitte des Kastens bietet genug Platz f\u00fcr ein Bachi, Ersatzsaiten und andere wichtige Accessoires. Ich bin ein riesiger Fan dieses Koffers!<\/p>\n<p>4 Schlie\u00dfen, keine Schl\u00fcssel<\/p>\n","protected":false},"excerpt":{"rendered":"<p data-pm-slice=\"1 1 []\">Gebrauchter Koffer f\u00fcr Chuuzao und Hosozao Shamisen.<\/p>\n<p>Au\u00dfen schwarz, innen rot.<\/p>\n<p data-pm-slice=\"1 1 []\">4 Schlie\u00dfen<\/p>\n","protected":false},"featured_media":0,"template":"","meta":{"_et_pb_use_builder":"","_et_pb_old_content":"","_et_gb_content_width":""},"product_brand":[],"product_cat":[440,441,437,62,63],"product_tag":[],"class_list":{"0":"post-18841","1":"product","2":"type-product","3":"status-publish","5":"product_cat-koffer-chuuzao","6":"product_cat-koffer-hosozao","7":"product_cat-koffer-tanzao","8":"product_cat-instrumentenkasten","9":"product_cat-lange-koffer","10":"product_shipping_class-5kg-de","12":"first","13":"outofstock","14":"shipping-taxable","15":"purchasable","16":"product-type-simple"},"yoast_head":"<!-- This site is optimized with the Yoast SEO plugin v26.9 - https:\/\/yoast.com\/product\/yoast-seo-wordpress\/ -->\n<title>Koffer | Schwarz mit Rot - Shami-Shop<\/title>\n<meta name=\"description\" content=\"Gebrauchter schwarzer Shamisen-Kasten mit silberenem Futter. Damit Ihre Shamisen immer und \u00fcberall rundum gesch\u00fctzt ist.\" \/>\n<meta name=\"robots\" content=\"index, follow, max-snippet:-1, max-image-preview:large, max-video-preview:-1\" \/>\n<link rel=\"canonical\" href=\"https:\/\/www.shami-shop.com\/de\/produkt\/longcase-73-2\/\" \/>\n<meta property=\"og:locale\" content=\"de_DE\" \/>\n<meta property=\"og:type\" content=\"article\" \/>\n<meta property=\"og:title\" content=\"Koffer | Schwarz mit Rot - Shami-Shop\" \/>\n<meta property=\"og:description\" content=\"Gebrauchter schwarzer Shamisen-Kasten mit silberenem Futter. Damit Ihre Shamisen immer und \u00fcberall rundum gesch\u00fctzt ist.\" \/>\n<meta property=\"og:url\" content=\"https:\/\/www.shami-shop.com\/de\/produkt\/longcase-73-2\/\" \/>\n<meta property=\"og:site_name\" content=\"Shami-Shop\" \/>\n<meta property=\"article:publisher\" content=\"https:\/\/www.facebook.com\/weloveshamisen\/\" \/>\n<meta property=\"og:image\" content=\"https:\/\/www.shami-shop.com\/wp-content\/uploads\/2022\/05\/K-73-h_feat.png\" \/>\n\t<meta property=\"og:image:width\" content=\"810\" \/>\n\t<meta property=\"og:image:height\" content=\"810\" \/>\n\t<meta property=\"og:image:type\" content=\"image\/png\" \/>\n<meta name=\"twitter:card\" content=\"summary_large_image\" \/>\n<meta name=\"twitter:label1\" content=\"Gesch\u00e4tzte Lesezeit\" \/>\n\t<meta name=\"twitter:data1\" content=\"1\u00a0Minute\" \/>\n<script type=\"application\/ld+json\" class=\"yoast-schema-graph\">{\"@context\":\"https:\/\/schema.org\",\"@graph\":[{\"@type\":[\"WebPage\",\"ItemPage\"],\"@id\":\"https:\/\/www.shami-shop.com\/de\/produkt\/longcase-73-2\/\",\"url\":\"https:\/\/www.shami-shop.com\/de\/produkt\/longcase-73-2\/\",\"name\":\"Koffer | Schwarz mit Rot - Shami-Shop\",\"isPartOf\":{\"@id\":\"https:\/\/www.shami-shop.com\/de\/#website\"},\"datePublished\":\"2022-12-15T17:44:22+00:00\",\"description\":\"Gebrauchter schwarzer Shamisen-Kasten mit silberenem Futter. Damit Ihre Shamisen immer und \u00fcberall rundum gesch\u00fctzt ist.\",\"breadcrumb\":{\"@id\":\"https:\/\/www.shami-shop.com\/de\/produkt\/longcase-73-2\/#breadcrumb\"},\"inLanguage\":\"de\",\"potentialAction\":[{\"@type\":\"ReadAction\",\"target\":[\"https:\/\/www.shami-shop.com\/de\/produkt\/longcase-73-2\/\"]}]},{\"@type\":\"BreadcrumbList\",\"@id\":\"https:\/\/www.shami-shop.com\/de\/produkt\/longcase-73-2\/#breadcrumb\",\"itemListElement\":[{\"@type\":\"ListItem\",\"position\":1,\"name\":\"Startseite\",\"item\":\"https:\/\/www.shami-shop.com\/de\/\"},{\"@type\":\"ListItem\",\"position\":2,\"name\":\"Shop\",\"item\":\"https:\/\/www.shami-shop.com\/de\/shop\/\"},{\"@type\":\"ListItem\",\"position\":3,\"name\":\"Koffer | Schwarz mit Rot\"}]},{\"@type\":\"WebSite\",\"@id\":\"https:\/\/www.shami-shop.com\/de\/#website\",\"url\":\"https:\/\/www.shami-shop.com\/de\/\",\"name\":\"Shami-Shop\",\"description\":\"Alles f\u00fcr den Shamisen-Spieler.\",\"publisher\":{\"@id\":\"https:\/\/www.shami-shop.com\/de\/#organization\"},\"potentialAction\":[{\"@type\":\"SearchAction\",\"target\":{\"@type\":\"EntryPoint\",\"urlTemplate\":\"https:\/\/www.shami-shop.com\/de\/?s={search_term_string}\"},\"query-input\":{\"@type\":\"PropertyValueSpecification\",\"valueRequired\":true,\"valueName\":\"search_term_string\"}}],\"inLanguage\":\"de\"},{\"@type\":\"Organization\",\"@id\":\"https:\/\/www.shami-shop.com\/de\/#organization\",\"name\":\"Shami-Shop\",\"url\":\"https:\/\/www.shami-shop.com\/de\/\",\"logo\":{\"@type\":\"ImageObject\",\"inLanguage\":\"de\",\"@id\":\"https:\/\/www.shami-shop.com\/de\/#\/schema\/logo\/image\/\",\"url\":\"https:\/\/shami-shop.com\/wp-content\/uploads\/2021\/01\/Shami-Shop-Logo-1080.png\",\"contentUrl\":\"https:\/\/shami-shop.com\/wp-content\/uploads\/2021\/01\/Shami-Shop-Logo-1080.png\",\"width\":1080,\"height\":1080,\"caption\":\"Shami-Shop\"},\"image\":{\"@id\":\"https:\/\/www.shami-shop.com\/de\/#\/schema\/logo\/image\/\"},\"sameAs\":[\"https:\/\/www.facebook.com\/weloveshamisen\/\",\"https:\/\/www.instagram.com\/shamishop.europe\/\"]}]}<\/script>\n<!-- \/ Yoast SEO plugin. -->","yoast_head_json":{"title":"Koffer | Schwarz mit Rot - Shami-Shop","description":"Gebrauchter schwarzer Shamisen-Kasten mit silberenem Futter. Damit Ihre Shamisen immer und \u00fcberall rundum gesch\u00fctzt ist.","robots":{"index":"index","follow":"follow","max-snippet":"max-snippet:-1","max-image-preview":"max-image-preview:large","max-video-preview":"max-video-preview:-1"},"canonical":"https:\/\/www.shami-shop.com\/de\/produkt\/longcase-73-2\/","og_locale":"de_DE","og_type":"article","og_title":"Koffer | Schwarz mit Rot - Shami-Shop","og_description":"Gebrauchter schwarzer Shamisen-Kasten mit silberenem Futter. Damit Ihre Shamisen immer und \u00fcberall rundum gesch\u00fctzt ist.","og_url":"https:\/\/www.shami-shop.com\/de\/produkt\/longcase-73-2\/","og_site_name":"Shami-Shop","article_publisher":"https:\/\/www.facebook.com\/weloveshamisen\/","og_image":[{"width":810,"height":810,"url":"https:\/\/www.shami-shop.com\/wp-content\/uploads\/2022\/05\/K-73-h_feat.png","type":"image\/png"}],"twitter_card":"summary_large_image","twitter_misc":{"Gesch\u00e4tzte Lesezeit":"1\u00a0Minute"},"schema":{"@context":"https:\/\/schema.org","@graph":[{"@type":["WebPage","ItemPage"],"@id":"https:\/\/www.shami-shop.com\/de\/produkt\/longcase-73-2\/","url":"https:\/\/www.shami-shop.com\/de\/produkt\/longcase-73-2\/","name":"Koffer | Schwarz mit Rot - Shami-Shop","isPartOf":{"@id":"https:\/\/www.shami-shop.com\/de\/#website"},"datePublished":"2022-12-15T17:44:22+00:00","description":"Gebrauchter schwarzer Shamisen-Kasten mit silberenem Futter. Damit Ihre Shamisen immer und \u00fcberall rundum gesch\u00fctzt ist.","breadcrumb":{"@id":"https:\/\/www.shami-shop.com\/de\/produkt\/longcase-73-2\/#breadcrumb"},"inLanguage":"de","potentialAction":[{"@type":"ReadAction","target":["https:\/\/www.shami-shop.com\/de\/produkt\/longcase-73-2\/"]}]},{"@type":"BreadcrumbList","@id":"https:\/\/www.shami-shop.com\/de\/produkt\/longcase-73-2\/#breadcrumb","itemListElement":[{"@type":"ListItem","position":1,"name":"Startseite","item":"https:\/\/www.shami-shop.com\/de\/"},{"@type":"ListItem","position":2,"name":"Shop","item":"https:\/\/www.shami-shop.com\/de\/shop\/"},{"@type":"ListItem","position":3,"name":"Koffer | Schwarz mit Rot"}]},{"@type":"WebSite","@id":"https:\/\/www.shami-shop.com\/de\/#website","url":"https:\/\/www.shami-shop.com\/de\/","name":"Shami-Shop","description":"Alles f\u00fcr den Shamisen-Spieler.","publisher":{"@id":"https:\/\/www.shami-shop.com\/de\/#organization"},"potentialAction":[{"@type":"SearchAction","target":{"@type":"EntryPoint","urlTemplate":"https:\/\/www.shami-shop.com\/de\/?s={search_term_string}"},"query-input":{"@type":"PropertyValueSpecification","valueRequired":true,"valueName":"search_term_string"}}],"inLanguage":"de"},{"@type":"Organization","@id":"https:\/\/www.shami-shop.com\/de\/#organization","name":"Shami-Shop","url":"https:\/\/www.shami-shop.com\/de\/","logo":{"@type":"ImageObject","inLanguage":"de","@id":"https:\/\/www.shami-shop.com\/de\/#\/schema\/logo\/image\/","url":"https:\/\/shami-shop.com\/wp-content\/uploads\/2021\/01\/Shami-Shop-Logo-1080.png","contentUrl":"https:\/\/shami-shop.com\/wp-content\/uploads\/2021\/01\/Shami-Shop-Logo-1080.png","width":1080,"height":1080,"caption":"Shami-Shop"},"image":{"@id":"https:\/\/www.shami-shop.com\/de\/#\/schema\/logo\/image\/"},"sameAs":["https:\/\/www.facebook.com\/weloveshamisen\/","https:\/\/www.instagram.com\/shamishop.europe\/"]}]}},"jetpack_sharing_enabled":true,"_links":{"self":[{"href":"https:\/\/www.shami-shop.com\/de\/wp-json\/wp\/v2\/product\/18841","targetHints":{"allow":["GET"]}}],"collection":[{"href":"https:\/\/www.shami-shop.com\/de\/wp-json\/wp\/v2\/product"}],"about":[{"href":"https:\/\/www.shami-shop.com\/de\/wp-json\/wp\/v2\/types\/product"}],"wp:attachment":[{"href":"https:\/\/www.shami-shop.com\/de\/wp-json\/wp\/v2\/media?parent=18841"}],"wp:term":[{"taxonomy":"product_brand","embeddable":true,"href":"https:\/\/www.shami-shop.com\/de\/wp-json\/wp\/v2\/product_brand?post=18841"},{"taxonomy":"product_cat","embeddable":true,"href":"https:\/\/www.shami-shop.com\/de\/wp-json\/wp\/v2\/product_cat?post=18841"},{"taxonomy":"product_tag","embeddable":true,"href":"https:\/\/www.shami-shop.com\/de\/wp-json\/wp\/v2\/product_tag?post=18841"}],"curies":[{"name":"wp","href":"https:\/\/api.w.org\/{rel}","templated":true}]}}