{"id":19164,"date":"2023-04-20T07:46:47","date_gmt":"2023-04-20T06:50:00","guid":{"rendered":"https:\/\/www.shami-shop.com\/product\/ni-no-ito-hatsune-seide-14-2\/"},"modified":"2026-02-27T17:05:49","modified_gmt":"2026-02-27T16:05:49","slug":"ni-no-ito-hatsune-seide-14-2","status":"publish","type":"product","link":"https:\/\/www.shami-shop.com\/de\/produkt\/ni-no-ito-hatsune-seide-14-2\/","title":{"rendered":"Ni no Ito | Hatsune (Seide) 14-2"},"content":{"rendered":"<p data-pm-slice=\"1 1 []\">Hatsune geh\u00f6rt zu den bekanntesten Herstellern f\u00fcr hochwertige Shamisen-Saiten und ist bew\u00e4hrt unter professionellen Shamisen-Spielern in Japan.<\/p>\n<p data-pm-slice=\"1 1 []\">Die hier angebotene mittlere Saite (ni no ito) ist aus Seide gearbeitet &#8211; dem traditionellen Material f\u00fcr Shamisen-Saiten. Saitenst\u00e4rke 14 ist ein wahrer Allrounder und passt zu jedem Stil. Nagauta Spieler werden sich vielleicht f\u00fcr eine d\u00fcnnere Saite entscheiden, um dem spezifischen Klangideal ihres Genres zu entsprechen. Entscheiden Sie sich am besten nach Ihren individuellen pers\u00f6nlichen Klangvorlieben und nach dem Charaker Ihres Instruments.<\/p>\n<p data-pm-slice=\"1 1 []\"><span data-sheets-value=\"{\"1\":2,\"2\":\"Please note that all strings are sold individually and not in multi-packs.\"}\" data-sheets-userformat=\"{\"2\":513,\"3\":{\"1\":0},\"12\":0}\">Alle Saiten werden einzeln verkauft und nicht in Multi-Packs.<\/span><\/p>\n<p data-pm-slice=\"1 1 []\">Mehr Informationen \u00fcber Saiten gibt es auf der Kategorien-Seite<a href=\"https:\/\/shami-shop.com\/product-categorie\/strings\/\" target=\"_blank\" rel=\"noopener\">.<\/a><\/p>\n","protected":false},"excerpt":{"rendered":"<ul>\n<li data-pm-slice=\"1 1 []\">Seide<\/li>\n<li data-pm-slice=\"1 1 []\">Gr\u00f6\u00dfe 14-2<\/li>\n<\/ul>\n","protected":false},"featured_media":5751,"template":"","meta":{"_et_pb_use_builder":"","_et_pb_old_content":"","_et_gb_content_width":""},"product_brand":[],"product_cat":[148,281,251,332],"product_tag":[],"class_list":{"0":"post-19164","1":"product","2":"type-product","3":"status-publish","4":"has-post-thumbnail","6":"product_cat-saiten","7":"product_cat-hatsune-de","8":"product_cat-ni-no-ito-de","9":"product_cat-seide","10":"product_shipping_class-brief-de","12":"first","13":"instock","14":"shipping-taxable","15":"purchasable","16":"product-type-simple"},"yoast_head":"<!-- This site is optimized with the Yoast SEO plugin v26.9 - https:\/\/yoast.com\/product\/yoast-seo-wordpress\/ -->\n<title>Ni no Ito | Hatsune (Seide) 14-2 - Shami-Shop<\/title>\n<meta name=\"description\" content=\"Shamisen-Saiten aus Seide von der Marke Hatsune.\" \/>\n<meta name=\"robots\" content=\"index, follow, max-snippet:-1, max-image-preview:large, max-video-preview:-1\" \/>\n<link rel=\"canonical\" href=\"https:\/\/www.shami-shop.com\/de\/produkt\/ni-no-ito-hatsune-seide-14-2\/\" \/>\n<meta property=\"og:locale\" content=\"de_DE\" \/>\n<meta property=\"og:type\" content=\"article\" \/>\n<meta property=\"og:title\" content=\"Ni no Ito | Hatsune (Seide) 14-2 - Shami-Shop\" \/>\n<meta property=\"og:description\" content=\"Shamisen-Saiten aus Seide von der Marke Hatsune.\" \/>\n<meta property=\"og:url\" content=\"https:\/\/www.shami-shop.com\/de\/produkt\/ni-no-ito-hatsune-seide-14-2\/\" \/>\n<meta property=\"og:site_name\" content=\"Shami-Shop\" \/>\n<meta property=\"article:publisher\" content=\"https:\/\/www.facebook.com\/weloveshamisen\/\" \/>\n<meta property=\"article:modified_time\" content=\"2026-02-27T16:05:49+00:00\" \/>\n<meta property=\"og:image\" content=\"https:\/\/www.shami-shop.com\/wp-content\/uploads\/2021\/02\/m92449888073_1.jpg\" \/>\n\t<meta property=\"og:image:width\" content=\"608\" \/>\n\t<meta property=\"og:image:height\" content=\"632\" \/>\n\t<meta property=\"og:image:type\" content=\"image\/jpeg\" \/>\n<meta name=\"twitter:card\" content=\"summary_large_image\" \/>\n<meta name=\"twitter:label1\" content=\"Gesch\u00e4tzte Lesezeit\" \/>\n\t<meta name=\"twitter:data1\" content=\"1\u00a0Minute\" \/>\n<script type=\"application\/ld+json\" class=\"yoast-schema-graph\">{\"@context\":\"https:\/\/schema.org\",\"@graph\":[{\"@type\":[\"WebPage\",\"ItemPage\"],\"@id\":\"https:\/\/www.shami-shop.com\/de\/produkt\/ni-no-ito-hatsune-seide-14-2\/\",\"url\":\"https:\/\/www.shami-shop.com\/de\/produkt\/ni-no-ito-hatsune-seide-14-2\/\",\"name\":\"Ni no Ito | Hatsune (Seide) 14-2 - Shami-Shop\",\"isPartOf\":{\"@id\":\"https:\/\/www.shami-shop.com\/de\/#website\"},\"primaryImageOfPage\":{\"@id\":\"https:\/\/www.shami-shop.com\/de\/produkt\/ni-no-ito-hatsune-seide-14-2\/#primaryimage\"},\"image\":{\"@id\":\"https:\/\/www.shami-shop.com\/de\/produkt\/ni-no-ito-hatsune-seide-14-2\/#primaryimage\"},\"thumbnailUrl\":\"https:\/\/www.shami-shop.com\/wp-content\/uploads\/2021\/02\/m92449888073_1.jpg\",\"datePublished\":\"2023-04-20T06:50:00+00:00\",\"dateModified\":\"2026-02-27T16:05:49+00:00\",\"description\":\"Shamisen-Saiten aus Seide von der Marke Hatsune.\",\"breadcrumb\":{\"@id\":\"https:\/\/www.shami-shop.com\/de\/produkt\/ni-no-ito-hatsune-seide-14-2\/#breadcrumb\"},\"inLanguage\":\"de\",\"potentialAction\":[{\"@type\":\"ReadAction\",\"target\":[\"https:\/\/www.shami-shop.com\/de\/produkt\/ni-no-ito-hatsune-seide-14-2\/\"]}]},{\"@type\":\"ImageObject\",\"inLanguage\":\"de\",\"@id\":\"https:\/\/www.shami-shop.com\/de\/produkt\/ni-no-ito-hatsune-seide-14-2\/#primaryimage\",\"url\":\"https:\/\/www.shami-shop.com\/wp-content\/uploads\/2021\/02\/m92449888073_1.jpg\",\"contentUrl\":\"https:\/\/www.shami-shop.com\/wp-content\/uploads\/2021\/02\/m92449888073_1.jpg\",\"width\":608,\"height\":632,\"caption\":\"Hatsune Saiten Shamisen\"},{\"@type\":\"BreadcrumbList\",\"@id\":\"https:\/\/www.shami-shop.com\/de\/produkt\/ni-no-ito-hatsune-seide-14-2\/#breadcrumb\",\"itemListElement\":[{\"@type\":\"ListItem\",\"position\":1,\"name\":\"Startseite\",\"item\":\"https:\/\/www.shami-shop.com\/de\/\"},{\"@type\":\"ListItem\",\"position\":2,\"name\":\"Shop\",\"item\":\"https:\/\/www.shami-shop.com\/de\/shop\/\"},{\"@type\":\"ListItem\",\"position\":3,\"name\":\"Ni no Ito | Hatsune (Seide) 14-2\"}]},{\"@type\":\"WebSite\",\"@id\":\"https:\/\/www.shami-shop.com\/de\/#website\",\"url\":\"https:\/\/www.shami-shop.com\/de\/\",\"name\":\"Shami-Shop\",\"description\":\"Alles f\u00fcr den Shamisen-Spieler.\",\"publisher\":{\"@id\":\"https:\/\/www.shami-shop.com\/de\/#organization\"},\"potentialAction\":[{\"@type\":\"SearchAction\",\"target\":{\"@type\":\"EntryPoint\",\"urlTemplate\":\"https:\/\/www.shami-shop.com\/de\/?s={search_term_string}\"},\"query-input\":{\"@type\":\"PropertyValueSpecification\",\"valueRequired\":true,\"valueName\":\"search_term_string\"}}],\"inLanguage\":\"de\"},{\"@type\":\"Organization\",\"@id\":\"https:\/\/www.shami-shop.com\/de\/#organization\",\"name\":\"Shami-Shop\",\"url\":\"https:\/\/www.shami-shop.com\/de\/\",\"logo\":{\"@type\":\"ImageObject\",\"inLanguage\":\"de\",\"@id\":\"https:\/\/www.shami-shop.com\/de\/#\/schema\/logo\/image\/\",\"url\":\"https:\/\/shami-shop.com\/wp-content\/uploads\/2021\/01\/Shami-Shop-Logo-1080.png\",\"contentUrl\":\"https:\/\/shami-shop.com\/wp-content\/uploads\/2021\/01\/Shami-Shop-Logo-1080.png\",\"width\":1080,\"height\":1080,\"caption\":\"Shami-Shop\"},\"image\":{\"@id\":\"https:\/\/www.shami-shop.com\/de\/#\/schema\/logo\/image\/\"},\"sameAs\":[\"https:\/\/www.facebook.com\/weloveshamisen\/\",\"https:\/\/www.instagram.com\/shamishop.europe\/\"]}]}<\/script>\n<!-- \/ Yoast SEO plugin. -->","yoast_head_json":{"title":"Ni no Ito | Hatsune (Seide) 14-2 - Shami-Shop","description":"Shamisen-Saiten aus Seide von der Marke Hatsune.","robots":{"index":"index","follow":"follow","max-snippet":"max-snippet:-1","max-image-preview":"max-image-preview:large","max-video-preview":"max-video-preview:-1"},"canonical":"https:\/\/www.shami-shop.com\/de\/produkt\/ni-no-ito-hatsune-seide-14-2\/","og_locale":"de_DE","og_type":"article","og_title":"Ni no Ito | Hatsune (Seide) 14-2 - Shami-Shop","og_description":"Shamisen-Saiten aus Seide von der Marke Hatsune.","og_url":"https:\/\/www.shami-shop.com\/de\/produkt\/ni-no-ito-hatsune-seide-14-2\/","og_site_name":"Shami-Shop","article_publisher":"https:\/\/www.facebook.com\/weloveshamisen\/","article_modified_time":"2026-02-27T16:05:49+00:00","og_image":[{"width":608,"height":632,"url":"https:\/\/www.shami-shop.com\/wp-content\/uploads\/2021\/02\/m92449888073_1.jpg","type":"image\/jpeg"}],"twitter_card":"summary_large_image","twitter_misc":{"Gesch\u00e4tzte Lesezeit":"1\u00a0Minute"},"schema":{"@context":"https:\/\/schema.org","@graph":[{"@type":["WebPage","ItemPage"],"@id":"https:\/\/www.shami-shop.com\/de\/produkt\/ni-no-ito-hatsune-seide-14-2\/","url":"https:\/\/www.shami-shop.com\/de\/produkt\/ni-no-ito-hatsune-seide-14-2\/","name":"Ni no Ito | Hatsune (Seide) 14-2 - Shami-Shop","isPartOf":{"@id":"https:\/\/www.shami-shop.com\/de\/#website"},"primaryImageOfPage":{"@id":"https:\/\/www.shami-shop.com\/de\/produkt\/ni-no-ito-hatsune-seide-14-2\/#primaryimage"},"image":{"@id":"https:\/\/www.shami-shop.com\/de\/produkt\/ni-no-ito-hatsune-seide-14-2\/#primaryimage"},"thumbnailUrl":"https:\/\/www.shami-shop.com\/wp-content\/uploads\/2021\/02\/m92449888073_1.jpg","datePublished":"2023-04-20T06:50:00+00:00","dateModified":"2026-02-27T16:05:49+00:00","description":"Shamisen-Saiten aus Seide von der Marke Hatsune.","breadcrumb":{"@id":"https:\/\/www.shami-shop.com\/de\/produkt\/ni-no-ito-hatsune-seide-14-2\/#breadcrumb"},"inLanguage":"de","potentialAction":[{"@type":"ReadAction","target":["https:\/\/www.shami-shop.com\/de\/produkt\/ni-no-ito-hatsune-seide-14-2\/"]}]},{"@type":"ImageObject","inLanguage":"de","@id":"https:\/\/www.shami-shop.com\/de\/produkt\/ni-no-ito-hatsune-seide-14-2\/#primaryimage","url":"https:\/\/www.shami-shop.com\/wp-content\/uploads\/2021\/02\/m92449888073_1.jpg","contentUrl":"https:\/\/www.shami-shop.com\/wp-content\/uploads\/2021\/02\/m92449888073_1.jpg","width":608,"height":632,"caption":"Hatsune Saiten Shamisen"},{"@type":"BreadcrumbList","@id":"https:\/\/www.shami-shop.com\/de\/produkt\/ni-no-ito-hatsune-seide-14-2\/#breadcrumb","itemListElement":[{"@type":"ListItem","position":1,"name":"Startseite","item":"https:\/\/www.shami-shop.com\/de\/"},{"@type":"ListItem","position":2,"name":"Shop","item":"https:\/\/www.shami-shop.com\/de\/shop\/"},{"@type":"ListItem","position":3,"name":"Ni no Ito | Hatsune (Seide) 14-2"}]},{"@type":"WebSite","@id":"https:\/\/www.shami-shop.com\/de\/#website","url":"https:\/\/www.shami-shop.com\/de\/","name":"Shami-Shop","description":"Alles f\u00fcr den Shamisen-Spieler.","publisher":{"@id":"https:\/\/www.shami-shop.com\/de\/#organization"},"potentialAction":[{"@type":"SearchAction","target":{"@type":"EntryPoint","urlTemplate":"https:\/\/www.shami-shop.com\/de\/?s={search_term_string}"},"query-input":{"@type":"PropertyValueSpecification","valueRequired":true,"valueName":"search_term_string"}}],"inLanguage":"de"},{"@type":"Organization","@id":"https:\/\/www.shami-shop.com\/de\/#organization","name":"Shami-Shop","url":"https:\/\/www.shami-shop.com\/de\/","logo":{"@type":"ImageObject","inLanguage":"de","@id":"https:\/\/www.shami-shop.com\/de\/#\/schema\/logo\/image\/","url":"https:\/\/shami-shop.com\/wp-content\/uploads\/2021\/01\/Shami-Shop-Logo-1080.png","contentUrl":"https:\/\/shami-shop.com\/wp-content\/uploads\/2021\/01\/Shami-Shop-Logo-1080.png","width":1080,"height":1080,"caption":"Shami-Shop"},"image":{"@id":"https:\/\/www.shami-shop.com\/de\/#\/schema\/logo\/image\/"},"sameAs":["https:\/\/www.facebook.com\/weloveshamisen\/","https:\/\/www.instagram.com\/shamishop.europe\/"]}]}},"jetpack_sharing_enabled":true,"_links":{"self":[{"href":"https:\/\/www.shami-shop.com\/de\/wp-json\/wp\/v2\/product\/19164","targetHints":{"allow":["GET"]}}],"collection":[{"href":"https:\/\/www.shami-shop.com\/de\/wp-json\/wp\/v2\/product"}],"about":[{"href":"https:\/\/www.shami-shop.com\/de\/wp-json\/wp\/v2\/types\/product"}],"wp:featuredmedia":[{"embeddable":true,"href":"https:\/\/www.shami-shop.com\/de\/wp-json\/wp\/v2\/media\/5751"}],"wp:attachment":[{"href":"https:\/\/www.shami-shop.com\/de\/wp-json\/wp\/v2\/media?parent=19164"}],"wp:term":[{"taxonomy":"product_brand","embeddable":true,"href":"https:\/\/www.shami-shop.com\/de\/wp-json\/wp\/v2\/product_brand?post=19164"},{"taxonomy":"product_cat","embeddable":true,"href":"https:\/\/www.shami-shop.com\/de\/wp-json\/wp\/v2\/product_cat?post=19164"},{"taxonomy":"product_tag","embeddable":true,"href":"https:\/\/www.shami-shop.com\/de\/wp-json\/wp\/v2\/product_tag?post=19164"}],"curies":[{"name":"wp","href":"https:\/\/api.w.org\/{rel}","templated":true}]}}