{"id":19264,"date":"2023-06-22T07:17:06","date_gmt":"2023-06-22T06:17:06","guid":{"rendered":"https:\/\/www.shami-shop.com\/product\/san-no-ito-fuji-ito-nylon-14-3\/"},"modified":"2026-02-12T16:16:17","modified_gmt":"2026-02-12T15:16:17","slug":"san-no-ito-fuji-ito-nylon-14-3","status":"publish","type":"product","link":"https:\/\/www.shami-shop.com\/de\/produkt\/san-no-ito-fuji-ito-nylon-14-3\/","title":{"rendered":"San no Ito | Fuji Ito (Nylon) 14-3"},"content":{"rendered":"<p data-pm-slice=\"1 1 []\">Fuji Ito ist einer der wichtigsten Hersteller f\u00fcr Shamisen-Saiten.<\/p>\n<p data-pm-slice=\"1 1 []\">Die d\u00fcnne Saite (san no ito), die hier angeboten wird, ist aus robustem Nylon hergestellt und ist langlebiger als eine Saite aus Seide. Gr\u00f6\u00dfe 14 wird vor allem f\u00fcr Jiuta und Tsugaru Shamisen Stil genutzt.<\/p>\n<p data-pm-slice=\"1 1 []\"><span data-sheets-value=\"{\"1\":2,\"2\":\"Please note that all strings are sold individually and not in multi-packs.\"}\" data-sheets-userformat=\"{\"2\":513,\"3\":{\"1\":0},\"12\":0}\">Alle Saiten werden einzeln verkauft und nicht in Multi-Packs.<\/span><\/p>\n<div data-pm-slice=\"1 1 []\" data-en-clipboard=\"true\"><\/div>\n<div data-pm-slice=\"1 1 []\" data-en-clipboard=\"true\">Mehr Informationen \u00fcber Saiten gibt es auf der Kategorien-Seite<a href=\"https:\/\/shami-shop.com\/product-categorie\/strings\/\" rel=\"noopener\" rev=\"en_rl_none\">.<\/a><\/div>\n","protected":false},"excerpt":{"rendered":"<ul>\n<li data-pm-slice=\"1 1 []\">Nylon<\/li>\n<li data-pm-slice=\"1 1 []\">Gr\u00f6\u00dfe 14-3<\/li>\n<\/ul>\n","protected":false},"featured_media":19282,"template":"","meta":{"_et_pb_use_builder":"","_et_pb_old_content":"","_et_gb_content_width":""},"product_brand":[],"product_cat":[148,280,331,252],"product_tag":[],"class_list":{"0":"post-19264","1":"product","2":"type-product","3":"status-publish","4":"has-post-thumbnail","6":"product_cat-saiten","7":"product_cat-fuji-de","8":"product_cat-nylon-de","9":"product_cat-san-no-ito-de","10":"product_shipping_class-brief-de","12":"first","13":"instock","14":"shipping-taxable","15":"purchasable","16":"product-type-simple"},"yoast_head":"<!-- This site is optimized with the Yoast SEO plugin v26.9 - https:\/\/yoast.com\/product\/yoast-seo-wordpress\/ -->\n<title>San no Ito | Fuji Ito (Nylon) 14-3 - Shami-Shop<\/title>\n<meta name=\"description\" content=\"Shamisen Saiten aus Nylon der Marke Fuji Ito.\" \/>\n<meta name=\"robots\" content=\"index, follow, max-snippet:-1, max-image-preview:large, max-video-preview:-1\" \/>\n<link rel=\"canonical\" href=\"https:\/\/www.shami-shop.com\/de\/produkt\/san-no-ito-fuji-ito-nylon-14-3\/\" \/>\n<meta property=\"og:locale\" content=\"de_DE\" \/>\n<meta property=\"og:type\" content=\"article\" \/>\n<meta property=\"og:title\" content=\"San no Ito | Fuji Ito (Nylon) 14-3 - Shami-Shop\" \/>\n<meta property=\"og:description\" content=\"Shamisen Saiten aus Nylon der Marke Fuji Ito.\" \/>\n<meta property=\"og:url\" content=\"https:\/\/www.shami-shop.com\/de\/produkt\/san-no-ito-fuji-ito-nylon-14-3\/\" \/>\n<meta property=\"og:site_name\" content=\"Shami-Shop\" \/>\n<meta property=\"article:publisher\" content=\"https:\/\/www.facebook.com\/weloveshamisen\/\" \/>\n<meta property=\"article:modified_time\" content=\"2026-02-12T15:16:17+00:00\" \/>\n<meta property=\"og:image\" content=\"https:\/\/www.shami-shop.com\/wp-content\/uploads\/2021\/02\/fujiito-cover-photo-shami-shop.com_.png\" \/>\n\t<meta property=\"og:image:width\" content=\"1000\" \/>\n\t<meta property=\"og:image:height\" content=\"1000\" \/>\n\t<meta property=\"og:image:type\" content=\"image\/png\" \/>\n<meta name=\"twitter:card\" content=\"summary_large_image\" \/>\n<script type=\"application\/ld+json\" class=\"yoast-schema-graph\">{\"@context\":\"https:\/\/schema.org\",\"@graph\":[{\"@type\":[\"WebPage\",\"ItemPage\"],\"@id\":\"https:\/\/www.shami-shop.com\/de\/produkt\/san-no-ito-fuji-ito-nylon-14-3\/\",\"url\":\"https:\/\/www.shami-shop.com\/de\/produkt\/san-no-ito-fuji-ito-nylon-14-3\/\",\"name\":\"San no Ito | Fuji Ito (Nylon) 14-3 - Shami-Shop\",\"isPartOf\":{\"@id\":\"https:\/\/www.shami-shop.com\/de\/#website\"},\"primaryImageOfPage\":{\"@id\":\"https:\/\/www.shami-shop.com\/de\/produkt\/san-no-ito-fuji-ito-nylon-14-3\/#primaryimage\"},\"image\":{\"@id\":\"https:\/\/www.shami-shop.com\/de\/produkt\/san-no-ito-fuji-ito-nylon-14-3\/#primaryimage\"},\"thumbnailUrl\":\"https:\/\/www.shami-shop.com\/wp-content\/uploads\/2023\/06\/FU-N-14-3.jpeg\",\"datePublished\":\"2023-06-22T06:17:06+00:00\",\"dateModified\":\"2026-02-12T15:16:17+00:00\",\"description\":\"Shamisen Saiten aus Nylon der Marke Fuji Ito.\",\"breadcrumb\":{\"@id\":\"https:\/\/www.shami-shop.com\/de\/produkt\/san-no-ito-fuji-ito-nylon-14-3\/#breadcrumb\"},\"inLanguage\":\"de\",\"potentialAction\":[{\"@type\":\"ReadAction\",\"target\":[\"https:\/\/www.shami-shop.com\/de\/produkt\/san-no-ito-fuji-ito-nylon-14-3\/\"]}]},{\"@type\":\"ImageObject\",\"inLanguage\":\"de\",\"@id\":\"https:\/\/www.shami-shop.com\/de\/produkt\/san-no-ito-fuji-ito-nylon-14-3\/#primaryimage\",\"url\":\"https:\/\/www.shami-shop.com\/wp-content\/uploads\/2023\/06\/FU-N-14-3.jpeg\",\"contentUrl\":\"https:\/\/www.shami-shop.com\/wp-content\/uploads\/2023\/06\/FU-N-14-3.jpeg\",\"width\":1373,\"height\":1373},{\"@type\":\"BreadcrumbList\",\"@id\":\"https:\/\/www.shami-shop.com\/de\/produkt\/san-no-ito-fuji-ito-nylon-14-3\/#breadcrumb\",\"itemListElement\":[{\"@type\":\"ListItem\",\"position\":1,\"name\":\"Startseite\",\"item\":\"https:\/\/www.shami-shop.com\/de\/\"},{\"@type\":\"ListItem\",\"position\":2,\"name\":\"Shop\",\"item\":\"https:\/\/www.shami-shop.com\/de\/shop\/\"},{\"@type\":\"ListItem\",\"position\":3,\"name\":\"San no Ito | Fuji Ito (Nylon) 14-3\"}]},{\"@type\":\"WebSite\",\"@id\":\"https:\/\/www.shami-shop.com\/de\/#website\",\"url\":\"https:\/\/www.shami-shop.com\/de\/\",\"name\":\"Shami-Shop\",\"description\":\"Alles f\u00fcr den Shamisen-Spieler.\",\"publisher\":{\"@id\":\"https:\/\/www.shami-shop.com\/de\/#organization\"},\"potentialAction\":[{\"@type\":\"SearchAction\",\"target\":{\"@type\":\"EntryPoint\",\"urlTemplate\":\"https:\/\/www.shami-shop.com\/de\/?s={search_term_string}\"},\"query-input\":{\"@type\":\"PropertyValueSpecification\",\"valueRequired\":true,\"valueName\":\"search_term_string\"}}],\"inLanguage\":\"de\"},{\"@type\":\"Organization\",\"@id\":\"https:\/\/www.shami-shop.com\/de\/#organization\",\"name\":\"Shami-Shop\",\"url\":\"https:\/\/www.shami-shop.com\/de\/\",\"logo\":{\"@type\":\"ImageObject\",\"inLanguage\":\"de\",\"@id\":\"https:\/\/www.shami-shop.com\/de\/#\/schema\/logo\/image\/\",\"url\":\"https:\/\/shami-shop.com\/wp-content\/uploads\/2021\/01\/Shami-Shop-Logo-1080.png\",\"contentUrl\":\"https:\/\/shami-shop.com\/wp-content\/uploads\/2021\/01\/Shami-Shop-Logo-1080.png\",\"width\":1080,\"height\":1080,\"caption\":\"Shami-Shop\"},\"image\":{\"@id\":\"https:\/\/www.shami-shop.com\/de\/#\/schema\/logo\/image\/\"},\"sameAs\":[\"https:\/\/www.facebook.com\/weloveshamisen\/\",\"https:\/\/www.instagram.com\/shamishop.europe\/\"]}]}<\/script>\n<!-- \/ Yoast SEO plugin. -->","yoast_head_json":{"title":"San no Ito | Fuji Ito (Nylon) 14-3 - Shami-Shop","description":"Shamisen Saiten aus Nylon der Marke Fuji Ito.","robots":{"index":"index","follow":"follow","max-snippet":"max-snippet:-1","max-image-preview":"max-image-preview:large","max-video-preview":"max-video-preview:-1"},"canonical":"https:\/\/www.shami-shop.com\/de\/produkt\/san-no-ito-fuji-ito-nylon-14-3\/","og_locale":"de_DE","og_type":"article","og_title":"San no Ito | Fuji Ito (Nylon) 14-3 - Shami-Shop","og_description":"Shamisen Saiten aus Nylon der Marke Fuji Ito.","og_url":"https:\/\/www.shami-shop.com\/de\/produkt\/san-no-ito-fuji-ito-nylon-14-3\/","og_site_name":"Shami-Shop","article_publisher":"https:\/\/www.facebook.com\/weloveshamisen\/","article_modified_time":"2026-02-12T15:16:17+00:00","og_image":[{"width":1000,"height":1000,"url":"https:\/\/www.shami-shop.com\/wp-content\/uploads\/2021\/02\/fujiito-cover-photo-shami-shop.com_.png","type":"image\/png"}],"twitter_card":"summary_large_image","schema":{"@context":"https:\/\/schema.org","@graph":[{"@type":["WebPage","ItemPage"],"@id":"https:\/\/www.shami-shop.com\/de\/produkt\/san-no-ito-fuji-ito-nylon-14-3\/","url":"https:\/\/www.shami-shop.com\/de\/produkt\/san-no-ito-fuji-ito-nylon-14-3\/","name":"San no Ito | Fuji Ito (Nylon) 14-3 - Shami-Shop","isPartOf":{"@id":"https:\/\/www.shami-shop.com\/de\/#website"},"primaryImageOfPage":{"@id":"https:\/\/www.shami-shop.com\/de\/produkt\/san-no-ito-fuji-ito-nylon-14-3\/#primaryimage"},"image":{"@id":"https:\/\/www.shami-shop.com\/de\/produkt\/san-no-ito-fuji-ito-nylon-14-3\/#primaryimage"},"thumbnailUrl":"https:\/\/www.shami-shop.com\/wp-content\/uploads\/2023\/06\/FU-N-14-3.jpeg","datePublished":"2023-06-22T06:17:06+00:00","dateModified":"2026-02-12T15:16:17+00:00","description":"Shamisen Saiten aus Nylon der Marke Fuji Ito.","breadcrumb":{"@id":"https:\/\/www.shami-shop.com\/de\/produkt\/san-no-ito-fuji-ito-nylon-14-3\/#breadcrumb"},"inLanguage":"de","potentialAction":[{"@type":"ReadAction","target":["https:\/\/www.shami-shop.com\/de\/produkt\/san-no-ito-fuji-ito-nylon-14-3\/"]}]},{"@type":"ImageObject","inLanguage":"de","@id":"https:\/\/www.shami-shop.com\/de\/produkt\/san-no-ito-fuji-ito-nylon-14-3\/#primaryimage","url":"https:\/\/www.shami-shop.com\/wp-content\/uploads\/2023\/06\/FU-N-14-3.jpeg","contentUrl":"https:\/\/www.shami-shop.com\/wp-content\/uploads\/2023\/06\/FU-N-14-3.jpeg","width":1373,"height":1373},{"@type":"BreadcrumbList","@id":"https:\/\/www.shami-shop.com\/de\/produkt\/san-no-ito-fuji-ito-nylon-14-3\/#breadcrumb","itemListElement":[{"@type":"ListItem","position":1,"name":"Startseite","item":"https:\/\/www.shami-shop.com\/de\/"},{"@type":"ListItem","position":2,"name":"Shop","item":"https:\/\/www.shami-shop.com\/de\/shop\/"},{"@type":"ListItem","position":3,"name":"San no Ito | Fuji Ito (Nylon) 14-3"}]},{"@type":"WebSite","@id":"https:\/\/www.shami-shop.com\/de\/#website","url":"https:\/\/www.shami-shop.com\/de\/","name":"Shami-Shop","description":"Alles f\u00fcr den Shamisen-Spieler.","publisher":{"@id":"https:\/\/www.shami-shop.com\/de\/#organization"},"potentialAction":[{"@type":"SearchAction","target":{"@type":"EntryPoint","urlTemplate":"https:\/\/www.shami-shop.com\/de\/?s={search_term_string}"},"query-input":{"@type":"PropertyValueSpecification","valueRequired":true,"valueName":"search_term_string"}}],"inLanguage":"de"},{"@type":"Organization","@id":"https:\/\/www.shami-shop.com\/de\/#organization","name":"Shami-Shop","url":"https:\/\/www.shami-shop.com\/de\/","logo":{"@type":"ImageObject","inLanguage":"de","@id":"https:\/\/www.shami-shop.com\/de\/#\/schema\/logo\/image\/","url":"https:\/\/shami-shop.com\/wp-content\/uploads\/2021\/01\/Shami-Shop-Logo-1080.png","contentUrl":"https:\/\/shami-shop.com\/wp-content\/uploads\/2021\/01\/Shami-Shop-Logo-1080.png","width":1080,"height":1080,"caption":"Shami-Shop"},"image":{"@id":"https:\/\/www.shami-shop.com\/de\/#\/schema\/logo\/image\/"},"sameAs":["https:\/\/www.facebook.com\/weloveshamisen\/","https:\/\/www.instagram.com\/shamishop.europe\/"]}]}},"jetpack_sharing_enabled":true,"_links":{"self":[{"href":"https:\/\/www.shami-shop.com\/de\/wp-json\/wp\/v2\/product\/19264","targetHints":{"allow":["GET"]}}],"collection":[{"href":"https:\/\/www.shami-shop.com\/de\/wp-json\/wp\/v2\/product"}],"about":[{"href":"https:\/\/www.shami-shop.com\/de\/wp-json\/wp\/v2\/types\/product"}],"wp:featuredmedia":[{"embeddable":true,"href":"https:\/\/www.shami-shop.com\/de\/wp-json\/wp\/v2\/media\/19282"}],"wp:attachment":[{"href":"https:\/\/www.shami-shop.com\/de\/wp-json\/wp\/v2\/media?parent=19264"}],"wp:term":[{"taxonomy":"product_brand","embeddable":true,"href":"https:\/\/www.shami-shop.com\/de\/wp-json\/wp\/v2\/product_brand?post=19264"},{"taxonomy":"product_cat","embeddable":true,"href":"https:\/\/www.shami-shop.com\/de\/wp-json\/wp\/v2\/product_cat?post=19264"},{"taxonomy":"product_tag","embeddable":true,"href":"https:\/\/www.shami-shop.com\/de\/wp-json\/wp\/v2\/product_tag?post=19264"}],"curies":[{"name":"wp","href":"https:\/\/api.w.org\/{rel}","templated":true}]}}