{"id":19469,"date":"2025-05-01T21:26:46","date_gmt":"2025-05-01T20:26:46","guid":{"rendered":"https:\/\/www.shami-shop.com\/product\/minyo-shamisen-set-reika\/"},"modified":"2025-06-04T16:02:36","modified_gmt":"2025-06-04T15:02:36","slug":"minyo-chuuzao-shamisen-set-reika","status":"publish","type":"product","link":"https:\/\/www.shami-shop.com\/de\/produkt\/minyo-chuuzao-shamisen-set-reika\/","title":{"rendered":"Minyo Shamisen Set &#8222;Hoshiko&#8220;"},"content":{"rendered":"<p>Dieser Shamisen habe ich den Namen \u201cHoshiko\u201d (\u661f\u5b50) \u2014 Sternenkind. Sie ist nicht nur so sch\u00f6n als w\u00e4re sie direkt aus den himmlischen Gefilden auf die Erde geschickt worden, sondern jede Note, die man darauf spielt f\u00fchlt sich an als w\u00fcrde man einen neuen Stern ans n\u00e4chtliche Firmament setzen!<\/p>\n<p>Eine wirklich sch\u00f6ne Shamisen mit einem mittelbreiten Hals (Chuuzao), typischerweise f\u00fcr Minyo-Stil verwendet. Durch den verstellbaren Azuma Sawari kann man bei dieser Shamisen ein perfektes Surren einstellen, egal wie hoch oder tief man sein Instrument stimmt.<\/p>\n<h5><strong>Holz:<\/strong><\/h5>\n<p>Der Hals des Instruments ist aus Koki-Holz gefertigt &#8211; das ist das meistbegehrte Holz f\u00fcr Shamisen heutzutage. Ein wahrer Schatz und ein Fest f\u00fcr die Sinne.<\/p>\n<h5><strong>Accessoires und H\u00e4ute:<\/strong><\/h5>\n<p>Das Instrument ist mit einem kr\u00e4ftig violetten Neo und einem schwarzen vintage Leder-Doukake (Korpusschutz) ausgestattet. Im Set enthalten ist au\u00dferdem ein Set frischer Saiten, ein Tenjin-K\u00e4ppchen und ein Dougomu (Anti-Rutsch-Matte).<\/p>\n<p>Der Korpus ist mit <em>Hibiki<\/em> bespannt &#8211; der neuesten Generation synthetischer Haut, die einen warmen Klang hat und dem Klang von Naturhaut n\u00e4her kommt als alle seine Vorg\u00e4nger.<\/p>\n<p>Hibiki ist besonders robust und widerstandsf\u00e4hig. Im Vergleich zu nat\u00fcrlicher Haut muss man sich bei synthetischer Haut nicht um Klimaschwankungen oder einen pl\u00f6tzlichen Regenschauer sorgen, wenn man einmal drau\u00dfen spielt. Allerdings sei geraten, grunds\u00e4tzlich trotzdem die Shamisen trocken zu halten, um das Holz zu sch\u00fctzen. Das bedeutet, man braucht keine Washi-H\u00fclle, um die Haut zu sch\u00fctzen.<\/p>\n<h5><strong>Hals:<\/strong><\/h5>\n<p>Der Hals ist am oberen Ende 29 mm breit und 28,75 mm hoch und verbreitert sich leicht in Richtung Korpus (Dou). Das Griffbrett ist am schmalen Ende 27,5 mm breit. Die <em>Hatomune<\/em> &#8211; der Teil , wo der Hals in den Korpus eintaucht &#8211; endet in einer scharfen Kante, die es erm\u00f6glicht, auf diesem Instrument bis zur Position 20 und dar\u00fcber hinaus zu spielen. Am Hals befinden sich Positionsmarkierungen vom Vorbesitzer. Ich dachte mir, dass das f\u00fcr viele Leute n\u00fctzlich sein w\u00fcrde und habe sie deshalb nicht entfernt. Das Griffbrett ist wunderbar glatt und l\u00e4sst einen am Hals entlang gleiten wie ein Adler im Wind.<\/p>\n<h5><strong>Itomaki:<\/strong><\/h5>\n<p>Die <em>Itomaki<\/em> (Wirbel) sind aus Ebenholz gearbeitet und haben eine wunderbar ausgewogene Gr\u00f6\u00dfe, die das Stimmen besonders einfach und bequem macht.<\/p>\n<h5><strong>Sawari (Surren):<\/strong><\/h5>\n<p>Der eingearbeitete <em>Azuma Sawari<\/em> erm\u00f6glicht die Anpassung des Surrens je nach Geschmack und Anlass. Man kann so das Surren komplett abstellen (f\u00fcr moderne St\u00fccke, Pop\/Rock\/Metal, oder bestimmte Ensemble-Zusammensetzungen) und au\u00dferdem ein perfektes Surren erzielen egal wie hoch oder tief man die Shamisen stimmt.<\/p>\n<h5><strong>Weiteres:<\/strong><\/h5>\n<p>Die <em>Tsukigata<\/em> (das halbmondf\u00f6rmige Ende des <em>Tenjin<\/em>) hat eine kleine Macke &#8211; wahrscheinlich ist sie gegen eine harte Kante gesto\u00dfen. Autsch! Mit dem sch\u00fctzenden Tenjink\u00e4ppchen ist diese Imperfektion allerdings unsichtbar. Das Holz dieser Shamisen hat einen traumhaften tief dunklen Farbton. Der Hals ist im <em>Mitsuori<\/em> Stil gerabeitet: Er kann in drei Teile zerlegt werden. Die Verbindungen sind bei diesem Instrument in einfacher Ausfertigung gearbeitet gearbeitet. Dadurch, dass sich der Hals zerteilen l\u00e4sst, kann man mit diesem Instrument besonders bequem verreisen &#8211; selbst wenn man klein und leicht packen muss. Die Verbindungen sind aufwendig gearbeitet und sorgen f\u00fcr einen besonders festen, pr\u00e4zisen Sitz.<\/p>\n<p>Alles, was man zum losspielen noch ben\u00f6tigt, sind ein <a href=\"https:\/\/www.shami-shop.com\/de\/produkt-kategorie\/koma-de\/\">Koma<\/a>, ein <a href=\"https:\/\/www.shami-shop.com\/de\/produkt-kategorie\/bachi-de\/\">Bachi<\/a> und ein <a href=\"https:\/\/www.shami-shop.com\/de\/produkt-kategorie\/zubehoer\/yubisuri-de\/\">Yubisuri<\/a>. W\u00e4hlen Sie Koma und Bachi je nach dem Stil, den Sie spielen m\u00f6chten und Ihren pers\u00f6nlichen Vorlieben. Yubisuri gibt es in unterschiedlichen Gr\u00f6\u00dfen. Au\u00dferdem wollte ich Sie der bitters\u00fc\u00dfen Qual der Wahl zwischen all den sch\u00f6nen Farben nicht berauben. Ich rate Ihnen au\u00dferdem zu einem <a href=\"https:\/\/shami-shop.com\/product-categorie\/accessories\/\">Dougomu or a Hizagomu<\/a>, das daf\u00fcr sorgt, dass die Shamisen beim Spielen nicht vom Schenkel rutscht.<\/p>\n<p>Wenn Sie Hilfe bei der Auswahl der richtigen Komponenten ben\u00f6tigen, schicken Sie gerne eine Nachricht und wir stellen gemeinsam das perfekte Paket f\u00fcr Sie zusammen.<\/p>\n<p>Wenn Sie noch Fragen haben, schicken Sie mir einfach eine Nachricht und ich helfe gerne weiter.<\/p>\n<h2><!-- notionvc: 0fad019a-7756-4394-8e1a-72b98aae8ae8 --><\/h2>\n","protected":false},"excerpt":{"rendered":"<ul>\n<li>Chuuzao Minyo Shamisen\n<ul>\n<li>Sao Breite: 29 mm<\/li>\n<li>Sao H\u00f6he: 28,75 mm<\/li>\n<li>Griffbrett: 27,5 mm<\/li>\n<\/ul>\n<\/li>\n<li>aus Koki-Holz<\/li>\n<li>frische Hibiki Kunsth\u00e4ute auf Vorder- und R\u00fcckseite<\/li>\n<\/ul>\n<p><em>au\u00dferdem im Set enthalten:<\/em><\/p>\n<ul>\n<li>Neo<\/li>\n<li>Doukake<\/li>\n<li>Saiten<\/li>\n<li>Dougomu<\/li>\n<li>Tenjin-Schutz<\/li>\n<\/ul>\n","protected":false},"featured_media":0,"template":"","meta":{"_et_pb_use_builder":"","_et_pb_old_content":"","_et_gb_content_width":""},"product_brand":[],"product_cat":[339,387,410,404],"product_tag":[],"class_list":{"0":"post-19469","1":"product","2":"type-product","3":"status-publish","5":"product_cat-shamisen-de","6":"product_cat-chuuzao-de","7":"product_cat-minyo-shamisen-de-de-2","8":"product_cat-minyo-stil","9":"product_shipping_class-5kg-de","11":"first","12":"outofstock","13":"shipping-taxable","14":"purchasable","15":"product-type-simple"},"yoast_head":"<!-- This site is optimized with the Yoast SEO plugin v26.9 - https:\/\/yoast.com\/product\/yoast-seo-wordpress\/ -->\n<title>Minyo Shamisen Set &quot;Hoshiko&quot; - Shami-Shop<\/title>\n<meta name=\"description\" content=\"Chuuzao Minyo Shamisen aus Tochi Karin Holz, bespannt mit synthetischen H\u00e4uten. Mit vielen Accessoires.\" \/>\n<meta name=\"robots\" content=\"index, follow, max-snippet:-1, max-image-preview:large, max-video-preview:-1\" \/>\n<link rel=\"canonical\" href=\"https:\/\/www.shami-shop.com\/de\/produkt\/minyo-chuuzao-shamisen-set-reika\/\" \/>\n<meta property=\"og:locale\" content=\"de_DE\" \/>\n<meta property=\"og:type\" content=\"article\" \/>\n<meta property=\"og:title\" content=\"Minyo Shamisen Set &quot;Hoshiko&quot; - Shami-Shop\" \/>\n<meta property=\"og:description\" content=\"Chuuzao Minyo Shamisen aus Tochi Karin Holz, bespannt mit synthetischen H\u00e4uten. Mit vielen Accessoires.\" \/>\n<meta property=\"og:url\" content=\"https:\/\/www.shami-shop.com\/de\/produkt\/minyo-chuuzao-shamisen-set-reika\/\" \/>\n<meta property=\"og:site_name\" content=\"Shami-Shop\" \/>\n<meta property=\"article:publisher\" content=\"https:\/\/www.facebook.com\/weloveshamisen\/\" \/>\n<meta property=\"article:modified_time\" content=\"2025-06-04T15:02:36+00:00\" \/>\n<meta property=\"og:image\" content=\"https:\/\/www.shami-shop.com\/wp-content\/uploads\/2024\/07\/MIN-06-dou45.png\" \/>\n\t<meta property=\"og:image:width\" content=\"843\" \/>\n\t<meta property=\"og:image:height\" content=\"632\" \/>\n\t<meta property=\"og:image:type\" content=\"image\/png\" \/>\n<meta name=\"twitter:card\" content=\"summary_large_image\" \/>\n<meta name=\"twitter:label1\" content=\"Gesch\u00e4tzte Lesezeit\" \/>\n\t<meta name=\"twitter:data1\" content=\"3\u00a0Minuten\" \/>\n<script type=\"application\/ld+json\" class=\"yoast-schema-graph\">{\"@context\":\"https:\/\/schema.org\",\"@graph\":[{\"@type\":[\"WebPage\",\"ItemPage\"],\"@id\":\"https:\/\/www.shami-shop.com\/de\/produkt\/minyo-chuuzao-shamisen-set-reika\/\",\"url\":\"https:\/\/www.shami-shop.com\/de\/produkt\/minyo-chuuzao-shamisen-set-reika\/\",\"name\":\"Minyo Shamisen Set \\\"Hoshiko\\\" - Shami-Shop\",\"isPartOf\":{\"@id\":\"https:\/\/www.shami-shop.com\/de\/#website\"},\"datePublished\":\"2025-05-01T20:26:46+00:00\",\"dateModified\":\"2025-06-04T15:02:36+00:00\",\"description\":\"Chuuzao Minyo Shamisen aus Tochi Karin Holz, bespannt mit synthetischen H\u00e4uten. Mit vielen Accessoires.\",\"breadcrumb\":{\"@id\":\"https:\/\/www.shami-shop.com\/de\/produkt\/minyo-chuuzao-shamisen-set-reika\/#breadcrumb\"},\"inLanguage\":\"de\",\"potentialAction\":[{\"@type\":\"ReadAction\",\"target\":[\"https:\/\/www.shami-shop.com\/de\/produkt\/minyo-chuuzao-shamisen-set-reika\/\"]}]},{\"@type\":\"BreadcrumbList\",\"@id\":\"https:\/\/www.shami-shop.com\/de\/produkt\/minyo-chuuzao-shamisen-set-reika\/#breadcrumb\",\"itemListElement\":[{\"@type\":\"ListItem\",\"position\":1,\"name\":\"Startseite\",\"item\":\"https:\/\/www.shami-shop.com\/de\/\"},{\"@type\":\"ListItem\",\"position\":2,\"name\":\"Shop\",\"item\":\"https:\/\/www.shami-shop.com\/de\/shop\/\"},{\"@type\":\"ListItem\",\"position\":3,\"name\":\"Minyo Shamisen Set &#8222;Hoshiko&#8220;\"}]},{\"@type\":\"WebSite\",\"@id\":\"https:\/\/www.shami-shop.com\/de\/#website\",\"url\":\"https:\/\/www.shami-shop.com\/de\/\",\"name\":\"Shami-Shop\",\"description\":\"Alles f\u00fcr den Shamisen-Spieler.\",\"publisher\":{\"@id\":\"https:\/\/www.shami-shop.com\/de\/#organization\"},\"potentialAction\":[{\"@type\":\"SearchAction\",\"target\":{\"@type\":\"EntryPoint\",\"urlTemplate\":\"https:\/\/www.shami-shop.com\/de\/?s={search_term_string}\"},\"query-input\":{\"@type\":\"PropertyValueSpecification\",\"valueRequired\":true,\"valueName\":\"search_term_string\"}}],\"inLanguage\":\"de\"},{\"@type\":\"Organization\",\"@id\":\"https:\/\/www.shami-shop.com\/de\/#organization\",\"name\":\"Shami-Shop\",\"url\":\"https:\/\/www.shami-shop.com\/de\/\",\"logo\":{\"@type\":\"ImageObject\",\"inLanguage\":\"de\",\"@id\":\"https:\/\/www.shami-shop.com\/de\/#\/schema\/logo\/image\/\",\"url\":\"https:\/\/shami-shop.com\/wp-content\/uploads\/2021\/01\/Shami-Shop-Logo-1080.png\",\"contentUrl\":\"https:\/\/shami-shop.com\/wp-content\/uploads\/2021\/01\/Shami-Shop-Logo-1080.png\",\"width\":1080,\"height\":1080,\"caption\":\"Shami-Shop\"},\"image\":{\"@id\":\"https:\/\/www.shami-shop.com\/de\/#\/schema\/logo\/image\/\"},\"sameAs\":[\"https:\/\/www.facebook.com\/weloveshamisen\/\",\"https:\/\/www.instagram.com\/shamishop.europe\/\"]}]}<\/script>\n<!-- \/ Yoast SEO plugin. -->","yoast_head_json":{"title":"Minyo Shamisen Set \"Hoshiko\" - Shami-Shop","description":"Chuuzao Minyo Shamisen aus Tochi Karin Holz, bespannt mit synthetischen H\u00e4uten. Mit vielen Accessoires.","robots":{"index":"index","follow":"follow","max-snippet":"max-snippet:-1","max-image-preview":"max-image-preview:large","max-video-preview":"max-video-preview:-1"},"canonical":"https:\/\/www.shami-shop.com\/de\/produkt\/minyo-chuuzao-shamisen-set-reika\/","og_locale":"de_DE","og_type":"article","og_title":"Minyo Shamisen Set \"Hoshiko\" - Shami-Shop","og_description":"Chuuzao Minyo Shamisen aus Tochi Karin Holz, bespannt mit synthetischen H\u00e4uten. Mit vielen Accessoires.","og_url":"https:\/\/www.shami-shop.com\/de\/produkt\/minyo-chuuzao-shamisen-set-reika\/","og_site_name":"Shami-Shop","article_publisher":"https:\/\/www.facebook.com\/weloveshamisen\/","article_modified_time":"2025-06-04T15:02:36+00:00","og_image":[{"width":843,"height":632,"url":"https:\/\/www.shami-shop.com\/wp-content\/uploads\/2024\/07\/MIN-06-dou45.png","type":"image\/png"}],"twitter_card":"summary_large_image","twitter_misc":{"Gesch\u00e4tzte Lesezeit":"3\u00a0Minuten"},"schema":{"@context":"https:\/\/schema.org","@graph":[{"@type":["WebPage","ItemPage"],"@id":"https:\/\/www.shami-shop.com\/de\/produkt\/minyo-chuuzao-shamisen-set-reika\/","url":"https:\/\/www.shami-shop.com\/de\/produkt\/minyo-chuuzao-shamisen-set-reika\/","name":"Minyo Shamisen Set \"Hoshiko\" - Shami-Shop","isPartOf":{"@id":"https:\/\/www.shami-shop.com\/de\/#website"},"datePublished":"2025-05-01T20:26:46+00:00","dateModified":"2025-06-04T15:02:36+00:00","description":"Chuuzao Minyo Shamisen aus Tochi Karin Holz, bespannt mit synthetischen H\u00e4uten. Mit vielen Accessoires.","breadcrumb":{"@id":"https:\/\/www.shami-shop.com\/de\/produkt\/minyo-chuuzao-shamisen-set-reika\/#breadcrumb"},"inLanguage":"de","potentialAction":[{"@type":"ReadAction","target":["https:\/\/www.shami-shop.com\/de\/produkt\/minyo-chuuzao-shamisen-set-reika\/"]}]},{"@type":"BreadcrumbList","@id":"https:\/\/www.shami-shop.com\/de\/produkt\/minyo-chuuzao-shamisen-set-reika\/#breadcrumb","itemListElement":[{"@type":"ListItem","position":1,"name":"Startseite","item":"https:\/\/www.shami-shop.com\/de\/"},{"@type":"ListItem","position":2,"name":"Shop","item":"https:\/\/www.shami-shop.com\/de\/shop\/"},{"@type":"ListItem","position":3,"name":"Minyo Shamisen Set &#8222;Hoshiko&#8220;"}]},{"@type":"WebSite","@id":"https:\/\/www.shami-shop.com\/de\/#website","url":"https:\/\/www.shami-shop.com\/de\/","name":"Shami-Shop","description":"Alles f\u00fcr den Shamisen-Spieler.","publisher":{"@id":"https:\/\/www.shami-shop.com\/de\/#organization"},"potentialAction":[{"@type":"SearchAction","target":{"@type":"EntryPoint","urlTemplate":"https:\/\/www.shami-shop.com\/de\/?s={search_term_string}"},"query-input":{"@type":"PropertyValueSpecification","valueRequired":true,"valueName":"search_term_string"}}],"inLanguage":"de"},{"@type":"Organization","@id":"https:\/\/www.shami-shop.com\/de\/#organization","name":"Shami-Shop","url":"https:\/\/www.shami-shop.com\/de\/","logo":{"@type":"ImageObject","inLanguage":"de","@id":"https:\/\/www.shami-shop.com\/de\/#\/schema\/logo\/image\/","url":"https:\/\/shami-shop.com\/wp-content\/uploads\/2021\/01\/Shami-Shop-Logo-1080.png","contentUrl":"https:\/\/shami-shop.com\/wp-content\/uploads\/2021\/01\/Shami-Shop-Logo-1080.png","width":1080,"height":1080,"caption":"Shami-Shop"},"image":{"@id":"https:\/\/www.shami-shop.com\/de\/#\/schema\/logo\/image\/"},"sameAs":["https:\/\/www.facebook.com\/weloveshamisen\/","https:\/\/www.instagram.com\/shamishop.europe\/"]}]}},"jetpack_sharing_enabled":true,"_links":{"self":[{"href":"https:\/\/www.shami-shop.com\/de\/wp-json\/wp\/v2\/product\/19469","targetHints":{"allow":["GET"]}}],"collection":[{"href":"https:\/\/www.shami-shop.com\/de\/wp-json\/wp\/v2\/product"}],"about":[{"href":"https:\/\/www.shami-shop.com\/de\/wp-json\/wp\/v2\/types\/product"}],"wp:attachment":[{"href":"https:\/\/www.shami-shop.com\/de\/wp-json\/wp\/v2\/media?parent=19469"}],"wp:term":[{"taxonomy":"product_brand","embeddable":true,"href":"https:\/\/www.shami-shop.com\/de\/wp-json\/wp\/v2\/product_brand?post=19469"},{"taxonomy":"product_cat","embeddable":true,"href":"https:\/\/www.shami-shop.com\/de\/wp-json\/wp\/v2\/product_cat?post=19469"},{"taxonomy":"product_tag","embeddable":true,"href":"https:\/\/www.shami-shop.com\/de\/wp-json\/wp\/v2\/product_tag?post=19469"}],"curies":[{"name":"wp","href":"https:\/\/api.w.org\/{rel}","templated":true}]}}