{"id":20001,"date":"2025-10-30T09:55:00","date_gmt":"2025-10-30T08:55:00","guid":{"rendered":"https:\/\/www.shami-shop.com\/product\/tsugaru-koffer-schwarz-mit-gelbem-teddy\/"},"modified":"2026-02-10T15:52:52","modified_gmt":"2026-02-10T14:52:52","slug":"tsu-14","status":"publish","type":"product","link":"https:\/\/www.shami-shop.com\/de\/produkt\/tsu-14\/","title":{"rendered":"Tsugaru Longcase | Schwarz mit gr\u00fcn-goldenem Samt"},"content":{"rendered":"<div class=\"page\" title=\"Seite 1\">\n<div class=\"layoutArea\">\n<div class=\"column\">\n<p data-pm-slice=\"1 1 []\">Dieser gebrauchte Koffer trifft die perfekte Balance zwischen Glamour und Bescheidenheit. Das Modell hat elegant abgerundete Ecken. Wenn man den Kasten \u00f6ffnet, schimmert das gr\u00fcnlich-g\u00fcldene samtene Innenfutter verf\u00fchrerisch. Die Gr\u00f6\u00dfe ist gedacht f\u00fcr Futozao \/ Tsugaru Shamisen, aber nat\u00fcrlich passen auch kleinere Modelle in den Koffer. Dieser Koffer zeigt deutliche Gebrauchsspuren: auf den Bildern sieht man zwei Kratzer und Gebrauchsspuren am Griff. Die Schlie\u00dfen haben einen guten Sitz, aber an den kurzen Enden kommen der Deckel und das Unterteil gerade mal so aufeinander. Zur Aufbewahrung ist der Koffer also gut geeignet, aber ich w\u00fcrde ihn nicht zum Transport durch Regenwetter benutzen! Die zwei Bl\u00f6cke, auf denen der Sao (Hals) ruht, haben extra Polsterung f\u00fcr besonderen Komfort f\u00fcr die geliebte Shamisen.<\/p>\n<p data-pm-slice=\"1 1 []\">Ihr Instrument f\u00fcr den Transport nicht auseinanderbauen zu m\u00fcssen macht einen gewaltigen Unterschied, denn die Shamisen ist sofort einsatz- und spielbereit! Das Instrument komplett zusammengebaut zu lassen bedeutet auch, dass die Stimmung stabil bleibt und man viel weniger Zeit aufs Stimmen und Nachstimmen verwenden muss. Die harte Au\u00dfenschale des Koffers sch\u00fctzt Ihr Instrument vor Leuten, Ecken und T\u00fcrrahmen, die Ihnen in den Weg kommen.<\/p>\n<p>&nbsp;<\/p>\n<\/div>\n<\/div>\n<\/div>\n","protected":false},"excerpt":{"rendered":"<div class=\"page\" title=\"Seite 1\">\n<div class=\"layoutArea\">\n<div class=\"column\">\n<p>F\u00fcr Futozao \/ Tsugaru Shamisen.<\/p>\n<p>Au\u00dfen schwarz, innen gr\u00fcn-goldener Samt.<\/p>\n<p><strong>Produktabmessungen (au\u00dfen):<\/strong><\/p>\n<ul>\n<li>L\u00e4nge: 106 cm<\/li>\n<li>Breite: 27,5 cm<\/li>\n<li>H\u00f6he: 13,5 cm<\/li>\n<\/ul>\n<p><strong>Produktabmessungen (innen):<\/strong><\/p>\n<ul>\n<li>L\u00e4nge: 103,5 cm<\/li>\n<li>Breite: 25,5 cm<\/li>\n<\/ul>\n<p>3 Schlie\u00dfen, ohne Schl\u00fcssel<\/p>\n<\/div>\n<\/div>\n<\/div>\n","protected":false},"featured_media":24917,"template":"","meta":{"_et_pb_use_builder":"","_et_pb_old_content":"","_et_gb_content_width":""},"product_brand":[],"product_cat":[138,436,62,63],"product_tag":[],"class_list":{"0":"post-20001","1":"product","2":"type-product","3":"status-publish","4":"has-post-thumbnail","6":"product_cat-shamisenkoffer","7":"product_cat-koffer-futozao","8":"product_cat-instrumentenkasten","9":"product_cat-lange-koffer","10":"product_shipping_class-5kg-de","12":"first","13":"outofstock","14":"sale","15":"shipping-taxable","16":"purchasable","17":"product-type-simple"},"yoast_head":"<!-- This site is optimized with the Yoast SEO plugin v26.9 - https:\/\/yoast.com\/product\/yoast-seo-wordpress\/ -->\n<title>Tsugaru Longcase | Schwarz mit gr\u00fcn-goldenem Samt - Shami-Shop<\/title>\n<meta name=\"description\" content=\"Tsugaru Shamisen Koffer, schwarz mit Samt-Innenfutter. Versand direkt aus Berlin.\" \/>\n<meta name=\"robots\" content=\"index, follow, max-snippet:-1, max-image-preview:large, max-video-preview:-1\" \/>\n<link rel=\"canonical\" href=\"https:\/\/www.shami-shop.com\/de\/produkt\/tsu-14\/\" \/>\n<meta property=\"og:locale\" content=\"de_DE\" \/>\n<meta property=\"og:type\" content=\"article\" \/>\n<meta property=\"og:title\" content=\"Tsugaru Longcase | Schwarz mit gr\u00fcn-goldenem Samt - Shami-Shop\" \/>\n<meta property=\"og:description\" content=\"Tsugaru Shamisen Koffer, schwarz mit Samt-Innenfutter. Versand direkt aus Berlin.\" \/>\n<meta property=\"og:url\" content=\"https:\/\/www.shami-shop.com\/de\/produkt\/tsu-14\/\" \/>\n<meta property=\"og:site_name\" content=\"Shami-Shop\" \/>\n<meta property=\"article:publisher\" content=\"https:\/\/www.facebook.com\/weloveshamisen\/\" \/>\n<meta property=\"article:modified_time\" content=\"2026-02-10T14:52:52+00:00\" \/>\n<meta property=\"og:image\" content=\"https:\/\/www.shami-shop.com\/wp-content\/uploads\/2024\/06\/TSU-24-open-thb.png\" \/>\n\t<meta property=\"og:image:width\" content=\"1000\" \/>\n\t<meta property=\"og:image:height\" content=\"1000\" \/>\n\t<meta property=\"og:image:type\" content=\"image\/png\" \/>\n<meta name=\"twitter:card\" content=\"summary_large_image\" \/>\n<meta name=\"twitter:label1\" content=\"Gesch\u00e4tzte Lesezeit\" \/>\n\t<meta name=\"twitter:data1\" content=\"1\u00a0Minute\" \/>\n<script type=\"application\/ld+json\" class=\"yoast-schema-graph\">{\"@context\":\"https:\/\/schema.org\",\"@graph\":[{\"@type\":[\"WebPage\",\"ItemPage\"],\"@id\":\"https:\/\/www.shami-shop.com\/de\/produkt\/tsu-14\/\",\"url\":\"https:\/\/www.shami-shop.com\/de\/produkt\/tsu-14\/\",\"name\":\"Tsugaru Longcase | Schwarz mit gr\u00fcn-goldenem Samt - Shami-Shop\",\"isPartOf\":{\"@id\":\"https:\/\/www.shami-shop.com\/de\/#website\"},\"primaryImageOfPage\":{\"@id\":\"https:\/\/www.shami-shop.com\/de\/produkt\/tsu-14\/#primaryimage\"},\"image\":{\"@id\":\"https:\/\/www.shami-shop.com\/de\/produkt\/tsu-14\/#primaryimage\"},\"thumbnailUrl\":\"https:\/\/www.shami-shop.com\/wp-content\/uploads\/2024\/06\/TSU-24-open-thb.png\",\"datePublished\":\"2025-10-30T08:55:00+00:00\",\"dateModified\":\"2026-02-10T14:52:52+00:00\",\"description\":\"Tsugaru Shamisen Koffer, schwarz mit Samt-Innenfutter. Versand direkt aus Berlin.\",\"breadcrumb\":{\"@id\":\"https:\/\/www.shami-shop.com\/de\/produkt\/tsu-14\/#breadcrumb\"},\"inLanguage\":\"de\",\"potentialAction\":[{\"@type\":\"ReadAction\",\"target\":[\"https:\/\/www.shami-shop.com\/de\/produkt\/tsu-14\/\"]}]},{\"@type\":\"ImageObject\",\"inLanguage\":\"de\",\"@id\":\"https:\/\/www.shami-shop.com\/de\/produkt\/tsu-14\/#primaryimage\",\"url\":\"https:\/\/www.shami-shop.com\/wp-content\/uploads\/2024\/06\/TSU-24-open-thb.png\",\"contentUrl\":\"https:\/\/www.shami-shop.com\/wp-content\/uploads\/2024\/06\/TSU-24-open-thb.png\",\"width\":1000,\"height\":1000},{\"@type\":\"BreadcrumbList\",\"@id\":\"https:\/\/www.shami-shop.com\/de\/produkt\/tsu-14\/#breadcrumb\",\"itemListElement\":[{\"@type\":\"ListItem\",\"position\":1,\"name\":\"Startseite\",\"item\":\"https:\/\/www.shami-shop.com\/de\/\"},{\"@type\":\"ListItem\",\"position\":2,\"name\":\"Shop\",\"item\":\"https:\/\/www.shami-shop.com\/de\/shop\/\"},{\"@type\":\"ListItem\",\"position\":3,\"name\":\"Tsugaru Longcase | Schwarz mit gr\u00fcn-goldenem Samt\"}]},{\"@type\":\"WebSite\",\"@id\":\"https:\/\/www.shami-shop.com\/de\/#website\",\"url\":\"https:\/\/www.shami-shop.com\/de\/\",\"name\":\"Shami-Shop\",\"description\":\"Alles f\u00fcr den Shamisen-Spieler.\",\"publisher\":{\"@id\":\"https:\/\/www.shami-shop.com\/de\/#organization\"},\"potentialAction\":[{\"@type\":\"SearchAction\",\"target\":{\"@type\":\"EntryPoint\",\"urlTemplate\":\"https:\/\/www.shami-shop.com\/de\/?s={search_term_string}\"},\"query-input\":{\"@type\":\"PropertyValueSpecification\",\"valueRequired\":true,\"valueName\":\"search_term_string\"}}],\"inLanguage\":\"de\"},{\"@type\":\"Organization\",\"@id\":\"https:\/\/www.shami-shop.com\/de\/#organization\",\"name\":\"Shami-Shop\",\"url\":\"https:\/\/www.shami-shop.com\/de\/\",\"logo\":{\"@type\":\"ImageObject\",\"inLanguage\":\"de\",\"@id\":\"https:\/\/www.shami-shop.com\/de\/#\/schema\/logo\/image\/\",\"url\":\"https:\/\/shami-shop.com\/wp-content\/uploads\/2021\/01\/Shami-Shop-Logo-1080.png\",\"contentUrl\":\"https:\/\/shami-shop.com\/wp-content\/uploads\/2021\/01\/Shami-Shop-Logo-1080.png\",\"width\":1080,\"height\":1080,\"caption\":\"Shami-Shop\"},\"image\":{\"@id\":\"https:\/\/www.shami-shop.com\/de\/#\/schema\/logo\/image\/\"},\"sameAs\":[\"https:\/\/www.facebook.com\/weloveshamisen\/\",\"https:\/\/www.instagram.com\/shamishop.europe\/\"]}]}<\/script>\n<!-- \/ Yoast SEO plugin. -->","yoast_head_json":{"title":"Tsugaru Longcase | Schwarz mit gr\u00fcn-goldenem Samt - Shami-Shop","description":"Tsugaru Shamisen Koffer, schwarz mit Samt-Innenfutter. Versand direkt aus Berlin.","robots":{"index":"index","follow":"follow","max-snippet":"max-snippet:-1","max-image-preview":"max-image-preview:large","max-video-preview":"max-video-preview:-1"},"canonical":"https:\/\/www.shami-shop.com\/de\/produkt\/tsu-14\/","og_locale":"de_DE","og_type":"article","og_title":"Tsugaru Longcase | Schwarz mit gr\u00fcn-goldenem Samt - Shami-Shop","og_description":"Tsugaru Shamisen Koffer, schwarz mit Samt-Innenfutter. Versand direkt aus Berlin.","og_url":"https:\/\/www.shami-shop.com\/de\/produkt\/tsu-14\/","og_site_name":"Shami-Shop","article_publisher":"https:\/\/www.facebook.com\/weloveshamisen\/","article_modified_time":"2026-02-10T14:52:52+00:00","og_image":[{"width":1000,"height":1000,"url":"https:\/\/www.shami-shop.com\/wp-content\/uploads\/2024\/06\/TSU-24-open-thb.png","type":"image\/png"}],"twitter_card":"summary_large_image","twitter_misc":{"Gesch\u00e4tzte Lesezeit":"1\u00a0Minute"},"schema":{"@context":"https:\/\/schema.org","@graph":[{"@type":["WebPage","ItemPage"],"@id":"https:\/\/www.shami-shop.com\/de\/produkt\/tsu-14\/","url":"https:\/\/www.shami-shop.com\/de\/produkt\/tsu-14\/","name":"Tsugaru Longcase | Schwarz mit gr\u00fcn-goldenem Samt - Shami-Shop","isPartOf":{"@id":"https:\/\/www.shami-shop.com\/de\/#website"},"primaryImageOfPage":{"@id":"https:\/\/www.shami-shop.com\/de\/produkt\/tsu-14\/#primaryimage"},"image":{"@id":"https:\/\/www.shami-shop.com\/de\/produkt\/tsu-14\/#primaryimage"},"thumbnailUrl":"https:\/\/www.shami-shop.com\/wp-content\/uploads\/2024\/06\/TSU-24-open-thb.png","datePublished":"2025-10-30T08:55:00+00:00","dateModified":"2026-02-10T14:52:52+00:00","description":"Tsugaru Shamisen Koffer, schwarz mit Samt-Innenfutter. Versand direkt aus Berlin.","breadcrumb":{"@id":"https:\/\/www.shami-shop.com\/de\/produkt\/tsu-14\/#breadcrumb"},"inLanguage":"de","potentialAction":[{"@type":"ReadAction","target":["https:\/\/www.shami-shop.com\/de\/produkt\/tsu-14\/"]}]},{"@type":"ImageObject","inLanguage":"de","@id":"https:\/\/www.shami-shop.com\/de\/produkt\/tsu-14\/#primaryimage","url":"https:\/\/www.shami-shop.com\/wp-content\/uploads\/2024\/06\/TSU-24-open-thb.png","contentUrl":"https:\/\/www.shami-shop.com\/wp-content\/uploads\/2024\/06\/TSU-24-open-thb.png","width":1000,"height":1000},{"@type":"BreadcrumbList","@id":"https:\/\/www.shami-shop.com\/de\/produkt\/tsu-14\/#breadcrumb","itemListElement":[{"@type":"ListItem","position":1,"name":"Startseite","item":"https:\/\/www.shami-shop.com\/de\/"},{"@type":"ListItem","position":2,"name":"Shop","item":"https:\/\/www.shami-shop.com\/de\/shop\/"},{"@type":"ListItem","position":3,"name":"Tsugaru Longcase | Schwarz mit gr\u00fcn-goldenem Samt"}]},{"@type":"WebSite","@id":"https:\/\/www.shami-shop.com\/de\/#website","url":"https:\/\/www.shami-shop.com\/de\/","name":"Shami-Shop","description":"Alles f\u00fcr den Shamisen-Spieler.","publisher":{"@id":"https:\/\/www.shami-shop.com\/de\/#organization"},"potentialAction":[{"@type":"SearchAction","target":{"@type":"EntryPoint","urlTemplate":"https:\/\/www.shami-shop.com\/de\/?s={search_term_string}"},"query-input":{"@type":"PropertyValueSpecification","valueRequired":true,"valueName":"search_term_string"}}],"inLanguage":"de"},{"@type":"Organization","@id":"https:\/\/www.shami-shop.com\/de\/#organization","name":"Shami-Shop","url":"https:\/\/www.shami-shop.com\/de\/","logo":{"@type":"ImageObject","inLanguage":"de","@id":"https:\/\/www.shami-shop.com\/de\/#\/schema\/logo\/image\/","url":"https:\/\/shami-shop.com\/wp-content\/uploads\/2021\/01\/Shami-Shop-Logo-1080.png","contentUrl":"https:\/\/shami-shop.com\/wp-content\/uploads\/2021\/01\/Shami-Shop-Logo-1080.png","width":1080,"height":1080,"caption":"Shami-Shop"},"image":{"@id":"https:\/\/www.shami-shop.com\/de\/#\/schema\/logo\/image\/"},"sameAs":["https:\/\/www.facebook.com\/weloveshamisen\/","https:\/\/www.instagram.com\/shamishop.europe\/"]}]}},"jetpack_sharing_enabled":true,"_links":{"self":[{"href":"https:\/\/www.shami-shop.com\/de\/wp-json\/wp\/v2\/product\/20001","targetHints":{"allow":["GET"]}}],"collection":[{"href":"https:\/\/www.shami-shop.com\/de\/wp-json\/wp\/v2\/product"}],"about":[{"href":"https:\/\/www.shami-shop.com\/de\/wp-json\/wp\/v2\/types\/product"}],"wp:featuredmedia":[{"embeddable":true,"href":"https:\/\/www.shami-shop.com\/de\/wp-json\/wp\/v2\/media\/24917"}],"wp:attachment":[{"href":"https:\/\/www.shami-shop.com\/de\/wp-json\/wp\/v2\/media?parent=20001"}],"wp:term":[{"taxonomy":"product_brand","embeddable":true,"href":"https:\/\/www.shami-shop.com\/de\/wp-json\/wp\/v2\/product_brand?post=20001"},{"taxonomy":"product_cat","embeddable":true,"href":"https:\/\/www.shami-shop.com\/de\/wp-json\/wp\/v2\/product_cat?post=20001"},{"taxonomy":"product_tag","embeddable":true,"href":"https:\/\/www.shami-shop.com\/de\/wp-json\/wp\/v2\/product_tag?post=20001"}],"curies":[{"name":"wp","href":"https:\/\/api.w.org\/{rel}","templated":true}]}}