{"id":20003,"date":"2026-01-23T10:00:19","date_gmt":"2026-01-23T09:00:19","guid":{"rendered":"https:\/\/www.shami-shop.com\/product\/tsugaru-koffer-schwarz-mit-samt-in-oliv\/"},"modified":"2026-03-10T23:02:54","modified_gmt":"2026-03-10T22:02:54","slug":"tsu-16","status":"publish","type":"product","link":"https:\/\/www.shami-shop.com\/de\/produkt\/tsu-16\/","title":{"rendered":"Tsugaru Koffer | Schwarz mit rotem Samt"},"content":{"rendered":"<div class=\"page\" title=\"Seite 1\">\n<div class=\"layoutArea\">\n<div class=\"column\">\n<p>Eine klassische Sch\u00f6nheit. Mit dieser zeitlosen Farbkombination kann man nichts falsch machen. Dieses Longcase ist stabil und robust und sch\u00fctzt deine Shamisen zuverl\u00e4ssig. An der kurzen Seite hat er zus\u00e4tzliche Metallf\u00fc\u00dfe, sodass der Koffer sicher aufrecht stehen kann, sowie einen Griff am oberen kurzen Ende f\u00fcr einfaches Man\u00f6vrieren in aufrechter Position. Da der Kasten gebraucht ist, hat er ein paar kleine Katscher (siehe Fotos). Im Inneren befindet sich mittig ein n\u00fctzliches Fach f\u00fcr Zubeh\u00f6r wie Bachi, Reinigungstuch und alles andere, was du brauchst. Auf diesen Koffer gibt es einen Preisnachlass, da einer der vier Verschl\u00fcsse etwas locker ist \u2013 keine Sorge, die anderen funktionieren einwandfrei und der Koffer l\u00e4sst sich sicher schlie\u00dfen. Das Innenfutter weist im oberen Bereich eine dunkle Verf\u00e4rbung auf \u2013 es sieht so aus, als h\u00e4tte jemand Wasser versch\u00fcttet. Es sieht aber nicht dramatisch aus.<\/p>\n<p>Ein fester Koffer wie dieser ist der perfekte Begleiter f\u00fcr jede Shamisen &#8211; denn in dieses Format passen alle Gr\u00f6\u00dfen. Das Instrument f\u00fcr den Transport nicht auseinanderbauen zu m\u00fcssen macht einen gewaltigen Unterschied, denn die Shamisen ist sofort einsatz- und spielbereit! Das Instrument komplett zusammengebaut zu lassen bedeutet auch, dass die Stimmung stabil bleibt und man viel weniger Zeit aufs Stimmen und Nachstimmen verwenden muss. Die harte Au\u00dfenschale des Koffers sch\u00fctzt Ihr Instrument vor Leuten, Ecken und T\u00fcrrahmen, die Ihnen in den Weg kommen.<\/p>\n<p>Der Koffer schlie\u00dft mit 4 Schnallen. Schl\u00fcssel inbegriffen.<\/p>\n<\/div>\n<\/div>\n<\/div>\n","protected":false},"excerpt":{"rendered":"<div class=\"page\" title=\"Seite 1\">\n<div class=\"layoutArea\">\n<div class=\"column\">\n<p>Gebrauchter Koffer f\u00fcr Futozao \/ Tsugaru Shamisen. Extra Griff am oberen Ende.<\/p>\n<p>Au\u00dfen Schwarz, innen roter Samt.<\/p>\n<p><strong>Produktma\u00dfe:<\/strong><\/p>\n<ul>\n<li>L\u00e4nge: 106,5 cm<\/li>\n<li>Breite: 29 cm<\/li>\n<li>Breite Innen: 26,5 cm<\/li>\n<li>H\u00f6he: 15 cm<\/li>\n<\/ul>\n<p>4 Schlie\u00dfen, Schl\u00fcssel vorhanden<\/p>\n<\/div>\n<\/div>\n<\/div>\n","protected":false},"featured_media":25102,"template":"","meta":{"_et_pb_use_builder":"","_et_pb_old_content":"","_et_gb_content_width":""},"product_brand":[],"product_cat":[138,436,62,63],"product_tag":[],"class_list":{"0":"post-20003","1":"product","2":"type-product","3":"status-publish","4":"has-post-thumbnail","6":"product_cat-shamisenkoffer","7":"product_cat-koffer-futozao","8":"product_cat-instrumentenkasten","9":"product_cat-lange-koffer","10":"product_shipping_class-5kg-de","12":"first","13":"outofstock","14":"sale","15":"shipping-taxable","16":"purchasable","17":"product-type-simple"},"yoast_head":"<!-- This site is optimized with the Yoast SEO plugin v26.9 - https:\/\/yoast.com\/product\/yoast-seo-wordpress\/ -->\n<title>Tsugaru Koffer | Schwarz mit rotem Samt - Shami-Shop<\/title>\n<meta name=\"description\" content=\"Gebrauchter Shamisen-Koffer - sch\u00fctzt Ihr Instrument zuverl\u00e4ssig, wohin auch immer es Sie treibt.\" \/>\n<meta name=\"robots\" content=\"index, follow, max-snippet:-1, max-image-preview:large, max-video-preview:-1\" \/>\n<link rel=\"canonical\" href=\"https:\/\/www.shami-shop.com\/de\/produkt\/tsu-16\/\" \/>\n<meta property=\"og:locale\" content=\"de_DE\" \/>\n<meta property=\"og:type\" content=\"article\" \/>\n<meta property=\"og:title\" content=\"Tsugaru Koffer | Schwarz mit rotem Samt - Shami-Shop\" \/>\n<meta property=\"og:description\" content=\"Gebrauchter Shamisen-Koffer - sch\u00fctzt Ihr Instrument zuverl\u00e4ssig, wohin auch immer es Sie treibt.\" \/>\n<meta property=\"og:url\" content=\"https:\/\/www.shami-shop.com\/de\/produkt\/tsu-16\/\" \/>\n<meta property=\"og:site_name\" content=\"Shami-Shop\" \/>\n<meta property=\"article:publisher\" content=\"https:\/\/www.facebook.com\/weloveshamisen\/\" \/>\n<meta property=\"article:modified_time\" content=\"2026-03-10T22:02:54+00:00\" \/>\n<meta property=\"og:image\" content=\"https:\/\/www.shami-shop.com\/wp-content\/uploads\/2024\/06\/TSU-31-open-thb.png\" \/>\n\t<meta property=\"og:image:width\" content=\"1000\" \/>\n\t<meta property=\"og:image:height\" content=\"1000\" \/>\n\t<meta property=\"og:image:type\" content=\"image\/png\" \/>\n<meta name=\"twitter:card\" content=\"summary_large_image\" \/>\n<meta name=\"twitter:label1\" content=\"Gesch\u00e4tzte Lesezeit\" \/>\n\t<meta name=\"twitter:data1\" content=\"1\u00a0Minute\" \/>\n<script type=\"application\/ld+json\" class=\"yoast-schema-graph\">{\"@context\":\"https:\/\/schema.org\",\"@graph\":[{\"@type\":[\"WebPage\",\"ItemPage\"],\"@id\":\"https:\/\/www.shami-shop.com\/de\/produkt\/tsu-16\/\",\"url\":\"https:\/\/www.shami-shop.com\/de\/produkt\/tsu-16\/\",\"name\":\"Tsugaru Koffer | Schwarz mit rotem Samt - Shami-Shop\",\"isPartOf\":{\"@id\":\"https:\/\/www.shami-shop.com\/de\/#website\"},\"primaryImageOfPage\":{\"@id\":\"https:\/\/www.shami-shop.com\/de\/produkt\/tsu-16\/#primaryimage\"},\"image\":{\"@id\":\"https:\/\/www.shami-shop.com\/de\/produkt\/tsu-16\/#primaryimage\"},\"thumbnailUrl\":\"https:\/\/www.shami-shop.com\/wp-content\/uploads\/2024\/06\/TSU-31-open-thb.png\",\"datePublished\":\"2026-01-23T09:00:19+00:00\",\"dateModified\":\"2026-03-10T22:02:54+00:00\",\"description\":\"Gebrauchter Shamisen-Koffer - sch\u00fctzt Ihr Instrument zuverl\u00e4ssig, wohin auch immer es Sie treibt.\",\"breadcrumb\":{\"@id\":\"https:\/\/www.shami-shop.com\/de\/produkt\/tsu-16\/#breadcrumb\"},\"inLanguage\":\"de\",\"potentialAction\":[{\"@type\":\"ReadAction\",\"target\":[\"https:\/\/www.shami-shop.com\/de\/produkt\/tsu-16\/\"]}]},{\"@type\":\"ImageObject\",\"inLanguage\":\"de\",\"@id\":\"https:\/\/www.shami-shop.com\/de\/produkt\/tsu-16\/#primaryimage\",\"url\":\"https:\/\/www.shami-shop.com\/wp-content\/uploads\/2024\/06\/TSU-31-open-thb.png\",\"contentUrl\":\"https:\/\/www.shami-shop.com\/wp-content\/uploads\/2024\/06\/TSU-31-open-thb.png\",\"width\":1000,\"height\":1000},{\"@type\":\"BreadcrumbList\",\"@id\":\"https:\/\/www.shami-shop.com\/de\/produkt\/tsu-16\/#breadcrumb\",\"itemListElement\":[{\"@type\":\"ListItem\",\"position\":1,\"name\":\"Startseite\",\"item\":\"https:\/\/www.shami-shop.com\/de\/\"},{\"@type\":\"ListItem\",\"position\":2,\"name\":\"Shop\",\"item\":\"https:\/\/www.shami-shop.com\/de\/shop\/\"},{\"@type\":\"ListItem\",\"position\":3,\"name\":\"Tsugaru Koffer | Schwarz mit rotem Samt\"}]},{\"@type\":\"WebSite\",\"@id\":\"https:\/\/www.shami-shop.com\/de\/#website\",\"url\":\"https:\/\/www.shami-shop.com\/de\/\",\"name\":\"Shami-Shop\",\"description\":\"Alles f\u00fcr den Shamisen-Spieler.\",\"publisher\":{\"@id\":\"https:\/\/www.shami-shop.com\/de\/#organization\"},\"potentialAction\":[{\"@type\":\"SearchAction\",\"target\":{\"@type\":\"EntryPoint\",\"urlTemplate\":\"https:\/\/www.shami-shop.com\/de\/?s={search_term_string}\"},\"query-input\":{\"@type\":\"PropertyValueSpecification\",\"valueRequired\":true,\"valueName\":\"search_term_string\"}}],\"inLanguage\":\"de\"},{\"@type\":\"Organization\",\"@id\":\"https:\/\/www.shami-shop.com\/de\/#organization\",\"name\":\"Shami-Shop\",\"url\":\"https:\/\/www.shami-shop.com\/de\/\",\"logo\":{\"@type\":\"ImageObject\",\"inLanguage\":\"de\",\"@id\":\"https:\/\/www.shami-shop.com\/de\/#\/schema\/logo\/image\/\",\"url\":\"https:\/\/shami-shop.com\/wp-content\/uploads\/2021\/01\/Shami-Shop-Logo-1080.png\",\"contentUrl\":\"https:\/\/shami-shop.com\/wp-content\/uploads\/2021\/01\/Shami-Shop-Logo-1080.png\",\"width\":1080,\"height\":1080,\"caption\":\"Shami-Shop\"},\"image\":{\"@id\":\"https:\/\/www.shami-shop.com\/de\/#\/schema\/logo\/image\/\"},\"sameAs\":[\"https:\/\/www.facebook.com\/weloveshamisen\/\",\"https:\/\/www.instagram.com\/shamishop.europe\/\"]}]}<\/script>\n<!-- \/ Yoast SEO plugin. -->","yoast_head_json":{"title":"Tsugaru Koffer | Schwarz mit rotem Samt - Shami-Shop","description":"Gebrauchter Shamisen-Koffer - sch\u00fctzt Ihr Instrument zuverl\u00e4ssig, wohin auch immer es Sie treibt.","robots":{"index":"index","follow":"follow","max-snippet":"max-snippet:-1","max-image-preview":"max-image-preview:large","max-video-preview":"max-video-preview:-1"},"canonical":"https:\/\/www.shami-shop.com\/de\/produkt\/tsu-16\/","og_locale":"de_DE","og_type":"article","og_title":"Tsugaru Koffer | Schwarz mit rotem Samt - Shami-Shop","og_description":"Gebrauchter Shamisen-Koffer - sch\u00fctzt Ihr Instrument zuverl\u00e4ssig, wohin auch immer es Sie treibt.","og_url":"https:\/\/www.shami-shop.com\/de\/produkt\/tsu-16\/","og_site_name":"Shami-Shop","article_publisher":"https:\/\/www.facebook.com\/weloveshamisen\/","article_modified_time":"2026-03-10T22:02:54+00:00","og_image":[{"width":1000,"height":1000,"url":"https:\/\/www.shami-shop.com\/wp-content\/uploads\/2024\/06\/TSU-31-open-thb.png","type":"image\/png"}],"twitter_card":"summary_large_image","twitter_misc":{"Gesch\u00e4tzte Lesezeit":"1\u00a0Minute"},"schema":{"@context":"https:\/\/schema.org","@graph":[{"@type":["WebPage","ItemPage"],"@id":"https:\/\/www.shami-shop.com\/de\/produkt\/tsu-16\/","url":"https:\/\/www.shami-shop.com\/de\/produkt\/tsu-16\/","name":"Tsugaru Koffer | Schwarz mit rotem Samt - Shami-Shop","isPartOf":{"@id":"https:\/\/www.shami-shop.com\/de\/#website"},"primaryImageOfPage":{"@id":"https:\/\/www.shami-shop.com\/de\/produkt\/tsu-16\/#primaryimage"},"image":{"@id":"https:\/\/www.shami-shop.com\/de\/produkt\/tsu-16\/#primaryimage"},"thumbnailUrl":"https:\/\/www.shami-shop.com\/wp-content\/uploads\/2024\/06\/TSU-31-open-thb.png","datePublished":"2026-01-23T09:00:19+00:00","dateModified":"2026-03-10T22:02:54+00:00","description":"Gebrauchter Shamisen-Koffer - sch\u00fctzt Ihr Instrument zuverl\u00e4ssig, wohin auch immer es Sie treibt.","breadcrumb":{"@id":"https:\/\/www.shami-shop.com\/de\/produkt\/tsu-16\/#breadcrumb"},"inLanguage":"de","potentialAction":[{"@type":"ReadAction","target":["https:\/\/www.shami-shop.com\/de\/produkt\/tsu-16\/"]}]},{"@type":"ImageObject","inLanguage":"de","@id":"https:\/\/www.shami-shop.com\/de\/produkt\/tsu-16\/#primaryimage","url":"https:\/\/www.shami-shop.com\/wp-content\/uploads\/2024\/06\/TSU-31-open-thb.png","contentUrl":"https:\/\/www.shami-shop.com\/wp-content\/uploads\/2024\/06\/TSU-31-open-thb.png","width":1000,"height":1000},{"@type":"BreadcrumbList","@id":"https:\/\/www.shami-shop.com\/de\/produkt\/tsu-16\/#breadcrumb","itemListElement":[{"@type":"ListItem","position":1,"name":"Startseite","item":"https:\/\/www.shami-shop.com\/de\/"},{"@type":"ListItem","position":2,"name":"Shop","item":"https:\/\/www.shami-shop.com\/de\/shop\/"},{"@type":"ListItem","position":3,"name":"Tsugaru Koffer | Schwarz mit rotem Samt"}]},{"@type":"WebSite","@id":"https:\/\/www.shami-shop.com\/de\/#website","url":"https:\/\/www.shami-shop.com\/de\/","name":"Shami-Shop","description":"Alles f\u00fcr den Shamisen-Spieler.","publisher":{"@id":"https:\/\/www.shami-shop.com\/de\/#organization"},"potentialAction":[{"@type":"SearchAction","target":{"@type":"EntryPoint","urlTemplate":"https:\/\/www.shami-shop.com\/de\/?s={search_term_string}"},"query-input":{"@type":"PropertyValueSpecification","valueRequired":true,"valueName":"search_term_string"}}],"inLanguage":"de"},{"@type":"Organization","@id":"https:\/\/www.shami-shop.com\/de\/#organization","name":"Shami-Shop","url":"https:\/\/www.shami-shop.com\/de\/","logo":{"@type":"ImageObject","inLanguage":"de","@id":"https:\/\/www.shami-shop.com\/de\/#\/schema\/logo\/image\/","url":"https:\/\/shami-shop.com\/wp-content\/uploads\/2021\/01\/Shami-Shop-Logo-1080.png","contentUrl":"https:\/\/shami-shop.com\/wp-content\/uploads\/2021\/01\/Shami-Shop-Logo-1080.png","width":1080,"height":1080,"caption":"Shami-Shop"},"image":{"@id":"https:\/\/www.shami-shop.com\/de\/#\/schema\/logo\/image\/"},"sameAs":["https:\/\/www.facebook.com\/weloveshamisen\/","https:\/\/www.instagram.com\/shamishop.europe\/"]}]}},"jetpack_sharing_enabled":true,"_links":{"self":[{"href":"https:\/\/www.shami-shop.com\/de\/wp-json\/wp\/v2\/product\/20003","targetHints":{"allow":["GET"]}}],"collection":[{"href":"https:\/\/www.shami-shop.com\/de\/wp-json\/wp\/v2\/product"}],"about":[{"href":"https:\/\/www.shami-shop.com\/de\/wp-json\/wp\/v2\/types\/product"}],"wp:featuredmedia":[{"embeddable":true,"href":"https:\/\/www.shami-shop.com\/de\/wp-json\/wp\/v2\/media\/25102"}],"wp:attachment":[{"href":"https:\/\/www.shami-shop.com\/de\/wp-json\/wp\/v2\/media?parent=20003"}],"wp:term":[{"taxonomy":"product_brand","embeddable":true,"href":"https:\/\/www.shami-shop.com\/de\/wp-json\/wp\/v2\/product_brand?post=20003"},{"taxonomy":"product_cat","embeddable":true,"href":"https:\/\/www.shami-shop.com\/de\/wp-json\/wp\/v2\/product_cat?post=20003"},{"taxonomy":"product_tag","embeddable":true,"href":"https:\/\/www.shami-shop.com\/de\/wp-json\/wp\/v2\/product_tag?post=20003"}],"curies":[{"name":"wp","href":"https:\/\/api.w.org\/{rel}","templated":true}]}}