{"id":20009,"date":"2026-01-08T20:45:47","date_gmt":"2026-01-08T19:45:47","guid":{"rendered":"https:\/\/www.shami-shop.com\/product\/hosozao-shamisen-set-nana\/"},"modified":"2026-02-09T02:10:47","modified_gmt":"2026-02-09T01:10:47","slug":"hosozao-shamisen-set-nana","status":"publish","type":"product","link":"https:\/\/www.shami-shop.com\/de\/produkt\/hosozao-shamisen-set-nana\/","title":{"rendered":"Hosozao Anf\u00e4nger Shamisen Set \u201eHanako\u201d"},"content":{"rendered":"<p>Auf der Suche nach einem treuen Freund? Ich darf vorstellen: Hanako!<\/p>\n<p>Diese Shamisen ist mit allem ausgestattet, was man braucht, um ins Shamisen-Abenteuer einzutauchen (ausgenommen Bachi, Koma und Yubisuri &#8211; aus guten Gr\u00fcnden, wie ganz unten erkl\u00e4rt wird).<\/p>\n<p>Diese Shamisen ist eine so genannte Hosozao Shamisen, also eine Shamisen mit schmalem Hals &#8211; typischerweise gebraucht f\u00fcr Nagauta, Kouta und Hauta Stil.<\/p>\n<p>Dieses Instrument ist ein sehr sch\u00f6nes Anf\u00e4nger-Instrument mit Naturh\u00e4uten und einem Hals, der sich in drei Teile zerlegen l\u00e4sst &#8211; extrem praktisch f\u00fcr&#8217;s Reisen. Es ist ausgestattet mit einem Dougomu (Anti-Rutsch-Matte) und einem Fujaku Strip (Positionsmarker).<\/p>\n<p>&nbsp;<\/p>\n<h5>Holz:<\/h5>\n<p>Hals und Korpus sind aus Karin-Holz gefertigt &#8211; ein Hartholz, das sich als Material f\u00fcr Anf\u00e4nger-Instrumente aufgrund seiner Klang-Eigenschaften und Robustheit etabliert hat. Das ist ein sehr widerstandsf\u00e4higes Hartholz mit einem r\u00f6tlichen Farbton.<\/p>\n<p>&nbsp;<\/p>\n<h5>Accessoires und H\u00e4ute:<\/h5>\n<p>Das Instrument habe ich mit einem sehr h\u00fcbschen Doukake in Kimono-Stil ausgestattet. Es hat ein goldenes Muster mit kleinen Blumen. Das Blumenmotiv wird durch den zart orangenen Neo (Saitenhalter) unterstrichen. Im Set enthalten ist au\u00dferdem ein Set frischer Saiten, eine Anti-Rutsch-Matte (Dougomu), ein Tenjin-K\u00e4ppchen und ein angebrachter Positionsmarker (Fujaku Strip). Der Korpus ist frisch mit <em>Hibiki<\/em> synthetischen H\u00e4uten bespannt &#8211; das macht das Instrument besonders widerstandsf\u00e4hig gegen Klimaschwankungen und Feuchtigkeit.<\/p>\n<p>&nbsp;<\/p>\n<h5>Hals:<\/h5>\n<p>Der Hals ist am schmalen Ende 27 mm breit und 28 mm hoch und verbreitert sich leicht in Richtung Korpus. Das Griffbrett ist 25,25 mm breit am schmalen Ende. Der Hals endet in einer elegant geschwungenen <em>Hatomune<\/em> \u2013 das ist der \u00dcbergang zwischen Griffbrett und Dou an der Stelle, wo der Hals in den Korpus eintaucht. Dieses Design ist typisch f\u00fcr Hosozao Shamisen, die mit Nagauta Stil verbunden werden. Auf dieser Art von Hals kann man bis zur Position 19 spielen.<\/p>\n<p>&nbsp;<\/p>\n<h5>Itomaki:<\/h5>\n<p>Die <em>Itomaki<\/em> (Wirbel) sind aus Ebenholz gearbeitet und in einer traditionellen Art geschnitzt, sodass sie sich trotz ihrer schmalen Form leicht greifen lassen.<\/p>\n<p>&nbsp;<\/p>\n<h5>Weiteres:<\/h5>\n<p>Die <em>Tsukigata<\/em> (das halbmondf\u00f6rmige Ende des <em>Tenjin<\/em>) ist in perfektem Zustand. Der Hals ist im <em>Mitsuori<\/em> Stil gerabeitet: Er kann in drei Teile zerlegt werden. Die Verbindungen sind bei diesem Instrument in einfacher Ausfertigung gearbeitet gearbeitet. Reisen ist mit diesem Instrument deshalb auch bei leichtem Gep\u00e4ck besonders einfach und komfortabel.<\/p>\n<p>Wenn Sie noch Fragen haben, schicken Sie gerne eine Nachricht per E-Mail!<\/p>\n<p>&nbsp;<\/p>\n<p>Alles, was Sie zum losspielen noch ben\u00f6tigen, sind ein <a href=\"https:\/\/shami-shop.com\/product-categorie\/koma\/\">Koma<\/a>, ein <a href=\"https:\/\/shami-shop.com\/product-categorie\/bachi\/\">Bachi<\/a> und ein <a href=\"https:\/\/shami-shop.com\/product\/yubisuri\/\">Yubisuri<\/a>. W\u00e4hlen Sie Koma und Bachi je nach dem Stil, den Sie spielen m\u00f6chten und Ihren pers\u00f6nlichen Vorlieben. Yubisuri gibt es in verschiedenen Gr\u00f6\u00dfen und Farben. Der Qual der Wahl wollte ich Sie hier nicht berauben.<\/p>\n<p>Wenn Sie Hilfe bei der Auwahl der richtigen Komponenten ben\u00f6tigen, schicken Sie gerne eine Nachricht und wir stellen gemeinsam das perfekte Paket f\u00fcr Sie zusammen.<\/p>\n","protected":false},"excerpt":{"rendered":"<ul>\n<li>Hosozao Shamisen\n<ul>\n<li>Sao Breite: 27 mm<\/li>\n<li>Sao H\u00f6he: 28 mm<\/li>\n<li>Griffbrett: 25,25 mm<\/li>\n<\/ul>\n<\/li>\n<li>Karin-Holz<\/li>\n<li>frische synthetische (Hibiki) H\u00e4ute<\/li>\n<\/ul>\n<p>au\u00dferdem im Set enthalten:<\/p>\n<ul>\n<li>Neo<\/li>\n<li>Doukake<\/li>\n<li>Fujaku Strip<\/li>\n<li>Saiten<\/li>\n<li>Dougomu<\/li>\n<li>Tenjin-Schutz<\/li>\n<\/ul>\n","protected":false},"featured_media":27632,"template":"","meta":{"_et_pb_use_builder":"","_et_pb_old_content":"","_et_gb_content_width":""},"product_brand":[],"product_cat":[339,389,392],"product_tag":[],"class_list":{"0":"post-20009","1":"product","2":"type-product","3":"status-publish","4":"has-post-thumbnail","6":"product_cat-shamisen-de","7":"product_cat-hosozao-de","8":"product_cat-nagauta-sh-de","9":"product_shipping_class-5kg-de","11":"first","12":"outofstock","13":"shipping-taxable","14":"purchasable","15":"product-type-simple"},"yoast_head":"<!-- This site is optimized with the Yoast SEO plugin v26.9 - https:\/\/yoast.com\/product\/yoast-seo-wordpress\/ -->\n<title>Hosozao Anf\u00e4nger Shamisen Set \u201eHanako\u201d - Shami-Shop<\/title>\n<meta name=\"description\" content=\"Holen Sie sich ein Hosozao Nagauta Shamisen Set - ideal f\u00fcr Anf\u00e4nger. Positionsmarker und viele Accessoires enthalten. Versand direkt aus Berlin, Deutschland.\" \/>\n<meta name=\"robots\" content=\"index, follow, max-snippet:-1, max-image-preview:large, max-video-preview:-1\" \/>\n<link rel=\"canonical\" href=\"https:\/\/www.shami-shop.com\/de\/produkt\/hosozao-shamisen-set-nana\/\" \/>\n<meta property=\"og:locale\" content=\"de_DE\" \/>\n<meta property=\"og:type\" content=\"article\" \/>\n<meta property=\"og:title\" content=\"Hosozao Anf\u00e4nger Shamisen Set \u201eHanako\u201d - Shami-Shop\" \/>\n<meta property=\"og:description\" content=\"Holen Sie sich ein Hosozao Nagauta Shamisen Set - ideal f\u00fcr Anf\u00e4nger. Positionsmarker und viele Accessoires enthalten. Versand direkt aus Berlin, Deutschland.\" \/>\n<meta property=\"og:url\" content=\"https:\/\/www.shami-shop.com\/de\/produkt\/hosozao-shamisen-set-nana\/\" \/>\n<meta property=\"og:site_name\" content=\"Shami-Shop\" \/>\n<meta property=\"article:publisher\" content=\"https:\/\/www.facebook.com\/weloveshamisen\/\" \/>\n<meta property=\"article:modified_time\" content=\"2026-02-09T01:10:47+00:00\" \/>\n<meta property=\"og:image\" content=\"https:\/\/www.shami-shop.com\/wp-content\/uploads\/2025\/04\/HO-43-SCHU-06-45-scaled.jpg\" \/>\n\t<meta property=\"og:image:width\" content=\"2560\" \/>\n\t<meta property=\"og:image:height\" content=\"2560\" \/>\n\t<meta property=\"og:image:type\" content=\"image\/jpeg\" \/>\n<meta name=\"twitter:card\" content=\"summary_large_image\" \/>\n<meta name=\"twitter:label1\" content=\"Gesch\u00e4tzte Lesezeit\" \/>\n\t<meta name=\"twitter:data1\" content=\"2\u00a0Minuten\" \/>\n<script type=\"application\/ld+json\" class=\"yoast-schema-graph\">{\"@context\":\"https:\/\/schema.org\",\"@graph\":[{\"@type\":[\"WebPage\",\"ItemPage\"],\"@id\":\"https:\/\/www.shami-shop.com\/de\/produkt\/hosozao-shamisen-set-nana\/\",\"url\":\"https:\/\/www.shami-shop.com\/de\/produkt\/hosozao-shamisen-set-nana\/\",\"name\":\"Hosozao Anf\u00e4nger Shamisen Set \u201eHanako\u201d - Shami-Shop\",\"isPartOf\":{\"@id\":\"https:\/\/www.shami-shop.com\/de\/#website\"},\"primaryImageOfPage\":{\"@id\":\"https:\/\/www.shami-shop.com\/de\/produkt\/hosozao-shamisen-set-nana\/#primaryimage\"},\"image\":{\"@id\":\"https:\/\/www.shami-shop.com\/de\/produkt\/hosozao-shamisen-set-nana\/#primaryimage\"},\"thumbnailUrl\":\"https:\/\/www.shami-shop.com\/wp-content\/uploads\/2025\/04\/HO-43-SCHU-06-45-scaled.jpg\",\"datePublished\":\"2026-01-08T19:45:47+00:00\",\"dateModified\":\"2026-02-09T01:10:47+00:00\",\"description\":\"Holen Sie sich ein Hosozao Nagauta Shamisen Set - ideal f\u00fcr Anf\u00e4nger. Positionsmarker und viele Accessoires enthalten. Versand direkt aus Berlin, Deutschland.\",\"breadcrumb\":{\"@id\":\"https:\/\/www.shami-shop.com\/de\/produkt\/hosozao-shamisen-set-nana\/#breadcrumb\"},\"inLanguage\":\"de\",\"potentialAction\":[{\"@type\":\"ReadAction\",\"target\":[\"https:\/\/www.shami-shop.com\/de\/produkt\/hosozao-shamisen-set-nana\/\"]}]},{\"@type\":\"ImageObject\",\"inLanguage\":\"de\",\"@id\":\"https:\/\/www.shami-shop.com\/de\/produkt\/hosozao-shamisen-set-nana\/#primaryimage\",\"url\":\"https:\/\/www.shami-shop.com\/wp-content\/uploads\/2025\/04\/HO-43-SCHU-06-45-scaled.jpg\",\"contentUrl\":\"https:\/\/www.shami-shop.com\/wp-content\/uploads\/2025\/04\/HO-43-SCHU-06-45-scaled.jpg\",\"width\":2560,\"height\":2560},{\"@type\":\"BreadcrumbList\",\"@id\":\"https:\/\/www.shami-shop.com\/de\/produkt\/hosozao-shamisen-set-nana\/#breadcrumb\",\"itemListElement\":[{\"@type\":\"ListItem\",\"position\":1,\"name\":\"Startseite\",\"item\":\"https:\/\/www.shami-shop.com\/de\/\"},{\"@type\":\"ListItem\",\"position\":2,\"name\":\"Shop\",\"item\":\"https:\/\/www.shami-shop.com\/de\/shop\/\"},{\"@type\":\"ListItem\",\"position\":3,\"name\":\"Hosozao Anf\u00e4nger Shamisen Set \u201eHanako\u201d\"}]},{\"@type\":\"WebSite\",\"@id\":\"https:\/\/www.shami-shop.com\/de\/#website\",\"url\":\"https:\/\/www.shami-shop.com\/de\/\",\"name\":\"Shami-Shop\",\"description\":\"Alles f\u00fcr den Shamisen-Spieler.\",\"publisher\":{\"@id\":\"https:\/\/www.shami-shop.com\/de\/#organization\"},\"potentialAction\":[{\"@type\":\"SearchAction\",\"target\":{\"@type\":\"EntryPoint\",\"urlTemplate\":\"https:\/\/www.shami-shop.com\/de\/?s={search_term_string}\"},\"query-input\":{\"@type\":\"PropertyValueSpecification\",\"valueRequired\":true,\"valueName\":\"search_term_string\"}}],\"inLanguage\":\"de\"},{\"@type\":\"Organization\",\"@id\":\"https:\/\/www.shami-shop.com\/de\/#organization\",\"name\":\"Shami-Shop\",\"url\":\"https:\/\/www.shami-shop.com\/de\/\",\"logo\":{\"@type\":\"ImageObject\",\"inLanguage\":\"de\",\"@id\":\"https:\/\/www.shami-shop.com\/de\/#\/schema\/logo\/image\/\",\"url\":\"https:\/\/shami-shop.com\/wp-content\/uploads\/2021\/01\/Shami-Shop-Logo-1080.png\",\"contentUrl\":\"https:\/\/shami-shop.com\/wp-content\/uploads\/2021\/01\/Shami-Shop-Logo-1080.png\",\"width\":1080,\"height\":1080,\"caption\":\"Shami-Shop\"},\"image\":{\"@id\":\"https:\/\/www.shami-shop.com\/de\/#\/schema\/logo\/image\/\"},\"sameAs\":[\"https:\/\/www.facebook.com\/weloveshamisen\/\",\"https:\/\/www.instagram.com\/shamishop.europe\/\"]}]}<\/script>\n<!-- \/ Yoast SEO plugin. -->","yoast_head_json":{"title":"Hosozao Anf\u00e4nger Shamisen Set \u201eHanako\u201d - Shami-Shop","description":"Holen Sie sich ein Hosozao Nagauta Shamisen Set - ideal f\u00fcr Anf\u00e4nger. Positionsmarker und viele Accessoires enthalten. Versand direkt aus Berlin, Deutschland.","robots":{"index":"index","follow":"follow","max-snippet":"max-snippet:-1","max-image-preview":"max-image-preview:large","max-video-preview":"max-video-preview:-1"},"canonical":"https:\/\/www.shami-shop.com\/de\/produkt\/hosozao-shamisen-set-nana\/","og_locale":"de_DE","og_type":"article","og_title":"Hosozao Anf\u00e4nger Shamisen Set \u201eHanako\u201d - Shami-Shop","og_description":"Holen Sie sich ein Hosozao Nagauta Shamisen Set - ideal f\u00fcr Anf\u00e4nger. Positionsmarker und viele Accessoires enthalten. Versand direkt aus Berlin, Deutschland.","og_url":"https:\/\/www.shami-shop.com\/de\/produkt\/hosozao-shamisen-set-nana\/","og_site_name":"Shami-Shop","article_publisher":"https:\/\/www.facebook.com\/weloveshamisen\/","article_modified_time":"2026-02-09T01:10:47+00:00","og_image":[{"width":2560,"height":2560,"url":"https:\/\/www.shami-shop.com\/wp-content\/uploads\/2025\/04\/HO-43-SCHU-06-45-scaled.jpg","type":"image\/jpeg"}],"twitter_card":"summary_large_image","twitter_misc":{"Gesch\u00e4tzte Lesezeit":"2\u00a0Minuten"},"schema":{"@context":"https:\/\/schema.org","@graph":[{"@type":["WebPage","ItemPage"],"@id":"https:\/\/www.shami-shop.com\/de\/produkt\/hosozao-shamisen-set-nana\/","url":"https:\/\/www.shami-shop.com\/de\/produkt\/hosozao-shamisen-set-nana\/","name":"Hosozao Anf\u00e4nger Shamisen Set \u201eHanako\u201d - Shami-Shop","isPartOf":{"@id":"https:\/\/www.shami-shop.com\/de\/#website"},"primaryImageOfPage":{"@id":"https:\/\/www.shami-shop.com\/de\/produkt\/hosozao-shamisen-set-nana\/#primaryimage"},"image":{"@id":"https:\/\/www.shami-shop.com\/de\/produkt\/hosozao-shamisen-set-nana\/#primaryimage"},"thumbnailUrl":"https:\/\/www.shami-shop.com\/wp-content\/uploads\/2025\/04\/HO-43-SCHU-06-45-scaled.jpg","datePublished":"2026-01-08T19:45:47+00:00","dateModified":"2026-02-09T01:10:47+00:00","description":"Holen Sie sich ein Hosozao Nagauta Shamisen Set - ideal f\u00fcr Anf\u00e4nger. Positionsmarker und viele Accessoires enthalten. Versand direkt aus Berlin, Deutschland.","breadcrumb":{"@id":"https:\/\/www.shami-shop.com\/de\/produkt\/hosozao-shamisen-set-nana\/#breadcrumb"},"inLanguage":"de","potentialAction":[{"@type":"ReadAction","target":["https:\/\/www.shami-shop.com\/de\/produkt\/hosozao-shamisen-set-nana\/"]}]},{"@type":"ImageObject","inLanguage":"de","@id":"https:\/\/www.shami-shop.com\/de\/produkt\/hosozao-shamisen-set-nana\/#primaryimage","url":"https:\/\/www.shami-shop.com\/wp-content\/uploads\/2025\/04\/HO-43-SCHU-06-45-scaled.jpg","contentUrl":"https:\/\/www.shami-shop.com\/wp-content\/uploads\/2025\/04\/HO-43-SCHU-06-45-scaled.jpg","width":2560,"height":2560},{"@type":"BreadcrumbList","@id":"https:\/\/www.shami-shop.com\/de\/produkt\/hosozao-shamisen-set-nana\/#breadcrumb","itemListElement":[{"@type":"ListItem","position":1,"name":"Startseite","item":"https:\/\/www.shami-shop.com\/de\/"},{"@type":"ListItem","position":2,"name":"Shop","item":"https:\/\/www.shami-shop.com\/de\/shop\/"},{"@type":"ListItem","position":3,"name":"Hosozao Anf\u00e4nger Shamisen Set \u201eHanako\u201d"}]},{"@type":"WebSite","@id":"https:\/\/www.shami-shop.com\/de\/#website","url":"https:\/\/www.shami-shop.com\/de\/","name":"Shami-Shop","description":"Alles f\u00fcr den Shamisen-Spieler.","publisher":{"@id":"https:\/\/www.shami-shop.com\/de\/#organization"},"potentialAction":[{"@type":"SearchAction","target":{"@type":"EntryPoint","urlTemplate":"https:\/\/www.shami-shop.com\/de\/?s={search_term_string}"},"query-input":{"@type":"PropertyValueSpecification","valueRequired":true,"valueName":"search_term_string"}}],"inLanguage":"de"},{"@type":"Organization","@id":"https:\/\/www.shami-shop.com\/de\/#organization","name":"Shami-Shop","url":"https:\/\/www.shami-shop.com\/de\/","logo":{"@type":"ImageObject","inLanguage":"de","@id":"https:\/\/www.shami-shop.com\/de\/#\/schema\/logo\/image\/","url":"https:\/\/shami-shop.com\/wp-content\/uploads\/2021\/01\/Shami-Shop-Logo-1080.png","contentUrl":"https:\/\/shami-shop.com\/wp-content\/uploads\/2021\/01\/Shami-Shop-Logo-1080.png","width":1080,"height":1080,"caption":"Shami-Shop"},"image":{"@id":"https:\/\/www.shami-shop.com\/de\/#\/schema\/logo\/image\/"},"sameAs":["https:\/\/www.facebook.com\/weloveshamisen\/","https:\/\/www.instagram.com\/shamishop.europe\/"]}]}},"jetpack_sharing_enabled":true,"_links":{"self":[{"href":"https:\/\/www.shami-shop.com\/de\/wp-json\/wp\/v2\/product\/20009","targetHints":{"allow":["GET"]}}],"collection":[{"href":"https:\/\/www.shami-shop.com\/de\/wp-json\/wp\/v2\/product"}],"about":[{"href":"https:\/\/www.shami-shop.com\/de\/wp-json\/wp\/v2\/types\/product"}],"wp:featuredmedia":[{"embeddable":true,"href":"https:\/\/www.shami-shop.com\/de\/wp-json\/wp\/v2\/media\/27632"}],"wp:attachment":[{"href":"https:\/\/www.shami-shop.com\/de\/wp-json\/wp\/v2\/media?parent=20009"}],"wp:term":[{"taxonomy":"product_brand","embeddable":true,"href":"https:\/\/www.shami-shop.com\/de\/wp-json\/wp\/v2\/product_brand?post=20009"},{"taxonomy":"product_cat","embeddable":true,"href":"https:\/\/www.shami-shop.com\/de\/wp-json\/wp\/v2\/product_cat?post=20009"},{"taxonomy":"product_tag","embeddable":true,"href":"https:\/\/www.shami-shop.com\/de\/wp-json\/wp\/v2\/product_tag?post=20009"}],"curies":[{"name":"wp","href":"https:\/\/api.w.org\/{rel}","templated":true}]}}