{"id":20825,"date":"2025-12-05T16:34:01","date_gmt":"2025-12-05T15:34:01","guid":{"rendered":"https:\/\/www.shami-shop.com\/product\/hosozao-shamisen-set-kayoko-kunsthaeute\/"},"modified":"2025-12-06T00:27:04","modified_gmt":"2025-12-05T23:27:04","slug":"hosozao-shamisen-kayoko","status":"publish","type":"product","link":"https:\/\/www.shami-shop.com\/de\/produkt\/hosozao-shamisen-kayoko\/","title":{"rendered":"Hosozao Shamisen Set \u201cKoharu\u201d"},"content":{"rendered":"<p>Ich habe diese Shamisen <strong>\u201eKoharu\u201c (\u5c0f\u6625)<\/strong> genannt \u2013 ein Name, der W\u00e4rme und leisen Charme tr\u00e4gt, genau wie das Instrument selbst. Ihr Klang ist sanft, ihr Korpus tr\u00e4gt die Spuren der Zeit, und jede kleine Unvollkommenheit erz\u00e4hlt eine Geschichte.<\/p>\n<p>Das Instrument ist vintage \u2013 die zagane (Wirbelbh\u00fclsen) sind besonders, der Hals ist leicht verzogen. Ich w\u00fcrde sie nicht als Hauptinstrument w\u00e4hlen, aber sie hat Charme, Charakter und ist ein St\u00fcck japanischer Kultur und Geschichte.<\/p>\n<p>Diese Shamisen ist eine so genannte Hosozao Shamisen, also eine Shamisen mit schmalem Hals &#8211; typischerweise gebraucht f\u00fcr Nagauta, Kouta und Hauta Stil. Die Halsbreiten variieren je nach Bauart, und dieser hier ist am schmaleren Ende \u2013 typisch f\u00fcr Instrumente dieses Alters. F\u00fcr gr\u00f6\u00dfere H\u00e4nde oder kr\u00e4ftigere Finger, empfehle ich einen etwas breiteren Hals. Falls du Hilfe bei der Auswahl eines Instruments brauchst, frag einfach bei mir nach!<\/p>\n<h5><strong>Holz:<\/strong><\/h5>\n<p>Der Hals ist aus Shitan-Holz gefertigt \u2013 ein traditionelles, hochwertiges Hartholz f\u00fcr Shamisenbau. Es war lange das begehrteste Holz, bevor das Koki-Holz mit seinem tiefen dunklen Glanz und den markanten Maserungen in den letzten Jahrzehnten popul\u00e4r wurde. Das macht das Instrument absolut solide und es wird nie klingen als w\u00e4re es &#8222;nicht genug&#8220;. Meiner pers\u00f6nlichen Meinung nach klingt Shitan lebendiger und facettenreicher als Koki. Aber das ist Geschmackssache und es bleibt jedem selbst \u00fcberlassen, seine eigenen Vorlieben zu entwickeln.<\/p>\n<h5><strong>Accessoires und H\u00e4ute:<\/strong><\/h5>\n<p>Die Shamisen ist mit einem niedlichen, blumigen Doukake und einem zarten pinken Neo ausgestattet, das an Kirschbl\u00fcten erinnert. Im Set enthalten sind au\u00dferdem frische Saiten, ein Dougomu (Anti-Rutsch-Matte) und ein Tenjin-K\u00e4ppchen. Der Dou ist vorne mit Synthetikhaut und hinten mit Naturhaut bespannt.<\/p>\n<h5><strong>Hals:<\/strong><\/h5>\n<p>Das Griffbrett ist oben 23 mm breit und wird Richtung Dou leicht breiter. Die Halsbreite betr\u00e4gt 24 mm, die H\u00f6he misst am schmalen Ende 24,5 mm. Die elegant geschwungene Hatomune &#8211; die sanfte Kurve, mit der das Griffbrett in den Korpus eintaucht &#8211; ist typisch f\u00fcr Hosozao Shamisen im Naguta Stil. Auf dieser Art von Hals kann man bis zur Position 19 spielen.<\/p>\n<h5><strong>Itomaki:<\/strong><\/h5>\n<p>Die <em>Itomaki<\/em> (Wirbel) sind aus Ebenholz gearbeitet und in einer traditionellen Art geschnitzt, sodass sie sich trotz ihrer schmalen Form leicht greifen lassen.<\/p>\n<h5><strong>Weiteres:<\/strong><\/h5>\n<p>Die <em>Tsukigata<\/em> (das gebogene Ende des <em>Tenjin<\/em>) wurde vom Vorbesitzer abgeschliffen, um einen alten Riss zu reparieren. Das Holz des Instruments hat einen warmen Braunton und eine sch\u00f6ne Maserung. Der Hals ist im <em>Mitsuori<\/em> Stil gerabeitet: Er kann in drei Teile zerlegt werden. Die Verbindungen sind bei diesem Instrument in einfacher Ausfertigung gearbeitet gearbeitet. Dadurch, dass sich der Hals zerteilen l\u00e4sst, kann man mit diesem Instrument besonders bequem verreisen &#8211; selbst wenn man klein und leicht packen muss.<\/p>\n<p>Alles, was Sie zum losspielen noch ben\u00f6tigen, sind ein <a href=\"https:\/\/shami-shop.com\/product-categorie\/koma\/\">Koma<\/a>, ein <a href=\"https:\/\/shami-shop.com\/product-categorie\/bachi\/\">Bachi<\/a> und ein <a href=\"https:\/\/shami-shop.com\/product\/yubisuri\/\">Yubisuri<\/a>. W\u00e4hlen Sie Koma und Bachi je nach dem Stil, den Sie spielen m\u00f6chten und Ihren pers\u00f6nlichen Vorlieben. Yubisuri gibt es in unterschiedlichen Gr\u00f6\u00dfen. Au\u00dferdem wollte ich Sie der bitters\u00fc\u00dfen Qual der Wahl zwischen all den sch\u00f6nen Farben nicht berauben.<\/p>\n<p>Wenn Sie Hilfe bei der Auwahl der richtigen Komponenten ben\u00f6tigen, schicken Sie gerne eine Nachricht und wir stellen gemeinsam das perfekte Paket f\u00fcr Sie zusammen.<\/p>\n<p>Wenn Sie noch Fragen haben, schicken Sie mir einfach eine Nachricht und ich helfe gerne weiter.<\/p>\n<p><!-- notionvc: 35754819-bdd8-41c7-8ce7-f60601663bbe --><\/p>\n<p><!-- notionvc: 35e03f7e-293b-4d0e-8cbc-9acdbead9325 --><\/p>\n<p><!-- notionvc: 11751b32-6800-490d-a7cc-fff059023796 --><\/p>\n","protected":false},"excerpt":{"rendered":"<ul>\n<li>Vintage Hosozao Shamisen\n<ul>\n<li>Sao H\u00f6he: 24,5 mm<\/li>\n<li>Griffbrett: 23 mm<\/li>\n<\/ul>\n<\/li>\n<li>aus Shitan-Holz<\/li>\n<li>synthetische Haut vorne, Naturhaut hinten<\/li>\n<\/ul>\n<p><em>au\u00dferdem im Set enthalten:<\/em><\/p>\n<ul>\n<li>Neo<\/li>\n<li>Doukake<\/li>\n<li>Saiten<\/li>\n<li>Dougomu<\/li>\n<li>Tenjin-Schutz<\/li>\n<\/ul>\n<p><!-- notionvc: aa5293a6-e48d-400d-a075-f63dbb28f4df --><\/p>\n","protected":false},"featured_media":27596,"template":"","meta":{"_et_pb_use_builder":"","_et_pb_old_content":"","_et_gb_content_width":""},"product_brand":[],"product_cat":[339,389,392],"product_tag":[],"class_list":{"0":"post-20825","1":"product","2":"type-product","3":"status-publish","4":"has-post-thumbnail","6":"product_cat-shamisen-de","7":"product_cat-hosozao-de","8":"product_cat-nagauta-sh-de","9":"product_shipping_class-5kg-de","11":"first","12":"instock","13":"shipping-taxable","14":"purchasable","15":"product-type-simple"},"yoast_head":"<!-- This site is optimized with the Yoast SEO plugin v26.9 - https:\/\/yoast.com\/product\/yoast-seo-wordpress\/ -->\n<title>Hosozao Shamisen Set \u201cKoharu\u201d - Shami-Shop<\/title>\n<meta name=\"description\" content=\"Hosozao Nagauta aus Shitan-Holz mit Naturhaut kaufen. Versand direkt aus Berlin.\" \/>\n<meta name=\"robots\" content=\"index, follow, max-snippet:-1, max-image-preview:large, max-video-preview:-1\" \/>\n<link rel=\"canonical\" href=\"https:\/\/www.shami-shop.com\/de\/produkt\/hosozao-shamisen-kayoko\/\" \/>\n<meta property=\"og:locale\" content=\"de_DE\" \/>\n<meta property=\"og:type\" content=\"article\" \/>\n<meta property=\"og:title\" content=\"Hosozao Shamisen Set \u201cKoharu\u201d - Shami-Shop\" \/>\n<meta property=\"og:description\" content=\"Hosozao Nagauta aus Shitan-Holz mit Naturhaut kaufen. Versand direkt aus Berlin.\" \/>\n<meta property=\"og:url\" content=\"https:\/\/www.shami-shop.com\/de\/produkt\/hosozao-shamisen-kayoko\/\" \/>\n<meta property=\"og:site_name\" content=\"Shami-Shop\" \/>\n<meta property=\"article:publisher\" content=\"https:\/\/www.facebook.com\/weloveshamisen\/\" \/>\n<meta property=\"article:modified_time\" content=\"2025-12-05T23:27:04+00:00\" \/>\n<meta property=\"og:image\" content=\"https:\/\/www.shami-shop.com\/wp-content\/uploads\/2025\/04\/HO-10-45-scaled.jpg\" \/>\n\t<meta property=\"og:image:width\" content=\"2535\" \/>\n\t<meta property=\"og:image:height\" content=\"2560\" \/>\n\t<meta property=\"og:image:type\" content=\"image\/jpeg\" \/>\n<meta name=\"twitter:card\" content=\"summary_large_image\" \/>\n<meta name=\"twitter:label1\" content=\"Gesch\u00e4tzte Lesezeit\" \/>\n\t<meta name=\"twitter:data1\" content=\"3\u00a0Minuten\" \/>\n<script type=\"application\/ld+json\" class=\"yoast-schema-graph\">{\"@context\":\"https:\/\/schema.org\",\"@graph\":[{\"@type\":[\"WebPage\",\"ItemPage\"],\"@id\":\"https:\/\/www.shami-shop.com\/de\/produkt\/hosozao-shamisen-kayoko\/\",\"url\":\"https:\/\/www.shami-shop.com\/de\/produkt\/hosozao-shamisen-kayoko\/\",\"name\":\"Hosozao Shamisen Set \u201cKoharu\u201d - Shami-Shop\",\"isPartOf\":{\"@id\":\"https:\/\/www.shami-shop.com\/de\/#website\"},\"primaryImageOfPage\":{\"@id\":\"https:\/\/www.shami-shop.com\/de\/produkt\/hosozao-shamisen-kayoko\/#primaryimage\"},\"image\":{\"@id\":\"https:\/\/www.shami-shop.com\/de\/produkt\/hosozao-shamisen-kayoko\/#primaryimage\"},\"thumbnailUrl\":\"https:\/\/www.shami-shop.com\/wp-content\/uploads\/2025\/04\/HO-10-45-scaled.jpg\",\"datePublished\":\"2025-12-05T15:34:01+00:00\",\"dateModified\":\"2025-12-05T23:27:04+00:00\",\"description\":\"Hosozao Nagauta aus Shitan-Holz mit Naturhaut kaufen. Versand direkt aus Berlin.\",\"breadcrumb\":{\"@id\":\"https:\/\/www.shami-shop.com\/de\/produkt\/hosozao-shamisen-kayoko\/#breadcrumb\"},\"inLanguage\":\"de\",\"potentialAction\":[{\"@type\":\"ReadAction\",\"target\":[\"https:\/\/www.shami-shop.com\/de\/produkt\/hosozao-shamisen-kayoko\/\"]}]},{\"@type\":\"ImageObject\",\"inLanguage\":\"de\",\"@id\":\"https:\/\/www.shami-shop.com\/de\/produkt\/hosozao-shamisen-kayoko\/#primaryimage\",\"url\":\"https:\/\/www.shami-shop.com\/wp-content\/uploads\/2025\/04\/HO-10-45-scaled.jpg\",\"contentUrl\":\"https:\/\/www.shami-shop.com\/wp-content\/uploads\/2025\/04\/HO-10-45-scaled.jpg\",\"width\":2535,\"height\":2560,\"caption\":\"vintage shamisen\"},{\"@type\":\"BreadcrumbList\",\"@id\":\"https:\/\/www.shami-shop.com\/de\/produkt\/hosozao-shamisen-kayoko\/#breadcrumb\",\"itemListElement\":[{\"@type\":\"ListItem\",\"position\":1,\"name\":\"Startseite\",\"item\":\"https:\/\/www.shami-shop.com\/de\/\"},{\"@type\":\"ListItem\",\"position\":2,\"name\":\"Shop\",\"item\":\"https:\/\/www.shami-shop.com\/de\/shop\/\"},{\"@type\":\"ListItem\",\"position\":3,\"name\":\"Hosozao Shamisen Set \u201cKoharu\u201d\"}]},{\"@type\":\"WebSite\",\"@id\":\"https:\/\/www.shami-shop.com\/de\/#website\",\"url\":\"https:\/\/www.shami-shop.com\/de\/\",\"name\":\"Shami-Shop\",\"description\":\"Alles f\u00fcr den Shamisen-Spieler.\",\"publisher\":{\"@id\":\"https:\/\/www.shami-shop.com\/de\/#organization\"},\"potentialAction\":[{\"@type\":\"SearchAction\",\"target\":{\"@type\":\"EntryPoint\",\"urlTemplate\":\"https:\/\/www.shami-shop.com\/de\/?s={search_term_string}\"},\"query-input\":{\"@type\":\"PropertyValueSpecification\",\"valueRequired\":true,\"valueName\":\"search_term_string\"}}],\"inLanguage\":\"de\"},{\"@type\":\"Organization\",\"@id\":\"https:\/\/www.shami-shop.com\/de\/#organization\",\"name\":\"Shami-Shop\",\"url\":\"https:\/\/www.shami-shop.com\/de\/\",\"logo\":{\"@type\":\"ImageObject\",\"inLanguage\":\"de\",\"@id\":\"https:\/\/www.shami-shop.com\/de\/#\/schema\/logo\/image\/\",\"url\":\"https:\/\/shami-shop.com\/wp-content\/uploads\/2021\/01\/Shami-Shop-Logo-1080.png\",\"contentUrl\":\"https:\/\/shami-shop.com\/wp-content\/uploads\/2021\/01\/Shami-Shop-Logo-1080.png\",\"width\":1080,\"height\":1080,\"caption\":\"Shami-Shop\"},\"image\":{\"@id\":\"https:\/\/www.shami-shop.com\/de\/#\/schema\/logo\/image\/\"},\"sameAs\":[\"https:\/\/www.facebook.com\/weloveshamisen\/\",\"https:\/\/www.instagram.com\/shamishop.europe\/\"]}]}<\/script>\n<!-- \/ Yoast SEO plugin. -->","yoast_head_json":{"title":"Hosozao Shamisen Set \u201cKoharu\u201d - Shami-Shop","description":"Hosozao Nagauta aus Shitan-Holz mit Naturhaut kaufen. Versand direkt aus Berlin.","robots":{"index":"index","follow":"follow","max-snippet":"max-snippet:-1","max-image-preview":"max-image-preview:large","max-video-preview":"max-video-preview:-1"},"canonical":"https:\/\/www.shami-shop.com\/de\/produkt\/hosozao-shamisen-kayoko\/","og_locale":"de_DE","og_type":"article","og_title":"Hosozao Shamisen Set \u201cKoharu\u201d - Shami-Shop","og_description":"Hosozao Nagauta aus Shitan-Holz mit Naturhaut kaufen. Versand direkt aus Berlin.","og_url":"https:\/\/www.shami-shop.com\/de\/produkt\/hosozao-shamisen-kayoko\/","og_site_name":"Shami-Shop","article_publisher":"https:\/\/www.facebook.com\/weloveshamisen\/","article_modified_time":"2025-12-05T23:27:04+00:00","og_image":[{"width":2535,"height":2560,"url":"https:\/\/www.shami-shop.com\/wp-content\/uploads\/2025\/04\/HO-10-45-scaled.jpg","type":"image\/jpeg"}],"twitter_card":"summary_large_image","twitter_misc":{"Gesch\u00e4tzte Lesezeit":"3\u00a0Minuten"},"schema":{"@context":"https:\/\/schema.org","@graph":[{"@type":["WebPage","ItemPage"],"@id":"https:\/\/www.shami-shop.com\/de\/produkt\/hosozao-shamisen-kayoko\/","url":"https:\/\/www.shami-shop.com\/de\/produkt\/hosozao-shamisen-kayoko\/","name":"Hosozao Shamisen Set \u201cKoharu\u201d - Shami-Shop","isPartOf":{"@id":"https:\/\/www.shami-shop.com\/de\/#website"},"primaryImageOfPage":{"@id":"https:\/\/www.shami-shop.com\/de\/produkt\/hosozao-shamisen-kayoko\/#primaryimage"},"image":{"@id":"https:\/\/www.shami-shop.com\/de\/produkt\/hosozao-shamisen-kayoko\/#primaryimage"},"thumbnailUrl":"https:\/\/www.shami-shop.com\/wp-content\/uploads\/2025\/04\/HO-10-45-scaled.jpg","datePublished":"2025-12-05T15:34:01+00:00","dateModified":"2025-12-05T23:27:04+00:00","description":"Hosozao Nagauta aus Shitan-Holz mit Naturhaut kaufen. Versand direkt aus Berlin.","breadcrumb":{"@id":"https:\/\/www.shami-shop.com\/de\/produkt\/hosozao-shamisen-kayoko\/#breadcrumb"},"inLanguage":"de","potentialAction":[{"@type":"ReadAction","target":["https:\/\/www.shami-shop.com\/de\/produkt\/hosozao-shamisen-kayoko\/"]}]},{"@type":"ImageObject","inLanguage":"de","@id":"https:\/\/www.shami-shop.com\/de\/produkt\/hosozao-shamisen-kayoko\/#primaryimage","url":"https:\/\/www.shami-shop.com\/wp-content\/uploads\/2025\/04\/HO-10-45-scaled.jpg","contentUrl":"https:\/\/www.shami-shop.com\/wp-content\/uploads\/2025\/04\/HO-10-45-scaled.jpg","width":2535,"height":2560,"caption":"vintage shamisen"},{"@type":"BreadcrumbList","@id":"https:\/\/www.shami-shop.com\/de\/produkt\/hosozao-shamisen-kayoko\/#breadcrumb","itemListElement":[{"@type":"ListItem","position":1,"name":"Startseite","item":"https:\/\/www.shami-shop.com\/de\/"},{"@type":"ListItem","position":2,"name":"Shop","item":"https:\/\/www.shami-shop.com\/de\/shop\/"},{"@type":"ListItem","position":3,"name":"Hosozao Shamisen Set \u201cKoharu\u201d"}]},{"@type":"WebSite","@id":"https:\/\/www.shami-shop.com\/de\/#website","url":"https:\/\/www.shami-shop.com\/de\/","name":"Shami-Shop","description":"Alles f\u00fcr den Shamisen-Spieler.","publisher":{"@id":"https:\/\/www.shami-shop.com\/de\/#organization"},"potentialAction":[{"@type":"SearchAction","target":{"@type":"EntryPoint","urlTemplate":"https:\/\/www.shami-shop.com\/de\/?s={search_term_string}"},"query-input":{"@type":"PropertyValueSpecification","valueRequired":true,"valueName":"search_term_string"}}],"inLanguage":"de"},{"@type":"Organization","@id":"https:\/\/www.shami-shop.com\/de\/#organization","name":"Shami-Shop","url":"https:\/\/www.shami-shop.com\/de\/","logo":{"@type":"ImageObject","inLanguage":"de","@id":"https:\/\/www.shami-shop.com\/de\/#\/schema\/logo\/image\/","url":"https:\/\/shami-shop.com\/wp-content\/uploads\/2021\/01\/Shami-Shop-Logo-1080.png","contentUrl":"https:\/\/shami-shop.com\/wp-content\/uploads\/2021\/01\/Shami-Shop-Logo-1080.png","width":1080,"height":1080,"caption":"Shami-Shop"},"image":{"@id":"https:\/\/www.shami-shop.com\/de\/#\/schema\/logo\/image\/"},"sameAs":["https:\/\/www.facebook.com\/weloveshamisen\/","https:\/\/www.instagram.com\/shamishop.europe\/"]}]}},"jetpack_sharing_enabled":true,"_links":{"self":[{"href":"https:\/\/www.shami-shop.com\/de\/wp-json\/wp\/v2\/product\/20825","targetHints":{"allow":["GET"]}}],"collection":[{"href":"https:\/\/www.shami-shop.com\/de\/wp-json\/wp\/v2\/product"}],"about":[{"href":"https:\/\/www.shami-shop.com\/de\/wp-json\/wp\/v2\/types\/product"}],"wp:featuredmedia":[{"embeddable":true,"href":"https:\/\/www.shami-shop.com\/de\/wp-json\/wp\/v2\/media\/27596"}],"wp:attachment":[{"href":"https:\/\/www.shami-shop.com\/de\/wp-json\/wp\/v2\/media?parent=20825"}],"wp:term":[{"taxonomy":"product_brand","embeddable":true,"href":"https:\/\/www.shami-shop.com\/de\/wp-json\/wp\/v2\/product_brand?post=20825"},{"taxonomy":"product_cat","embeddable":true,"href":"https:\/\/www.shami-shop.com\/de\/wp-json\/wp\/v2\/product_cat?post=20825"},{"taxonomy":"product_tag","embeddable":true,"href":"https:\/\/www.shami-shop.com\/de\/wp-json\/wp\/v2\/product_tag?post=20825"}],"curies":[{"name":"wp","href":"https:\/\/api.w.org\/{rel}","templated":true}]}}