{"id":21393,"date":"2023-10-27T09:40:18","date_gmt":"2023-10-27T08:43:38","guid":{"rendered":"https:\/\/www.shami-shop.com\/product\/minyou-sammlung-fujimoto-minyou-senshuu-9\/"},"modified":"2024-06-28T10:02:54","modified_gmt":"2024-06-28T09:02:54","slug":"minyou-sammlung-fujimoto-9","status":"publish","type":"product","link":"https:\/\/www.shami-shop.com\/de\/produkt\/minyou-sammlung-fujimoto-9\/","title":{"rendered":"Minyou Sammlung | Fujimoto Minyou Senshuu #9"},"content":{"rendered":"<p>Fujimoto Ryuu ist eine der gr\u00f6\u00dften Minyo-Schulen Japans. Dies ist ein gedrucktes Notenbuch f\u00fcr Minyo-Versionen in dieser Schule.<\/p>\n<p>Dieses Notenheft umfasst eine Sammlung von 29 Japanischen Volksliedern mit Gesangsstimme. Die Shamisen-Stimme ist in der leicht zu lesenden Tabulatur-Notation geschrieben (Bunkafu). Die Gesangsmelodie ist auf \u00e4hnliche Weise direkt unter der Shamisen-Stimme notiert.<\/p>\n<p><strong>Was gibt es besonderes \u00fcber dieses Produkt zu sagen?<\/strong><\/p>\n<p>Dieses Notenheft ist brandneu \ud83d\ude42<\/p>\n","protected":false},"excerpt":{"rendered":"<ul>\n<li>Bunkafu (Tabulatur) Notation<\/li>\n<li>29 Minyo (Japanische Volkslieder) mit Text<\/li>\n<li>Gesangsstimme notiert unter Shamisen-Stimme<\/li>\n<li>neu<\/li>\n<\/ul>\n","protected":false},"featured_media":20724,"template":"","meta":{"_et_pb_use_builder":"","_et_pb_old_content":"","_et_gb_content_width":""},"product_brand":[],"product_cat":[130,129],"product_tag":[],"class_list":{"0":"post-21393","1":"product","2":"type-product","3":"status-publish","4":"has-post-thumbnail","6":"product_cat-notenhefte","7":"product_cat-minyo-de","8":"product_shipping_class-grosbrief","10":"first","11":"outofstock","12":"shipping-taxable","13":"purchasable","14":"product-type-simple"},"yoast_head":"<!-- This site is optimized with the Yoast SEO plugin v26.9 - https:\/\/yoast.com\/product\/yoast-seo-wordpress\/ -->\n<title>Minyou Sammlung | Fujimoto Minyou Senshuu #9 - Shami-Shop<\/title>\n<meta name=\"description\" content=\"Notenbuch f\u00fcr Minyo Shamisen mit einer Auwahl japanischer Volkslieder. Versand direkt aus Berlin.\" \/>\n<meta name=\"robots\" content=\"index, follow, max-snippet:-1, max-image-preview:large, max-video-preview:-1\" \/>\n<link rel=\"canonical\" href=\"https:\/\/www.shami-shop.com\/de\/produkt\/minyou-sammlung-fujimoto-9\/\" \/>\n<meta property=\"og:locale\" content=\"de_DE\" \/>\n<meta property=\"og:type\" content=\"article\" \/>\n<meta property=\"og:title\" content=\"Minyou Sammlung | Fujimoto Minyou Senshuu #9 - Shami-Shop\" \/>\n<meta property=\"og:description\" content=\"Notenbuch f\u00fcr Minyo Shamisen mit einer Auwahl japanischer Volkslieder. Versand direkt aus Berlin.\" \/>\n<meta property=\"og:url\" content=\"https:\/\/www.shami-shop.com\/de\/produkt\/minyou-sammlung-fujimoto-9\/\" \/>\n<meta property=\"og:site_name\" content=\"Shami-Shop\" \/>\n<meta property=\"article:publisher\" content=\"https:\/\/www.facebook.com\/weloveshamisen\/\" \/>\n<meta property=\"article:modified_time\" content=\"2024-06-28T09:02:54+00:00\" \/>\n<meta property=\"og:image\" content=\"https:\/\/www.shami-shop.com\/wp-content\/uploads\/2023\/10\/FU-529-front.jpg\" \/>\n\t<meta property=\"og:image:width\" content=\"1789\" \/>\n\t<meta property=\"og:image:height\" content=\"1789\" \/>\n\t<meta property=\"og:image:type\" content=\"image\/jpeg\" \/>\n<meta name=\"twitter:card\" content=\"summary_large_image\" \/>\n<script type=\"application\/ld+json\" class=\"yoast-schema-graph\">{\"@context\":\"https:\/\/schema.org\",\"@graph\":[{\"@type\":[\"WebPage\",\"ItemPage\"],\"@id\":\"https:\/\/www.shami-shop.com\/de\/produkt\/minyou-sammlung-fujimoto-9\/\",\"url\":\"https:\/\/www.shami-shop.com\/de\/produkt\/minyou-sammlung-fujimoto-9\/\",\"name\":\"Minyou Sammlung | Fujimoto Minyou Senshuu #9 - Shami-Shop\",\"isPartOf\":{\"@id\":\"https:\/\/www.shami-shop.com\/de\/#website\"},\"primaryImageOfPage\":{\"@id\":\"https:\/\/www.shami-shop.com\/de\/produkt\/minyou-sammlung-fujimoto-9\/#primaryimage\"},\"image\":{\"@id\":\"https:\/\/www.shami-shop.com\/de\/produkt\/minyou-sammlung-fujimoto-9\/#primaryimage\"},\"thumbnailUrl\":\"https:\/\/www.shami-shop.com\/wp-content\/uploads\/2023\/10\/FU-529-front.jpg\",\"datePublished\":\"2023-10-27T08:43:38+00:00\",\"dateModified\":\"2024-06-28T09:02:54+00:00\",\"description\":\"Notenbuch f\u00fcr Minyo Shamisen mit einer Auwahl japanischer Volkslieder. Versand direkt aus Berlin.\",\"breadcrumb\":{\"@id\":\"https:\/\/www.shami-shop.com\/de\/produkt\/minyou-sammlung-fujimoto-9\/#breadcrumb\"},\"inLanguage\":\"de\",\"potentialAction\":[{\"@type\":\"ReadAction\",\"target\":[\"https:\/\/www.shami-shop.com\/de\/produkt\/minyou-sammlung-fujimoto-9\/\"]}]},{\"@type\":\"ImageObject\",\"inLanguage\":\"de\",\"@id\":\"https:\/\/www.shami-shop.com\/de\/produkt\/minyou-sammlung-fujimoto-9\/#primaryimage\",\"url\":\"https:\/\/www.shami-shop.com\/wp-content\/uploads\/2023\/10\/FU-529-front.jpg\",\"contentUrl\":\"https:\/\/www.shami-shop.com\/wp-content\/uploads\/2023\/10\/FU-529-front.jpg\",\"width\":1024,\"height\":1024},{\"@type\":\"BreadcrumbList\",\"@id\":\"https:\/\/www.shami-shop.com\/de\/produkt\/minyou-sammlung-fujimoto-9\/#breadcrumb\",\"itemListElement\":[{\"@type\":\"ListItem\",\"position\":1,\"name\":\"Startseite\",\"item\":\"https:\/\/www.shami-shop.com\/de\/\"},{\"@type\":\"ListItem\",\"position\":2,\"name\":\"Shop\",\"item\":\"https:\/\/www.shami-shop.com\/de\/shop\/\"},{\"@type\":\"ListItem\",\"position\":3,\"name\":\"Minyou Sammlung | Fujimoto Minyou Senshuu #9\"}]},{\"@type\":\"WebSite\",\"@id\":\"https:\/\/www.shami-shop.com\/de\/#website\",\"url\":\"https:\/\/www.shami-shop.com\/de\/\",\"name\":\"Shami-Shop\",\"description\":\"Alles f\u00fcr den Shamisen-Spieler.\",\"publisher\":{\"@id\":\"https:\/\/www.shami-shop.com\/de\/#organization\"},\"potentialAction\":[{\"@type\":\"SearchAction\",\"target\":{\"@type\":\"EntryPoint\",\"urlTemplate\":\"https:\/\/www.shami-shop.com\/de\/?s={search_term_string}\"},\"query-input\":{\"@type\":\"PropertyValueSpecification\",\"valueRequired\":true,\"valueName\":\"search_term_string\"}}],\"inLanguage\":\"de\"},{\"@type\":\"Organization\",\"@id\":\"https:\/\/www.shami-shop.com\/de\/#organization\",\"name\":\"Shami-Shop\",\"url\":\"https:\/\/www.shami-shop.com\/de\/\",\"logo\":{\"@type\":\"ImageObject\",\"inLanguage\":\"de\",\"@id\":\"https:\/\/www.shami-shop.com\/de\/#\/schema\/logo\/image\/\",\"url\":\"https:\/\/shami-shop.com\/wp-content\/uploads\/2021\/01\/Shami-Shop-Logo-1080.png\",\"contentUrl\":\"https:\/\/shami-shop.com\/wp-content\/uploads\/2021\/01\/Shami-Shop-Logo-1080.png\",\"width\":1080,\"height\":1080,\"caption\":\"Shami-Shop\"},\"image\":{\"@id\":\"https:\/\/www.shami-shop.com\/de\/#\/schema\/logo\/image\/\"},\"sameAs\":[\"https:\/\/www.facebook.com\/weloveshamisen\/\",\"https:\/\/www.instagram.com\/shamishop.europe\/\"]}]}<\/script>\n<!-- \/ Yoast SEO plugin. -->","yoast_head_json":{"title":"Minyou Sammlung | Fujimoto Minyou Senshuu #9 - Shami-Shop","description":"Notenbuch f\u00fcr Minyo Shamisen mit einer Auwahl japanischer Volkslieder. Versand direkt aus Berlin.","robots":{"index":"index","follow":"follow","max-snippet":"max-snippet:-1","max-image-preview":"max-image-preview:large","max-video-preview":"max-video-preview:-1"},"canonical":"https:\/\/www.shami-shop.com\/de\/produkt\/minyou-sammlung-fujimoto-9\/","og_locale":"de_DE","og_type":"article","og_title":"Minyou Sammlung | Fujimoto Minyou Senshuu #9 - Shami-Shop","og_description":"Notenbuch f\u00fcr Minyo Shamisen mit einer Auwahl japanischer Volkslieder. Versand direkt aus Berlin.","og_url":"https:\/\/www.shami-shop.com\/de\/produkt\/minyou-sammlung-fujimoto-9\/","og_site_name":"Shami-Shop","article_publisher":"https:\/\/www.facebook.com\/weloveshamisen\/","article_modified_time":"2024-06-28T09:02:54+00:00","og_image":[{"width":1789,"height":1789,"url":"https:\/\/www.shami-shop.com\/wp-content\/uploads\/2023\/10\/FU-529-front.jpg","type":"image\/jpeg"}],"twitter_card":"summary_large_image","schema":{"@context":"https:\/\/schema.org","@graph":[{"@type":["WebPage","ItemPage"],"@id":"https:\/\/www.shami-shop.com\/de\/produkt\/minyou-sammlung-fujimoto-9\/","url":"https:\/\/www.shami-shop.com\/de\/produkt\/minyou-sammlung-fujimoto-9\/","name":"Minyou Sammlung | Fujimoto Minyou Senshuu #9 - Shami-Shop","isPartOf":{"@id":"https:\/\/www.shami-shop.com\/de\/#website"},"primaryImageOfPage":{"@id":"https:\/\/www.shami-shop.com\/de\/produkt\/minyou-sammlung-fujimoto-9\/#primaryimage"},"image":{"@id":"https:\/\/www.shami-shop.com\/de\/produkt\/minyou-sammlung-fujimoto-9\/#primaryimage"},"thumbnailUrl":"https:\/\/www.shami-shop.com\/wp-content\/uploads\/2023\/10\/FU-529-front.jpg","datePublished":"2023-10-27T08:43:38+00:00","dateModified":"2024-06-28T09:02:54+00:00","description":"Notenbuch f\u00fcr Minyo Shamisen mit einer Auwahl japanischer Volkslieder. Versand direkt aus Berlin.","breadcrumb":{"@id":"https:\/\/www.shami-shop.com\/de\/produkt\/minyou-sammlung-fujimoto-9\/#breadcrumb"},"inLanguage":"de","potentialAction":[{"@type":"ReadAction","target":["https:\/\/www.shami-shop.com\/de\/produkt\/minyou-sammlung-fujimoto-9\/"]}]},{"@type":"ImageObject","inLanguage":"de","@id":"https:\/\/www.shami-shop.com\/de\/produkt\/minyou-sammlung-fujimoto-9\/#primaryimage","url":"https:\/\/www.shami-shop.com\/wp-content\/uploads\/2023\/10\/FU-529-front.jpg","contentUrl":"https:\/\/www.shami-shop.com\/wp-content\/uploads\/2023\/10\/FU-529-front.jpg","width":1024,"height":1024},{"@type":"BreadcrumbList","@id":"https:\/\/www.shami-shop.com\/de\/produkt\/minyou-sammlung-fujimoto-9\/#breadcrumb","itemListElement":[{"@type":"ListItem","position":1,"name":"Startseite","item":"https:\/\/www.shami-shop.com\/de\/"},{"@type":"ListItem","position":2,"name":"Shop","item":"https:\/\/www.shami-shop.com\/de\/shop\/"},{"@type":"ListItem","position":3,"name":"Minyou Sammlung | Fujimoto Minyou Senshuu #9"}]},{"@type":"WebSite","@id":"https:\/\/www.shami-shop.com\/de\/#website","url":"https:\/\/www.shami-shop.com\/de\/","name":"Shami-Shop","description":"Alles f\u00fcr den Shamisen-Spieler.","publisher":{"@id":"https:\/\/www.shami-shop.com\/de\/#organization"},"potentialAction":[{"@type":"SearchAction","target":{"@type":"EntryPoint","urlTemplate":"https:\/\/www.shami-shop.com\/de\/?s={search_term_string}"},"query-input":{"@type":"PropertyValueSpecification","valueRequired":true,"valueName":"search_term_string"}}],"inLanguage":"de"},{"@type":"Organization","@id":"https:\/\/www.shami-shop.com\/de\/#organization","name":"Shami-Shop","url":"https:\/\/www.shami-shop.com\/de\/","logo":{"@type":"ImageObject","inLanguage":"de","@id":"https:\/\/www.shami-shop.com\/de\/#\/schema\/logo\/image\/","url":"https:\/\/shami-shop.com\/wp-content\/uploads\/2021\/01\/Shami-Shop-Logo-1080.png","contentUrl":"https:\/\/shami-shop.com\/wp-content\/uploads\/2021\/01\/Shami-Shop-Logo-1080.png","width":1080,"height":1080,"caption":"Shami-Shop"},"image":{"@id":"https:\/\/www.shami-shop.com\/de\/#\/schema\/logo\/image\/"},"sameAs":["https:\/\/www.facebook.com\/weloveshamisen\/","https:\/\/www.instagram.com\/shamishop.europe\/"]}]}},"jetpack_sharing_enabled":true,"_links":{"self":[{"href":"https:\/\/www.shami-shop.com\/de\/wp-json\/wp\/v2\/product\/21393","targetHints":{"allow":["GET"]}}],"collection":[{"href":"https:\/\/www.shami-shop.com\/de\/wp-json\/wp\/v2\/product"}],"about":[{"href":"https:\/\/www.shami-shop.com\/de\/wp-json\/wp\/v2\/types\/product"}],"wp:featuredmedia":[{"embeddable":true,"href":"https:\/\/www.shami-shop.com\/de\/wp-json\/wp\/v2\/media\/20724"}],"wp:attachment":[{"href":"https:\/\/www.shami-shop.com\/de\/wp-json\/wp\/v2\/media?parent=21393"}],"wp:term":[{"taxonomy":"product_brand","embeddable":true,"href":"https:\/\/www.shami-shop.com\/de\/wp-json\/wp\/v2\/product_brand?post=21393"},{"taxonomy":"product_cat","embeddable":true,"href":"https:\/\/www.shami-shop.com\/de\/wp-json\/wp\/v2\/product_cat?post=21393"},{"taxonomy":"product_tag","embeddable":true,"href":"https:\/\/www.shami-shop.com\/de\/wp-json\/wp\/v2\/product_tag?post=21393"}],"curies":[{"name":"wp","href":"https:\/\/api.w.org\/{rel}","templated":true}]}}