{"id":21998,"date":"2023-12-01T22:26:24","date_gmt":"2023-12-01T21:28:44","guid":{"rendered":"https:\/\/www.shami-shop.com\/product\/bachi-box-deluxe\/"},"modified":"2025-06-13T14:55:43","modified_gmt":"2025-06-13T13:55:43","slug":"bachi-box-deluxe","status":"publish","type":"product","link":"https:\/\/www.shami-shop.com\/de\/produkt\/bachi-box-deluxe\/","title":{"rendered":"Bachi Box Deluxe"},"content":{"rendered":"<p>Die sicherste Art, Ihr Bachi zu verstauen: Die Bachi-Box.<\/p>\n<p><strong>Was ist das?<\/strong> Bieten Sie Ihrem Bachi den Schutz, den es verdient, mit diesem widerstandsf\u00e4higen und sch\u00f6nen Etui! Ihr Bachi wird es nirgends sicherer haben als in einer solchen robusten Bachi-Box. Und das beste daran: Es passt nicht nur ein Bachi, sondern ganze zwei hinein! So haben Sie Ihr Ersatzbachi immer zur Hand und wissen, dass es optimal sicher aufbewahrt ist, egal ob Sie unterwegs sind oder daheim. Au\u00dferdem gibt es kleine Aussparungen f\u00fcr Koma, Saiten und Yubisuri. Vorbei sind die Tage im Kasten wild und gef\u00e4hrlich herumfliegender Kleinteile! Bewahren Sie alles ordentlich und beisammen auf in einer Bachi-Box.<\/p>\n<p><strong>Details:<\/strong> Bachi-Box in luxuri\u00f6sem, besonders weichen, in jede Richtung geschmeidigen roten Samt. Sie schlie\u00dft mit einem kleinen Verschluss, der sich gut mit einer Hand bedienen l\u00e4sst. Die sicherste Art und Weise, Ihr geliebtes Bachi aufzubewahren.<\/p>\n","protected":false},"excerpt":{"rendered":"<ul>\n<li>roter Edel-Samt<\/li>\n<li>geeignet f\u00fcr Tsugaru, Minyo und Nagauta Bachi<\/li>\n<\/ul>\n<p><strong>Abmessungen:<\/strong><\/p>\n<ul>\n<li>L\u00e4nge: 23,5 cm<\/li>\n<li>Breite: 14 cm<\/li>\n<li>H\u00f6he: 4,5 cm<\/li>\n<\/ul>\n","protected":false},"featured_media":21940,"template":"","meta":{"_et_pb_use_builder":"","_et_pb_old_content":"","_et_gb_content_width":""},"product_brand":[],"product_cat":[353,371],"product_tag":[],"class_list":{"0":"post-21998","1":"product","2":"type-product","3":"status-publish","4":"has-post-thumbnail","6":"product_cat-bachi-aufbewahrung","7":"product_cat-bachi-box","8":"product_shipping_class-paket-m-2kg","10":"first","11":"outofstock","12":"shipping-taxable","13":"purchasable","14":"product-type-simple"},"yoast_head":"<!-- This site is optimized with the Yoast SEO plugin v26.9 - https:\/\/yoast.com\/product\/yoast-seo-wordpress\/ -->\n<title>Bachi Box Deluxe - Shami-Shop<\/title>\n<meta name=\"description\" content=\"Holen Sie sich eine Bachi-Box, um Ihr Bachi optimal zu sch\u00fctzen. Passend f\u00fcr Nagauta, Minyo und Tsugaru Bachi. Lieferung direkt aus Berlin.\" \/>\n<meta name=\"robots\" content=\"index, follow, max-snippet:-1, max-image-preview:large, max-video-preview:-1\" \/>\n<link rel=\"canonical\" href=\"https:\/\/www.shami-shop.com\/de\/produkt\/bachi-box-deluxe\/\" \/>\n<meta property=\"og:locale\" content=\"de_DE\" \/>\n<meta property=\"og:type\" content=\"article\" \/>\n<meta property=\"og:title\" content=\"Bachi Box Deluxe - Shami-Shop\" \/>\n<meta property=\"og:description\" content=\"Holen Sie sich eine Bachi-Box, um Ihr Bachi optimal zu sch\u00fctzen. Passend f\u00fcr Nagauta, Minyo und Tsugaru Bachi. Lieferung direkt aus Berlin.\" \/>\n<meta property=\"og:url\" content=\"https:\/\/www.shami-shop.com\/de\/produkt\/bachi-box-deluxe\/\" \/>\n<meta property=\"og:site_name\" content=\"Shami-Shop\" \/>\n<meta property=\"article:publisher\" content=\"https:\/\/www.facebook.com\/weloveshamisen\/\" \/>\n<meta property=\"article:modified_time\" content=\"2025-06-13T13:55:43+00:00\" \/>\n<meta property=\"og:image\" content=\"https:\/\/www.shami-shop.com\/wp-content\/uploads\/2023\/12\/BB-17-C-scaled.jpg\" \/>\n\t<meta property=\"og:image:width\" content=\"2560\" \/>\n\t<meta property=\"og:image:height\" content=\"2557\" \/>\n\t<meta property=\"og:image:type\" content=\"image\/jpeg\" \/>\n<meta name=\"twitter:card\" content=\"summary_large_image\" \/>\n<meta name=\"twitter:label1\" content=\"Gesch\u00e4tzte Lesezeit\" \/>\n\t<meta name=\"twitter:data1\" content=\"1\u00a0Minute\" \/>\n<script type=\"application\/ld+json\" class=\"yoast-schema-graph\">{\"@context\":\"https:\/\/schema.org\",\"@graph\":[{\"@type\":[\"WebPage\",\"ItemPage\"],\"@id\":\"https:\/\/www.shami-shop.com\/de\/produkt\/bachi-box-deluxe\/\",\"url\":\"https:\/\/www.shami-shop.com\/de\/produkt\/bachi-box-deluxe\/\",\"name\":\"Bachi Box Deluxe - Shami-Shop\",\"isPartOf\":{\"@id\":\"https:\/\/www.shami-shop.com\/de\/#website\"},\"primaryImageOfPage\":{\"@id\":\"https:\/\/www.shami-shop.com\/de\/produkt\/bachi-box-deluxe\/#primaryimage\"},\"image\":{\"@id\":\"https:\/\/www.shami-shop.com\/de\/produkt\/bachi-box-deluxe\/#primaryimage\"},\"thumbnailUrl\":\"https:\/\/www.shami-shop.com\/wp-content\/uploads\/2023\/12\/BB-17-C-scaled.jpg\",\"datePublished\":\"2023-12-01T21:28:44+00:00\",\"dateModified\":\"2025-06-13T13:55:43+00:00\",\"description\":\"Holen Sie sich eine Bachi-Box, um Ihr Bachi optimal zu sch\u00fctzen. Passend f\u00fcr Nagauta, Minyo und Tsugaru Bachi. Lieferung direkt aus Berlin.\",\"breadcrumb\":{\"@id\":\"https:\/\/www.shami-shop.com\/de\/produkt\/bachi-box-deluxe\/#breadcrumb\"},\"inLanguage\":\"de\",\"potentialAction\":[{\"@type\":\"ReadAction\",\"target\":[\"https:\/\/www.shami-shop.com\/de\/produkt\/bachi-box-deluxe\/\"]}]},{\"@type\":\"ImageObject\",\"inLanguage\":\"de\",\"@id\":\"https:\/\/www.shami-shop.com\/de\/produkt\/bachi-box-deluxe\/#primaryimage\",\"url\":\"https:\/\/www.shami-shop.com\/wp-content\/uploads\/2023\/12\/BB-17-C-scaled.jpg\",\"contentUrl\":\"https:\/\/www.shami-shop.com\/wp-content\/uploads\/2023\/12\/BB-17-C-scaled.jpg\",\"width\":2560,\"height\":2557},{\"@type\":\"BreadcrumbList\",\"@id\":\"https:\/\/www.shami-shop.com\/de\/produkt\/bachi-box-deluxe\/#breadcrumb\",\"itemListElement\":[{\"@type\":\"ListItem\",\"position\":1,\"name\":\"Startseite\",\"item\":\"https:\/\/www.shami-shop.com\/de\/\"},{\"@type\":\"ListItem\",\"position\":2,\"name\":\"Shop\",\"item\":\"https:\/\/www.shami-shop.com\/de\/shop\/\"},{\"@type\":\"ListItem\",\"position\":3,\"name\":\"Bachi Box Deluxe\"}]},{\"@type\":\"WebSite\",\"@id\":\"https:\/\/www.shami-shop.com\/de\/#website\",\"url\":\"https:\/\/www.shami-shop.com\/de\/\",\"name\":\"Shami-Shop\",\"description\":\"Alles f\u00fcr den Shamisen-Spieler.\",\"publisher\":{\"@id\":\"https:\/\/www.shami-shop.com\/de\/#organization\"},\"potentialAction\":[{\"@type\":\"SearchAction\",\"target\":{\"@type\":\"EntryPoint\",\"urlTemplate\":\"https:\/\/www.shami-shop.com\/de\/?s={search_term_string}\"},\"query-input\":{\"@type\":\"PropertyValueSpecification\",\"valueRequired\":true,\"valueName\":\"search_term_string\"}}],\"inLanguage\":\"de\"},{\"@type\":\"Organization\",\"@id\":\"https:\/\/www.shami-shop.com\/de\/#organization\",\"name\":\"Shami-Shop\",\"url\":\"https:\/\/www.shami-shop.com\/de\/\",\"logo\":{\"@type\":\"ImageObject\",\"inLanguage\":\"de\",\"@id\":\"https:\/\/www.shami-shop.com\/de\/#\/schema\/logo\/image\/\",\"url\":\"https:\/\/shami-shop.com\/wp-content\/uploads\/2021\/01\/Shami-Shop-Logo-1080.png\",\"contentUrl\":\"https:\/\/shami-shop.com\/wp-content\/uploads\/2021\/01\/Shami-Shop-Logo-1080.png\",\"width\":1080,\"height\":1080,\"caption\":\"Shami-Shop\"},\"image\":{\"@id\":\"https:\/\/www.shami-shop.com\/de\/#\/schema\/logo\/image\/\"},\"sameAs\":[\"https:\/\/www.facebook.com\/weloveshamisen\/\",\"https:\/\/www.instagram.com\/shamishop.europe\/\"]}]}<\/script>\n<!-- \/ Yoast SEO plugin. -->","yoast_head_json":{"title":"Bachi Box Deluxe - Shami-Shop","description":"Holen Sie sich eine Bachi-Box, um Ihr Bachi optimal zu sch\u00fctzen. Passend f\u00fcr Nagauta, Minyo und Tsugaru Bachi. Lieferung direkt aus Berlin.","robots":{"index":"index","follow":"follow","max-snippet":"max-snippet:-1","max-image-preview":"max-image-preview:large","max-video-preview":"max-video-preview:-1"},"canonical":"https:\/\/www.shami-shop.com\/de\/produkt\/bachi-box-deluxe\/","og_locale":"de_DE","og_type":"article","og_title":"Bachi Box Deluxe - Shami-Shop","og_description":"Holen Sie sich eine Bachi-Box, um Ihr Bachi optimal zu sch\u00fctzen. Passend f\u00fcr Nagauta, Minyo und Tsugaru Bachi. Lieferung direkt aus Berlin.","og_url":"https:\/\/www.shami-shop.com\/de\/produkt\/bachi-box-deluxe\/","og_site_name":"Shami-Shop","article_publisher":"https:\/\/www.facebook.com\/weloveshamisen\/","article_modified_time":"2025-06-13T13:55:43+00:00","og_image":[{"width":2560,"height":2557,"url":"https:\/\/www.shami-shop.com\/wp-content\/uploads\/2023\/12\/BB-17-C-scaled.jpg","type":"image\/jpeg"}],"twitter_card":"summary_large_image","twitter_misc":{"Gesch\u00e4tzte Lesezeit":"1\u00a0Minute"},"schema":{"@context":"https:\/\/schema.org","@graph":[{"@type":["WebPage","ItemPage"],"@id":"https:\/\/www.shami-shop.com\/de\/produkt\/bachi-box-deluxe\/","url":"https:\/\/www.shami-shop.com\/de\/produkt\/bachi-box-deluxe\/","name":"Bachi Box Deluxe - Shami-Shop","isPartOf":{"@id":"https:\/\/www.shami-shop.com\/de\/#website"},"primaryImageOfPage":{"@id":"https:\/\/www.shami-shop.com\/de\/produkt\/bachi-box-deluxe\/#primaryimage"},"image":{"@id":"https:\/\/www.shami-shop.com\/de\/produkt\/bachi-box-deluxe\/#primaryimage"},"thumbnailUrl":"https:\/\/www.shami-shop.com\/wp-content\/uploads\/2023\/12\/BB-17-C-scaled.jpg","datePublished":"2023-12-01T21:28:44+00:00","dateModified":"2025-06-13T13:55:43+00:00","description":"Holen Sie sich eine Bachi-Box, um Ihr Bachi optimal zu sch\u00fctzen. Passend f\u00fcr Nagauta, Minyo und Tsugaru Bachi. Lieferung direkt aus Berlin.","breadcrumb":{"@id":"https:\/\/www.shami-shop.com\/de\/produkt\/bachi-box-deluxe\/#breadcrumb"},"inLanguage":"de","potentialAction":[{"@type":"ReadAction","target":["https:\/\/www.shami-shop.com\/de\/produkt\/bachi-box-deluxe\/"]}]},{"@type":"ImageObject","inLanguage":"de","@id":"https:\/\/www.shami-shop.com\/de\/produkt\/bachi-box-deluxe\/#primaryimage","url":"https:\/\/www.shami-shop.com\/wp-content\/uploads\/2023\/12\/BB-17-C-scaled.jpg","contentUrl":"https:\/\/www.shami-shop.com\/wp-content\/uploads\/2023\/12\/BB-17-C-scaled.jpg","width":2560,"height":2557},{"@type":"BreadcrumbList","@id":"https:\/\/www.shami-shop.com\/de\/produkt\/bachi-box-deluxe\/#breadcrumb","itemListElement":[{"@type":"ListItem","position":1,"name":"Startseite","item":"https:\/\/www.shami-shop.com\/de\/"},{"@type":"ListItem","position":2,"name":"Shop","item":"https:\/\/www.shami-shop.com\/de\/shop\/"},{"@type":"ListItem","position":3,"name":"Bachi Box Deluxe"}]},{"@type":"WebSite","@id":"https:\/\/www.shami-shop.com\/de\/#website","url":"https:\/\/www.shami-shop.com\/de\/","name":"Shami-Shop","description":"Alles f\u00fcr den Shamisen-Spieler.","publisher":{"@id":"https:\/\/www.shami-shop.com\/de\/#organization"},"potentialAction":[{"@type":"SearchAction","target":{"@type":"EntryPoint","urlTemplate":"https:\/\/www.shami-shop.com\/de\/?s={search_term_string}"},"query-input":{"@type":"PropertyValueSpecification","valueRequired":true,"valueName":"search_term_string"}}],"inLanguage":"de"},{"@type":"Organization","@id":"https:\/\/www.shami-shop.com\/de\/#organization","name":"Shami-Shop","url":"https:\/\/www.shami-shop.com\/de\/","logo":{"@type":"ImageObject","inLanguage":"de","@id":"https:\/\/www.shami-shop.com\/de\/#\/schema\/logo\/image\/","url":"https:\/\/shami-shop.com\/wp-content\/uploads\/2021\/01\/Shami-Shop-Logo-1080.png","contentUrl":"https:\/\/shami-shop.com\/wp-content\/uploads\/2021\/01\/Shami-Shop-Logo-1080.png","width":1080,"height":1080,"caption":"Shami-Shop"},"image":{"@id":"https:\/\/www.shami-shop.com\/de\/#\/schema\/logo\/image\/"},"sameAs":["https:\/\/www.facebook.com\/weloveshamisen\/","https:\/\/www.instagram.com\/shamishop.europe\/"]}]}},"jetpack_sharing_enabled":true,"_links":{"self":[{"href":"https:\/\/www.shami-shop.com\/de\/wp-json\/wp\/v2\/product\/21998","targetHints":{"allow":["GET"]}}],"collection":[{"href":"https:\/\/www.shami-shop.com\/de\/wp-json\/wp\/v2\/product"}],"about":[{"href":"https:\/\/www.shami-shop.com\/de\/wp-json\/wp\/v2\/types\/product"}],"wp:featuredmedia":[{"embeddable":true,"href":"https:\/\/www.shami-shop.com\/de\/wp-json\/wp\/v2\/media\/21940"}],"wp:attachment":[{"href":"https:\/\/www.shami-shop.com\/de\/wp-json\/wp\/v2\/media?parent=21998"}],"wp:term":[{"taxonomy":"product_brand","embeddable":true,"href":"https:\/\/www.shami-shop.com\/de\/wp-json\/wp\/v2\/product_brand?post=21998"},{"taxonomy":"product_cat","embeddable":true,"href":"https:\/\/www.shami-shop.com\/de\/wp-json\/wp\/v2\/product_cat?post=21998"},{"taxonomy":"product_tag","embeddable":true,"href":"https:\/\/www.shami-shop.com\/de\/wp-json\/wp\/v2\/product_tag?post=21998"}],"curies":[{"name":"wp","href":"https:\/\/api.w.org\/{rel}","templated":true}]}}