{"id":22127,"date":"2023-12-18T15:20:46","date_gmt":"2023-12-18T14:23:05","guid":{"rendered":"https:\/\/www.shami-shop.com\/product\/%f0%9f%8e%84-schneefloeckchen-weissroeckchen\/"},"modified":"2023-12-18T15:23:05","modified_gmt":"2023-12-18T14:23:05","slug":"%f0%9f%8e%84-schneefloeckchen-weissroeckchen","status":"publish","type":"product","link":"https:\/\/www.shami-shop.com\/de\/produkt\/%f0%9f%8e%84-schneefloeckchen-weissroeckchen\/","title":{"rendered":"\ud83c\udf84 Schneeflo\u0308ckchen, Wei\u00dfro\u0308ckchen"},"content":{"rendered":"<p>Tabulatur-Noten f\u00fcr <strong>den Weihnachts-Klassiker<\/strong> auf Shamisen <strong>plus zwei hilfreiche mp3 in zwei Geschwindigkeiten zum Mitspielen in 90 bpm und 110 bpm<\/strong> , mit denen sich das Lied noch leichter und schneller lernen l\u00e4sst.<\/p>\n<p>Hinweis: Die Techniken Uchi und Hajiki sind optional. Stattdessen k\u00f6nnen diese Noten auch einfach mit dem Bachi angeschlagen werden.<\/p>\n<p>Die Dateien k\u00f6nnen nach dem Kauf im Kundenkonto heruntergeladen werden \u2013 einen Link dazu gibt es in der Bestellbest\u00e4tigungs-E-Mail.<\/p>\n<p>&nbsp;<\/p>\n<p>Stimmung:<\/p>\n<p>In jeder Stimmung sind die Saiten in einem bestimmten Verh\u00e4ltnis zueinander gestimmt. F\u00fcr Volkslieder gibt es keine feste Stimmung auf fixe Tonh\u00f6hen (im Gegensatz zur Geige etwa, bei der die A-Saite auf 440 bzw. 442Hz gestimmt wird), sondern ausschlaggebend ist das Verh\u00e4ltnis der Saiten zueinander. Obwohl es sich hierbei um kein japanisches Volkslied handelt, finde ich die Idee sinnvoll, das Instrument so zu stimmen, dass man angenehm dazu singen kann.<\/p>\n<p>Eine Sichere Wahl ist, das Instrument \u00fcber C zu stimmen. Das bedeutet, die dicke Saite wird auf ein C gestimmt und alle anderen Saiten dann im Verh\u00e4ltnis dazu, je nach Stimmung des Liedes.<\/p>\n<p>Honch\u014dshi: C-F-C<\/p>\n<p>Niagari: C-G-C<\/p>\n<p>Sansagari: C-F-B<\/p>\n<p>&nbsp;<\/p>\n<p>Zugriff zu pdf und mp3:<\/p>\n<p>Bitte beachten Sie, dass diese Datei nur einmalig direkt heruntergeladen werden kann \u2013 genau so, wie es bei einem gedruckten Notenblatt der Fall w\u00e4re. Sehen Sie es als unverz\u00fcgliche \u201eDirektlieferung\u201c.<\/p>\n<p>Nach dem Kauf k\u00f6nnen Sie die Datei in Ihrem Benutzerkonto unter \u201eDownloads\u201c runterladen. Oder Sie folgen einfach dem Link in der Bestellbest\u00e4tigung, den Sie per E-Mail erhalten.<\/p>\n<p>Bitte speichern Sie die Datei deshalb an einem Ort ab, an dem Sie sie leicht wiederfinden k\u00f6nnen. Bitte speichern Sie die Datei deshalb an einem Ort ab, an dem Sie sie leicht wiederfinden k\u00f6nnen. Wenn Sie Unterst\u00fctzung ben\u00f6tigen, schreiben Sie gerne eine E-Mail.<\/p>\n","protected":false},"excerpt":{"rendered":"<p>Das gibt es alles:<\/p>\n<ul>\n<li>1 pdf leicht lesbare Tabulatur-<strong>Noten<\/strong><\/li>\n<li><strong>2 mp3 Dateien zum mitspielen in zwei Geschwindigkeiten<\/strong><\/li>\n<\/ul>\n<p>Details zum Lied:<\/p>\n<ul>\n<li>Anf\u00e4nger<\/li>\n<li>Niagari-Stimmung<\/li>\n<li>Techniken: Uchi (Hammer-on), Hajiki (Zupfen)<\/li>\n<\/ul>\n","protected":false},"featured_media":22126,"template":"","meta":{"_et_pb_use_builder":"","_et_pb_old_content":"","_et_gb_content_width":""},"product_brand":[],"product_cat":[484,130,207],"product_tag":[],"class_list":{"0":"post-22127","1":"product","2":"type-product","3":"status-publish","4":"has-post-thumbnail","6":"product_cat-noten-weihnachten","7":"product_cat-notenhefte","8":"product_cat-noten-downloads","10":"first","11":"instock","12":"downloadable","13":"shipping-taxable","14":"purchasable","15":"product-type-simple"},"yoast_head":"<!-- This site is optimized with the Yoast SEO plugin v26.9 - https:\/\/yoast.com\/product\/yoast-seo-wordpress\/ -->\n<title>\ud83c\udf84 Schneeflo\u0308ckchen, Wei\u00dfro\u0308ckchen - Shami-Shop<\/title>\n<meta name=\"description\" content=\"Weihnachtslieder auf Shamisen lernen mit Tabulaturnotation und n\u00fctzlichen mp3-Dateien zum mitspielen.\" \/>\n<meta name=\"robots\" content=\"index, follow, max-snippet:-1, max-image-preview:large, max-video-preview:-1\" \/>\n<link rel=\"canonical\" href=\"https:\/\/www.shami-shop.com\/de\/produkt\/%f0%9f%8e%84-schneefloeckchen-weissroeckchen\/\" \/>\n<meta property=\"og:locale\" content=\"de_DE\" \/>\n<meta property=\"og:type\" content=\"article\" \/>\n<meta property=\"og:title\" content=\"\ud83c\udf84 Schneeflo\u0308ckchen, Wei\u00dfro\u0308ckchen - Shami-Shop\" \/>\n<meta property=\"og:description\" content=\"Weihnachtslieder auf Shamisen lernen mit Tabulaturnotation und n\u00fctzlichen mp3-Dateien zum mitspielen.\" \/>\n<meta property=\"og:url\" content=\"https:\/\/www.shami-shop.com\/de\/produkt\/%f0%9f%8e%84-schneefloeckchen-weissroeckchen\/\" \/>\n<meta property=\"og:site_name\" content=\"Shami-Shop\" \/>\n<meta property=\"article:publisher\" content=\"https:\/\/www.facebook.com\/weloveshamisen\/\" \/>\n<meta property=\"og:image\" content=\"https:\/\/www.shami-shop.com\/wp-content\/uploads\/2023\/12\/Schneeflockchen-p.png\" \/>\n\t<meta property=\"og:image:width\" content=\"900\" \/>\n\t<meta property=\"og:image:height\" content=\"900\" \/>\n\t<meta property=\"og:image:type\" content=\"image\/png\" \/>\n<meta name=\"twitter:card\" content=\"summary_large_image\" \/>\n<meta name=\"twitter:label1\" content=\"Gesch\u00e4tzte Lesezeit\" \/>\n\t<meta name=\"twitter:data1\" content=\"2\u00a0Minuten\" \/>\n<script type=\"application\/ld+json\" class=\"yoast-schema-graph\">{\"@context\":\"https:\/\/schema.org\",\"@graph\":[{\"@type\":[\"WebPage\",\"ItemPage\"],\"@id\":\"https:\/\/www.shami-shop.com\/de\/produkt\/%f0%9f%8e%84-schneefloeckchen-weissroeckchen\/\",\"url\":\"https:\/\/www.shami-shop.com\/de\/produkt\/%f0%9f%8e%84-schneefloeckchen-weissroeckchen\/\",\"name\":\"\ud83c\udf84 Schneeflo\u0308ckchen, Wei\u00dfro\u0308ckchen - Shami-Shop\",\"isPartOf\":{\"@id\":\"https:\/\/www.shami-shop.com\/de\/#website\"},\"primaryImageOfPage\":{\"@id\":\"https:\/\/www.shami-shop.com\/de\/produkt\/%f0%9f%8e%84-schneefloeckchen-weissroeckchen\/#primaryimage\"},\"image\":{\"@id\":\"https:\/\/www.shami-shop.com\/de\/produkt\/%f0%9f%8e%84-schneefloeckchen-weissroeckchen\/#primaryimage\"},\"thumbnailUrl\":\"https:\/\/www.shami-shop.com\/wp-content\/uploads\/2023\/12\/Schneeflockchen-p.png\",\"datePublished\":\"2023-12-18T14:23:05+00:00\",\"description\":\"Weihnachtslieder auf Shamisen lernen mit Tabulaturnotation und n\u00fctzlichen mp3-Dateien zum mitspielen.\",\"breadcrumb\":{\"@id\":\"https:\/\/www.shami-shop.com\/de\/produkt\/%f0%9f%8e%84-schneefloeckchen-weissroeckchen\/#breadcrumb\"},\"inLanguage\":\"de\",\"potentialAction\":[{\"@type\":\"ReadAction\",\"target\":[\"https:\/\/www.shami-shop.com\/de\/produkt\/%f0%9f%8e%84-schneefloeckchen-weissroeckchen\/\"]}]},{\"@type\":\"ImageObject\",\"inLanguage\":\"de\",\"@id\":\"https:\/\/www.shami-shop.com\/de\/produkt\/%f0%9f%8e%84-schneefloeckchen-weissroeckchen\/#primaryimage\",\"url\":\"https:\/\/www.shami-shop.com\/wp-content\/uploads\/2023\/12\/Schneeflockchen-p.png\",\"contentUrl\":\"https:\/\/www.shami-shop.com\/wp-content\/uploads\/2023\/12\/Schneeflockchen-p.png\",\"width\":900,\"height\":900},{\"@type\":\"BreadcrumbList\",\"@id\":\"https:\/\/www.shami-shop.com\/de\/produkt\/%f0%9f%8e%84-schneefloeckchen-weissroeckchen\/#breadcrumb\",\"itemListElement\":[{\"@type\":\"ListItem\",\"position\":1,\"name\":\"Startseite\",\"item\":\"https:\/\/www.shami-shop.com\/de\/\"},{\"@type\":\"ListItem\",\"position\":2,\"name\":\"Shop\",\"item\":\"https:\/\/www.shami-shop.com\/de\/shop\/\"},{\"@type\":\"ListItem\",\"position\":3,\"name\":\"\ud83c\udf84 Schneeflo\u0308ckchen, Wei\u00dfro\u0308ckchen\"}]},{\"@type\":\"WebSite\",\"@id\":\"https:\/\/www.shami-shop.com\/de\/#website\",\"url\":\"https:\/\/www.shami-shop.com\/de\/\",\"name\":\"Shami-Shop\",\"description\":\"Alles f\u00fcr den Shamisen-Spieler.\",\"publisher\":{\"@id\":\"https:\/\/www.shami-shop.com\/de\/#organization\"},\"potentialAction\":[{\"@type\":\"SearchAction\",\"target\":{\"@type\":\"EntryPoint\",\"urlTemplate\":\"https:\/\/www.shami-shop.com\/de\/?s={search_term_string}\"},\"query-input\":{\"@type\":\"PropertyValueSpecification\",\"valueRequired\":true,\"valueName\":\"search_term_string\"}}],\"inLanguage\":\"de\"},{\"@type\":\"Organization\",\"@id\":\"https:\/\/www.shami-shop.com\/de\/#organization\",\"name\":\"Shami-Shop\",\"url\":\"https:\/\/www.shami-shop.com\/de\/\",\"logo\":{\"@type\":\"ImageObject\",\"inLanguage\":\"de\",\"@id\":\"https:\/\/www.shami-shop.com\/de\/#\/schema\/logo\/image\/\",\"url\":\"https:\/\/shami-shop.com\/wp-content\/uploads\/2021\/01\/Shami-Shop-Logo-1080.png\",\"contentUrl\":\"https:\/\/shami-shop.com\/wp-content\/uploads\/2021\/01\/Shami-Shop-Logo-1080.png\",\"width\":1080,\"height\":1080,\"caption\":\"Shami-Shop\"},\"image\":{\"@id\":\"https:\/\/www.shami-shop.com\/de\/#\/schema\/logo\/image\/\"},\"sameAs\":[\"https:\/\/www.facebook.com\/weloveshamisen\/\",\"https:\/\/www.instagram.com\/shamishop.europe\/\"]}]}<\/script>\n<!-- \/ Yoast SEO plugin. -->","yoast_head_json":{"title":"\ud83c\udf84 Schneeflo\u0308ckchen, Wei\u00dfro\u0308ckchen - Shami-Shop","description":"Weihnachtslieder auf Shamisen lernen mit Tabulaturnotation und n\u00fctzlichen mp3-Dateien zum mitspielen.","robots":{"index":"index","follow":"follow","max-snippet":"max-snippet:-1","max-image-preview":"max-image-preview:large","max-video-preview":"max-video-preview:-1"},"canonical":"https:\/\/www.shami-shop.com\/de\/produkt\/%f0%9f%8e%84-schneefloeckchen-weissroeckchen\/","og_locale":"de_DE","og_type":"article","og_title":"\ud83c\udf84 Schneeflo\u0308ckchen, Wei\u00dfro\u0308ckchen - Shami-Shop","og_description":"Weihnachtslieder auf Shamisen lernen mit Tabulaturnotation und n\u00fctzlichen mp3-Dateien zum mitspielen.","og_url":"https:\/\/www.shami-shop.com\/de\/produkt\/%f0%9f%8e%84-schneefloeckchen-weissroeckchen\/","og_site_name":"Shami-Shop","article_publisher":"https:\/\/www.facebook.com\/weloveshamisen\/","og_image":[{"width":900,"height":900,"url":"https:\/\/www.shami-shop.com\/wp-content\/uploads\/2023\/12\/Schneeflockchen-p.png","type":"image\/png"}],"twitter_card":"summary_large_image","twitter_misc":{"Gesch\u00e4tzte Lesezeit":"2\u00a0Minuten"},"schema":{"@context":"https:\/\/schema.org","@graph":[{"@type":["WebPage","ItemPage"],"@id":"https:\/\/www.shami-shop.com\/de\/produkt\/%f0%9f%8e%84-schneefloeckchen-weissroeckchen\/","url":"https:\/\/www.shami-shop.com\/de\/produkt\/%f0%9f%8e%84-schneefloeckchen-weissroeckchen\/","name":"\ud83c\udf84 Schneeflo\u0308ckchen, Wei\u00dfro\u0308ckchen - Shami-Shop","isPartOf":{"@id":"https:\/\/www.shami-shop.com\/de\/#website"},"primaryImageOfPage":{"@id":"https:\/\/www.shami-shop.com\/de\/produkt\/%f0%9f%8e%84-schneefloeckchen-weissroeckchen\/#primaryimage"},"image":{"@id":"https:\/\/www.shami-shop.com\/de\/produkt\/%f0%9f%8e%84-schneefloeckchen-weissroeckchen\/#primaryimage"},"thumbnailUrl":"https:\/\/www.shami-shop.com\/wp-content\/uploads\/2023\/12\/Schneeflockchen-p.png","datePublished":"2023-12-18T14:23:05+00:00","description":"Weihnachtslieder auf Shamisen lernen mit Tabulaturnotation und n\u00fctzlichen mp3-Dateien zum mitspielen.","breadcrumb":{"@id":"https:\/\/www.shami-shop.com\/de\/produkt\/%f0%9f%8e%84-schneefloeckchen-weissroeckchen\/#breadcrumb"},"inLanguage":"de","potentialAction":[{"@type":"ReadAction","target":["https:\/\/www.shami-shop.com\/de\/produkt\/%f0%9f%8e%84-schneefloeckchen-weissroeckchen\/"]}]},{"@type":"ImageObject","inLanguage":"de","@id":"https:\/\/www.shami-shop.com\/de\/produkt\/%f0%9f%8e%84-schneefloeckchen-weissroeckchen\/#primaryimage","url":"https:\/\/www.shami-shop.com\/wp-content\/uploads\/2023\/12\/Schneeflockchen-p.png","contentUrl":"https:\/\/www.shami-shop.com\/wp-content\/uploads\/2023\/12\/Schneeflockchen-p.png","width":900,"height":900},{"@type":"BreadcrumbList","@id":"https:\/\/www.shami-shop.com\/de\/produkt\/%f0%9f%8e%84-schneefloeckchen-weissroeckchen\/#breadcrumb","itemListElement":[{"@type":"ListItem","position":1,"name":"Startseite","item":"https:\/\/www.shami-shop.com\/de\/"},{"@type":"ListItem","position":2,"name":"Shop","item":"https:\/\/www.shami-shop.com\/de\/shop\/"},{"@type":"ListItem","position":3,"name":"\ud83c\udf84 Schneeflo\u0308ckchen, Wei\u00dfro\u0308ckchen"}]},{"@type":"WebSite","@id":"https:\/\/www.shami-shop.com\/de\/#website","url":"https:\/\/www.shami-shop.com\/de\/","name":"Shami-Shop","description":"Alles f\u00fcr den Shamisen-Spieler.","publisher":{"@id":"https:\/\/www.shami-shop.com\/de\/#organization"},"potentialAction":[{"@type":"SearchAction","target":{"@type":"EntryPoint","urlTemplate":"https:\/\/www.shami-shop.com\/de\/?s={search_term_string}"},"query-input":{"@type":"PropertyValueSpecification","valueRequired":true,"valueName":"search_term_string"}}],"inLanguage":"de"},{"@type":"Organization","@id":"https:\/\/www.shami-shop.com\/de\/#organization","name":"Shami-Shop","url":"https:\/\/www.shami-shop.com\/de\/","logo":{"@type":"ImageObject","inLanguage":"de","@id":"https:\/\/www.shami-shop.com\/de\/#\/schema\/logo\/image\/","url":"https:\/\/shami-shop.com\/wp-content\/uploads\/2021\/01\/Shami-Shop-Logo-1080.png","contentUrl":"https:\/\/shami-shop.com\/wp-content\/uploads\/2021\/01\/Shami-Shop-Logo-1080.png","width":1080,"height":1080,"caption":"Shami-Shop"},"image":{"@id":"https:\/\/www.shami-shop.com\/de\/#\/schema\/logo\/image\/"},"sameAs":["https:\/\/www.facebook.com\/weloveshamisen\/","https:\/\/www.instagram.com\/shamishop.europe\/"]}]}},"jetpack_sharing_enabled":true,"_links":{"self":[{"href":"https:\/\/www.shami-shop.com\/de\/wp-json\/wp\/v2\/product\/22127","targetHints":{"allow":["GET"]}}],"collection":[{"href":"https:\/\/www.shami-shop.com\/de\/wp-json\/wp\/v2\/product"}],"about":[{"href":"https:\/\/www.shami-shop.com\/de\/wp-json\/wp\/v2\/types\/product"}],"wp:featuredmedia":[{"embeddable":true,"href":"https:\/\/www.shami-shop.com\/de\/wp-json\/wp\/v2\/media\/22126"}],"wp:attachment":[{"href":"https:\/\/www.shami-shop.com\/de\/wp-json\/wp\/v2\/media?parent=22127"}],"wp:term":[{"taxonomy":"product_brand","embeddable":true,"href":"https:\/\/www.shami-shop.com\/de\/wp-json\/wp\/v2\/product_brand?post=22127"},{"taxonomy":"product_cat","embeddable":true,"href":"https:\/\/www.shami-shop.com\/de\/wp-json\/wp\/v2\/product_cat?post=22127"},{"taxonomy":"product_tag","embeddable":true,"href":"https:\/\/www.shami-shop.com\/de\/wp-json\/wp\/v2\/product_tag?post=22127"}],"curies":[{"name":"wp","href":"https:\/\/api.w.org\/{rel}","templated":true}]}}