{"id":22169,"date":"2024-01-20T20:11:36","date_gmt":"2024-01-20T19:17:23","guid":{"rendered":"https:\/\/www.shami-shop.com\/product\/chuuzao-shamisen-set-kunio\/"},"modified":"2025-05-29T10:39:09","modified_gmt":"2025-05-29T09:39:09","slug":"chuuzao-shamisen-set-kunio","status":"publish","type":"product","link":"https:\/\/www.shami-shop.com\/de\/produkt\/chuuzao-shamisen-set-kunio\/","title":{"rendered":"Chuuzao Shamisen Set &#8222;Kunio&#8220;"},"content":{"rendered":"<p>Kunio ist eine besonders sch\u00f6ne Shamisen mit geflammter Maserung und einem grandiosen Erscheinungsbild. Mit synthetischen H\u00e4uten bezogen ist es Sch\u00f6nheit, die lange w\u00e4hrt!<\/p>\n<p>Die Bauweise dieser Shamisen ist Chuuzao, typischerweise benutzt f\u00fcr Jiuta Stil, aber tats\u00e4chlich unheimlich vielseitig.<\/p>\n<h5><\/h5>\n<h5>Holz:<\/h5>\n<p>Das Instrument ist aus Karin-Holz gemacht &#8211; die Standard-Wahl f\u00fcr Sch\u00fcler- und Anf\u00e4ngerinstrumente. Aber das war&#8217;s noch nicht: Es handelt sich um die besonders besondere Sort &#8222;Tochi Karin&#8220;, also Karin-Holz mit speziell geflammter Maserung. Die Fotos geben einen ersten Eindruck der magischen Lichtreflektionen!<\/p>\n<h5><\/h5>\n<h5>Accessoires und H\u00e4ute:<\/h5>\n<p>Das Instrument habe ich ausgestattet mit einem coolen schwarzen Doukake (Korpusschutz) mit einem seltenen Daruma-Muster. Dazu passend ein dunkelroter Neo (Saitenhalter). Im Set enthalten ist au\u00dferdem ein Set frischer Saiten und ein Dougomu (Anti-Rutsch-Matte).<\/p>\n<p>Der Korpus ist frisch bezogen mit <em>Hibiki<\/em> \u2013 synthetische H\u00e4ute der neuesten Generation mit einem warmen Klang, der dem Klang von Naturh\u00e4ten n\u00e4her kommt als je zuvor. Hibiki ist besonders robust und widerstandsf\u00e4hig. Im Vergleich zu nat\u00fcrlicher Haut muss man sich bei synthetischer Haut nicht um Klimaschwankungen oder einen pl\u00f6tzlichen Regenschauer sorgen, wenn man einmal drau\u00dfen spielt. Allerdings sei geraten, grunds\u00e4tzlich trotzdem die Shamisen trocken zu halten, um das Holz zu sch\u00fctzen. Dementsprechend ben\u00f6tigt man f\u00fcr dieses Instrument keine <a href=\"https:\/\/shami-shop.com\/product\/washi-bag\/\">Washi-H\u00fclle<\/a>, um die Haut der Shamisen zu sch\u00fctzen.<\/p>\n<h5><\/h5>\n<h5>Hals:<\/h5>\n<p>Der Hals ist 27 mm breit und 29 mm hoch am schmalen oberen Ende und verbreitert sich leicht in Richtung Korpus. Das Griffbrett endet in einer steilen Kante, was den Bereich der Spielbaren Positionen auf der Shamisen erweitert. Mit dieser Art von Griffbrett kann man bis \u00fcber Position 20 hinaus spielen.<\/p>\n<h5><\/h5>\n<h5>Weiteres:<\/h5>\n<p>Die <em>Tsukigata<\/em> (das geschwungene Ende des <em>Tenjin<\/em>) ist in perfektem Zustand und das Holz dieser Shamisen hat einen sch\u00f6nen r\u00f6tlichen Farbton. Der Hals ist im <em>Mitsuori<\/em> Stil gerabeitet: Er kann in drei Teile zerlegt werden. Die Verbindungen sind bei diesem Instrument in einfacher Ausfertigung gearbeitet gearbeitet. Reisen ist mit diesem Instrument deshalb auch bei leichtem Gep\u00e4ck besonders einfach und komfortabel. Die Verbindungen sind besonders aufwendig gearbeitet, was den Sitz und die Haltbarkeit verbessert. So sitzt auch nach vielen Jahren und stetem Zusammen- und Auseinanderbauen der Hals noch einwandfrei. Die <em>Itomaki<\/em> (Stimmwirbel) sind aus Ebenholz gefertigt.<\/p>\n<p>Wenn Sie noch Fragen haben, schicken Sie gerne eine Nachricht per E-Mail!<\/p>\n<p>&nbsp;<\/p>\n<p>Alles, was man zum losspielen noch ben\u00f6tigt, sind ein <a href=\"https:\/\/shami-shop.com\/product-categorie\/koma\/\">Koma<\/a>, ein <a href=\"https:\/\/shami-shop.com\/product-categorie\/bachi\/\">Bachi<\/a> und ein <a href=\"https:\/\/shami-shop.com\/product\/yubisuri\/\">Yubisuri<\/a>. W\u00e4hlen Sie Koma und Bachi je nach dem Stil, den Sie spielen m\u00f6chten und Ihren pers\u00f6nlichen Vorlieben. Yubisuri gibt es in verschiedenen Gr\u00f6\u00dfen und Farben. Der Qual der Wahl wollte ich Sie hier nicht berauben. Je nach Ihren Bed\u00fcrfnissen k\u00f6nnte f\u00fcr Sie auch ein <a href=\"https:\/\/shami-shop.com\/product\/fujaku-strip-shamisen-position-marker\/\">Fujaku Strip<\/a> zum Markieren der Positionen am Hals interessant sein. Alternativ kann man auch einzelne Positionen markieren oder ganz auf Markierungen verzichten.<\/p>\n<p>Wenn Sie Hilfe bei der Auwahl der richtigen Komponenten ben\u00f6tigen, schicken Sie gerne eine Nachricht und wir stellen gemeinsam das perfekte Paket f\u00fcr Sie zusammen.<\/p>\n","protected":false},"excerpt":{"rendered":"<ul>\n<li>Chuuzao Shamisen\n<ul>\n<li>Sao Breite: 29 mm<\/li>\n<li>Sao H\u00f6he: 29 mm<\/li>\n<li>Griffbrett Breite: 27 mm<\/li>\n<\/ul>\n<\/li>\n<li>aus besonderem Tochi Karin-Holz<\/li>\n<li>frisch bezogen mit synthetischen wei\u00dfen Hibiki-H\u00e4uten<\/li>\n<\/ul>\n<p>au\u00dferdem im Set enthalten:<\/p>\n<ul>\n<li>Neo<\/li>\n<li>Doukake<\/li>\n<li>Saiten<\/li>\n<li>Dougomu<\/li>\n<\/ul>\n","protected":false},"featured_media":0,"template":"","meta":{"_et_pb_use_builder":"","_et_pb_old_content":"","_et_gb_content_width":""},"product_brand":[],"product_cat":[339,387,390],"product_tag":[],"class_list":{"0":"post-22169","1":"product","2":"type-product","3":"status-publish","5":"product_cat-shamisen-de","6":"product_cat-chuuzao-de","7":"product_cat-jiuta-sh-de","8":"product_shipping_class-5kg500-de","10":"first","11":"outofstock","12":"shipping-taxable","13":"purchasable","14":"product-type-simple"},"yoast_head":"<!-- This site is optimized with the Yoast SEO plugin v26.9 - https:\/\/yoast.com\/product\/yoast-seo-wordpress\/ -->\n<title>Chuuzao Shamisen Set &quot;Kunio&quot; - Shami-Shop<\/title>\n<meta name=\"description\" content=\"Kaufen Sie eine wundersch\u00f6n restaurierte Chuuzao\/Jiuta Shamisen aus Karin-Holz mit synthetischen H\u00e4uten. Versand direkt aus Berlin.\" \/>\n<meta name=\"robots\" content=\"index, follow, max-snippet:-1, max-image-preview:large, max-video-preview:-1\" \/>\n<link rel=\"canonical\" href=\"https:\/\/www.shami-shop.com\/de\/produkt\/chuuzao-shamisen-set-kunio\/\" \/>\n<meta property=\"og:locale\" content=\"de_DE\" \/>\n<meta property=\"og:type\" content=\"article\" \/>\n<meta property=\"og:title\" content=\"Chuuzao Shamisen Set &quot;Kunio&quot; - Shami-Shop\" \/>\n<meta property=\"og:description\" content=\"Kaufen Sie eine wundersch\u00f6n restaurierte Chuuzao\/Jiuta Shamisen aus Karin-Holz mit synthetischen H\u00e4uten. Versand direkt aus Berlin.\" \/>\n<meta property=\"og:url\" content=\"https:\/\/www.shami-shop.com\/de\/produkt\/chuuzao-shamisen-set-kunio\/\" \/>\n<meta property=\"og:site_name\" content=\"Shami-Shop\" \/>\n<meta property=\"article:publisher\" content=\"https:\/\/www.facebook.com\/weloveshamisen\/\" \/>\n<meta property=\"article:modified_time\" content=\"2025-05-29T09:39:09+00:00\" \/>\n<meta property=\"og:image\" content=\"https:\/\/www.shami-shop.com\/wp-content\/uploads\/2023\/06\/CH-04-dou-45.jpg\" \/>\n\t<meta property=\"og:image:width\" content=\"1024\" \/>\n\t<meta property=\"og:image:height\" content=\"770\" \/>\n\t<meta property=\"og:image:type\" content=\"image\/jpeg\" \/>\n<meta name=\"twitter:card\" content=\"summary_large_image\" \/>\n<meta name=\"twitter:label1\" content=\"Gesch\u00e4tzte Lesezeit\" \/>\n\t<meta name=\"twitter:data1\" content=\"3\u00a0Minuten\" \/>\n<script type=\"application\/ld+json\" class=\"yoast-schema-graph\">{\"@context\":\"https:\/\/schema.org\",\"@graph\":[{\"@type\":[\"WebPage\",\"ItemPage\"],\"@id\":\"https:\/\/www.shami-shop.com\/de\/produkt\/chuuzao-shamisen-set-kunio\/\",\"url\":\"https:\/\/www.shami-shop.com\/de\/produkt\/chuuzao-shamisen-set-kunio\/\",\"name\":\"Chuuzao Shamisen Set \\\"Kunio\\\" - Shami-Shop\",\"isPartOf\":{\"@id\":\"https:\/\/www.shami-shop.com\/de\/#website\"},\"datePublished\":\"2024-01-20T19:17:23+00:00\",\"dateModified\":\"2025-05-29T09:39:09+00:00\",\"description\":\"Kaufen Sie eine wundersch\u00f6n restaurierte Chuuzao\/Jiuta Shamisen aus Karin-Holz mit synthetischen H\u00e4uten. Versand direkt aus Berlin.\",\"breadcrumb\":{\"@id\":\"https:\/\/www.shami-shop.com\/de\/produkt\/chuuzao-shamisen-set-kunio\/#breadcrumb\"},\"inLanguage\":\"de\",\"potentialAction\":[{\"@type\":\"ReadAction\",\"target\":[\"https:\/\/www.shami-shop.com\/de\/produkt\/chuuzao-shamisen-set-kunio\/\"]}]},{\"@type\":\"BreadcrumbList\",\"@id\":\"https:\/\/www.shami-shop.com\/de\/produkt\/chuuzao-shamisen-set-kunio\/#breadcrumb\",\"itemListElement\":[{\"@type\":\"ListItem\",\"position\":1,\"name\":\"Startseite\",\"item\":\"https:\/\/www.shami-shop.com\/de\/\"},{\"@type\":\"ListItem\",\"position\":2,\"name\":\"Shop\",\"item\":\"https:\/\/www.shami-shop.com\/de\/shop\/\"},{\"@type\":\"ListItem\",\"position\":3,\"name\":\"Chuuzao Shamisen Set &#8222;Kunio&#8220;\"}]},{\"@type\":\"WebSite\",\"@id\":\"https:\/\/www.shami-shop.com\/de\/#website\",\"url\":\"https:\/\/www.shami-shop.com\/de\/\",\"name\":\"Shami-Shop\",\"description\":\"Alles f\u00fcr den Shamisen-Spieler.\",\"publisher\":{\"@id\":\"https:\/\/www.shami-shop.com\/de\/#organization\"},\"potentialAction\":[{\"@type\":\"SearchAction\",\"target\":{\"@type\":\"EntryPoint\",\"urlTemplate\":\"https:\/\/www.shami-shop.com\/de\/?s={search_term_string}\"},\"query-input\":{\"@type\":\"PropertyValueSpecification\",\"valueRequired\":true,\"valueName\":\"search_term_string\"}}],\"inLanguage\":\"de\"},{\"@type\":\"Organization\",\"@id\":\"https:\/\/www.shami-shop.com\/de\/#organization\",\"name\":\"Shami-Shop\",\"url\":\"https:\/\/www.shami-shop.com\/de\/\",\"logo\":{\"@type\":\"ImageObject\",\"inLanguage\":\"de\",\"@id\":\"https:\/\/www.shami-shop.com\/de\/#\/schema\/logo\/image\/\",\"url\":\"https:\/\/shami-shop.com\/wp-content\/uploads\/2021\/01\/Shami-Shop-Logo-1080.png\",\"contentUrl\":\"https:\/\/shami-shop.com\/wp-content\/uploads\/2021\/01\/Shami-Shop-Logo-1080.png\",\"width\":1080,\"height\":1080,\"caption\":\"Shami-Shop\"},\"image\":{\"@id\":\"https:\/\/www.shami-shop.com\/de\/#\/schema\/logo\/image\/\"},\"sameAs\":[\"https:\/\/www.facebook.com\/weloveshamisen\/\",\"https:\/\/www.instagram.com\/shamishop.europe\/\"]}]}<\/script>\n<!-- \/ Yoast SEO plugin. -->","yoast_head_json":{"title":"Chuuzao Shamisen Set \"Kunio\" - Shami-Shop","description":"Kaufen Sie eine wundersch\u00f6n restaurierte Chuuzao\/Jiuta Shamisen aus Karin-Holz mit synthetischen H\u00e4uten. Versand direkt aus Berlin.","robots":{"index":"index","follow":"follow","max-snippet":"max-snippet:-1","max-image-preview":"max-image-preview:large","max-video-preview":"max-video-preview:-1"},"canonical":"https:\/\/www.shami-shop.com\/de\/produkt\/chuuzao-shamisen-set-kunio\/","og_locale":"de_DE","og_type":"article","og_title":"Chuuzao Shamisen Set \"Kunio\" - Shami-Shop","og_description":"Kaufen Sie eine wundersch\u00f6n restaurierte Chuuzao\/Jiuta Shamisen aus Karin-Holz mit synthetischen H\u00e4uten. Versand direkt aus Berlin.","og_url":"https:\/\/www.shami-shop.com\/de\/produkt\/chuuzao-shamisen-set-kunio\/","og_site_name":"Shami-Shop","article_publisher":"https:\/\/www.facebook.com\/weloveshamisen\/","article_modified_time":"2025-05-29T09:39:09+00:00","og_image":[{"width":1024,"height":770,"url":"https:\/\/www.shami-shop.com\/wp-content\/uploads\/2023\/06\/CH-04-dou-45.jpg","type":"image\/jpeg"}],"twitter_card":"summary_large_image","twitter_misc":{"Gesch\u00e4tzte Lesezeit":"3\u00a0Minuten"},"schema":{"@context":"https:\/\/schema.org","@graph":[{"@type":["WebPage","ItemPage"],"@id":"https:\/\/www.shami-shop.com\/de\/produkt\/chuuzao-shamisen-set-kunio\/","url":"https:\/\/www.shami-shop.com\/de\/produkt\/chuuzao-shamisen-set-kunio\/","name":"Chuuzao Shamisen Set \"Kunio\" - Shami-Shop","isPartOf":{"@id":"https:\/\/www.shami-shop.com\/de\/#website"},"datePublished":"2024-01-20T19:17:23+00:00","dateModified":"2025-05-29T09:39:09+00:00","description":"Kaufen Sie eine wundersch\u00f6n restaurierte Chuuzao\/Jiuta Shamisen aus Karin-Holz mit synthetischen H\u00e4uten. Versand direkt aus Berlin.","breadcrumb":{"@id":"https:\/\/www.shami-shop.com\/de\/produkt\/chuuzao-shamisen-set-kunio\/#breadcrumb"},"inLanguage":"de","potentialAction":[{"@type":"ReadAction","target":["https:\/\/www.shami-shop.com\/de\/produkt\/chuuzao-shamisen-set-kunio\/"]}]},{"@type":"BreadcrumbList","@id":"https:\/\/www.shami-shop.com\/de\/produkt\/chuuzao-shamisen-set-kunio\/#breadcrumb","itemListElement":[{"@type":"ListItem","position":1,"name":"Startseite","item":"https:\/\/www.shami-shop.com\/de\/"},{"@type":"ListItem","position":2,"name":"Shop","item":"https:\/\/www.shami-shop.com\/de\/shop\/"},{"@type":"ListItem","position":3,"name":"Chuuzao Shamisen Set &#8222;Kunio&#8220;"}]},{"@type":"WebSite","@id":"https:\/\/www.shami-shop.com\/de\/#website","url":"https:\/\/www.shami-shop.com\/de\/","name":"Shami-Shop","description":"Alles f\u00fcr den Shamisen-Spieler.","publisher":{"@id":"https:\/\/www.shami-shop.com\/de\/#organization"},"potentialAction":[{"@type":"SearchAction","target":{"@type":"EntryPoint","urlTemplate":"https:\/\/www.shami-shop.com\/de\/?s={search_term_string}"},"query-input":{"@type":"PropertyValueSpecification","valueRequired":true,"valueName":"search_term_string"}}],"inLanguage":"de"},{"@type":"Organization","@id":"https:\/\/www.shami-shop.com\/de\/#organization","name":"Shami-Shop","url":"https:\/\/www.shami-shop.com\/de\/","logo":{"@type":"ImageObject","inLanguage":"de","@id":"https:\/\/www.shami-shop.com\/de\/#\/schema\/logo\/image\/","url":"https:\/\/shami-shop.com\/wp-content\/uploads\/2021\/01\/Shami-Shop-Logo-1080.png","contentUrl":"https:\/\/shami-shop.com\/wp-content\/uploads\/2021\/01\/Shami-Shop-Logo-1080.png","width":1080,"height":1080,"caption":"Shami-Shop"},"image":{"@id":"https:\/\/www.shami-shop.com\/de\/#\/schema\/logo\/image\/"},"sameAs":["https:\/\/www.facebook.com\/weloveshamisen\/","https:\/\/www.instagram.com\/shamishop.europe\/"]}]}},"jetpack_sharing_enabled":true,"_links":{"self":[{"href":"https:\/\/www.shami-shop.com\/de\/wp-json\/wp\/v2\/product\/22169","targetHints":{"allow":["GET"]}}],"collection":[{"href":"https:\/\/www.shami-shop.com\/de\/wp-json\/wp\/v2\/product"}],"about":[{"href":"https:\/\/www.shami-shop.com\/de\/wp-json\/wp\/v2\/types\/product"}],"wp:attachment":[{"href":"https:\/\/www.shami-shop.com\/de\/wp-json\/wp\/v2\/media?parent=22169"}],"wp:term":[{"taxonomy":"product_brand","embeddable":true,"href":"https:\/\/www.shami-shop.com\/de\/wp-json\/wp\/v2\/product_brand?post=22169"},{"taxonomy":"product_cat","embeddable":true,"href":"https:\/\/www.shami-shop.com\/de\/wp-json\/wp\/v2\/product_cat?post=22169"},{"taxonomy":"product_tag","embeddable":true,"href":"https:\/\/www.shami-shop.com\/de\/wp-json\/wp\/v2\/product_tag?post=22169"}],"curies":[{"name":"wp","href":"https:\/\/api.w.org\/{rel}","templated":true}]}}