{"id":22171,"date":"2025-10-31T10:26:55","date_gmt":"2025-10-31T09:26:55","guid":{"rendered":"https:\/\/www.shami-shop.com\/product\/chuuzao-shamisen-set-mineko\/"},"modified":"2026-01-25T16:19:32","modified_gmt":"2026-01-25T15:19:32","slug":"chuuzao-shamisen-set-mineko","status":"publish","type":"product","link":"https:\/\/www.shami-shop.com\/de\/produkt\/chuuzao-shamisen-set-mineko\/","title":{"rendered":"Chuuzao Shamisen Set &#8222;Noa&#8220;"},"content":{"rendered":"<p>ch habe dieses Shamisen \u201eNoa\u201c (<strong data-start=\"97\" data-end=\"111\">\u4e43\u611b<\/strong>) genannt, weil es wie ein sanfter Begleiter voller W\u00e4rme und Zuneigung wirkt. Der Name bedeutet \u201eLiebe\u201c oder \u201eZuneigung\u201c \u2013 genau das soll dieses Shamisen f\u00fcr dich sein: ein liebevoller, verl\u00e4sslicher Freund, der dich jedes Mal beim Spielen mit Freude und Kreativit\u00e4t erf\u00fcllt.<\/p>\n<p>Die Bauweise dieser Shamisen ist Chuuzao, typischerweise benutzt f\u00fcr Jiuta Stil, aber tats\u00e4chlich unheimlich vielseitig. Noa hat einen ziemlich breiten Hals, was das Spielen besonders bequem macht.<\/p>\n<h5><strong>Holz:<\/strong><\/h5>\n<p>Das Instrument ist aus Karin-Holz gemacht &#8211; die Standard-Wahl f\u00fcr Sch\u00fcler- und Anf\u00e4ngerinstrumente.<\/p>\n<h5><strong>Accessoires und H\u00e4ute:<\/strong><\/h5>\n<p>Das Instrument ist ausgestattet mit einem traditionellen orangenen Doukake (Korpusschutz) mit Kimono-\u00e4hnlichen graphischen Mustern und Blumen. Der Neo (Saitenhalter) ist in einem kontrastierenden blau gehalten. Im Set enthalten ist au\u00dferdem ein Satz frischer Saiten, ein Tenjin-K\u00e4ppchen und ein Dougomu (Anti-Rutsch-Matte).<\/p>\n<p>Der Korpus ist frisch bezogen mit <em>Hibiki<\/em> \u2013 synthetische H\u00e4ute der neuesten Generation mit einem warmen Klang, der dem Klang von Naturh\u00e4ten n\u00e4her kommt als je zuvor. Diese Haut ist extrem langlebig und widerstandsf\u00e4hig. Im Vergleich zu nat\u00fcrlicher Haut muss man sich bei synthetischer Haut nicht um Klimaschwankungen oder einen pl\u00f6tzlichen Regenschauer sorgen, wenn man einmal drau\u00dfen spielt. Allerdings sei geraten, grunds\u00e4tzlich trotzdem die Shamisen trocken zu halten, um das Holz zu sch\u00fctzen. Dementsprechend ben\u00f6tigt man f\u00fcr dieses Instrument keine <a href=\"https:\/\/shami-shop.com\/product\/washi-bag\/\">Washi-H\u00fclle<\/a>, um die Haut der Shamisen zu sch\u00fctzen.<\/p>\n<h5><\/h5>\n<h5><strong>Hals:<\/strong><\/h5>\n<p>Der Hals ist 28,75 mm breit und 27,75 mm hoch\/dick am oberen Ende und verbreitert sich leicht in Richtung Korpus. Das Griffbrett ist am schmalen Ende 27 mm breit. Das Griffbrett endet in einer steilen Kante, was den Bereich der Spielbaren Positionen auf der Shamisen erweitert. Mit dieser Art von Griffbrett kann man bis \u00fcber Position 20 hinaus spielen.<\/p>\n<p>&nbsp;<\/p>\n<h5><strong>Itomaki:<\/strong><\/h5>\n<p>Die <em>Itomaki<\/em> (Wirbel) sind aus Ebenholz gearbeitet und in einer traditionellen Art geschnitzt, sodass sie sich trotz ihrer schmalen Form leicht greifen lassen.<\/p>\n<p>&nbsp;<\/p>\n<h5><strong>Weiteres:<\/strong><\/h5>\n<p>Die <em>Tsukigata<\/em> (das geschwungene Ende des <em>Tenjin<\/em>) ist in perfektem Zustand und das Holz dieser Shamisen hat einen sch\u00f6nen r\u00f6tlichen Farbton. Der Hals ist im <em>Mitsuori<\/em> Stil gerabeitet: Er kann in drei Teile zerlegt werden. Die Verbindungen sind bei diesem Instrument in einfacher Ausfertigung gearbeitet gearbeitet. Reisen ist mit diesem Instrument deshalb auch bei leichtem Gep\u00e4ck besonders einfach und komfortabel. Die Verbindungen sind besonders aufwendig gefertigt und damit besonders langlebig. So bleibt der Sitz der Halsst\u00fccke auch nach vielen Jahren flei\u00dfigen Auseinander- und Zusammenbauens fest und wunderbar.<\/p>\n<p>Wenn Sie noch Fragen haben, schicken Sie gerne eine Nachricht per E-Mail!<\/p>\n<p>&nbsp;<\/p>\n<p>Alles, was Sie zum losspielen noch ben\u00f6tigen, sind ein <a href=\"https:\/\/shami-shop.com\/product-categorie\/koma\/\">Koma<\/a>, ein <a href=\"https:\/\/shami-shop.com\/product-categorie\/bachi\/\">Bachi<\/a> und ein <a href=\"https:\/\/shami-shop.com\/product\/yubisuri\/\">Yubisuri<\/a>. W\u00e4hlen Sie Koma und Bachi je nach dem Stil, den Sie spielen m\u00f6chten und Ihren pers\u00f6nlichen Vorlieben. Yubisuri gibt es in verschiedenen Gr\u00f6\u00dfen und Farben. Der Qual der Wahl wollte ich Sie hier nicht berauben. Je nach Ihren Bed\u00fcrfnissen k\u00f6nnte f\u00fcr Sie auch ein <a href=\"https:\/\/shami-shop.com\/product\/fujaku-strip-shamisen-position-marker\/\">Fujaku Strip<\/a> zum Markieren der Positionen am Hals interessant sein. Alternativ kann man auch einzelne Positionen markieren oder ganz auf Markierungen verzichten.<\/p>\n<p>Wenn Sie Hilfe bei der Auwahl der richtigen Komponenten ben\u00f6tigen, schicken Sie gerne eine Nachricht und wir stellen gemeinsam das perfekte Paket f\u00fcr Sie zusammen.<\/p>\n","protected":false},"excerpt":{"rendered":"<ul>\n<li>Chuuzao Shamisen\n<ul>\n<li>Sao Breite: 28,75 mm<\/li>\n<li>Sao H\u00f6he: 27,75 mm<\/li>\n<li>Griffbrett Breite: 27 mm<\/li>\n<\/ul>\n<\/li>\n<li>Stil: Jiuta<\/li>\n<li>Karin-Holz<\/li>\n<li>frisch bezogen mit synthetischen wei\u00dfen Hibiki-H\u00e4uten<\/li>\n<\/ul>\n<p>au\u00dferdem im Set enthalten:<\/p>\n<ul>\n<li>Neo<\/li>\n<li>Doukake<\/li>\n<li>Saiten<\/li>\n<li>Dougomu<\/li>\n<li>Tenjin-Schutz<\/li>\n<\/ul>\n","protected":false},"featured_media":3773,"template":"","meta":{"_et_pb_use_builder":"","_et_pb_old_content":"","_et_gb_content_width":""},"product_brand":[],"product_cat":[339,387,390,411],"product_tag":[],"class_list":{"0":"post-22171","1":"product","2":"type-product","3":"status-publish","4":"has-post-thumbnail","6":"product_cat-shamisen-de","7":"product_cat-chuuzao-de","8":"product_cat-jiuta-sh-de","9":"product_cat-jiuta-stil","10":"product_shipping_class-5kg-de","12":"first","13":"outofstock","14":"shipping-taxable","15":"purchasable","16":"product-type-simple"},"yoast_head":"<!-- This site is optimized with the Yoast SEO plugin v26.9 - https:\/\/yoast.com\/product\/yoast-seo-wordpress\/ -->\n<title>Chuuzao Shamisen Set &quot;Noa&quot; - Shami-Shop<\/title>\n<meta name=\"description\" content=\"Kaufen Sie eine wundersch\u00f6n restaurierte Chuuzao\/Jiuta Shamisen aus Karin-Holz mit synthetischen H\u00e4uten. Versand direkt aus Berlin.\" \/>\n<meta name=\"robots\" content=\"index, follow, max-snippet:-1, max-image-preview:large, max-video-preview:-1\" \/>\n<link rel=\"canonical\" href=\"https:\/\/www.shami-shop.com\/de\/produkt\/chuuzao-shamisen-set-mineko\/\" \/>\n<meta property=\"og:locale\" content=\"de_DE\" \/>\n<meta property=\"og:type\" content=\"article\" \/>\n<meta property=\"og:title\" content=\"Chuuzao Shamisen Set &quot;Noa&quot; - Shami-Shop\" \/>\n<meta property=\"og:description\" content=\"Kaufen Sie eine wundersch\u00f6n restaurierte Chuuzao\/Jiuta Shamisen aus Karin-Holz mit synthetischen H\u00e4uten. Versand direkt aus Berlin.\" \/>\n<meta property=\"og:url\" content=\"https:\/\/www.shami-shop.com\/de\/produkt\/chuuzao-shamisen-set-mineko\/\" \/>\n<meta property=\"og:site_name\" content=\"Shami-Shop\" \/>\n<meta property=\"article:publisher\" content=\"https:\/\/www.facebook.com\/weloveshamisen\/\" \/>\n<meta property=\"article:modified_time\" content=\"2026-01-25T15:19:32+00:00\" \/>\n<meta property=\"og:image\" content=\"https:\/\/www.shami-shop.com\/wp-content\/uploads\/2024\/04\/CH-19-dou45.png\" \/>\n\t<meta property=\"og:image:width\" content=\"950\" \/>\n\t<meta property=\"og:image:height\" content=\"633\" \/>\n\t<meta property=\"og:image:type\" content=\"image\/png\" \/>\n<meta name=\"twitter:card\" content=\"summary_large_image\" \/>\n<meta name=\"twitter:label1\" content=\"Gesch\u00e4tzte Lesezeit\" \/>\n\t<meta name=\"twitter:data1\" content=\"3\u00a0Minuten\" \/>\n<script type=\"application\/ld+json\" class=\"yoast-schema-graph\">{\"@context\":\"https:\/\/schema.org\",\"@graph\":[{\"@type\":[\"WebPage\",\"ItemPage\"],\"@id\":\"https:\/\/www.shami-shop.com\/de\/produkt\/chuuzao-shamisen-set-mineko\/\",\"url\":\"https:\/\/www.shami-shop.com\/de\/produkt\/chuuzao-shamisen-set-mineko\/\",\"name\":\"Chuuzao Shamisen Set \\\"Noa\\\" - Shami-Shop\",\"isPartOf\":{\"@id\":\"https:\/\/www.shami-shop.com\/de\/#website\"},\"primaryImageOfPage\":{\"@id\":\"https:\/\/www.shami-shop.com\/de\/produkt\/chuuzao-shamisen-set-mineko\/#primaryimage\"},\"image\":{\"@id\":\"https:\/\/www.shami-shop.com\/de\/produkt\/chuuzao-shamisen-set-mineko\/#primaryimage\"},\"thumbnailUrl\":\"https:\/\/www.shami-shop.com\/wp-content\/uploads\/2021\/04\/046-dou45.png\",\"datePublished\":\"2025-10-31T09:26:55+00:00\",\"dateModified\":\"2026-01-25T15:19:32+00:00\",\"description\":\"Kaufen Sie eine wundersch\u00f6n restaurierte Chuuzao\/Jiuta Shamisen aus Karin-Holz mit synthetischen H\u00e4uten. Versand direkt aus Berlin.\",\"breadcrumb\":{\"@id\":\"https:\/\/www.shami-shop.com\/de\/produkt\/chuuzao-shamisen-set-mineko\/#breadcrumb\"},\"inLanguage\":\"de\",\"potentialAction\":[{\"@type\":\"ReadAction\",\"target\":[\"https:\/\/www.shami-shop.com\/de\/produkt\/chuuzao-shamisen-set-mineko\/\"]}]},{\"@type\":\"ImageObject\",\"inLanguage\":\"de\",\"@id\":\"https:\/\/www.shami-shop.com\/de\/produkt\/chuuzao-shamisen-set-mineko\/#primaryimage\",\"url\":\"https:\/\/www.shami-shop.com\/wp-content\/uploads\/2021\/04\/046-dou45.png\",\"contentUrl\":\"https:\/\/www.shami-shop.com\/wp-content\/uploads\/2021\/04\/046-dou45.png\",\"width\":1080,\"height\":720},{\"@type\":\"BreadcrumbList\",\"@id\":\"https:\/\/www.shami-shop.com\/de\/produkt\/chuuzao-shamisen-set-mineko\/#breadcrumb\",\"itemListElement\":[{\"@type\":\"ListItem\",\"position\":1,\"name\":\"Startseite\",\"item\":\"https:\/\/www.shami-shop.com\/de\/\"},{\"@type\":\"ListItem\",\"position\":2,\"name\":\"Shop\",\"item\":\"https:\/\/www.shami-shop.com\/de\/shop\/\"},{\"@type\":\"ListItem\",\"position\":3,\"name\":\"Chuuzao Shamisen Set &#8222;Noa&#8220;\"}]},{\"@type\":\"WebSite\",\"@id\":\"https:\/\/www.shami-shop.com\/de\/#website\",\"url\":\"https:\/\/www.shami-shop.com\/de\/\",\"name\":\"Shami-Shop\",\"description\":\"Alles f\u00fcr den Shamisen-Spieler.\",\"publisher\":{\"@id\":\"https:\/\/www.shami-shop.com\/de\/#organization\"},\"potentialAction\":[{\"@type\":\"SearchAction\",\"target\":{\"@type\":\"EntryPoint\",\"urlTemplate\":\"https:\/\/www.shami-shop.com\/de\/?s={search_term_string}\"},\"query-input\":{\"@type\":\"PropertyValueSpecification\",\"valueRequired\":true,\"valueName\":\"search_term_string\"}}],\"inLanguage\":\"de\"},{\"@type\":\"Organization\",\"@id\":\"https:\/\/www.shami-shop.com\/de\/#organization\",\"name\":\"Shami-Shop\",\"url\":\"https:\/\/www.shami-shop.com\/de\/\",\"logo\":{\"@type\":\"ImageObject\",\"inLanguage\":\"de\",\"@id\":\"https:\/\/www.shami-shop.com\/de\/#\/schema\/logo\/image\/\",\"url\":\"https:\/\/shami-shop.com\/wp-content\/uploads\/2021\/01\/Shami-Shop-Logo-1080.png\",\"contentUrl\":\"https:\/\/shami-shop.com\/wp-content\/uploads\/2021\/01\/Shami-Shop-Logo-1080.png\",\"width\":1080,\"height\":1080,\"caption\":\"Shami-Shop\"},\"image\":{\"@id\":\"https:\/\/www.shami-shop.com\/de\/#\/schema\/logo\/image\/\"},\"sameAs\":[\"https:\/\/www.facebook.com\/weloveshamisen\/\",\"https:\/\/www.instagram.com\/shamishop.europe\/\"]}]}<\/script>\n<!-- \/ Yoast SEO plugin. -->","yoast_head_json":{"title":"Chuuzao Shamisen Set \"Noa\" - Shami-Shop","description":"Kaufen Sie eine wundersch\u00f6n restaurierte Chuuzao\/Jiuta Shamisen aus Karin-Holz mit synthetischen H\u00e4uten. Versand direkt aus Berlin.","robots":{"index":"index","follow":"follow","max-snippet":"max-snippet:-1","max-image-preview":"max-image-preview:large","max-video-preview":"max-video-preview:-1"},"canonical":"https:\/\/www.shami-shop.com\/de\/produkt\/chuuzao-shamisen-set-mineko\/","og_locale":"de_DE","og_type":"article","og_title":"Chuuzao Shamisen Set \"Noa\" - Shami-Shop","og_description":"Kaufen Sie eine wundersch\u00f6n restaurierte Chuuzao\/Jiuta Shamisen aus Karin-Holz mit synthetischen H\u00e4uten. Versand direkt aus Berlin.","og_url":"https:\/\/www.shami-shop.com\/de\/produkt\/chuuzao-shamisen-set-mineko\/","og_site_name":"Shami-Shop","article_publisher":"https:\/\/www.facebook.com\/weloveshamisen\/","article_modified_time":"2026-01-25T15:19:32+00:00","og_image":[{"width":950,"height":633,"url":"https:\/\/www.shami-shop.com\/wp-content\/uploads\/2024\/04\/CH-19-dou45.png","type":"image\/png"}],"twitter_card":"summary_large_image","twitter_misc":{"Gesch\u00e4tzte Lesezeit":"3\u00a0Minuten"},"schema":{"@context":"https:\/\/schema.org","@graph":[{"@type":["WebPage","ItemPage"],"@id":"https:\/\/www.shami-shop.com\/de\/produkt\/chuuzao-shamisen-set-mineko\/","url":"https:\/\/www.shami-shop.com\/de\/produkt\/chuuzao-shamisen-set-mineko\/","name":"Chuuzao Shamisen Set \"Noa\" - Shami-Shop","isPartOf":{"@id":"https:\/\/www.shami-shop.com\/de\/#website"},"primaryImageOfPage":{"@id":"https:\/\/www.shami-shop.com\/de\/produkt\/chuuzao-shamisen-set-mineko\/#primaryimage"},"image":{"@id":"https:\/\/www.shami-shop.com\/de\/produkt\/chuuzao-shamisen-set-mineko\/#primaryimage"},"thumbnailUrl":"https:\/\/www.shami-shop.com\/wp-content\/uploads\/2021\/04\/046-dou45.png","datePublished":"2025-10-31T09:26:55+00:00","dateModified":"2026-01-25T15:19:32+00:00","description":"Kaufen Sie eine wundersch\u00f6n restaurierte Chuuzao\/Jiuta Shamisen aus Karin-Holz mit synthetischen H\u00e4uten. Versand direkt aus Berlin.","breadcrumb":{"@id":"https:\/\/www.shami-shop.com\/de\/produkt\/chuuzao-shamisen-set-mineko\/#breadcrumb"},"inLanguage":"de","potentialAction":[{"@type":"ReadAction","target":["https:\/\/www.shami-shop.com\/de\/produkt\/chuuzao-shamisen-set-mineko\/"]}]},{"@type":"ImageObject","inLanguage":"de","@id":"https:\/\/www.shami-shop.com\/de\/produkt\/chuuzao-shamisen-set-mineko\/#primaryimage","url":"https:\/\/www.shami-shop.com\/wp-content\/uploads\/2021\/04\/046-dou45.png","contentUrl":"https:\/\/www.shami-shop.com\/wp-content\/uploads\/2021\/04\/046-dou45.png","width":1080,"height":720},{"@type":"BreadcrumbList","@id":"https:\/\/www.shami-shop.com\/de\/produkt\/chuuzao-shamisen-set-mineko\/#breadcrumb","itemListElement":[{"@type":"ListItem","position":1,"name":"Startseite","item":"https:\/\/www.shami-shop.com\/de\/"},{"@type":"ListItem","position":2,"name":"Shop","item":"https:\/\/www.shami-shop.com\/de\/shop\/"},{"@type":"ListItem","position":3,"name":"Chuuzao Shamisen Set &#8222;Noa&#8220;"}]},{"@type":"WebSite","@id":"https:\/\/www.shami-shop.com\/de\/#website","url":"https:\/\/www.shami-shop.com\/de\/","name":"Shami-Shop","description":"Alles f\u00fcr den Shamisen-Spieler.","publisher":{"@id":"https:\/\/www.shami-shop.com\/de\/#organization"},"potentialAction":[{"@type":"SearchAction","target":{"@type":"EntryPoint","urlTemplate":"https:\/\/www.shami-shop.com\/de\/?s={search_term_string}"},"query-input":{"@type":"PropertyValueSpecification","valueRequired":true,"valueName":"search_term_string"}}],"inLanguage":"de"},{"@type":"Organization","@id":"https:\/\/www.shami-shop.com\/de\/#organization","name":"Shami-Shop","url":"https:\/\/www.shami-shop.com\/de\/","logo":{"@type":"ImageObject","inLanguage":"de","@id":"https:\/\/www.shami-shop.com\/de\/#\/schema\/logo\/image\/","url":"https:\/\/shami-shop.com\/wp-content\/uploads\/2021\/01\/Shami-Shop-Logo-1080.png","contentUrl":"https:\/\/shami-shop.com\/wp-content\/uploads\/2021\/01\/Shami-Shop-Logo-1080.png","width":1080,"height":1080,"caption":"Shami-Shop"},"image":{"@id":"https:\/\/www.shami-shop.com\/de\/#\/schema\/logo\/image\/"},"sameAs":["https:\/\/www.facebook.com\/weloveshamisen\/","https:\/\/www.instagram.com\/shamishop.europe\/"]}]}},"jetpack_sharing_enabled":true,"_links":{"self":[{"href":"https:\/\/www.shami-shop.com\/de\/wp-json\/wp\/v2\/product\/22171","targetHints":{"allow":["GET"]}}],"collection":[{"href":"https:\/\/www.shami-shop.com\/de\/wp-json\/wp\/v2\/product"}],"about":[{"href":"https:\/\/www.shami-shop.com\/de\/wp-json\/wp\/v2\/types\/product"}],"wp:featuredmedia":[{"embeddable":true,"href":"https:\/\/www.shami-shop.com\/de\/wp-json\/wp\/v2\/media\/3773"}],"wp:attachment":[{"href":"https:\/\/www.shami-shop.com\/de\/wp-json\/wp\/v2\/media?parent=22171"}],"wp:term":[{"taxonomy":"product_brand","embeddable":true,"href":"https:\/\/www.shami-shop.com\/de\/wp-json\/wp\/v2\/product_brand?post=22171"},{"taxonomy":"product_cat","embeddable":true,"href":"https:\/\/www.shami-shop.com\/de\/wp-json\/wp\/v2\/product_cat?post=22171"},{"taxonomy":"product_tag","embeddable":true,"href":"https:\/\/www.shami-shop.com\/de\/wp-json\/wp\/v2\/product_tag?post=22171"}],"curies":[{"name":"wp","href":"https:\/\/api.w.org\/{rel}","templated":true}]}}