{"id":22180,"date":"2024-06-21T17:40:29","date_gmt":"2024-01-24T16:41:37","guid":{"rendered":"https:\/\/www.shami-shop.com\/product\/tsugaru-koffer-schwarz-mit-blau\/"},"modified":"2024-08-19T06:51:56","modified_gmt":"2024-08-19T05:51:56","slug":"tsugaru-koffer-schwarz-mit-blau","status":"publish","type":"product","link":"https:\/\/www.shami-shop.com\/de\/produkt\/tsugaru-koffer-schwarz-mit-blau\/","title":{"rendered":"Tsugaru Koffer | Schwarz mit Blau"},"content":{"rendered":"<p data-pm-slice=\"1 1 []\">Dieser gebrauchte Shamisen-Koffer ist in der klassischen rechteckigen Form. Die Gr\u00f6\u00dfe ist gedacht f\u00fcr Futozao \/ Tsugaru Shamisen, aber nat\u00fcrlich passen auch kleinere Modelle in den Koffer. Das Innenfutter zeigt m\u00e4\u00dfige Gebrauchsspuren (siehe Fotos). Ein abnehmbarer Regenschutz ist auch mit dabei. Die Regenh\u00fclle ist ganz leicht und schnell anzubringen mit einem zwei-Wege-Rei\u00dfverschluss. Die Regenh\u00fclle hat einen Kratzer, was aber bei normalem Regen in Ordnung sein sollte.<\/p>\n<p data-pm-slice=\"1 1 []\">Ihr Instrument f\u00fcr den Transport nicht auseinanderbauen zu m\u00fcssen macht einen gewaltigen Unterschied, denn die Shamisen ist sofort einsatz- und spielbereit! Das Instrument komplett zusammengebaut zu lassen bedeutet auch, dass die Stimmung stabil bleibt und man viel weniger Zeit aufs Stimmen und Nachstimmen verwenden muss. Die harte Au\u00dfenschale des Koffers sch\u00fctzt Ihr Instrument vor Leuten, Ecken und T\u00fcrrahmen, die Ihnen in den Weg kommen.<\/p>\n<p>Das ruhige blaue Innenfutter und das klassisch schwarze Au\u00dfenmaterial bilden eine sehr sch\u00f6ne Combo.<\/p>\n","protected":false},"excerpt":{"rendered":"<p data-pm-slice=\"1 1 []\">Gebrauchter Koffer f\u00fcr Futozao \/ Tsugaru Shamisen.<\/p>\n<p>Au\u00dfen schwarz, innen blauer Filz. Inklusive abnehmbarer Regenh\u00fclle.<\/p>\n<div class=\"page\" title=\"Seite 1\">\n<div class=\"layoutArea\">\n<div class=\"column\">\n<p><strong>Produktabmessungen (au\u00dfen):<\/strong><\/p>\n<ul>\n<li>L\u00e4nge: 105,5 cm<\/li>\n<li>Breite: 28,5 cm<\/li>\n<li>H\u00f6he: 14,5 cm<\/li>\n<\/ul>\n<p><strong>Produktabmessungen (innen):<\/strong><\/p>\n<ul>\n<li>L\u00e4nge: 103 cm<\/li>\n<li>Breite: 26 cm<\/li>\n<\/ul>\n<p>4 Schnallen, keine Schl\u00fcssel<\/p>\n<\/div>\n<\/div>\n<\/div>\n","protected":false},"featured_media":0,"template":"","meta":{"_et_pb_use_builder":"","_et_pb_old_content":"","_et_gb_content_width":""},"product_brand":[],"product_cat":[138,436,62,63],"product_tag":[],"class_list":{"0":"post-22180","1":"product","2":"type-product","3":"status-publish","5":"product_cat-shamisenkoffer","6":"product_cat-koffer-futozao","7":"product_cat-instrumentenkasten","8":"product_cat-lange-koffer","9":"product_shipping_class-5kg-de","11":"first","12":"outofstock","13":"shipping-taxable","14":"purchasable","15":"product-type-simple"},"yoast_head":"<!-- This site is optimized with the Yoast SEO plugin v26.9 - https:\/\/yoast.com\/product\/yoast-seo-wordpress\/ -->\n<title>Tsugaru Koffer | Schwarz mit Blau - Shami-Shop<\/title>\n<meta name=\"description\" content=\"Gebrauchter Koffer f\u00fcr Tsugaru-Shamisen. So bleibt Ihre Shamisen sicher, egal wohin es geht.\" \/>\n<meta name=\"robots\" content=\"index, follow, max-snippet:-1, max-image-preview:large, max-video-preview:-1\" \/>\n<link rel=\"canonical\" href=\"https:\/\/www.shami-shop.com\/de\/produkt\/tsugaru-koffer-schwarz-mit-blau\/\" \/>\n<meta property=\"og:locale\" content=\"de_DE\" \/>\n<meta property=\"og:type\" content=\"article\" \/>\n<meta property=\"og:title\" content=\"Tsugaru Koffer | Schwarz mit Blau - Shami-Shop\" \/>\n<meta property=\"og:description\" content=\"Gebrauchter Koffer f\u00fcr Tsugaru-Shamisen. So bleibt Ihre Shamisen sicher, egal wohin es geht.\" \/>\n<meta property=\"og:url\" content=\"https:\/\/www.shami-shop.com\/de\/produkt\/tsugaru-koffer-schwarz-mit-blau\/\" \/>\n<meta property=\"og:site_name\" content=\"Shami-Shop\" \/>\n<meta property=\"article:publisher\" content=\"https:\/\/www.facebook.com\/weloveshamisen\/\" \/>\n<meta property=\"article:modified_time\" content=\"2024-08-19T05:51:56+00:00\" \/>\n<meta property=\"og:image\" content=\"https:\/\/www.shami-shop.com\/wp-content\/uploads\/2024\/06\/TSU-30-open-thb.png\" \/>\n\t<meta property=\"og:image:width\" content=\"1000\" \/>\n\t<meta property=\"og:image:height\" content=\"1000\" \/>\n\t<meta property=\"og:image:type\" content=\"image\/png\" \/>\n<meta name=\"twitter:card\" content=\"summary_large_image\" \/>\n<meta name=\"twitter:label1\" content=\"Gesch\u00e4tzte Lesezeit\" \/>\n\t<meta name=\"twitter:data1\" content=\"1\u00a0Minute\" \/>\n<script type=\"application\/ld+json\" class=\"yoast-schema-graph\">{\"@context\":\"https:\/\/schema.org\",\"@graph\":[{\"@type\":[\"WebPage\",\"ItemPage\"],\"@id\":\"https:\/\/www.shami-shop.com\/de\/produkt\/tsugaru-koffer-schwarz-mit-blau\/\",\"url\":\"https:\/\/www.shami-shop.com\/de\/produkt\/tsugaru-koffer-schwarz-mit-blau\/\",\"name\":\"Tsugaru Koffer | Schwarz mit Blau - Shami-Shop\",\"isPartOf\":{\"@id\":\"https:\/\/www.shami-shop.com\/de\/#website\"},\"datePublished\":\"2024-01-24T16:41:37+00:00\",\"dateModified\":\"2024-08-19T05:51:56+00:00\",\"description\":\"Gebrauchter Koffer f\u00fcr Tsugaru-Shamisen. So bleibt Ihre Shamisen sicher, egal wohin es geht.\",\"breadcrumb\":{\"@id\":\"https:\/\/www.shami-shop.com\/de\/produkt\/tsugaru-koffer-schwarz-mit-blau\/#breadcrumb\"},\"inLanguage\":\"de\",\"potentialAction\":[{\"@type\":\"ReadAction\",\"target\":[\"https:\/\/www.shami-shop.com\/de\/produkt\/tsugaru-koffer-schwarz-mit-blau\/\"]}]},{\"@type\":\"BreadcrumbList\",\"@id\":\"https:\/\/www.shami-shop.com\/de\/produkt\/tsugaru-koffer-schwarz-mit-blau\/#breadcrumb\",\"itemListElement\":[{\"@type\":\"ListItem\",\"position\":1,\"name\":\"Startseite\",\"item\":\"https:\/\/www.shami-shop.com\/de\/\"},{\"@type\":\"ListItem\",\"position\":2,\"name\":\"Shop\",\"item\":\"https:\/\/www.shami-shop.com\/de\/shop\/\"},{\"@type\":\"ListItem\",\"position\":3,\"name\":\"Tsugaru Koffer | Schwarz mit Blau\"}]},{\"@type\":\"WebSite\",\"@id\":\"https:\/\/www.shami-shop.com\/de\/#website\",\"url\":\"https:\/\/www.shami-shop.com\/de\/\",\"name\":\"Shami-Shop\",\"description\":\"Alles f\u00fcr den Shamisen-Spieler.\",\"publisher\":{\"@id\":\"https:\/\/www.shami-shop.com\/de\/#organization\"},\"potentialAction\":[{\"@type\":\"SearchAction\",\"target\":{\"@type\":\"EntryPoint\",\"urlTemplate\":\"https:\/\/www.shami-shop.com\/de\/?s={search_term_string}\"},\"query-input\":{\"@type\":\"PropertyValueSpecification\",\"valueRequired\":true,\"valueName\":\"search_term_string\"}}],\"inLanguage\":\"de\"},{\"@type\":\"Organization\",\"@id\":\"https:\/\/www.shami-shop.com\/de\/#organization\",\"name\":\"Shami-Shop\",\"url\":\"https:\/\/www.shami-shop.com\/de\/\",\"logo\":{\"@type\":\"ImageObject\",\"inLanguage\":\"de\",\"@id\":\"https:\/\/www.shami-shop.com\/de\/#\/schema\/logo\/image\/\",\"url\":\"https:\/\/shami-shop.com\/wp-content\/uploads\/2021\/01\/Shami-Shop-Logo-1080.png\",\"contentUrl\":\"https:\/\/shami-shop.com\/wp-content\/uploads\/2021\/01\/Shami-Shop-Logo-1080.png\",\"width\":1080,\"height\":1080,\"caption\":\"Shami-Shop\"},\"image\":{\"@id\":\"https:\/\/www.shami-shop.com\/de\/#\/schema\/logo\/image\/\"},\"sameAs\":[\"https:\/\/www.facebook.com\/weloveshamisen\/\",\"https:\/\/www.instagram.com\/shamishop.europe\/\"]}]}<\/script>\n<!-- \/ Yoast SEO plugin. -->","yoast_head_json":{"title":"Tsugaru Koffer | Schwarz mit Blau - Shami-Shop","description":"Gebrauchter Koffer f\u00fcr Tsugaru-Shamisen. So bleibt Ihre Shamisen sicher, egal wohin es geht.","robots":{"index":"index","follow":"follow","max-snippet":"max-snippet:-1","max-image-preview":"max-image-preview:large","max-video-preview":"max-video-preview:-1"},"canonical":"https:\/\/www.shami-shop.com\/de\/produkt\/tsugaru-koffer-schwarz-mit-blau\/","og_locale":"de_DE","og_type":"article","og_title":"Tsugaru Koffer | Schwarz mit Blau - Shami-Shop","og_description":"Gebrauchter Koffer f\u00fcr Tsugaru-Shamisen. So bleibt Ihre Shamisen sicher, egal wohin es geht.","og_url":"https:\/\/www.shami-shop.com\/de\/produkt\/tsugaru-koffer-schwarz-mit-blau\/","og_site_name":"Shami-Shop","article_publisher":"https:\/\/www.facebook.com\/weloveshamisen\/","article_modified_time":"2024-08-19T05:51:56+00:00","og_image":[{"width":1000,"height":1000,"url":"https:\/\/www.shami-shop.com\/wp-content\/uploads\/2024\/06\/TSU-30-open-thb.png","type":"image\/png"}],"twitter_card":"summary_large_image","twitter_misc":{"Gesch\u00e4tzte Lesezeit":"1\u00a0Minute"},"schema":{"@context":"https:\/\/schema.org","@graph":[{"@type":["WebPage","ItemPage"],"@id":"https:\/\/www.shami-shop.com\/de\/produkt\/tsugaru-koffer-schwarz-mit-blau\/","url":"https:\/\/www.shami-shop.com\/de\/produkt\/tsugaru-koffer-schwarz-mit-blau\/","name":"Tsugaru Koffer | Schwarz mit Blau - Shami-Shop","isPartOf":{"@id":"https:\/\/www.shami-shop.com\/de\/#website"},"datePublished":"2024-01-24T16:41:37+00:00","dateModified":"2024-08-19T05:51:56+00:00","description":"Gebrauchter Koffer f\u00fcr Tsugaru-Shamisen. So bleibt Ihre Shamisen sicher, egal wohin es geht.","breadcrumb":{"@id":"https:\/\/www.shami-shop.com\/de\/produkt\/tsugaru-koffer-schwarz-mit-blau\/#breadcrumb"},"inLanguage":"de","potentialAction":[{"@type":"ReadAction","target":["https:\/\/www.shami-shop.com\/de\/produkt\/tsugaru-koffer-schwarz-mit-blau\/"]}]},{"@type":"BreadcrumbList","@id":"https:\/\/www.shami-shop.com\/de\/produkt\/tsugaru-koffer-schwarz-mit-blau\/#breadcrumb","itemListElement":[{"@type":"ListItem","position":1,"name":"Startseite","item":"https:\/\/www.shami-shop.com\/de\/"},{"@type":"ListItem","position":2,"name":"Shop","item":"https:\/\/www.shami-shop.com\/de\/shop\/"},{"@type":"ListItem","position":3,"name":"Tsugaru Koffer | Schwarz mit Blau"}]},{"@type":"WebSite","@id":"https:\/\/www.shami-shop.com\/de\/#website","url":"https:\/\/www.shami-shop.com\/de\/","name":"Shami-Shop","description":"Alles f\u00fcr den Shamisen-Spieler.","publisher":{"@id":"https:\/\/www.shami-shop.com\/de\/#organization"},"potentialAction":[{"@type":"SearchAction","target":{"@type":"EntryPoint","urlTemplate":"https:\/\/www.shami-shop.com\/de\/?s={search_term_string}"},"query-input":{"@type":"PropertyValueSpecification","valueRequired":true,"valueName":"search_term_string"}}],"inLanguage":"de"},{"@type":"Organization","@id":"https:\/\/www.shami-shop.com\/de\/#organization","name":"Shami-Shop","url":"https:\/\/www.shami-shop.com\/de\/","logo":{"@type":"ImageObject","inLanguage":"de","@id":"https:\/\/www.shami-shop.com\/de\/#\/schema\/logo\/image\/","url":"https:\/\/shami-shop.com\/wp-content\/uploads\/2021\/01\/Shami-Shop-Logo-1080.png","contentUrl":"https:\/\/shami-shop.com\/wp-content\/uploads\/2021\/01\/Shami-Shop-Logo-1080.png","width":1080,"height":1080,"caption":"Shami-Shop"},"image":{"@id":"https:\/\/www.shami-shop.com\/de\/#\/schema\/logo\/image\/"},"sameAs":["https:\/\/www.facebook.com\/weloveshamisen\/","https:\/\/www.instagram.com\/shamishop.europe\/"]}]}},"jetpack_sharing_enabled":true,"_links":{"self":[{"href":"https:\/\/www.shami-shop.com\/de\/wp-json\/wp\/v2\/product\/22180","targetHints":{"allow":["GET"]}}],"collection":[{"href":"https:\/\/www.shami-shop.com\/de\/wp-json\/wp\/v2\/product"}],"about":[{"href":"https:\/\/www.shami-shop.com\/de\/wp-json\/wp\/v2\/types\/product"}],"wp:attachment":[{"href":"https:\/\/www.shami-shop.com\/de\/wp-json\/wp\/v2\/media?parent=22180"}],"wp:term":[{"taxonomy":"product_brand","embeddable":true,"href":"https:\/\/www.shami-shop.com\/de\/wp-json\/wp\/v2\/product_brand?post=22180"},{"taxonomy":"product_cat","embeddable":true,"href":"https:\/\/www.shami-shop.com\/de\/wp-json\/wp\/v2\/product_cat?post=22180"},{"taxonomy":"product_tag","embeddable":true,"href":"https:\/\/www.shami-shop.com\/de\/wp-json\/wp\/v2\/product_tag?post=22180"}],"curies":[{"name":"wp","href":"https:\/\/api.w.org\/{rel}","templated":true}]}}