{"id":22745,"date":"2026-01-26T16:16:07","date_gmt":"2026-01-26T15:16:07","guid":{"rendered":"https:\/\/www.shami-shop.com\/product\/schlanker-koffer-seltenheit\/"},"modified":"2026-01-28T03:50:29","modified_gmt":"2026-01-28T02:50:29","slug":"schlanker-koffer-seltenheit","status":"publish","type":"product","link":"https:\/\/www.shami-shop.com\/de\/produkt\/schlanker-koffer-seltenheit\/","title":{"rendered":"Schlanker Koffer | seltenes Modell"},"content":{"rendered":"<div class=\"page\" title=\"Seite 1\">\n<div class=\"layoutArea\">\n<div class=\"column\">\n<p>Dieser Koffer ist besonders schlank und sieht super schnittig aus. Wer Rot liebt, sollte hier zuschlagen \ud83d\ude42 Der Koffer ist innen und au\u00dfen rot! Ein wirklich cooles Modell \u2013 stabil und zuverl\u00e4ssig, dabei modern und m\u00fchelos stylisch. An der kurzen Seite hat der Koffer Standf\u00fc\u00dfe, sodass man ihn sicher aufrecht hinstellen kann. Im Inneren ist ein sehr ger\u00e4umiges Fach f\u00fcr Noten, Zubeh\u00f6r \u2013 und dazu vielleicht auch noch ein oder zwei Snacks! An den \u00e4u\u00dferen Ecken gibt es dezente schwarze Streifen (siehe Fotos), die sich mit etwas Rubbeln vermutlich entfernen lassen.<\/p>\n<p>Ein Koffer wie dieser ist die perfekte Erg\u00e4nzung f\u00fcr eine Chuuzao oder Hosozao Shamisen. Das Instrument f\u00fcr den Transport nicht auseinanderbauen zu m\u00fcssen macht einen gewaltigen Unterschied, denn die Shamisen ist sofort einsatz- und spielbereit! Das Instrument komplett zusammengebaut zu lassen bedeutet auch, dass die Stimmung stabil bleibt und man viel weniger Zeit aufs Stimmen und Nachstimmen verwenden muss. Die harte Au\u00dfenschale des Koffers sch\u00fctzt Ihr Instrument vor Leuten, Ecken und T\u00fcrrahmen, die Ihnen in den Weg kommen.<\/p>\n<p>Vier Schlie\u00dfen. Schl\u00fcssel vorhanden.<\/p>\n<\/div>\n<\/div>\n<\/div>\n","protected":false},"excerpt":{"rendered":"<div class=\"page\" title=\"Seite 1\">\n<div class=\"layoutArea\">\n<div class=\"column\">\n<p>Super schlanker gebrauchter Koffer f\u00fcr Chuuzao und Hosozao Shamisen. Au\u00dfen Rot, innen roter Samt.<\/p>\n<p><strong>Produktabmessungen (au\u00dfen):<\/strong><\/p>\n<ul>\n<li>L\u00e4nge: 105 cm<\/li>\n<li>Breite: 27,5 cm<\/li>\n<li>H\u00f6he: 12 cm<\/li>\n<\/ul>\n<p><strong>Produktabmessungen (innen):<\/strong><\/p>\n<ul>\n<li>L\u00e4nge: 101 cm<\/li>\n<li>Breite: 24 cm<\/li>\n<\/ul>\n<\/div>\n<\/div>\n<\/div>\n","protected":false},"featured_media":26823,"template":"","meta":{"_et_pb_use_builder":"","_et_pb_old_content":"","_et_gb_content_width":""},"product_brand":[],"product_cat":[138,440,441,62,63],"product_tag":[],"class_list":{"0":"post-22745","1":"product","2":"type-product","3":"status-publish","4":"has-post-thumbnail","6":"product_cat-shamisenkoffer","7":"product_cat-koffer-chuuzao","8":"product_cat-koffer-hosozao","9":"product_cat-instrumentenkasten","10":"product_cat-lange-koffer","11":"product_shipping_class-5kg-de","13":"first","14":"instock","15":"shipping-taxable","16":"purchasable","17":"product-type-simple"},"yoast_head":"<!-- This site is optimized with the Yoast SEO plugin v26.9 - https:\/\/yoast.com\/product\/yoast-seo-wordpress\/ -->\n<title>Schlanker Koffer | seltenes Modell - Shami-Shop<\/title>\n<meta name=\"description\" content=\"Gebrauchter Shamisen-Koffer mit Samt-Innenfutter. Sch\u00fctzt Ihre Shamisen immer und \u00fcberall\" \/>\n<meta name=\"robots\" content=\"index, follow, max-snippet:-1, max-image-preview:large, max-video-preview:-1\" \/>\n<link rel=\"canonical\" href=\"https:\/\/www.shami-shop.com\/de\/produkt\/schlanker-koffer-seltenheit\/\" \/>\n<meta property=\"og:locale\" content=\"de_DE\" \/>\n<meta property=\"og:type\" content=\"article\" \/>\n<meta property=\"og:title\" content=\"Schlanker Koffer | seltenes Modell - Shami-Shop\" \/>\n<meta property=\"og:description\" content=\"Gebrauchter Shamisen-Koffer mit Samt-Innenfutter. Sch\u00fctzt Ihre Shamisen immer und \u00fcberall\" \/>\n<meta property=\"og:url\" content=\"https:\/\/www.shami-shop.com\/de\/produkt\/schlanker-koffer-seltenheit\/\" \/>\n<meta property=\"og:site_name\" content=\"Shami-Shop\" \/>\n<meta property=\"article:publisher\" content=\"https:\/\/www.facebook.com\/weloveshamisen\/\" \/>\n<meta property=\"article:modified_time\" content=\"2026-01-28T02:50:29+00:00\" \/>\n<meta property=\"og:image\" content=\"https:\/\/www.shami-shop.com\/wp-content\/uploads\/2025\/03\/KA-40-B-thb-scaled.jpg\" \/>\n\t<meta property=\"og:image:width\" content=\"2560\" \/>\n\t<meta property=\"og:image:height\" content=\"2430\" \/>\n\t<meta property=\"og:image:type\" content=\"image\/jpeg\" \/>\n<meta name=\"twitter:card\" content=\"summary_large_image\" \/>\n<meta name=\"twitter:label1\" content=\"Gesch\u00e4tzte Lesezeit\" \/>\n\t<meta name=\"twitter:data1\" content=\"1\u00a0Minute\" \/>\n<script type=\"application\/ld+json\" class=\"yoast-schema-graph\">{\"@context\":\"https:\/\/schema.org\",\"@graph\":[{\"@type\":[\"WebPage\",\"ItemPage\"],\"@id\":\"https:\/\/www.shami-shop.com\/de\/produkt\/schlanker-koffer-seltenheit\/\",\"url\":\"https:\/\/www.shami-shop.com\/de\/produkt\/schlanker-koffer-seltenheit\/\",\"name\":\"Schlanker Koffer | seltenes Modell - Shami-Shop\",\"isPartOf\":{\"@id\":\"https:\/\/www.shami-shop.com\/de\/#website\"},\"primaryImageOfPage\":{\"@id\":\"https:\/\/www.shami-shop.com\/de\/produkt\/schlanker-koffer-seltenheit\/#primaryimage\"},\"image\":{\"@id\":\"https:\/\/www.shami-shop.com\/de\/produkt\/schlanker-koffer-seltenheit\/#primaryimage\"},\"thumbnailUrl\":\"https:\/\/www.shami-shop.com\/wp-content\/uploads\/2025\/03\/KA-40-B-thb-scaled.jpg\",\"datePublished\":\"2026-01-26T15:16:07+00:00\",\"dateModified\":\"2026-01-28T02:50:29+00:00\",\"description\":\"Gebrauchter Shamisen-Koffer mit Samt-Innenfutter. Sch\u00fctzt Ihre Shamisen immer und \u00fcberall\",\"breadcrumb\":{\"@id\":\"https:\/\/www.shami-shop.com\/de\/produkt\/schlanker-koffer-seltenheit\/#breadcrumb\"},\"inLanguage\":\"de\",\"potentialAction\":[{\"@type\":\"ReadAction\",\"target\":[\"https:\/\/www.shami-shop.com\/de\/produkt\/schlanker-koffer-seltenheit\/\"]}]},{\"@type\":\"ImageObject\",\"inLanguage\":\"de\",\"@id\":\"https:\/\/www.shami-shop.com\/de\/produkt\/schlanker-koffer-seltenheit\/#primaryimage\",\"url\":\"https:\/\/www.shami-shop.com\/wp-content\/uploads\/2025\/03\/KA-40-B-thb-scaled.jpg\",\"contentUrl\":\"https:\/\/www.shami-shop.com\/wp-content\/uploads\/2025\/03\/KA-40-B-thb-scaled.jpg\",\"width\":2560,\"height\":2430},{\"@type\":\"BreadcrumbList\",\"@id\":\"https:\/\/www.shami-shop.com\/de\/produkt\/schlanker-koffer-seltenheit\/#breadcrumb\",\"itemListElement\":[{\"@type\":\"ListItem\",\"position\":1,\"name\":\"Startseite\",\"item\":\"https:\/\/www.shami-shop.com\/de\/\"},{\"@type\":\"ListItem\",\"position\":2,\"name\":\"Shop\",\"item\":\"https:\/\/www.shami-shop.com\/de\/shop\/\"},{\"@type\":\"ListItem\",\"position\":3,\"name\":\"Schlanker Koffer | seltenes Modell\"}]},{\"@type\":\"WebSite\",\"@id\":\"https:\/\/www.shami-shop.com\/de\/#website\",\"url\":\"https:\/\/www.shami-shop.com\/de\/\",\"name\":\"Shami-Shop\",\"description\":\"Alles f\u00fcr den Shamisen-Spieler.\",\"publisher\":{\"@id\":\"https:\/\/www.shami-shop.com\/de\/#organization\"},\"potentialAction\":[{\"@type\":\"SearchAction\",\"target\":{\"@type\":\"EntryPoint\",\"urlTemplate\":\"https:\/\/www.shami-shop.com\/de\/?s={search_term_string}\"},\"query-input\":{\"@type\":\"PropertyValueSpecification\",\"valueRequired\":true,\"valueName\":\"search_term_string\"}}],\"inLanguage\":\"de\"},{\"@type\":\"Organization\",\"@id\":\"https:\/\/www.shami-shop.com\/de\/#organization\",\"name\":\"Shami-Shop\",\"url\":\"https:\/\/www.shami-shop.com\/de\/\",\"logo\":{\"@type\":\"ImageObject\",\"inLanguage\":\"de\",\"@id\":\"https:\/\/www.shami-shop.com\/de\/#\/schema\/logo\/image\/\",\"url\":\"https:\/\/shami-shop.com\/wp-content\/uploads\/2021\/01\/Shami-Shop-Logo-1080.png\",\"contentUrl\":\"https:\/\/shami-shop.com\/wp-content\/uploads\/2021\/01\/Shami-Shop-Logo-1080.png\",\"width\":1080,\"height\":1080,\"caption\":\"Shami-Shop\"},\"image\":{\"@id\":\"https:\/\/www.shami-shop.com\/de\/#\/schema\/logo\/image\/\"},\"sameAs\":[\"https:\/\/www.facebook.com\/weloveshamisen\/\",\"https:\/\/www.instagram.com\/shamishop.europe\/\"]}]}<\/script>\n<!-- \/ Yoast SEO plugin. -->","yoast_head_json":{"title":"Schlanker Koffer | seltenes Modell - Shami-Shop","description":"Gebrauchter Shamisen-Koffer mit Samt-Innenfutter. Sch\u00fctzt Ihre Shamisen immer und \u00fcberall","robots":{"index":"index","follow":"follow","max-snippet":"max-snippet:-1","max-image-preview":"max-image-preview:large","max-video-preview":"max-video-preview:-1"},"canonical":"https:\/\/www.shami-shop.com\/de\/produkt\/schlanker-koffer-seltenheit\/","og_locale":"de_DE","og_type":"article","og_title":"Schlanker Koffer | seltenes Modell - Shami-Shop","og_description":"Gebrauchter Shamisen-Koffer mit Samt-Innenfutter. Sch\u00fctzt Ihre Shamisen immer und \u00fcberall","og_url":"https:\/\/www.shami-shop.com\/de\/produkt\/schlanker-koffer-seltenheit\/","og_site_name":"Shami-Shop","article_publisher":"https:\/\/www.facebook.com\/weloveshamisen\/","article_modified_time":"2026-01-28T02:50:29+00:00","og_image":[{"width":2560,"height":2430,"url":"https:\/\/www.shami-shop.com\/wp-content\/uploads\/2025\/03\/KA-40-B-thb-scaled.jpg","type":"image\/jpeg"}],"twitter_card":"summary_large_image","twitter_misc":{"Gesch\u00e4tzte Lesezeit":"1\u00a0Minute"},"schema":{"@context":"https:\/\/schema.org","@graph":[{"@type":["WebPage","ItemPage"],"@id":"https:\/\/www.shami-shop.com\/de\/produkt\/schlanker-koffer-seltenheit\/","url":"https:\/\/www.shami-shop.com\/de\/produkt\/schlanker-koffer-seltenheit\/","name":"Schlanker Koffer | seltenes Modell - Shami-Shop","isPartOf":{"@id":"https:\/\/www.shami-shop.com\/de\/#website"},"primaryImageOfPage":{"@id":"https:\/\/www.shami-shop.com\/de\/produkt\/schlanker-koffer-seltenheit\/#primaryimage"},"image":{"@id":"https:\/\/www.shami-shop.com\/de\/produkt\/schlanker-koffer-seltenheit\/#primaryimage"},"thumbnailUrl":"https:\/\/www.shami-shop.com\/wp-content\/uploads\/2025\/03\/KA-40-B-thb-scaled.jpg","datePublished":"2026-01-26T15:16:07+00:00","dateModified":"2026-01-28T02:50:29+00:00","description":"Gebrauchter Shamisen-Koffer mit Samt-Innenfutter. Sch\u00fctzt Ihre Shamisen immer und \u00fcberall","breadcrumb":{"@id":"https:\/\/www.shami-shop.com\/de\/produkt\/schlanker-koffer-seltenheit\/#breadcrumb"},"inLanguage":"de","potentialAction":[{"@type":"ReadAction","target":["https:\/\/www.shami-shop.com\/de\/produkt\/schlanker-koffer-seltenheit\/"]}]},{"@type":"ImageObject","inLanguage":"de","@id":"https:\/\/www.shami-shop.com\/de\/produkt\/schlanker-koffer-seltenheit\/#primaryimage","url":"https:\/\/www.shami-shop.com\/wp-content\/uploads\/2025\/03\/KA-40-B-thb-scaled.jpg","contentUrl":"https:\/\/www.shami-shop.com\/wp-content\/uploads\/2025\/03\/KA-40-B-thb-scaled.jpg","width":2560,"height":2430},{"@type":"BreadcrumbList","@id":"https:\/\/www.shami-shop.com\/de\/produkt\/schlanker-koffer-seltenheit\/#breadcrumb","itemListElement":[{"@type":"ListItem","position":1,"name":"Startseite","item":"https:\/\/www.shami-shop.com\/de\/"},{"@type":"ListItem","position":2,"name":"Shop","item":"https:\/\/www.shami-shop.com\/de\/shop\/"},{"@type":"ListItem","position":3,"name":"Schlanker Koffer | seltenes Modell"}]},{"@type":"WebSite","@id":"https:\/\/www.shami-shop.com\/de\/#website","url":"https:\/\/www.shami-shop.com\/de\/","name":"Shami-Shop","description":"Alles f\u00fcr den Shamisen-Spieler.","publisher":{"@id":"https:\/\/www.shami-shop.com\/de\/#organization"},"potentialAction":[{"@type":"SearchAction","target":{"@type":"EntryPoint","urlTemplate":"https:\/\/www.shami-shop.com\/de\/?s={search_term_string}"},"query-input":{"@type":"PropertyValueSpecification","valueRequired":true,"valueName":"search_term_string"}}],"inLanguage":"de"},{"@type":"Organization","@id":"https:\/\/www.shami-shop.com\/de\/#organization","name":"Shami-Shop","url":"https:\/\/www.shami-shop.com\/de\/","logo":{"@type":"ImageObject","inLanguage":"de","@id":"https:\/\/www.shami-shop.com\/de\/#\/schema\/logo\/image\/","url":"https:\/\/shami-shop.com\/wp-content\/uploads\/2021\/01\/Shami-Shop-Logo-1080.png","contentUrl":"https:\/\/shami-shop.com\/wp-content\/uploads\/2021\/01\/Shami-Shop-Logo-1080.png","width":1080,"height":1080,"caption":"Shami-Shop"},"image":{"@id":"https:\/\/www.shami-shop.com\/de\/#\/schema\/logo\/image\/"},"sameAs":["https:\/\/www.facebook.com\/weloveshamisen\/","https:\/\/www.instagram.com\/shamishop.europe\/"]}]}},"jetpack_sharing_enabled":true,"_links":{"self":[{"href":"https:\/\/www.shami-shop.com\/de\/wp-json\/wp\/v2\/product\/22745","targetHints":{"allow":["GET"]}}],"collection":[{"href":"https:\/\/www.shami-shop.com\/de\/wp-json\/wp\/v2\/product"}],"about":[{"href":"https:\/\/www.shami-shop.com\/de\/wp-json\/wp\/v2\/types\/product"}],"wp:featuredmedia":[{"embeddable":true,"href":"https:\/\/www.shami-shop.com\/de\/wp-json\/wp\/v2\/media\/26823"}],"wp:attachment":[{"href":"https:\/\/www.shami-shop.com\/de\/wp-json\/wp\/v2\/media?parent=22745"}],"wp:term":[{"taxonomy":"product_brand","embeddable":true,"href":"https:\/\/www.shami-shop.com\/de\/wp-json\/wp\/v2\/product_brand?post=22745"},{"taxonomy":"product_cat","embeddable":true,"href":"https:\/\/www.shami-shop.com\/de\/wp-json\/wp\/v2\/product_cat?post=22745"},{"taxonomy":"product_tag","embeddable":true,"href":"https:\/\/www.shami-shop.com\/de\/wp-json\/wp\/v2\/product_tag?post=22745"}],"curies":[{"name":"wp","href":"https:\/\/api.w.org\/{rel}","templated":true}]}}