{"id":23128,"date":"2024-03-01T09:25:50","date_gmt":"2024-03-01T08:31:26","guid":{"rendered":"https:\/\/www.shami-shop.com\/product\/hosozao-shamisen-set-junko-kunsthaeute\/"},"modified":"2024-09-07T14:37:38","modified_gmt":"2024-09-07T13:37:38","slug":"hosozao-shamisen-set-junko-kunsthaeute","status":"publish","type":"product","link":"https:\/\/www.shami-shop.com\/de\/produkt\/hosozao-shamisen-set-junko-kunsthaeute\/","title":{"rendered":"Hosozao Shamisen Set \u201cJunko\u201d"},"content":{"rendered":"<div class=\"et_pb_module et_pb_text et_pb_text_1_tb_body et_pb_text_align_left et_pb_bg_layout_light\">\n<div class=\"et_pb_text_inner\">\n<h2>Details<\/h2>\n<\/div>\n<\/div>\n<div class=\"et_pb_module et_pb_wc_description et_pb_wc_description_1_tb_body et_pb_bg_layout_light et_pb_text_align_left\">\n<div class=\"et_pb_module_inner\">\n<p>Klassisch trifft modern &#8211; sag Hallo zu Junko! Diese Shamisen ist eine so genannte Hosozao Shamisen, also eine Shamisen mit schmalem Hals &#8211; typischerweise gebraucht f\u00fcr Nagauta, Kouta und Hauta Stil.<\/p>\n<p>Diese Shamisen ist ein wunderbares Anf\u00e4nger-Instrument mit synthetischen H\u00e4uten und einem Hals, der sich in drei Teile zerlegen l\u00e4sst &#8211; das macht diese Shamisen besonders praktisch zum Reisen. Eine Anti-Rutschmatte ist bereits angebracht (kann man aber leicht wieder entfernen, wenn man das nicht m\u00f6chte).<\/p>\n<h5><\/h5>\n<h5><strong>Holz:<\/strong><\/h5>\n<p>Der Hals ist aus einem dunkleren Untertyp von Karin-Holz gemacht &#8211; Karin ist heutzutage die etablierte Wahl f\u00fcr Anf\u00e4nger- und Sch\u00fclerinstrumente.<\/p>\n<h5><\/h5>\n<h5>Accessoires und H\u00e4ute:<\/h5>\n<p>Das Instrument ist ausgestattet mit einem sch\u00f6nen gr\u00fcnen Doukake mit einem an Kimono erinnerndes Chrysanthemen-Motiv. Dazu passt der dunkel-violette Saitenhalter aus Seide ganz hervorragend. Im Set enthalten ist au\u00dferdem ein Set neuer Saiten. Der Korpus ist frisch bespannt mit <em>Hibiki<\/em> \u2013 das ist die neueste Generation synthetischer H\u00e4ute mit einem warmen Klang, der n\u00e4her als je zuvor an das Original von Naturh\u00e4uten heranreicht. Hibiki ist besonders robust und widerstandsf\u00e4hig. Im Vergleich zu nat\u00fcrlicher Haut muss man sich bei synthetischer Haut nicht um Klimaschwankungen oder einen pl\u00f6tzlichen Regenschauer sorgen, wenn man einmal drau\u00dfen spielt. Allerdings sei geraten, grunds\u00e4tzlich trotzdem die Shamisen trocken zu halten, um das Holz zu sch\u00fctzen. Dementsprechend ben\u00f6tigt man f\u00fcr dieses Instrument keine <a href=\"https:\/\/www.shami-shop.com\/de\/produkt-kategorie\/aufbewahrung-und-pflege\/washi-huelle\/\">Washi-H\u00fclle<\/a>, um die Haut der Shamisen zu sch\u00fctzen.<\/p>\n<h5><\/h5>\n<h5>Hals:<\/h5>\n<p>Der Hals ist 26,5 mm breit und 27 mm hoch am schmalen Ende und verbreitert sich leicht in Richtung Korpus. Das Griffbrett ist am schmalen Ende 25,5 mm breit. Der Hals endet in einer elegant geschwungenen <em>Hatomune<\/em> \u2013 das ist der \u00dcbergang zwischen Griffbrett und Dou an der Stelle, wo der Hals in den Korpus eintaucht. Dieses Design ist typisch f\u00fcr Hosozao Shamisen, die mit Nagauta Stil verbunden werden. Auf dieser Art von Hals kann man bis zur Position 19 spielen.<\/p>\n<h5><\/h5>\n<h5>Itomaki:<\/h5>\n<p>Die <em>Itomaki<\/em> (Wirbel) sind aus Ebenholz gearbeitet und in einer traditionellen Art geschnitzt, sodass sie sich trotz ihrer schmalen Form leicht greifen lassen.<\/p>\n<h5><\/h5>\n<h5>Weiteres:<\/h5>\n<p>Der Hals ist im <em>Mitsuori<\/em> Stil gerabeitet: Er kann in drei Teile zerlegt werden. Die Verbindungen sind bei diesem Instrument in einfacher Ausfertigung gearbeitet gearbeitet. Reisen ist mit diesem Instrument deshalb auch bei leichtem Gep\u00e4ck besonders einfach und komfortabel.<\/p>\n<p>&nbsp;<\/p>\n<p>Wenn Sie noch Fragen haben, schicken Sie gerne eine Nachricht per E-Mail!<\/p>\n<p>Alles, was man zum losspielen noch ben\u00f6tigt, sind ein <a href=\"https:\/\/www.shami-shop.com\/de\/produkt-kategorie\/koma-de\/\">Koma<\/a>, ein <a href=\"https:\/\/www.shami-shop.com\/de\/produkt-kategorie\/bachi-de\/\">Bachi<\/a> und ein <a href=\"https:\/\/www.shami-shop.com\/de\/produkt-kategorie\/zubehoer\/yubisuri-de\/\">Yubisuri<\/a>. W\u00e4hlen Sie Koma und Bachi je nach dem Stil, den Sie spielen m\u00f6chten und Ihren pers\u00f6nlichen Vorlieben. Yubisuri gibt es in verschiedenen Gr\u00f6\u00dfen und Farben. Der Qual der Wahl wollte ich Sie hier nicht berauben. Hilfreich kann auch ein Positionsmarker (<a href=\"https:\/\/shami-shop.com\/product\/fujaku-strip-shamisen-position-marker\/\">Fujaku Strip<\/a>) sein.<\/p>\n<p>Wenn Sie Hilfe bei der Auwahl der richtigen Komponenten ben\u00f6tigen, schicken Sie gerne eine Nachricht und wir stellen gemeinsam das perfekte Paket f\u00fcr Sie zusammen.<\/p>\n<\/div>\n<\/div>\n","protected":false},"excerpt":{"rendered":"<ul>\n<li>Hosozao Shamisen\n<ul>\n<li>Hals Breite: 26,5 mm<\/li>\n<li>Hals H\u00f6he: 26,25 mm<\/li>\n<li>Griffbrett: 25,5 mm<\/li>\n<\/ul>\n<\/li>\n<li>Karin-Holz<\/li>\n<li>synthetische \u201c<em>Hibiki<\/em>\u201d H\u00e4ute<\/li>\n<\/ul>\n<p>au\u00dferdem im Set enthalten:<\/p>\n<ul>\n<li>Neo<\/li>\n<li>Doukake<\/li>\n<li>Saiten<\/li>\n<li>Dougomu<\/li>\n<\/ul>\n","protected":false},"featured_media":0,"template":"","meta":{"_et_pb_use_builder":"","_et_pb_old_content":"","_et_gb_content_width":""},"product_brand":[],"product_cat":[339,389],"product_tag":[],"class_list":{"0":"post-23128","1":"product","2":"type-product","3":"status-publish","5":"product_cat-shamisen-de","6":"product_cat-hosozao-de","7":"product_shipping_class-5kg-de","9":"first","10":"outofstock","11":"shipping-taxable","12":"purchasable","13":"product-type-simple"},"yoast_head":"<!-- This site is optimized with the Yoast SEO plugin v26.9 - https:\/\/yoast.com\/product\/yoast-seo-wordpress\/ -->\n<title>Hosozao Shamisen Set \u201cJunko\u201d - Shami-Shop<\/title>\n<meta name=\"description\" content=\"Auf der Suche nach einer Shamisen mit Kunsthaut? Hier findest du ein wundersch\u00f6nes Instrument!\" \/>\n<meta name=\"robots\" content=\"index, follow, max-snippet:-1, max-image-preview:large, max-video-preview:-1\" \/>\n<link rel=\"canonical\" href=\"https:\/\/www.shami-shop.com\/de\/produkt\/hosozao-shamisen-set-junko-kunsthaeute\/\" \/>\n<meta property=\"og:locale\" content=\"de_DE\" \/>\n<meta property=\"og:type\" content=\"article\" \/>\n<meta property=\"og:title\" content=\"Hosozao Shamisen Set \u201cJunko\u201d - Shami-Shop\" \/>\n<meta property=\"og:description\" content=\"Auf der Suche nach einer Shamisen mit Kunsthaut? Hier findest du ein wundersch\u00f6nes Instrument!\" \/>\n<meta property=\"og:url\" content=\"https:\/\/www.shami-shop.com\/de\/produkt\/hosozao-shamisen-set-junko-kunsthaeute\/\" \/>\n<meta property=\"og:site_name\" content=\"Shami-Shop\" \/>\n<meta property=\"article:publisher\" content=\"https:\/\/www.facebook.com\/weloveshamisen\/\" \/>\n<meta property=\"article:modified_time\" content=\"2024-09-07T13:37:38+00:00\" \/>\n<meta property=\"og:image\" content=\"https:\/\/www.shami-shop.com\/wp-content\/uploads\/2024\/02\/HO-02-dou45.png\" \/>\n\t<meta property=\"og:image:width\" content=\"1200\" \/>\n\t<meta property=\"og:image:height\" content=\"880\" \/>\n\t<meta property=\"og:image:type\" content=\"image\/png\" \/>\n<meta name=\"twitter:card\" content=\"summary_large_image\" \/>\n<meta name=\"twitter:label1\" content=\"Gesch\u00e4tzte Lesezeit\" \/>\n\t<meta name=\"twitter:data1\" content=\"2\u00a0Minuten\" \/>\n<script type=\"application\/ld+json\" class=\"yoast-schema-graph\">{\"@context\":\"https:\/\/schema.org\",\"@graph\":[{\"@type\":[\"WebPage\",\"ItemPage\"],\"@id\":\"https:\/\/www.shami-shop.com\/de\/produkt\/hosozao-shamisen-set-junko-kunsthaeute\/\",\"url\":\"https:\/\/www.shami-shop.com\/de\/produkt\/hosozao-shamisen-set-junko-kunsthaeute\/\",\"name\":\"Hosozao Shamisen Set \u201cJunko\u201d - Shami-Shop\",\"isPartOf\":{\"@id\":\"https:\/\/www.shami-shop.com\/de\/#website\"},\"datePublished\":\"2024-03-01T08:31:26+00:00\",\"dateModified\":\"2024-09-07T13:37:38+00:00\",\"description\":\"Auf der Suche nach einer Shamisen mit Kunsthaut? Hier findest du ein wundersch\u00f6nes Instrument!\",\"breadcrumb\":{\"@id\":\"https:\/\/www.shami-shop.com\/de\/produkt\/hosozao-shamisen-set-junko-kunsthaeute\/#breadcrumb\"},\"inLanguage\":\"de\",\"potentialAction\":[{\"@type\":\"ReadAction\",\"target\":[\"https:\/\/www.shami-shop.com\/de\/produkt\/hosozao-shamisen-set-junko-kunsthaeute\/\"]}]},{\"@type\":\"BreadcrumbList\",\"@id\":\"https:\/\/www.shami-shop.com\/de\/produkt\/hosozao-shamisen-set-junko-kunsthaeute\/#breadcrumb\",\"itemListElement\":[{\"@type\":\"ListItem\",\"position\":1,\"name\":\"Startseite\",\"item\":\"https:\/\/www.shami-shop.com\/de\/\"},{\"@type\":\"ListItem\",\"position\":2,\"name\":\"Shop\",\"item\":\"https:\/\/www.shami-shop.com\/de\/shop\/\"},{\"@type\":\"ListItem\",\"position\":3,\"name\":\"Hosozao Shamisen Set \u201cJunko\u201d\"}]},{\"@type\":\"WebSite\",\"@id\":\"https:\/\/www.shami-shop.com\/de\/#website\",\"url\":\"https:\/\/www.shami-shop.com\/de\/\",\"name\":\"Shami-Shop\",\"description\":\"Alles f\u00fcr den Shamisen-Spieler.\",\"publisher\":{\"@id\":\"https:\/\/www.shami-shop.com\/de\/#organization\"},\"potentialAction\":[{\"@type\":\"SearchAction\",\"target\":{\"@type\":\"EntryPoint\",\"urlTemplate\":\"https:\/\/www.shami-shop.com\/de\/?s={search_term_string}\"},\"query-input\":{\"@type\":\"PropertyValueSpecification\",\"valueRequired\":true,\"valueName\":\"search_term_string\"}}],\"inLanguage\":\"de\"},{\"@type\":\"Organization\",\"@id\":\"https:\/\/www.shami-shop.com\/de\/#organization\",\"name\":\"Shami-Shop\",\"url\":\"https:\/\/www.shami-shop.com\/de\/\",\"logo\":{\"@type\":\"ImageObject\",\"inLanguage\":\"de\",\"@id\":\"https:\/\/www.shami-shop.com\/de\/#\/schema\/logo\/image\/\",\"url\":\"https:\/\/shami-shop.com\/wp-content\/uploads\/2021\/01\/Shami-Shop-Logo-1080.png\",\"contentUrl\":\"https:\/\/shami-shop.com\/wp-content\/uploads\/2021\/01\/Shami-Shop-Logo-1080.png\",\"width\":1080,\"height\":1080,\"caption\":\"Shami-Shop\"},\"image\":{\"@id\":\"https:\/\/www.shami-shop.com\/de\/#\/schema\/logo\/image\/\"},\"sameAs\":[\"https:\/\/www.facebook.com\/weloveshamisen\/\",\"https:\/\/www.instagram.com\/shamishop.europe\/\"]}]}<\/script>\n<!-- \/ Yoast SEO plugin. -->","yoast_head_json":{"title":"Hosozao Shamisen Set \u201cJunko\u201d - Shami-Shop","description":"Auf der Suche nach einer Shamisen mit Kunsthaut? Hier findest du ein wundersch\u00f6nes Instrument!","robots":{"index":"index","follow":"follow","max-snippet":"max-snippet:-1","max-image-preview":"max-image-preview:large","max-video-preview":"max-video-preview:-1"},"canonical":"https:\/\/www.shami-shop.com\/de\/produkt\/hosozao-shamisen-set-junko-kunsthaeute\/","og_locale":"de_DE","og_type":"article","og_title":"Hosozao Shamisen Set \u201cJunko\u201d - Shami-Shop","og_description":"Auf der Suche nach einer Shamisen mit Kunsthaut? Hier findest du ein wundersch\u00f6nes Instrument!","og_url":"https:\/\/www.shami-shop.com\/de\/produkt\/hosozao-shamisen-set-junko-kunsthaeute\/","og_site_name":"Shami-Shop","article_publisher":"https:\/\/www.facebook.com\/weloveshamisen\/","article_modified_time":"2024-09-07T13:37:38+00:00","og_image":[{"width":1200,"height":880,"url":"https:\/\/www.shami-shop.com\/wp-content\/uploads\/2024\/02\/HO-02-dou45.png","type":"image\/png"}],"twitter_card":"summary_large_image","twitter_misc":{"Gesch\u00e4tzte Lesezeit":"2\u00a0Minuten"},"schema":{"@context":"https:\/\/schema.org","@graph":[{"@type":["WebPage","ItemPage"],"@id":"https:\/\/www.shami-shop.com\/de\/produkt\/hosozao-shamisen-set-junko-kunsthaeute\/","url":"https:\/\/www.shami-shop.com\/de\/produkt\/hosozao-shamisen-set-junko-kunsthaeute\/","name":"Hosozao Shamisen Set \u201cJunko\u201d - Shami-Shop","isPartOf":{"@id":"https:\/\/www.shami-shop.com\/de\/#website"},"datePublished":"2024-03-01T08:31:26+00:00","dateModified":"2024-09-07T13:37:38+00:00","description":"Auf der Suche nach einer Shamisen mit Kunsthaut? Hier findest du ein wundersch\u00f6nes Instrument!","breadcrumb":{"@id":"https:\/\/www.shami-shop.com\/de\/produkt\/hosozao-shamisen-set-junko-kunsthaeute\/#breadcrumb"},"inLanguage":"de","potentialAction":[{"@type":"ReadAction","target":["https:\/\/www.shami-shop.com\/de\/produkt\/hosozao-shamisen-set-junko-kunsthaeute\/"]}]},{"@type":"BreadcrumbList","@id":"https:\/\/www.shami-shop.com\/de\/produkt\/hosozao-shamisen-set-junko-kunsthaeute\/#breadcrumb","itemListElement":[{"@type":"ListItem","position":1,"name":"Startseite","item":"https:\/\/www.shami-shop.com\/de\/"},{"@type":"ListItem","position":2,"name":"Shop","item":"https:\/\/www.shami-shop.com\/de\/shop\/"},{"@type":"ListItem","position":3,"name":"Hosozao Shamisen Set \u201cJunko\u201d"}]},{"@type":"WebSite","@id":"https:\/\/www.shami-shop.com\/de\/#website","url":"https:\/\/www.shami-shop.com\/de\/","name":"Shami-Shop","description":"Alles f\u00fcr den Shamisen-Spieler.","publisher":{"@id":"https:\/\/www.shami-shop.com\/de\/#organization"},"potentialAction":[{"@type":"SearchAction","target":{"@type":"EntryPoint","urlTemplate":"https:\/\/www.shami-shop.com\/de\/?s={search_term_string}"},"query-input":{"@type":"PropertyValueSpecification","valueRequired":true,"valueName":"search_term_string"}}],"inLanguage":"de"},{"@type":"Organization","@id":"https:\/\/www.shami-shop.com\/de\/#organization","name":"Shami-Shop","url":"https:\/\/www.shami-shop.com\/de\/","logo":{"@type":"ImageObject","inLanguage":"de","@id":"https:\/\/www.shami-shop.com\/de\/#\/schema\/logo\/image\/","url":"https:\/\/shami-shop.com\/wp-content\/uploads\/2021\/01\/Shami-Shop-Logo-1080.png","contentUrl":"https:\/\/shami-shop.com\/wp-content\/uploads\/2021\/01\/Shami-Shop-Logo-1080.png","width":1080,"height":1080,"caption":"Shami-Shop"},"image":{"@id":"https:\/\/www.shami-shop.com\/de\/#\/schema\/logo\/image\/"},"sameAs":["https:\/\/www.facebook.com\/weloveshamisen\/","https:\/\/www.instagram.com\/shamishop.europe\/"]}]}},"jetpack_sharing_enabled":true,"_links":{"self":[{"href":"https:\/\/www.shami-shop.com\/de\/wp-json\/wp\/v2\/product\/23128","targetHints":{"allow":["GET"]}}],"collection":[{"href":"https:\/\/www.shami-shop.com\/de\/wp-json\/wp\/v2\/product"}],"about":[{"href":"https:\/\/www.shami-shop.com\/de\/wp-json\/wp\/v2\/types\/product"}],"wp:attachment":[{"href":"https:\/\/www.shami-shop.com\/de\/wp-json\/wp\/v2\/media?parent=23128"}],"wp:term":[{"taxonomy":"product_brand","embeddable":true,"href":"https:\/\/www.shami-shop.com\/de\/wp-json\/wp\/v2\/product_brand?post=23128"},{"taxonomy":"product_cat","embeddable":true,"href":"https:\/\/www.shami-shop.com\/de\/wp-json\/wp\/v2\/product_cat?post=23128"},{"taxonomy":"product_tag","embeddable":true,"href":"https:\/\/www.shami-shop.com\/de\/wp-json\/wp\/v2\/product_tag?post=23128"}],"curies":[{"name":"wp","href":"https:\/\/api.w.org\/{rel}","templated":true}]}}